{"id":13654,"date":"2025-11-04T10:44:03","date_gmt":"2025-11-04T10:44:03","guid":{"rendered":"https:\/\/vacuz.com\/?post_type=product&#038;p=13654"},"modified":"2025-11-18T10:40:38","modified_gmt":"2025-11-18T10:40:38","slug":"va-2012-magnetic-field-distribution-measurement-device-rotor-scanner-rotor-magnets-test-machineautomatic-version","status":"publish","type":"product","link":"https:\/\/vacuz.com\/de\/product\/va-2012-magnetic-field-distribution-measurement-device-rotor-scanner-rotor-magnets-test-machineautomatic-version\/","title":{"rendered":"VA-2012 Magnetfeldverteilungsmessger\u00e4t \/ Rotorscanner \/ Rotormagnete Pr\u00fcfmaschine (automatische Version)"},"content":{"rendered":"<h2>VA-2012 Magnetfeldverteilungsmessger\u00e4t \/ Rotorscanner \/ Rotormagnete Pr\u00fcfmaschine (automatische Version)<\/h2>\n<div>\n<h3><strong>Merkmale der Maschine<\/strong><\/h3>\n<p><strong>VA-2012 Magnetic Field Distribution Measurement Device \/ Rotor Scanner \/ Rotor Magnets Test Machine(Automatic Version) test reports can be provided for XY coordinates, P-pole coordinates, 3D magnetic field distribution, and harmonic analysis based on relative fundamental frequencies, delivering precise magnetic field distribution data for motor design. High concentricity design and the probe&#8217;s high-precision return mechanism ensure the equipment&#8217;s quality, with overall performance reaching internationally advanced levels.<\/strong><\/p>\n<p>\u25cf Powerful data analysis with intuitive 3D magnetic field distribution waveforms<br \/>\n\u25cf Fully automatic XYZ displacement control via handheld probe<br \/>\n\u25cf Fine adjustment possible in XYZ directions via micro-adjustment knobs<br \/>\n\u25cf Capable of accurate detection starting near the magnetic pole zero point<br \/>\n\u25cf Microcontroller-based internal control with freely configurable measurement ranges<br \/>\n\u25cf Imported three-jaw chuck ensures rotational concentricity better than 0.05mm<br \/>\n\u25cf Stepper motor-driven table rotation with smooth operation and vibration less than 0.03mm<br \/>\n\u25cf Features automatic magnetic pole zero return and fundamental wave comparison functions<\/p>\n<h3><strong>Wichtigste technische Parameter<\/strong><\/h3>\n<table style=\"border-collapse: collapse; width: 1145px; height: 156px;\" border=\"0\" width=\"1259\" cellspacing=\"0\" cellpadding=\"0\">\n<tbody>\n<tr style=\"height: 64.00pt;\">\n<td class=\"et2\" style=\"height: 64.00pt; width: 91.70pt;\" width=\"152\" height=\"106\"><strong>Parameter<\/strong><\/td>\n<td class=\"et2\" style=\"width: 127.80pt;\" width=\"213\"><strong>Test Speed<\/strong><\/td>\n<td class=\"et2\" style=\"width: 127.80pt;\" width=\"213\"><strong>Rotational Concentricity<\/strong><\/td>\n<td class=\"et2\" style=\"width: 127.80pt;\" width=\"213\"><strong>Probe Movement Accuracy<\/strong><\/td>\n<td class=\"et2\" style=\"width: 127.80pt;\" width=\"213\"><strong>Maximum Test Points<\/strong><\/td>\n<td class=\"et2\" style=\"width: 152.55pt;\" width=\"254\"><strong>Gauss Meter Range<\/strong><\/td>\n<\/tr>\n<tr style=\"height: 48.00pt;\">\n<td class=\"et3\" style=\"height: 48.00pt; width: 91.70pt;\" width=\"152\" height=\"80\"><strong>Value<\/strong><\/td>\n<td class=\"et3\" style=\"width: 127.80pt;\" width=\"213\"><strong>30S~60S<\/strong><\/td>\n<td class=\"et3\" style=\"width: 127.80pt;\" width=\"213\"><strong>0.05mm<\/strong><\/td>\n<td class=\"et3\" style=\"width: 127.80pt;\" width=\"213\"><strong>0,01 mm<\/strong><\/td>\n<td class=\"et3\" style=\"width: 127.80pt;\" width=\"213\"><strong>36000 points<\/strong><\/td>\n<td class=\"et3\" style=\"width: 152.55pt;\" width=\"254\"><strong>Seven auto-ranging ranges<\/strong><\/td>\n<\/tr>\n<\/tbody>\n<\/table>\n<p><strong>3D Control:<\/strong><\/p>\n<p>\u25cf XYZ movement can be manually adjusted.<\/p>\n<p>\u25cf XY directions are adjusted using moving block scale indicators, with an adjustment precision of 0.1mm.<\/p>\n<p>\u25cf Large X-direction movements use universal wheel adjustment, without precision indication, for user adjustment of the center normal position.<\/p>\n<p>\u25cf Z-axis uses electronically displayed lead screw adjustment, with a movement resolution of 0.01mm and a return accuracy of \u00b10.02mm.<\/p>\n<p><strong>Rotary Platform:<\/strong><\/p>\n<p>\u25cf Three-jaw chuck rotational concentricity: 0.01mm; Overall concentricity better than: 0.05mm.<\/p>\n<p>\u25cf Optical electric translation stage, Model: 01RS004 Optical Electric Rotation Stage, Reduction Ratio 1:180.<\/p>\n<p>\u25cf Imported three-jaw chuck, Model: SE-03.<\/p>\n<p>\u25cf Maximum test points for precision measurement: 36000 steps\/revolution; Test time adjustable from 30 to 60 seconds.<\/p>\n<p><strong>Measurement Probe:<\/strong><\/p>\n<p>\u25cf Auto-ranging, seven ranges: 0.2k \/ 0.4k \/ 1k \/ 2k \/ 4k \/ 10k \/ 20k Gs.<\/p>\n<p>\u25cf Resolution: 0.2% of each range; Below 400Gs, 0.1Gs is effective.<\/p>\n<p>\u25cf Accuracy: 1.0% of each range.<\/p>\n<p>\u25cf Includes one standard magnetic field source: 1000Gs \u00b15Gs, calibration accuracy: 0.5%, used for magnetic field calibration.<\/p>\n<p><strong>Measurement Instructions:<\/strong><\/p>\n<p>\u25cf Standard transverse probe: Thickness 0.65mm, Width: 3.5mm, Front end extension length: 60mm.<\/p>\n<p>\u25cf Inner ring measurement range: \u03a610mm ~ \u03a676mm; Large samples require a measuring fixture.<\/p>\n<p>\u25cf Outer ring measurement range: \u03a66mm ~ \u03a682mm; Large samples require a measuring fixture.<\/p>\n<p>\u25cf Probe three-direction travel distance: X-axis: 200mm, Y-axis: 200mm, Z-axis: 100mm.<\/p>\n<figure id=\"attachment_13659\" aria-describedby=\"caption-attachment-13659\" style=\"width: 1080px\" class=\"wp-caption alignnone\"><img loading=\"lazy\" decoding=\"async\" class=\"wp-image-13659 size-full\" src=\"https:\/\/vacuz.com\/wp-content\/uploads\/2025\/11\/VA-2012-Magnetic-Field-Distribution-Measurement-Device-Rotor-Scanner-Rotor-Magnets-Test-MachineAutomatic-Version-2.webp\" alt=\"VA-2012 Magnetfeldverteilungsmessger\u00e4t Rotorscanner Rotormagnete Testmaschine (automatische Version)\" width=\"1080\" height=\"1080\" title=\"VA-2012 Magnetfeldverteilungsmessger\u00e4t \/ Rotorscanner \/ Rotormagnete Pr\u00fcfmaschine (automatische Version)\" srcset=\"https:\/\/vacuz.com\/wp-content\/uploads\/2025\/11\/VA-2012-Magnetic-Field-Distribution-Measurement-Device-Rotor-Scanner-Rotor-Magnets-Test-MachineAutomatic-Version-2.webp 1080w, https:\/\/vacuz.com\/wp-content\/uploads\/2025\/11\/VA-2012-Magnetic-Field-Distribution-Measurement-Device-Rotor-Scanner-Rotor-Magnets-Test-MachineAutomatic-Version-2-300x300.webp 300w, https:\/\/vacuz.com\/wp-content\/uploads\/2025\/11\/VA-2012-Magnetic-Field-Distribution-Measurement-Device-Rotor-Scanner-Rotor-Magnets-Test-MachineAutomatic-Version-2-1024x1024.webp 1024w, https:\/\/vacuz.com\/wp-content\/uploads\/2025\/11\/VA-2012-Magnetic-Field-Distribution-Measurement-Device-Rotor-Scanner-Rotor-Magnets-Test-MachineAutomatic-Version-2-150x150.webp 150w, https:\/\/vacuz.com\/wp-content\/uploads\/2025\/11\/VA-2012-Magnetic-Field-Distribution-Measurement-Device-Rotor-Scanner-Rotor-Magnets-Test-MachineAutomatic-Version-2-768x768.webp 768w, https:\/\/vacuz.com\/wp-content\/uploads\/2025\/11\/VA-2012-Magnetic-Field-Distribution-Measurement-Device-Rotor-Scanner-Rotor-Magnets-Test-MachineAutomatic-Version-2-12x12.webp 12w, https:\/\/vacuz.com\/wp-content\/uploads\/2025\/11\/VA-2012-Magnetic-Field-Distribution-Measurement-Device-Rotor-Scanner-Rotor-Magnets-Test-MachineAutomatic-Version-2-500x500.webp 500w, https:\/\/vacuz.com\/wp-content\/uploads\/2025\/11\/VA-2012-Magnetic-Field-Distribution-Measurement-Device-Rotor-Scanner-Rotor-Magnets-Test-MachineAutomatic-Version-2-700x700.webp 700w, https:\/\/vacuz.com\/wp-content\/uploads\/2025\/11\/VA-2012-Magnetic-Field-Distribution-Measurement-Device-Rotor-Scanner-Rotor-Magnets-Test-MachineAutomatic-Version-2-100x100.webp 100w\" sizes=\"auto, (max-width: 1080px) 100vw, 1080px\" \/><figcaption id=\"caption-attachment-13659\" class=\"wp-caption-text\">VA-2012 Magnetfeldverteilungsmessger\u00e4t Rotorscanner Rotormagnete Testmaschine (automatische Version)<\/figcaption><\/figure>\n<p><strong>Software Interface<\/strong><\/p>\n<p>Cartesian Coordinate Analysis Chart<\/p>\n<figure id=\"attachment_13655\" aria-describedby=\"caption-attachment-13655\" style=\"width: 800px\" class=\"wp-caption alignnone\"><img loading=\"lazy\" decoding=\"async\" class=\"wp-image-13655 size-full\" src=\"https:\/\/vacuz.com\/wp-content\/uploads\/2025\/11\/Cartesian-Coordinate-Analysis-Chart.webp\" alt=\"Cartesian Coordinate Analysis Chart\" width=\"800\" height=\"434\" title=\"VA-2012 Magnetfeldverteilungsmessger\u00e4t \/ Rotorscanner \/ Rotormagnete Pr\u00fcfmaschine (automatische Version)\" srcset=\"https:\/\/vacuz.com\/wp-content\/uploads\/2025\/11\/Cartesian-Coordinate-Analysis-Chart.webp 800w, https:\/\/vacuz.com\/wp-content\/uploads\/2025\/11\/Cartesian-Coordinate-Analysis-Chart-300x163.webp 300w, https:\/\/vacuz.com\/wp-content\/uploads\/2025\/11\/Cartesian-Coordinate-Analysis-Chart-768x417.webp 768w, https:\/\/vacuz.com\/wp-content\/uploads\/2025\/11\/Cartesian-Coordinate-Analysis-Chart-18x10.webp 18w, https:\/\/vacuz.com\/wp-content\/uploads\/2025\/11\/Cartesian-Coordinate-Analysis-Chart-500x271.webp 500w, https:\/\/vacuz.com\/wp-content\/uploads\/2025\/11\/Cartesian-Coordinate-Analysis-Chart-700x380.webp 700w\" sizes=\"auto, (max-width: 800px) 100vw, 800px\" \/><figcaption id=\"caption-attachment-13655\" class=\"wp-caption-text\">Polar Coordinate Analysis Diagram<\/figcaption><\/figure>\n<figure id=\"attachment_13656\" aria-describedby=\"caption-attachment-13656\" style=\"width: 800px\" class=\"wp-caption alignnone\"><img loading=\"lazy\" decoding=\"async\" class=\"wp-image-13656 size-full\" src=\"https:\/\/vacuz.com\/wp-content\/uploads\/2025\/11\/Polar-Coordinate-Analysis-Diagram.webp\" alt=\"Polar Coordinate Analysis Diagram\" width=\"800\" height=\"434\" title=\"VA-2012 Magnetfeldverteilungsmessger\u00e4t \/ Rotorscanner \/ Rotormagnete Pr\u00fcfmaschine (automatische Version)\" srcset=\"https:\/\/vacuz.com\/wp-content\/uploads\/2025\/11\/Polar-Coordinate-Analysis-Diagram.webp 800w, https:\/\/vacuz.com\/wp-content\/uploads\/2025\/11\/Polar-Coordinate-Analysis-Diagram-300x163.webp 300w, https:\/\/vacuz.com\/wp-content\/uploads\/2025\/11\/Polar-Coordinate-Analysis-Diagram-768x417.webp 768w, https:\/\/vacuz.com\/wp-content\/uploads\/2025\/11\/Polar-Coordinate-Analysis-Diagram-18x10.webp 18w, https:\/\/vacuz.com\/wp-content\/uploads\/2025\/11\/Polar-Coordinate-Analysis-Diagram-500x271.webp 500w, https:\/\/vacuz.com\/wp-content\/uploads\/2025\/11\/Polar-Coordinate-Analysis-Diagram-700x380.webp 700w\" sizes=\"auto, (max-width: 800px) 100vw, 800px\" \/><figcaption id=\"caption-attachment-13656\" class=\"wp-caption-text\">Three-Dimensional Magnetic Field Distribution Map<\/figcaption><\/figure>\n<p><img loading=\"lazy\" decoding=\"async\" class=\"wp-image-13657 size-full\" src=\"https:\/\/vacuz.com\/wp-content\/uploads\/2025\/11\/Three-Dimensional-Magnetic-Field-Distribution-Map.webp\" alt=\"Three-Dimensional Magnetic Field Distribution Map\" width=\"800\" height=\"434\" title=\"VA-2012 Magnetfeldverteilungsmessger\u00e4t \/ Rotorscanner \/ Rotormagnete Pr\u00fcfmaschine (automatische Version)\" srcset=\"https:\/\/vacuz.com\/wp-content\/uploads\/2025\/11\/Three-Dimensional-Magnetic-Field-Distribution-Map.webp 800w, https:\/\/vacuz.com\/wp-content\/uploads\/2025\/11\/Three-Dimensional-Magnetic-Field-Distribution-Map-300x163.webp 300w, https:\/\/vacuz.com\/wp-content\/uploads\/2025\/11\/Three-Dimensional-Magnetic-Field-Distribution-Map-768x417.webp 768w, https:\/\/vacuz.com\/wp-content\/uploads\/2025\/11\/Three-Dimensional-Magnetic-Field-Distribution-Map-18x10.webp 18w, https:\/\/vacuz.com\/wp-content\/uploads\/2025\/11\/Three-Dimensional-Magnetic-Field-Distribution-Map-500x271.webp 500w, https:\/\/vacuz.com\/wp-content\/uploads\/2025\/11\/Three-Dimensional-Magnetic-Field-Distribution-Map-700x380.webp 700w\" sizes=\"auto, (max-width: 800px) 100vw, 800px\" \/><span style=\"font-size: 23.04px;\">Informationen zum Unternehmen<\/span><\/p>\n<\/div>\n<div>\n<p><strong>Vacuz Machine Factory wurde im Mai 2007 gegr\u00fcndet und befindet sich in Dongguan City in der Provinz Guangdong. Sie ist ein professioneller Hersteller, der sich mit der Forschung, der Entwicklung, der Produktion, dem Verkauf und dem Service von automatischen Wickelmaschinen, Spulenwickelmaschinen, Transformatorwickelmaschinen, Motorwickelmaschinen, drahtlosen Spulenwickelmaschinen, SQ Gleichtaktdrosselspulenwickelmaschinen und anderen nicht standardisierten Wickelmaschinen besch\u00e4ftigt. Unsere Produkte finden in allen St\u00e4dten und Provinzen Chinas guten Absatz und werden auch an Kunden in L\u00e4ndern und Regionen wie dem Nahen Osten, Europa, Afrika, Asien und Nordamerika exportiert. Ob Sie ein aktuelles Produkt aus unserem Katalog ausw\u00e4hlen oder technische Unterst\u00fctzung f\u00fcr Ihre Anwendung suchen, Sie k\u00f6nnen mit unserem Kundendienstzentrum \u00fcber Ihre Beschaffungsanforderungen sprechen. Qualit\u00e4t ist unsere Kultur! Wir hoffen auf Ihre baldige Zusammenarbeit!<\/strong><\/p>\n<p><img loading=\"lazy\" decoding=\"async\" class=\"alignnone size-full wp-image-4136\" src=\"https:\/\/vacuz.com\/wp-content\/uploads\/2022\/01\/Company-info-1.jpg\" alt=\"Unternehmensinfo 1\" width=\"1200\" height=\"800\" title=\"VA-2012 Magnetfeldverteilungsmessger\u00e4t \/ Rotorscanner \/ Rotormagnete Pr\u00fcfmaschine (automatische Version)\" srcset=\"https:\/\/vacuz.com\/wp-content\/uploads\/2022\/01\/Company-info-1.jpg 1200w, https:\/\/vacuz.com\/wp-content\/uploads\/2022\/01\/Company-info-1-500x333.jpg 500w, https:\/\/vacuz.com\/wp-content\/uploads\/2022\/01\/Company-info-1-700x467.jpg 700w, https:\/\/vacuz.com\/wp-content\/uploads\/2022\/01\/Company-info-1-300x200.jpg 300w, https:\/\/vacuz.com\/wp-content\/uploads\/2022\/01\/Company-info-1-1024x683.jpg 1024w, https:\/\/vacuz.com\/wp-content\/uploads\/2022\/01\/Company-info-1-768x512.jpg 768w, https:\/\/vacuz.com\/wp-content\/uploads\/2022\/01\/Company-info-1-18x12.jpg 18w, https:\/\/vacuz.com\/wp-content\/uploads\/2022\/01\/Company-info-1-200x133.jpg 200w, https:\/\/vacuz.com\/wp-content\/uploads\/2022\/01\/Company-info-1-400x267.jpg 400w, https:\/\/vacuz.com\/wp-content\/uploads\/2022\/01\/Company-info-1-600x400.jpg 600w, https:\/\/vacuz.com\/wp-content\/uploads\/2022\/01\/Company-info-1-800x533.jpg 800w\" sizes=\"auto, (max-width: 1200px) 100vw, 1200px\" \/><\/p>\n<p><img loading=\"lazy\" decoding=\"async\" class=\"size-full wp-image-4126\" src=\"https:\/\/vacuz.com\/wp-content\/uploads\/2022\/01\/Company-info.jpg\" alt=\"Vacuz Firmeninfo\" width=\"1754\" height=\"1241\" title=\"VA-2012 Magnetfeldverteilungsmessger\u00e4t \/ Rotorscanner \/ Rotormagnete Pr\u00fcfmaschine (automatische Version)\" srcset=\"https:\/\/vacuz.com\/wp-content\/uploads\/2022\/01\/Company-info.jpg 1754w, https:\/\/vacuz.com\/wp-content\/uploads\/2022\/01\/Company-info-500x354.jpg 500w, https:\/\/vacuz.com\/wp-content\/uploads\/2022\/01\/Company-info-700x495.jpg 700w, https:\/\/vacuz.com\/wp-content\/uploads\/2022\/01\/Company-info-300x212.jpg 300w, https:\/\/vacuz.com\/wp-content\/uploads\/2022\/01\/Company-info-1024x725.jpg 1024w, https:\/\/vacuz.com\/wp-content\/uploads\/2022\/01\/Company-info-768x543.jpg 768w, https:\/\/vacuz.com\/wp-content\/uploads\/2022\/01\/Company-info-1536x1087.jpg 1536w, https:\/\/vacuz.com\/wp-content\/uploads\/2022\/01\/Company-info-18x12.jpg 18w, https:\/\/vacuz.com\/wp-content\/uploads\/2022\/01\/Company-info-200x142.jpg 200w, https:\/\/vacuz.com\/wp-content\/uploads\/2022\/01\/Company-info-400x283.jpg 400w, https:\/\/vacuz.com\/wp-content\/uploads\/2022\/01\/Company-info-600x425.jpg 600w, https:\/\/vacuz.com\/wp-content\/uploads\/2022\/01\/Company-info-800x566.jpg 800w, https:\/\/vacuz.com\/wp-content\/uploads\/2022\/01\/Company-info-1200x849.jpg 1200w\" sizes=\"auto, (max-width: 1754px) 100vw, 1754px\" \/><\/p>\n<p><img loading=\"lazy\" decoding=\"async\" class=\"size-full wp-image-4132\" src=\"https:\/\/vacuz.com\/wp-content\/uploads\/2022\/01\/\u5408\u4f5c\u4f19\u4f34.jpg\" alt=\"Partner\" width=\"1200\" height=\"555\" title=\"VA-2012 Magnetfeldverteilungsmessger\u00e4t \/ Rotorscanner \/ Rotormagnete Pr\u00fcfmaschine (automatische Version)\" srcset=\"https:\/\/vacuz.com\/wp-content\/uploads\/2022\/01\/\u5408\u4f5c\u4f19\u4f34.jpg 1200w, https:\/\/vacuz.com\/wp-content\/uploads\/2022\/01\/\u5408\u4f5c\u4f19\u4f34-500x231.jpg 500w, https:\/\/vacuz.com\/wp-content\/uploads\/2022\/01\/\u5408\u4f5c\u4f19\u4f34-700x324.jpg 700w, https:\/\/vacuz.com\/wp-content\/uploads\/2022\/01\/\u5408\u4f5c\u4f19\u4f34-300x139.jpg 300w, https:\/\/vacuz.com\/wp-content\/uploads\/2022\/01\/\u5408\u4f5c\u4f19\u4f34-1024x474.jpg 1024w, https:\/\/vacuz.com\/wp-content\/uploads\/2022\/01\/\u5408\u4f5c\u4f19\u4f34-768x355.jpg 768w, https:\/\/vacuz.com\/wp-content\/uploads\/2022\/01\/\u5408\u4f5c\u4f19\u4f34-18x8.jpg 18w, https:\/\/vacuz.com\/wp-content\/uploads\/2022\/01\/\u5408\u4f5c\u4f19\u4f34-200x93.jpg 200w, https:\/\/vacuz.com\/wp-content\/uploads\/2022\/01\/\u5408\u4f5c\u4f19\u4f34-400x185.jpg 400w, https:\/\/vacuz.com\/wp-content\/uploads\/2022\/01\/\u5408\u4f5c\u4f19\u4f34-600x278.jpg 600w, https:\/\/vacuz.com\/wp-content\/uploads\/2022\/01\/\u5408\u4f5c\u4f19\u4f34-800x370.jpg 800w\" sizes=\"auto, (max-width: 1200px) 100vw, 1200px\" \/><\/p>\n<p><img loading=\"lazy\" decoding=\"async\" class=\"size-full wp-image-4127\" src=\"https:\/\/vacuz.com\/wp-content\/uploads\/2022\/01\/Jeltecn\u8ba4\u8bc1.jpg\" alt=\"Vacuz-Zertifikat\" width=\"1200\" height=\"549\" title=\"VA-2012 Magnetfeldverteilungsmessger\u00e4t \/ Rotorscanner \/ Rotormagnete Pr\u00fcfmaschine (automatische Version)\" srcset=\"https:\/\/vacuz.com\/wp-content\/uploads\/2022\/01\/Jeltecn\u8ba4\u8bc1.jpg 1200w, https:\/\/vacuz.com\/wp-content\/uploads\/2022\/01\/Jeltecn\u8ba4\u8bc1-500x229.jpg 500w, https:\/\/vacuz.com\/wp-content\/uploads\/2022\/01\/Jeltecn\u8ba4\u8bc1-700x320.jpg 700w, https:\/\/vacuz.com\/wp-content\/uploads\/2022\/01\/Jeltecn\u8ba4\u8bc1-300x137.jpg 300w, https:\/\/vacuz.com\/wp-content\/uploads\/2022\/01\/Jeltecn\u8ba4\u8bc1-1024x468.jpg 1024w, https:\/\/vacuz.com\/wp-content\/uploads\/2022\/01\/Jeltecn\u8ba4\u8bc1-768x351.jpg 768w, https:\/\/vacuz.com\/wp-content\/uploads\/2022\/01\/Jeltecn\u8ba4\u8bc1-18x8.jpg 18w, https:\/\/vacuz.com\/wp-content\/uploads\/2022\/01\/Jeltecn\u8ba4\u8bc1-200x92.jpg 200w, https:\/\/vacuz.com\/wp-content\/uploads\/2022\/01\/Jeltecn\u8ba4\u8bc1-400x183.jpg 400w, https:\/\/vacuz.com\/wp-content\/uploads\/2022\/01\/Jeltecn\u8ba4\u8bc1-600x275.jpg 600w, https:\/\/vacuz.com\/wp-content\/uploads\/2022\/01\/Jeltecn\u8ba4\u8bc1-800x366.jpg 800w\" sizes=\"auto, (max-width: 1200px) 100vw, 1200px\" \/><\/p>\n<h3>Verpackung &amp; Versand<\/h3>\n<p><strong>1. hafen: Shanghai\/Shenzhen oder Ihre Wahl<\/strong><\/p>\n<p><strong>Verpackung und Transport<\/strong><br \/>\n<strong>Allgemeine Verpackung (Papierkarton oder Plastikt\u00fcte): F\u00fcr kleine Waren, verpacken Sie es mit Form und Packpapier, um unzerbrochen w\u00e4hrend des Transports zu garantieren.<\/strong><br \/>\n<strong>Holzkisten-Paket: F\u00fcr gr\u00f6\u00dfere Waren wie Maschinenausr\u00fcstung usw. haben wir spezielle qualifizierte Schreiner, die die richtige Holzkiste mit exakter Dicke, Dichte, L\u00e4nge machen w\u00fcrden. Der Pfeil nach oben \u2191markiert auf dem \u00e4u\u00dferen h\u00f6lzernen Fall. Puffer Material w\u00fcrde in der h\u00f6lzernen Fall gesetzt werden, um Riss und Schock zu verhindern. Wir werden Sie \u00fcber den Lieferschein informieren. Sie brauchen nur auf den Anruf zu warten, dann holen Sie die Ware an der n\u00e4chsten Logistikstation ab (bitte lassen Sie mich im Voraus wissen, wenn Sie die Ware zu Hause abholen m\u00f6chten).<\/strong><\/p>\n<p><img loading=\"lazy\" decoding=\"async\" class=\"size-full wp-image-4124\" src=\"https:\/\/vacuz.com\/wp-content\/uploads\/2022\/01\/Winding-Machine-Shipping-and-packing-4.jpg\" alt=\"Wickelmaschine Versand und Verpackung-4\" width=\"1512\" height=\"2016\" title=\"VA-2012 Magnetfeldverteilungsmessger\u00e4t \/ Rotorscanner \/ Rotormagnete Pr\u00fcfmaschine (automatische Version)\" srcset=\"https:\/\/vacuz.com\/wp-content\/uploads\/2022\/01\/Winding-Machine-Shipping-and-packing-4.jpg 1512w, https:\/\/vacuz.com\/wp-content\/uploads\/2022\/01\/Winding-Machine-Shipping-and-packing-4-500x667.jpg 500w, https:\/\/vacuz.com\/wp-content\/uploads\/2022\/01\/Winding-Machine-Shipping-and-packing-4-700x933.jpg 700w, https:\/\/vacuz.com\/wp-content\/uploads\/2022\/01\/Winding-Machine-Shipping-and-packing-4-225x300.jpg 225w, https:\/\/vacuz.com\/wp-content\/uploads\/2022\/01\/Winding-Machine-Shipping-and-packing-4-768x1024.jpg 768w, https:\/\/vacuz.com\/wp-content\/uploads\/2022\/01\/Winding-Machine-Shipping-and-packing-4-1152x1536.jpg 1152w, https:\/\/vacuz.com\/wp-content\/uploads\/2022\/01\/Winding-Machine-Shipping-and-packing-4-9x12.jpg 9w, https:\/\/vacuz.com\/wp-content\/uploads\/2022\/01\/Winding-Machine-Shipping-and-packing-4-200x267.jpg 200w, https:\/\/vacuz.com\/wp-content\/uploads\/2022\/01\/Winding-Machine-Shipping-and-packing-4-400x533.jpg 400w, https:\/\/vacuz.com\/wp-content\/uploads\/2022\/01\/Winding-Machine-Shipping-and-packing-4-600x800.jpg 600w, https:\/\/vacuz.com\/wp-content\/uploads\/2022\/01\/Winding-Machine-Shipping-and-packing-4-800x1067.jpg 800w, https:\/\/vacuz.com\/wp-content\/uploads\/2022\/01\/Winding-Machine-Shipping-and-packing-4-1200x1600.jpg 1200w\" sizes=\"auto, (max-width: 1512px) 100vw, 1512px\" \/><\/p>\n<p>&nbsp;<\/p>\n<h2>Vacuz Service &amp; St\u00e4rke<\/h2>\n<p><b data-spm-anchor-id=\"a2700.details.0.i31.182f594ewjEnUT\">Service-Grundsatz<\/b><br \/>\nWir bieten Ihnen den besten Service mit \"schnell + zufriedenstellend + sicher\".<br \/>\n<b>Gew\u00e4hrleistungsfrist<\/b><br \/>\n12 Monate, nachdem der Nutzer das Produkt erhalten hat.<br \/>\n<b>Garantieartikel<\/b><br \/>\nNur f\u00fcr anormale Ausf\u00e4lle, die durch Konstruktions- oder Herstellungsfehler der Maschine verursacht werden,<br \/>\nReparatur und Zubeh\u00f6r werden kostenlos zur Verf\u00fcgung gestellt.<br \/>\n<b>Technologische Dienstleistungsf\u00e4higkeit<\/b><br \/>\nAlle Servicetechniker mit langj\u00e4hriger Erfahrung haben eine spezielle technische Ausbildung erhalten, die sich mit verschiedenen Pannenproblemen befassen kann.<br \/>\nF\u00fchren Sie den Benutzer in die korrekte Verwendung und Wartung des Produkts ein.<br \/>\nKostenlose Beratung \u00fcber die Technologie der Produktionsverfahren f\u00fcr elektronische Produkte.<br \/>\n<b>Service nach dem Verkauf<\/b><br \/>\nUm zu gew\u00e4hrleisten, dass die Maschine normal verwendet wird, bieten wir eine Schulung zur Bedienung, Verwendung und Wartung unseres Produkts in Form eines englischen Handbuchs, eines Videos und einer Online-Anleitung an.<br \/>\n<b>Gebrauchsanweisung<\/b><br \/>\nW\u00e4hlen Sie die richtige Gesamtgr\u00f6\u00dfe des Produkts, da sonst falsche Abmessungen den Gebrauchseffekt beeintr\u00e4chtigen.<br \/>\nAchten Sie darauf, dass Sie das Produkt entsprechend der Gebrauchsanweisung vollst\u00e4ndig verwenden und den Anwendungsbereich der Produkte nicht \u00fcberschreiten.<br \/>\nPflegen Sie das Produkt nach dem Gebrauch, feuchtigkeitsbest\u00e4ndig, rostfrei, auslaufsicher, explosionssicher, regelm\u00e4\u00dfige Wartung und Inspektion sollten beachtet werden. All dies tr\u00e4gt dazu bei, die Nutzungsdauer zu verl\u00e4ngern.<br \/>\n<b>Verwaltung von Benutzerdokumenten<\/b><br \/>\nEtablieren Sie ein perfektes Benutzerdokumentenmanagement im EPR-System, um jedes Produkt mit allen Details zu verwalten. Die Benutzer w\u00fcrden gut betreut werden.<br \/>\n<b>\u00dcber das Produkt<\/b><br \/>\n1. Produktfoto: Alle Produktfotos werden von realen Produkt genommen, gibt es die Farbabweichung zwischen dem Produkt und Foto, die durch schie\u00dfen Licht, Produktgr\u00f6\u00dfe, manuelle Technologie und Computer-Display etc. verursacht wird. Es ist kein Qualit\u00e4tsproblem. Teile der Produkte<br \/>\nsind im Aussehen aufgrund der revolution\u00e4ren Technologie und Prozessverbesserung ver\u00e4ndert. SanShine w\u00fcrde sicherstellen, dass die Parameter des Produkts unver\u00e4ndert ist, das Produkt k\u00f6nnte nicht beeinflussen zu verwenden.<br \/>\n2. die Produktgr\u00f6\u00dfe: Alle Parameter sind alle durch manuelle nur als Referenz gemessen. Es gibt eine kleine Abweichung wegen des Unterschieds der Ma\u00dfwerkzeuge, der Losprodukte und des Erzeugnisprozesses. Reale Gr\u00f6\u00dfe sollte \u00dcbereinstimmung mit der endg\u00fcltigen Lieferung Produkt sein.<br \/>\n3. die Qualit\u00e4tskontrolle: Alle Produkte sollten vor dem Versand streng inspiziert werden. Stellen Sie die gute Funktion und das Aussehen sicher.<\/p>\n<h2>Vacuz Maschine Video<\/h2>\n<p><iframe loading=\"lazy\" title=\"Factory Price Magnetic Field Distribution Measurement Device Rotor Scanner Magnets Test Machine\" width=\"563\" height=\"1000\" src=\"https:\/\/www.youtube.com\/embed\/q7M01aNQ0YM?feature=oembed\" frameborder=\"0\" allow=\"accelerometer; autoplay; clipboard-write; encrypted-media; gyroscope; picture-in-picture; web-share\" referrerpolicy=\"strict-origin-when-cross-origin\" allowfullscreen><\/iframe><\/p>\n<\/div>","protected":false},"excerpt":{"rendered":"<p>VA-2012 Magnetic Field Distribution Measurement Device \/ Rotor Scanner \/ Rotor Magnets Test Machine(Automatic Version) Machine Features VA-2012 Magnetic Field Distribution Measurement Device \/ Rotor Scanner \/ Rotor Magnets Test Machine(Automatic Version) test reports can be provided for XY coordinates, P-pole coordinates, 3D magnetic field distribution, and harmonic analysis based on relative fundamental frequencies, delivering [&hellip;]<\/p>\n","protected":false},"featured_media":13659,"template":"","meta":{"_gspb_post_css":"","_joinchat":[]},"product_brand":[],"product_cat":[775],"product_tag":[885],"class_list":{"0":"post-13654","1":"product","2":"type-product","3":"status-publish","4":"has-post-thumbnail","6":"product_cat-magnet-machine","7":"product_tag-magnetic-field-distribution-measurement-device","9":"first","10":"instock","11":"featured","12":"shipping-taxable","13":"product-type-simple"},"_links":{"self":[{"href":"https:\/\/vacuz.com\/de\/wp-json\/wp\/v2\/product\/13654","targetHints":{"allow":["GET"]}}],"collection":[{"href":"https:\/\/vacuz.com\/de\/wp-json\/wp\/v2\/product"}],"about":[{"href":"https:\/\/vacuz.com\/de\/wp-json\/wp\/v2\/types\/product"}],"wp:featuredmedia":[{"embeddable":true,"href":"https:\/\/vacuz.com\/de\/wp-json\/wp\/v2\/media\/13659"}],"wp:attachment":[{"href":"https:\/\/vacuz.com\/de\/wp-json\/wp\/v2\/media?parent=13654"}],"wp:term":[{"taxonomy":"product_brand","embeddable":true,"href":"https:\/\/vacuz.com\/de\/wp-json\/wp\/v2\/product_brand?post=13654"},{"taxonomy":"product_cat","embeddable":true,"href":"https:\/\/vacuz.com\/de\/wp-json\/wp\/v2\/product_cat?post=13654"},{"taxonomy":"product_tag","embeddable":true,"href":"https:\/\/vacuz.com\/de\/wp-json\/wp\/v2\/product_tag?post=13654"}],"curies":[{"name":"wp","href":"https:\/\/api.w.org\/{rel}","templated":true}]}}