{"id":4248,"date":"2022-01-21T10:50:29","date_gmt":"2022-01-21T10:50:29","guid":{"rendered":"https:\/\/vacuz.com\/?post_type=product&#038;p=4248"},"modified":"2025-10-22T14:40:21","modified_gmt":"2025-10-22T14:40:21","slug":"automatic-bldc-brushless-motor-stator-coil-insulation-slot-paper-insertion-machine","status":"publish","type":"product","link":"https:\/\/vacuz.com\/de\/product\/automatic-bldc-brushless-motor-stator-coil-insulation-slot-paper-insertion-machine\/","title":{"rendered":"Automatische BLDC b\u00fcrstenlose Motor Stator Spule Isolierung Slot Papier Einf\u00fcgemaschine"},"content":{"rendered":"<h2>Automatische BLDC b\u00fcrstenlose Motor Stator Spule Isolierung Slot Papier Einf\u00fcgemaschine<\/h2>\n<div>\n<p><strong><u data-spm-anchor-id=\"a2700.details.0.i23.54f6d87dbvk0tc\">Merkmal der Maschine<\/u><\/strong><\/p>\n<p><strong>1. Application:<\/strong><\/p>\n<p><strong>The stator paper inseting machine is suitable exclusively for large and medium-size motors, especially suitable for generator, deep pump motor, three phase machine, etc.<\/strong><\/p>\n<p><strong>2. Machine main function and characteristic<\/strong><\/p>\n<p><strong>Inserting insulation paper automatically from bottom of stator slot<\/strong><\/p>\n<p><strong>Automatic paper feeding,<\/strong><\/p>\n<p><strong>edge folding and forming<\/strong><\/p>\n<p><strong>slot number change is controlled by electric;<\/strong><\/p>\n<p><strong>interval slot inserting and skip slot inserting could be at option;<\/strong><\/p>\n<p><strong>it is convenient and easy for different slot number stator production and changing tooling.<\/strong><\/p>\n<p>&nbsp;<\/p>\n<p><strong>3. Main Technical Parameter:<\/strong><\/p>\n<p><img loading=\"lazy\" decoding=\"async\" class=\"size-full wp-image-4254\" src=\"https:\/\/vacuz.com\/wp-content\/uploads\/2022\/01\/Horizontal-paper-inserting-machine-data.jpg\" alt=\"Horizontal paper inserting machine data\" width=\"1241\" height=\"1683\" title=\"Automatische BLDC b\u00fcrstenlose Motor Stator Spule Isolierung Slot Papier Einf\u00fcgemaschine\" srcset=\"https:\/\/vacuz.com\/wp-content\/uploads\/2022\/01\/Horizontal-paper-inserting-machine-data.jpg 1241w, https:\/\/vacuz.com\/wp-content\/uploads\/2022\/01\/Horizontal-paper-inserting-machine-data-500x678.jpg 500w, https:\/\/vacuz.com\/wp-content\/uploads\/2022\/01\/Horizontal-paper-inserting-machine-data-700x949.jpg 700w, https:\/\/vacuz.com\/wp-content\/uploads\/2022\/01\/Horizontal-paper-inserting-machine-data-221x300.jpg 221w, https:\/\/vacuz.com\/wp-content\/uploads\/2022\/01\/Horizontal-paper-inserting-machine-data-755x1024.jpg 755w, https:\/\/vacuz.com\/wp-content\/uploads\/2022\/01\/Horizontal-paper-inserting-machine-data-768x1042.jpg 768w, https:\/\/vacuz.com\/wp-content\/uploads\/2022\/01\/Horizontal-paper-inserting-machine-data-1133x1536.jpg 1133w, https:\/\/vacuz.com\/wp-content\/uploads\/2022\/01\/Horizontal-paper-inserting-machine-data-9x12.jpg 9w, https:\/\/vacuz.com\/wp-content\/uploads\/2022\/01\/Horizontal-paper-inserting-machine-data-200x271.jpg 200w, https:\/\/vacuz.com\/wp-content\/uploads\/2022\/01\/Horizontal-paper-inserting-machine-data-400x542.jpg 400w, https:\/\/vacuz.com\/wp-content\/uploads\/2022\/01\/Horizontal-paper-inserting-machine-data-600x814.jpg 600w, https:\/\/vacuz.com\/wp-content\/uploads\/2022\/01\/Horizontal-paper-inserting-machine-data-800x1085.jpg 800w, https:\/\/vacuz.com\/wp-content\/uploads\/2022\/01\/Horizontal-paper-inserting-machine-data-1200x1627.jpg 1200w\" sizes=\"auto, (max-width: 1241px) 100vw, 1241px\" \/><\/p>\n<p><img loading=\"lazy\" decoding=\"async\" class=\"size-full wp-image-4249\" src=\"https:\/\/vacuz.com\/wp-content\/uploads\/2022\/01\/1-1.jpg\" alt=\"Automatische BLDC-Motor-Isolierpapier-Einsteckmaschine\" width=\"800\" height=\"800\" title=\"Automatische BLDC b\u00fcrstenlose Motor Stator Spule Isolierung Slot Papier Einf\u00fcgemaschine\" srcset=\"https:\/\/vacuz.com\/wp-content\/uploads\/2022\/01\/1-1.jpg 800w, https:\/\/vacuz.com\/wp-content\/uploads\/2022\/01\/1-1-500x500.jpg 500w, https:\/\/vacuz.com\/wp-content\/uploads\/2022\/01\/1-1-100x100.jpg 100w, https:\/\/vacuz.com\/wp-content\/uploads\/2022\/01\/1-1-700x700.jpg 700w, https:\/\/vacuz.com\/wp-content\/uploads\/2022\/01\/1-1-300x300.jpg 300w, https:\/\/vacuz.com\/wp-content\/uploads\/2022\/01\/1-1-150x150.jpg 150w, https:\/\/vacuz.com\/wp-content\/uploads\/2022\/01\/1-1-768x768.jpg 768w, https:\/\/vacuz.com\/wp-content\/uploads\/2022\/01\/1-1-12x12.jpg 12w, https:\/\/vacuz.com\/wp-content\/uploads\/2022\/01\/1-1-66x66.jpg 66w, https:\/\/vacuz.com\/wp-content\/uploads\/2022\/01\/1-1-200x200.jpg 200w, https:\/\/vacuz.com\/wp-content\/uploads\/2022\/01\/1-1-400x400.jpg 400w, https:\/\/vacuz.com\/wp-content\/uploads\/2022\/01\/1-1-600x600.jpg 600w\" sizes=\"auto, (max-width: 800px) 100vw, 800px\" \/><\/p>\n<p><img loading=\"lazy\" decoding=\"async\" class=\"size-full wp-image-4250\" src=\"https:\/\/vacuz.com\/wp-content\/uploads\/2022\/01\/2-1.jpg\" alt=\"Automatische BLDC-Motor-Isolierpapier-Einsteckmaschine\" width=\"800\" height=\"800\" title=\"Automatische BLDC b\u00fcrstenlose Motor Stator Spule Isolierung Slot Papier Einf\u00fcgemaschine\" srcset=\"https:\/\/vacuz.com\/wp-content\/uploads\/2022\/01\/2-1.jpg 800w, https:\/\/vacuz.com\/wp-content\/uploads\/2022\/01\/2-1-500x500.jpg 500w, https:\/\/vacuz.com\/wp-content\/uploads\/2022\/01\/2-1-100x100.jpg 100w, https:\/\/vacuz.com\/wp-content\/uploads\/2022\/01\/2-1-700x700.jpg 700w, https:\/\/vacuz.com\/wp-content\/uploads\/2022\/01\/2-1-300x300.jpg 300w, https:\/\/vacuz.com\/wp-content\/uploads\/2022\/01\/2-1-150x150.jpg 150w, https:\/\/vacuz.com\/wp-content\/uploads\/2022\/01\/2-1-768x768.jpg 768w, https:\/\/vacuz.com\/wp-content\/uploads\/2022\/01\/2-1-12x12.jpg 12w, https:\/\/vacuz.com\/wp-content\/uploads\/2022\/01\/2-1-66x66.jpg 66w, https:\/\/vacuz.com\/wp-content\/uploads\/2022\/01\/2-1-200x200.jpg 200w, https:\/\/vacuz.com\/wp-content\/uploads\/2022\/01\/2-1-400x400.jpg 400w, https:\/\/vacuz.com\/wp-content\/uploads\/2022\/01\/2-1-600x600.jpg 600w\" sizes=\"auto, (max-width: 800px) 100vw, 800px\" \/><\/p>\n<p><img loading=\"lazy\" decoding=\"async\" class=\"size-full wp-image-4251\" src=\"https:\/\/vacuz.com\/wp-content\/uploads\/2022\/01\/3-1.jpg\" alt=\"Automatische BLDC-Motor-Isolierpapier-Einsteckmaschine\" width=\"800\" height=\"800\" title=\"Automatische BLDC b\u00fcrstenlose Motor Stator Spule Isolierung Slot Papier Einf\u00fcgemaschine\" srcset=\"https:\/\/vacuz.com\/wp-content\/uploads\/2022\/01\/3-1.jpg 800w, https:\/\/vacuz.com\/wp-content\/uploads\/2022\/01\/3-1-500x500.jpg 500w, https:\/\/vacuz.com\/wp-content\/uploads\/2022\/01\/3-1-100x100.jpg 100w, https:\/\/vacuz.com\/wp-content\/uploads\/2022\/01\/3-1-700x700.jpg 700w, https:\/\/vacuz.com\/wp-content\/uploads\/2022\/01\/3-1-300x300.jpg 300w, https:\/\/vacuz.com\/wp-content\/uploads\/2022\/01\/3-1-150x150.jpg 150w, https:\/\/vacuz.com\/wp-content\/uploads\/2022\/01\/3-1-768x768.jpg 768w, https:\/\/vacuz.com\/wp-content\/uploads\/2022\/01\/3-1-12x12.jpg 12w, https:\/\/vacuz.com\/wp-content\/uploads\/2022\/01\/3-1-66x66.jpg 66w, https:\/\/vacuz.com\/wp-content\/uploads\/2022\/01\/3-1-200x200.jpg 200w, https:\/\/vacuz.com\/wp-content\/uploads\/2022\/01\/3-1-400x400.jpg 400w, https:\/\/vacuz.com\/wp-content\/uploads\/2022\/01\/3-1-600x600.jpg 600w\" sizes=\"auto, (max-width: 800px) 100vw, 800px\" \/><\/p>\n<p><img loading=\"lazy\" decoding=\"async\" class=\"alignnone wp-image-4252 size-full\" src=\"https:\/\/vacuz.com\/wp-content\/uploads\/2022\/01\/4-1.jpg\" alt=\"Automatische BLDC-Motor-Isolierpapier-Einsteckmaschine\" width=\"800\" height=\"800\" title=\"Automatische BLDC b\u00fcrstenlose Motor Stator Spule Isolierung Slot Papier Einf\u00fcgemaschine\" srcset=\"https:\/\/vacuz.com\/wp-content\/uploads\/2022\/01\/4-1.jpg 800w, https:\/\/vacuz.com\/wp-content\/uploads\/2022\/01\/4-1-500x500.jpg 500w, https:\/\/vacuz.com\/wp-content\/uploads\/2022\/01\/4-1-100x100.jpg 100w, https:\/\/vacuz.com\/wp-content\/uploads\/2022\/01\/4-1-700x700.jpg 700w, https:\/\/vacuz.com\/wp-content\/uploads\/2022\/01\/4-1-300x300.jpg 300w, https:\/\/vacuz.com\/wp-content\/uploads\/2022\/01\/4-1-150x150.jpg 150w, https:\/\/vacuz.com\/wp-content\/uploads\/2022\/01\/4-1-768x768.jpg 768w, https:\/\/vacuz.com\/wp-content\/uploads\/2022\/01\/4-1-12x12.jpg 12w, https:\/\/vacuz.com\/wp-content\/uploads\/2022\/01\/4-1-66x66.jpg 66w, https:\/\/vacuz.com\/wp-content\/uploads\/2022\/01\/4-1-200x200.jpg 200w, https:\/\/vacuz.com\/wp-content\/uploads\/2022\/01\/4-1-400x400.jpg 400w, https:\/\/vacuz.com\/wp-content\/uploads\/2022\/01\/4-1-600x600.jpg 600w\" sizes=\"auto, (max-width: 800px) 100vw, 800px\" \/><\/p>\n<\/div>\n<h2><span style=\"font-size: 23.04px;\">Informationen zum Unternehmen<\/span><\/h2>\n<div>\n<p><strong>Vacuz Machine Factory wurde im Mai 2007 gegr\u00fcndet und befindet sich in Dongguan City in der Provinz Guangdong. Sie ist ein professioneller Hersteller, der sich mit der Forschung, der Entwicklung, der Produktion, dem Verkauf und dem Service von automatischen Wickelmaschinen, Spulenwickelmaschinen, Transformatorwickelmaschinen, Motorwickelmaschinen, drahtlosen Spulenwickelmaschinen, SQ Gleichtaktdrosselspulenwickelmaschinen und anderen nicht standardisierten Wickelmaschinen besch\u00e4ftigt. Unsere Produkte finden in allen St\u00e4dten und Provinzen Chinas guten Absatz und werden auch an Kunden in L\u00e4ndern und Regionen wie dem Nahen Osten, Europa, Afrika, Asien und Nordamerika exportiert. Ob Sie ein aktuelles Produkt aus unserem Katalog ausw\u00e4hlen oder technische Unterst\u00fctzung f\u00fcr Ihre Anwendung suchen, Sie k\u00f6nnen mit unserem Kundendienstzentrum \u00fcber Ihre Beschaffungsanforderungen sprechen. Qualit\u00e4t ist unsere Kultur! Wir hoffen auf Ihre baldige Zusammenarbeit!<\/strong><\/p>\n<p><img loading=\"lazy\" decoding=\"async\" class=\"alignnone size-full wp-image-4136\" src=\"https:\/\/vacuz.com\/wp-content\/uploads\/2022\/01\/Company-info-1.jpg\" alt=\"Company Info 1\" width=\"1200\" height=\"800\" title=\"Automatische BLDC b\u00fcrstenlose Motor Stator Spule Isolierung Slot Papier Einf\u00fcgemaschine\" srcset=\"https:\/\/vacuz.com\/wp-content\/uploads\/2022\/01\/Company-info-1.jpg 1200w, https:\/\/vacuz.com\/wp-content\/uploads\/2022\/01\/Company-info-1-500x333.jpg 500w, https:\/\/vacuz.com\/wp-content\/uploads\/2022\/01\/Company-info-1-700x467.jpg 700w, https:\/\/vacuz.com\/wp-content\/uploads\/2022\/01\/Company-info-1-300x200.jpg 300w, https:\/\/vacuz.com\/wp-content\/uploads\/2022\/01\/Company-info-1-1024x683.jpg 1024w, https:\/\/vacuz.com\/wp-content\/uploads\/2022\/01\/Company-info-1-768x512.jpg 768w, https:\/\/vacuz.com\/wp-content\/uploads\/2022\/01\/Company-info-1-18x12.jpg 18w, https:\/\/vacuz.com\/wp-content\/uploads\/2022\/01\/Company-info-1-200x133.jpg 200w, https:\/\/vacuz.com\/wp-content\/uploads\/2022\/01\/Company-info-1-400x267.jpg 400w, https:\/\/vacuz.com\/wp-content\/uploads\/2022\/01\/Company-info-1-600x400.jpg 600w, https:\/\/vacuz.com\/wp-content\/uploads\/2022\/01\/Company-info-1-800x533.jpg 800w\" sizes=\"auto, (max-width: 1200px) 100vw, 1200px\" \/><\/p>\n<p><img loading=\"lazy\" decoding=\"async\" class=\"size-full wp-image-4126\" src=\"https:\/\/vacuz.com\/wp-content\/uploads\/2022\/01\/Company-info.jpg\" alt=\"Vacuz Firmeninfo\" width=\"1754\" height=\"1241\" title=\"Automatische BLDC b\u00fcrstenlose Motor Stator Spule Isolierung Slot Papier Einf\u00fcgemaschine\" srcset=\"https:\/\/vacuz.com\/wp-content\/uploads\/2022\/01\/Company-info.jpg 1754w, https:\/\/vacuz.com\/wp-content\/uploads\/2022\/01\/Company-info-500x354.jpg 500w, https:\/\/vacuz.com\/wp-content\/uploads\/2022\/01\/Company-info-700x495.jpg 700w, https:\/\/vacuz.com\/wp-content\/uploads\/2022\/01\/Company-info-300x212.jpg 300w, https:\/\/vacuz.com\/wp-content\/uploads\/2022\/01\/Company-info-1024x725.jpg 1024w, https:\/\/vacuz.com\/wp-content\/uploads\/2022\/01\/Company-info-768x543.jpg 768w, https:\/\/vacuz.com\/wp-content\/uploads\/2022\/01\/Company-info-1536x1087.jpg 1536w, https:\/\/vacuz.com\/wp-content\/uploads\/2022\/01\/Company-info-18x12.jpg 18w, https:\/\/vacuz.com\/wp-content\/uploads\/2022\/01\/Company-info-200x142.jpg 200w, https:\/\/vacuz.com\/wp-content\/uploads\/2022\/01\/Company-info-400x283.jpg 400w, https:\/\/vacuz.com\/wp-content\/uploads\/2022\/01\/Company-info-600x425.jpg 600w, https:\/\/vacuz.com\/wp-content\/uploads\/2022\/01\/Company-info-800x566.jpg 800w, https:\/\/vacuz.com\/wp-content\/uploads\/2022\/01\/Company-info-1200x849.jpg 1200w\" sizes=\"auto, (max-width: 1754px) 100vw, 1754px\" \/><\/p>\n<p><img loading=\"lazy\" decoding=\"async\" class=\"size-full wp-image-4132\" src=\"https:\/\/vacuz.com\/wp-content\/uploads\/2022\/01\/\u5408\u4f5c\u4f19\u4f34.jpg\" alt=\"Partner\" width=\"1200\" height=\"555\" title=\"Automatische BLDC b\u00fcrstenlose Motor Stator Spule Isolierung Slot Papier Einf\u00fcgemaschine\" srcset=\"https:\/\/vacuz.com\/wp-content\/uploads\/2022\/01\/\u5408\u4f5c\u4f19\u4f34.jpg 1200w, https:\/\/vacuz.com\/wp-content\/uploads\/2022\/01\/\u5408\u4f5c\u4f19\u4f34-500x231.jpg 500w, https:\/\/vacuz.com\/wp-content\/uploads\/2022\/01\/\u5408\u4f5c\u4f19\u4f34-700x324.jpg 700w, https:\/\/vacuz.com\/wp-content\/uploads\/2022\/01\/\u5408\u4f5c\u4f19\u4f34-300x139.jpg 300w, https:\/\/vacuz.com\/wp-content\/uploads\/2022\/01\/\u5408\u4f5c\u4f19\u4f34-1024x474.jpg 1024w, https:\/\/vacuz.com\/wp-content\/uploads\/2022\/01\/\u5408\u4f5c\u4f19\u4f34-768x355.jpg 768w, https:\/\/vacuz.com\/wp-content\/uploads\/2022\/01\/\u5408\u4f5c\u4f19\u4f34-18x8.jpg 18w, https:\/\/vacuz.com\/wp-content\/uploads\/2022\/01\/\u5408\u4f5c\u4f19\u4f34-200x93.jpg 200w, https:\/\/vacuz.com\/wp-content\/uploads\/2022\/01\/\u5408\u4f5c\u4f19\u4f34-400x185.jpg 400w, https:\/\/vacuz.com\/wp-content\/uploads\/2022\/01\/\u5408\u4f5c\u4f19\u4f34-600x278.jpg 600w, https:\/\/vacuz.com\/wp-content\/uploads\/2022\/01\/\u5408\u4f5c\u4f19\u4f34-800x370.jpg 800w\" sizes=\"auto, (max-width: 1200px) 100vw, 1200px\" \/><\/p>\n<p><img loading=\"lazy\" decoding=\"async\" class=\"size-full wp-image-4127\" src=\"https:\/\/vacuz.com\/wp-content\/uploads\/2022\/01\/Jeltecn\u8ba4\u8bc1.jpg\" alt=\"Vacuz-Zertifikat\" width=\"1200\" height=\"549\" title=\"Automatische BLDC b\u00fcrstenlose Motor Stator Spule Isolierung Slot Papier Einf\u00fcgemaschine\" srcset=\"https:\/\/vacuz.com\/wp-content\/uploads\/2022\/01\/Jeltecn\u8ba4\u8bc1.jpg 1200w, https:\/\/vacuz.com\/wp-content\/uploads\/2022\/01\/Jeltecn\u8ba4\u8bc1-500x229.jpg 500w, https:\/\/vacuz.com\/wp-content\/uploads\/2022\/01\/Jeltecn\u8ba4\u8bc1-700x320.jpg 700w, https:\/\/vacuz.com\/wp-content\/uploads\/2022\/01\/Jeltecn\u8ba4\u8bc1-300x137.jpg 300w, https:\/\/vacuz.com\/wp-content\/uploads\/2022\/01\/Jeltecn\u8ba4\u8bc1-1024x468.jpg 1024w, https:\/\/vacuz.com\/wp-content\/uploads\/2022\/01\/Jeltecn\u8ba4\u8bc1-768x351.jpg 768w, https:\/\/vacuz.com\/wp-content\/uploads\/2022\/01\/Jeltecn\u8ba4\u8bc1-18x8.jpg 18w, https:\/\/vacuz.com\/wp-content\/uploads\/2022\/01\/Jeltecn\u8ba4\u8bc1-200x92.jpg 200w, https:\/\/vacuz.com\/wp-content\/uploads\/2022\/01\/Jeltecn\u8ba4\u8bc1-400x183.jpg 400w, https:\/\/vacuz.com\/wp-content\/uploads\/2022\/01\/Jeltecn\u8ba4\u8bc1-600x275.jpg 600w, https:\/\/vacuz.com\/wp-content\/uploads\/2022\/01\/Jeltecn\u8ba4\u8bc1-800x366.jpg 800w\" sizes=\"auto, (max-width: 1200px) 100vw, 1200px\" \/><\/p>\n<h2>Verpackung &amp; Versand<\/h2>\n<p><strong>1. hafen: Shanghai\/Shenzhen oder Ihre Wahl<\/strong><\/p>\n<p><strong>Verpackung und Transport<\/strong><br \/>\n<strong>Allgemeine Verpackung (Papierkarton oder Plastikt\u00fcte): F\u00fcr kleine Waren, verpacken Sie es mit Form und Packpapier, um unzerbrochen w\u00e4hrend des Transports zu garantieren.<\/strong><br \/>\n<strong>Holzkisten-Paket: F\u00fcr gr\u00f6\u00dfere Waren wie Maschinenausr\u00fcstung usw. haben wir spezielle qualifizierte Schreiner, die die richtige Holzkiste mit exakter Dicke, Dichte, L\u00e4nge machen w\u00fcrden. Der Pfeil nach oben \u2191markiert auf dem \u00e4u\u00dferen h\u00f6lzernen Fall. Puffer Material w\u00fcrde in der h\u00f6lzernen Fall gesetzt werden, um Riss und Schock zu verhindern. Wir werden Sie \u00fcber den Lieferschein informieren. Sie brauchen nur auf den Anruf zu warten, dann holen Sie die Ware an der n\u00e4chsten Logistikstation ab (bitte lassen Sie mich im Voraus wissen, wenn Sie die Ware zu Hause abholen m\u00f6chten).<\/strong><\/p>\n<p><img loading=\"lazy\" decoding=\"async\" class=\"size-full wp-image-4124\" src=\"https:\/\/vacuz.com\/wp-content\/uploads\/2022\/01\/Winding-Machine-Shipping-and-packing-4.jpg\" alt=\"Wickelmaschine Versand und Verpackung-4\" width=\"1512\" height=\"2016\" title=\"Automatische BLDC b\u00fcrstenlose Motor Stator Spule Isolierung Slot Papier Einf\u00fcgemaschine\" srcset=\"https:\/\/vacuz.com\/wp-content\/uploads\/2022\/01\/Winding-Machine-Shipping-and-packing-4.jpg 1512w, https:\/\/vacuz.com\/wp-content\/uploads\/2022\/01\/Winding-Machine-Shipping-and-packing-4-500x667.jpg 500w, https:\/\/vacuz.com\/wp-content\/uploads\/2022\/01\/Winding-Machine-Shipping-and-packing-4-700x933.jpg 700w, https:\/\/vacuz.com\/wp-content\/uploads\/2022\/01\/Winding-Machine-Shipping-and-packing-4-225x300.jpg 225w, https:\/\/vacuz.com\/wp-content\/uploads\/2022\/01\/Winding-Machine-Shipping-and-packing-4-768x1024.jpg 768w, https:\/\/vacuz.com\/wp-content\/uploads\/2022\/01\/Winding-Machine-Shipping-and-packing-4-1152x1536.jpg 1152w, https:\/\/vacuz.com\/wp-content\/uploads\/2022\/01\/Winding-Machine-Shipping-and-packing-4-9x12.jpg 9w, https:\/\/vacuz.com\/wp-content\/uploads\/2022\/01\/Winding-Machine-Shipping-and-packing-4-200x267.jpg 200w, https:\/\/vacuz.com\/wp-content\/uploads\/2022\/01\/Winding-Machine-Shipping-and-packing-4-400x533.jpg 400w, https:\/\/vacuz.com\/wp-content\/uploads\/2022\/01\/Winding-Machine-Shipping-and-packing-4-600x800.jpg 600w, https:\/\/vacuz.com\/wp-content\/uploads\/2022\/01\/Winding-Machine-Shipping-and-packing-4-800x1067.jpg 800w, https:\/\/vacuz.com\/wp-content\/uploads\/2022\/01\/Winding-Machine-Shipping-and-packing-4-1200x1600.jpg 1200w\" sizes=\"auto, (max-width: 1512px) 100vw, 1512px\" \/><\/p>\n<p>&nbsp;<\/p>\n<h2>Vacuz Service &amp; St\u00e4rke<\/h2>\n<p><b data-spm-anchor-id=\"a2700.details.0.i31.182f594ewjEnUT\">Service-Grundsatz<\/b><br \/>\nWir bieten Ihnen den besten Service mit \"schnell + zufriedenstellend + sicher\".<br \/>\n<b>Gew\u00e4hrleistungsfrist<\/b><br \/>\n12 Monate, nachdem der Nutzer das Produkt erhalten hat.<br \/>\n<b>Garantieartikel<\/b><br \/>\nNur f\u00fcr anormale Ausf\u00e4lle, die durch Konstruktions- oder Herstellungsfehler der Maschine verursacht werden,<br \/>\nReparatur und Zubeh\u00f6r werden kostenlos zur Verf\u00fcgung gestellt.<br \/>\n<b>Technologische Dienstleistungsf\u00e4higkeit<\/b><br \/>\nAlle Servicetechniker mit langj\u00e4hriger Erfahrung haben eine spezielle technische Ausbildung erhalten, die sich mit verschiedenen Pannenproblemen befassen kann.<br \/>\nF\u00fchren Sie den Benutzer in die korrekte Verwendung und Wartung des Produkts ein.<br \/>\nKostenlose Beratung \u00fcber die Technologie der Produktionsverfahren f\u00fcr elektronische Produkte.<br \/>\n<b>Service nach dem Verkauf<\/b><br \/>\nUm zu gew\u00e4hrleisten, dass die Maschine normal verwendet wird, bieten wir eine Schulung zur Bedienung, Verwendung und Wartung unseres Produkts in Form eines englischen Handbuchs, eines Videos und einer Online-Anleitung an.<br \/>\n<b>Gebrauchsanweisung<\/b><br \/>\nW\u00e4hlen Sie die richtige Gesamtgr\u00f6\u00dfe des Produkts, da sonst falsche Abmessungen den Gebrauchseffekt beeintr\u00e4chtigen.<br \/>\nAchten Sie darauf, dass Sie das Produkt entsprechend der Gebrauchsanweisung vollst\u00e4ndig verwenden und den Anwendungsbereich der Produkte nicht \u00fcberschreiten.<br \/>\nPflegen Sie das Produkt nach dem Gebrauch, feuchtigkeitsbest\u00e4ndig, rostfrei, auslaufsicher, explosionssicher, regelm\u00e4\u00dfige Wartung und Inspektion sollten beachtet werden. All dies tr\u00e4gt dazu bei, die Nutzungsdauer zu verl\u00e4ngern.<br \/>\n<b>Verwaltung von Benutzerdokumenten<\/b><br \/>\nEtablieren Sie ein perfektes Benutzerdokumentenmanagement im EPR-System, um jedes Produkt mit allen Details zu verwalten. Die Benutzer w\u00fcrden gut betreut werden.<br \/>\n<b>\u00dcber das Produkt<\/b><br \/>\n1. Produktfoto: Alle Produktfotos werden von realen Produkt genommen, gibt es die Farbabweichung zwischen dem Produkt und Foto, die durch schie\u00dfen Licht, Produktgr\u00f6\u00dfe, manuelle Technologie und Computer-Display etc. verursacht wird. Es ist kein Qualit\u00e4tsproblem. Teile der Produkte<br \/>\nsind im Aussehen aufgrund der revolution\u00e4ren Technologie und Prozessverbesserung ver\u00e4ndert. SanShine w\u00fcrde sicherstellen, dass die Parameter des Produkts unver\u00e4ndert ist, das Produkt k\u00f6nnte nicht beeinflussen zu verwenden.<br \/>\n2. die Produktgr\u00f6\u00dfe: Alle Parameter sind alle durch manuelle nur als Referenz gemessen. Es gibt eine kleine Abweichung wegen des Unterschieds der Ma\u00dfwerkzeuge, der Losprodukte und des Erzeugnisprozesses. Reale Gr\u00f6\u00dfe sollte \u00dcbereinstimmung mit der endg\u00fcltigen Lieferung Produkt sein.<br \/>\n3. die Qualit\u00e4tskontrolle: Alle Produkte sollten vor dem Versand streng inspiziert werden. Stellen Sie die gute Funktion und das Aussehen sicher.<\/p>\n<h2>Vacuz Maschine Video<\/h2>\n<p><iframe loading=\"lazy\" title=\"Multi-pole Stator Automatic paper cutter machine Paper Insertion Machine\" width=\"1200\" height=\"675\" src=\"https:\/\/www.youtube.com\/embed\/kam4LxDxoWo?feature=oembed\" frameborder=\"0\" allow=\"accelerometer; autoplay; clipboard-write; encrypted-media; gyroscope; picture-in-picture\" allowfullscreen><\/iframe><\/p>\n<\/div>","protected":false},"excerpt":{"rendered":"<p>Automatic BLDC Brushless Motor Stator Coil Insulation Slot Paper Insertion Machine Machine Feature 1. Application: The stator paper inseting machine is suitable exclusively for large and medium-size motors, especially suitable for generator, deep pump motor, three phase machine, etc. 2. Machine main function and characteristic Inserting insulation paper automatically from bottom of stator slot Automatic [&hellip;]<\/p>\n","protected":false},"featured_media":4249,"template":"","meta":{"_gspb_post_css":"","_joinchat":[]},"product_brand":[],"product_cat":[773,819,820,821],"product_tag":[251,247,246],"class_list":{"0":"post-4248","1":"product","2":"type-product","3":"status-publish","4":"has-post-thumbnail","6":"product_cat-bldc-motor-production-machine","7":"product_cat-inner-motor-production-machine","8":"product_cat-outer-motor-production-machine","9":"product_cat-stator-paper-insertion-machine","10":"product_tag-automatic-bldc-motor-stator-coil-insulation-paper-insertion-machine","11":"product_tag-automatic-stator-coil-winding-machine","12":"product_tag-motor-winding-machine","14":"first","15":"instock","16":"featured","17":"shipping-taxable","18":"product-type-simple"},"_links":{"self":[{"href":"https:\/\/vacuz.com\/de\/wp-json\/wp\/v2\/product\/4248","targetHints":{"allow":["GET"]}}],"collection":[{"href":"https:\/\/vacuz.com\/de\/wp-json\/wp\/v2\/product"}],"about":[{"href":"https:\/\/vacuz.com\/de\/wp-json\/wp\/v2\/types\/product"}],"wp:featuredmedia":[{"embeddable":true,"href":"https:\/\/vacuz.com\/de\/wp-json\/wp\/v2\/media\/4249"}],"wp:attachment":[{"href":"https:\/\/vacuz.com\/de\/wp-json\/wp\/v2\/media?parent=4248"}],"wp:term":[{"taxonomy":"product_brand","embeddable":true,"href":"https:\/\/vacuz.com\/de\/wp-json\/wp\/v2\/product_brand?post=4248"},{"taxonomy":"product_cat","embeddable":true,"href":"https:\/\/vacuz.com\/de\/wp-json\/wp\/v2\/product_cat?post=4248"},{"taxonomy":"product_tag","embeddable":true,"href":"https:\/\/vacuz.com\/de\/wp-json\/wp\/v2\/product_tag?post=4248"}],"curies":[{"name":"wp","href":"https:\/\/api.w.org\/{rel}","templated":true}]}}