{"id":4377,"date":"2022-02-09T09:08:08","date_gmt":"2022-02-09T09:08:08","guid":{"rendered":"https:\/\/vacuz.com\/?post_type=product&#038;p=4377"},"modified":"2025-10-22T14:40:28","modified_gmt":"2025-10-22T14:40:28","slug":"fully-automatic-transformer-bobbin-coil-inductor-tin-soldering-welding-machine-can-add-auto-feeding-device","status":"publish","type":"product","link":"https:\/\/vacuz.com\/de\/product\/fully-automatic-transformer-bobbin-coil-inductor-tin-soldering-welding-machine-can-add-auto-feeding-device\/","title":{"rendered":"Vollautomatische Transformator Spule Spule Induktor Zinn L\u00f6ten Schwei\u00dfmaschine kann automatische Zuf\u00fchrung Ger\u00e4t hinzuf\u00fcgen"},"content":{"rendered":"<h2>Vollautomatische Transformator Spule Spule Induktor Zinn L\u00f6ten Schwei\u00dfmaschine kann automatische Zuf\u00fchrung Ger\u00e4t hinzuf\u00fcgen<\/h2>\n<h3>Merkmal der Maschine:<\/h3>\n<div>\n<ul>\n<li><strong>Der Messf\u00fchler erfasst die Zinnoberfl\u00e4che, erkennt automatisch die H\u00f6he der Zinnoberfl\u00e4che und zeichnet die H\u00f6he der Zinnoberfl\u00e4che selbst\u00e4ndig auf.<\/strong><\/li>\n<li><strong>Flux externen Speicher-Box mit Ventilsteuerung, kann auch w\u00e4hlen, automatische Zirkulation Ger\u00e4t, Flux Tank oberen und unteren Schicht f\u00fcr die Split-Typ, leicht zu reinigen.<\/strong><\/li>\n<li><strong>Zinnschrott kann automatisch in den Zinnkr\u00e4tzebeh\u00e4lter geschabt werden.<\/strong><\/li>\n<li><strong>F\u00f6rderband manuelle F\u00fctterung, vor allem f\u00fcr die High-End-Produkte Pin L\u00f6ten, k\u00f6nnen die Breite und H\u00f6he der Produkte auf dem F\u00f6rderband, je nach Kundenwunsch Docking-Montagelinie, um den Zweck der Einsparung von Arbeitskr\u00e4ften zu erreichen setzen.<\/strong><\/li>\n<li><strong>F\u00fcr kleine Menge von Produkten, viele Sorten, verschiedene Gr\u00f6\u00dfen, k\u00f6nnen w\u00e4hlen, um mehrere pneumatische Greifer verwenden.<\/strong><\/li>\n<\/ul>\n<h3>Maschine Anwendung:<\/h3>\n<p><img loading=\"lazy\" decoding=\"async\" class=\"wp-image-4382\" src=\"https:\/\/vacuz.com\/wp-content\/uploads\/2022\/02\/Automatic-Transformer-Bobbin-Coil-Tin-Soldering-Machine-5.jpg\" alt=\"Automatische Transformator Spulenk\u00f6rper Zinn L\u00f6tmaschine\" width=\"920\" height=\"113\" title=\"Vollautomatische Transformator Spule Spule Induktor Zinn L\u00f6ten Schwei\u00dfmaschine kann automatische Zuf\u00fchrung Ger\u00e4t hinzuf\u00fcgen\" srcset=\"https:\/\/vacuz.com\/wp-content\/uploads\/2022\/02\/Automatic-Transformer-Bobbin-Coil-Tin-Soldering-Machine-5.jpg 635w, https:\/\/vacuz.com\/wp-content\/uploads\/2022\/02\/Automatic-Transformer-Bobbin-Coil-Tin-Soldering-Machine-5-500x61.jpg 500w, https:\/\/vacuz.com\/wp-content\/uploads\/2022\/02\/Automatic-Transformer-Bobbin-Coil-Tin-Soldering-Machine-5-600x74.jpg 600w, https:\/\/vacuz.com\/wp-content\/uploads\/2022\/02\/Automatic-Transformer-Bobbin-Coil-Tin-Soldering-Machine-5-300x37.jpg 300w, https:\/\/vacuz.com\/wp-content\/uploads\/2022\/02\/Automatic-Transformer-Bobbin-Coil-Tin-Soldering-Machine-5-18x2.jpg 18w, https:\/\/vacuz.com\/wp-content\/uploads\/2022\/02\/Automatic-Transformer-Bobbin-Coil-Tin-Soldering-Machine-5-200x25.jpg 200w, https:\/\/vacuz.com\/wp-content\/uploads\/2022\/02\/Automatic-Transformer-Bobbin-Coil-Tin-Soldering-Machine-5-400x49.jpg 400w\" sizes=\"auto, (max-width: 920px) 100vw, 920px\" \/><\/p>\n<h3>L\u00f6tmaschine Technische Parameter:<\/h3>\n<p>1\u3001Verwendet f\u00fcr vertikale und horizontale Transformator, Induktionsspule und I-Typ Induktor Pin auf dem Blech arbeiten.<\/p>\n<p>2\u3001Vibrationsautomatisches Laden, automatisches Greifen des Materials, automatisches Kleben des Flussmittels, automatisches L\u00f6ten (mit Flip), automatischer R\u00fccklauf. Kann eine manuelle Materialschwingung Arbeit (f\u00fcr kleine Menge Auftr\u00e4ge) hinzuf\u00fcgen.<\/p>\n<p>3\u3001Soldering Produkt-Funktionen geh\u00f6ren die Einstellung der L\u00f6t-Winkel (zur Erreichung der Vorder-und R\u00fcckseite des Drahtes Paket Seite Schwei\u00dfen, oben und unten flach Schwei\u00dfen), H\u00f6he, Winkel, Zeit, Reinigung Stifte, automatische Erkennung von Fl\u00fcssigkeit H\u00f6he, mehrere Kolophonium, mehrere L\u00f6ten und andere Funktionen.<\/p>\n<p>4\u3001Ausr\u00fcstung, um einen Schl\u00fcssel zum Start \/ Stopp-Funktion zu erreichen, wenn das Ger\u00e4t Ausfall, der Ton und Licht Alarm. Ausr\u00fcstung Design grundlegende lokale \/ online, Start, Stop Not-Aus, Pause und andere notwendige mechanische Tasten.<\/p>\n<p>5\u3001Das Material der Ausr\u00fcstung ist aus hochwertigem Material, sicher, zuverl\u00e4ssig, langlebig und leicht zu reinigen, die Innenauskleidung des Zinn-Ofen und Zinn Rechen sind aus bleifreiem Titan-Legierung, die umweltfreundlich und langlebig ist. Ausr\u00fcstung mit Zinn Asche Sammelbox, ist die Box leicht zu holen und zu reinigen.<\/p>\n<p>6\u3001Das Ger\u00e4t ist von Sicherheitsklappen und Sicherheitst\u00fcren umgeben, die leicht und einfach zu bedienen sind; die Oberseite verf\u00fcgt \u00fcber einen Ventilator zur Rauchableitung.<\/p>\n<p>7, die wichtigsten Konfiguration der Ausr\u00fcstung: multifunktionale Motion Controller, 7-Zoll-Touchscreen (Willon), Servomotor plus Schrittmotor, Seide Gewehr, Gleitschiene (TBI), Zylinder (Adecker \/ Star optional), Lichtschranke (Gas kann \/ SMC optional) sind im In-und Ausland bekannten Marken verwendet.<\/p>\n<p>8\u3001Die Gr\u00f6\u00dfe der Maschine (L960*W680*H1350) ist ungef\u00e4hr, Fehler \u00b120. Einheit: mm<\/p>\n<h3>Details zur Maschine:<\/h3>\n<p><img loading=\"lazy\" decoding=\"async\" class=\"wp-image-4378\" src=\"https:\/\/vacuz.com\/wp-content\/uploads\/2022\/02\/Automatic-Transformer-Bobbin-Coil-Tin-Soldering-Machine-1.jpg\" alt=\"Automatische Transformator Spulenk\u00f6rper Zinn L\u00f6tmaschine\" width=\"569\" height=\"759\" title=\"Vollautomatische Transformator Spule Spule Induktor Zinn L\u00f6ten Schwei\u00dfmaschine kann automatische Zuf\u00fchrung Ger\u00e4t hinzuf\u00fcgen\" srcset=\"https:\/\/vacuz.com\/wp-content\/uploads\/2022\/02\/Automatic-Transformer-Bobbin-Coil-Tin-Soldering-Machine-1.jpg 450w, https:\/\/vacuz.com\/wp-content\/uploads\/2022\/02\/Automatic-Transformer-Bobbin-Coil-Tin-Soldering-Machine-1-225x300.jpg 225w, https:\/\/vacuz.com\/wp-content\/uploads\/2022\/02\/Automatic-Transformer-Bobbin-Coil-Tin-Soldering-Machine-1-9x12.jpg 9w, https:\/\/vacuz.com\/wp-content\/uploads\/2022\/02\/Automatic-Transformer-Bobbin-Coil-Tin-Soldering-Machine-1-200x267.jpg 200w, https:\/\/vacuz.com\/wp-content\/uploads\/2022\/02\/Automatic-Transformer-Bobbin-Coil-Tin-Soldering-Machine-1-400x533.jpg 400w\" sizes=\"auto, (max-width: 569px) 100vw, 569px\" \/><\/p>\n<p><img loading=\"lazy\" decoding=\"async\" class=\"wp-image-4379\" src=\"https:\/\/vacuz.com\/wp-content\/uploads\/2022\/02\/Automatic-Transformer-Bobbin-Coil-Tin-Soldering-Machine-2.jpg\" alt=\"Automatische Transformator Spulenk\u00f6rper Zinn L\u00f6tmaschine\" width=\"572\" height=\"763\" title=\"Vollautomatische Transformator Spule Spule Induktor Zinn L\u00f6ten Schwei\u00dfmaschine kann automatische Zuf\u00fchrung Ger\u00e4t hinzuf\u00fcgen\" srcset=\"https:\/\/vacuz.com\/wp-content\/uploads\/2022\/02\/Automatic-Transformer-Bobbin-Coil-Tin-Soldering-Machine-2.jpg 450w, https:\/\/vacuz.com\/wp-content\/uploads\/2022\/02\/Automatic-Transformer-Bobbin-Coil-Tin-Soldering-Machine-2-225x300.jpg 225w, https:\/\/vacuz.com\/wp-content\/uploads\/2022\/02\/Automatic-Transformer-Bobbin-Coil-Tin-Soldering-Machine-2-9x12.jpg 9w, https:\/\/vacuz.com\/wp-content\/uploads\/2022\/02\/Automatic-Transformer-Bobbin-Coil-Tin-Soldering-Machine-2-200x267.jpg 200w, https:\/\/vacuz.com\/wp-content\/uploads\/2022\/02\/Automatic-Transformer-Bobbin-Coil-Tin-Soldering-Machine-2-400x533.jpg 400w\" sizes=\"auto, (max-width: 572px) 100vw, 572px\" \/><\/p>\n<p><img loading=\"lazy\" decoding=\"async\" class=\"wp-image-4380\" src=\"https:\/\/vacuz.com\/wp-content\/uploads\/2022\/02\/Automatic-Transformer-Bobbin-Coil-Tin-Soldering-Machine-3.jpg\" alt=\"Automatische Transformator Spulenk\u00f6rper Zinn L\u00f6tmaschine\" width=\"573\" height=\"764\" title=\"Vollautomatische Transformator Spule Spule Induktor Zinn L\u00f6ten Schwei\u00dfmaschine kann automatische Zuf\u00fchrung Ger\u00e4t hinzuf\u00fcgen\" srcset=\"https:\/\/vacuz.com\/wp-content\/uploads\/2022\/02\/Automatic-Transformer-Bobbin-Coil-Tin-Soldering-Machine-3.jpg 450w, https:\/\/vacuz.com\/wp-content\/uploads\/2022\/02\/Automatic-Transformer-Bobbin-Coil-Tin-Soldering-Machine-3-225x300.jpg 225w, https:\/\/vacuz.com\/wp-content\/uploads\/2022\/02\/Automatic-Transformer-Bobbin-Coil-Tin-Soldering-Machine-3-9x12.jpg 9w, https:\/\/vacuz.com\/wp-content\/uploads\/2022\/02\/Automatic-Transformer-Bobbin-Coil-Tin-Soldering-Machine-3-200x267.jpg 200w, https:\/\/vacuz.com\/wp-content\/uploads\/2022\/02\/Automatic-Transformer-Bobbin-Coil-Tin-Soldering-Machine-3-400x533.jpg 400w\" sizes=\"auto, (max-width: 573px) 100vw, 573px\" \/><\/p>\n<p><img loading=\"lazy\" decoding=\"async\" class=\"wp-image-4381\" src=\"https:\/\/vacuz.com\/wp-content\/uploads\/2022\/02\/Automatic-Transformer-Bobbin-Coil-Tin-Soldering-Machine-4.jpg\" alt=\"Automatische Transformator Spulenk\u00f6rper Zinn L\u00f6tmaschine\" width=\"575\" height=\"767\" title=\"Vollautomatische Transformator Spule Spule Induktor Zinn L\u00f6ten Schwei\u00dfmaschine kann automatische Zuf\u00fchrung Ger\u00e4t hinzuf\u00fcgen\" srcset=\"https:\/\/vacuz.com\/wp-content\/uploads\/2022\/02\/Automatic-Transformer-Bobbin-Coil-Tin-Soldering-Machine-4.jpg 450w, https:\/\/vacuz.com\/wp-content\/uploads\/2022\/02\/Automatic-Transformer-Bobbin-Coil-Tin-Soldering-Machine-4-225x300.jpg 225w, https:\/\/vacuz.com\/wp-content\/uploads\/2022\/02\/Automatic-Transformer-Bobbin-Coil-Tin-Soldering-Machine-4-9x12.jpg 9w, https:\/\/vacuz.com\/wp-content\/uploads\/2022\/02\/Automatic-Transformer-Bobbin-Coil-Tin-Soldering-Machine-4-200x267.jpg 200w, https:\/\/vacuz.com\/wp-content\/uploads\/2022\/02\/Automatic-Transformer-Bobbin-Coil-Tin-Soldering-Machine-4-400x533.jpg 400w\" sizes=\"auto, (max-width: 575px) 100vw, 575px\" \/><\/p>\n<\/div>\n<h2><span style=\"font-size: 23.04px;\">Informationen zum Unternehmen<\/span><\/h2>\n<div>\n<p><strong>Vacuz Machine Factory wurde im Mai 2007 gegr\u00fcndet und befindet sich in Dongguan City in der Provinz Guangdong. Sie ist ein professioneller Hersteller, der sich mit der Forschung, der Entwicklung, der Produktion, dem Verkauf und dem Service von automatischen Wickelmaschinen, Spulenwickelmaschinen, Transformatorwickelmaschinen, Motorwickelmaschinen, drahtlosen Spulenwickelmaschinen, SQ Gleichtaktdrosselspulenwickelmaschinen und anderen nicht standardisierten Wickelmaschinen besch\u00e4ftigt. Unsere Produkte finden in allen St\u00e4dten und Provinzen Chinas guten Absatz und werden auch an Kunden in L\u00e4ndern und Regionen wie dem Nahen Osten, Europa, Afrika, Asien und Nordamerika exportiert. Ob Sie ein aktuelles Produkt aus unserem Katalog ausw\u00e4hlen oder technische Unterst\u00fctzung f\u00fcr Ihre Anwendung suchen, Sie k\u00f6nnen mit unserem Kundendienstzentrum \u00fcber Ihre Beschaffungsanforderungen sprechen. Qualit\u00e4t ist unsere Kultur! Wir hoffen auf Ihre baldige Zusammenarbeit!<\/strong><\/p>\n<p><img loading=\"lazy\" decoding=\"async\" class=\"alignnone size-full wp-image-4136\" src=\"https:\/\/vacuz.com\/wp-content\/uploads\/2022\/01\/Company-info-1.jpg\" alt=\"Unternehmensinfo 1\" width=\"1200\" height=\"800\" title=\"Vollautomatische Transformator Spule Spule Induktor Zinn L\u00f6ten Schwei\u00dfmaschine kann automatische Zuf\u00fchrung Ger\u00e4t hinzuf\u00fcgen\" srcset=\"https:\/\/vacuz.com\/wp-content\/uploads\/2022\/01\/Company-info-1.jpg 1200w, https:\/\/vacuz.com\/wp-content\/uploads\/2022\/01\/Company-info-1-500x333.jpg 500w, https:\/\/vacuz.com\/wp-content\/uploads\/2022\/01\/Company-info-1-700x467.jpg 700w, https:\/\/vacuz.com\/wp-content\/uploads\/2022\/01\/Company-info-1-300x200.jpg 300w, https:\/\/vacuz.com\/wp-content\/uploads\/2022\/01\/Company-info-1-1024x683.jpg 1024w, https:\/\/vacuz.com\/wp-content\/uploads\/2022\/01\/Company-info-1-768x512.jpg 768w, https:\/\/vacuz.com\/wp-content\/uploads\/2022\/01\/Company-info-1-18x12.jpg 18w, https:\/\/vacuz.com\/wp-content\/uploads\/2022\/01\/Company-info-1-200x133.jpg 200w, https:\/\/vacuz.com\/wp-content\/uploads\/2022\/01\/Company-info-1-400x267.jpg 400w, https:\/\/vacuz.com\/wp-content\/uploads\/2022\/01\/Company-info-1-600x400.jpg 600w, https:\/\/vacuz.com\/wp-content\/uploads\/2022\/01\/Company-info-1-800x533.jpg 800w\" sizes=\"auto, (max-width: 1200px) 100vw, 1200px\" \/><\/p>\n<p><img loading=\"lazy\" decoding=\"async\" class=\"size-full wp-image-4126\" src=\"https:\/\/vacuz.com\/wp-content\/uploads\/2022\/01\/Company-info.jpg\" alt=\"Vacuz Firmeninfo\" width=\"1754\" height=\"1241\" title=\"Vollautomatische Transformator Spule Spule Induktor Zinn L\u00f6ten Schwei\u00dfmaschine kann automatische Zuf\u00fchrung Ger\u00e4t hinzuf\u00fcgen\" srcset=\"https:\/\/vacuz.com\/wp-content\/uploads\/2022\/01\/Company-info.jpg 1754w, https:\/\/vacuz.com\/wp-content\/uploads\/2022\/01\/Company-info-500x354.jpg 500w, https:\/\/vacuz.com\/wp-content\/uploads\/2022\/01\/Company-info-700x495.jpg 700w, https:\/\/vacuz.com\/wp-content\/uploads\/2022\/01\/Company-info-300x212.jpg 300w, https:\/\/vacuz.com\/wp-content\/uploads\/2022\/01\/Company-info-1024x725.jpg 1024w, https:\/\/vacuz.com\/wp-content\/uploads\/2022\/01\/Company-info-768x543.jpg 768w, https:\/\/vacuz.com\/wp-content\/uploads\/2022\/01\/Company-info-1536x1087.jpg 1536w, https:\/\/vacuz.com\/wp-content\/uploads\/2022\/01\/Company-info-18x12.jpg 18w, https:\/\/vacuz.com\/wp-content\/uploads\/2022\/01\/Company-info-200x142.jpg 200w, https:\/\/vacuz.com\/wp-content\/uploads\/2022\/01\/Company-info-400x283.jpg 400w, https:\/\/vacuz.com\/wp-content\/uploads\/2022\/01\/Company-info-600x425.jpg 600w, https:\/\/vacuz.com\/wp-content\/uploads\/2022\/01\/Company-info-800x566.jpg 800w, https:\/\/vacuz.com\/wp-content\/uploads\/2022\/01\/Company-info-1200x849.jpg 1200w\" sizes=\"auto, (max-width: 1754px) 100vw, 1754px\" \/><\/p>\n<p><img loading=\"lazy\" decoding=\"async\" class=\"size-full wp-image-4132\" src=\"https:\/\/vacuz.com\/wp-content\/uploads\/2022\/01\/\u5408\u4f5c\u4f19\u4f34.jpg\" alt=\"Partner\" width=\"1200\" height=\"555\" title=\"Vollautomatische Transformator Spule Spule Induktor Zinn L\u00f6ten Schwei\u00dfmaschine kann automatische Zuf\u00fchrung Ger\u00e4t hinzuf\u00fcgen\" srcset=\"https:\/\/vacuz.com\/wp-content\/uploads\/2022\/01\/\u5408\u4f5c\u4f19\u4f34.jpg 1200w, https:\/\/vacuz.com\/wp-content\/uploads\/2022\/01\/\u5408\u4f5c\u4f19\u4f34-500x231.jpg 500w, https:\/\/vacuz.com\/wp-content\/uploads\/2022\/01\/\u5408\u4f5c\u4f19\u4f34-700x324.jpg 700w, https:\/\/vacuz.com\/wp-content\/uploads\/2022\/01\/\u5408\u4f5c\u4f19\u4f34-300x139.jpg 300w, https:\/\/vacuz.com\/wp-content\/uploads\/2022\/01\/\u5408\u4f5c\u4f19\u4f34-1024x474.jpg 1024w, https:\/\/vacuz.com\/wp-content\/uploads\/2022\/01\/\u5408\u4f5c\u4f19\u4f34-768x355.jpg 768w, https:\/\/vacuz.com\/wp-content\/uploads\/2022\/01\/\u5408\u4f5c\u4f19\u4f34-18x8.jpg 18w, https:\/\/vacuz.com\/wp-content\/uploads\/2022\/01\/\u5408\u4f5c\u4f19\u4f34-200x93.jpg 200w, https:\/\/vacuz.com\/wp-content\/uploads\/2022\/01\/\u5408\u4f5c\u4f19\u4f34-400x185.jpg 400w, https:\/\/vacuz.com\/wp-content\/uploads\/2022\/01\/\u5408\u4f5c\u4f19\u4f34-600x278.jpg 600w, https:\/\/vacuz.com\/wp-content\/uploads\/2022\/01\/\u5408\u4f5c\u4f19\u4f34-800x370.jpg 800w\" sizes=\"auto, (max-width: 1200px) 100vw, 1200px\" \/><\/p>\n<p><img loading=\"lazy\" decoding=\"async\" class=\"size-full wp-image-4127\" src=\"https:\/\/vacuz.com\/wp-content\/uploads\/2022\/01\/Jeltecn\u8ba4\u8bc1.jpg\" alt=\"Vacuz-Zertifikat\" width=\"1200\" height=\"549\" title=\"Vollautomatische Transformator Spule Spule Induktor Zinn L\u00f6ten Schwei\u00dfmaschine kann automatische Zuf\u00fchrung Ger\u00e4t hinzuf\u00fcgen\" srcset=\"https:\/\/vacuz.com\/wp-content\/uploads\/2022\/01\/Jeltecn\u8ba4\u8bc1.jpg 1200w, https:\/\/vacuz.com\/wp-content\/uploads\/2022\/01\/Jeltecn\u8ba4\u8bc1-500x229.jpg 500w, https:\/\/vacuz.com\/wp-content\/uploads\/2022\/01\/Jeltecn\u8ba4\u8bc1-700x320.jpg 700w, https:\/\/vacuz.com\/wp-content\/uploads\/2022\/01\/Jeltecn\u8ba4\u8bc1-300x137.jpg 300w, https:\/\/vacuz.com\/wp-content\/uploads\/2022\/01\/Jeltecn\u8ba4\u8bc1-1024x468.jpg 1024w, https:\/\/vacuz.com\/wp-content\/uploads\/2022\/01\/Jeltecn\u8ba4\u8bc1-768x351.jpg 768w, https:\/\/vacuz.com\/wp-content\/uploads\/2022\/01\/Jeltecn\u8ba4\u8bc1-18x8.jpg 18w, https:\/\/vacuz.com\/wp-content\/uploads\/2022\/01\/Jeltecn\u8ba4\u8bc1-200x92.jpg 200w, https:\/\/vacuz.com\/wp-content\/uploads\/2022\/01\/Jeltecn\u8ba4\u8bc1-400x183.jpg 400w, https:\/\/vacuz.com\/wp-content\/uploads\/2022\/01\/Jeltecn\u8ba4\u8bc1-600x275.jpg 600w, https:\/\/vacuz.com\/wp-content\/uploads\/2022\/01\/Jeltecn\u8ba4\u8bc1-800x366.jpg 800w\" sizes=\"auto, (max-width: 1200px) 100vw, 1200px\" \/><\/p>\n<h2>Verpackung &amp; Versand<\/h2>\n<p><strong>1. hafen: Shanghai\/Shenzhen oder Ihre Wahl<\/strong><\/p>\n<p><strong>Verpackung und Transport<\/strong><br \/>\n<strong>Allgemeine Verpackung (Papierkarton oder Plastikt\u00fcte): F\u00fcr kleine Waren, verpacken Sie es mit Form und Packpapier, um unzerbrochen w\u00e4hrend des Transports zu garantieren.<\/strong><br \/>\n<strong>Holzkisten-Paket: F\u00fcr gr\u00f6\u00dfere Waren wie Maschinenausr\u00fcstung usw. haben wir spezielle qualifizierte Schreiner, die die richtige Holzkiste mit exakter Dicke, Dichte, L\u00e4nge machen w\u00fcrden. Der Pfeil nach oben \u2191markiert auf dem \u00e4u\u00dferen h\u00f6lzernen Fall. Puffer Material w\u00fcrde in der h\u00f6lzernen Fall gesetzt werden, um Riss und Schock zu verhindern. Wir werden Sie \u00fcber den Lieferschein informieren. Sie brauchen nur auf den Anruf zu warten, dann holen Sie die Ware an der n\u00e4chsten Logistikstation ab (bitte lassen Sie mich im Voraus wissen, wenn Sie die Ware zu Hause abholen m\u00f6chten).<\/strong><\/p>\n<p><img loading=\"lazy\" decoding=\"async\" class=\"size-full wp-image-4124\" src=\"https:\/\/vacuz.com\/wp-content\/uploads\/2022\/01\/Winding-Machine-Shipping-and-packing-4.jpg\" alt=\"Wickelmaschine Versand und Verpackung-4\" width=\"1512\" height=\"2016\" title=\"Vollautomatische Transformator Spule Spule Induktor Zinn L\u00f6ten Schwei\u00dfmaschine kann automatische Zuf\u00fchrung Ger\u00e4t hinzuf\u00fcgen\" srcset=\"https:\/\/vacuz.com\/wp-content\/uploads\/2022\/01\/Winding-Machine-Shipping-and-packing-4.jpg 1512w, https:\/\/vacuz.com\/wp-content\/uploads\/2022\/01\/Winding-Machine-Shipping-and-packing-4-500x667.jpg 500w, https:\/\/vacuz.com\/wp-content\/uploads\/2022\/01\/Winding-Machine-Shipping-and-packing-4-700x933.jpg 700w, https:\/\/vacuz.com\/wp-content\/uploads\/2022\/01\/Winding-Machine-Shipping-and-packing-4-225x300.jpg 225w, https:\/\/vacuz.com\/wp-content\/uploads\/2022\/01\/Winding-Machine-Shipping-and-packing-4-768x1024.jpg 768w, https:\/\/vacuz.com\/wp-content\/uploads\/2022\/01\/Winding-Machine-Shipping-and-packing-4-1152x1536.jpg 1152w, https:\/\/vacuz.com\/wp-content\/uploads\/2022\/01\/Winding-Machine-Shipping-and-packing-4-9x12.jpg 9w, https:\/\/vacuz.com\/wp-content\/uploads\/2022\/01\/Winding-Machine-Shipping-and-packing-4-200x267.jpg 200w, https:\/\/vacuz.com\/wp-content\/uploads\/2022\/01\/Winding-Machine-Shipping-and-packing-4-400x533.jpg 400w, https:\/\/vacuz.com\/wp-content\/uploads\/2022\/01\/Winding-Machine-Shipping-and-packing-4-600x800.jpg 600w, https:\/\/vacuz.com\/wp-content\/uploads\/2022\/01\/Winding-Machine-Shipping-and-packing-4-800x1067.jpg 800w, https:\/\/vacuz.com\/wp-content\/uploads\/2022\/01\/Winding-Machine-Shipping-and-packing-4-1200x1600.jpg 1200w\" sizes=\"auto, (max-width: 1512px) 100vw, 1512px\" \/><\/p>\n<p>&nbsp;<\/p>\n<h2>Vacuz Service &amp; St\u00e4rke<\/h2>\n<p><b data-spm-anchor-id=\"a2700.details.0.i31.182f594ewjEnUT\">Service-Grundsatz<\/b><br \/>\nWir bieten Ihnen den besten Service mit \"schnell + zufriedenstellend + sicher\".<br \/>\n<b>Gew\u00e4hrleistungsfrist<\/b><br \/>\n12 Monate, nachdem der Nutzer das Produkt erhalten hat.<br \/>\n<b>Garantieartikel<\/b><br \/>\nNur f\u00fcr anormale Ausf\u00e4lle, die durch Konstruktions- oder Herstellungsfehler der Maschine verursacht werden,<br \/>\nReparatur und Zubeh\u00f6r werden kostenlos zur Verf\u00fcgung gestellt.<br \/>\n<b>Technologische Dienstleistungsf\u00e4higkeit<\/b><br \/>\nAlle Servicetechniker mit langj\u00e4hriger Erfahrung haben eine spezielle technische Ausbildung erhalten, die sich mit verschiedenen Pannenproblemen befassen kann.<br \/>\nF\u00fchren Sie den Benutzer in die korrekte Verwendung und Wartung des Produkts ein.<br \/>\nKostenlose Beratung \u00fcber die Technologie der Produktionsverfahren f\u00fcr elektronische Produkte.<br \/>\n<b>Service nach dem Verkauf<\/b><br \/>\nUm zu gew\u00e4hrleisten, dass die Maschine normal verwendet wird, bieten wir eine Schulung zur Bedienung, Verwendung und Wartung unseres Produkts in Form eines englischen Handbuchs, eines Videos und einer Online-Anleitung an.<br \/>\n<b>Gebrauchsanweisung<\/b><br \/>\nW\u00e4hlen Sie die richtige Gesamtgr\u00f6\u00dfe des Produkts, da sonst falsche Abmessungen den Gebrauchseffekt beeintr\u00e4chtigen.<br \/>\nAchten Sie darauf, dass Sie das Produkt entsprechend der Gebrauchsanweisung vollst\u00e4ndig verwenden und den Anwendungsbereich der Produkte nicht \u00fcberschreiten.<br \/>\nPflegen Sie das Produkt nach dem Gebrauch, feuchtigkeitsbest\u00e4ndig, rostfrei, auslaufsicher, explosionssicher, regelm\u00e4\u00dfige Wartung und Inspektion sollten beachtet werden. All dies tr\u00e4gt dazu bei, die Nutzungsdauer zu verl\u00e4ngern.<br \/>\n<b>Verwaltung von Benutzerdokumenten<\/b><br \/>\nEtablieren Sie ein perfektes Benutzerdokumentenmanagement im EPR-System, um jedes Produkt mit allen Details zu verwalten. Die Benutzer w\u00fcrden gut betreut werden.<br \/>\n<b>\u00dcber das Produkt<\/b><br \/>\n1. Produktfoto: Alle Produktfotos werden von realen Produkt genommen, gibt es die Farbabweichung zwischen dem Produkt und Foto, die durch schie\u00dfen Licht, Produktgr\u00f6\u00dfe, manuelle Technologie und Computer-Display etc. verursacht wird. Es ist kein Qualit\u00e4tsproblem. Teile der Produkte<br \/>\nsind im Aussehen aufgrund der revolution\u00e4ren Technologie und Prozessverbesserung ver\u00e4ndert. SanShine w\u00fcrde sicherstellen, dass die Parameter des Produkts unver\u00e4ndert ist, das Produkt k\u00f6nnte nicht beeinflussen zu verwenden.<br \/>\n2. die Produktgr\u00f6\u00dfe: Alle Parameter sind alle durch manuelle nur als Referenz gemessen. Es gibt eine kleine Abweichung wegen des Unterschieds der Ma\u00dfwerkzeuge, der Losprodukte und des Erzeugnisprozesses. Reale Gr\u00f6\u00dfe sollte \u00dcbereinstimmung mit der endg\u00fcltigen Lieferung Produkt sein.<br \/>\n3. die Qualit\u00e4tskontrolle: Alle Produkte sollten vor dem Versand streng inspiziert werden. Stellen Sie die gute Funktion und das Aussehen sicher.<\/p>\n<h2>Vacuz Maschine Video<\/h2>\n<p><iframe loading=\"lazy\" title=\"China gemacht E54 Transformator Spule Spule automatische Zinn Dip L\u00f6ten Schwei\u00dfmaschine 400\u2103 Ofen\" width=\"1200\" height=\"675\" src=\"https:\/\/www.youtube.com\/embed\/l4YBRCNEb_k?feature=oembed\" frameborder=\"0\" allow=\"accelerometer; autoplay; clipboard-write; encrypted-media; gyroscope; picture-in-picture\" allowfullscreen><\/iframe><\/p>\n<\/div>","protected":false},"excerpt":{"rendered":"<p>Fully Automatic Transformer Bobbin Coil Inductor Tin Soldering Welding Machine Can Add Auto Feeding Device Machine Feature: The sensor probe detects the tin surface, automatically detects the height of the tin surface and records the height of the tin surface by itself. Flux external storage box with valve control, also can choose automatic circulation device, [&hellip;]<\/p>\n","protected":false},"featured_media":4379,"template":"","meta":{"_gspb_post_css":"","_joinchat":[]},"product_brand":[],"product_cat":[804,803,779,778],"product_tag":[272,273,275,245],"class_list":{"0":"post-4377","1":"product","2":"type-product","3":"status-publish","4":"has-post-thumbnail","6":"product_cat-automatic-toroidal-coil-soldering-machine","7":"product_cat-automatic-transformer-coil-soldering-machine","8":"product_cat-toroidal-coil-production-machine","9":"product_cat-transformer-coil-production-machine","10":"product_tag-automatic-soldering-machine","11":"product_tag-transformer-bobbin-coil-winidng-soldering","12":"product_tag-transformer-tin-soldering-machine","13":"product_tag-transformer-winding-machine","15":"first","16":"instock","17":"featured","18":"shipping-taxable","19":"product-type-simple"},"_links":{"self":[{"href":"https:\/\/vacuz.com\/de\/wp-json\/wp\/v2\/product\/4377","targetHints":{"allow":["GET"]}}],"collection":[{"href":"https:\/\/vacuz.com\/de\/wp-json\/wp\/v2\/product"}],"about":[{"href":"https:\/\/vacuz.com\/de\/wp-json\/wp\/v2\/types\/product"}],"wp:featuredmedia":[{"embeddable":true,"href":"https:\/\/vacuz.com\/de\/wp-json\/wp\/v2\/media\/4379"}],"wp:attachment":[{"href":"https:\/\/vacuz.com\/de\/wp-json\/wp\/v2\/media?parent=4377"}],"wp:term":[{"taxonomy":"product_brand","embeddable":true,"href":"https:\/\/vacuz.com\/de\/wp-json\/wp\/v2\/product_brand?post=4377"},{"taxonomy":"product_cat","embeddable":true,"href":"https:\/\/vacuz.com\/de\/wp-json\/wp\/v2\/product_cat?post=4377"},{"taxonomy":"product_tag","embeddable":true,"href":"https:\/\/vacuz.com\/de\/wp-json\/wp\/v2\/product_tag?post=4377"}],"curies":[{"name":"wp","href":"https:\/\/api.w.org\/{rel}","templated":true}]}}