{"id":4152,"date":"2022-01-19T11:03:12","date_gmt":"2022-01-19T11:03:12","guid":{"rendered":"https:\/\/vacuz.com\/?post_type=product&#038;p=4152"},"modified":"2025-11-03T07:26:15","modified_gmt":"2025-11-03T07:26:15","slug":"high-speed-6-axis-six-spindles-semi-automatic-copper-wire-cnc-transformer-bobbin-coil-needle-winding-machine","status":"publish","type":"product","link":"https:\/\/vacuz.com\/es\/product\/high-speed-6-axis-six-spindles-semi-automatic-copper-wire-cnc-transformer-bobbin-coil-needle-winding-machine\/","title":{"rendered":"Alta velocidad de 6 ejes de seis husillos semi autom\u00e1tico de alambre de cobre CNC transformador bobina de la bobina de la aguja de la m\u00e1quina de bobinado"},"content":{"rendered":"<h2>Alta velocidad de 6 ejes de seis husillos semi autom\u00e1tico de alambre de cobre CNC transformador bobina de la bobina de la aguja de la m\u00e1quina de bobinado<\/h2>\n<div>\n<p><strong>Este dispositivo utiliza un sistema de control CNC por ordenador para localizar con precisi\u00f3n el husillo mediante decodificaci\u00f3n CPLD y medici\u00f3n de la velocidad. Tambi\u00e9n est\u00e1 equipado con un motor paso a paso con un chopper de corriente constante para accionar el cableado. Es r\u00e1pido y preciso y garantiza el funcionamiento normal del equipo. Se utiliza ampliamente en el sistema de producci\u00f3n de transformadores medianos y peque\u00f1os, rel\u00e9s, bobinas de comunicaci\u00f3n, paquetes de cables de alta tensi\u00f3n, convertidores de potencia, estabilizadores y otros productos.<\/strong><\/p>\n<p>&nbsp;<\/p>\n<p><strong>Funciones y caracter\u00edsticas:<\/strong><\/p>\n<p><strong>1. Los datos almacenan el paso de p\u00e1rrafo 0~999.<\/strong><\/p>\n<p><strong>2. Puede invertir el bobinado a alta velocidad.<\/strong><\/p>\n<p><strong>3. El n\u00famero de c\u00edrculos es exacto.<\/strong><\/p>\n<p><strong>4. La informaci\u00f3n sobre el problema se guarda autom\u00e1ticamente.<\/strong><\/p>\n<p><strong>5. El CNC puede supervisar y mostrar el estado de la producci\u00f3n.<\/strong><\/p>\n<p data-spm-anchor-id=\"a2700.details.0.i27.4d2d6bfa2RCQIB\"><strong>6. El ajuste es sencillo y el manejo c\u00f3modo.<\/strong><\/p>\n<\/div>\n<h3><strong>Modelo de m\u00e1quina: VBC-06<\/strong><\/h3>\n<div>\n<table class=\"has-title all magic-3\" style=\"height: 403px;\" width=\"1601\">\n<tbody>\n<tr>\n<td colspan=\"1\" rowspan=\"1\">\n<div class=\"magic-4\"><strong>Nombre del producto<\/strong><\/div>\n<\/td>\n<td colspan=\"1\" rowspan=\"1\">\n<div class=\"magic-5\"><strong>Six Axis Transformer Bobbin Coil Winding Machine<\/strong><\/div>\n<\/td>\n<\/tr>\n<tr>\n<td colspan=\"1\" rowspan=\"1\">\n<div class=\"magic-6\"><strong>Di\u00e1metro de bobinado<\/strong><\/div>\n<\/td>\n<td colspan=\"1\" rowspan=\"1\">\n<div class=\"magic-5\"><strong>\u03c60,03-0,6 mm<\/strong><\/div>\n<\/td>\n<\/tr>\n<tr>\n<td colspan=\"1\" rowspan=\"1\">\n<div class=\"magic-6\"><strong>Anchura m\u00e1xima del bobinado<\/strong><\/div>\n<\/td>\n<td colspan=\"1\" rowspan=\"1\">\n<div class=\"magic-5\"><strong>100 mm<\/strong><\/div>\n<\/td>\n<\/tr>\n<tr>\n<td colspan=\"1\" rowspan=\"1\">\n<div class=\"magic-6\"><strong>Di\u00e1metro m\u00e1ximo del esqueleto<\/strong><\/div>\n<\/td>\n<td colspan=\"1\" rowspan=\"1\">\n<div class=\"magic-5\"><strong>100 mm<\/strong><\/div>\n<\/td>\n<\/tr>\n<tr>\n<td colspan=\"1\" rowspan=\"1\">\n<div class=\"magic-6\"><strong>N\u00famero de ejes<\/strong><\/div>\n<\/td>\n<td colspan=\"1\" rowspan=\"1\">\n<div class=\"magic-5\"><strong>6<\/strong><\/div>\n<\/td>\n<\/tr>\n<tr>\n<td colspan=\"1\" rowspan=\"1\">\n<div class=\"magic-6\"><strong>Motor de esparcimiento<\/strong><\/div>\n<\/td>\n<td colspan=\"1\" rowspan=\"1\">\n<div class=\"magic-5\"><strong>24V<\/strong><\/div>\n<\/td>\n<\/tr>\n<tr>\n<td colspan=\"1\" rowspan=\"1\">\n<div class=\"magic-6\"><strong>Motor bobinado<\/strong><\/div>\n<\/td>\n<td colspan=\"1\" rowspan=\"1\">\n<div class=\"magic-5\"><strong>CA 750 W<\/strong><\/div>\n<\/td>\n<\/tr>\n<tr>\n<td colspan=\"1\" rowspan=\"1\">\n<div class=\"magic-6\"><strong>Velocidad m\u00e1xima de bobinado<\/strong><\/div>\n<\/td>\n<td colspan=\"1\" rowspan=\"1\">\n<div class=\"magic-5\"><strong>6000 RPM<\/strong><\/div>\n<\/td>\n<\/tr>\n<tr>\n<td colspan=\"1\" rowspan=\"1\">\n<div class=\"magic-6\"><strong>Tensi\u00f3n<\/strong><\/div>\n<\/td>\n<td colspan=\"1\" rowspan=\"1\">\n<div class=\"magic-5\"><strong>220VAC\/50HZ<\/strong><\/div>\n<\/td>\n<\/tr>\n<tr>\n<td colspan=\"1\" rowspan=\"1\">\n<div class=\"magic-6\"><strong>Peso de la m\u00e1quina\/embalaje<\/strong><\/div>\n<\/td>\n<td colspan=\"1\" rowspan=\"1\">\n<div class=\"magic-5\"><strong>75KG<\/strong><\/div>\n<\/td>\n<\/tr>\n<tr>\n<td colspan=\"1\" rowspan=\"1\">\n<div class=\"magic-6\"><strong>Dimensi\u00f3n del embalaje<\/strong><\/div>\n<\/td>\n<td colspan=\"1\" rowspan=\"1\">\n<div class=\"magic-5\"><strong>1120*700*680mm<\/strong><\/div>\n<\/td>\n<\/tr>\n<\/tbody>\n<\/table>\n<p><img loading=\"lazy\" decoding=\"async\" class=\"size-full wp-image-4153\" src=\"https:\/\/vacuz.com\/wp-content\/uploads\/2022\/01\/6-spindle-transformer-winding-machine-1.jpg\" alt=\"bobinadora de transformadores de 6 husillos-1\" width=\"1000\" height=\"1000\" title=\"Alta velocidad de 6 ejes de seis husillos semi autom\u00e1tico de alambre de cobre CNC transformador bobina de la bobina de la aguja de la m\u00e1quina de bobinado\" srcset=\"https:\/\/vacuz.com\/wp-content\/uploads\/2022\/01\/6-spindle-transformer-winding-machine-1.jpg 1000w, https:\/\/vacuz.com\/wp-content\/uploads\/2022\/01\/6-spindle-transformer-winding-machine-1-500x500.jpg 500w, https:\/\/vacuz.com\/wp-content\/uploads\/2022\/01\/6-spindle-transformer-winding-machine-1-100x100.jpg 100w, https:\/\/vacuz.com\/wp-content\/uploads\/2022\/01\/6-spindle-transformer-winding-machine-1-700x700.jpg 700w, https:\/\/vacuz.com\/wp-content\/uploads\/2022\/01\/6-spindle-transformer-winding-machine-1-300x300.jpg 300w, https:\/\/vacuz.com\/wp-content\/uploads\/2022\/01\/6-spindle-transformer-winding-machine-1-150x150.jpg 150w, https:\/\/vacuz.com\/wp-content\/uploads\/2022\/01\/6-spindle-transformer-winding-machine-1-768x768.jpg 768w, https:\/\/vacuz.com\/wp-content\/uploads\/2022\/01\/6-spindle-transformer-winding-machine-1-12x12.jpg 12w, https:\/\/vacuz.com\/wp-content\/uploads\/2022\/01\/6-spindle-transformer-winding-machine-1-66x66.jpg 66w, https:\/\/vacuz.com\/wp-content\/uploads\/2022\/01\/6-spindle-transformer-winding-machine-1-200x200.jpg 200w, https:\/\/vacuz.com\/wp-content\/uploads\/2022\/01\/6-spindle-transformer-winding-machine-1-400x400.jpg 400w, https:\/\/vacuz.com\/wp-content\/uploads\/2022\/01\/6-spindle-transformer-winding-machine-1-600x600.jpg 600w, https:\/\/vacuz.com\/wp-content\/uploads\/2022\/01\/6-spindle-transformer-winding-machine-1-800x800.jpg 800w\" sizes=\"auto, (max-width: 1000px) 100vw, 1000px\" \/><\/p>\n<p><img loading=\"lazy\" decoding=\"async\" class=\"size-full wp-image-4155\" src=\"https:\/\/vacuz.com\/wp-content\/uploads\/2022\/01\/6-spindle-transformer-winding-machine-3.jpg\" alt=\"6 spindle transformer winding machine-3\" width=\"1000\" height=\"1000\" title=\"Alta velocidad de 6 ejes de seis husillos semi autom\u00e1tico de alambre de cobre CNC transformador bobina de la bobina de la aguja de la m\u00e1quina de bobinado\" srcset=\"https:\/\/vacuz.com\/wp-content\/uploads\/2022\/01\/6-spindle-transformer-winding-machine-3.jpg 1000w, https:\/\/vacuz.com\/wp-content\/uploads\/2022\/01\/6-spindle-transformer-winding-machine-3-500x500.jpg 500w, https:\/\/vacuz.com\/wp-content\/uploads\/2022\/01\/6-spindle-transformer-winding-machine-3-100x100.jpg 100w, https:\/\/vacuz.com\/wp-content\/uploads\/2022\/01\/6-spindle-transformer-winding-machine-3-700x700.jpg 700w, https:\/\/vacuz.com\/wp-content\/uploads\/2022\/01\/6-spindle-transformer-winding-machine-3-300x300.jpg 300w, https:\/\/vacuz.com\/wp-content\/uploads\/2022\/01\/6-spindle-transformer-winding-machine-3-150x150.jpg 150w, https:\/\/vacuz.com\/wp-content\/uploads\/2022\/01\/6-spindle-transformer-winding-machine-3-768x768.jpg 768w, https:\/\/vacuz.com\/wp-content\/uploads\/2022\/01\/6-spindle-transformer-winding-machine-3-12x12.jpg 12w, https:\/\/vacuz.com\/wp-content\/uploads\/2022\/01\/6-spindle-transformer-winding-machine-3-66x66.jpg 66w, https:\/\/vacuz.com\/wp-content\/uploads\/2022\/01\/6-spindle-transformer-winding-machine-3-200x200.jpg 200w, https:\/\/vacuz.com\/wp-content\/uploads\/2022\/01\/6-spindle-transformer-winding-machine-3-400x400.jpg 400w, https:\/\/vacuz.com\/wp-content\/uploads\/2022\/01\/6-spindle-transformer-winding-machine-3-600x600.jpg 600w, https:\/\/vacuz.com\/wp-content\/uploads\/2022\/01\/6-spindle-transformer-winding-machine-3-800x800.jpg 800w\" sizes=\"auto, (max-width: 1000px) 100vw, 1000px\" \/><\/p>\n<p><img loading=\"lazy\" decoding=\"async\" class=\"size-full wp-image-4156\" src=\"https:\/\/vacuz.com\/wp-content\/uploads\/2022\/01\/6-spindle-transformer-winding-machine-4.jpg\" alt=\"6 spindle transformer winding machine-4\" width=\"1000\" height=\"1000\" title=\"Alta velocidad de 6 ejes de seis husillos semi autom\u00e1tico de alambre de cobre CNC transformador bobina de la bobina de la aguja de la m\u00e1quina de bobinado\" srcset=\"https:\/\/vacuz.com\/wp-content\/uploads\/2022\/01\/6-spindle-transformer-winding-machine-4.jpg 1000w, https:\/\/vacuz.com\/wp-content\/uploads\/2022\/01\/6-spindle-transformer-winding-machine-4-500x500.jpg 500w, https:\/\/vacuz.com\/wp-content\/uploads\/2022\/01\/6-spindle-transformer-winding-machine-4-100x100.jpg 100w, https:\/\/vacuz.com\/wp-content\/uploads\/2022\/01\/6-spindle-transformer-winding-machine-4-700x700.jpg 700w, https:\/\/vacuz.com\/wp-content\/uploads\/2022\/01\/6-spindle-transformer-winding-machine-4-300x300.jpg 300w, https:\/\/vacuz.com\/wp-content\/uploads\/2022\/01\/6-spindle-transformer-winding-machine-4-150x150.jpg 150w, https:\/\/vacuz.com\/wp-content\/uploads\/2022\/01\/6-spindle-transformer-winding-machine-4-768x768.jpg 768w, https:\/\/vacuz.com\/wp-content\/uploads\/2022\/01\/6-spindle-transformer-winding-machine-4-12x12.jpg 12w, https:\/\/vacuz.com\/wp-content\/uploads\/2022\/01\/6-spindle-transformer-winding-machine-4-66x66.jpg 66w, https:\/\/vacuz.com\/wp-content\/uploads\/2022\/01\/6-spindle-transformer-winding-machine-4-200x200.jpg 200w, https:\/\/vacuz.com\/wp-content\/uploads\/2022\/01\/6-spindle-transformer-winding-machine-4-400x400.jpg 400w, https:\/\/vacuz.com\/wp-content\/uploads\/2022\/01\/6-spindle-transformer-winding-machine-4-600x600.jpg 600w, https:\/\/vacuz.com\/wp-content\/uploads\/2022\/01\/6-spindle-transformer-winding-machine-4-800x800.jpg 800w\" sizes=\"auto, (max-width: 1000px) 100vw, 1000px\" \/><\/p>\n<\/div>\n<h2><span style=\"font-size: 23.04px;\">Informaci\u00f3n sobre la empresa<\/span><\/h2>\n<div>\n<p><strong>Vacuz Machine Factory se fund\u00f3 en mayo de 2007, con sede en la ciudad de Dongguan, provincia de Guangdong. Es un fabricante profesional dedicado a la investigaci\u00f3n, desarrollo, producci\u00f3n, venta y servicio de m\u00e1quinas de bobinado autom\u00e1tico, m\u00e1quinas de bobinado de bobinas, m\u00e1quinas de bobinado de transformadores, m\u00e1quinas de bobinado de motores, m\u00e1quinas de bobinado de bobinas inal\u00e1mbricas, m\u00e1quinas de bobinado de inductores de modo com\u00fan SQ y otras m\u00e1quinas de bobinado no est\u00e1ndar. Con buenas ventas en todas las ciudades y provincias de China, nuestros productos tambi\u00e9n se exportan a clientes de pa\u00edses y regiones como Oriente Medio, Europa, \u00c1frica, Asia y Norteam\u00e9rica. Ya sea seleccionando un producto actual de nuestro cat\u00e1logo o buscando asistencia de ingenier\u00eda para su aplicaci\u00f3n, puede hablar con nuestro centro de atenci\u00f3n al cliente sobre sus requisitos de abastecimiento. La calidad es nuestra cultura. Esperamos contar pronto con su colaboraci\u00f3n.<\/strong><\/p>\n<p><img loading=\"lazy\" decoding=\"async\" class=\"alignnone size-full wp-image-4136\" src=\"https:\/\/vacuz.com\/wp-content\/uploads\/2022\/01\/Company-info-1.jpg\" alt=\"Informaci\u00f3n de la empresa 1\" width=\"1200\" height=\"800\" title=\"Alta velocidad de 6 ejes de seis husillos semi autom\u00e1tico de alambre de cobre CNC transformador bobina de la bobina de la aguja de la m\u00e1quina de bobinado\" srcset=\"https:\/\/vacuz.com\/wp-content\/uploads\/2022\/01\/Company-info-1.jpg 1200w, https:\/\/vacuz.com\/wp-content\/uploads\/2022\/01\/Company-info-1-500x333.jpg 500w, https:\/\/vacuz.com\/wp-content\/uploads\/2022\/01\/Company-info-1-700x467.jpg 700w, https:\/\/vacuz.com\/wp-content\/uploads\/2022\/01\/Company-info-1-300x200.jpg 300w, https:\/\/vacuz.com\/wp-content\/uploads\/2022\/01\/Company-info-1-1024x683.jpg 1024w, https:\/\/vacuz.com\/wp-content\/uploads\/2022\/01\/Company-info-1-768x512.jpg 768w, https:\/\/vacuz.com\/wp-content\/uploads\/2022\/01\/Company-info-1-18x12.jpg 18w, https:\/\/vacuz.com\/wp-content\/uploads\/2022\/01\/Company-info-1-200x133.jpg 200w, https:\/\/vacuz.com\/wp-content\/uploads\/2022\/01\/Company-info-1-400x267.jpg 400w, https:\/\/vacuz.com\/wp-content\/uploads\/2022\/01\/Company-info-1-600x400.jpg 600w, https:\/\/vacuz.com\/wp-content\/uploads\/2022\/01\/Company-info-1-800x533.jpg 800w\" sizes=\"auto, (max-width: 1200px) 100vw, 1200px\" \/><\/p>\n<p><img loading=\"lazy\" decoding=\"async\" class=\"size-full wp-image-4126\" src=\"https:\/\/vacuz.com\/wp-content\/uploads\/2022\/01\/Company-info.jpg\" alt=\"Vacuz Informaci\u00f3n de la empresa\" width=\"1754\" height=\"1241\" title=\"Alta velocidad de 6 ejes de seis husillos semi autom\u00e1tico de alambre de cobre CNC transformador bobina de la bobina de la aguja de la m\u00e1quina de bobinado\" srcset=\"https:\/\/vacuz.com\/wp-content\/uploads\/2022\/01\/Company-info.jpg 1754w, https:\/\/vacuz.com\/wp-content\/uploads\/2022\/01\/Company-info-500x354.jpg 500w, https:\/\/vacuz.com\/wp-content\/uploads\/2022\/01\/Company-info-700x495.jpg 700w, https:\/\/vacuz.com\/wp-content\/uploads\/2022\/01\/Company-info-300x212.jpg 300w, https:\/\/vacuz.com\/wp-content\/uploads\/2022\/01\/Company-info-1024x725.jpg 1024w, https:\/\/vacuz.com\/wp-content\/uploads\/2022\/01\/Company-info-768x543.jpg 768w, https:\/\/vacuz.com\/wp-content\/uploads\/2022\/01\/Company-info-1536x1087.jpg 1536w, https:\/\/vacuz.com\/wp-content\/uploads\/2022\/01\/Company-info-18x12.jpg 18w, https:\/\/vacuz.com\/wp-content\/uploads\/2022\/01\/Company-info-200x142.jpg 200w, https:\/\/vacuz.com\/wp-content\/uploads\/2022\/01\/Company-info-400x283.jpg 400w, https:\/\/vacuz.com\/wp-content\/uploads\/2022\/01\/Company-info-600x425.jpg 600w, https:\/\/vacuz.com\/wp-content\/uploads\/2022\/01\/Company-info-800x566.jpg 800w, https:\/\/vacuz.com\/wp-content\/uploads\/2022\/01\/Company-info-1200x849.jpg 1200w\" sizes=\"auto, (max-width: 1754px) 100vw, 1754px\" \/><\/p>\n<p><img loading=\"lazy\" decoding=\"async\" class=\"size-full wp-image-4132\" src=\"https:\/\/vacuz.com\/wp-content\/uploads\/2022\/01\/\u5408\u4f5c\u4f19\u4f34.jpg\" alt=\"Socios\" width=\"1200\" height=\"555\" title=\"Alta velocidad de 6 ejes de seis husillos semi autom\u00e1tico de alambre de cobre CNC transformador bobina de la bobina de la aguja de la m\u00e1quina de bobinado\" srcset=\"https:\/\/vacuz.com\/wp-content\/uploads\/2022\/01\/\u5408\u4f5c\u4f19\u4f34.jpg 1200w, https:\/\/vacuz.com\/wp-content\/uploads\/2022\/01\/\u5408\u4f5c\u4f19\u4f34-500x231.jpg 500w, https:\/\/vacuz.com\/wp-content\/uploads\/2022\/01\/\u5408\u4f5c\u4f19\u4f34-700x324.jpg 700w, https:\/\/vacuz.com\/wp-content\/uploads\/2022\/01\/\u5408\u4f5c\u4f19\u4f34-300x139.jpg 300w, https:\/\/vacuz.com\/wp-content\/uploads\/2022\/01\/\u5408\u4f5c\u4f19\u4f34-1024x474.jpg 1024w, https:\/\/vacuz.com\/wp-content\/uploads\/2022\/01\/\u5408\u4f5c\u4f19\u4f34-768x355.jpg 768w, https:\/\/vacuz.com\/wp-content\/uploads\/2022\/01\/\u5408\u4f5c\u4f19\u4f34-18x8.jpg 18w, https:\/\/vacuz.com\/wp-content\/uploads\/2022\/01\/\u5408\u4f5c\u4f19\u4f34-200x93.jpg 200w, https:\/\/vacuz.com\/wp-content\/uploads\/2022\/01\/\u5408\u4f5c\u4f19\u4f34-400x185.jpg 400w, https:\/\/vacuz.com\/wp-content\/uploads\/2022\/01\/\u5408\u4f5c\u4f19\u4f34-600x278.jpg 600w, https:\/\/vacuz.com\/wp-content\/uploads\/2022\/01\/\u5408\u4f5c\u4f19\u4f34-800x370.jpg 800w\" sizes=\"auto, (max-width: 1200px) 100vw, 1200px\" \/><\/p>\n<p><img loading=\"lazy\" decoding=\"async\" class=\"size-full wp-image-4127\" src=\"https:\/\/vacuz.com\/wp-content\/uploads\/2022\/01\/Jeltecn\u8ba4\u8bc1.jpg\" alt=\"Certificado Vacuz\" width=\"1200\" height=\"549\" title=\"Alta velocidad de 6 ejes de seis husillos semi autom\u00e1tico de alambre de cobre CNC transformador bobina de la bobina de la aguja de la m\u00e1quina de bobinado\" srcset=\"https:\/\/vacuz.com\/wp-content\/uploads\/2022\/01\/Jeltecn\u8ba4\u8bc1.jpg 1200w, https:\/\/vacuz.com\/wp-content\/uploads\/2022\/01\/Jeltecn\u8ba4\u8bc1-500x229.jpg 500w, https:\/\/vacuz.com\/wp-content\/uploads\/2022\/01\/Jeltecn\u8ba4\u8bc1-700x320.jpg 700w, https:\/\/vacuz.com\/wp-content\/uploads\/2022\/01\/Jeltecn\u8ba4\u8bc1-300x137.jpg 300w, https:\/\/vacuz.com\/wp-content\/uploads\/2022\/01\/Jeltecn\u8ba4\u8bc1-1024x468.jpg 1024w, https:\/\/vacuz.com\/wp-content\/uploads\/2022\/01\/Jeltecn\u8ba4\u8bc1-768x351.jpg 768w, https:\/\/vacuz.com\/wp-content\/uploads\/2022\/01\/Jeltecn\u8ba4\u8bc1-18x8.jpg 18w, https:\/\/vacuz.com\/wp-content\/uploads\/2022\/01\/Jeltecn\u8ba4\u8bc1-200x92.jpg 200w, https:\/\/vacuz.com\/wp-content\/uploads\/2022\/01\/Jeltecn\u8ba4\u8bc1-400x183.jpg 400w, https:\/\/vacuz.com\/wp-content\/uploads\/2022\/01\/Jeltecn\u8ba4\u8bc1-600x275.jpg 600w, https:\/\/vacuz.com\/wp-content\/uploads\/2022\/01\/Jeltecn\u8ba4\u8bc1-800x366.jpg 800w\" sizes=\"auto, (max-width: 1200px) 100vw, 1200px\" \/><\/p>\n<h2>Embalaje y env\u00edo<\/h2>\n<p><strong>1.Puerto: Shanghai\/Shenzhen o su elecci\u00f3n<\/strong><\/p>\n<p><strong>Embalaje y transporte<\/strong><br \/>\n<strong>Embalaje general (cart\u00f3n o bolsa de pl\u00e1stico): Para mercanc\u00edas peque\u00f1as, empaqu\u00e9telas con papel de embalaje para garantizar que no se rompan durante el transporte.<\/strong><br \/>\n<strong>Embalaje de madera: Para las mercanc\u00edas a gran escala como el equipo de la m\u00e1quina etc, tenemos carpintero experto especial, que har\u00eda el caso de madera apropiado con grueso exacto, densidad, longitud. La flecha hacia arriba \u2191marcado en la caja de madera exterior. Material de amortiguaci\u00f3n se pondr\u00eda en la caja de madera para evitar grietas y golpes. Le informaremos del albar\u00e1n de entrega. S\u00f3lo tiene que esperar la llamada telef\u00f3nica y recoger la mercanc\u00eda en la estaci\u00f3n log\u00edstica m\u00e1s cercana (por favor, av\u00edseme con antelaci\u00f3n si desea recibir la mercanc\u00eda en casa).<\/strong><\/p>\n<p><img loading=\"lazy\" decoding=\"async\" class=\"size-full wp-image-4124\" src=\"https:\/\/vacuz.com\/wp-content\/uploads\/2022\/01\/Winding-Machine-Shipping-and-packing-4.jpg\" alt=\"M\u00e1quina bobinadora Env\u00edo y embalaje-4\" width=\"1512\" height=\"2016\" title=\"Alta velocidad de 6 ejes de seis husillos semi autom\u00e1tico de alambre de cobre CNC transformador bobina de la bobina de la aguja de la m\u00e1quina de bobinado\" srcset=\"https:\/\/vacuz.com\/wp-content\/uploads\/2022\/01\/Winding-Machine-Shipping-and-packing-4.jpg 1512w, https:\/\/vacuz.com\/wp-content\/uploads\/2022\/01\/Winding-Machine-Shipping-and-packing-4-500x667.jpg 500w, https:\/\/vacuz.com\/wp-content\/uploads\/2022\/01\/Winding-Machine-Shipping-and-packing-4-700x933.jpg 700w, https:\/\/vacuz.com\/wp-content\/uploads\/2022\/01\/Winding-Machine-Shipping-and-packing-4-225x300.jpg 225w, https:\/\/vacuz.com\/wp-content\/uploads\/2022\/01\/Winding-Machine-Shipping-and-packing-4-768x1024.jpg 768w, https:\/\/vacuz.com\/wp-content\/uploads\/2022\/01\/Winding-Machine-Shipping-and-packing-4-1152x1536.jpg 1152w, https:\/\/vacuz.com\/wp-content\/uploads\/2022\/01\/Winding-Machine-Shipping-and-packing-4-9x12.jpg 9w, https:\/\/vacuz.com\/wp-content\/uploads\/2022\/01\/Winding-Machine-Shipping-and-packing-4-200x267.jpg 200w, https:\/\/vacuz.com\/wp-content\/uploads\/2022\/01\/Winding-Machine-Shipping-and-packing-4-400x533.jpg 400w, https:\/\/vacuz.com\/wp-content\/uploads\/2022\/01\/Winding-Machine-Shipping-and-packing-4-600x800.jpg 600w, https:\/\/vacuz.com\/wp-content\/uploads\/2022\/01\/Winding-Machine-Shipping-and-packing-4-800x1067.jpg 800w, https:\/\/vacuz.com\/wp-content\/uploads\/2022\/01\/Winding-Machine-Shipping-and-packing-4-1200x1600.jpg 1200w\" sizes=\"auto, (max-width: 1512px) 100vw, 1512px\" \/><\/p>\n<p>&nbsp;<\/p>\n<h2>Vacuz Servicio y Fuerza<\/h2>\n<p><b data-spm-anchor-id=\"a2700.details.0.i31.182f594ewjEnUT\">Principio de servicio<\/b><br \/>\nProporcionarle el mejor servicio con \"rapidez + satisfacci\u00f3n + seguridad\".<br \/>\n<b>Periodo de garant\u00eda<\/b><br \/>\n12 meses despu\u00e9s de que el usuario haya recibido el producto.<br \/>\n<b>Garant\u00eda<\/b><br \/>\nS\u00f3lo en caso de aver\u00eda anormal causada por un defecto de dise\u00f1o o fabricaci\u00f3n de la m\u00e1quina,<br \/>\nse proporcionar\u00e1 reparaci\u00f3n y accesorios gratuitos.<br \/>\n<b>Capacidad de servicio tecnol\u00f3gico<\/b><br \/>\nTodos los ingenieros de servicio, con muchos a\u00f1os de experiencia, han recibido una formaci\u00f3n tecnol\u00f3gica especial que les permite hacer frente a diversos problemas de aver\u00eda.<br \/>\nGuiar al usuario para que utilice con precisi\u00f3n el producto y sepa c\u00f3mo mantenerlo.<br \/>\nAsesoramiento gratuito sobre tecnolog\u00eda de procesos de producci\u00f3n de productos electr\u00f3nicos.<br \/>\n<b>Servicio postventa<\/b><br \/>\nPara garantizar el uso normal de la m\u00e1quina, ofrecemos formaci\u00f3n sobre el funcionamiento, el uso y el mantenimiento de nuestro producto mediante manuales en ingl\u00e9s, v\u00eddeos y orientaci\u00f3n en l\u00ednea.<br \/>\n<b>Instrucciones de uso<\/b><br \/>\nSolicite el tama\u00f1o completo correcto del producto, de lo contrario, las dimensiones incorrectas afectar\u00e1n al efecto de uso.<br \/>\nNo exceda el \u00e1mbito de aplicaci\u00f3n de los productos.<br \/>\nMantener el producto despu\u00e9s de su uso, a prueba de humedad, a prueba de \u00f3xido, a prueba de fugas, a prueba de explosiones, el mantenimiento regular y la inspecci\u00f3n deben ser atendidos. Todo hecho ayuda a extender el per\u00edodo de uso.<br \/>\n<b>Gesti\u00f3n de documentos de usuario<\/b><br \/>\nEstablecer una gesti\u00f3n perfecta de los documentos de usuario en el sistema EPR. Se prestar\u00e1 especial atenci\u00f3n a los usuarios.<br \/>\n<b>Acerca del producto<\/b><br \/>\n1. 1. Foto del producto: Todas las fotos del producto son tomadas por el producto real, Existe la aberraci\u00f3n crom\u00e1tica entre el producto y la foto, que es causada por la luz de disparo, el tama\u00f1o del producto, la tecnolog\u00eda manual y la pantalla del ordenador, etc. No es un problema de calidad. Partes de los productos<br \/>\nse cambian en apariencia debido a la tecnolog\u00eda revolucionaria y la mejora del proceso. SanShine garantizar\u00eda el par\u00e1metro del producto es sin cambios, el producto no podr\u00eda afectar a utilizar.<br \/>\n2.Tama\u00f1o del producto: Todos los par\u00e1metros se miden manualmente s\u00f3lo como referencia. Hay una peque\u00f1a desviaci\u00f3n debido a la diferencia de herramientas de medici\u00f3n, productos de lote y proceso de producci\u00f3n. Tama\u00f1o real debe ser de acuerdo con el producto final de entrega.<br \/>\n3.Inspecci\u00f3n de calidad: Todos los productos deben ser inspeccionados estrictamente antes del env\u00edo. Aseg\u00farese de la buena funci\u00f3n y aspecto.<\/p>\n<h2>V\u00eddeo de la m\u00e1quina Vacuz<\/h2>\n<p><iframe loading=\"lazy\" title=\"High Precision Factory Price Semi-Automatic 6 Axis Spindle Transformer Bobbin Coil Winding Machine\" width=\"1200\" height=\"675\" src=\"https:\/\/www.youtube.com\/embed\/4NUESQSmon8?feature=oembed\" frameborder=\"0\" allow=\"accelerometer; autoplay; clipboard-write; encrypted-media; gyroscope; picture-in-picture; web-share\" referrerpolicy=\"strict-origin-when-cross-origin\" allowfullscreen><\/iframe><\/p>\n<\/div>","protected":false},"excerpt":{"rendered":"<p>High Speed 6 Axis Six Spindles Semi Automatic Copper Wire CNC Transformer Bobbin Coil Needle Winding Machine This device uses a computer CNC control system to precisely locate the spindle by CPLD decoding and speed measurement. It is also equipped with a stepper motor with a constant current chopper to drive the wiring. It is [&hellip;]<\/p>\n","protected":false},"featured_media":4153,"template":"","meta":{"_gspb_post_css":"","_joinchat":[]},"product_brand":[],"product_cat":[796,778],"product_tag":[245],"class_list":{"0":"post-4152","1":"product","2":"type-product","3":"status-publish","4":"has-post-thumbnail","6":"product_cat-semi-automatic-transformer-coil-winding-machine","7":"product_cat-transformer-coil-production-machine","8":"product_tag-transformer-winding-machine","10":"first","11":"instock","12":"featured","13":"shipping-taxable","14":"product-type-simple"},"_links":{"self":[{"href":"https:\/\/vacuz.com\/es\/wp-json\/wp\/v2\/product\/4152","targetHints":{"allow":["GET"]}}],"collection":[{"href":"https:\/\/vacuz.com\/es\/wp-json\/wp\/v2\/product"}],"about":[{"href":"https:\/\/vacuz.com\/es\/wp-json\/wp\/v2\/types\/product"}],"wp:featuredmedia":[{"embeddable":true,"href":"https:\/\/vacuz.com\/es\/wp-json\/wp\/v2\/media\/4153"}],"wp:attachment":[{"href":"https:\/\/vacuz.com\/es\/wp-json\/wp\/v2\/media?parent=4152"}],"wp:term":[{"taxonomy":"product_brand","embeddable":true,"href":"https:\/\/vacuz.com\/es\/wp-json\/wp\/v2\/product_brand?post=4152"},{"taxonomy":"product_cat","embeddable":true,"href":"https:\/\/vacuz.com\/es\/wp-json\/wp\/v2\/product_cat?post=4152"},{"taxonomy":"product_tag","embeddable":true,"href":"https:\/\/vacuz.com\/es\/wp-json\/wp\/v2\/product_tag?post=4152"}],"curies":[{"name":"wp","href":"https:\/\/api.w.org\/{rel}","templated":true}]}}