{"id":4277,"date":"2022-01-22T09:01:06","date_gmt":"2022-01-22T09:01:06","guid":{"rendered":"https:\/\/vacuz.com\/?post_type=product&#038;p=4277"},"modified":"2025-11-07T01:42:24","modified_gmt":"2025-11-07T01:42:24","slug":"high-speed-four-station-automatic-external-armature-rotor-coil-flying-fork-winding-machine-for-power-tools-ac-dc-motor","status":"publish","type":"product","link":"https:\/\/vacuz.com\/es\/product\/high-speed-four-station-automatic-external-armature-rotor-coil-flying-fork-winding-machine-for-power-tools-ac-dc-motor\/","title":{"rendered":"Alta velocidad de cuatro estaciones autom\u00e1tico externo armadura rotor bobina tenedor volante m\u00e1quina de bobinado para herramientas el\u00e9ctricas AC DC Motor"},"content":{"rendered":"<h2>Alta velocidad de cuatro estaciones autom\u00e1tico externo armadura rotor bobina tenedor volante m\u00e1quina de bobinado para herramientas el\u00e9ctricas AC DC Motor<\/h2>\n<div>\n<h3><strong>Caracter\u00edsticas de la m\u00e1quina<\/strong><\/h3>\n<ol>\n<li><strong>Bastidor de soldadura sin costuras de alta intensidad, cuerpo de chapa integrado, reducci\u00f3n de las vibraciones y del ruido, aumento de la estabilidad de la m\u00e1quina<\/strong><\/li>\n<li><strong>Servomotores Panasonic, piezas neum\u00e1ticas SMC, gu\u00edas de tornillo THK, rodamientos de alta velocidad NSK, sensores Omron y otros componentes de calidad.<\/strong><\/li>\n<li><strong>Este modelo adopta servocable, que puede realizar la espera del material, la envoltura autom\u00e1tica del pie, el bobinado autom\u00e1tico, la indexaci\u00f3n autom\u00e1tica y la gesti\u00f3n autom\u00e1tica del hilo.<\/strong><\/li>\n<li><strong>Se utiliza el dispositivo de tensi\u00f3n electr\u00f3nica, los cables est\u00e1n ordenados y el cable esmaltado no se da\u00f1a.<\/strong><\/li>\n<li><strong>Esta m\u00e1quina tiene una gran versatilidad y puede adaptarse a una gran variedad de bobinados de rotor con diferentes di\u00e1metros de hilo, grosor de pila y n\u00famero de ranuras.<\/strong><\/li>\n<\/ol>\n<h3><strong>Machine Model: VMR-5404<\/strong><\/h3>\n<h3><strong>Principales par\u00e1metros t\u00e9cnicos<\/strong><\/h3>\n<table style=\"height: 470px;\" width=\"821\">\n<tbody>\n<tr>\n<td><strong>Di\u00e1metro del alambre<\/strong><\/td>\n<td><strong>0,1-0,45 mm<\/strong><\/td>\n<\/tr>\n<tr>\n<td><strong>Estaci\u00f3n<\/strong><\/td>\n<td><strong>4 Station<\/strong><\/td>\n<\/tr>\n<tr>\n<td><strong>M\u00e9todo de bobinado<\/strong><\/td>\n<td><strong>Tipo de bobinado de doble horquilla<\/strong><\/td>\n<\/tr>\n<tr>\n<td><strong>Di\u00e1metro exterior m\u00e1ximo de la chapa perforable<\/strong><\/td>\n<td><strong>85MM<\/strong><\/td>\n<\/tr>\n<tr>\n<td><strong>Espesor apilable<\/strong><\/td>\n<td><strong>\u226443mm<\/strong><\/td>\n<\/tr>\n<tr>\n<td><strong>N\u00famero de ejes<\/strong><\/td>\n<td><strong>3 ejes<\/strong><\/td>\n<\/tr>\n<tr>\n<td><strong>Velocidad de horquilla volante<\/strong><\/td>\n<td><strong>\u22643500RPM\/Min<\/strong><\/td>\n<\/tr>\n<tr>\n<td><strong>Tensi\u00f3n<\/strong><\/td>\n<td><strong>AC220V 50Hz<\/strong><\/td>\n<\/tr>\n<tr>\n<td><strong>Fuente de gas<\/strong><\/td>\n<td><strong>5-6 Bar<\/strong><\/td>\n<\/tr>\n<tr>\n<td><strong>Potencia<\/strong><\/td>\n<td><strong>4000W<\/strong><\/td>\n<\/tr>\n<tr>\n<td><strong>Velocidad de producci\u00f3n<\/strong><\/td>\n<td><strong>4 piezas\/50 segundos<\/strong><\/td>\n<\/tr>\n<tr>\n<td><strong>Peso<\/strong><\/td>\n<td><strong>750KG<\/strong><\/td>\n<\/tr>\n<\/tbody>\n<\/table>\n<p><img loading=\"lazy\" decoding=\"async\" class=\"size-full wp-image-4279\" src=\"https:\/\/vacuz.com\/wp-content\/uploads\/2022\/01\/Automatic-Rotor-Coil-Winding-Machine-2.jpg\" alt=\"Bobinadora de rotor autom\u00e1tica\" width=\"2000\" height=\"2000\" title=\"Alta velocidad de cuatro estaciones autom\u00e1tico externo armadura rotor bobina tenedor volante m\u00e1quina de bobinado para herramientas el\u00e9ctricas AC DC Motor\" srcset=\"https:\/\/vacuz.com\/wp-content\/uploads\/2022\/01\/Automatic-Rotor-Coil-Winding-Machine-2.jpg 2000w, https:\/\/vacuz.com\/wp-content\/uploads\/2022\/01\/Automatic-Rotor-Coil-Winding-Machine-2-500x500.jpg 500w, https:\/\/vacuz.com\/wp-content\/uploads\/2022\/01\/Automatic-Rotor-Coil-Winding-Machine-2-100x100.jpg 100w, https:\/\/vacuz.com\/wp-content\/uploads\/2022\/01\/Automatic-Rotor-Coil-Winding-Machine-2-700x700.jpg 700w, https:\/\/vacuz.com\/wp-content\/uploads\/2022\/01\/Automatic-Rotor-Coil-Winding-Machine-2-300x300.jpg 300w, https:\/\/vacuz.com\/wp-content\/uploads\/2022\/01\/Automatic-Rotor-Coil-Winding-Machine-2-1024x1024.jpg 1024w, https:\/\/vacuz.com\/wp-content\/uploads\/2022\/01\/Automatic-Rotor-Coil-Winding-Machine-2-150x150.jpg 150w, https:\/\/vacuz.com\/wp-content\/uploads\/2022\/01\/Automatic-Rotor-Coil-Winding-Machine-2-768x768.jpg 768w, https:\/\/vacuz.com\/wp-content\/uploads\/2022\/01\/Automatic-Rotor-Coil-Winding-Machine-2-1536x1536.jpg 1536w, https:\/\/vacuz.com\/wp-content\/uploads\/2022\/01\/Automatic-Rotor-Coil-Winding-Machine-2-12x12.jpg 12w, https:\/\/vacuz.com\/wp-content\/uploads\/2022\/01\/Automatic-Rotor-Coil-Winding-Machine-2-66x66.jpg 66w, https:\/\/vacuz.com\/wp-content\/uploads\/2022\/01\/Automatic-Rotor-Coil-Winding-Machine-2-200x200.jpg 200w, https:\/\/vacuz.com\/wp-content\/uploads\/2022\/01\/Automatic-Rotor-Coil-Winding-Machine-2-400x400.jpg 400w, https:\/\/vacuz.com\/wp-content\/uploads\/2022\/01\/Automatic-Rotor-Coil-Winding-Machine-2-600x600.jpg 600w, https:\/\/vacuz.com\/wp-content\/uploads\/2022\/01\/Automatic-Rotor-Coil-Winding-Machine-2-800x800.jpg 800w, https:\/\/vacuz.com\/wp-content\/uploads\/2022\/01\/Automatic-Rotor-Coil-Winding-Machine-2-1200x1200.jpg 1200w\" sizes=\"auto, (max-width: 2000px) 100vw, 2000px\" \/><\/p>\n<p><img loading=\"lazy\" decoding=\"async\" class=\"size-full wp-image-4280\" src=\"https:\/\/vacuz.com\/wp-content\/uploads\/2022\/01\/Automatic-Rotor-Coil-Winding-Machine-3-scaled.jpg\" alt=\"Bobinadora de rotor autom\u00e1tica\" width=\"2560\" height=\"1920\" title=\"Alta velocidad de cuatro estaciones autom\u00e1tico externo armadura rotor bobina tenedor volante m\u00e1quina de bobinado para herramientas el\u00e9ctricas AC DC Motor\" srcset=\"https:\/\/vacuz.com\/wp-content\/uploads\/2022\/01\/Automatic-Rotor-Coil-Winding-Machine-3-scaled.jpg 2560w, https:\/\/vacuz.com\/wp-content\/uploads\/2022\/01\/Automatic-Rotor-Coil-Winding-Machine-3-scaled-500x375.jpg 500w, https:\/\/vacuz.com\/wp-content\/uploads\/2022\/01\/Automatic-Rotor-Coil-Winding-Machine-3-scaled-700x525.jpg 700w, https:\/\/vacuz.com\/wp-content\/uploads\/2022\/01\/Automatic-Rotor-Coil-Winding-Machine-3-scaled-300x225.jpg 300w, https:\/\/vacuz.com\/wp-content\/uploads\/2022\/01\/Automatic-Rotor-Coil-Winding-Machine-3-scaled-1024x768.jpg 1024w, https:\/\/vacuz.com\/wp-content\/uploads\/2022\/01\/Automatic-Rotor-Coil-Winding-Machine-3-scaled-768x576.jpg 768w, https:\/\/vacuz.com\/wp-content\/uploads\/2022\/01\/Automatic-Rotor-Coil-Winding-Machine-3-scaled-1536x1152.jpg 1536w, https:\/\/vacuz.com\/wp-content\/uploads\/2022\/01\/Automatic-Rotor-Coil-Winding-Machine-3-scaled-2048x1536.jpg 2048w, https:\/\/vacuz.com\/wp-content\/uploads\/2022\/01\/Automatic-Rotor-Coil-Winding-Machine-3-scaled-16x12.jpg 16w, https:\/\/vacuz.com\/wp-content\/uploads\/2022\/01\/Automatic-Rotor-Coil-Winding-Machine-3-scaled-200x150.jpg 200w, https:\/\/vacuz.com\/wp-content\/uploads\/2022\/01\/Automatic-Rotor-Coil-Winding-Machine-3-scaled-400x300.jpg 400w, https:\/\/vacuz.com\/wp-content\/uploads\/2022\/01\/Automatic-Rotor-Coil-Winding-Machine-3-scaled-600x450.jpg 600w, https:\/\/vacuz.com\/wp-content\/uploads\/2022\/01\/Automatic-Rotor-Coil-Winding-Machine-3-scaled-800x600.jpg 800w, https:\/\/vacuz.com\/wp-content\/uploads\/2022\/01\/Automatic-Rotor-Coil-Winding-Machine-3-scaled-1200x900.jpg 1200w\" sizes=\"auto, (max-width: 2560px) 100vw, 2560px\" \/><\/p>\n<p><img loading=\"lazy\" decoding=\"async\" class=\"size-full wp-image-4281\" src=\"https:\/\/vacuz.com\/wp-content\/uploads\/2022\/01\/Automatic-Rotor-Coil-Winding-Machine-4-scaled.jpg\" alt=\"Bobinadora de rotor autom\u00e1tica\" width=\"2560\" height=\"1920\" title=\"Alta velocidad de cuatro estaciones autom\u00e1tico externo armadura rotor bobina tenedor volante m\u00e1quina de bobinado para herramientas el\u00e9ctricas AC DC Motor\" srcset=\"https:\/\/vacuz.com\/wp-content\/uploads\/2022\/01\/Automatic-Rotor-Coil-Winding-Machine-4-scaled.jpg 2560w, https:\/\/vacuz.com\/wp-content\/uploads\/2022\/01\/Automatic-Rotor-Coil-Winding-Machine-4-scaled-500x375.jpg 500w, https:\/\/vacuz.com\/wp-content\/uploads\/2022\/01\/Automatic-Rotor-Coil-Winding-Machine-4-scaled-700x525.jpg 700w, https:\/\/vacuz.com\/wp-content\/uploads\/2022\/01\/Automatic-Rotor-Coil-Winding-Machine-4-scaled-300x225.jpg 300w, https:\/\/vacuz.com\/wp-content\/uploads\/2022\/01\/Automatic-Rotor-Coil-Winding-Machine-4-scaled-1024x768.jpg 1024w, https:\/\/vacuz.com\/wp-content\/uploads\/2022\/01\/Automatic-Rotor-Coil-Winding-Machine-4-scaled-768x576.jpg 768w, https:\/\/vacuz.com\/wp-content\/uploads\/2022\/01\/Automatic-Rotor-Coil-Winding-Machine-4-scaled-1536x1152.jpg 1536w, https:\/\/vacuz.com\/wp-content\/uploads\/2022\/01\/Automatic-Rotor-Coil-Winding-Machine-4-scaled-2048x1536.jpg 2048w, https:\/\/vacuz.com\/wp-content\/uploads\/2022\/01\/Automatic-Rotor-Coil-Winding-Machine-4-scaled-16x12.jpg 16w, https:\/\/vacuz.com\/wp-content\/uploads\/2022\/01\/Automatic-Rotor-Coil-Winding-Machine-4-scaled-200x150.jpg 200w, https:\/\/vacuz.com\/wp-content\/uploads\/2022\/01\/Automatic-Rotor-Coil-Winding-Machine-4-scaled-400x300.jpg 400w, https:\/\/vacuz.com\/wp-content\/uploads\/2022\/01\/Automatic-Rotor-Coil-Winding-Machine-4-scaled-600x450.jpg 600w, https:\/\/vacuz.com\/wp-content\/uploads\/2022\/01\/Automatic-Rotor-Coil-Winding-Machine-4-scaled-800x600.jpg 800w, https:\/\/vacuz.com\/wp-content\/uploads\/2022\/01\/Automatic-Rotor-Coil-Winding-Machine-4-scaled-1200x900.jpg 1200w\" sizes=\"auto, (max-width: 2560px) 100vw, 2560px\" \/><\/p>\n<p><img loading=\"lazy\" decoding=\"async\" class=\"size-full wp-image-4282\" src=\"https:\/\/vacuz.com\/wp-content\/uploads\/2022\/01\/Automatic-Rotor-Coil-Winding-Machine-5-scaled.jpg\" alt=\"Bobinadora de rotor autom\u00e1tica\" width=\"2560\" height=\"1920\" title=\"Alta velocidad de cuatro estaciones autom\u00e1tico externo armadura rotor bobina tenedor volante m\u00e1quina de bobinado para herramientas el\u00e9ctricas AC DC Motor\" srcset=\"https:\/\/vacuz.com\/wp-content\/uploads\/2022\/01\/Automatic-Rotor-Coil-Winding-Machine-5-scaled.jpg 2560w, https:\/\/vacuz.com\/wp-content\/uploads\/2022\/01\/Automatic-Rotor-Coil-Winding-Machine-5-scaled-500x375.jpg 500w, https:\/\/vacuz.com\/wp-content\/uploads\/2022\/01\/Automatic-Rotor-Coil-Winding-Machine-5-scaled-700x525.jpg 700w, https:\/\/vacuz.com\/wp-content\/uploads\/2022\/01\/Automatic-Rotor-Coil-Winding-Machine-5-scaled-300x225.jpg 300w, https:\/\/vacuz.com\/wp-content\/uploads\/2022\/01\/Automatic-Rotor-Coil-Winding-Machine-5-scaled-1024x768.jpg 1024w, https:\/\/vacuz.com\/wp-content\/uploads\/2022\/01\/Automatic-Rotor-Coil-Winding-Machine-5-scaled-768x576.jpg 768w, https:\/\/vacuz.com\/wp-content\/uploads\/2022\/01\/Automatic-Rotor-Coil-Winding-Machine-5-scaled-1536x1152.jpg 1536w, https:\/\/vacuz.com\/wp-content\/uploads\/2022\/01\/Automatic-Rotor-Coil-Winding-Machine-5-scaled-2048x1536.jpg 2048w, https:\/\/vacuz.com\/wp-content\/uploads\/2022\/01\/Automatic-Rotor-Coil-Winding-Machine-5-scaled-16x12.jpg 16w, https:\/\/vacuz.com\/wp-content\/uploads\/2022\/01\/Automatic-Rotor-Coil-Winding-Machine-5-scaled-200x150.jpg 200w, https:\/\/vacuz.com\/wp-content\/uploads\/2022\/01\/Automatic-Rotor-Coil-Winding-Machine-5-scaled-400x300.jpg 400w, https:\/\/vacuz.com\/wp-content\/uploads\/2022\/01\/Automatic-Rotor-Coil-Winding-Machine-5-scaled-600x450.jpg 600w, https:\/\/vacuz.com\/wp-content\/uploads\/2022\/01\/Automatic-Rotor-Coil-Winding-Machine-5-scaled-800x600.jpg 800w, https:\/\/vacuz.com\/wp-content\/uploads\/2022\/01\/Automatic-Rotor-Coil-Winding-Machine-5-scaled-1200x900.jpg 1200w\" sizes=\"auto, (max-width: 2560px) 100vw, 2560px\" \/><\/p>\n<\/div>\n<h3><span style=\"font-size: 23.04px;\">Informaci\u00f3n sobre la empresa<\/span><\/h3>\n<div>\n<p><strong>Vacuz Machine Factory se fund\u00f3 en mayo de 2007, con sede en la ciudad de Dongguan, provincia de Guangdong. Es un fabricante profesional dedicado a la investigaci\u00f3n, desarrollo, producci\u00f3n, venta y servicio de m\u00e1quinas de bobinado autom\u00e1tico, m\u00e1quinas de bobinado de bobinas, m\u00e1quinas de bobinado de transformadores, m\u00e1quinas de bobinado de motores, m\u00e1quinas de bobinado de bobinas inal\u00e1mbricas, m\u00e1quinas de bobinado de inductores de modo com\u00fan SQ y otras m\u00e1quinas de bobinado no est\u00e1ndar. Con buenas ventas en todas las ciudades y provincias de China, nuestros productos tambi\u00e9n se exportan a clientes de pa\u00edses y regiones como Oriente Medio, Europa, \u00c1frica, Asia y Norteam\u00e9rica. Ya sea seleccionando un producto actual de nuestro cat\u00e1logo o buscando asistencia de ingenier\u00eda para su aplicaci\u00f3n, puede hablar con nuestro centro de atenci\u00f3n al cliente sobre sus requisitos de abastecimiento. La calidad es nuestra cultura. Esperamos contar pronto con su colaboraci\u00f3n.<\/strong><\/p>\n<p><img loading=\"lazy\" decoding=\"async\" class=\"alignnone size-full wp-image-4136\" src=\"https:\/\/vacuz.com\/wp-content\/uploads\/2022\/01\/Company-info-1.jpg\" alt=\"Informaci\u00f3n de la empresa 1\" width=\"1200\" height=\"800\" title=\"Alta velocidad de cuatro estaciones autom\u00e1tico externo armadura rotor bobina tenedor volante m\u00e1quina de bobinado para herramientas el\u00e9ctricas AC DC Motor\" srcset=\"https:\/\/vacuz.com\/wp-content\/uploads\/2022\/01\/Company-info-1.jpg 1200w, https:\/\/vacuz.com\/wp-content\/uploads\/2022\/01\/Company-info-1-500x333.jpg 500w, https:\/\/vacuz.com\/wp-content\/uploads\/2022\/01\/Company-info-1-700x467.jpg 700w, https:\/\/vacuz.com\/wp-content\/uploads\/2022\/01\/Company-info-1-300x200.jpg 300w, https:\/\/vacuz.com\/wp-content\/uploads\/2022\/01\/Company-info-1-1024x683.jpg 1024w, https:\/\/vacuz.com\/wp-content\/uploads\/2022\/01\/Company-info-1-768x512.jpg 768w, https:\/\/vacuz.com\/wp-content\/uploads\/2022\/01\/Company-info-1-18x12.jpg 18w, https:\/\/vacuz.com\/wp-content\/uploads\/2022\/01\/Company-info-1-200x133.jpg 200w, https:\/\/vacuz.com\/wp-content\/uploads\/2022\/01\/Company-info-1-400x267.jpg 400w, https:\/\/vacuz.com\/wp-content\/uploads\/2022\/01\/Company-info-1-600x400.jpg 600w, https:\/\/vacuz.com\/wp-content\/uploads\/2022\/01\/Company-info-1-800x533.jpg 800w\" sizes=\"auto, (max-width: 1200px) 100vw, 1200px\" \/><\/p>\n<p><img loading=\"lazy\" decoding=\"async\" class=\"size-full wp-image-4126\" src=\"https:\/\/vacuz.com\/wp-content\/uploads\/2022\/01\/Company-info.jpg\" alt=\"Vacuz Informaci\u00f3n de la empresa\" width=\"1754\" height=\"1241\" title=\"Alta velocidad de cuatro estaciones autom\u00e1tico externo armadura rotor bobina tenedor volante m\u00e1quina de bobinado para herramientas el\u00e9ctricas AC DC Motor\" srcset=\"https:\/\/vacuz.com\/wp-content\/uploads\/2022\/01\/Company-info.jpg 1754w, https:\/\/vacuz.com\/wp-content\/uploads\/2022\/01\/Company-info-500x354.jpg 500w, https:\/\/vacuz.com\/wp-content\/uploads\/2022\/01\/Company-info-700x495.jpg 700w, https:\/\/vacuz.com\/wp-content\/uploads\/2022\/01\/Company-info-300x212.jpg 300w, https:\/\/vacuz.com\/wp-content\/uploads\/2022\/01\/Company-info-1024x725.jpg 1024w, https:\/\/vacuz.com\/wp-content\/uploads\/2022\/01\/Company-info-768x543.jpg 768w, https:\/\/vacuz.com\/wp-content\/uploads\/2022\/01\/Company-info-1536x1087.jpg 1536w, https:\/\/vacuz.com\/wp-content\/uploads\/2022\/01\/Company-info-18x12.jpg 18w, https:\/\/vacuz.com\/wp-content\/uploads\/2022\/01\/Company-info-200x142.jpg 200w, https:\/\/vacuz.com\/wp-content\/uploads\/2022\/01\/Company-info-400x283.jpg 400w, https:\/\/vacuz.com\/wp-content\/uploads\/2022\/01\/Company-info-600x425.jpg 600w, https:\/\/vacuz.com\/wp-content\/uploads\/2022\/01\/Company-info-800x566.jpg 800w, https:\/\/vacuz.com\/wp-content\/uploads\/2022\/01\/Company-info-1200x849.jpg 1200w\" sizes=\"auto, (max-width: 1754px) 100vw, 1754px\" \/><\/p>\n<p><img loading=\"lazy\" decoding=\"async\" class=\"size-full wp-image-4132\" src=\"https:\/\/vacuz.com\/wp-content\/uploads\/2022\/01\/\u5408\u4f5c\u4f19\u4f34.jpg\" alt=\"Socios\" width=\"1200\" height=\"555\" title=\"Alta velocidad de cuatro estaciones autom\u00e1tico externo armadura rotor bobina tenedor volante m\u00e1quina de bobinado para herramientas el\u00e9ctricas AC DC Motor\" srcset=\"https:\/\/vacuz.com\/wp-content\/uploads\/2022\/01\/\u5408\u4f5c\u4f19\u4f34.jpg 1200w, https:\/\/vacuz.com\/wp-content\/uploads\/2022\/01\/\u5408\u4f5c\u4f19\u4f34-500x231.jpg 500w, https:\/\/vacuz.com\/wp-content\/uploads\/2022\/01\/\u5408\u4f5c\u4f19\u4f34-700x324.jpg 700w, https:\/\/vacuz.com\/wp-content\/uploads\/2022\/01\/\u5408\u4f5c\u4f19\u4f34-300x139.jpg 300w, https:\/\/vacuz.com\/wp-content\/uploads\/2022\/01\/\u5408\u4f5c\u4f19\u4f34-1024x474.jpg 1024w, https:\/\/vacuz.com\/wp-content\/uploads\/2022\/01\/\u5408\u4f5c\u4f19\u4f34-768x355.jpg 768w, https:\/\/vacuz.com\/wp-content\/uploads\/2022\/01\/\u5408\u4f5c\u4f19\u4f34-18x8.jpg 18w, https:\/\/vacuz.com\/wp-content\/uploads\/2022\/01\/\u5408\u4f5c\u4f19\u4f34-200x93.jpg 200w, https:\/\/vacuz.com\/wp-content\/uploads\/2022\/01\/\u5408\u4f5c\u4f19\u4f34-400x185.jpg 400w, https:\/\/vacuz.com\/wp-content\/uploads\/2022\/01\/\u5408\u4f5c\u4f19\u4f34-600x278.jpg 600w, https:\/\/vacuz.com\/wp-content\/uploads\/2022\/01\/\u5408\u4f5c\u4f19\u4f34-800x370.jpg 800w\" sizes=\"auto, (max-width: 1200px) 100vw, 1200px\" \/><\/p>\n<p><img loading=\"lazy\" decoding=\"async\" class=\"size-full wp-image-4127\" src=\"https:\/\/vacuz.com\/wp-content\/uploads\/2022\/01\/Jeltecn\u8ba4\u8bc1.jpg\" alt=\"Certificado Vacuz\" width=\"1200\" height=\"549\" title=\"Alta velocidad de cuatro estaciones autom\u00e1tico externo armadura rotor bobina tenedor volante m\u00e1quina de bobinado para herramientas el\u00e9ctricas AC DC Motor\" srcset=\"https:\/\/vacuz.com\/wp-content\/uploads\/2022\/01\/Jeltecn\u8ba4\u8bc1.jpg 1200w, https:\/\/vacuz.com\/wp-content\/uploads\/2022\/01\/Jeltecn\u8ba4\u8bc1-500x229.jpg 500w, https:\/\/vacuz.com\/wp-content\/uploads\/2022\/01\/Jeltecn\u8ba4\u8bc1-700x320.jpg 700w, https:\/\/vacuz.com\/wp-content\/uploads\/2022\/01\/Jeltecn\u8ba4\u8bc1-300x137.jpg 300w, https:\/\/vacuz.com\/wp-content\/uploads\/2022\/01\/Jeltecn\u8ba4\u8bc1-1024x468.jpg 1024w, https:\/\/vacuz.com\/wp-content\/uploads\/2022\/01\/Jeltecn\u8ba4\u8bc1-768x351.jpg 768w, https:\/\/vacuz.com\/wp-content\/uploads\/2022\/01\/Jeltecn\u8ba4\u8bc1-18x8.jpg 18w, https:\/\/vacuz.com\/wp-content\/uploads\/2022\/01\/Jeltecn\u8ba4\u8bc1-200x92.jpg 200w, https:\/\/vacuz.com\/wp-content\/uploads\/2022\/01\/Jeltecn\u8ba4\u8bc1-400x183.jpg 400w, https:\/\/vacuz.com\/wp-content\/uploads\/2022\/01\/Jeltecn\u8ba4\u8bc1-600x275.jpg 600w, https:\/\/vacuz.com\/wp-content\/uploads\/2022\/01\/Jeltecn\u8ba4\u8bc1-800x366.jpg 800w\" sizes=\"auto, (max-width: 1200px) 100vw, 1200px\" \/><\/p>\n<h3>Embalaje y env\u00edo<\/h3>\n<p><strong>1.Puerto: Shanghai\/Shenzhen o su elecci\u00f3n<\/strong><\/p>\n<p><strong>Embalaje y transporte<\/strong><br \/>\n<strong>Embalaje general (cart\u00f3n o bolsa de pl\u00e1stico): Para mercanc\u00edas peque\u00f1as, empaqu\u00e9telas con papel de embalaje para garantizar que no se rompan durante el transporte.<\/strong><br \/>\n<strong>Embalaje de madera: Para las mercanc\u00edas a gran escala como el equipo de la m\u00e1quina etc, tenemos carpintero experto especial, que har\u00eda el caso de madera apropiado con grueso exacto, densidad, longitud. La flecha hacia arriba \u2191marcado en la caja de madera exterior. Material de amortiguaci\u00f3n se pondr\u00eda en la caja de madera para evitar grietas y golpes. Le informaremos del albar\u00e1n de entrega. S\u00f3lo tiene que esperar la llamada telef\u00f3nica y recoger la mercanc\u00eda en la estaci\u00f3n log\u00edstica m\u00e1s cercana (por favor, av\u00edseme con antelaci\u00f3n si desea recibir la mercanc\u00eda en casa).<\/strong><\/p>\n<p><img loading=\"lazy\" decoding=\"async\" class=\"size-full wp-image-4124\" src=\"https:\/\/vacuz.com\/wp-content\/uploads\/2022\/01\/Winding-Machine-Shipping-and-packing-4.jpg\" alt=\"M\u00e1quina bobinadora Env\u00edo y embalaje-4\" width=\"1512\" height=\"2016\" title=\"Alta velocidad de cuatro estaciones autom\u00e1tico externo armadura rotor bobina tenedor volante m\u00e1quina de bobinado para herramientas el\u00e9ctricas AC DC Motor\" srcset=\"https:\/\/vacuz.com\/wp-content\/uploads\/2022\/01\/Winding-Machine-Shipping-and-packing-4.jpg 1512w, https:\/\/vacuz.com\/wp-content\/uploads\/2022\/01\/Winding-Machine-Shipping-and-packing-4-500x667.jpg 500w, https:\/\/vacuz.com\/wp-content\/uploads\/2022\/01\/Winding-Machine-Shipping-and-packing-4-700x933.jpg 700w, https:\/\/vacuz.com\/wp-content\/uploads\/2022\/01\/Winding-Machine-Shipping-and-packing-4-225x300.jpg 225w, https:\/\/vacuz.com\/wp-content\/uploads\/2022\/01\/Winding-Machine-Shipping-and-packing-4-768x1024.jpg 768w, https:\/\/vacuz.com\/wp-content\/uploads\/2022\/01\/Winding-Machine-Shipping-and-packing-4-1152x1536.jpg 1152w, https:\/\/vacuz.com\/wp-content\/uploads\/2022\/01\/Winding-Machine-Shipping-and-packing-4-9x12.jpg 9w, https:\/\/vacuz.com\/wp-content\/uploads\/2022\/01\/Winding-Machine-Shipping-and-packing-4-200x267.jpg 200w, https:\/\/vacuz.com\/wp-content\/uploads\/2022\/01\/Winding-Machine-Shipping-and-packing-4-400x533.jpg 400w, https:\/\/vacuz.com\/wp-content\/uploads\/2022\/01\/Winding-Machine-Shipping-and-packing-4-600x800.jpg 600w, https:\/\/vacuz.com\/wp-content\/uploads\/2022\/01\/Winding-Machine-Shipping-and-packing-4-800x1067.jpg 800w, https:\/\/vacuz.com\/wp-content\/uploads\/2022\/01\/Winding-Machine-Shipping-and-packing-4-1200x1600.jpg 1200w\" sizes=\"auto, (max-width: 1512px) 100vw, 1512px\" \/><\/p>\n<p>&nbsp;<\/p>\n<h2>Vacuz Servicio y Fuerza<\/h2>\n<p><b data-spm-anchor-id=\"a2700.details.0.i31.182f594ewjEnUT\">Principio de servicio<\/b><br \/>\nProporcionarle el mejor servicio con \"rapidez + satisfacci\u00f3n + seguridad\".<br \/>\n<b>Periodo de garant\u00eda<\/b><br \/>\n12 meses despu\u00e9s de que el usuario haya recibido el producto.<br \/>\n<b>Garant\u00eda<\/b><br \/>\nS\u00f3lo en caso de aver\u00eda anormal causada por un defecto de dise\u00f1o o fabricaci\u00f3n de la m\u00e1quina,<br \/>\nse proporcionar\u00e1 reparaci\u00f3n y accesorios gratuitos.<br \/>\n<b>Capacidad de servicio tecnol\u00f3gico<\/b><br \/>\nTodos los ingenieros de servicio, con muchos a\u00f1os de experiencia, han recibido una formaci\u00f3n tecnol\u00f3gica especial que les permite hacer frente a diversos problemas de aver\u00eda.<br \/>\nGuiar al usuario para que utilice con precisi\u00f3n el producto y sepa c\u00f3mo mantenerlo.<br \/>\nAsesoramiento gratuito sobre tecnolog\u00eda de procesos de producci\u00f3n de productos electr\u00f3nicos.<br \/>\n<b>Servicio postventa<\/b><br \/>\nPara garantizar el uso normal de la m\u00e1quina, ofrecemos formaci\u00f3n sobre el funcionamiento, el uso y el mantenimiento de nuestro producto mediante manuales en ingl\u00e9s, v\u00eddeos y orientaci\u00f3n en l\u00ednea.<br \/>\n<b>Instrucciones de uso<\/b><br \/>\nSolicite el tama\u00f1o completo correcto del producto, de lo contrario, las dimensiones incorrectas afectar\u00e1n al efecto de uso.<br \/>\nNo exceda el \u00e1mbito de aplicaci\u00f3n de los productos.<br \/>\nMantener el producto despu\u00e9s de su uso, a prueba de humedad, a prueba de \u00f3xido, a prueba de fugas, a prueba de explosiones, el mantenimiento regular y la inspecci\u00f3n deben ser atendidos. Todo hecho ayuda a extender el per\u00edodo de uso.<br \/>\n<b>Gesti\u00f3n de documentos de usuario<\/b><br \/>\nEstablecer una gesti\u00f3n perfecta de los documentos de usuario en el sistema EPR. Se prestar\u00e1 especial atenci\u00f3n a los usuarios.<br \/>\n<b>Acerca del producto<\/b><br \/>\n1. 1. Foto del producto: Todas las fotos del producto son tomadas por el producto real, Existe la aberraci\u00f3n crom\u00e1tica entre el producto y la foto, que es causada por la luz de disparo, el tama\u00f1o del producto, la tecnolog\u00eda manual y la pantalla del ordenador, etc. No es un problema de calidad. Partes de los productos<br \/>\nse cambian en apariencia debido a la tecnolog\u00eda revolucionaria y la mejora del proceso. SanShine garantizar\u00eda el par\u00e1metro del producto es sin cambios, el producto no podr\u00eda afectar a utilizar.<br \/>\n2.Tama\u00f1o del producto: Todos los par\u00e1metros se miden manualmente s\u00f3lo como referencia. Hay una peque\u00f1a desviaci\u00f3n debido a la diferencia de herramientas de medici\u00f3n, productos de lote y proceso de producci\u00f3n. Tama\u00f1o real debe ser de acuerdo con el producto final de entrega.<br \/>\n3.Inspecci\u00f3n de calidad: Todos los productos deben ser inspeccionados estrictamente antes del env\u00edo. Aseg\u00farese de la buena funci\u00f3n y aspecto.<\/p>\n<h2>V\u00eddeo de la m\u00e1quina Vacuz<\/h2>\n<p><iframe loading=\"lazy\" title=\"Automatic Armature Rotor Winder Machine For Power Hand Tools Stator Motor Coil For Mixer Grinder\" width=\"1200\" height=\"900\" src=\"https:\/\/www.youtube.com\/embed\/3lW_9dyAqN0?feature=oembed\" frameborder=\"0\" allow=\"accelerometer; autoplay; clipboard-write; encrypted-media; gyroscope; picture-in-picture; web-share\" referrerpolicy=\"strict-origin-when-cross-origin\" allowfullscreen><\/iframe><\/p>\n<\/div>","protected":false},"excerpt":{"rendered":"<p>High Speed Four Station Automatic External Armature Rotor Coil Flying Fork Winding Machine For Power Tools AC DC Motor Machine Features High intensity seamless welding frame, integrated sheet metal body, vibration reduction and noise reduction, increase machine stability Panasonic servo motors, SMC pneumatic parts, THK screw guides, NSK high speed bearings, Omron sensors and other [&hellip;]<\/p>\n","protected":false},"featured_media":4279,"template":"","meta":{"_gspb_post_css":"","_joinchat":[]},"product_brand":[],"product_cat":[774,813],"product_tag":[380,246],"class_list":{"0":"post-4277","1":"product","2":"type-product","3":"status-publish","4":"has-post-thumbnail","6":"product_cat-armature-rotor-production-machine","7":"product_cat-rotor-winding-machine","8":"product_tag-armature-rotor-winding-machine","9":"product_tag-motor-winding-machine","11":"first","12":"instock","13":"featured","14":"shipping-taxable","15":"product-type-simple"},"_links":{"self":[{"href":"https:\/\/vacuz.com\/es\/wp-json\/wp\/v2\/product\/4277","targetHints":{"allow":["GET"]}}],"collection":[{"href":"https:\/\/vacuz.com\/es\/wp-json\/wp\/v2\/product"}],"about":[{"href":"https:\/\/vacuz.com\/es\/wp-json\/wp\/v2\/types\/product"}],"wp:featuredmedia":[{"embeddable":true,"href":"https:\/\/vacuz.com\/es\/wp-json\/wp\/v2\/media\/4279"}],"wp:attachment":[{"href":"https:\/\/vacuz.com\/es\/wp-json\/wp\/v2\/media?parent=4277"}],"wp:term":[{"taxonomy":"product_brand","embeddable":true,"href":"https:\/\/vacuz.com\/es\/wp-json\/wp\/v2\/product_brand?post=4277"},{"taxonomy":"product_cat","embeddable":true,"href":"https:\/\/vacuz.com\/es\/wp-json\/wp\/v2\/product_cat?post=4277"},{"taxonomy":"product_tag","embeddable":true,"href":"https:\/\/vacuz.com\/es\/wp-json\/wp\/v2\/product_tag?post=4277"}],"curies":[{"name":"wp","href":"https:\/\/api.w.org\/{rel}","templated":true}]}}