{"id":4285,"date":"2022-01-22T09:32:51","date_gmt":"2022-01-22T09:32:51","guid":{"rendered":"https:\/\/vacuz.com\/?post_type=product&#038;p=4285"},"modified":"2025-11-03T07:17:31","modified_gmt":"2025-11-03T07:17:31","slug":"factory-price-automatic-armature-rotor-coil-insulation-paper-insertion-machine","status":"publish","type":"product","link":"https:\/\/vacuz.com\/es\/product\/factory-price-automatic-armature-rotor-coil-insulation-paper-insertion-machine\/","title":{"rendered":"Precio de f\u00e1brica autom\u00e1tico de la armadura del rotor de la bobina de papel aislante de inserci\u00f3n de la m\u00e1quina"},"content":{"rendered":"<h2>Precio de f\u00e1brica autom\u00e1tico de la armadura del rotor de la bobina de papel aislante de inserci\u00f3n de la m\u00e1quina<\/h2>\n<div>\n<h3><strong>Caracter\u00edsticas de la m\u00e1quina<\/strong><\/h3>\n<ol>\n<li><strong>Alimentaci\u00f3n autom\u00e1tica de papel aislante, corte autom\u00e1tico, indexaci\u00f3n autom\u00e1tica, inserci\u00f3n autom\u00e1tica de papel<\/strong><\/li>\n<li><strong>Moldeado con acero para troqueles, adecuado para diversos tipos y grosores de papel aislante<\/strong><\/li>\n<li><strong>Existen dos tipos de m\u00e1quinas de papel aislante de ranura, verticales y horizontales, que se adaptan a las necesidades de inserci\u00f3n de papel de diferentes bobinas.<\/strong><\/li>\n<\/ol>\n<h3><strong>Principales par\u00e1metros t\u00e9cnicos<\/strong><\/h3>\n<table style=\"height: 480px;\" width=\"947\">\n<tbody>\n<tr>\n<td><strong>Di\u00e1metro exterior m\u00ednimo del estator<\/strong><\/td>\n<td><strong>17 mm<\/strong><\/td>\n<\/tr>\n<tr>\n<td><strong>Di\u00e1metro exterior m\u00e1ximo del estator<\/strong><\/td>\n<td><strong>175 mm<\/strong><\/td>\n<\/tr>\n<tr>\n<td><strong>Di\u00e1metro interior m\u00ednimo del estator<\/strong><\/td>\n<td><strong>17 mm<\/strong><\/td>\n<\/tr>\n<tr>\n<td><strong>Di\u00e1metro interior m\u00e1ximo del estator<\/strong><\/td>\n<td><strong>100 mm<\/strong><\/td>\n<\/tr>\n<tr>\n<td><strong>Espesor<\/strong><\/td>\n<td><strong>10-90 mm<\/strong><\/td>\n<\/tr>\n<tr>\n<td><strong>N\u00famero m\u00ednimo de ranura<\/strong><\/td>\n<td><strong>2<\/strong><\/td>\n<\/tr>\n<tr>\n<td><strong>N\u00famero m\u00e1ximo de ranuras<\/strong><\/td>\n<td><strong>48<\/strong><\/td>\n<\/tr>\n<tr>\n<td><strong>Duraci\u00f3n del ciclo<\/strong><\/td>\n<td><strong>0,5-0,8S\/Slot<\/strong><\/td>\n<\/tr>\n<tr>\n<td><strong>Presi\u00f3n atmosf\u00e9rica<\/strong><\/td>\n<td><strong>0,4-0,65MPA<\/strong><\/td>\n<\/tr>\n<tr>\n<td><strong>Tensi\u00f3n<\/strong><\/td>\n<td><strong>AC380V\/60Hz<\/strong><\/td>\n<\/tr>\n<tr>\n<td><strong>Potencia<\/strong><\/td>\n<td><strong>750W<\/strong><\/td>\n<\/tr>\n<tr>\n<td><strong>Dimensi\u00f3n de la m\u00e1quina<\/strong><\/td>\n<td><strong>950*1000*1000mm<\/strong><\/td>\n<\/tr>\n<\/tbody>\n<\/table>\n<p><img loading=\"lazy\" decoding=\"async\" class=\"size-full wp-image-4286\" src=\"https:\/\/vacuz.com\/wp-content\/uploads\/2022\/01\/Automatic-Rotor-Insulation-Paper-Insert-Machine-1.jpg\" alt=\"M\u00e1quina autom\u00e1tica de inserci\u00f3n de papel aislante en el rotor\" width=\"1000\" height=\"1000\" title=\"Precio de f\u00e1brica autom\u00e1tico de la armadura del rotor de la bobina de papel aislante de inserci\u00f3n de la m\u00e1quina\" srcset=\"https:\/\/vacuz.com\/wp-content\/uploads\/2022\/01\/Automatic-Rotor-Insulation-Paper-Insert-Machine-1.jpg 1000w, https:\/\/vacuz.com\/wp-content\/uploads\/2022\/01\/Automatic-Rotor-Insulation-Paper-Insert-Machine-1-500x500.jpg 500w, https:\/\/vacuz.com\/wp-content\/uploads\/2022\/01\/Automatic-Rotor-Insulation-Paper-Insert-Machine-1-100x100.jpg 100w, https:\/\/vacuz.com\/wp-content\/uploads\/2022\/01\/Automatic-Rotor-Insulation-Paper-Insert-Machine-1-700x700.jpg 700w, https:\/\/vacuz.com\/wp-content\/uploads\/2022\/01\/Automatic-Rotor-Insulation-Paper-Insert-Machine-1-300x300.jpg 300w, https:\/\/vacuz.com\/wp-content\/uploads\/2022\/01\/Automatic-Rotor-Insulation-Paper-Insert-Machine-1-150x150.jpg 150w, https:\/\/vacuz.com\/wp-content\/uploads\/2022\/01\/Automatic-Rotor-Insulation-Paper-Insert-Machine-1-768x768.jpg 768w, https:\/\/vacuz.com\/wp-content\/uploads\/2022\/01\/Automatic-Rotor-Insulation-Paper-Insert-Machine-1-12x12.jpg 12w, https:\/\/vacuz.com\/wp-content\/uploads\/2022\/01\/Automatic-Rotor-Insulation-Paper-Insert-Machine-1-66x66.jpg 66w, https:\/\/vacuz.com\/wp-content\/uploads\/2022\/01\/Automatic-Rotor-Insulation-Paper-Insert-Machine-1-200x200.jpg 200w, https:\/\/vacuz.com\/wp-content\/uploads\/2022\/01\/Automatic-Rotor-Insulation-Paper-Insert-Machine-1-400x400.jpg 400w, https:\/\/vacuz.com\/wp-content\/uploads\/2022\/01\/Automatic-Rotor-Insulation-Paper-Insert-Machine-1-600x600.jpg 600w, https:\/\/vacuz.com\/wp-content\/uploads\/2022\/01\/Automatic-Rotor-Insulation-Paper-Insert-Machine-1-800x800.jpg 800w\" sizes=\"auto, (max-width: 1000px) 100vw, 1000px\" \/><\/p>\n<p><img loading=\"lazy\" decoding=\"async\" class=\"size-full wp-image-4287\" src=\"https:\/\/vacuz.com\/wp-content\/uploads\/2022\/01\/Automatic-Rotor-Insulation-Paper-Insert-Machine-2.jpg\" alt=\"M\u00e1quina autom\u00e1tica de inserci\u00f3n de papel aislante en el rotor\" width=\"1000\" height=\"1000\" title=\"Precio de f\u00e1brica autom\u00e1tico de la armadura del rotor de la bobina de papel aislante de inserci\u00f3n de la m\u00e1quina\" srcset=\"https:\/\/vacuz.com\/wp-content\/uploads\/2022\/01\/Automatic-Rotor-Insulation-Paper-Insert-Machine-2.jpg 1000w, https:\/\/vacuz.com\/wp-content\/uploads\/2022\/01\/Automatic-Rotor-Insulation-Paper-Insert-Machine-2-500x500.jpg 500w, https:\/\/vacuz.com\/wp-content\/uploads\/2022\/01\/Automatic-Rotor-Insulation-Paper-Insert-Machine-2-100x100.jpg 100w, https:\/\/vacuz.com\/wp-content\/uploads\/2022\/01\/Automatic-Rotor-Insulation-Paper-Insert-Machine-2-700x700.jpg 700w, https:\/\/vacuz.com\/wp-content\/uploads\/2022\/01\/Automatic-Rotor-Insulation-Paper-Insert-Machine-2-300x300.jpg 300w, https:\/\/vacuz.com\/wp-content\/uploads\/2022\/01\/Automatic-Rotor-Insulation-Paper-Insert-Machine-2-150x150.jpg 150w, https:\/\/vacuz.com\/wp-content\/uploads\/2022\/01\/Automatic-Rotor-Insulation-Paper-Insert-Machine-2-768x768.jpg 768w, https:\/\/vacuz.com\/wp-content\/uploads\/2022\/01\/Automatic-Rotor-Insulation-Paper-Insert-Machine-2-12x12.jpg 12w, https:\/\/vacuz.com\/wp-content\/uploads\/2022\/01\/Automatic-Rotor-Insulation-Paper-Insert-Machine-2-66x66.jpg 66w, https:\/\/vacuz.com\/wp-content\/uploads\/2022\/01\/Automatic-Rotor-Insulation-Paper-Insert-Machine-2-200x200.jpg 200w, https:\/\/vacuz.com\/wp-content\/uploads\/2022\/01\/Automatic-Rotor-Insulation-Paper-Insert-Machine-2-400x400.jpg 400w, https:\/\/vacuz.com\/wp-content\/uploads\/2022\/01\/Automatic-Rotor-Insulation-Paper-Insert-Machine-2-600x600.jpg 600w, https:\/\/vacuz.com\/wp-content\/uploads\/2022\/01\/Automatic-Rotor-Insulation-Paper-Insert-Machine-2-800x800.jpg 800w\" sizes=\"auto, (max-width: 1000px) 100vw, 1000px\" \/><\/p>\n<p><img loading=\"lazy\" decoding=\"async\" class=\"size-full wp-image-4289\" src=\"https:\/\/vacuz.com\/wp-content\/uploads\/2022\/01\/Automatic-Rotor-Insulation-Paper-Insert-Machine-4.jpg\" alt=\"M\u00e1quina autom\u00e1tica de inserci\u00f3n de papel aislante en el rotor\" width=\"1000\" height=\"1000\" title=\"Precio de f\u00e1brica autom\u00e1tico de la armadura del rotor de la bobina de papel aislante de inserci\u00f3n de la m\u00e1quina\" srcset=\"https:\/\/vacuz.com\/wp-content\/uploads\/2022\/01\/Automatic-Rotor-Insulation-Paper-Insert-Machine-4.jpg 1000w, https:\/\/vacuz.com\/wp-content\/uploads\/2022\/01\/Automatic-Rotor-Insulation-Paper-Insert-Machine-4-500x500.jpg 500w, https:\/\/vacuz.com\/wp-content\/uploads\/2022\/01\/Automatic-Rotor-Insulation-Paper-Insert-Machine-4-100x100.jpg 100w, https:\/\/vacuz.com\/wp-content\/uploads\/2022\/01\/Automatic-Rotor-Insulation-Paper-Insert-Machine-4-700x700.jpg 700w, https:\/\/vacuz.com\/wp-content\/uploads\/2022\/01\/Automatic-Rotor-Insulation-Paper-Insert-Machine-4-300x300.jpg 300w, https:\/\/vacuz.com\/wp-content\/uploads\/2022\/01\/Automatic-Rotor-Insulation-Paper-Insert-Machine-4-150x150.jpg 150w, https:\/\/vacuz.com\/wp-content\/uploads\/2022\/01\/Automatic-Rotor-Insulation-Paper-Insert-Machine-4-768x768.jpg 768w, https:\/\/vacuz.com\/wp-content\/uploads\/2022\/01\/Automatic-Rotor-Insulation-Paper-Insert-Machine-4-12x12.jpg 12w, https:\/\/vacuz.com\/wp-content\/uploads\/2022\/01\/Automatic-Rotor-Insulation-Paper-Insert-Machine-4-66x66.jpg 66w, https:\/\/vacuz.com\/wp-content\/uploads\/2022\/01\/Automatic-Rotor-Insulation-Paper-Insert-Machine-4-200x200.jpg 200w, https:\/\/vacuz.com\/wp-content\/uploads\/2022\/01\/Automatic-Rotor-Insulation-Paper-Insert-Machine-4-400x400.jpg 400w, https:\/\/vacuz.com\/wp-content\/uploads\/2022\/01\/Automatic-Rotor-Insulation-Paper-Insert-Machine-4-600x600.jpg 600w, https:\/\/vacuz.com\/wp-content\/uploads\/2022\/01\/Automatic-Rotor-Insulation-Paper-Insert-Machine-4-800x800.jpg 800w\" sizes=\"auto, (max-width: 1000px) 100vw, 1000px\" \/><\/p>\n<p><img loading=\"lazy\" decoding=\"async\" class=\"size-full wp-image-4288\" src=\"https:\/\/vacuz.com\/wp-content\/uploads\/2022\/01\/Automatic-Rotor-Insulation-Paper-Insert-Machine-3.jpg\" alt=\"M\u00e1quina autom\u00e1tica de inserci\u00f3n de papel aislante en el rotor\" width=\"1000\" height=\"1000\" title=\"Precio de f\u00e1brica autom\u00e1tico de la armadura del rotor de la bobina de papel aislante de inserci\u00f3n de la m\u00e1quina\" srcset=\"https:\/\/vacuz.com\/wp-content\/uploads\/2022\/01\/Automatic-Rotor-Insulation-Paper-Insert-Machine-3.jpg 1000w, https:\/\/vacuz.com\/wp-content\/uploads\/2022\/01\/Automatic-Rotor-Insulation-Paper-Insert-Machine-3-500x500.jpg 500w, https:\/\/vacuz.com\/wp-content\/uploads\/2022\/01\/Automatic-Rotor-Insulation-Paper-Insert-Machine-3-100x100.jpg 100w, https:\/\/vacuz.com\/wp-content\/uploads\/2022\/01\/Automatic-Rotor-Insulation-Paper-Insert-Machine-3-700x700.jpg 700w, https:\/\/vacuz.com\/wp-content\/uploads\/2022\/01\/Automatic-Rotor-Insulation-Paper-Insert-Machine-3-300x300.jpg 300w, https:\/\/vacuz.com\/wp-content\/uploads\/2022\/01\/Automatic-Rotor-Insulation-Paper-Insert-Machine-3-150x150.jpg 150w, https:\/\/vacuz.com\/wp-content\/uploads\/2022\/01\/Automatic-Rotor-Insulation-Paper-Insert-Machine-3-768x768.jpg 768w, https:\/\/vacuz.com\/wp-content\/uploads\/2022\/01\/Automatic-Rotor-Insulation-Paper-Insert-Machine-3-12x12.jpg 12w, https:\/\/vacuz.com\/wp-content\/uploads\/2022\/01\/Automatic-Rotor-Insulation-Paper-Insert-Machine-3-66x66.jpg 66w, https:\/\/vacuz.com\/wp-content\/uploads\/2022\/01\/Automatic-Rotor-Insulation-Paper-Insert-Machine-3-200x200.jpg 200w, https:\/\/vacuz.com\/wp-content\/uploads\/2022\/01\/Automatic-Rotor-Insulation-Paper-Insert-Machine-3-400x400.jpg 400w, https:\/\/vacuz.com\/wp-content\/uploads\/2022\/01\/Automatic-Rotor-Insulation-Paper-Insert-Machine-3-600x600.jpg 600w, https:\/\/vacuz.com\/wp-content\/uploads\/2022\/01\/Automatic-Rotor-Insulation-Paper-Insert-Machine-3-800x800.jpg 800w\" sizes=\"auto, (max-width: 1000px) 100vw, 1000px\" \/><\/p>\n<\/div>\n<h3><span style=\"font-size: 23.04px;\">Informaci\u00f3n sobre la empresa<\/span><\/h3>\n<div>\n<p><strong>Vacuz Machine Factory se fund\u00f3 en mayo de 2007, con sede en la ciudad de Dongguan, provincia de Guangdong. Es un fabricante profesional dedicado a la investigaci\u00f3n, desarrollo, producci\u00f3n, venta y servicio de m\u00e1quinas de bobinado autom\u00e1tico, m\u00e1quinas de bobinado de bobinas, m\u00e1quinas de bobinado de transformadores, m\u00e1quinas de bobinado de motores, m\u00e1quinas de bobinado de bobinas inal\u00e1mbricas, m\u00e1quinas de bobinado de inductores de modo com\u00fan SQ y otras m\u00e1quinas de bobinado no est\u00e1ndar. Con buenas ventas en todas las ciudades y provincias de China, nuestros productos tambi\u00e9n se exportan a clientes de pa\u00edses y regiones como Oriente Medio, Europa, \u00c1frica, Asia y Norteam\u00e9rica. Ya sea seleccionando un producto actual de nuestro cat\u00e1logo o buscando asistencia de ingenier\u00eda para su aplicaci\u00f3n, puede hablar con nuestro centro de atenci\u00f3n al cliente sobre sus requisitos de abastecimiento. La calidad es nuestra cultura. Esperamos contar pronto con su colaboraci\u00f3n.<\/strong><\/p>\n<p><img loading=\"lazy\" decoding=\"async\" class=\"alignnone size-full wp-image-4136\" src=\"https:\/\/vacuz.com\/wp-content\/uploads\/2022\/01\/Company-info-1.jpg\" alt=\"Company Info 1\" width=\"1200\" height=\"800\" title=\"Precio de f\u00e1brica autom\u00e1tico de la armadura del rotor de la bobina de papel aislante de inserci\u00f3n de la m\u00e1quina\" srcset=\"https:\/\/vacuz.com\/wp-content\/uploads\/2022\/01\/Company-info-1.jpg 1200w, https:\/\/vacuz.com\/wp-content\/uploads\/2022\/01\/Company-info-1-500x333.jpg 500w, https:\/\/vacuz.com\/wp-content\/uploads\/2022\/01\/Company-info-1-700x467.jpg 700w, https:\/\/vacuz.com\/wp-content\/uploads\/2022\/01\/Company-info-1-300x200.jpg 300w, https:\/\/vacuz.com\/wp-content\/uploads\/2022\/01\/Company-info-1-1024x683.jpg 1024w, https:\/\/vacuz.com\/wp-content\/uploads\/2022\/01\/Company-info-1-768x512.jpg 768w, https:\/\/vacuz.com\/wp-content\/uploads\/2022\/01\/Company-info-1-18x12.jpg 18w, https:\/\/vacuz.com\/wp-content\/uploads\/2022\/01\/Company-info-1-200x133.jpg 200w, https:\/\/vacuz.com\/wp-content\/uploads\/2022\/01\/Company-info-1-400x267.jpg 400w, https:\/\/vacuz.com\/wp-content\/uploads\/2022\/01\/Company-info-1-600x400.jpg 600w, https:\/\/vacuz.com\/wp-content\/uploads\/2022\/01\/Company-info-1-800x533.jpg 800w\" sizes=\"auto, (max-width: 1200px) 100vw, 1200px\" \/><\/p>\n<p><img loading=\"lazy\" decoding=\"async\" class=\"size-full wp-image-4126\" src=\"https:\/\/vacuz.com\/wp-content\/uploads\/2022\/01\/Company-info.jpg\" alt=\"Vacuz Informaci\u00f3n de la empresa\" width=\"1754\" height=\"1241\" title=\"Precio de f\u00e1brica autom\u00e1tico de la armadura del rotor de la bobina de papel aislante de inserci\u00f3n de la m\u00e1quina\" srcset=\"https:\/\/vacuz.com\/wp-content\/uploads\/2022\/01\/Company-info.jpg 1754w, https:\/\/vacuz.com\/wp-content\/uploads\/2022\/01\/Company-info-500x354.jpg 500w, https:\/\/vacuz.com\/wp-content\/uploads\/2022\/01\/Company-info-700x495.jpg 700w, https:\/\/vacuz.com\/wp-content\/uploads\/2022\/01\/Company-info-300x212.jpg 300w, https:\/\/vacuz.com\/wp-content\/uploads\/2022\/01\/Company-info-1024x725.jpg 1024w, https:\/\/vacuz.com\/wp-content\/uploads\/2022\/01\/Company-info-768x543.jpg 768w, https:\/\/vacuz.com\/wp-content\/uploads\/2022\/01\/Company-info-1536x1087.jpg 1536w, https:\/\/vacuz.com\/wp-content\/uploads\/2022\/01\/Company-info-18x12.jpg 18w, https:\/\/vacuz.com\/wp-content\/uploads\/2022\/01\/Company-info-200x142.jpg 200w, https:\/\/vacuz.com\/wp-content\/uploads\/2022\/01\/Company-info-400x283.jpg 400w, https:\/\/vacuz.com\/wp-content\/uploads\/2022\/01\/Company-info-600x425.jpg 600w, https:\/\/vacuz.com\/wp-content\/uploads\/2022\/01\/Company-info-800x566.jpg 800w, https:\/\/vacuz.com\/wp-content\/uploads\/2022\/01\/Company-info-1200x849.jpg 1200w\" sizes=\"auto, (max-width: 1754px) 100vw, 1754px\" \/><\/p>\n<p><img loading=\"lazy\" decoding=\"async\" class=\"size-full wp-image-4132\" src=\"https:\/\/vacuz.com\/wp-content\/uploads\/2022\/01\/\u5408\u4f5c\u4f19\u4f34.jpg\" alt=\"Socios\" width=\"1200\" height=\"555\" title=\"Precio de f\u00e1brica autom\u00e1tico de la armadura del rotor de la bobina de papel aislante de inserci\u00f3n de la m\u00e1quina\" srcset=\"https:\/\/vacuz.com\/wp-content\/uploads\/2022\/01\/\u5408\u4f5c\u4f19\u4f34.jpg 1200w, https:\/\/vacuz.com\/wp-content\/uploads\/2022\/01\/\u5408\u4f5c\u4f19\u4f34-500x231.jpg 500w, https:\/\/vacuz.com\/wp-content\/uploads\/2022\/01\/\u5408\u4f5c\u4f19\u4f34-700x324.jpg 700w, https:\/\/vacuz.com\/wp-content\/uploads\/2022\/01\/\u5408\u4f5c\u4f19\u4f34-300x139.jpg 300w, https:\/\/vacuz.com\/wp-content\/uploads\/2022\/01\/\u5408\u4f5c\u4f19\u4f34-1024x474.jpg 1024w, https:\/\/vacuz.com\/wp-content\/uploads\/2022\/01\/\u5408\u4f5c\u4f19\u4f34-768x355.jpg 768w, https:\/\/vacuz.com\/wp-content\/uploads\/2022\/01\/\u5408\u4f5c\u4f19\u4f34-18x8.jpg 18w, https:\/\/vacuz.com\/wp-content\/uploads\/2022\/01\/\u5408\u4f5c\u4f19\u4f34-200x93.jpg 200w, https:\/\/vacuz.com\/wp-content\/uploads\/2022\/01\/\u5408\u4f5c\u4f19\u4f34-400x185.jpg 400w, https:\/\/vacuz.com\/wp-content\/uploads\/2022\/01\/\u5408\u4f5c\u4f19\u4f34-600x278.jpg 600w, https:\/\/vacuz.com\/wp-content\/uploads\/2022\/01\/\u5408\u4f5c\u4f19\u4f34-800x370.jpg 800w\" sizes=\"auto, (max-width: 1200px) 100vw, 1200px\" \/><\/p>\n<p><img loading=\"lazy\" decoding=\"async\" class=\"size-full wp-image-4127\" src=\"https:\/\/vacuz.com\/wp-content\/uploads\/2022\/01\/Jeltecn\u8ba4\u8bc1.jpg\" alt=\"Certificado Vacuz\" width=\"1200\" height=\"549\" title=\"Precio de f\u00e1brica autom\u00e1tico de la armadura del rotor de la bobina de papel aislante de inserci\u00f3n de la m\u00e1quina\" srcset=\"https:\/\/vacuz.com\/wp-content\/uploads\/2022\/01\/Jeltecn\u8ba4\u8bc1.jpg 1200w, https:\/\/vacuz.com\/wp-content\/uploads\/2022\/01\/Jeltecn\u8ba4\u8bc1-500x229.jpg 500w, https:\/\/vacuz.com\/wp-content\/uploads\/2022\/01\/Jeltecn\u8ba4\u8bc1-700x320.jpg 700w, https:\/\/vacuz.com\/wp-content\/uploads\/2022\/01\/Jeltecn\u8ba4\u8bc1-300x137.jpg 300w, https:\/\/vacuz.com\/wp-content\/uploads\/2022\/01\/Jeltecn\u8ba4\u8bc1-1024x468.jpg 1024w, https:\/\/vacuz.com\/wp-content\/uploads\/2022\/01\/Jeltecn\u8ba4\u8bc1-768x351.jpg 768w, https:\/\/vacuz.com\/wp-content\/uploads\/2022\/01\/Jeltecn\u8ba4\u8bc1-18x8.jpg 18w, https:\/\/vacuz.com\/wp-content\/uploads\/2022\/01\/Jeltecn\u8ba4\u8bc1-200x92.jpg 200w, https:\/\/vacuz.com\/wp-content\/uploads\/2022\/01\/Jeltecn\u8ba4\u8bc1-400x183.jpg 400w, https:\/\/vacuz.com\/wp-content\/uploads\/2022\/01\/Jeltecn\u8ba4\u8bc1-600x275.jpg 600w, https:\/\/vacuz.com\/wp-content\/uploads\/2022\/01\/Jeltecn\u8ba4\u8bc1-800x366.jpg 800w\" sizes=\"auto, (max-width: 1200px) 100vw, 1200px\" \/><\/p>\n<h3>Embalaje y env\u00edo<\/h3>\n<p><strong>1.Puerto: Shanghai\/Shenzhen o su elecci\u00f3n<\/strong><\/p>\n<p><strong>Embalaje y transporte<\/strong><br \/>\n<strong>Embalaje general (cart\u00f3n o bolsa de pl\u00e1stico): Para mercanc\u00edas peque\u00f1as, empaqu\u00e9telas con papel de embalaje para garantizar que no se rompan durante el transporte.<\/strong><br \/>\n<strong>Embalaje de madera: Para las mercanc\u00edas a gran escala como el equipo de la m\u00e1quina etc, tenemos carpintero experto especial, que har\u00eda el caso de madera apropiado con grueso exacto, densidad, longitud. La flecha hacia arriba \u2191marcado en la caja de madera exterior. Material de amortiguaci\u00f3n se pondr\u00eda en la caja de madera para evitar grietas y golpes. Le informaremos del albar\u00e1n de entrega. S\u00f3lo tiene que esperar la llamada telef\u00f3nica y recoger la mercanc\u00eda en la estaci\u00f3n log\u00edstica m\u00e1s cercana (por favor, av\u00edseme con antelaci\u00f3n si desea recibir la mercanc\u00eda en casa).<\/strong><\/p>\n<p><img loading=\"lazy\" decoding=\"async\" class=\"size-full wp-image-4124\" src=\"https:\/\/vacuz.com\/wp-content\/uploads\/2022\/01\/Winding-Machine-Shipping-and-packing-4.jpg\" alt=\"M\u00e1quina bobinadora Env\u00edo y embalaje-4\" width=\"1512\" height=\"2016\" title=\"Precio de f\u00e1brica autom\u00e1tico de la armadura del rotor de la bobina de papel aislante de inserci\u00f3n de la m\u00e1quina\" srcset=\"https:\/\/vacuz.com\/wp-content\/uploads\/2022\/01\/Winding-Machine-Shipping-and-packing-4.jpg 1512w, https:\/\/vacuz.com\/wp-content\/uploads\/2022\/01\/Winding-Machine-Shipping-and-packing-4-500x667.jpg 500w, https:\/\/vacuz.com\/wp-content\/uploads\/2022\/01\/Winding-Machine-Shipping-and-packing-4-700x933.jpg 700w, https:\/\/vacuz.com\/wp-content\/uploads\/2022\/01\/Winding-Machine-Shipping-and-packing-4-225x300.jpg 225w, https:\/\/vacuz.com\/wp-content\/uploads\/2022\/01\/Winding-Machine-Shipping-and-packing-4-768x1024.jpg 768w, https:\/\/vacuz.com\/wp-content\/uploads\/2022\/01\/Winding-Machine-Shipping-and-packing-4-1152x1536.jpg 1152w, https:\/\/vacuz.com\/wp-content\/uploads\/2022\/01\/Winding-Machine-Shipping-and-packing-4-9x12.jpg 9w, https:\/\/vacuz.com\/wp-content\/uploads\/2022\/01\/Winding-Machine-Shipping-and-packing-4-200x267.jpg 200w, https:\/\/vacuz.com\/wp-content\/uploads\/2022\/01\/Winding-Machine-Shipping-and-packing-4-400x533.jpg 400w, https:\/\/vacuz.com\/wp-content\/uploads\/2022\/01\/Winding-Machine-Shipping-and-packing-4-600x800.jpg 600w, https:\/\/vacuz.com\/wp-content\/uploads\/2022\/01\/Winding-Machine-Shipping-and-packing-4-800x1067.jpg 800w, https:\/\/vacuz.com\/wp-content\/uploads\/2022\/01\/Winding-Machine-Shipping-and-packing-4-1200x1600.jpg 1200w\" sizes=\"auto, (max-width: 1512px) 100vw, 1512px\" \/><\/p>\n<p>&nbsp;<\/p>\n<h2>Vacuz Servicio y Fuerza<\/h2>\n<p><b data-spm-anchor-id=\"a2700.details.0.i31.182f594ewjEnUT\">Principio de servicio<\/b><br \/>\nProporcionarle el mejor servicio con \"rapidez + satisfacci\u00f3n + seguridad\".<br \/>\n<b>Periodo de garant\u00eda<\/b><br \/>\n12 meses despu\u00e9s de que el usuario haya recibido el producto.<br \/>\n<b>Garant\u00eda<\/b><br \/>\nS\u00f3lo en caso de aver\u00eda anormal causada por un defecto de dise\u00f1o o fabricaci\u00f3n de la m\u00e1quina,<br \/>\nse proporcionar\u00e1 reparaci\u00f3n y accesorios gratuitos.<br \/>\n<b>Capacidad de servicio tecnol\u00f3gico<\/b><br \/>\nTodos los ingenieros de servicio, con muchos a\u00f1os de experiencia, han recibido una formaci\u00f3n tecnol\u00f3gica especial que les permite hacer frente a diversos problemas de aver\u00eda.<br \/>\nGuiar al usuario para que utilice con precisi\u00f3n el producto y sepa c\u00f3mo mantenerlo.<br \/>\nAsesoramiento gratuito sobre tecnolog\u00eda de procesos de producci\u00f3n de productos electr\u00f3nicos.<br \/>\n<b>Servicio postventa<\/b><br \/>\nPara garantizar el uso normal de la m\u00e1quina, ofrecemos formaci\u00f3n sobre el funcionamiento, el uso y el mantenimiento de nuestro producto mediante manuales en ingl\u00e9s, v\u00eddeos y orientaci\u00f3n en l\u00ednea.<br \/>\n<b>Instrucciones de uso<\/b><br \/>\nSolicite el tama\u00f1o completo correcto del producto, de lo contrario, las dimensiones incorrectas afectar\u00e1n al efecto de uso.<br \/>\nNo exceda el \u00e1mbito de aplicaci\u00f3n de los productos.<br \/>\nMantener el producto despu\u00e9s de su uso, a prueba de humedad, a prueba de \u00f3xido, a prueba de fugas, a prueba de explosiones, el mantenimiento regular y la inspecci\u00f3n deben ser atendidos. Todo hecho ayuda a extender el per\u00edodo de uso.<br \/>\n<b>Gesti\u00f3n de documentos de usuario<\/b><br \/>\nEstablecer una gesti\u00f3n perfecta de los documentos de usuario en el sistema EPR. Se prestar\u00e1 especial atenci\u00f3n a los usuarios.<br \/>\n<b>Acerca del producto<\/b><br \/>\n1. 1. Foto del producto: Todas las fotos del producto son tomadas por el producto real, Existe la aberraci\u00f3n crom\u00e1tica entre el producto y la foto, que es causada por la luz de disparo, el tama\u00f1o del producto, la tecnolog\u00eda manual y la pantalla del ordenador, etc. No es un problema de calidad. Partes de los productos<br \/>\nse cambian en apariencia debido a la tecnolog\u00eda revolucionaria y la mejora del proceso. SanShine garantizar\u00eda el par\u00e1metro del producto es sin cambios, el producto no podr\u00eda afectar a utilizar.<br \/>\n2.Tama\u00f1o del producto: Todos los par\u00e1metros se miden manualmente s\u00f3lo como referencia. Hay una peque\u00f1a desviaci\u00f3n debido a la diferencia de herramientas de medici\u00f3n, productos de lote y proceso de producci\u00f3n. Tama\u00f1o real debe ser de acuerdo con el producto final de entrega.<br \/>\n3.Inspecci\u00f3n de calidad: Todos los productos deben ser inspeccionados estrictamente antes del env\u00edo. Aseg\u00farese de la buena funci\u00f3n y aspecto.<\/p>\n<h2>V\u00eddeo de la m\u00e1quina Vacuz<\/h2>\n<p><iframe loading=\"lazy\" title=\"M\u00e1quina insertadora de papel aislante de armadura con rotor de carga y descarga autom\u00e1tica\" width=\"1200\" height=\"900\" src=\"https:\/\/www.youtube.com\/embed\/M16_ejlKarQ?feature=oembed\" frameborder=\"0\" allow=\"accelerometer; autoplay; clipboard-write; encrypted-media; gyroscope; picture-in-picture; web-share\" referrerpolicy=\"strict-origin-when-cross-origin\" allowfullscreen><\/iframe><\/p>\n<\/div>","protected":false},"excerpt":{"rendered":"<p>Factory Price Automatic Armature Rotor Coil Insulation Paper Insertion Machine Machine Features Automatic feeding insulation paper, automatic cutting, automatic indexing, automatic paper insertion Molded with die steel, suitable for a variety of insulation paper types and thickness There are two types of slot insulation paper machines, vertical and horizontal which are suitable for paper insertion [&hellip;]<\/p>\n","protected":false},"featured_media":4286,"template":"","meta":{"_gspb_post_css":"","_joinchat":[]},"product_brand":[],"product_cat":[774,814],"product_tag":[255,256],"class_list":{"0":"post-4285","1":"product","2":"type-product","3":"status-publish","4":"has-post-thumbnail","6":"product_cat-armature-rotor-production-machine","7":"product_cat-rotor-paper-insertion-machine","8":"product_tag-automatic-rotor-insulation-paper-insert-machine","9":"product_tag-motor-coil-paper-inserting-machine","11":"first","12":"instock","13":"featured","14":"shipping-taxable","15":"product-type-simple"},"_links":{"self":[{"href":"https:\/\/vacuz.com\/es\/wp-json\/wp\/v2\/product\/4285","targetHints":{"allow":["GET"]}}],"collection":[{"href":"https:\/\/vacuz.com\/es\/wp-json\/wp\/v2\/product"}],"about":[{"href":"https:\/\/vacuz.com\/es\/wp-json\/wp\/v2\/types\/product"}],"wp:featuredmedia":[{"embeddable":true,"href":"https:\/\/vacuz.com\/es\/wp-json\/wp\/v2\/media\/4286"}],"wp:attachment":[{"href":"https:\/\/vacuz.com\/es\/wp-json\/wp\/v2\/media?parent=4285"}],"wp:term":[{"taxonomy":"product_brand","embeddable":true,"href":"https:\/\/vacuz.com\/es\/wp-json\/wp\/v2\/product_brand?post=4285"},{"taxonomy":"product_cat","embeddable":true,"href":"https:\/\/vacuz.com\/es\/wp-json\/wp\/v2\/product_cat?post=4285"},{"taxonomy":"product_tag","embeddable":true,"href":"https:\/\/vacuz.com\/es\/wp-json\/wp\/v2\/product_tag?post=4285"}],"curies":[{"name":"wp","href":"https:\/\/api.w.org\/{rel}","templated":true}]}}