{"id":4366,"date":"2022-01-29T03:00:54","date_gmt":"2022-01-29T03:00:54","guid":{"rendered":"https:\/\/vacuz.com\/?post_type=product&#038;p=4366"},"modified":"2025-10-25T10:31:44","modified_gmt":"2025-10-25T10:31:44","slug":"single-spindle-axis-automatic-transformer-bobbin-coil-teflon-tube-insert-insulation-tape-wrapping-winding-casing-machine","status":"publish","type":"product","link":"https:\/\/vacuz.com\/es\/product\/single-spindle-axis-automatic-transformer-bobbin-coil-teflon-tube-insert-insulation-tape-wrapping-winding-casing-machine\/","title":{"rendered":"Transformador autom\u00e1tico de un solo eje de la bobina de la bobina del tubo de tefl\u00f3n Insertar cinta aislante envoltura de bobinado de la m\u00e1quina"},"content":{"rendered":"<h2>Transformador autom\u00e1tico de un solo eje de la bobina de la bobina del tubo de tefl\u00f3n Insertar cinta aislante envoltura de bobinado de la m\u00e1quina<\/h2>\n<div>\n<h3><strong>Caracter\u00edsticas de la m\u00e1quina<\/strong><\/h3>\n<p><strong>Vacuz ha desarrollado su propia bobinadora de transformadores de casquillo totalmente autom\u00e1tica con el dise\u00f1o m\u00e1s avanzado<\/strong><br \/>\n<strong>La m\u00e1quina de bobinado de casquillos de transformador totalmente autom\u00e1tica Vacuz est\u00e1 equipada con el \u00faltimo dise\u00f1o de dispositivo de transporte de casquillos, combinado con una estructura estable de bobinado, recubrimiento y muro de contenci\u00f3n, principalmente adecuada para la producci\u00f3n de transformadores de seguridad de alta frecuencia, con gran versatilidad, para satisfacer las necesidades de las diferentes especificaciones de la gu\u00eda.<\/strong><br \/>\n<strong>Puede satisfacer las necesidades de diferentes especificaciones de enhebrado de alambre, y la m\u00e1quina en l\u00ednea es conveniente y el procedimiento es simple, que es propicio para mejorar la eficiencia de la producci\u00f3n y reducir el costo.<\/strong><br \/>\n<strong>Puede satisfacer las necesidades de diferentes especificaciones de casquillo de alambre, y es f\u00e1cil de conectar a la m\u00e1quina, procedimiento simple, que es propicio para mejorar la eficiencia de la producci\u00f3n y reducir el costo.<\/strong><\/p>\n<ol>\n<li><strong>Se puede realizar una variedad de di\u00e1metros de alambre + una variedad de carcasa, adecuado para el proceso de producci\u00f3n de diferentes tipos de transformadores de carcasa.<\/strong><\/li>\n<li><strong>Las estructuras \u00fanicas y novedosas de enhebrado de la carcasa permiten un transporte eficaz y estable de la carcasa, y el alambre de cola y el alambre de desecho se pueden clasificar y despejar seg\u00fan la demanda del cliente.<\/strong><\/li>\n<li><strong>Adecuado para el proceso de transformadores con demanda de bobinado m\u00faltiple, el n\u00famero de m\u00e1quinas en l\u00ednea puede dise\u00f1arse seg\u00fan la demanda del cliente.<\/strong><\/li>\n<\/ol>\n<p>&nbsp;<\/p>\n<h3><strong>Principales par\u00e1metros t\u00e9cnicos<\/strong><\/h3>\n<table style=\"height: 480px;\" width=\"947\">\n<tbody>\n<tr>\n<td><strong>Estaciones de bobinado<\/strong><\/td>\n<td><strong>1 husillo<\/strong><\/td>\n<\/tr>\n<tr>\n<td><strong>Direcci\u00f3n del husillo<\/strong><\/td>\n<td><strong>En sentido horario\/antihorario Cada vuelta\/360\u00b0<\/strong><\/td>\n<\/tr>\n<tr>\n<td><strong>Potencia del servomotor del husillo<\/strong><\/td>\n<td><strong>400W<\/strong><\/td>\n<\/tr>\n<tr>\n<td><strong>Velocidad del husillo principal<\/strong><\/td>\n<td><strong>4000Rpm\/Min<\/strong><\/td>\n<\/tr>\n<tr>\n<td><strong>Tensi\u00f3n<\/strong><\/td>\n<td><strong>AC 220V \u00b110%<\/strong><\/td>\n<\/tr>\n<tr>\n<td><strong>Potencia total<\/strong><\/td>\n<td><strong>2500W<\/strong><\/td>\n<\/tr>\n<tr>\n<td><strong>Interfaz de sujeci\u00f3n r\u00e1pida Di\u00e1metro interior<\/strong><\/td>\n<td><strong>10 mm<\/strong><\/td>\n<\/tr>\n<tr>\n<td><strong>Sistema de control<\/strong><\/td>\n<td><strong>Sistema de control de movimiento programable de 12 ejes<\/strong><\/td>\n<\/tr>\n<tr>\n<td><strong>Ancho m\u00e1ximo de bobinado<\/strong><\/td>\n<td><strong>60 mm<\/strong><\/td>\n<\/tr>\n<tr>\n<td><strong>Presi\u00f3n atmosf\u00e9rica<\/strong><\/td>\n<td><strong>0,4-0,6MPa<\/strong><\/td>\n<\/tr>\n<tr>\n<td><strong>Dimensi\u00f3n de la bobinadora<\/strong><\/td>\n<td><strong>800mm*650mm*1350mm<\/strong><\/td>\n<\/tr>\n<tr>\n<td><strong>Peso de la m\u00e1quina<\/strong><\/td>\n<td><strong>350KG<\/strong><\/td>\n<\/tr>\n<\/tbody>\n<\/table>\n<div>\n<p><img loading=\"lazy\" decoding=\"async\" class=\"size-full wp-image-4363\" src=\"https:\/\/vacuz.com\/wp-content\/uploads\/2022\/01\/Transformer-Teflon-Tube-Insert-Winding-Machine.jpg\" alt=\"Bobinadora de tubos de tefl\u00f3n para transformadores\" width=\"1500\" height=\"1500\" title=\"Transformador autom\u00e1tico de un solo eje de la bobina de la bobina del tubo de tefl\u00f3n Insertar cinta aislante envoltura de bobinado de la m\u00e1quina\" srcset=\"https:\/\/vacuz.com\/wp-content\/uploads\/2022\/01\/Transformer-Teflon-Tube-Insert-Winding-Machine.jpg 1500w, https:\/\/vacuz.com\/wp-content\/uploads\/2022\/01\/Transformer-Teflon-Tube-Insert-Winding-Machine-500x500.jpg 500w, https:\/\/vacuz.com\/wp-content\/uploads\/2022\/01\/Transformer-Teflon-Tube-Insert-Winding-Machine-100x100.jpg 100w, https:\/\/vacuz.com\/wp-content\/uploads\/2022\/01\/Transformer-Teflon-Tube-Insert-Winding-Machine-700x700.jpg 700w, https:\/\/vacuz.com\/wp-content\/uploads\/2022\/01\/Transformer-Teflon-Tube-Insert-Winding-Machine-300x300.jpg 300w, https:\/\/vacuz.com\/wp-content\/uploads\/2022\/01\/Transformer-Teflon-Tube-Insert-Winding-Machine-1024x1024.jpg 1024w, https:\/\/vacuz.com\/wp-content\/uploads\/2022\/01\/Transformer-Teflon-Tube-Insert-Winding-Machine-150x150.jpg 150w, https:\/\/vacuz.com\/wp-content\/uploads\/2022\/01\/Transformer-Teflon-Tube-Insert-Winding-Machine-768x768.jpg 768w, https:\/\/vacuz.com\/wp-content\/uploads\/2022\/01\/Transformer-Teflon-Tube-Insert-Winding-Machine-12x12.jpg 12w, https:\/\/vacuz.com\/wp-content\/uploads\/2022\/01\/Transformer-Teflon-Tube-Insert-Winding-Machine-66x66.jpg 66w, https:\/\/vacuz.com\/wp-content\/uploads\/2022\/01\/Transformer-Teflon-Tube-Insert-Winding-Machine-200x200.jpg 200w, https:\/\/vacuz.com\/wp-content\/uploads\/2022\/01\/Transformer-Teflon-Tube-Insert-Winding-Machine-400x400.jpg 400w, https:\/\/vacuz.com\/wp-content\/uploads\/2022\/01\/Transformer-Teflon-Tube-Insert-Winding-Machine-600x600.jpg 600w, https:\/\/vacuz.com\/wp-content\/uploads\/2022\/01\/Transformer-Teflon-Tube-Insert-Winding-Machine-800x800.jpg 800w, https:\/\/vacuz.com\/wp-content\/uploads\/2022\/01\/Transformer-Teflon-Tube-Insert-Winding-Machine-1200x1200.jpg 1200w\" sizes=\"auto, (max-width: 1500px) 100vw, 1500px\" \/><\/p>\n<p><img loading=\"lazy\" decoding=\"async\" class=\"size-full wp-image-4226\" src=\"https:\/\/vacuz.com\/wp-content\/uploads\/2022\/01\/Automatic-Teflon-Tube-Insert-Winding-Machine-8.jpg\" alt=\"Bobinadora autom\u00e1tica de tubos de tefl\u00f3n\" width=\"1000\" height=\"1000\" title=\"Transformador autom\u00e1tico de un solo eje de la bobina de la bobina del tubo de tefl\u00f3n Insertar cinta aislante envoltura de bobinado de la m\u00e1quina\" srcset=\"https:\/\/vacuz.com\/wp-content\/uploads\/2022\/01\/Automatic-Teflon-Tube-Insert-Winding-Machine-8.jpg 1000w, https:\/\/vacuz.com\/wp-content\/uploads\/2022\/01\/Automatic-Teflon-Tube-Insert-Winding-Machine-8-500x500.jpg 500w, https:\/\/vacuz.com\/wp-content\/uploads\/2022\/01\/Automatic-Teflon-Tube-Insert-Winding-Machine-8-100x100.jpg 100w, https:\/\/vacuz.com\/wp-content\/uploads\/2022\/01\/Automatic-Teflon-Tube-Insert-Winding-Machine-8-700x700.jpg 700w, https:\/\/vacuz.com\/wp-content\/uploads\/2022\/01\/Automatic-Teflon-Tube-Insert-Winding-Machine-8-300x300.jpg 300w, https:\/\/vacuz.com\/wp-content\/uploads\/2022\/01\/Automatic-Teflon-Tube-Insert-Winding-Machine-8-150x150.jpg 150w, https:\/\/vacuz.com\/wp-content\/uploads\/2022\/01\/Automatic-Teflon-Tube-Insert-Winding-Machine-8-768x768.jpg 768w, https:\/\/vacuz.com\/wp-content\/uploads\/2022\/01\/Automatic-Teflon-Tube-Insert-Winding-Machine-8-12x12.jpg 12w, https:\/\/vacuz.com\/wp-content\/uploads\/2022\/01\/Automatic-Teflon-Tube-Insert-Winding-Machine-8-66x66.jpg 66w, https:\/\/vacuz.com\/wp-content\/uploads\/2022\/01\/Automatic-Teflon-Tube-Insert-Winding-Machine-8-200x200.jpg 200w, https:\/\/vacuz.com\/wp-content\/uploads\/2022\/01\/Automatic-Teflon-Tube-Insert-Winding-Machine-8-400x400.jpg 400w, https:\/\/vacuz.com\/wp-content\/uploads\/2022\/01\/Automatic-Teflon-Tube-Insert-Winding-Machine-8-600x600.jpg 600w, https:\/\/vacuz.com\/wp-content\/uploads\/2022\/01\/Automatic-Teflon-Tube-Insert-Winding-Machine-8-800x800.jpg 800w\" sizes=\"auto, (max-width: 1000px) 100vw, 1000px\" \/><\/p>\n<\/div>\n<\/div>\n<h3><span style=\"font-size: 23.04px;\">Informaci\u00f3n sobre la empresa<\/span><\/h3>\n<div>\n<p><strong>Vacuz Machine Factory se fund\u00f3 en mayo de 2007, con sede en la ciudad de Dongguan, provincia de Guangdong. Es un fabricante profesional dedicado a la investigaci\u00f3n, desarrollo, producci\u00f3n, venta y servicio de m\u00e1quinas de bobinado autom\u00e1tico, m\u00e1quinas de bobinado de bobinas, m\u00e1quinas de bobinado de transformadores, m\u00e1quinas de bobinado de motores, m\u00e1quinas de bobinado de bobinas inal\u00e1mbricas, m\u00e1quinas de bobinado de inductores de modo com\u00fan SQ y otras m\u00e1quinas de bobinado no est\u00e1ndar. Con buenas ventas en todas las ciudades y provincias de China, nuestros productos tambi\u00e9n se exportan a clientes de pa\u00edses y regiones como Oriente Medio, Europa, \u00c1frica, Asia y Norteam\u00e9rica. Ya sea seleccionando un producto actual de nuestro cat\u00e1logo o buscando asistencia de ingenier\u00eda para su aplicaci\u00f3n, puede hablar con nuestro centro de atenci\u00f3n al cliente sobre sus requisitos de abastecimiento. La calidad es nuestra cultura. Esperamos contar pronto con su colaboraci\u00f3n.<\/strong><\/p>\n<p><img loading=\"lazy\" decoding=\"async\" class=\"alignnone size-full wp-image-4136\" src=\"https:\/\/vacuz.com\/wp-content\/uploads\/2022\/01\/Company-info-1.jpg\" alt=\"Informaci\u00f3n de la empresa 1\" width=\"1200\" height=\"800\" title=\"Transformador autom\u00e1tico de un solo eje de la bobina de la bobina del tubo de tefl\u00f3n Insertar cinta aislante envoltura de bobinado de la m\u00e1quina\" srcset=\"https:\/\/vacuz.com\/wp-content\/uploads\/2022\/01\/Company-info-1.jpg 1200w, https:\/\/vacuz.com\/wp-content\/uploads\/2022\/01\/Company-info-1-500x333.jpg 500w, https:\/\/vacuz.com\/wp-content\/uploads\/2022\/01\/Company-info-1-700x467.jpg 700w, https:\/\/vacuz.com\/wp-content\/uploads\/2022\/01\/Company-info-1-300x200.jpg 300w, https:\/\/vacuz.com\/wp-content\/uploads\/2022\/01\/Company-info-1-1024x683.jpg 1024w, https:\/\/vacuz.com\/wp-content\/uploads\/2022\/01\/Company-info-1-768x512.jpg 768w, https:\/\/vacuz.com\/wp-content\/uploads\/2022\/01\/Company-info-1-18x12.jpg 18w, https:\/\/vacuz.com\/wp-content\/uploads\/2022\/01\/Company-info-1-200x133.jpg 200w, https:\/\/vacuz.com\/wp-content\/uploads\/2022\/01\/Company-info-1-400x267.jpg 400w, https:\/\/vacuz.com\/wp-content\/uploads\/2022\/01\/Company-info-1-600x400.jpg 600w, https:\/\/vacuz.com\/wp-content\/uploads\/2022\/01\/Company-info-1-800x533.jpg 800w\" sizes=\"auto, (max-width: 1200px) 100vw, 1200px\" \/><\/p>\n<p><img loading=\"lazy\" decoding=\"async\" class=\"size-full wp-image-4126\" src=\"https:\/\/vacuz.com\/wp-content\/uploads\/2022\/01\/Company-info.jpg\" alt=\"Vacuz Informaci\u00f3n de la empresa\" width=\"1754\" height=\"1241\" title=\"Transformador autom\u00e1tico de un solo eje de la bobina de la bobina del tubo de tefl\u00f3n Insertar cinta aislante envoltura de bobinado de la m\u00e1quina\" srcset=\"https:\/\/vacuz.com\/wp-content\/uploads\/2022\/01\/Company-info.jpg 1754w, https:\/\/vacuz.com\/wp-content\/uploads\/2022\/01\/Company-info-500x354.jpg 500w, https:\/\/vacuz.com\/wp-content\/uploads\/2022\/01\/Company-info-700x495.jpg 700w, https:\/\/vacuz.com\/wp-content\/uploads\/2022\/01\/Company-info-300x212.jpg 300w, https:\/\/vacuz.com\/wp-content\/uploads\/2022\/01\/Company-info-1024x725.jpg 1024w, https:\/\/vacuz.com\/wp-content\/uploads\/2022\/01\/Company-info-768x543.jpg 768w, https:\/\/vacuz.com\/wp-content\/uploads\/2022\/01\/Company-info-1536x1087.jpg 1536w, https:\/\/vacuz.com\/wp-content\/uploads\/2022\/01\/Company-info-18x12.jpg 18w, https:\/\/vacuz.com\/wp-content\/uploads\/2022\/01\/Company-info-200x142.jpg 200w, https:\/\/vacuz.com\/wp-content\/uploads\/2022\/01\/Company-info-400x283.jpg 400w, https:\/\/vacuz.com\/wp-content\/uploads\/2022\/01\/Company-info-600x425.jpg 600w, https:\/\/vacuz.com\/wp-content\/uploads\/2022\/01\/Company-info-800x566.jpg 800w, https:\/\/vacuz.com\/wp-content\/uploads\/2022\/01\/Company-info-1200x849.jpg 1200w\" sizes=\"auto, (max-width: 1754px) 100vw, 1754px\" \/><\/p>\n<p><img loading=\"lazy\" decoding=\"async\" class=\"size-full wp-image-4132\" src=\"https:\/\/vacuz.com\/wp-content\/uploads\/2022\/01\/\u5408\u4f5c\u4f19\u4f34.jpg\" alt=\"Socios\" width=\"1200\" height=\"555\" title=\"Transformador autom\u00e1tico de un solo eje de la bobina de la bobina del tubo de tefl\u00f3n Insertar cinta aislante envoltura de bobinado de la m\u00e1quina\" srcset=\"https:\/\/vacuz.com\/wp-content\/uploads\/2022\/01\/\u5408\u4f5c\u4f19\u4f34.jpg 1200w, https:\/\/vacuz.com\/wp-content\/uploads\/2022\/01\/\u5408\u4f5c\u4f19\u4f34-500x231.jpg 500w, https:\/\/vacuz.com\/wp-content\/uploads\/2022\/01\/\u5408\u4f5c\u4f19\u4f34-700x324.jpg 700w, https:\/\/vacuz.com\/wp-content\/uploads\/2022\/01\/\u5408\u4f5c\u4f19\u4f34-300x139.jpg 300w, https:\/\/vacuz.com\/wp-content\/uploads\/2022\/01\/\u5408\u4f5c\u4f19\u4f34-1024x474.jpg 1024w, https:\/\/vacuz.com\/wp-content\/uploads\/2022\/01\/\u5408\u4f5c\u4f19\u4f34-768x355.jpg 768w, https:\/\/vacuz.com\/wp-content\/uploads\/2022\/01\/\u5408\u4f5c\u4f19\u4f34-18x8.jpg 18w, https:\/\/vacuz.com\/wp-content\/uploads\/2022\/01\/\u5408\u4f5c\u4f19\u4f34-200x93.jpg 200w, https:\/\/vacuz.com\/wp-content\/uploads\/2022\/01\/\u5408\u4f5c\u4f19\u4f34-400x185.jpg 400w, https:\/\/vacuz.com\/wp-content\/uploads\/2022\/01\/\u5408\u4f5c\u4f19\u4f34-600x278.jpg 600w, https:\/\/vacuz.com\/wp-content\/uploads\/2022\/01\/\u5408\u4f5c\u4f19\u4f34-800x370.jpg 800w\" sizes=\"auto, (max-width: 1200px) 100vw, 1200px\" \/><\/p>\n<p><img loading=\"lazy\" decoding=\"async\" class=\"size-full wp-image-4127\" src=\"https:\/\/vacuz.com\/wp-content\/uploads\/2022\/01\/Jeltecn\u8ba4\u8bc1.jpg\" alt=\"Certificado Vacuz\" width=\"1200\" height=\"549\" title=\"Transformador autom\u00e1tico de un solo eje de la bobina de la bobina del tubo de tefl\u00f3n Insertar cinta aislante envoltura de bobinado de la m\u00e1quina\" srcset=\"https:\/\/vacuz.com\/wp-content\/uploads\/2022\/01\/Jeltecn\u8ba4\u8bc1.jpg 1200w, https:\/\/vacuz.com\/wp-content\/uploads\/2022\/01\/Jeltecn\u8ba4\u8bc1-500x229.jpg 500w, https:\/\/vacuz.com\/wp-content\/uploads\/2022\/01\/Jeltecn\u8ba4\u8bc1-700x320.jpg 700w, https:\/\/vacuz.com\/wp-content\/uploads\/2022\/01\/Jeltecn\u8ba4\u8bc1-300x137.jpg 300w, https:\/\/vacuz.com\/wp-content\/uploads\/2022\/01\/Jeltecn\u8ba4\u8bc1-1024x468.jpg 1024w, https:\/\/vacuz.com\/wp-content\/uploads\/2022\/01\/Jeltecn\u8ba4\u8bc1-768x351.jpg 768w, https:\/\/vacuz.com\/wp-content\/uploads\/2022\/01\/Jeltecn\u8ba4\u8bc1-18x8.jpg 18w, https:\/\/vacuz.com\/wp-content\/uploads\/2022\/01\/Jeltecn\u8ba4\u8bc1-200x92.jpg 200w, https:\/\/vacuz.com\/wp-content\/uploads\/2022\/01\/Jeltecn\u8ba4\u8bc1-400x183.jpg 400w, https:\/\/vacuz.com\/wp-content\/uploads\/2022\/01\/Jeltecn\u8ba4\u8bc1-600x275.jpg 600w, https:\/\/vacuz.com\/wp-content\/uploads\/2022\/01\/Jeltecn\u8ba4\u8bc1-800x366.jpg 800w\" sizes=\"auto, (max-width: 1200px) 100vw, 1200px\" \/><\/p>\n<h3>Embalaje y env\u00edo<\/h3>\n<p><strong>1.Puerto: Shanghai\/Shenzhen o su elecci\u00f3n<\/strong><\/p>\n<p><strong>Embalaje y transporte<\/strong><br \/>\n<strong>Embalaje general (cart\u00f3n o bolsa de pl\u00e1stico): Para mercanc\u00edas peque\u00f1as, empaqu\u00e9telas con papel de embalaje para garantizar que no se rompan durante el transporte.<\/strong><br \/>\n<strong>Embalaje de madera: Para las mercanc\u00edas a gran escala como el equipo de la m\u00e1quina etc, tenemos carpintero experto especial, que har\u00eda el caso de madera apropiado con grueso exacto, densidad, longitud. La flecha hacia arriba \u2191marcado en la caja de madera exterior. Material de amortiguaci\u00f3n se pondr\u00eda en la caja de madera para evitar grietas y golpes. Le informaremos del albar\u00e1n de entrega. S\u00f3lo tiene que esperar la llamada telef\u00f3nica y recoger la mercanc\u00eda en la estaci\u00f3n log\u00edstica m\u00e1s cercana (por favor, av\u00edseme con antelaci\u00f3n si desea recibir la mercanc\u00eda en casa).<\/strong><\/p>\n<p><img loading=\"lazy\" decoding=\"async\" class=\"size-full wp-image-4124\" src=\"https:\/\/vacuz.com\/wp-content\/uploads\/2022\/01\/Winding-Machine-Shipping-and-packing-4.jpg\" alt=\"M\u00e1quina bobinadora Env\u00edo y embalaje-4\" width=\"1512\" height=\"2016\" title=\"Transformador autom\u00e1tico de un solo eje de la bobina de la bobina del tubo de tefl\u00f3n Insertar cinta aislante envoltura de bobinado de la m\u00e1quina\" srcset=\"https:\/\/vacuz.com\/wp-content\/uploads\/2022\/01\/Winding-Machine-Shipping-and-packing-4.jpg 1512w, https:\/\/vacuz.com\/wp-content\/uploads\/2022\/01\/Winding-Machine-Shipping-and-packing-4-500x667.jpg 500w, https:\/\/vacuz.com\/wp-content\/uploads\/2022\/01\/Winding-Machine-Shipping-and-packing-4-700x933.jpg 700w, https:\/\/vacuz.com\/wp-content\/uploads\/2022\/01\/Winding-Machine-Shipping-and-packing-4-225x300.jpg 225w, https:\/\/vacuz.com\/wp-content\/uploads\/2022\/01\/Winding-Machine-Shipping-and-packing-4-768x1024.jpg 768w, https:\/\/vacuz.com\/wp-content\/uploads\/2022\/01\/Winding-Machine-Shipping-and-packing-4-1152x1536.jpg 1152w, https:\/\/vacuz.com\/wp-content\/uploads\/2022\/01\/Winding-Machine-Shipping-and-packing-4-9x12.jpg 9w, https:\/\/vacuz.com\/wp-content\/uploads\/2022\/01\/Winding-Machine-Shipping-and-packing-4-200x267.jpg 200w, https:\/\/vacuz.com\/wp-content\/uploads\/2022\/01\/Winding-Machine-Shipping-and-packing-4-400x533.jpg 400w, https:\/\/vacuz.com\/wp-content\/uploads\/2022\/01\/Winding-Machine-Shipping-and-packing-4-600x800.jpg 600w, https:\/\/vacuz.com\/wp-content\/uploads\/2022\/01\/Winding-Machine-Shipping-and-packing-4-800x1067.jpg 800w, https:\/\/vacuz.com\/wp-content\/uploads\/2022\/01\/Winding-Machine-Shipping-and-packing-4-1200x1600.jpg 1200w\" sizes=\"auto, (max-width: 1512px) 100vw, 1512px\" \/><\/p>\n<p>&nbsp;<\/p>\n<h2>Vacuz Servicio y Fuerza<\/h2>\n<p><b data-spm-anchor-id=\"a2700.details.0.i31.182f594ewjEnUT\">Principio de servicio<\/b><br \/>\nProporcionarle el mejor servicio con \"rapidez + satisfacci\u00f3n + seguridad\".<br \/>\n<b>Periodo de garant\u00eda<\/b><br \/>\n12 meses despu\u00e9s de que el usuario haya recibido el producto.<br \/>\n<b>Garant\u00eda<\/b><br \/>\nS\u00f3lo en caso de aver\u00eda anormal causada por un defecto de dise\u00f1o o fabricaci\u00f3n de la m\u00e1quina,<br \/>\nse proporcionar\u00e1 reparaci\u00f3n y accesorios gratuitos.<br \/>\n<b>Capacidad de servicio tecnol\u00f3gico<\/b><br \/>\nTodos los ingenieros de servicio, con muchos a\u00f1os de experiencia, han recibido una formaci\u00f3n tecnol\u00f3gica especial que les permite hacer frente a diversos problemas de aver\u00eda.<br \/>\nGuiar al usuario para que utilice con precisi\u00f3n el producto y sepa c\u00f3mo mantenerlo.<br \/>\nAsesoramiento gratuito sobre tecnolog\u00eda de procesos de producci\u00f3n de productos electr\u00f3nicos.<br \/>\n<b>Servicio postventa<\/b><br \/>\nPara garantizar el uso normal de la m\u00e1quina, ofrecemos formaci\u00f3n sobre el funcionamiento, el uso y el mantenimiento de nuestro producto mediante manuales en ingl\u00e9s, v\u00eddeos y orientaci\u00f3n en l\u00ednea.<br \/>\n<b>Instrucciones de uso<\/b><br \/>\nSolicite el tama\u00f1o completo correcto del producto, de lo contrario, las dimensiones incorrectas afectar\u00e1n al efecto de uso.<br \/>\nNo exceda el \u00e1mbito de aplicaci\u00f3n de los productos.<br \/>\nMantener el producto despu\u00e9s de su uso, a prueba de humedad, a prueba de \u00f3xido, a prueba de fugas, a prueba de explosiones, el mantenimiento regular y la inspecci\u00f3n deben ser atendidos. Todo hecho ayuda a extender el per\u00edodo de uso.<br \/>\n<b>Gesti\u00f3n de documentos de usuario<\/b><br \/>\nEstablecer una gesti\u00f3n perfecta de los documentos de usuario en el sistema EPR. Se prestar\u00e1 especial atenci\u00f3n a los usuarios.<br \/>\n<b>Acerca del producto<\/b><br \/>\n1. 1. Foto del producto: Todas las fotos del producto son tomadas por el producto real, Existe la aberraci\u00f3n crom\u00e1tica entre el producto y la foto, que es causada por la luz de disparo, el tama\u00f1o del producto, la tecnolog\u00eda manual y la pantalla del ordenador, etc. No es un problema de calidad. Partes de los productos<br \/>\nse cambian en apariencia debido a la tecnolog\u00eda revolucionaria y la mejora del proceso. SanShine garantizar\u00eda el par\u00e1metro del producto es sin cambios, el producto no podr\u00eda afectar a utilizar.<br \/>\n2.Tama\u00f1o del producto: Todos los par\u00e1metros se miden manualmente s\u00f3lo como referencia. Hay una peque\u00f1a desviaci\u00f3n debido a la diferencia de herramientas de medici\u00f3n, productos de lote y proceso de producci\u00f3n. Tama\u00f1o real debe ser de acuerdo con el producto final de entrega.<br \/>\n3.Inspecci\u00f3n de calidad: Todos los productos deben ser inspeccionados estrictamente antes del env\u00edo. Aseg\u00farese de la buena funci\u00f3n y aspecto.<\/p>\n<h2>V\u00eddeo de la m\u00e1quina Vacuz<\/h2>\n<p><iframe loading=\"lazy\" title=\"Bobina de transformador de calidad fiable 2\/4\/6 ejes de bobinado de tefl\u00f3n tubo de inserci\u00f3n de cinta de la m\u00e1quina de envolver\" width=\"1200\" height=\"675\" src=\"https:\/\/www.youtube.com\/embed\/8i5JbUVufQg?feature=oembed\" frameborder=\"0\" allow=\"accelerometer; autoplay; clipboard-write; encrypted-media; gyroscope; picture-in-picture\" allowfullscreen><\/iframe><\/p>\n<\/div>","protected":false},"excerpt":{"rendered":"<p>Single Spindle Axis Automatic Transformer Bobbin Coil Teflon Tube Insert Insulation Tape Wrapping Winding Casing Machine Machine Features Vacuz has developed its own fully automatic bushing transformer winding machine with the latest design The Vacuz fully automatic transformer bushing winding machine is equipped with the latest design of bushing transport device, combined with stable winding, [&hellip;]<\/p>\n","protected":false},"featured_media":4363,"template":"","meta":{"_gspb_post_css":"","_joinchat":[]},"product_brand":[],"product_cat":[802,778],"product_tag":[270,269],"class_list":{"0":"post-4366","1":"product","2":"type-product","3":"status-publish","4":"has-post-thumbnail","6":"product_cat-automatic-transformer-coil-casing-machine","7":"product_cat-transformer-coil-production-machine","8":"product_tag-teflon-tube-insert","9":"product_tag-transformer-teflon-tube-insert-insulation-tape-wrapping-winding-machine","11":"first","12":"instock","13":"shipping-taxable","14":"product-type-simple"},"_links":{"self":[{"href":"https:\/\/vacuz.com\/es\/wp-json\/wp\/v2\/product\/4366","targetHints":{"allow":["GET"]}}],"collection":[{"href":"https:\/\/vacuz.com\/es\/wp-json\/wp\/v2\/product"}],"about":[{"href":"https:\/\/vacuz.com\/es\/wp-json\/wp\/v2\/types\/product"}],"wp:featuredmedia":[{"embeddable":true,"href":"https:\/\/vacuz.com\/es\/wp-json\/wp\/v2\/media\/4363"}],"wp:attachment":[{"href":"https:\/\/vacuz.com\/es\/wp-json\/wp\/v2\/media?parent=4366"}],"wp:term":[{"taxonomy":"product_brand","embeddable":true,"href":"https:\/\/vacuz.com\/es\/wp-json\/wp\/v2\/product_brand?post=4366"},{"taxonomy":"product_cat","embeddable":true,"href":"https:\/\/vacuz.com\/es\/wp-json\/wp\/v2\/product_cat?post=4366"},{"taxonomy":"product_tag","embeddable":true,"href":"https:\/\/vacuz.com\/es\/wp-json\/wp\/v2\/product_tag?post=4366"}],"curies":[{"name":"wp","href":"https:\/\/api.w.org\/{rel}","templated":true}]}}