{"id":6263,"date":"2022-05-26T12:45:05","date_gmt":"2022-05-26T12:45:05","guid":{"rendered":"https:\/\/vacuz.com\/?post_type=product&#038;p=6263"},"modified":"2025-11-03T06:44:02","modified_gmt":"2025-11-03T06:44:02","slug":"vacuz-rd-aero-servo-pump-drone-motor-stator-dispensing-and-inserting-magnetic-steel-assembly-integrated-machine","status":"publish","type":"product","link":"https:\/\/vacuz.com\/es\/product\/vacuz-rd-aero-servo-pump-drone-motor-stator-dispensing-and-inserting-magnetic-steel-assembly-integrated-machine\/","title":{"rendered":"Vacuz R&amp;D Aero Servo Pump Drone Motor Stator Dispensing And Inserting Magnetic Steel Assembly M\u00e1quina Integrada"},"content":{"rendered":"<h2>Vacuz R&amp;D Aero Servo Pump Drone Motor Stator Dispensing And Inserting Magnetic Steel Assembly Integrated Machine<\/h2>\n<div>\n<p><strong><u data-spm-anchor-id=\"a2700.details.0.i23.54f6d87dbvk0tc\">Caracter\u00edsticas de la m\u00e1quina<\/u><\/strong><\/p>\n<p><strong>\u25c6 La dispensaci\u00f3n de cola y la inserci\u00f3n magn\u00e9tica est\u00e1n integradas, primero la dispensaci\u00f3n de cola y luego la inserci\u00f3n magn\u00e9tica.<\/strong><\/p>\n<p><strong>\u25c6 M\u00faltiples imanes se pueden insertar al mismo tiempo, con o sin magnetismo puede ser com\u00fan.<\/strong><\/p>\n<p><strong>\u25c6 F\u00e1cil de aprender, s\u00f3lo hay que poner el producto en el molde y pulsar el bot\u00f3n de inicio.<\/strong><\/p>\n<p><strong>\u25c6 La parte m\u00f3vil adopta el cilindro rodless, el carril de gu\u00eda, el cojinete linear, el etc., que es durable.<\/strong><\/p>\n<p><strong>\u25c6 El marco es de perfil de aluminio y chapa pintada, sencillo y bonito.<\/strong><\/p>\n<\/div>\n<p><strong>Aplicaci\u00f3n<\/strong><\/p>\n<p><strong>Aplicable a rotores de motores de maquetas, servomotores, motores de bombas, motores de drones, etc. Aplicable pero no limitado a motores sin escobillas.<\/strong><\/p>\n<div>\n<p><strong><u>Funci\u00f3n de la m\u00e1quina<\/u><\/strong><\/p>\n<table style=\"height: 16px;\" border=\"1\" width=\"1093\">\n<tbody>\n<tr>\n<td><strong>Modelo de m\u00e1quina:<\/strong><\/td>\n<td><strong>VM-16<\/strong><\/td>\n<\/tr>\n<\/tbody>\n<\/table>\n<table style=\"height: 302px;\" border=\"1\" width=\"1095\">\n<tbody>\n<tr>\n<td data-spm-anchor-id=\"a2700.details.0.i28.24f46652Vn2qDm\"><strong>Nombre del producto:<\/strong><\/td>\n<td><strong>M\u00e1quina magn\u00e9tica integrada de dosificaci\u00f3n e inserci\u00f3n Vacuz<\/strong><\/td>\n<\/tr>\n<tr>\n<td><strong>Capacidad de producci\u00f3n<\/strong><\/td>\n<td><strong>380-400pcs\/H(Excluding manual discharge time)<\/strong><\/td>\n<\/tr>\n<tr>\n<td><strong>Potencia<\/strong><\/td>\n<td><strong>220V\u00b110% 50Hz<\/strong><\/td>\n<\/tr>\n<tr>\n<td><strong>Presi\u00f3n atmosf\u00e9rica<\/strong><\/td>\n<td><strong>0,4-0,6MPa<\/strong><\/td>\n<\/tr>\n<tr>\n<td><strong>Peso de la m\u00e1quina<\/strong><\/td>\n<td><strong>280KG<\/strong><\/td>\n<\/tr>\n<tr>\n<td><strong>Dimensi\u00f3n de la m\u00e1quina<\/strong><\/td>\n<td><strong>1000(L)*600(w)*1600(H)mm<\/strong><\/td>\n<\/tr>\n<\/tbody>\n<\/table>\n<div>\n<p><img loading=\"lazy\" decoding=\"async\" class=\"alignnone wp-image-6264 size-full\" src=\"https:\/\/vacuz.com\/wp-content\/uploads\/2022\/05\/Dispensing-and-inserting-magnetic-steel-integrated-machine-1.jpg\" alt=\"M\u00e1quina integrada de dosificaci\u00f3n e inserci\u00f3n de acero magn\u00e9tico\" width=\"800\" height=\"800\" title=\"Vacuz R&amp;D Aero Servo Pump Drone Motor Stator Dispensing And Inserting Magnetic Steel Assembly M\u00e1quina Integrada\" srcset=\"https:\/\/vacuz.com\/wp-content\/uploads\/2022\/05\/Dispensing-and-inserting-magnetic-steel-integrated-machine-1.jpg 800w, https:\/\/vacuz.com\/wp-content\/uploads\/2022\/05\/Dispensing-and-inserting-magnetic-steel-integrated-machine-1-500x500.jpg 500w, https:\/\/vacuz.com\/wp-content\/uploads\/2022\/05\/Dispensing-and-inserting-magnetic-steel-integrated-machine-1-100x100.jpg 100w, https:\/\/vacuz.com\/wp-content\/uploads\/2022\/05\/Dispensing-and-inserting-magnetic-steel-integrated-machine-1-700x700.jpg 700w, https:\/\/vacuz.com\/wp-content\/uploads\/2022\/05\/Dispensing-and-inserting-magnetic-steel-integrated-machine-1-300x300.jpg 300w, https:\/\/vacuz.com\/wp-content\/uploads\/2022\/05\/Dispensing-and-inserting-magnetic-steel-integrated-machine-1-150x150.jpg 150w, https:\/\/vacuz.com\/wp-content\/uploads\/2022\/05\/Dispensing-and-inserting-magnetic-steel-integrated-machine-1-768x768.jpg 768w, https:\/\/vacuz.com\/wp-content\/uploads\/2022\/05\/Dispensing-and-inserting-magnetic-steel-integrated-machine-1-12x12.jpg 12w, https:\/\/vacuz.com\/wp-content\/uploads\/2022\/05\/Dispensing-and-inserting-magnetic-steel-integrated-machine-1-66x66.jpg 66w, https:\/\/vacuz.com\/wp-content\/uploads\/2022\/05\/Dispensing-and-inserting-magnetic-steel-integrated-machine-1-200x200.jpg 200w, https:\/\/vacuz.com\/wp-content\/uploads\/2022\/05\/Dispensing-and-inserting-magnetic-steel-integrated-machine-1-400x400.jpg 400w, https:\/\/vacuz.com\/wp-content\/uploads\/2022\/05\/Dispensing-and-inserting-magnetic-steel-integrated-machine-1-600x600.jpg 600w\" sizes=\"auto, (max-width: 800px) 100vw, 800px\" \/><\/p>\n<p><img loading=\"lazy\" decoding=\"async\" class=\"alignnone wp-image-6265 size-full\" src=\"https:\/\/vacuz.com\/wp-content\/uploads\/2022\/05\/Dispensing-and-inserting-magnetic-steel-integrated-machine-2.jpg\" alt=\"M\u00e1quina integrada de dosificaci\u00f3n e inserci\u00f3n de acero magn\u00e9tico\" width=\"790\" height=\"911\" title=\"Vacuz R&amp;D Aero Servo Pump Drone Motor Stator Dispensing And Inserting Magnetic Steel Assembly M\u00e1quina Integrada\" srcset=\"https:\/\/vacuz.com\/wp-content\/uploads\/2022\/05\/Dispensing-and-inserting-magnetic-steel-integrated-machine-2.jpg 790w, https:\/\/vacuz.com\/wp-content\/uploads\/2022\/05\/Dispensing-and-inserting-magnetic-steel-integrated-machine-2-500x577.jpg 500w, https:\/\/vacuz.com\/wp-content\/uploads\/2022\/05\/Dispensing-and-inserting-magnetic-steel-integrated-machine-2-700x807.jpg 700w, https:\/\/vacuz.com\/wp-content\/uploads\/2022\/05\/Dispensing-and-inserting-magnetic-steel-integrated-machine-2-260x300.jpg 260w, https:\/\/vacuz.com\/wp-content\/uploads\/2022\/05\/Dispensing-and-inserting-magnetic-steel-integrated-machine-2-768x886.jpg 768w, https:\/\/vacuz.com\/wp-content\/uploads\/2022\/05\/Dispensing-and-inserting-magnetic-steel-integrated-machine-2-10x12.jpg 10w, https:\/\/vacuz.com\/wp-content\/uploads\/2022\/05\/Dispensing-and-inserting-magnetic-steel-integrated-machine-2-200x231.jpg 200w, https:\/\/vacuz.com\/wp-content\/uploads\/2022\/05\/Dispensing-and-inserting-magnetic-steel-integrated-machine-2-400x461.jpg 400w, https:\/\/vacuz.com\/wp-content\/uploads\/2022\/05\/Dispensing-and-inserting-magnetic-steel-integrated-machine-2-600x692.jpg 600w\" sizes=\"auto, (max-width: 790px) 100vw, 790px\" \/><\/p>\n<p><img loading=\"lazy\" decoding=\"async\" class=\"alignnone wp-image-5334 size-full\" src=\"https:\/\/vacuz.com\/wp-content\/uploads\/2022\/04\/4.jpg\" alt=\"Autom\u00e1tica BLDC Motor Estator Bobina Rotor Forma Circular C\u00edrculo Magn\u00e9tico M\u00e1quina de Inserci\u00f3n de Piezas de Acero\" width=\"800\" height=\"800\" title=\"Vacuz R&amp;D Aero Servo Pump Drone Motor Stator Dispensing And Inserting Magnetic Steel Assembly M\u00e1quina Integrada\" srcset=\"https:\/\/vacuz.com\/wp-content\/uploads\/2022\/04\/4.jpg 800w, https:\/\/vacuz.com\/wp-content\/uploads\/2022\/04\/4-500x500.jpg 500w, https:\/\/vacuz.com\/wp-content\/uploads\/2022\/04\/4-100x100.jpg 100w, https:\/\/vacuz.com\/wp-content\/uploads\/2022\/04\/4-700x700.jpg 700w, https:\/\/vacuz.com\/wp-content\/uploads\/2022\/04\/4-300x300.jpg 300w, https:\/\/vacuz.com\/wp-content\/uploads\/2022\/04\/4-150x150.jpg 150w, https:\/\/vacuz.com\/wp-content\/uploads\/2022\/04\/4-768x768.jpg 768w, https:\/\/vacuz.com\/wp-content\/uploads\/2022\/04\/4-12x12.jpg 12w, https:\/\/vacuz.com\/wp-content\/uploads\/2022\/04\/4-66x66.jpg 66w, https:\/\/vacuz.com\/wp-content\/uploads\/2022\/04\/4-200x200.jpg 200w, https:\/\/vacuz.com\/wp-content\/uploads\/2022\/04\/4-400x400.jpg 400w, https:\/\/vacuz.com\/wp-content\/uploads\/2022\/04\/4-600x600.jpg 600w\" sizes=\"auto, (max-width: 800px) 100vw, 800px\" \/><\/p>\n<p><img loading=\"lazy\" decoding=\"async\" class=\"alignnone wp-image-5255 size-full\" src=\"https:\/\/vacuz.com\/wp-content\/uploads\/2022\/04\/46.jpg\" alt=\"M\u00e1quina autom\u00e1tica de inserci\u00f3n de acero magn\u00e9tico\" width=\"800\" height=\"800\" title=\"Vacuz R&amp;D Aero Servo Pump Drone Motor Stator Dispensing And Inserting Magnetic Steel Assembly M\u00e1quina Integrada\" srcset=\"https:\/\/vacuz.com\/wp-content\/uploads\/2022\/04\/46.jpg 800w, https:\/\/vacuz.com\/wp-content\/uploads\/2022\/04\/46-500x500.jpg 500w, https:\/\/vacuz.com\/wp-content\/uploads\/2022\/04\/46-100x100.jpg 100w, https:\/\/vacuz.com\/wp-content\/uploads\/2022\/04\/46-700x700.jpg 700w, https:\/\/vacuz.com\/wp-content\/uploads\/2022\/04\/46-300x300.jpg 300w, https:\/\/vacuz.com\/wp-content\/uploads\/2022\/04\/46-150x150.jpg 150w, https:\/\/vacuz.com\/wp-content\/uploads\/2022\/04\/46-768x768.jpg 768w, https:\/\/vacuz.com\/wp-content\/uploads\/2022\/04\/46-12x12.jpg 12w, https:\/\/vacuz.com\/wp-content\/uploads\/2022\/04\/46-66x66.jpg 66w, https:\/\/vacuz.com\/wp-content\/uploads\/2022\/04\/46-200x200.jpg 200w, https:\/\/vacuz.com\/wp-content\/uploads\/2022\/04\/46-400x400.jpg 400w, https:\/\/vacuz.com\/wp-content\/uploads\/2022\/04\/46-600x600.jpg 600w\" sizes=\"auto, (max-width: 800px) 100vw, 800px\" \/><\/p>\n<p>&nbsp;<\/p>\n<p><img loading=\"lazy\" decoding=\"async\" class=\"alignnone wp-image-5247 size-full\" src=\"https:\/\/vacuz.com\/wp-content\/uploads\/2022\/04\/45.jpg\" alt=\"Inserci\u00f3n de acero magn\u00e9tico\" width=\"600\" height=\"419\" title=\"Vacuz R&amp;D Aero Servo Pump Drone Motor Stator Dispensing And Inserting Magnetic Steel Assembly M\u00e1quina Integrada\" srcset=\"https:\/\/vacuz.com\/wp-content\/uploads\/2022\/04\/45.jpg 600w, https:\/\/vacuz.com\/wp-content\/uploads\/2022\/04\/45-500x349.jpg 500w, https:\/\/vacuz.com\/wp-content\/uploads\/2022\/04\/45-300x210.jpg 300w, https:\/\/vacuz.com\/wp-content\/uploads\/2022\/04\/45-18x12.jpg 18w, https:\/\/vacuz.com\/wp-content\/uploads\/2022\/04\/45-200x140.jpg 200w, https:\/\/vacuz.com\/wp-content\/uploads\/2022\/04\/45-400x279.jpg 400w\" sizes=\"auto, (max-width: 600px) 100vw, 600px\" \/><\/p>\n<p><img loading=\"lazy\" decoding=\"async\" class=\"alignnone wp-image-4241 size-full\" src=\"https:\/\/vacuz.com\/wp-content\/uploads\/2022\/01\/Automatic-Magnetic-Insert-Machine-6.jpg\" alt=\"M\u00e1quina autom\u00e1tica de inserci\u00f3n magn\u00e9tica\" width=\"1080\" height=\"493\" title=\"Vacuz R&amp;D Aero Servo Pump Drone Motor Stator Dispensing And Inserting Magnetic Steel Assembly M\u00e1quina Integrada\" srcset=\"https:\/\/vacuz.com\/wp-content\/uploads\/2022\/01\/Automatic-Magnetic-Insert-Machine-6.jpg 1080w, https:\/\/vacuz.com\/wp-content\/uploads\/2022\/01\/Automatic-Magnetic-Insert-Machine-6-500x228.jpg 500w, https:\/\/vacuz.com\/wp-content\/uploads\/2022\/01\/Automatic-Magnetic-Insert-Machine-6-700x320.jpg 700w, https:\/\/vacuz.com\/wp-content\/uploads\/2022\/01\/Automatic-Magnetic-Insert-Machine-6-300x137.jpg 300w, https:\/\/vacuz.com\/wp-content\/uploads\/2022\/01\/Automatic-Magnetic-Insert-Machine-6-1024x467.jpg 1024w, https:\/\/vacuz.com\/wp-content\/uploads\/2022\/01\/Automatic-Magnetic-Insert-Machine-6-768x351.jpg 768w, https:\/\/vacuz.com\/wp-content\/uploads\/2022\/01\/Automatic-Magnetic-Insert-Machine-6-18x8.jpg 18w, https:\/\/vacuz.com\/wp-content\/uploads\/2022\/01\/Automatic-Magnetic-Insert-Machine-6-200x91.jpg 200w, https:\/\/vacuz.com\/wp-content\/uploads\/2022\/01\/Automatic-Magnetic-Insert-Machine-6-400x183.jpg 400w, https:\/\/vacuz.com\/wp-content\/uploads\/2022\/01\/Automatic-Magnetic-Insert-Machine-6-600x274.jpg 600w, https:\/\/vacuz.com\/wp-content\/uploads\/2022\/01\/Automatic-Magnetic-Insert-Machine-6-800x365.jpg 800w\" sizes=\"auto, (max-width: 1080px) 100vw, 1080px\" \/><\/p>\n<\/div>\n<\/div>\n<h2><span style=\"font-size: 23.04px;\">Informaci\u00f3n sobre la empresa<\/span><\/h2>\n<div>\n<p><strong>Vacuz Machine Factory se fund\u00f3 en mayo de 2007, con sede en la ciudad de Dongguan, provincia de Guangdong. Es un fabricante profesional dedicado a la investigaci\u00f3n, desarrollo, producci\u00f3n, venta y servicio de m\u00e1quinas de bobinado autom\u00e1tico, m\u00e1quinas de bobinado de bobinas, m\u00e1quinas de bobinado de transformadores, m\u00e1quinas de bobinado de motores, m\u00e1quinas de bobinado de bobinas inal\u00e1mbricas, m\u00e1quinas de bobinado de inductores de modo com\u00fan SQ y otras m\u00e1quinas de bobinado no est\u00e1ndar. Con buenas ventas en todas las ciudades y provincias de China, nuestros productos tambi\u00e9n se exportan a clientes de pa\u00edses y regiones como Oriente Medio, Europa, \u00c1frica, Asia y Norteam\u00e9rica. Ya sea seleccionando un producto actual de nuestro cat\u00e1logo o buscando asistencia de ingenier\u00eda para su aplicaci\u00f3n, puede hablar con nuestro centro de atenci\u00f3n al cliente sobre sus requisitos de abastecimiento. La calidad es nuestra cultura. Esperamos contar pronto con su colaboraci\u00f3n.<\/strong><\/p>\n<p><img loading=\"lazy\" decoding=\"async\" class=\"alignnone size-full wp-image-4136\" src=\"https:\/\/vacuz.com\/wp-content\/uploads\/2022\/01\/Company-info-1.jpg\" alt=\"Company Info 1\" width=\"1200\" height=\"800\" title=\"Vacuz R&amp;D Aero Servo Pump Drone Motor Stator Dispensing And Inserting Magnetic Steel Assembly M\u00e1quina Integrada\" srcset=\"https:\/\/vacuz.com\/wp-content\/uploads\/2022\/01\/Company-info-1.jpg 1200w, https:\/\/vacuz.com\/wp-content\/uploads\/2022\/01\/Company-info-1-500x333.jpg 500w, https:\/\/vacuz.com\/wp-content\/uploads\/2022\/01\/Company-info-1-700x467.jpg 700w, https:\/\/vacuz.com\/wp-content\/uploads\/2022\/01\/Company-info-1-300x200.jpg 300w, https:\/\/vacuz.com\/wp-content\/uploads\/2022\/01\/Company-info-1-1024x683.jpg 1024w, https:\/\/vacuz.com\/wp-content\/uploads\/2022\/01\/Company-info-1-768x512.jpg 768w, https:\/\/vacuz.com\/wp-content\/uploads\/2022\/01\/Company-info-1-18x12.jpg 18w, https:\/\/vacuz.com\/wp-content\/uploads\/2022\/01\/Company-info-1-200x133.jpg 200w, https:\/\/vacuz.com\/wp-content\/uploads\/2022\/01\/Company-info-1-400x267.jpg 400w, https:\/\/vacuz.com\/wp-content\/uploads\/2022\/01\/Company-info-1-600x400.jpg 600w, https:\/\/vacuz.com\/wp-content\/uploads\/2022\/01\/Company-info-1-800x533.jpg 800w\" sizes=\"auto, (max-width: 1200px) 100vw, 1200px\" \/><\/p>\n<p><img loading=\"lazy\" decoding=\"async\" class=\"size-full wp-image-4126\" src=\"https:\/\/vacuz.com\/wp-content\/uploads\/2022\/01\/Company-info.jpg\" alt=\"Vacuz Informaci\u00f3n de la empresa\" width=\"1754\" height=\"1241\" title=\"Vacuz R&amp;D Aero Servo Pump Drone Motor Stator Dispensing And Inserting Magnetic Steel Assembly M\u00e1quina Integrada\" srcset=\"https:\/\/vacuz.com\/wp-content\/uploads\/2022\/01\/Company-info.jpg 1754w, https:\/\/vacuz.com\/wp-content\/uploads\/2022\/01\/Company-info-500x354.jpg 500w, https:\/\/vacuz.com\/wp-content\/uploads\/2022\/01\/Company-info-700x495.jpg 700w, https:\/\/vacuz.com\/wp-content\/uploads\/2022\/01\/Company-info-300x212.jpg 300w, https:\/\/vacuz.com\/wp-content\/uploads\/2022\/01\/Company-info-1024x725.jpg 1024w, https:\/\/vacuz.com\/wp-content\/uploads\/2022\/01\/Company-info-768x543.jpg 768w, https:\/\/vacuz.com\/wp-content\/uploads\/2022\/01\/Company-info-1536x1087.jpg 1536w, https:\/\/vacuz.com\/wp-content\/uploads\/2022\/01\/Company-info-18x12.jpg 18w, https:\/\/vacuz.com\/wp-content\/uploads\/2022\/01\/Company-info-200x142.jpg 200w, https:\/\/vacuz.com\/wp-content\/uploads\/2022\/01\/Company-info-400x283.jpg 400w, https:\/\/vacuz.com\/wp-content\/uploads\/2022\/01\/Company-info-600x425.jpg 600w, https:\/\/vacuz.com\/wp-content\/uploads\/2022\/01\/Company-info-800x566.jpg 800w, https:\/\/vacuz.com\/wp-content\/uploads\/2022\/01\/Company-info-1200x849.jpg 1200w\" sizes=\"auto, (max-width: 1754px) 100vw, 1754px\" \/><\/p>\n<p><img loading=\"lazy\" decoding=\"async\" class=\"size-full wp-image-4132\" src=\"https:\/\/vacuz.com\/wp-content\/uploads\/2022\/01\/\u5408\u4f5c\u4f19\u4f34.jpg\" alt=\"Socios\" width=\"1200\" height=\"555\" title=\"Vacuz R&amp;D Aero Servo Pump Drone Motor Stator Dispensing And Inserting Magnetic Steel Assembly M\u00e1quina Integrada\" srcset=\"https:\/\/vacuz.com\/wp-content\/uploads\/2022\/01\/\u5408\u4f5c\u4f19\u4f34.jpg 1200w, https:\/\/vacuz.com\/wp-content\/uploads\/2022\/01\/\u5408\u4f5c\u4f19\u4f34-500x231.jpg 500w, https:\/\/vacuz.com\/wp-content\/uploads\/2022\/01\/\u5408\u4f5c\u4f19\u4f34-700x324.jpg 700w, https:\/\/vacuz.com\/wp-content\/uploads\/2022\/01\/\u5408\u4f5c\u4f19\u4f34-300x139.jpg 300w, https:\/\/vacuz.com\/wp-content\/uploads\/2022\/01\/\u5408\u4f5c\u4f19\u4f34-1024x474.jpg 1024w, https:\/\/vacuz.com\/wp-content\/uploads\/2022\/01\/\u5408\u4f5c\u4f19\u4f34-768x355.jpg 768w, https:\/\/vacuz.com\/wp-content\/uploads\/2022\/01\/\u5408\u4f5c\u4f19\u4f34-18x8.jpg 18w, https:\/\/vacuz.com\/wp-content\/uploads\/2022\/01\/\u5408\u4f5c\u4f19\u4f34-200x93.jpg 200w, https:\/\/vacuz.com\/wp-content\/uploads\/2022\/01\/\u5408\u4f5c\u4f19\u4f34-400x185.jpg 400w, https:\/\/vacuz.com\/wp-content\/uploads\/2022\/01\/\u5408\u4f5c\u4f19\u4f34-600x278.jpg 600w, https:\/\/vacuz.com\/wp-content\/uploads\/2022\/01\/\u5408\u4f5c\u4f19\u4f34-800x370.jpg 800w\" sizes=\"auto, (max-width: 1200px) 100vw, 1200px\" \/><\/p>\n<p><img loading=\"lazy\" decoding=\"async\" class=\"size-full wp-image-4127\" src=\"https:\/\/vacuz.com\/wp-content\/uploads\/2022\/01\/Jeltecn\u8ba4\u8bc1.jpg\" alt=\"Certificado Vacuz\" width=\"1200\" height=\"549\" title=\"Vacuz R&amp;D Aero Servo Pump Drone Motor Stator Dispensing And Inserting Magnetic Steel Assembly M\u00e1quina Integrada\" srcset=\"https:\/\/vacuz.com\/wp-content\/uploads\/2022\/01\/Jeltecn\u8ba4\u8bc1.jpg 1200w, https:\/\/vacuz.com\/wp-content\/uploads\/2022\/01\/Jeltecn\u8ba4\u8bc1-500x229.jpg 500w, https:\/\/vacuz.com\/wp-content\/uploads\/2022\/01\/Jeltecn\u8ba4\u8bc1-700x320.jpg 700w, https:\/\/vacuz.com\/wp-content\/uploads\/2022\/01\/Jeltecn\u8ba4\u8bc1-300x137.jpg 300w, https:\/\/vacuz.com\/wp-content\/uploads\/2022\/01\/Jeltecn\u8ba4\u8bc1-1024x468.jpg 1024w, https:\/\/vacuz.com\/wp-content\/uploads\/2022\/01\/Jeltecn\u8ba4\u8bc1-768x351.jpg 768w, https:\/\/vacuz.com\/wp-content\/uploads\/2022\/01\/Jeltecn\u8ba4\u8bc1-18x8.jpg 18w, https:\/\/vacuz.com\/wp-content\/uploads\/2022\/01\/Jeltecn\u8ba4\u8bc1-200x92.jpg 200w, https:\/\/vacuz.com\/wp-content\/uploads\/2022\/01\/Jeltecn\u8ba4\u8bc1-400x183.jpg 400w, https:\/\/vacuz.com\/wp-content\/uploads\/2022\/01\/Jeltecn\u8ba4\u8bc1-600x275.jpg 600w, https:\/\/vacuz.com\/wp-content\/uploads\/2022\/01\/Jeltecn\u8ba4\u8bc1-800x366.jpg 800w\" sizes=\"auto, (max-width: 1200px) 100vw, 1200px\" \/><\/p>\n<h2>Embalaje y env\u00edo<\/h2>\n<p><strong>1.Puerto: Shanghai\/Shenzhen o su elecci\u00f3n<\/strong><\/p>\n<p><strong>Embalaje y transporte<\/strong><br \/>\n<strong>Embalaje general (cart\u00f3n o bolsa de pl\u00e1stico): Para mercanc\u00edas peque\u00f1as, empaqu\u00e9telas con papel de embalaje para garantizar que no se rompan durante el transporte.<\/strong><br \/>\n<strong>Embalaje de madera: Para las mercanc\u00edas a gran escala como el equipo de la m\u00e1quina etc, tenemos carpintero experto especial, que har\u00eda el caso de madera apropiado con grueso exacto, densidad, longitud. La flecha hacia arriba \u2191marcado en la caja de madera exterior. Material de amortiguaci\u00f3n se pondr\u00eda en la caja de madera para evitar grietas y golpes. Le informaremos del albar\u00e1n de entrega. S\u00f3lo tiene que esperar la llamada telef\u00f3nica y recoger la mercanc\u00eda en la estaci\u00f3n log\u00edstica m\u00e1s cercana (por favor, av\u00edseme con antelaci\u00f3n si desea recibir la mercanc\u00eda en casa).<\/strong><\/p>\n<p><img loading=\"lazy\" decoding=\"async\" class=\"size-full wp-image-4124\" src=\"https:\/\/vacuz.com\/wp-content\/uploads\/2022\/01\/Winding-Machine-Shipping-and-packing-4.jpg\" alt=\"M\u00e1quina bobinadora Env\u00edo y embalaje-4\" width=\"1512\" height=\"2016\" title=\"Vacuz R&amp;D Aero Servo Pump Drone Motor Stator Dispensing And Inserting Magnetic Steel Assembly M\u00e1quina Integrada\" srcset=\"https:\/\/vacuz.com\/wp-content\/uploads\/2022\/01\/Winding-Machine-Shipping-and-packing-4.jpg 1512w, https:\/\/vacuz.com\/wp-content\/uploads\/2022\/01\/Winding-Machine-Shipping-and-packing-4-500x667.jpg 500w, https:\/\/vacuz.com\/wp-content\/uploads\/2022\/01\/Winding-Machine-Shipping-and-packing-4-700x933.jpg 700w, https:\/\/vacuz.com\/wp-content\/uploads\/2022\/01\/Winding-Machine-Shipping-and-packing-4-225x300.jpg 225w, https:\/\/vacuz.com\/wp-content\/uploads\/2022\/01\/Winding-Machine-Shipping-and-packing-4-768x1024.jpg 768w, https:\/\/vacuz.com\/wp-content\/uploads\/2022\/01\/Winding-Machine-Shipping-and-packing-4-1152x1536.jpg 1152w, https:\/\/vacuz.com\/wp-content\/uploads\/2022\/01\/Winding-Machine-Shipping-and-packing-4-9x12.jpg 9w, https:\/\/vacuz.com\/wp-content\/uploads\/2022\/01\/Winding-Machine-Shipping-and-packing-4-200x267.jpg 200w, https:\/\/vacuz.com\/wp-content\/uploads\/2022\/01\/Winding-Machine-Shipping-and-packing-4-400x533.jpg 400w, https:\/\/vacuz.com\/wp-content\/uploads\/2022\/01\/Winding-Machine-Shipping-and-packing-4-600x800.jpg 600w, https:\/\/vacuz.com\/wp-content\/uploads\/2022\/01\/Winding-Machine-Shipping-and-packing-4-800x1067.jpg 800w, https:\/\/vacuz.com\/wp-content\/uploads\/2022\/01\/Winding-Machine-Shipping-and-packing-4-1200x1600.jpg 1200w\" sizes=\"auto, (max-width: 1512px) 100vw, 1512px\" \/><\/p>\n<p>&nbsp;<\/p>\n<h2>Vacuz Servicio y Fuerza<\/h2>\n<p><b data-spm-anchor-id=\"a2700.details.0.i31.182f594ewjEnUT\">Principio de servicio<\/b><br \/>\nProporcionarle el mejor servicio con \"rapidez + satisfacci\u00f3n + seguridad\".<br \/>\n<b>Periodo de garant\u00eda<\/b><br \/>\n12 meses despu\u00e9s de que el usuario haya recibido el producto.<br \/>\n<b>Garant\u00eda<\/b><br \/>\nS\u00f3lo en caso de aver\u00eda anormal causada por un defecto de dise\u00f1o o fabricaci\u00f3n de la m\u00e1quina,<br \/>\nse proporcionar\u00e1 reparaci\u00f3n y accesorios gratuitos.<br \/>\n<b>Capacidad de servicio tecnol\u00f3gico<\/b><br \/>\nTodos los ingenieros de servicio, con muchos a\u00f1os de experiencia, han recibido una formaci\u00f3n tecnol\u00f3gica especial que les permite hacer frente a diversos problemas de aver\u00eda.<br \/>\nGuiar al usuario para que utilice con precisi\u00f3n el producto y sepa c\u00f3mo mantenerlo.<br \/>\nAsesoramiento gratuito sobre tecnolog\u00eda de procesos de producci\u00f3n de productos electr\u00f3nicos.<br \/>\n<b>Servicio postventa<\/b><br \/>\nPara garantizar el uso normal de la m\u00e1quina, ofrecemos formaci\u00f3n sobre el funcionamiento, el uso y el mantenimiento de nuestro producto mediante manuales en ingl\u00e9s, v\u00eddeos y orientaci\u00f3n en l\u00ednea.<br \/>\n<b>Instrucciones de uso<\/b><br \/>\nSolicite el tama\u00f1o completo correcto del producto, de lo contrario, las dimensiones incorrectas afectar\u00e1n al efecto de uso.<br \/>\nNo exceda el \u00e1mbito de aplicaci\u00f3n de los productos.<br \/>\nMantener el producto despu\u00e9s de su uso, a prueba de humedad, a prueba de \u00f3xido, a prueba de fugas, a prueba de explosiones, el mantenimiento regular y la inspecci\u00f3n deben ser atendidos. Todo hecho ayuda a extender el per\u00edodo de uso.<br \/>\n<b>Gesti\u00f3n de documentos de usuario<\/b><br \/>\nEstablecer una gesti\u00f3n perfecta de los documentos de usuario en el sistema EPR. Se prestar\u00e1 especial atenci\u00f3n a los usuarios.<br \/>\n<b>Acerca del producto<\/b><br \/>\n1. 1. Foto del producto: Todas las fotos del producto son tomadas por el producto real, Existe la aberraci\u00f3n crom\u00e1tica entre el producto y la foto, que es causada por la luz de disparo, el tama\u00f1o del producto, la tecnolog\u00eda manual y la pantalla del ordenador, etc. No es un problema de calidad. Partes de los productos<br \/>\nse cambian en apariencia debido a la tecnolog\u00eda revolucionaria y la mejora del proceso. SanShine garantizar\u00eda el par\u00e1metro del producto es sin cambios, el producto no podr\u00eda afectar a utilizar.<br \/>\n2.Tama\u00f1o del producto: Todos los par\u00e1metros se miden manualmente s\u00f3lo como referencia. Hay una peque\u00f1a desviaci\u00f3n debido a la diferencia de herramientas de medici\u00f3n, productos de lote y proceso de producci\u00f3n. Tama\u00f1o real debe ser de acuerdo con el producto final de entrega.<br \/>\n3.Inspecci\u00f3n de calidad: Todos los productos deben ser inspeccionados estrictamente antes del env\u00edo. Aseg\u00farese de la buena funci\u00f3n y aspecto.<\/p>\n<h2>V\u00eddeo de la m\u00e1quina Vacuz<\/h2>\n<p><iframe loading=\"lazy\" title=\"4 Stations Vacuz Automatic FPV UAV Drone Rotor Glue Dispenser Magnets Inserting Machine Manufacturer\" width=\"563\" height=\"1000\" src=\"https:\/\/www.youtube.com\/embed\/3McQm9xUsYc?feature=oembed\" frameborder=\"0\" allow=\"accelerometer; autoplay; clipboard-write; encrypted-media; gyroscope; picture-in-picture; web-share\" referrerpolicy=\"strict-origin-when-cross-origin\" allowfullscreen><\/iframe><\/p>\n<\/div>","protected":false},"excerpt":{"rendered":"<p>Vacuz R&amp;D Aero Servo Pump Drone Motor Stator Dispensing And Inserting Magnetic Steel Assembly Integrated Machine Machine Feature \u25c6 Glue dispensing and magnetic insertion are integrated, first glue dispensing, then magnetic insertion \u25c6 Multiple magnets can be inserted at the same time, with or without magnetism can be common. \u25c6 Easy to learn, just put [&hellip;]<\/p>\n","protected":false},"featured_media":6264,"template":"","meta":{"_gspb_post_css":"","_joinchat":[]},"product_brand":[],"product_cat":[776,775],"product_tag":[356,247,342,250],"class_list":{"0":"post-6263","1":"product","2":"type-product","3":"status-publish","4":"has-post-thumbnail","6":"product_cat-fpv-drone-motor-production-machine","7":"product_cat-magnet-machine","8":"product_tag-automatic-bldc-stator-motor-coil-rotor-magnetic-steel-insertion-machine","9":"product_tag-automatic-stator-coil-winding-machine","10":"product_tag-dispensing-and-inserting-magnetic-steel-integrated-machine","11":"product_tag-magnetic-steel-coil-insertion-machine","13":"first","14":"instock","15":"featured","16":"shipping-taxable","17":"product-type-simple"},"_links":{"self":[{"href":"https:\/\/vacuz.com\/es\/wp-json\/wp\/v2\/product\/6263","targetHints":{"allow":["GET"]}}],"collection":[{"href":"https:\/\/vacuz.com\/es\/wp-json\/wp\/v2\/product"}],"about":[{"href":"https:\/\/vacuz.com\/es\/wp-json\/wp\/v2\/types\/product"}],"wp:featuredmedia":[{"embeddable":true,"href":"https:\/\/vacuz.com\/es\/wp-json\/wp\/v2\/media\/6264"}],"wp:attachment":[{"href":"https:\/\/vacuz.com\/es\/wp-json\/wp\/v2\/media?parent=6263"}],"wp:term":[{"taxonomy":"product_brand","embeddable":true,"href":"https:\/\/vacuz.com\/es\/wp-json\/wp\/v2\/product_brand?post=6263"},{"taxonomy":"product_cat","embeddable":true,"href":"https:\/\/vacuz.com\/es\/wp-json\/wp\/v2\/product_cat?post=6263"},{"taxonomy":"product_tag","embeddable":true,"href":"https:\/\/vacuz.com\/es\/wp-json\/wp\/v2\/product_tag?post=6263"}],"curies":[{"name":"wp","href":"https:\/\/api.w.org\/{rel}","templated":true}]}}