{"id":6421,"date":"2022-06-26T03:51:00","date_gmt":"2022-06-26T03:51:00","guid":{"rendered":"https:\/\/vacuz.com\/?post_type=product&#038;p=6421"},"modified":"2025-11-03T06:23:34","modified_gmt":"2025-11-03T06:23:34","slug":"vacuz-motor-stator-winding-automatic-binding-machine-in-and-out-station-servo-double-binding-lacing-machine","status":"publish","type":"product","link":"https:\/\/vacuz.com\/es\/product\/vacuz-motor-stator-winding-automatic-binding-machine-in-and-out-station-servo-double-binding-lacing-machine\/","title":{"rendered":"Vacuz Motor Stator Winding Automatic Binding Machine In And Out Station Servo Double Binding Lacing Machine"},"content":{"rendered":"<h2>Vacuz Motor Stator Winding Automatic Binding Machine In And Out Station Servo Double Binding Lacing Machine<\/h2>\n<div>\n<p><strong><u data-spm-anchor-id=\"a2700.details.0.i23.54f6d87dbvk0tc\">Caracter\u00edsticas de la m\u00e1quina<\/u><\/strong><\/p>\n<p>Esta m\u00e1quina adopta el sistema de control num\u00e9rico de cuatro ejes CNC con interfaz hombre-m\u00e1quina, que tiene las caracter\u00edsticas de velocidad r\u00e1pida, rendimiento de alta estabilidad, posici\u00f3n precisa y cambio r\u00e1pido de molde. La m\u00e1quina est\u00e1 equipada con dispositivo de posicionamiento, dispositivo de prensado del estator, dispositivo autom\u00e1tico de alimentaci\u00f3n de alambre, dispositivo autom\u00e1tico de corte de alambre, etc. El dise\u00f1o razonable del mecanismo mec\u00e1nico hace que la m\u00e1quina funcione m\u00e1s r\u00e1pido, menos ruido, mayor vida \u00fatil y mayor rendimiento de estabilidad.<\/p>\n<\/div>\n<p><strong>Aplicaci\u00f3n<\/strong><\/p>\n<p>Aplicable a rotores de motores de maquetas, servomotores, motores de bombas, motores de drones, etc. Aplicable pero no limitado a motores sin escobillas.<\/p>\n<h3><strong>Modelo de m\u00e1quina: VBX-40<\/strong><\/h3>\n<div>\n<p><strong><u>Funci\u00f3n de la m\u00e1quina<\/u><\/strong><\/p>\n<div>\n<table width=\"947\">\n<tbody>\n<tr>\n<td><strong>Nombre y modelo<\/strong><\/td>\n<td><strong>Double Lacing(Full Servo Motor)<\/strong><\/td>\n<\/tr>\n<tr>\n<td><strong>Nombre del producto:<\/strong><\/td>\n<td><strong>Vacuz Coil Double Lacing Machine<\/strong><\/td>\n<\/tr>\n<tr>\n<td><strong>Di\u00e1metro interior del estator<\/strong><\/td>\n<td><strong>25 mm<\/strong><\/td>\n<\/tr>\n<tr>\n<td><strong>Di\u00e1metro exterior del estator<\/strong><\/td>\n<td><strong>160 mm<\/strong><\/td>\n<\/tr>\n<tr>\n<td><strong>Altura de apilado adecuada<\/strong><\/td>\n<td><strong>8-160 mm<\/strong><\/td>\n<\/tr>\n<tr>\n<td><strong>Altura del paquete de cables<\/strong><\/td>\n<td><strong>15-30 mm<\/strong><\/td>\n<\/tr>\n<tr>\n<td><strong>Forma de encuadernaci\u00f3n<\/strong><\/td>\n<td><strong>Ranura por ranura, alambre de atar de fantas\u00eda<\/strong><\/td>\n<\/tr>\n<tr>\n<td><strong>Velocidad de enlace<\/strong><\/td>\n<td><strong>24 ranuras (10 segundos)<\/strong><\/td>\n<\/tr>\n<tr>\n<td><strong>Potencia y peso<\/strong><\/td>\n<td><strong>3500W 1000KG<\/strong><\/td>\n<\/tr>\n<tr>\n<td><strong>Dimensi\u00f3n de la m\u00e1quina<\/strong><\/td>\n<td><strong>1750*1100*1900mm(L*W*H)<\/strong><\/td>\n<\/tr>\n<\/tbody>\n<\/table>\n<p><img loading=\"lazy\" decoding=\"async\" class=\"alignnone wp-image-6425 size-full\" src=\"https:\/\/vacuz.com\/wp-content\/uploads\/2022\/06\/Stator-Coil-Automatic-Double-Binding-Machine-4.jpg\" alt=\"Encuadernadora autom\u00e1tica de doble bobina\" width=\"1000\" height=\"1000\" title=\"Vacuz Motor Stator Winding Automatic Binding Machine In And Out Station Servo Double Binding Lacing Machine\" srcset=\"https:\/\/vacuz.com\/wp-content\/uploads\/2022\/06\/Stator-Coil-Automatic-Double-Binding-Machine-4.jpg 1000w, https:\/\/vacuz.com\/wp-content\/uploads\/2022\/06\/Stator-Coil-Automatic-Double-Binding-Machine-4-500x500.jpg 500w, https:\/\/vacuz.com\/wp-content\/uploads\/2022\/06\/Stator-Coil-Automatic-Double-Binding-Machine-4-100x100.jpg 100w, https:\/\/vacuz.com\/wp-content\/uploads\/2022\/06\/Stator-Coil-Automatic-Double-Binding-Machine-4-700x700.jpg 700w, https:\/\/vacuz.com\/wp-content\/uploads\/2022\/06\/Stator-Coil-Automatic-Double-Binding-Machine-4-300x300.jpg 300w, https:\/\/vacuz.com\/wp-content\/uploads\/2022\/06\/Stator-Coil-Automatic-Double-Binding-Machine-4-150x150.jpg 150w, https:\/\/vacuz.com\/wp-content\/uploads\/2022\/06\/Stator-Coil-Automatic-Double-Binding-Machine-4-768x768.jpg 768w, https:\/\/vacuz.com\/wp-content\/uploads\/2022\/06\/Stator-Coil-Automatic-Double-Binding-Machine-4-12x12.jpg 12w, https:\/\/vacuz.com\/wp-content\/uploads\/2022\/06\/Stator-Coil-Automatic-Double-Binding-Machine-4-66x66.jpg 66w, https:\/\/vacuz.com\/wp-content\/uploads\/2022\/06\/Stator-Coil-Automatic-Double-Binding-Machine-4-200x200.jpg 200w, https:\/\/vacuz.com\/wp-content\/uploads\/2022\/06\/Stator-Coil-Automatic-Double-Binding-Machine-4-400x400.jpg 400w, https:\/\/vacuz.com\/wp-content\/uploads\/2022\/06\/Stator-Coil-Automatic-Double-Binding-Machine-4-600x600.jpg 600w, https:\/\/vacuz.com\/wp-content\/uploads\/2022\/06\/Stator-Coil-Automatic-Double-Binding-Machine-4-800x800.jpg 800w\" sizes=\"auto, (max-width: 1000px) 100vw, 1000px\" \/><\/p>\n<p><img loading=\"lazy\" decoding=\"async\" class=\"alignnone wp-image-6426 size-full\" src=\"https:\/\/vacuz.com\/wp-content\/uploads\/2022\/06\/Stator-Coil-Automatic-Double-Binding-Machine-5.jpg\" alt=\"Encuadernadora autom\u00e1tica de doble bobina\" width=\"800\" height=\"1067\" title=\"Vacuz Motor Stator Winding Automatic Binding Machine In And Out Station Servo Double Binding Lacing Machine\" srcset=\"https:\/\/vacuz.com\/wp-content\/uploads\/2022\/06\/Stator-Coil-Automatic-Double-Binding-Machine-5.jpg 800w, https:\/\/vacuz.com\/wp-content\/uploads\/2022\/06\/Stator-Coil-Automatic-Double-Binding-Machine-5-500x667.jpg 500w, https:\/\/vacuz.com\/wp-content\/uploads\/2022\/06\/Stator-Coil-Automatic-Double-Binding-Machine-5-700x934.jpg 700w, https:\/\/vacuz.com\/wp-content\/uploads\/2022\/06\/Stator-Coil-Automatic-Double-Binding-Machine-5-225x300.jpg 225w, https:\/\/vacuz.com\/wp-content\/uploads\/2022\/06\/Stator-Coil-Automatic-Double-Binding-Machine-5-768x1024.jpg 768w, https:\/\/vacuz.com\/wp-content\/uploads\/2022\/06\/Stator-Coil-Automatic-Double-Binding-Machine-5-9x12.jpg 9w, https:\/\/vacuz.com\/wp-content\/uploads\/2022\/06\/Stator-Coil-Automatic-Double-Binding-Machine-5-200x267.jpg 200w, https:\/\/vacuz.com\/wp-content\/uploads\/2022\/06\/Stator-Coil-Automatic-Double-Binding-Machine-5-400x534.jpg 400w, https:\/\/vacuz.com\/wp-content\/uploads\/2022\/06\/Stator-Coil-Automatic-Double-Binding-Machine-5-600x800.jpg 600w\" sizes=\"auto, (max-width: 800px) 100vw, 800px\" \/><\/p>\n<p><img loading=\"lazy\" decoding=\"async\" class=\"alignnone wp-image-6427 size-full\" src=\"https:\/\/vacuz.com\/wp-content\/uploads\/2022\/06\/Stator-Coil-Automatic-Double-Binding-Machine-6.jpg\" alt=\"Encuadernadora autom\u00e1tica de doble bobina\" width=\"800\" height=\"1067\" title=\"Vacuz Motor Stator Winding Automatic Binding Machine In And Out Station Servo Double Binding Lacing Machine\" srcset=\"https:\/\/vacuz.com\/wp-content\/uploads\/2022\/06\/Stator-Coil-Automatic-Double-Binding-Machine-6.jpg 800w, https:\/\/vacuz.com\/wp-content\/uploads\/2022\/06\/Stator-Coil-Automatic-Double-Binding-Machine-6-500x667.jpg 500w, https:\/\/vacuz.com\/wp-content\/uploads\/2022\/06\/Stator-Coil-Automatic-Double-Binding-Machine-6-700x934.jpg 700w, https:\/\/vacuz.com\/wp-content\/uploads\/2022\/06\/Stator-Coil-Automatic-Double-Binding-Machine-6-225x300.jpg 225w, https:\/\/vacuz.com\/wp-content\/uploads\/2022\/06\/Stator-Coil-Automatic-Double-Binding-Machine-6-768x1024.jpg 768w, https:\/\/vacuz.com\/wp-content\/uploads\/2022\/06\/Stator-Coil-Automatic-Double-Binding-Machine-6-9x12.jpg 9w, https:\/\/vacuz.com\/wp-content\/uploads\/2022\/06\/Stator-Coil-Automatic-Double-Binding-Machine-6-200x267.jpg 200w, https:\/\/vacuz.com\/wp-content\/uploads\/2022\/06\/Stator-Coil-Automatic-Double-Binding-Machine-6-400x534.jpg 400w, https:\/\/vacuz.com\/wp-content\/uploads\/2022\/06\/Stator-Coil-Automatic-Double-Binding-Machine-6-600x800.jpg 600w\" sizes=\"auto, (max-width: 800px) 100vw, 800px\" \/><\/p>\n<p><img loading=\"lazy\" decoding=\"async\" class=\"alignnone wp-image-6423 size-full\" src=\"https:\/\/vacuz.com\/wp-content\/uploads\/2022\/06\/Stator-Coil-Automatic-Double-Binding-Machine-2.jpg\" alt=\"Encuadernadora autom\u00e1tica de doble bobina\" width=\"1000\" height=\"1000\" title=\"Vacuz Motor Stator Winding Automatic Binding Machine In And Out Station Servo Double Binding Lacing Machine\" srcset=\"https:\/\/vacuz.com\/wp-content\/uploads\/2022\/06\/Stator-Coil-Automatic-Double-Binding-Machine-2.jpg 1000w, https:\/\/vacuz.com\/wp-content\/uploads\/2022\/06\/Stator-Coil-Automatic-Double-Binding-Machine-2-500x500.jpg 500w, https:\/\/vacuz.com\/wp-content\/uploads\/2022\/06\/Stator-Coil-Automatic-Double-Binding-Machine-2-100x100.jpg 100w, https:\/\/vacuz.com\/wp-content\/uploads\/2022\/06\/Stator-Coil-Automatic-Double-Binding-Machine-2-700x700.jpg 700w, https:\/\/vacuz.com\/wp-content\/uploads\/2022\/06\/Stator-Coil-Automatic-Double-Binding-Machine-2-300x300.jpg 300w, https:\/\/vacuz.com\/wp-content\/uploads\/2022\/06\/Stator-Coil-Automatic-Double-Binding-Machine-2-150x150.jpg 150w, https:\/\/vacuz.com\/wp-content\/uploads\/2022\/06\/Stator-Coil-Automatic-Double-Binding-Machine-2-768x768.jpg 768w, https:\/\/vacuz.com\/wp-content\/uploads\/2022\/06\/Stator-Coil-Automatic-Double-Binding-Machine-2-12x12.jpg 12w, https:\/\/vacuz.com\/wp-content\/uploads\/2022\/06\/Stator-Coil-Automatic-Double-Binding-Machine-2-66x66.jpg 66w, https:\/\/vacuz.com\/wp-content\/uploads\/2022\/06\/Stator-Coil-Automatic-Double-Binding-Machine-2-200x200.jpg 200w, https:\/\/vacuz.com\/wp-content\/uploads\/2022\/06\/Stator-Coil-Automatic-Double-Binding-Machine-2-400x400.jpg 400w, https:\/\/vacuz.com\/wp-content\/uploads\/2022\/06\/Stator-Coil-Automatic-Double-Binding-Machine-2-600x600.jpg 600w, https:\/\/vacuz.com\/wp-content\/uploads\/2022\/06\/Stator-Coil-Automatic-Double-Binding-Machine-2-800x800.jpg 800w\" sizes=\"auto, (max-width: 1000px) 100vw, 1000px\" \/><\/p>\n<\/div>\n<\/div>\n<h2><span style=\"font-size: 23.04px;\">Informaci\u00f3n sobre la empresa<\/span><\/h2>\n<div>\n<p><strong>Vacuz Machine Factory se fund\u00f3 en mayo de 2007, con sede en la ciudad de Dongguan, provincia de Guangdong. Es un fabricante profesional dedicado a la investigaci\u00f3n, desarrollo, producci\u00f3n, venta y servicio de m\u00e1quinas de bobinado autom\u00e1tico, m\u00e1quinas de bobinado de bobinas, m\u00e1quinas de bobinado de transformadores, m\u00e1quinas de bobinado de motores, m\u00e1quinas de bobinado de bobinas inal\u00e1mbricas, m\u00e1quinas de bobinado de inductores de modo com\u00fan SQ y otras m\u00e1quinas de bobinado no est\u00e1ndar. Con buenas ventas en todas las ciudades y provincias de China, nuestros productos tambi\u00e9n se exportan a clientes de pa\u00edses y regiones como Oriente Medio, Europa, \u00c1frica, Asia y Norteam\u00e9rica. Ya sea seleccionando un producto actual de nuestro cat\u00e1logo o buscando asistencia de ingenier\u00eda para su aplicaci\u00f3n, puede hablar con nuestro centro de atenci\u00f3n al cliente sobre sus requisitos de abastecimiento. La calidad es nuestra cultura. Esperamos contar pronto con su colaboraci\u00f3n.<\/strong><\/p>\n<p><img loading=\"lazy\" decoding=\"async\" class=\"alignnone size-full wp-image-4136\" src=\"https:\/\/vacuz.com\/wp-content\/uploads\/2022\/01\/Company-info-1.jpg\" alt=\"Informaci\u00f3n de la empresa 1\" width=\"1200\" height=\"800\" title=\"Vacuz Motor Stator Winding Automatic Binding Machine In And Out Station Servo Double Binding Lacing Machine\" srcset=\"https:\/\/vacuz.com\/wp-content\/uploads\/2022\/01\/Company-info-1.jpg 1200w, https:\/\/vacuz.com\/wp-content\/uploads\/2022\/01\/Company-info-1-500x333.jpg 500w, https:\/\/vacuz.com\/wp-content\/uploads\/2022\/01\/Company-info-1-700x467.jpg 700w, https:\/\/vacuz.com\/wp-content\/uploads\/2022\/01\/Company-info-1-300x200.jpg 300w, https:\/\/vacuz.com\/wp-content\/uploads\/2022\/01\/Company-info-1-1024x683.jpg 1024w, https:\/\/vacuz.com\/wp-content\/uploads\/2022\/01\/Company-info-1-768x512.jpg 768w, https:\/\/vacuz.com\/wp-content\/uploads\/2022\/01\/Company-info-1-18x12.jpg 18w, https:\/\/vacuz.com\/wp-content\/uploads\/2022\/01\/Company-info-1-200x133.jpg 200w, https:\/\/vacuz.com\/wp-content\/uploads\/2022\/01\/Company-info-1-400x267.jpg 400w, https:\/\/vacuz.com\/wp-content\/uploads\/2022\/01\/Company-info-1-600x400.jpg 600w, https:\/\/vacuz.com\/wp-content\/uploads\/2022\/01\/Company-info-1-800x533.jpg 800w\" sizes=\"auto, (max-width: 1200px) 100vw, 1200px\" \/><\/p>\n<p><img loading=\"lazy\" decoding=\"async\" class=\"size-full wp-image-4126\" src=\"https:\/\/vacuz.com\/wp-content\/uploads\/2022\/01\/Company-info.jpg\" alt=\"Vacuz Informaci\u00f3n de la empresa\" width=\"1754\" height=\"1241\" title=\"Vacuz Motor Stator Winding Automatic Binding Machine In And Out Station Servo Double Binding Lacing Machine\" srcset=\"https:\/\/vacuz.com\/wp-content\/uploads\/2022\/01\/Company-info.jpg 1754w, https:\/\/vacuz.com\/wp-content\/uploads\/2022\/01\/Company-info-500x354.jpg 500w, https:\/\/vacuz.com\/wp-content\/uploads\/2022\/01\/Company-info-700x495.jpg 700w, https:\/\/vacuz.com\/wp-content\/uploads\/2022\/01\/Company-info-300x212.jpg 300w, https:\/\/vacuz.com\/wp-content\/uploads\/2022\/01\/Company-info-1024x725.jpg 1024w, https:\/\/vacuz.com\/wp-content\/uploads\/2022\/01\/Company-info-768x543.jpg 768w, https:\/\/vacuz.com\/wp-content\/uploads\/2022\/01\/Company-info-1536x1087.jpg 1536w, https:\/\/vacuz.com\/wp-content\/uploads\/2022\/01\/Company-info-18x12.jpg 18w, https:\/\/vacuz.com\/wp-content\/uploads\/2022\/01\/Company-info-200x142.jpg 200w, https:\/\/vacuz.com\/wp-content\/uploads\/2022\/01\/Company-info-400x283.jpg 400w, https:\/\/vacuz.com\/wp-content\/uploads\/2022\/01\/Company-info-600x425.jpg 600w, https:\/\/vacuz.com\/wp-content\/uploads\/2022\/01\/Company-info-800x566.jpg 800w, https:\/\/vacuz.com\/wp-content\/uploads\/2022\/01\/Company-info-1200x849.jpg 1200w\" sizes=\"auto, (max-width: 1754px) 100vw, 1754px\" \/><\/p>\n<p><img loading=\"lazy\" decoding=\"async\" class=\"size-full wp-image-4132\" src=\"https:\/\/vacuz.com\/wp-content\/uploads\/2022\/01\/\u5408\u4f5c\u4f19\u4f34.jpg\" alt=\"Socios\" width=\"1200\" height=\"555\" title=\"Vacuz Motor Stator Winding Automatic Binding Machine In And Out Station Servo Double Binding Lacing Machine\" srcset=\"https:\/\/vacuz.com\/wp-content\/uploads\/2022\/01\/\u5408\u4f5c\u4f19\u4f34.jpg 1200w, https:\/\/vacuz.com\/wp-content\/uploads\/2022\/01\/\u5408\u4f5c\u4f19\u4f34-500x231.jpg 500w, https:\/\/vacuz.com\/wp-content\/uploads\/2022\/01\/\u5408\u4f5c\u4f19\u4f34-700x324.jpg 700w, https:\/\/vacuz.com\/wp-content\/uploads\/2022\/01\/\u5408\u4f5c\u4f19\u4f34-300x139.jpg 300w, https:\/\/vacuz.com\/wp-content\/uploads\/2022\/01\/\u5408\u4f5c\u4f19\u4f34-1024x474.jpg 1024w, https:\/\/vacuz.com\/wp-content\/uploads\/2022\/01\/\u5408\u4f5c\u4f19\u4f34-768x355.jpg 768w, https:\/\/vacuz.com\/wp-content\/uploads\/2022\/01\/\u5408\u4f5c\u4f19\u4f34-18x8.jpg 18w, https:\/\/vacuz.com\/wp-content\/uploads\/2022\/01\/\u5408\u4f5c\u4f19\u4f34-200x93.jpg 200w, https:\/\/vacuz.com\/wp-content\/uploads\/2022\/01\/\u5408\u4f5c\u4f19\u4f34-400x185.jpg 400w, https:\/\/vacuz.com\/wp-content\/uploads\/2022\/01\/\u5408\u4f5c\u4f19\u4f34-600x278.jpg 600w, https:\/\/vacuz.com\/wp-content\/uploads\/2022\/01\/\u5408\u4f5c\u4f19\u4f34-800x370.jpg 800w\" sizes=\"auto, (max-width: 1200px) 100vw, 1200px\" \/><\/p>\n<p><img loading=\"lazy\" decoding=\"async\" class=\"size-full wp-image-4127\" src=\"https:\/\/vacuz.com\/wp-content\/uploads\/2022\/01\/Jeltecn\u8ba4\u8bc1.jpg\" alt=\"Certificado Vacuz\" width=\"1200\" height=\"549\" title=\"Vacuz Motor Stator Winding Automatic Binding Machine In And Out Station Servo Double Binding Lacing Machine\" srcset=\"https:\/\/vacuz.com\/wp-content\/uploads\/2022\/01\/Jeltecn\u8ba4\u8bc1.jpg 1200w, https:\/\/vacuz.com\/wp-content\/uploads\/2022\/01\/Jeltecn\u8ba4\u8bc1-500x229.jpg 500w, https:\/\/vacuz.com\/wp-content\/uploads\/2022\/01\/Jeltecn\u8ba4\u8bc1-700x320.jpg 700w, https:\/\/vacuz.com\/wp-content\/uploads\/2022\/01\/Jeltecn\u8ba4\u8bc1-300x137.jpg 300w, https:\/\/vacuz.com\/wp-content\/uploads\/2022\/01\/Jeltecn\u8ba4\u8bc1-1024x468.jpg 1024w, https:\/\/vacuz.com\/wp-content\/uploads\/2022\/01\/Jeltecn\u8ba4\u8bc1-768x351.jpg 768w, https:\/\/vacuz.com\/wp-content\/uploads\/2022\/01\/Jeltecn\u8ba4\u8bc1-18x8.jpg 18w, https:\/\/vacuz.com\/wp-content\/uploads\/2022\/01\/Jeltecn\u8ba4\u8bc1-200x92.jpg 200w, https:\/\/vacuz.com\/wp-content\/uploads\/2022\/01\/Jeltecn\u8ba4\u8bc1-400x183.jpg 400w, https:\/\/vacuz.com\/wp-content\/uploads\/2022\/01\/Jeltecn\u8ba4\u8bc1-600x275.jpg 600w, https:\/\/vacuz.com\/wp-content\/uploads\/2022\/01\/Jeltecn\u8ba4\u8bc1-800x366.jpg 800w\" sizes=\"auto, (max-width: 1200px) 100vw, 1200px\" \/><\/p>\n<h2>Embalaje y env\u00edo<\/h2>\n<p><strong>1.Puerto: Shanghai\/Shenzhen o su elecci\u00f3n<\/strong><\/p>\n<p><strong>Embalaje y transporte<\/strong><br \/>\n<strong>Embalaje general (cart\u00f3n o bolsa de pl\u00e1stico): Para mercanc\u00edas peque\u00f1as, empaqu\u00e9telas con papel de embalaje para garantizar que no se rompan durante el transporte.<\/strong><br \/>\n<strong>Embalaje de madera: Para las mercanc\u00edas a gran escala como el equipo de la m\u00e1quina etc, tenemos carpintero experto especial, que har\u00eda el caso de madera apropiado con grueso exacto, densidad, longitud. La flecha hacia arriba \u2191marcado en la caja de madera exterior. Material de amortiguaci\u00f3n se pondr\u00eda en la caja de madera para evitar grietas y golpes. Le informaremos del albar\u00e1n de entrega. S\u00f3lo tiene que esperar la llamada telef\u00f3nica y recoger la mercanc\u00eda en la estaci\u00f3n log\u00edstica m\u00e1s cercana (por favor, av\u00edseme con antelaci\u00f3n si desea recibir la mercanc\u00eda en casa).<\/strong><\/p>\n<p><img loading=\"lazy\" decoding=\"async\" class=\"size-full wp-image-4124\" src=\"https:\/\/vacuz.com\/wp-content\/uploads\/2022\/01\/Winding-Machine-Shipping-and-packing-4.jpg\" alt=\"M\u00e1quina bobinadora Env\u00edo y embalaje-4\" width=\"1512\" height=\"2016\" title=\"Vacuz Motor Stator Winding Automatic Binding Machine In And Out Station Servo Double Binding Lacing Machine\" srcset=\"https:\/\/vacuz.com\/wp-content\/uploads\/2022\/01\/Winding-Machine-Shipping-and-packing-4.jpg 1512w, https:\/\/vacuz.com\/wp-content\/uploads\/2022\/01\/Winding-Machine-Shipping-and-packing-4-500x667.jpg 500w, https:\/\/vacuz.com\/wp-content\/uploads\/2022\/01\/Winding-Machine-Shipping-and-packing-4-700x933.jpg 700w, https:\/\/vacuz.com\/wp-content\/uploads\/2022\/01\/Winding-Machine-Shipping-and-packing-4-225x300.jpg 225w, https:\/\/vacuz.com\/wp-content\/uploads\/2022\/01\/Winding-Machine-Shipping-and-packing-4-768x1024.jpg 768w, https:\/\/vacuz.com\/wp-content\/uploads\/2022\/01\/Winding-Machine-Shipping-and-packing-4-1152x1536.jpg 1152w, https:\/\/vacuz.com\/wp-content\/uploads\/2022\/01\/Winding-Machine-Shipping-and-packing-4-9x12.jpg 9w, https:\/\/vacuz.com\/wp-content\/uploads\/2022\/01\/Winding-Machine-Shipping-and-packing-4-200x267.jpg 200w, https:\/\/vacuz.com\/wp-content\/uploads\/2022\/01\/Winding-Machine-Shipping-and-packing-4-400x533.jpg 400w, https:\/\/vacuz.com\/wp-content\/uploads\/2022\/01\/Winding-Machine-Shipping-and-packing-4-600x800.jpg 600w, https:\/\/vacuz.com\/wp-content\/uploads\/2022\/01\/Winding-Machine-Shipping-and-packing-4-800x1067.jpg 800w, https:\/\/vacuz.com\/wp-content\/uploads\/2022\/01\/Winding-Machine-Shipping-and-packing-4-1200x1600.jpg 1200w\" sizes=\"auto, (max-width: 1512px) 100vw, 1512px\" \/><\/p>\n<p>&nbsp;<\/p>\n<h2>Vacuz Servicio y Fuerza<\/h2>\n<p><b data-spm-anchor-id=\"a2700.details.0.i31.182f594ewjEnUT\">Principio de servicio<\/b><br \/>\nProporcionarle el mejor servicio con \"rapidez + satisfacci\u00f3n + seguridad\".<br \/>\n<b>Periodo de garant\u00eda<\/b><br \/>\n12 meses despu\u00e9s de que el usuario haya recibido el producto.<br \/>\n<b>Garant\u00eda<\/b><br \/>\nS\u00f3lo en caso de aver\u00eda anormal causada por un defecto de dise\u00f1o o fabricaci\u00f3n de la m\u00e1quina,<br \/>\nse proporcionar\u00e1 reparaci\u00f3n y accesorios gratuitos.<br \/>\n<b>Capacidad de servicio tecnol\u00f3gico<\/b><br \/>\nTodos los ingenieros de servicio, con muchos a\u00f1os de experiencia, han recibido una formaci\u00f3n tecnol\u00f3gica especial que les permite hacer frente a diversos problemas de aver\u00eda.<br \/>\nGuiar al usuario para que utilice con precisi\u00f3n el producto y sepa c\u00f3mo mantenerlo.<br \/>\nAsesoramiento gratuito sobre tecnolog\u00eda de procesos de producci\u00f3n de productos electr\u00f3nicos.<br \/>\n<b>Servicio postventa<\/b><br \/>\nPara garantizar el uso normal de la m\u00e1quina, ofrecemos formaci\u00f3n sobre el funcionamiento, el uso y el mantenimiento de nuestro producto mediante manuales en ingl\u00e9s, v\u00eddeos y orientaci\u00f3n en l\u00ednea.<br \/>\n<b>Instrucciones de uso<\/b><br \/>\nSolicite el tama\u00f1o completo correcto del producto, de lo contrario, las dimensiones incorrectas afectar\u00e1n al efecto de uso.<br \/>\nNo exceda el \u00e1mbito de aplicaci\u00f3n de los productos.<br \/>\nMantener el producto despu\u00e9s de su uso, a prueba de humedad, a prueba de \u00f3xido, a prueba de fugas, a prueba de explosiones, el mantenimiento regular y la inspecci\u00f3n deben ser atendidos. Todo hecho ayuda a extender el per\u00edodo de uso.<br \/>\n<b>Gesti\u00f3n de documentos de usuario<\/b><br \/>\nEstablecer una gesti\u00f3n perfecta de los documentos de usuario en el sistema EPR. Se prestar\u00e1 especial atenci\u00f3n a los usuarios.<br \/>\n<b>Acerca del producto<\/b><br \/>\n1. 1. Foto del producto: Todas las fotos del producto son tomadas por el producto real, Existe la aberraci\u00f3n crom\u00e1tica entre el producto y la foto, que es causada por la luz de disparo, el tama\u00f1o del producto, la tecnolog\u00eda manual y la pantalla del ordenador, etc. No es un problema de calidad. Partes de los productos<br \/>\nse cambian en apariencia debido a la tecnolog\u00eda revolucionaria y la mejora del proceso. SanShine garantizar\u00eda el par\u00e1metro del producto es sin cambios, el producto no podr\u00eda afectar a utilizar.<br \/>\n2.Tama\u00f1o del producto: Todos los par\u00e1metros se miden manualmente s\u00f3lo como referencia. Hay una peque\u00f1a desviaci\u00f3n debido a la diferencia de herramientas de medici\u00f3n, productos de lote y proceso de producci\u00f3n. Tama\u00f1o real debe ser de acuerdo con el producto final de entrega.<br \/>\n3.Inspecci\u00f3n de calidad: Todos los productos deben ser inspeccionados estrictamente antes del env\u00edo. Aseg\u00farese de la buena funci\u00f3n y aspecto.<\/p>\n<h2>V\u00eddeo de la m\u00e1quina Vacuz<\/h2>\n<p><iframe loading=\"lazy\" title=\"Alta precisi\u00f3n Automtaic bobina del estator de la m\u00e1quina de encaje de la bobina del motor Lacer Proceso\" width=\"1200\" height=\"900\" src=\"https:\/\/www.youtube.com\/embed\/kDdOoidV-FI?feature=oembed\" frameborder=\"0\" allow=\"accelerometer; autoplay; clipboard-write; encrypted-media; gyroscope; picture-in-picture; web-share\" referrerpolicy=\"strict-origin-when-cross-origin\" allowfullscreen><\/iframe><\/p>\n<\/div>","protected":false},"excerpt":{"rendered":"<p>Vacuz Motor Stator Winding Automatic Binding Machine In And Out Station Servo Double Binding Lacing Machine Machine Feature This machine adopts CNC four-axis numerical control system with human-machine interface, which has the characteristics of fast speed, high stability performance, accurate position and quick mold change. The machine is equipped with positioning device, stator pressing device, [&hellip;]<\/p>\n","protected":false},"featured_media":6422,"template":"","meta":{"_gspb_post_css":"","_joinchat":[]},"product_brand":[],"product_cat":[772,810],"product_tag":[758],"class_list":{"0":"post-6421","1":"product","2":"type-product","3":"status-publish","4":"has-post-thumbnail","6":"product_cat-ac-induction-motor-coil-production-machine","7":"product_cat-stator-lacing-machine","8":"product_tag-coil-lacing-machine","10":"first","11":"instock","12":"featured","13":"shipping-taxable","14":"product-type-simple"},"_links":{"self":[{"href":"https:\/\/vacuz.com\/es\/wp-json\/wp\/v2\/product\/6421","targetHints":{"allow":["GET"]}}],"collection":[{"href":"https:\/\/vacuz.com\/es\/wp-json\/wp\/v2\/product"}],"about":[{"href":"https:\/\/vacuz.com\/es\/wp-json\/wp\/v2\/types\/product"}],"wp:featuredmedia":[{"embeddable":true,"href":"https:\/\/vacuz.com\/es\/wp-json\/wp\/v2\/media\/6422"}],"wp:attachment":[{"href":"https:\/\/vacuz.com\/es\/wp-json\/wp\/v2\/media?parent=6421"}],"wp:term":[{"taxonomy":"product_brand","embeddable":true,"href":"https:\/\/vacuz.com\/es\/wp-json\/wp\/v2\/product_brand?post=6421"},{"taxonomy":"product_cat","embeddable":true,"href":"https:\/\/vacuz.com\/es\/wp-json\/wp\/v2\/product_cat?post=6421"},{"taxonomy":"product_tag","embeddable":true,"href":"https:\/\/vacuz.com\/es\/wp-json\/wp\/v2\/product_tag?post=6421"}],"curies":[{"name":"wp","href":"https:\/\/api.w.org\/{rel}","templated":true}]}}