{"id":4366,"date":"2022-01-29T03:00:54","date_gmt":"2022-01-29T03:00:54","guid":{"rendered":"https:\/\/vacuz.com\/?post_type=product&#038;p=4366"},"modified":"2025-10-25T10:31:44","modified_gmt":"2025-10-25T10:31:44","slug":"single-spindle-axis-automatic-transformer-bobbin-coil-teflon-tube-insert-insulation-tape-wrapping-winding-casing-machine","status":"publish","type":"product","link":"https:\/\/vacuz.com\/fr\/product\/single-spindle-axis-automatic-transformer-bobbin-coil-teflon-tube-insert-insulation-tape-wrapping-winding-casing-machine\/","title":{"rendered":"Machine automatique d'enroulement de bobine de transformateur \u00e0 axe unique pour l'insertion d'un tube en t\u00e9flon dans une bande isolante"},"content":{"rendered":"<h2>Machine automatique d'enroulement de bobine de transformateur \u00e0 axe unique pour l'insertion d'un tube en t\u00e9flon dans une bande isolante<\/h2>\n<div>\n<h3><strong>Caract\u00e9ristiques de la machine<\/strong><\/h3>\n<p><strong>Vacuz has developed its own fully automatic bushing transformer winding machine with the latest design<\/strong><br \/>\n<strong>The Vacuz fully automatic transformer bushing winding machine is equipped with the latest design of bushing transport device, combined with stable winding, covering and retaining wall structure, mainly suitable for the production of high frequency safety transformers, with high versatility, to meet the needs of different specifications of the guide<\/strong><br \/>\n<strong>It can meet the needs of different specifications of wire threading, and the on-line machine is convenient and the procedure is simple, which is conducive to improving the production efficiency and reducing the cost.<\/strong><br \/>\n<strong>It can meet the needs of different specifications of wire bushing, and it is easy to connect to the machine, simple procedure, which is conducive to improving production efficiency and reducing cost.<\/strong><\/p>\n<ol>\n<li><strong>A variety of wire diameters + a variety of casing can be realized, suitable for the production process of different types of casing transformers.<\/strong><\/li>\n<li><strong>Unique and novel casing threading structures can realize efficient and stable casing conveying, and the tail wire and waste wire can be sorted and cleared according to the customer&#8217;s demand.<\/strong><\/li>\n<li><strong>Suitable for transformer process with multi-winding demand, the number of inline machines can be designed according to customer&#8217;s demand.<\/strong><\/li>\n<\/ol>\n<p>&nbsp;<\/p>\n<h3><strong>Principaux param\u00e8tres techniques<\/strong><\/h3>\n<table style=\"height: 480px;\" width=\"947\">\n<tbody>\n<tr>\n<td><strong>Stations d'enroulement<\/strong><\/td>\n<td><strong>1 Broche<\/strong><\/td>\n<\/tr>\n<tr>\n<td><strong>Spindle Direction<\/strong><\/td>\n<td><strong>Clockwise\/Counterclockwise Every turn\/360\u00b0<\/strong><\/td>\n<\/tr>\n<tr>\n<td><strong>Spindle Servo Motor Power<\/strong><\/td>\n<td><strong>400W<\/strong><\/td>\n<\/tr>\n<tr>\n<td><strong>Main Spindle Speed<\/strong><\/td>\n<td><strong>4000Rpm\/Min<\/strong><\/td>\n<\/tr>\n<tr>\n<td><strong>Tension<\/strong><\/td>\n<td><strong>AC 220V \u00b110%<\/strong><\/td>\n<\/tr>\n<tr>\n<td><strong>Puissance totale<\/strong><\/td>\n<td><strong>2500W<\/strong><\/td>\n<\/tr>\n<tr>\n<td><strong>Quick Clamp Interface Inner Diameter<\/strong><\/td>\n<td><strong>10mm<\/strong><\/td>\n<\/tr>\n<tr>\n<td><strong>Syst\u00e8me de contr\u00f4le<\/strong><\/td>\n<td><strong>12 axis programmable motion control system<\/strong><\/td>\n<\/tr>\n<tr>\n<td><strong>Maximum Winding Width<\/strong><\/td>\n<td><strong>60mm<\/strong><\/td>\n<\/tr>\n<tr>\n<td><strong>Pression atmosph\u00e9rique<\/strong><\/td>\n<td><strong>0,4-0,6MPa<\/strong><\/td>\n<\/tr>\n<tr>\n<td><strong>Dimension de la machine \u00e0 bobiner<\/strong><\/td>\n<td><strong>800mm*650mm*1350mm<\/strong><\/td>\n<\/tr>\n<tr>\n<td><strong>Poids de la machine<\/strong><\/td>\n<td><strong>350KG<\/strong><\/td>\n<\/tr>\n<\/tbody>\n<\/table>\n<div>\n<p><img loading=\"lazy\" decoding=\"async\" class=\"size-full wp-image-4363\" src=\"https:\/\/vacuz.com\/wp-content\/uploads\/2022\/01\/Transformer-Teflon-Tube-Insert-Winding-Machine.jpg\" alt=\"Machine \u00e0 enrouler les tubes en t\u00e9flon pour transformateurs\" width=\"1500\" height=\"1500\" title=\"Machine automatique d&#039;enroulement de bobine de transformateur \u00e0 axe unique pour l&#039;insertion d&#039;un tube en t\u00e9flon dans une bande isolante\" srcset=\"https:\/\/vacuz.com\/wp-content\/uploads\/2022\/01\/Transformer-Teflon-Tube-Insert-Winding-Machine.jpg 1500w, https:\/\/vacuz.com\/wp-content\/uploads\/2022\/01\/Transformer-Teflon-Tube-Insert-Winding-Machine-500x500.jpg 500w, https:\/\/vacuz.com\/wp-content\/uploads\/2022\/01\/Transformer-Teflon-Tube-Insert-Winding-Machine-100x100.jpg 100w, https:\/\/vacuz.com\/wp-content\/uploads\/2022\/01\/Transformer-Teflon-Tube-Insert-Winding-Machine-700x700.jpg 700w, https:\/\/vacuz.com\/wp-content\/uploads\/2022\/01\/Transformer-Teflon-Tube-Insert-Winding-Machine-300x300.jpg 300w, https:\/\/vacuz.com\/wp-content\/uploads\/2022\/01\/Transformer-Teflon-Tube-Insert-Winding-Machine-1024x1024.jpg 1024w, https:\/\/vacuz.com\/wp-content\/uploads\/2022\/01\/Transformer-Teflon-Tube-Insert-Winding-Machine-150x150.jpg 150w, https:\/\/vacuz.com\/wp-content\/uploads\/2022\/01\/Transformer-Teflon-Tube-Insert-Winding-Machine-768x768.jpg 768w, https:\/\/vacuz.com\/wp-content\/uploads\/2022\/01\/Transformer-Teflon-Tube-Insert-Winding-Machine-12x12.jpg 12w, https:\/\/vacuz.com\/wp-content\/uploads\/2022\/01\/Transformer-Teflon-Tube-Insert-Winding-Machine-66x66.jpg 66w, https:\/\/vacuz.com\/wp-content\/uploads\/2022\/01\/Transformer-Teflon-Tube-Insert-Winding-Machine-200x200.jpg 200w, https:\/\/vacuz.com\/wp-content\/uploads\/2022\/01\/Transformer-Teflon-Tube-Insert-Winding-Machine-400x400.jpg 400w, https:\/\/vacuz.com\/wp-content\/uploads\/2022\/01\/Transformer-Teflon-Tube-Insert-Winding-Machine-600x600.jpg 600w, https:\/\/vacuz.com\/wp-content\/uploads\/2022\/01\/Transformer-Teflon-Tube-Insert-Winding-Machine-800x800.jpg 800w, https:\/\/vacuz.com\/wp-content\/uploads\/2022\/01\/Transformer-Teflon-Tube-Insert-Winding-Machine-1200x1200.jpg 1200w\" sizes=\"auto, (max-width: 1500px) 100vw, 1500px\" \/><\/p>\n<p><img loading=\"lazy\" decoding=\"async\" class=\"size-full wp-image-4226\" src=\"https:\/\/vacuz.com\/wp-content\/uploads\/2022\/01\/Automatic-Teflon-Tube-Insert-Winding-Machine-8.jpg\" alt=\"Machine automatique \u00e0 enrouler les tubes en t\u00e9flon\" width=\"1000\" height=\"1000\" title=\"Machine automatique d&#039;enroulement de bobine de transformateur \u00e0 axe unique pour l&#039;insertion d&#039;un tube en t\u00e9flon dans une bande isolante\" srcset=\"https:\/\/vacuz.com\/wp-content\/uploads\/2022\/01\/Automatic-Teflon-Tube-Insert-Winding-Machine-8.jpg 1000w, https:\/\/vacuz.com\/wp-content\/uploads\/2022\/01\/Automatic-Teflon-Tube-Insert-Winding-Machine-8-500x500.jpg 500w, https:\/\/vacuz.com\/wp-content\/uploads\/2022\/01\/Automatic-Teflon-Tube-Insert-Winding-Machine-8-100x100.jpg 100w, https:\/\/vacuz.com\/wp-content\/uploads\/2022\/01\/Automatic-Teflon-Tube-Insert-Winding-Machine-8-700x700.jpg 700w, https:\/\/vacuz.com\/wp-content\/uploads\/2022\/01\/Automatic-Teflon-Tube-Insert-Winding-Machine-8-300x300.jpg 300w, https:\/\/vacuz.com\/wp-content\/uploads\/2022\/01\/Automatic-Teflon-Tube-Insert-Winding-Machine-8-150x150.jpg 150w, https:\/\/vacuz.com\/wp-content\/uploads\/2022\/01\/Automatic-Teflon-Tube-Insert-Winding-Machine-8-768x768.jpg 768w, https:\/\/vacuz.com\/wp-content\/uploads\/2022\/01\/Automatic-Teflon-Tube-Insert-Winding-Machine-8-12x12.jpg 12w, https:\/\/vacuz.com\/wp-content\/uploads\/2022\/01\/Automatic-Teflon-Tube-Insert-Winding-Machine-8-66x66.jpg 66w, https:\/\/vacuz.com\/wp-content\/uploads\/2022\/01\/Automatic-Teflon-Tube-Insert-Winding-Machine-8-200x200.jpg 200w, https:\/\/vacuz.com\/wp-content\/uploads\/2022\/01\/Automatic-Teflon-Tube-Insert-Winding-Machine-8-400x400.jpg 400w, https:\/\/vacuz.com\/wp-content\/uploads\/2022\/01\/Automatic-Teflon-Tube-Insert-Winding-Machine-8-600x600.jpg 600w, https:\/\/vacuz.com\/wp-content\/uploads\/2022\/01\/Automatic-Teflon-Tube-Insert-Winding-Machine-8-800x800.jpg 800w\" sizes=\"auto, (max-width: 1000px) 100vw, 1000px\" \/><\/p>\n<\/div>\n<\/div>\n<h3><span style=\"font-size: 23.04px;\">Informations sur l'entreprise<\/span><\/h3>\n<div>\n<p><strong>Vacuz Machine Factory a \u00e9t\u00e9 fond\u00e9e en mai 2007 \u00e0 Dongguan, dans la province du Guangdong. Il s'agit d'un fabricant professionnel engag\u00e9 dans la recherche, le d\u00e9veloppement, la production, la vente et le service de bobineuses automatiques, de bobineuses de bobines, de bobineuses de transformateurs, de bobineuses de moteurs, de bobineuses sans fil, de bobineuses d'inductances \u00e0 mode commun SQ et d'autres machines \u00e0 bobiner non standard. Bien vendus dans toutes les villes et provinces de Chine, nos produits sont \u00e9galement export\u00e9s vers des clients de pays et r\u00e9gions tels que le Moyen-Orient, l'Europe, l'Afrique, l'Asie et l'Am\u00e9rique du Nord. Que vous choisissiez un produit courant dans notre catalogue ou que vous recherchiez une assistance technique pour votre application, vous pouvez vous adresser \u00e0 notre centre de service \u00e0 la client\u00e8le pour conna\u00eetre vos besoins en mati\u00e8re d'approvisionnement. La qualit\u00e9 est notre culture ! Nous esp\u00e9rons que vous coop\u00e9rerez bient\u00f4t avec nous !<\/strong><\/p>\n<p><img loading=\"lazy\" decoding=\"async\" class=\"alignnone size-full wp-image-4136\" src=\"https:\/\/vacuz.com\/wp-content\/uploads\/2022\/01\/Company-info-1.jpg\" alt=\"Informations sur l&#039;entreprise 1\" width=\"1200\" height=\"800\" title=\"Machine automatique d&#039;enroulement de bobine de transformateur \u00e0 axe unique pour l&#039;insertion d&#039;un tube en t\u00e9flon dans une bande isolante\" srcset=\"https:\/\/vacuz.com\/wp-content\/uploads\/2022\/01\/Company-info-1.jpg 1200w, https:\/\/vacuz.com\/wp-content\/uploads\/2022\/01\/Company-info-1-500x333.jpg 500w, https:\/\/vacuz.com\/wp-content\/uploads\/2022\/01\/Company-info-1-700x467.jpg 700w, https:\/\/vacuz.com\/wp-content\/uploads\/2022\/01\/Company-info-1-300x200.jpg 300w, https:\/\/vacuz.com\/wp-content\/uploads\/2022\/01\/Company-info-1-1024x683.jpg 1024w, https:\/\/vacuz.com\/wp-content\/uploads\/2022\/01\/Company-info-1-768x512.jpg 768w, https:\/\/vacuz.com\/wp-content\/uploads\/2022\/01\/Company-info-1-18x12.jpg 18w, https:\/\/vacuz.com\/wp-content\/uploads\/2022\/01\/Company-info-1-200x133.jpg 200w, https:\/\/vacuz.com\/wp-content\/uploads\/2022\/01\/Company-info-1-400x267.jpg 400w, https:\/\/vacuz.com\/wp-content\/uploads\/2022\/01\/Company-info-1-600x400.jpg 600w, https:\/\/vacuz.com\/wp-content\/uploads\/2022\/01\/Company-info-1-800x533.jpg 800w\" sizes=\"auto, (max-width: 1200px) 100vw, 1200px\" \/><\/p>\n<p><img loading=\"lazy\" decoding=\"async\" class=\"size-full wp-image-4126\" src=\"https:\/\/vacuz.com\/wp-content\/uploads\/2022\/01\/Company-info.jpg\" alt=\"Vacuz Company info\" width=\"1754\" height=\"1241\" title=\"Machine automatique d&#039;enroulement de bobine de transformateur \u00e0 axe unique pour l&#039;insertion d&#039;un tube en t\u00e9flon dans une bande isolante\" srcset=\"https:\/\/vacuz.com\/wp-content\/uploads\/2022\/01\/Company-info.jpg 1754w, https:\/\/vacuz.com\/wp-content\/uploads\/2022\/01\/Company-info-500x354.jpg 500w, https:\/\/vacuz.com\/wp-content\/uploads\/2022\/01\/Company-info-700x495.jpg 700w, https:\/\/vacuz.com\/wp-content\/uploads\/2022\/01\/Company-info-300x212.jpg 300w, https:\/\/vacuz.com\/wp-content\/uploads\/2022\/01\/Company-info-1024x725.jpg 1024w, https:\/\/vacuz.com\/wp-content\/uploads\/2022\/01\/Company-info-768x543.jpg 768w, https:\/\/vacuz.com\/wp-content\/uploads\/2022\/01\/Company-info-1536x1087.jpg 1536w, https:\/\/vacuz.com\/wp-content\/uploads\/2022\/01\/Company-info-18x12.jpg 18w, https:\/\/vacuz.com\/wp-content\/uploads\/2022\/01\/Company-info-200x142.jpg 200w, https:\/\/vacuz.com\/wp-content\/uploads\/2022\/01\/Company-info-400x283.jpg 400w, https:\/\/vacuz.com\/wp-content\/uploads\/2022\/01\/Company-info-600x425.jpg 600w, https:\/\/vacuz.com\/wp-content\/uploads\/2022\/01\/Company-info-800x566.jpg 800w, https:\/\/vacuz.com\/wp-content\/uploads\/2022\/01\/Company-info-1200x849.jpg 1200w\" sizes=\"auto, (max-width: 1754px) 100vw, 1754px\" \/><\/p>\n<p><img loading=\"lazy\" decoding=\"async\" class=\"size-full wp-image-4132\" src=\"https:\/\/vacuz.com\/wp-content\/uploads\/2022\/01\/\u5408\u4f5c\u4f19\u4f34.jpg\" alt=\"Partenaires\" width=\"1200\" height=\"555\" title=\"Machine automatique d&#039;enroulement de bobine de transformateur \u00e0 axe unique pour l&#039;insertion d&#039;un tube en t\u00e9flon dans une bande isolante\" srcset=\"https:\/\/vacuz.com\/wp-content\/uploads\/2022\/01\/\u5408\u4f5c\u4f19\u4f34.jpg 1200w, https:\/\/vacuz.com\/wp-content\/uploads\/2022\/01\/\u5408\u4f5c\u4f19\u4f34-500x231.jpg 500w, https:\/\/vacuz.com\/wp-content\/uploads\/2022\/01\/\u5408\u4f5c\u4f19\u4f34-700x324.jpg 700w, https:\/\/vacuz.com\/wp-content\/uploads\/2022\/01\/\u5408\u4f5c\u4f19\u4f34-300x139.jpg 300w, https:\/\/vacuz.com\/wp-content\/uploads\/2022\/01\/\u5408\u4f5c\u4f19\u4f34-1024x474.jpg 1024w, https:\/\/vacuz.com\/wp-content\/uploads\/2022\/01\/\u5408\u4f5c\u4f19\u4f34-768x355.jpg 768w, https:\/\/vacuz.com\/wp-content\/uploads\/2022\/01\/\u5408\u4f5c\u4f19\u4f34-18x8.jpg 18w, https:\/\/vacuz.com\/wp-content\/uploads\/2022\/01\/\u5408\u4f5c\u4f19\u4f34-200x93.jpg 200w, https:\/\/vacuz.com\/wp-content\/uploads\/2022\/01\/\u5408\u4f5c\u4f19\u4f34-400x185.jpg 400w, https:\/\/vacuz.com\/wp-content\/uploads\/2022\/01\/\u5408\u4f5c\u4f19\u4f34-600x278.jpg 600w, https:\/\/vacuz.com\/wp-content\/uploads\/2022\/01\/\u5408\u4f5c\u4f19\u4f34-800x370.jpg 800w\" sizes=\"auto, (max-width: 1200px) 100vw, 1200px\" \/><\/p>\n<p><img loading=\"lazy\" decoding=\"async\" class=\"size-full wp-image-4127\" src=\"https:\/\/vacuz.com\/wp-content\/uploads\/2022\/01\/Jeltecn\u8ba4\u8bc1.jpg\" alt=\"Certificat Vacuz\" width=\"1200\" height=\"549\" title=\"Machine automatique d&#039;enroulement de bobine de transformateur \u00e0 axe unique pour l&#039;insertion d&#039;un tube en t\u00e9flon dans une bande isolante\" srcset=\"https:\/\/vacuz.com\/wp-content\/uploads\/2022\/01\/Jeltecn\u8ba4\u8bc1.jpg 1200w, https:\/\/vacuz.com\/wp-content\/uploads\/2022\/01\/Jeltecn\u8ba4\u8bc1-500x229.jpg 500w, https:\/\/vacuz.com\/wp-content\/uploads\/2022\/01\/Jeltecn\u8ba4\u8bc1-700x320.jpg 700w, https:\/\/vacuz.com\/wp-content\/uploads\/2022\/01\/Jeltecn\u8ba4\u8bc1-300x137.jpg 300w, https:\/\/vacuz.com\/wp-content\/uploads\/2022\/01\/Jeltecn\u8ba4\u8bc1-1024x468.jpg 1024w, https:\/\/vacuz.com\/wp-content\/uploads\/2022\/01\/Jeltecn\u8ba4\u8bc1-768x351.jpg 768w, https:\/\/vacuz.com\/wp-content\/uploads\/2022\/01\/Jeltecn\u8ba4\u8bc1-18x8.jpg 18w, https:\/\/vacuz.com\/wp-content\/uploads\/2022\/01\/Jeltecn\u8ba4\u8bc1-200x92.jpg 200w, https:\/\/vacuz.com\/wp-content\/uploads\/2022\/01\/Jeltecn\u8ba4\u8bc1-400x183.jpg 400w, https:\/\/vacuz.com\/wp-content\/uploads\/2022\/01\/Jeltecn\u8ba4\u8bc1-600x275.jpg 600w, https:\/\/vacuz.com\/wp-content\/uploads\/2022\/01\/Jeltecn\u8ba4\u8bc1-800x366.jpg 800w\" sizes=\"auto, (max-width: 1200px) 100vw, 1200px\" \/><\/p>\n<h3>Emballage et exp\u00e9dition<\/h3>\n<p><strong>1) Port : Shanghai\/Shenzhen ou votre choix<\/strong><\/p>\n<p><strong>Emballage et transport<\/strong><br \/>\n<strong>Emballage g\u00e9n\u00e9ral (carton ou sac en plastique) : Pour les petites marchandises, l'emballage est constitu\u00e9 d'un formulaire et d'un papier d'emballage afin de garantir l'int\u00e9grit\u00e9 de la marchandise pendant le transport.<\/strong><br \/>\n<strong>Emballage en caisse en bois : Pour les marchandises de plus grande taille, telles que les machines, etc., nous disposons d'un menuisier sp\u00e9cialis\u00e9 qui fabriquera la caisse en bois appropri\u00e9e, d'une \u00e9paisseur, d'une densit\u00e9 et d'une longueur exactes. La fl\u00e8che vers le haut \u2191 est marqu\u00e9e sur la caisse en bois ext\u00e9rieure. Un mat\u00e9riau tampon est plac\u00e9 dans la caisse en bois pour \u00e9viter les fissures et les chocs. Nous vous informerons du bon de livraison. Il vous suffit d'attendre l'appel t\u00e9l\u00e9phonique, puis de r\u00e9cup\u00e9rer les marchandises \u00e0 la station logistique la plus proche (veuillez me faire savoir \u00e0 l'avance si vous souhaitez r\u00e9cup\u00e9rer les marchandises \u00e0 la maison).<\/strong><\/p>\n<p><img loading=\"lazy\" decoding=\"async\" class=\"size-full wp-image-4124\" src=\"https:\/\/vacuz.com\/wp-content\/uploads\/2022\/01\/Winding-Machine-Shipping-and-packing-4.jpg\" alt=\"Machine \u00e0 bobiner Exp\u00e9dition et emballage-4\" width=\"1512\" height=\"2016\" title=\"Machine automatique d&#039;enroulement de bobine de transformateur \u00e0 axe unique pour l&#039;insertion d&#039;un tube en t\u00e9flon dans une bande isolante\" srcset=\"https:\/\/vacuz.com\/wp-content\/uploads\/2022\/01\/Winding-Machine-Shipping-and-packing-4.jpg 1512w, https:\/\/vacuz.com\/wp-content\/uploads\/2022\/01\/Winding-Machine-Shipping-and-packing-4-500x667.jpg 500w, https:\/\/vacuz.com\/wp-content\/uploads\/2022\/01\/Winding-Machine-Shipping-and-packing-4-700x933.jpg 700w, https:\/\/vacuz.com\/wp-content\/uploads\/2022\/01\/Winding-Machine-Shipping-and-packing-4-225x300.jpg 225w, https:\/\/vacuz.com\/wp-content\/uploads\/2022\/01\/Winding-Machine-Shipping-and-packing-4-768x1024.jpg 768w, https:\/\/vacuz.com\/wp-content\/uploads\/2022\/01\/Winding-Machine-Shipping-and-packing-4-1152x1536.jpg 1152w, https:\/\/vacuz.com\/wp-content\/uploads\/2022\/01\/Winding-Machine-Shipping-and-packing-4-9x12.jpg 9w, https:\/\/vacuz.com\/wp-content\/uploads\/2022\/01\/Winding-Machine-Shipping-and-packing-4-200x267.jpg 200w, https:\/\/vacuz.com\/wp-content\/uploads\/2022\/01\/Winding-Machine-Shipping-and-packing-4-400x533.jpg 400w, https:\/\/vacuz.com\/wp-content\/uploads\/2022\/01\/Winding-Machine-Shipping-and-packing-4-600x800.jpg 600w, https:\/\/vacuz.com\/wp-content\/uploads\/2022\/01\/Winding-Machine-Shipping-and-packing-4-800x1067.jpg 800w, https:\/\/vacuz.com\/wp-content\/uploads\/2022\/01\/Winding-Machine-Shipping-and-packing-4-1200x1600.jpg 1200w\" sizes=\"auto, (max-width: 1512px) 100vw, 1512px\" \/><\/p>\n<p>&nbsp;<\/p>\n<h2>Vacuz Service &amp; Force<\/h2>\n<p><b data-spm-anchor-id=\"a2700.details.0.i31.182f594ewjEnUT\">Le principe de service<\/b><br \/>\nNous vous fournissons le meilleur service avec \"rapide + satisfaisant + s\u00fbr\".<br \/>\n<b>P\u00e9riode de garantie<\/b><br \/>\n12 mois apr\u00e8s la r\u00e9ception du produit par l'utilisateur.<br \/>\n<b>\u00c9l\u00e9ments de garantie<\/b><br \/>\nUniquement en cas de panne anormale caus\u00e9e par un d\u00e9faut de conception ou de fabrication de la machine,<br \/>\ndes r\u00e9parations et des accessoires seront fournis gratuitement.<br \/>\n<b>Capacit\u00e9 de service technologique<\/b><br \/>\nTous les ing\u00e9nieurs de service, qui ont de nombreuses ann\u00e9es d'exp\u00e9rience, ont re\u00e7u une formation technologique sp\u00e9ciale qui leur permet de traiter les diff\u00e9rents probl\u00e8mes de panne.<br \/>\nGuider l'utilisateur pour qu'il utilise le produit avec pr\u00e9cision et qu'il l'entretienne.<br \/>\nFournir des conseils gratuits sur la technologie du processus de production des produits \u00e9lectroniques.<br \/>\n<b>Service apr\u00e8s-vente<\/b><br \/>\nAfin de garantir l'utilisation normale de la machine, nous dispensons une formation sur le fonctionnement, l'utilisation et l'entretien de notre produit \u00e0 l'aide d'un manuel en anglais, d'une vid\u00e9o ou d'un guide en ligne.<br \/>\n<b>Utiliser les instructions<\/b><br \/>\nDemandez la bonne taille compl\u00e8te du produit, sinon les mauvaises dimensions affecteront l'effet d'utilisation.<br \/>\nVeillez \u00e0 ce que le produit soit utilis\u00e9 conform\u00e9ment au mode d'emploi et ne d\u00e9passez pas le champ d'application des produits.<br \/>\nEntretenir le produit apr\u00e8s son utilisation,L'entretien et l'inspection doivent \u00eatre effectu\u00e9s r\u00e9guli\u00e8rement pour \u00e9viter l'humidit\u00e9, la rouille, les fuites et les explosions. Toutes ces mesures contribuent \u00e0 prolonger la dur\u00e9e d'utilisation du produit.<br \/>\n<b>Gestion des documents des utilisateurs<\/b><br \/>\nMettre en place une gestion parfaite des documents de l'utilisateur dans le syst\u00e8me EPR. Les utilisateurs seront pris en charge.<br \/>\n<b>\u00c0 propos du produit<\/b><br \/>\n1. Photo du produit : Toutes les photos des produits sont prises avec des produits r\u00e9els. Il y a une aberration de couleur entre le produit et la photo, qui est caus\u00e9e par la lumi\u00e8re, la taille du produit, la technologie manuelle et l'affichage de l'ordinateur, etc. Il ne s'agit pas d'un probl\u00e8me de qualit\u00e9. Parties des produits<br \/>\nL'apparence des produits est modifi\u00e9e en raison de la r\u00e9volution technologique et de l'am\u00e9lioration des processus. SanShine s'assure que les param\u00e8tres du produit restent inchang\u00e9s et que l'utilisation du produit n'est pas affect\u00e9e.<br \/>\n2. la taille du produit : Tous les param\u00e8tres sont mesur\u00e9s manuellement \u00e0 titre de r\u00e9f\u00e9rence. Il existe un l\u00e9ger \u00e9cart d\u00fb \u00e0 la diff\u00e9rence entre les outils de mesure, les lots de produits et le processus de production. La taille r\u00e9elle doit \u00eatre conforme au produit final livr\u00e9.<br \/>\n3. contr\u00f4le de la qualit\u00e9 : Tous les produits doivent faire l'objet d'une inspection rigoureuse avant d'\u00eatre exp\u00e9di\u00e9s. Cela permet de s'assurer de la qualit\u00e9 du fonctionnement et de l'aspect des produits.<\/p>\n<h2>Vid\u00e9o sur la machine Vacuz<\/h2>\n<p><iframe loading=\"lazy\" title=\"Reliable Quality Transformer Coil 2\/4\/6 Axis Winding Teflon Tube Insert Taping Wrapping Machine\" width=\"1200\" height=\"675\" src=\"https:\/\/www.youtube.com\/embed\/8i5JbUVufQg?feature=oembed\" frameborder=\"0\" allow=\"accelerometer; autoplay; clipboard-write; encrypted-media; gyroscope; picture-in-picture\" allowfullscreen><\/iframe><\/p>\n<\/div>","protected":false},"excerpt":{"rendered":"<p>Single Spindle Axis Automatic Transformer Bobbin Coil Teflon Tube Insert Insulation Tape Wrapping Winding Casing Machine Machine Features Vacuz has developed its own fully automatic bushing transformer winding machine with the latest design The Vacuz fully automatic transformer bushing winding machine is equipped with the latest design of bushing transport device, combined with stable winding, [&hellip;]<\/p>\n","protected":false},"featured_media":4363,"template":"","meta":{"_gspb_post_css":"","_joinchat":[]},"product_brand":[],"product_cat":[802,778],"product_tag":[270,269],"class_list":{"0":"post-4366","1":"product","2":"type-product","3":"status-publish","4":"has-post-thumbnail","6":"product_cat-automatic-transformer-coil-casing-machine","7":"product_cat-transformer-coil-production-machine","8":"product_tag-teflon-tube-insert","9":"product_tag-transformer-teflon-tube-insert-insulation-tape-wrapping-winding-machine","11":"first","12":"instock","13":"shipping-taxable","14":"product-type-simple"},"_links":{"self":[{"href":"https:\/\/vacuz.com\/fr\/wp-json\/wp\/v2\/product\/4366","targetHints":{"allow":["GET"]}}],"collection":[{"href":"https:\/\/vacuz.com\/fr\/wp-json\/wp\/v2\/product"}],"about":[{"href":"https:\/\/vacuz.com\/fr\/wp-json\/wp\/v2\/types\/product"}],"wp:featuredmedia":[{"embeddable":true,"href":"https:\/\/vacuz.com\/fr\/wp-json\/wp\/v2\/media\/4363"}],"wp:attachment":[{"href":"https:\/\/vacuz.com\/fr\/wp-json\/wp\/v2\/media?parent=4366"}],"wp:term":[{"taxonomy":"product_brand","embeddable":true,"href":"https:\/\/vacuz.com\/fr\/wp-json\/wp\/v2\/product_brand?post=4366"},{"taxonomy":"product_cat","embeddable":true,"href":"https:\/\/vacuz.com\/fr\/wp-json\/wp\/v2\/product_cat?post=4366"},{"taxonomy":"product_tag","embeddable":true,"href":"https:\/\/vacuz.com\/fr\/wp-json\/wp\/v2\/product_tag?post=4366"}],"curies":[{"name":"wp","href":"https:\/\/api.w.org\/{rel}","templated":true}]}}