{"id":4377,"date":"2022-02-09T09:08:08","date_gmt":"2022-02-09T09:08:08","guid":{"rendered":"https:\/\/vacuz.com\/?post_type=product&#038;p=4377"},"modified":"2025-10-22T14:40:28","modified_gmt":"2025-10-22T14:40:28","slug":"fully-automatic-transformer-bobbin-coil-inductor-tin-soldering-welding-machine-can-add-auto-feeding-device","status":"publish","type":"product","link":"https:\/\/vacuz.com\/fr\/product\/fully-automatic-transformer-bobbin-coil-inductor-tin-soldering-welding-machine-can-add-auto-feeding-device\/","title":{"rendered":"Machine de soudage \u00e0 l'\u00e9tain enti\u00e8rement automatique pour bobines d'inducteurs de transformateurs avec dispositif d'alimentation automatique"},"content":{"rendered":"<h2>Machine de soudage \u00e0 l'\u00e9tain enti\u00e8rement automatique pour bobines d'inducteurs de transformateurs avec dispositif d'alimentation automatique<\/h2>\n<h3>Machine Feature:<\/h3>\n<div>\n<ul>\n<li><strong>The sensor probe detects the tin surface, automatically detects the height of the tin surface and records the height of the tin surface by itself.<\/strong><\/li>\n<li><strong>Flux external storage box with valve control, also can choose automatic circulation device, flux tank upper and lower layer for the split type, easy to clean.<\/strong><\/li>\n<li><strong>Scraping tin can be automatically scraped to the tin dross tank.<\/strong><\/li>\n<li><strong>Conveyor belt manual feeding, mainly for the high-end products pin soldering, can adjust the width and height of the products put on the conveyor line, according to customer requirements docking assembly line, in order to achieve the purpose of saving labor.<\/strong><\/li>\n<li><strong>For small amount of products, many varieties, different sizes, can choose to use multiple pneumatic gripper.<\/strong><\/li>\n<\/ul>\n<h3>Machine Application:<\/h3>\n<p><img loading=\"lazy\" decoding=\"async\" class=\"wp-image-4382\" src=\"https:\/\/vacuz.com\/wp-content\/uploads\/2022\/02\/Automatic-Transformer-Bobbin-Coil-Tin-Soldering-Machine-5.jpg\" alt=\"Machine automatique \u00e0 souder l&#039;\u00e9tain des bobines de transformateurs\" width=\"920\" height=\"113\" title=\"Machine de soudage \u00e0 l&#039;\u00e9tain enti\u00e8rement automatique pour bobines d&#039;inducteurs de transformateurs avec dispositif d&#039;alimentation automatique\" srcset=\"https:\/\/vacuz.com\/wp-content\/uploads\/2022\/02\/Automatic-Transformer-Bobbin-Coil-Tin-Soldering-Machine-5.jpg 635w, https:\/\/vacuz.com\/wp-content\/uploads\/2022\/02\/Automatic-Transformer-Bobbin-Coil-Tin-Soldering-Machine-5-500x61.jpg 500w, https:\/\/vacuz.com\/wp-content\/uploads\/2022\/02\/Automatic-Transformer-Bobbin-Coil-Tin-Soldering-Machine-5-600x74.jpg 600w, https:\/\/vacuz.com\/wp-content\/uploads\/2022\/02\/Automatic-Transformer-Bobbin-Coil-Tin-Soldering-Machine-5-300x37.jpg 300w, https:\/\/vacuz.com\/wp-content\/uploads\/2022\/02\/Automatic-Transformer-Bobbin-Coil-Tin-Soldering-Machine-5-18x2.jpg 18w, https:\/\/vacuz.com\/wp-content\/uploads\/2022\/02\/Automatic-Transformer-Bobbin-Coil-Tin-Soldering-Machine-5-200x25.jpg 200w, https:\/\/vacuz.com\/wp-content\/uploads\/2022\/02\/Automatic-Transformer-Bobbin-Coil-Tin-Soldering-Machine-5-400x49.jpg 400w\" sizes=\"auto, (max-width: 920px) 100vw, 920px\" \/><\/p>\n<h3>Soldering Machine Technical Parameters:<\/h3>\n<p>1\u3001Used for vertical and horizontal transformer, inductor coil and I type inductor pin on the tin work.<\/p>\n<p>2\u3001Vibration automatic loading, automatic material grabbing, automatic flux sticking, automatic soldering (with flip), automatic return. Can add a manual material swinging work (for small quantity orders).<\/p>\n<p>3\u3001Soldering product features include setting the soldering angle (to achieve the front and back of the wire package side welding, up and down flat welding), height, angle, time, cleaning pins, automatic detection of liquid height, multiple rosin, multiple soldering and other functions.<\/p>\n<p>4\u3001Equipment to achieve a key to start \/ stop function, when the equipment failure, the sound and light alarm. Equipment design basic local \/ online, start, stop emergency stop, pause and other necessary mechanical buttons.<\/p>\n<p>5\u3001The equipment material is made of high quality material, safe, reliable, durable and easy to clean, the inner lining of the tin furnace and tin rake are made of lead-free titanium alloy, which is environmentally friendly and durable. Equipment with tin ash collection box, the box is easy to pick up and clean.<\/p>\n<p>6\u3001Equipment surrounded by safety flaps and safety doors, easy and simple to operate; the top has a fan to exhaust smoke.<\/p>\n<p>7, the main configuration of the equipment: multi-functional motion controller, 7-inch touch screen (Willon), servo motor plus stepper motor, silk rifle, slide rail (TBI), cylinder (Adecker \/ Star optional), photoelectric switch (gas can \/ SMC optional) are used at home and abroad well-known brands.<\/p>\n<p>8\u3001The size of the machine (L960*W680*H1350) is about, error \u00b120. Unit: mm<\/p>\n<h3>Machine Details:<\/h3>\n<p><img loading=\"lazy\" decoding=\"async\" class=\"wp-image-4378\" src=\"https:\/\/vacuz.com\/wp-content\/uploads\/2022\/02\/Automatic-Transformer-Bobbin-Coil-Tin-Soldering-Machine-1.jpg\" alt=\"Machine automatique \u00e0 souder l&#039;\u00e9tain des bobines de transformateurs\" width=\"569\" height=\"759\" title=\"Machine de soudage \u00e0 l&#039;\u00e9tain enti\u00e8rement automatique pour bobines d&#039;inducteurs de transformateurs avec dispositif d&#039;alimentation automatique\" srcset=\"https:\/\/vacuz.com\/wp-content\/uploads\/2022\/02\/Automatic-Transformer-Bobbin-Coil-Tin-Soldering-Machine-1.jpg 450w, https:\/\/vacuz.com\/wp-content\/uploads\/2022\/02\/Automatic-Transformer-Bobbin-Coil-Tin-Soldering-Machine-1-225x300.jpg 225w, https:\/\/vacuz.com\/wp-content\/uploads\/2022\/02\/Automatic-Transformer-Bobbin-Coil-Tin-Soldering-Machine-1-9x12.jpg 9w, https:\/\/vacuz.com\/wp-content\/uploads\/2022\/02\/Automatic-Transformer-Bobbin-Coil-Tin-Soldering-Machine-1-200x267.jpg 200w, https:\/\/vacuz.com\/wp-content\/uploads\/2022\/02\/Automatic-Transformer-Bobbin-Coil-Tin-Soldering-Machine-1-400x533.jpg 400w\" sizes=\"auto, (max-width: 569px) 100vw, 569px\" \/><\/p>\n<p><img loading=\"lazy\" decoding=\"async\" class=\"wp-image-4379\" src=\"https:\/\/vacuz.com\/wp-content\/uploads\/2022\/02\/Automatic-Transformer-Bobbin-Coil-Tin-Soldering-Machine-2.jpg\" alt=\"Machine automatique \u00e0 souder l&#039;\u00e9tain des bobines de transformateurs\" width=\"572\" height=\"763\" title=\"Machine de soudage \u00e0 l&#039;\u00e9tain enti\u00e8rement automatique pour bobines d&#039;inducteurs de transformateurs avec dispositif d&#039;alimentation automatique\" srcset=\"https:\/\/vacuz.com\/wp-content\/uploads\/2022\/02\/Automatic-Transformer-Bobbin-Coil-Tin-Soldering-Machine-2.jpg 450w, https:\/\/vacuz.com\/wp-content\/uploads\/2022\/02\/Automatic-Transformer-Bobbin-Coil-Tin-Soldering-Machine-2-225x300.jpg 225w, https:\/\/vacuz.com\/wp-content\/uploads\/2022\/02\/Automatic-Transformer-Bobbin-Coil-Tin-Soldering-Machine-2-9x12.jpg 9w, https:\/\/vacuz.com\/wp-content\/uploads\/2022\/02\/Automatic-Transformer-Bobbin-Coil-Tin-Soldering-Machine-2-200x267.jpg 200w, https:\/\/vacuz.com\/wp-content\/uploads\/2022\/02\/Automatic-Transformer-Bobbin-Coil-Tin-Soldering-Machine-2-400x533.jpg 400w\" sizes=\"auto, (max-width: 572px) 100vw, 572px\" \/><\/p>\n<p><img loading=\"lazy\" decoding=\"async\" class=\"wp-image-4380\" src=\"https:\/\/vacuz.com\/wp-content\/uploads\/2022\/02\/Automatic-Transformer-Bobbin-Coil-Tin-Soldering-Machine-3.jpg\" alt=\"Machine automatique \u00e0 souder l&#039;\u00e9tain des bobines de transformateurs\" width=\"573\" height=\"764\" title=\"Machine de soudage \u00e0 l&#039;\u00e9tain enti\u00e8rement automatique pour bobines d&#039;inducteurs de transformateurs avec dispositif d&#039;alimentation automatique\" srcset=\"https:\/\/vacuz.com\/wp-content\/uploads\/2022\/02\/Automatic-Transformer-Bobbin-Coil-Tin-Soldering-Machine-3.jpg 450w, https:\/\/vacuz.com\/wp-content\/uploads\/2022\/02\/Automatic-Transformer-Bobbin-Coil-Tin-Soldering-Machine-3-225x300.jpg 225w, https:\/\/vacuz.com\/wp-content\/uploads\/2022\/02\/Automatic-Transformer-Bobbin-Coil-Tin-Soldering-Machine-3-9x12.jpg 9w, https:\/\/vacuz.com\/wp-content\/uploads\/2022\/02\/Automatic-Transformer-Bobbin-Coil-Tin-Soldering-Machine-3-200x267.jpg 200w, https:\/\/vacuz.com\/wp-content\/uploads\/2022\/02\/Automatic-Transformer-Bobbin-Coil-Tin-Soldering-Machine-3-400x533.jpg 400w\" sizes=\"auto, (max-width: 573px) 100vw, 573px\" \/><\/p>\n<p><img loading=\"lazy\" decoding=\"async\" class=\"wp-image-4381\" src=\"https:\/\/vacuz.com\/wp-content\/uploads\/2022\/02\/Automatic-Transformer-Bobbin-Coil-Tin-Soldering-Machine-4.jpg\" alt=\"Machine automatique \u00e0 souder l&#039;\u00e9tain des bobines de transformateurs\" width=\"575\" height=\"767\" title=\"Machine de soudage \u00e0 l&#039;\u00e9tain enti\u00e8rement automatique pour bobines d&#039;inducteurs de transformateurs avec dispositif d&#039;alimentation automatique\" srcset=\"https:\/\/vacuz.com\/wp-content\/uploads\/2022\/02\/Automatic-Transformer-Bobbin-Coil-Tin-Soldering-Machine-4.jpg 450w, https:\/\/vacuz.com\/wp-content\/uploads\/2022\/02\/Automatic-Transformer-Bobbin-Coil-Tin-Soldering-Machine-4-225x300.jpg 225w, https:\/\/vacuz.com\/wp-content\/uploads\/2022\/02\/Automatic-Transformer-Bobbin-Coil-Tin-Soldering-Machine-4-9x12.jpg 9w, https:\/\/vacuz.com\/wp-content\/uploads\/2022\/02\/Automatic-Transformer-Bobbin-Coil-Tin-Soldering-Machine-4-200x267.jpg 200w, https:\/\/vacuz.com\/wp-content\/uploads\/2022\/02\/Automatic-Transformer-Bobbin-Coil-Tin-Soldering-Machine-4-400x533.jpg 400w\" sizes=\"auto, (max-width: 575px) 100vw, 575px\" \/><\/p>\n<\/div>\n<h2><span style=\"font-size: 23.04px;\">Informations sur l'entreprise<\/span><\/h2>\n<div>\n<p><strong>Vacuz Machine Factory a \u00e9t\u00e9 fond\u00e9e en mai 2007 \u00e0 Dongguan, dans la province du Guangdong. Il s'agit d'un fabricant professionnel engag\u00e9 dans la recherche, le d\u00e9veloppement, la production, la vente et le service de bobineuses automatiques, de bobineuses de bobines, de bobineuses de transformateurs, de bobineuses de moteurs, de bobineuses sans fil, de bobineuses d'inductances \u00e0 mode commun SQ et d'autres machines \u00e0 bobiner non standard. Bien vendus dans toutes les villes et provinces de Chine, nos produits sont \u00e9galement export\u00e9s vers des clients de pays et r\u00e9gions tels que le Moyen-Orient, l'Europe, l'Afrique, l'Asie et l'Am\u00e9rique du Nord. Que vous choisissiez un produit courant dans notre catalogue ou que vous recherchiez une assistance technique pour votre application, vous pouvez vous adresser \u00e0 notre centre de service \u00e0 la client\u00e8le pour conna\u00eetre vos besoins en mati\u00e8re d'approvisionnement. La qualit\u00e9 est notre culture ! Nous esp\u00e9rons que vous coop\u00e9rerez bient\u00f4t avec nous !<\/strong><\/p>\n<p><img loading=\"lazy\" decoding=\"async\" class=\"alignnone size-full wp-image-4136\" src=\"https:\/\/vacuz.com\/wp-content\/uploads\/2022\/01\/Company-info-1.jpg\" alt=\"Informations sur l&#039;entreprise 1\" width=\"1200\" height=\"800\" title=\"Machine de soudage \u00e0 l&#039;\u00e9tain enti\u00e8rement automatique pour bobines d&#039;inducteurs de transformateurs avec dispositif d&#039;alimentation automatique\" srcset=\"https:\/\/vacuz.com\/wp-content\/uploads\/2022\/01\/Company-info-1.jpg 1200w, https:\/\/vacuz.com\/wp-content\/uploads\/2022\/01\/Company-info-1-500x333.jpg 500w, https:\/\/vacuz.com\/wp-content\/uploads\/2022\/01\/Company-info-1-700x467.jpg 700w, https:\/\/vacuz.com\/wp-content\/uploads\/2022\/01\/Company-info-1-300x200.jpg 300w, https:\/\/vacuz.com\/wp-content\/uploads\/2022\/01\/Company-info-1-1024x683.jpg 1024w, https:\/\/vacuz.com\/wp-content\/uploads\/2022\/01\/Company-info-1-768x512.jpg 768w, https:\/\/vacuz.com\/wp-content\/uploads\/2022\/01\/Company-info-1-18x12.jpg 18w, https:\/\/vacuz.com\/wp-content\/uploads\/2022\/01\/Company-info-1-200x133.jpg 200w, https:\/\/vacuz.com\/wp-content\/uploads\/2022\/01\/Company-info-1-400x267.jpg 400w, https:\/\/vacuz.com\/wp-content\/uploads\/2022\/01\/Company-info-1-600x400.jpg 600w, https:\/\/vacuz.com\/wp-content\/uploads\/2022\/01\/Company-info-1-800x533.jpg 800w\" sizes=\"auto, (max-width: 1200px) 100vw, 1200px\" \/><\/p>\n<p><img loading=\"lazy\" decoding=\"async\" class=\"size-full wp-image-4126\" src=\"https:\/\/vacuz.com\/wp-content\/uploads\/2022\/01\/Company-info.jpg\" alt=\"Vacuz Company info\" width=\"1754\" height=\"1241\" title=\"Machine de soudage \u00e0 l&#039;\u00e9tain enti\u00e8rement automatique pour bobines d&#039;inducteurs de transformateurs avec dispositif d&#039;alimentation automatique\" srcset=\"https:\/\/vacuz.com\/wp-content\/uploads\/2022\/01\/Company-info.jpg 1754w, https:\/\/vacuz.com\/wp-content\/uploads\/2022\/01\/Company-info-500x354.jpg 500w, https:\/\/vacuz.com\/wp-content\/uploads\/2022\/01\/Company-info-700x495.jpg 700w, https:\/\/vacuz.com\/wp-content\/uploads\/2022\/01\/Company-info-300x212.jpg 300w, https:\/\/vacuz.com\/wp-content\/uploads\/2022\/01\/Company-info-1024x725.jpg 1024w, https:\/\/vacuz.com\/wp-content\/uploads\/2022\/01\/Company-info-768x543.jpg 768w, https:\/\/vacuz.com\/wp-content\/uploads\/2022\/01\/Company-info-1536x1087.jpg 1536w, https:\/\/vacuz.com\/wp-content\/uploads\/2022\/01\/Company-info-18x12.jpg 18w, https:\/\/vacuz.com\/wp-content\/uploads\/2022\/01\/Company-info-200x142.jpg 200w, https:\/\/vacuz.com\/wp-content\/uploads\/2022\/01\/Company-info-400x283.jpg 400w, https:\/\/vacuz.com\/wp-content\/uploads\/2022\/01\/Company-info-600x425.jpg 600w, https:\/\/vacuz.com\/wp-content\/uploads\/2022\/01\/Company-info-800x566.jpg 800w, https:\/\/vacuz.com\/wp-content\/uploads\/2022\/01\/Company-info-1200x849.jpg 1200w\" sizes=\"auto, (max-width: 1754px) 100vw, 1754px\" \/><\/p>\n<p><img loading=\"lazy\" decoding=\"async\" class=\"size-full wp-image-4132\" src=\"https:\/\/vacuz.com\/wp-content\/uploads\/2022\/01\/\u5408\u4f5c\u4f19\u4f34.jpg\" alt=\"Partenaires\" width=\"1200\" height=\"555\" title=\"Machine de soudage \u00e0 l&#039;\u00e9tain enti\u00e8rement automatique pour bobines d&#039;inducteurs de transformateurs avec dispositif d&#039;alimentation automatique\" srcset=\"https:\/\/vacuz.com\/wp-content\/uploads\/2022\/01\/\u5408\u4f5c\u4f19\u4f34.jpg 1200w, https:\/\/vacuz.com\/wp-content\/uploads\/2022\/01\/\u5408\u4f5c\u4f19\u4f34-500x231.jpg 500w, https:\/\/vacuz.com\/wp-content\/uploads\/2022\/01\/\u5408\u4f5c\u4f19\u4f34-700x324.jpg 700w, https:\/\/vacuz.com\/wp-content\/uploads\/2022\/01\/\u5408\u4f5c\u4f19\u4f34-300x139.jpg 300w, https:\/\/vacuz.com\/wp-content\/uploads\/2022\/01\/\u5408\u4f5c\u4f19\u4f34-1024x474.jpg 1024w, https:\/\/vacuz.com\/wp-content\/uploads\/2022\/01\/\u5408\u4f5c\u4f19\u4f34-768x355.jpg 768w, https:\/\/vacuz.com\/wp-content\/uploads\/2022\/01\/\u5408\u4f5c\u4f19\u4f34-18x8.jpg 18w, https:\/\/vacuz.com\/wp-content\/uploads\/2022\/01\/\u5408\u4f5c\u4f19\u4f34-200x93.jpg 200w, https:\/\/vacuz.com\/wp-content\/uploads\/2022\/01\/\u5408\u4f5c\u4f19\u4f34-400x185.jpg 400w, https:\/\/vacuz.com\/wp-content\/uploads\/2022\/01\/\u5408\u4f5c\u4f19\u4f34-600x278.jpg 600w, https:\/\/vacuz.com\/wp-content\/uploads\/2022\/01\/\u5408\u4f5c\u4f19\u4f34-800x370.jpg 800w\" sizes=\"auto, (max-width: 1200px) 100vw, 1200px\" \/><\/p>\n<p><img loading=\"lazy\" decoding=\"async\" class=\"size-full wp-image-4127\" src=\"https:\/\/vacuz.com\/wp-content\/uploads\/2022\/01\/Jeltecn\u8ba4\u8bc1.jpg\" alt=\"Certificat Vacuz\" width=\"1200\" height=\"549\" title=\"Machine de soudage \u00e0 l&#039;\u00e9tain enti\u00e8rement automatique pour bobines d&#039;inducteurs de transformateurs avec dispositif d&#039;alimentation automatique\" srcset=\"https:\/\/vacuz.com\/wp-content\/uploads\/2022\/01\/Jeltecn\u8ba4\u8bc1.jpg 1200w, https:\/\/vacuz.com\/wp-content\/uploads\/2022\/01\/Jeltecn\u8ba4\u8bc1-500x229.jpg 500w, https:\/\/vacuz.com\/wp-content\/uploads\/2022\/01\/Jeltecn\u8ba4\u8bc1-700x320.jpg 700w, https:\/\/vacuz.com\/wp-content\/uploads\/2022\/01\/Jeltecn\u8ba4\u8bc1-300x137.jpg 300w, https:\/\/vacuz.com\/wp-content\/uploads\/2022\/01\/Jeltecn\u8ba4\u8bc1-1024x468.jpg 1024w, https:\/\/vacuz.com\/wp-content\/uploads\/2022\/01\/Jeltecn\u8ba4\u8bc1-768x351.jpg 768w, https:\/\/vacuz.com\/wp-content\/uploads\/2022\/01\/Jeltecn\u8ba4\u8bc1-18x8.jpg 18w, https:\/\/vacuz.com\/wp-content\/uploads\/2022\/01\/Jeltecn\u8ba4\u8bc1-200x92.jpg 200w, https:\/\/vacuz.com\/wp-content\/uploads\/2022\/01\/Jeltecn\u8ba4\u8bc1-400x183.jpg 400w, https:\/\/vacuz.com\/wp-content\/uploads\/2022\/01\/Jeltecn\u8ba4\u8bc1-600x275.jpg 600w, https:\/\/vacuz.com\/wp-content\/uploads\/2022\/01\/Jeltecn\u8ba4\u8bc1-800x366.jpg 800w\" sizes=\"auto, (max-width: 1200px) 100vw, 1200px\" \/><\/p>\n<h2>Emballage et exp\u00e9dition<\/h2>\n<p><strong>1) Port : Shanghai\/Shenzhen ou votre choix<\/strong><\/p>\n<p><strong>Emballage et transport<\/strong><br \/>\n<strong>Emballage g\u00e9n\u00e9ral (carton ou sac en plastique) : Pour les petites marchandises, l'emballage est constitu\u00e9 d'un formulaire et d'un papier d'emballage afin de garantir l'int\u00e9grit\u00e9 de la marchandise pendant le transport.<\/strong><br \/>\n<strong>Emballage en caisse en bois : Pour les marchandises de plus grande taille, telles que les machines, etc., nous disposons d'un menuisier sp\u00e9cialis\u00e9 qui fabriquera la caisse en bois appropri\u00e9e, d'une \u00e9paisseur, d'une densit\u00e9 et d'une longueur exactes. La fl\u00e8che vers le haut \u2191 est marqu\u00e9e sur la caisse en bois ext\u00e9rieure. Un mat\u00e9riau tampon est plac\u00e9 dans la caisse en bois pour \u00e9viter les fissures et les chocs. Nous vous informerons du bon de livraison. Il vous suffit d'attendre l'appel t\u00e9l\u00e9phonique, puis de r\u00e9cup\u00e9rer les marchandises \u00e0 la station logistique la plus proche (veuillez me faire savoir \u00e0 l'avance si vous souhaitez r\u00e9cup\u00e9rer les marchandises \u00e0 la maison).<\/strong><\/p>\n<p><img loading=\"lazy\" decoding=\"async\" class=\"size-full wp-image-4124\" src=\"https:\/\/vacuz.com\/wp-content\/uploads\/2022\/01\/Winding-Machine-Shipping-and-packing-4.jpg\" alt=\"Machine \u00e0 bobiner Exp\u00e9dition et emballage-4\" width=\"1512\" height=\"2016\" title=\"Machine de soudage \u00e0 l&#039;\u00e9tain enti\u00e8rement automatique pour bobines d&#039;inducteurs de transformateurs avec dispositif d&#039;alimentation automatique\" srcset=\"https:\/\/vacuz.com\/wp-content\/uploads\/2022\/01\/Winding-Machine-Shipping-and-packing-4.jpg 1512w, https:\/\/vacuz.com\/wp-content\/uploads\/2022\/01\/Winding-Machine-Shipping-and-packing-4-500x667.jpg 500w, https:\/\/vacuz.com\/wp-content\/uploads\/2022\/01\/Winding-Machine-Shipping-and-packing-4-700x933.jpg 700w, https:\/\/vacuz.com\/wp-content\/uploads\/2022\/01\/Winding-Machine-Shipping-and-packing-4-225x300.jpg 225w, https:\/\/vacuz.com\/wp-content\/uploads\/2022\/01\/Winding-Machine-Shipping-and-packing-4-768x1024.jpg 768w, https:\/\/vacuz.com\/wp-content\/uploads\/2022\/01\/Winding-Machine-Shipping-and-packing-4-1152x1536.jpg 1152w, https:\/\/vacuz.com\/wp-content\/uploads\/2022\/01\/Winding-Machine-Shipping-and-packing-4-9x12.jpg 9w, https:\/\/vacuz.com\/wp-content\/uploads\/2022\/01\/Winding-Machine-Shipping-and-packing-4-200x267.jpg 200w, https:\/\/vacuz.com\/wp-content\/uploads\/2022\/01\/Winding-Machine-Shipping-and-packing-4-400x533.jpg 400w, https:\/\/vacuz.com\/wp-content\/uploads\/2022\/01\/Winding-Machine-Shipping-and-packing-4-600x800.jpg 600w, https:\/\/vacuz.com\/wp-content\/uploads\/2022\/01\/Winding-Machine-Shipping-and-packing-4-800x1067.jpg 800w, https:\/\/vacuz.com\/wp-content\/uploads\/2022\/01\/Winding-Machine-Shipping-and-packing-4-1200x1600.jpg 1200w\" sizes=\"auto, (max-width: 1512px) 100vw, 1512px\" \/><\/p>\n<p>&nbsp;<\/p>\n<h2>Vacuz Service &amp; Force<\/h2>\n<p><b data-spm-anchor-id=\"a2700.details.0.i31.182f594ewjEnUT\">Le principe de service<\/b><br \/>\nNous vous fournissons le meilleur service avec \"rapide + satisfaisant + s\u00fbr\".<br \/>\n<b>P\u00e9riode de garantie<\/b><br \/>\n12 mois apr\u00e8s la r\u00e9ception du produit par l'utilisateur.<br \/>\n<b>\u00c9l\u00e9ments de garantie<\/b><br \/>\nUniquement en cas de panne anormale caus\u00e9e par un d\u00e9faut de conception ou de fabrication de la machine,<br \/>\ndes r\u00e9parations et des accessoires seront fournis gratuitement.<br \/>\n<b>Capacit\u00e9 de service technologique<\/b><br \/>\nTous les ing\u00e9nieurs de service, qui ont de nombreuses ann\u00e9es d'exp\u00e9rience, ont re\u00e7u une formation technologique sp\u00e9ciale qui leur permet de traiter les diff\u00e9rents probl\u00e8mes de panne.<br \/>\nGuider l'utilisateur pour qu'il utilise le produit avec pr\u00e9cision et qu'il l'entretienne.<br \/>\nFournir des conseils gratuits sur la technologie du processus de production des produits \u00e9lectroniques.<br \/>\n<b>Service apr\u00e8s-vente<\/b><br \/>\nAfin de garantir l'utilisation normale de la machine, nous dispensons une formation sur le fonctionnement, l'utilisation et l'entretien de notre produit \u00e0 l'aide d'un manuel en anglais, d'une vid\u00e9o ou d'un guide en ligne.<br \/>\n<b>Utiliser les instructions<\/b><br \/>\nDemandez la bonne taille compl\u00e8te du produit, sinon les mauvaises dimensions affecteront l'effet d'utilisation.<br \/>\nVeillez \u00e0 ce que le produit soit utilis\u00e9 conform\u00e9ment au mode d'emploi et ne d\u00e9passez pas le champ d'application des produits.<br \/>\nEntretenir le produit apr\u00e8s son utilisation,L'entretien et l'inspection doivent \u00eatre effectu\u00e9s r\u00e9guli\u00e8rement pour \u00e9viter l'humidit\u00e9, la rouille, les fuites et les explosions. Toutes ces mesures contribuent \u00e0 prolonger la dur\u00e9e d'utilisation du produit.<br \/>\n<b>Gestion des documents des utilisateurs<\/b><br \/>\nMettre en place une gestion parfaite des documents de l'utilisateur dans le syst\u00e8me EPR. Les utilisateurs seront pris en charge.<br \/>\n<b>\u00c0 propos du produit<\/b><br \/>\n1. Photo du produit : Toutes les photos des produits sont prises avec des produits r\u00e9els. Il y a une aberration de couleur entre le produit et la photo, qui est caus\u00e9e par la lumi\u00e8re, la taille du produit, la technologie manuelle et l'affichage de l'ordinateur, etc. Il ne s'agit pas d'un probl\u00e8me de qualit\u00e9. Parties des produits<br \/>\nL'apparence des produits est modifi\u00e9e en raison de la r\u00e9volution technologique et de l'am\u00e9lioration des processus. SanShine s'assure que les param\u00e8tres du produit restent inchang\u00e9s et que l'utilisation du produit n'est pas affect\u00e9e.<br \/>\n2. la taille du produit : Tous les param\u00e8tres sont mesur\u00e9s manuellement \u00e0 titre de r\u00e9f\u00e9rence. Il existe un l\u00e9ger \u00e9cart d\u00fb \u00e0 la diff\u00e9rence entre les outils de mesure, les lots de produits et le processus de production. La taille r\u00e9elle doit \u00eatre conforme au produit final livr\u00e9.<br \/>\n3. contr\u00f4le de la qualit\u00e9 : Tous les produits doivent faire l'objet d'une inspection rigoureuse avant d'\u00eatre exp\u00e9di\u00e9s. Cela permet de s'assurer de la qualit\u00e9 du fonctionnement et de l'aspect des produits.<\/p>\n<h2>Vid\u00e9o sur la machine Vacuz<\/h2>\n<p><iframe loading=\"lazy\" title=\"China Made E54 Transformer Coil Bobbin Automatic Tin Dip Soldering Welding Machine 400\u2103 Furnace\" width=\"1200\" height=\"675\" src=\"https:\/\/www.youtube.com\/embed\/l4YBRCNEb_k?feature=oembed\" frameborder=\"0\" allow=\"accelerometer; autoplay; clipboard-write; encrypted-media; gyroscope; picture-in-picture\" allowfullscreen><\/iframe><\/p>\n<\/div>","protected":false},"excerpt":{"rendered":"<p>Fully Automatic Transformer Bobbin Coil Inductor Tin Soldering Welding Machine Can Add Auto Feeding Device Machine Feature: The sensor probe detects the tin surface, automatically detects the height of the tin surface and records the height of the tin surface by itself. Flux external storage box with valve control, also can choose automatic circulation device, [&hellip;]<\/p>\n","protected":false},"featured_media":4379,"template":"","meta":{"_gspb_post_css":"","_joinchat":[]},"product_brand":[],"product_cat":[804,803,779,778],"product_tag":[272,273,275,245],"class_list":{"0":"post-4377","1":"product","2":"type-product","3":"status-publish","4":"has-post-thumbnail","6":"product_cat-automatic-toroidal-coil-soldering-machine","7":"product_cat-automatic-transformer-coil-soldering-machine","8":"product_cat-toroidal-coil-production-machine","9":"product_cat-transformer-coil-production-machine","10":"product_tag-automatic-soldering-machine","11":"product_tag-transformer-bobbin-coil-winidng-soldering","12":"product_tag-transformer-tin-soldering-machine","13":"product_tag-transformer-winding-machine","15":"first","16":"instock","17":"featured","18":"shipping-taxable","19":"product-type-simple"},"_links":{"self":[{"href":"https:\/\/vacuz.com\/fr\/wp-json\/wp\/v2\/product\/4377","targetHints":{"allow":["GET"]}}],"collection":[{"href":"https:\/\/vacuz.com\/fr\/wp-json\/wp\/v2\/product"}],"about":[{"href":"https:\/\/vacuz.com\/fr\/wp-json\/wp\/v2\/types\/product"}],"wp:featuredmedia":[{"embeddable":true,"href":"https:\/\/vacuz.com\/fr\/wp-json\/wp\/v2\/media\/4379"}],"wp:attachment":[{"href":"https:\/\/vacuz.com\/fr\/wp-json\/wp\/v2\/media?parent=4377"}],"wp:term":[{"taxonomy":"product_brand","embeddable":true,"href":"https:\/\/vacuz.com\/fr\/wp-json\/wp\/v2\/product_brand?post=4377"},{"taxonomy":"product_cat","embeddable":true,"href":"https:\/\/vacuz.com\/fr\/wp-json\/wp\/v2\/product_cat?post=4377"},{"taxonomy":"product_tag","embeddable":true,"href":"https:\/\/vacuz.com\/fr\/wp-json\/wp\/v2\/product_tag?post=4377"}],"curies":[{"name":"wp","href":"https:\/\/api.w.org\/{rel}","templated":true}]}}