{"id":6333,"date":"2022-06-12T08:50:23","date_gmt":"2022-06-12T08:50:23","guid":{"rendered":"https:\/\/vacuz.com\/?post_type=product&#038;p=6333"},"modified":"2025-11-03T06:41:03","modified_gmt":"2025-11-03T06:41:03","slug":"ferrite-core-inductor-toroidal-ferrite-core-common-mode-choke-coil-toroidal-inductor-for-switch-power-supply-vacuz","status":"publish","type":"product","link":"https:\/\/vacuz.com\/fr\/product\/ferrite-core-inductor-toroidal-ferrite-core-common-mode-choke-coil-toroidal-inductor-for-switch-power-supply-vacuz\/","title":{"rendered":"Ferrite Core Inductor Toroidal Ferrite Core Common Mode Choke Coil Toroidal Inductor For Switch Power Supply-Vacuz"},"content":{"rendered":"<h2>Ferrite Core Inductor Toroidal Ferrite Core Common Mode Choke Coil Toroidal Inductor For Switch Power Supply-Vacuz<\/h2>\n<p><img loading=\"lazy\" decoding=\"async\" class=\"alignnone wp-image-6341 size-full\" src=\"https:\/\/vacuz.com\/wp-content\/uploads\/2022\/06\/Common-Mode-Choke-Coil-Toroidal-Inductor-8.jpg\" alt=\"Bobine d&#039;inductance en mode commun Inducteur toro\u00efdal\" width=\"750\" height=\"439\" title=\"Ferrite Core Inductor Toroidal Ferrite Core Common Mode Choke Coil Toroidal Inductor For Switch Power Supply-Vacuz\" srcset=\"https:\/\/vacuz.com\/wp-content\/uploads\/2022\/06\/Common-Mode-Choke-Coil-Toroidal-Inductor-8.jpg 750w, https:\/\/vacuz.com\/wp-content\/uploads\/2022\/06\/Common-Mode-Choke-Coil-Toroidal-Inductor-8-500x293.jpg 500w, https:\/\/vacuz.com\/wp-content\/uploads\/2022\/06\/Common-Mode-Choke-Coil-Toroidal-Inductor-8-700x410.jpg 700w, https:\/\/vacuz.com\/wp-content\/uploads\/2022\/06\/Common-Mode-Choke-Coil-Toroidal-Inductor-8-300x176.jpg 300w, https:\/\/vacuz.com\/wp-content\/uploads\/2022\/06\/Common-Mode-Choke-Coil-Toroidal-Inductor-8-18x12.jpg 18w, https:\/\/vacuz.com\/wp-content\/uploads\/2022\/06\/Common-Mode-Choke-Coil-Toroidal-Inductor-8-200x117.jpg 200w, https:\/\/vacuz.com\/wp-content\/uploads\/2022\/06\/Common-Mode-Choke-Coil-Toroidal-Inductor-8-400x234.jpg 400w, https:\/\/vacuz.com\/wp-content\/uploads\/2022\/06\/Common-Mode-Choke-Coil-Toroidal-Inductor-8-600x351.jpg 600w\" sizes=\"auto, (max-width: 750px) 100vw, 750px\" \/><\/p>\n<p><img loading=\"lazy\" decoding=\"async\" class=\"alignnone wp-image-6342 size-full\" src=\"https:\/\/vacuz.com\/wp-content\/uploads\/2022\/06\/Common-Mode-Choke-Coil-Toroidal-Inductor-9.jpg\" alt=\"Bobine d&#039;inductance en mode commun Inducteur toro\u00efdal\" width=\"750\" height=\"439\" title=\"Ferrite Core Inductor Toroidal Ferrite Core Common Mode Choke Coil Toroidal Inductor For Switch Power Supply-Vacuz\" srcset=\"https:\/\/vacuz.com\/wp-content\/uploads\/2022\/06\/Common-Mode-Choke-Coil-Toroidal-Inductor-9.jpg 750w, https:\/\/vacuz.com\/wp-content\/uploads\/2022\/06\/Common-Mode-Choke-Coil-Toroidal-Inductor-9-500x293.jpg 500w, https:\/\/vacuz.com\/wp-content\/uploads\/2022\/06\/Common-Mode-Choke-Coil-Toroidal-Inductor-9-700x410.jpg 700w, https:\/\/vacuz.com\/wp-content\/uploads\/2022\/06\/Common-Mode-Choke-Coil-Toroidal-Inductor-9-300x176.jpg 300w, https:\/\/vacuz.com\/wp-content\/uploads\/2022\/06\/Common-Mode-Choke-Coil-Toroidal-Inductor-9-18x12.jpg 18w, https:\/\/vacuz.com\/wp-content\/uploads\/2022\/06\/Common-Mode-Choke-Coil-Toroidal-Inductor-9-200x117.jpg 200w, https:\/\/vacuz.com\/wp-content\/uploads\/2022\/06\/Common-Mode-Choke-Coil-Toroidal-Inductor-9-400x234.jpg 400w, https:\/\/vacuz.com\/wp-content\/uploads\/2022\/06\/Common-Mode-Choke-Coil-Toroidal-Inductor-9-600x351.jpg 600w\" sizes=\"auto, (max-width: 750px) 100vw, 750px\" \/><\/p>\n<p><img loading=\"lazy\" decoding=\"async\" class=\"alignnone wp-image-6351 size-full\" src=\"https:\/\/vacuz.com\/wp-content\/uploads\/2022\/06\/Common-Mode-Choke-Coil-Toroidal-Inductor-10-1.jpg\" alt=\"Bobine d&#039;inductance en mode commun Inducteur toro\u00efdal\" width=\"750\" height=\"1000\" title=\"Ferrite Core Inductor Toroidal Ferrite Core Common Mode Choke Coil Toroidal Inductor For Switch Power Supply-Vacuz\" srcset=\"https:\/\/vacuz.com\/wp-content\/uploads\/2022\/06\/Common-Mode-Choke-Coil-Toroidal-Inductor-10-1.jpg 750w, https:\/\/vacuz.com\/wp-content\/uploads\/2022\/06\/Common-Mode-Choke-Coil-Toroidal-Inductor-10-1-500x667.jpg 500w, https:\/\/vacuz.com\/wp-content\/uploads\/2022\/06\/Common-Mode-Choke-Coil-Toroidal-Inductor-10-1-700x933.jpg 700w, https:\/\/vacuz.com\/wp-content\/uploads\/2022\/06\/Common-Mode-Choke-Coil-Toroidal-Inductor-10-1-225x300.jpg 225w, https:\/\/vacuz.com\/wp-content\/uploads\/2022\/06\/Common-Mode-Choke-Coil-Toroidal-Inductor-10-1-9x12.jpg 9w, https:\/\/vacuz.com\/wp-content\/uploads\/2022\/06\/Common-Mode-Choke-Coil-Toroidal-Inductor-10-1-200x267.jpg 200w, https:\/\/vacuz.com\/wp-content\/uploads\/2022\/06\/Common-Mode-Choke-Coil-Toroidal-Inductor-10-1-400x533.jpg 400w, https:\/\/vacuz.com\/wp-content\/uploads\/2022\/06\/Common-Mode-Choke-Coil-Toroidal-Inductor-10-1-600x800.jpg 600w\" sizes=\"auto, (max-width: 750px) 100vw, 750px\" \/><\/p>\n<div>\n<table class=\"aliDataTable\" style=\"height: 1260px;\" border=\"1\" width=\"1075\" cellspacing=\"0\" cellpadding=\"0\">\n<tbody>\n<tr>\n<td height=\"33\"><span data-spm-anchor-id=\"a2700.details.0.i69.186d2d19UPlf2X\">Composants<\/span><\/td>\n<td>Noyau de ferrite, Fil de cuivre;Base;Bo\u00eetier de blindage<\/td>\n<\/tr>\n<tr>\n<td height=\"48\">C\u0153ur de m\u00e9tier<\/td>\n<td>NiZn\/Iron \/MnZn\/MPP\/Amorphous magnetic<\/td>\n<\/tr>\n<tr>\n<td height=\"33\">Fil de fer<\/td>\n<td>Fil de cuivre \u00e9maill\u00e9-UEW\/PEW<\/td>\n<\/tr>\n<tr>\n<td height=\"33\">Fonctions<\/td>\n<td>Filtre de ligne \u00e9lectrique\/filtre de ligne de signal\/\u00e9conomie d'\u00e9nergie\/\u00e9l\u00e9vation de tension, etc.<\/td>\n<\/tr>\n<tr>\n<td height=\"33\">Type de montage<\/td>\n<td>Montage en surface ;Trou d\u00e9bouchant ; Fil conducteur<\/td>\n<\/tr>\n<tr>\n<td height=\"33\">Types de formes<\/td>\n<td>Vertical;Horizontal;avec\/sans base;blind\u00e9\/non blind\u00e9 ;SMD<\/td>\n<\/tr>\n<tr>\n<td height=\"33\">Structure de la bobine<\/td>\n<td>Torique<\/td>\n<\/tr>\n<tr>\n<td height=\"33\">Gamme de fr\u00e9quences de travail<\/td>\n<td>1KHZ-100MHZ<\/td>\n<\/tr>\n<tr>\n<td height=\"33\">Gamme d'inductance<\/td>\n<td>1uH-1H<\/td>\n<\/tr>\n<tr>\n<td height=\"33\">Gamme DCR<\/td>\n<td>inconnue - d\u00e9pend de la demande des clients<\/td>\n<\/tr>\n<tr>\n<td height=\"33\">Temp\u00e9rature de stockage<\/td>\n<td>-20\u2103 \u00e0 +85\u2103<\/td>\n<\/tr>\n<tr>\n<td height=\"33\">Temp\u00e9rature de fonctionnement<\/td>\n<td>-20\u2103 \u00e0 +105\u2103<\/td>\n<\/tr>\n<tr>\n<td height=\"33\">Humidit\u00e9 de stockage<\/td>\n<td>30% \u00e0 95%<\/td>\n<\/tr>\n<tr>\n<td height=\"128\">\u00c9l\u00e9ments du test<\/td>\n<td>\u00a0Turns Ratio<br \/>\nInductance<br \/>\nDC resistance test<br \/>\nSafety test<br \/>\nCurrent test<br \/>\nHi-POT<\/td>\n<\/tr>\n<tr>\n<td height=\"33\">Certifications<\/td>\n<td>ISO9001:2008, ISO14001:2008, UL, CQC<\/td>\n<\/tr>\n<tr>\n<td height=\"33\">MOQ<\/td>\n<td>1000 pi\u00e8ces<\/td>\n<\/tr>\n<tr>\n<td height=\"33\">OEM<\/td>\n<td>Acceptable<\/td>\n<\/tr>\n<tr>\n<td height=\"33\">\u00c9chantillon<\/td>\n<td>Gratuit<\/td>\n<\/tr>\n<tr>\n<td height=\"33\">Temps d'\u00e9chantillonnage<\/td>\n<td>3-5 jours ouvrables<\/td>\n<\/tr>\n<tr>\n<td height=\"33\">Paquet<\/td>\n<td>EPE foam + export carton, or plastic tray+export carton<\/td>\n<\/tr>\n<tr>\n<td height=\"33\">D\u00e9lai de livraison<\/td>\n<td>environ 15 jours contre d\u00e9p\u00f4t<\/td>\n<\/tr>\n<tr>\n<td height=\"84\">Fonctionnalit\u00e9<\/td>\n<td data-spm-anchor-id=\"a2700.details.0.i36.186d2d19UPlf2X\">5 ans de garantie<br \/>\nCourant \u00e9lev\u00e9 Puissance \u00e9lev\u00e9e Rendement \u00e9lev\u00e9<br \/>\nFaible augmentation de la temp\u00e9rature<br \/>\nDes performances stables<\/td>\n<\/tr>\n<tr>\n<td height=\"107\">Applications<\/td>\n<td>1. VCRS, Copieur, Equipement audio, Machines de jeu<br \/>\n2. T\u00e9l\u00e9viseurs, mat\u00e9riel micro-informatique, imprimantes, terminaux<br \/>\n3. \u00e9quipements de contr\u00f4le des communications<br \/>\n4. alimentation \u00e0 d\u00e9coupage, chargeurs, syst\u00e8me d'alarme<br \/>\n5. Onduleurs, lecteurs VCD\/DVD, \u00e9quipement audio et visuel<br \/>\n6. Machines OA, onduleurs, chargeurs, syst\u00e8me d'alarme<\/td>\n<\/tr>\n<\/tbody>\n<\/table>\n<div>\n<p><img loading=\"lazy\" decoding=\"async\" class=\"alignnone wp-image-6344 size-full\" src=\"https:\/\/vacuz.com\/wp-content\/uploads\/2022\/06\/Common-Mode-Choke-Coil-Toroidal-Inductor-11.jpg\" alt=\"Bobine d&#039;inductance en mode commun Inducteur toro\u00efdal\" width=\"750\" height=\"559\" title=\"Ferrite Core Inductor Toroidal Ferrite Core Common Mode Choke Coil Toroidal Inductor For Switch Power Supply-Vacuz\" srcset=\"https:\/\/vacuz.com\/wp-content\/uploads\/2022\/06\/Common-Mode-Choke-Coil-Toroidal-Inductor-11.jpg 750w, https:\/\/vacuz.com\/wp-content\/uploads\/2022\/06\/Common-Mode-Choke-Coil-Toroidal-Inductor-11-500x373.jpg 500w, https:\/\/vacuz.com\/wp-content\/uploads\/2022\/06\/Common-Mode-Choke-Coil-Toroidal-Inductor-11-700x522.jpg 700w, https:\/\/vacuz.com\/wp-content\/uploads\/2022\/06\/Common-Mode-Choke-Coil-Toroidal-Inductor-11-300x224.jpg 300w, https:\/\/vacuz.com\/wp-content\/uploads\/2022\/06\/Common-Mode-Choke-Coil-Toroidal-Inductor-11-16x12.jpg 16w, https:\/\/vacuz.com\/wp-content\/uploads\/2022\/06\/Common-Mode-Choke-Coil-Toroidal-Inductor-11-200x149.jpg 200w, https:\/\/vacuz.com\/wp-content\/uploads\/2022\/06\/Common-Mode-Choke-Coil-Toroidal-Inductor-11-400x298.jpg 400w, https:\/\/vacuz.com\/wp-content\/uploads\/2022\/06\/Common-Mode-Choke-Coil-Toroidal-Inductor-11-600x447.jpg 600w\" sizes=\"auto, (max-width: 750px) 100vw, 750px\" \/><\/p>\n<\/div>\n<\/div>\n<h2><span style=\"font-size: 23.04px;\">Informations sur l'entreprise<\/span><\/h2>\n<div>\n<p><strong>Vacuz Machine Factory a \u00e9t\u00e9 fond\u00e9e en mai 2007 \u00e0 Dongguan, dans la province du Guangdong. Il s'agit d'un fabricant professionnel engag\u00e9 dans la recherche, le d\u00e9veloppement, la production, la vente et le service de machines \u00e0 bobiner automatiques, de machines \u00e0 bobiner les bobines, de machines \u00e0 bobiner les transformateurs, de machines \u00e0 bobiner les moteurs, de machines \u00e0 bobiner les bobines sans fil, de machines \u00e0 bobiner les inductances \u00e0 mode commun SQ et d'autres machines \u00e0 bobiner non standard. Nous fournissons \u00e9galement des services OEM pour les transformateurs et les bobines d'induction toro\u00efdales avec nos propres machines \u00e0 bobiner automatiques de recherche et d\u00e9veloppement. Nos produits se vendent bien dans toutes les villes et provinces de Chine et sont \u00e9galement export\u00e9s vers des pays et r\u00e9gions tels que le Moyen-Orient, l'Europe, l'Afrique, l'Asie et l'Am\u00e9rique du Nord. Que vous choisissiez un produit courant dans notre catalogue ou que vous recherchiez une assistance technique pour votre application, vous pouvez vous adresser \u00e0 notre centre de service \u00e0 la client\u00e8le pour r\u00e9pondre \u00e0 vos besoins en mati\u00e8re d'approvisionnement. La qualit\u00e9 est notre culture ! Nous esp\u00e9rons que vous coop\u00e9rerez bient\u00f4t avec nous !<\/strong><\/p>\n<p><img loading=\"lazy\" decoding=\"async\" class=\"alignnone wp-image-6353 size-full\" src=\"https:\/\/vacuz.com\/wp-content\/uploads\/2022\/06\/Common-Mode-Choke-Coil-Toroidal-Inductor-12-1.jpg\" alt=\"Bobine d&#039;inductance en mode commun Inducteur toro\u00efdal\" width=\"750\" height=\"946\" title=\"Ferrite Core Inductor Toroidal Ferrite Core Common Mode Choke Coil Toroidal Inductor For Switch Power Supply-Vacuz\" srcset=\"https:\/\/vacuz.com\/wp-content\/uploads\/2022\/06\/Common-Mode-Choke-Coil-Toroidal-Inductor-12-1.jpg 750w, https:\/\/vacuz.com\/wp-content\/uploads\/2022\/06\/Common-Mode-Choke-Coil-Toroidal-Inductor-12-1-500x631.jpg 500w, https:\/\/vacuz.com\/wp-content\/uploads\/2022\/06\/Common-Mode-Choke-Coil-Toroidal-Inductor-12-1-700x883.jpg 700w, https:\/\/vacuz.com\/wp-content\/uploads\/2022\/06\/Common-Mode-Choke-Coil-Toroidal-Inductor-12-1-238x300.jpg 238w, https:\/\/vacuz.com\/wp-content\/uploads\/2022\/06\/Common-Mode-Choke-Coil-Toroidal-Inductor-12-1-10x12.jpg 10w, https:\/\/vacuz.com\/wp-content\/uploads\/2022\/06\/Common-Mode-Choke-Coil-Toroidal-Inductor-12-1-200x252.jpg 200w, https:\/\/vacuz.com\/wp-content\/uploads\/2022\/06\/Common-Mode-Choke-Coil-Toroidal-Inductor-12-1-400x505.jpg 400w, https:\/\/vacuz.com\/wp-content\/uploads\/2022\/06\/Common-Mode-Choke-Coil-Toroidal-Inductor-12-1-600x757.jpg 600w\" sizes=\"auto, (max-width: 750px) 100vw, 750px\" \/><\/p>\n<p><img loading=\"lazy\" decoding=\"async\" class=\"alignnone wp-image-6346 size-full\" src=\"https:\/\/vacuz.com\/wp-content\/uploads\/2022\/06\/Common-Mode-Choke-Coil-Toroidal-Inductor-13.jpg\" alt=\"Bobine d&#039;inductance en mode commun Inducteur toro\u00efdal\" width=\"750\" height=\"634\" title=\"Ferrite Core Inductor Toroidal Ferrite Core Common Mode Choke Coil Toroidal Inductor For Switch Power Supply-Vacuz\" srcset=\"https:\/\/vacuz.com\/wp-content\/uploads\/2022\/06\/Common-Mode-Choke-Coil-Toroidal-Inductor-13.jpg 750w, https:\/\/vacuz.com\/wp-content\/uploads\/2022\/06\/Common-Mode-Choke-Coil-Toroidal-Inductor-13-500x423.jpg 500w, https:\/\/vacuz.com\/wp-content\/uploads\/2022\/06\/Common-Mode-Choke-Coil-Toroidal-Inductor-13-700x592.jpg 700w, https:\/\/vacuz.com\/wp-content\/uploads\/2022\/06\/Common-Mode-Choke-Coil-Toroidal-Inductor-13-300x254.jpg 300w, https:\/\/vacuz.com\/wp-content\/uploads\/2022\/06\/Common-Mode-Choke-Coil-Toroidal-Inductor-13-14x12.jpg 14w, https:\/\/vacuz.com\/wp-content\/uploads\/2022\/06\/Common-Mode-Choke-Coil-Toroidal-Inductor-13-200x169.jpg 200w, https:\/\/vacuz.com\/wp-content\/uploads\/2022\/06\/Common-Mode-Choke-Coil-Toroidal-Inductor-13-400x338.jpg 400w, https:\/\/vacuz.com\/wp-content\/uploads\/2022\/06\/Common-Mode-Choke-Coil-Toroidal-Inductor-13-600x507.jpg 600w\" sizes=\"auto, (max-width: 750px) 100vw, 750px\" \/><\/p>\n<p><img loading=\"lazy\" decoding=\"async\" class=\"alignnone wp-image-6347 size-full\" src=\"https:\/\/vacuz.com\/wp-content\/uploads\/2022\/06\/Common-Mode-Choke-Coil-Toroidal-Inductor-14.jpg\" alt=\"Bobine d&#039;inductance en mode commun Inducteur toro\u00efdal\" width=\"750\" height=\"1071\" title=\"Ferrite Core Inductor Toroidal Ferrite Core Common Mode Choke Coil Toroidal Inductor For Switch Power Supply-Vacuz\" srcset=\"https:\/\/vacuz.com\/wp-content\/uploads\/2022\/06\/Common-Mode-Choke-Coil-Toroidal-Inductor-14.jpg 750w, https:\/\/vacuz.com\/wp-content\/uploads\/2022\/06\/Common-Mode-Choke-Coil-Toroidal-Inductor-14-500x714.jpg 500w, https:\/\/vacuz.com\/wp-content\/uploads\/2022\/06\/Common-Mode-Choke-Coil-Toroidal-Inductor-14-700x1000.jpg 700w, https:\/\/vacuz.com\/wp-content\/uploads\/2022\/06\/Common-Mode-Choke-Coil-Toroidal-Inductor-14-210x300.jpg 210w, https:\/\/vacuz.com\/wp-content\/uploads\/2022\/06\/Common-Mode-Choke-Coil-Toroidal-Inductor-14-717x1024.jpg 717w, https:\/\/vacuz.com\/wp-content\/uploads\/2022\/06\/Common-Mode-Choke-Coil-Toroidal-Inductor-14-8x12.jpg 8w, https:\/\/vacuz.com\/wp-content\/uploads\/2022\/06\/Common-Mode-Choke-Coil-Toroidal-Inductor-14-200x286.jpg 200w, https:\/\/vacuz.com\/wp-content\/uploads\/2022\/06\/Common-Mode-Choke-Coil-Toroidal-Inductor-14-400x571.jpg 400w, https:\/\/vacuz.com\/wp-content\/uploads\/2022\/06\/Common-Mode-Choke-Coil-Toroidal-Inductor-14-600x857.jpg 600w\" sizes=\"auto, (max-width: 750px) 100vw, 750px\" \/><\/p>\n<p><img loading=\"lazy\" decoding=\"async\" class=\"alignnone wp-image-6348 size-full\" src=\"https:\/\/vacuz.com\/wp-content\/uploads\/2022\/06\/Common-Mode-Choke-Coil-Toroidal-Inductor-15.jpg\" alt=\"Bobine d&#039;inductance en mode commun Inducteur toro\u00efdal\" width=\"750\" height=\"1040\" title=\"Ferrite Core Inductor Toroidal Ferrite Core Common Mode Choke Coil Toroidal Inductor For Switch Power Supply-Vacuz\" srcset=\"https:\/\/vacuz.com\/wp-content\/uploads\/2022\/06\/Common-Mode-Choke-Coil-Toroidal-Inductor-15.jpg 750w, https:\/\/vacuz.com\/wp-content\/uploads\/2022\/06\/Common-Mode-Choke-Coil-Toroidal-Inductor-15-500x693.jpg 500w, https:\/\/vacuz.com\/wp-content\/uploads\/2022\/06\/Common-Mode-Choke-Coil-Toroidal-Inductor-15-700x971.jpg 700w, https:\/\/vacuz.com\/wp-content\/uploads\/2022\/06\/Common-Mode-Choke-Coil-Toroidal-Inductor-15-216x300.jpg 216w, https:\/\/vacuz.com\/wp-content\/uploads\/2022\/06\/Common-Mode-Choke-Coil-Toroidal-Inductor-15-738x1024.jpg 738w, https:\/\/vacuz.com\/wp-content\/uploads\/2022\/06\/Common-Mode-Choke-Coil-Toroidal-Inductor-15-9x12.jpg 9w, https:\/\/vacuz.com\/wp-content\/uploads\/2022\/06\/Common-Mode-Choke-Coil-Toroidal-Inductor-15-200x277.jpg 200w, https:\/\/vacuz.com\/wp-content\/uploads\/2022\/06\/Common-Mode-Choke-Coil-Toroidal-Inductor-15-400x555.jpg 400w, https:\/\/vacuz.com\/wp-content\/uploads\/2022\/06\/Common-Mode-Choke-Coil-Toroidal-Inductor-15-600x832.jpg 600w\" sizes=\"auto, (max-width: 750px) 100vw, 750px\" \/><\/p>\n<h2>Emballage et exp\u00e9dition<\/h2>\n<p><img loading=\"lazy\" decoding=\"async\" class=\"alignnone wp-image-6349 size-full\" src=\"https:\/\/vacuz.com\/wp-content\/uploads\/2022\/06\/Common-Mode-Choke-Coil-Toroidal-Inductor-16.jpg\" alt=\"Bobine d&#039;inductance en mode commun Inducteur toro\u00efdal\" width=\"750\" height=\"1139\" title=\"Ferrite Core Inductor Toroidal Ferrite Core Common Mode Choke Coil Toroidal Inductor For Switch Power Supply-Vacuz\" srcset=\"https:\/\/vacuz.com\/wp-content\/uploads\/2022\/06\/Common-Mode-Choke-Coil-Toroidal-Inductor-16.jpg 750w, https:\/\/vacuz.com\/wp-content\/uploads\/2022\/06\/Common-Mode-Choke-Coil-Toroidal-Inductor-16-500x759.jpg 500w, https:\/\/vacuz.com\/wp-content\/uploads\/2022\/06\/Common-Mode-Choke-Coil-Toroidal-Inductor-16-700x1063.jpg 700w, https:\/\/vacuz.com\/wp-content\/uploads\/2022\/06\/Common-Mode-Choke-Coil-Toroidal-Inductor-16-198x300.jpg 198w, https:\/\/vacuz.com\/wp-content\/uploads\/2022\/06\/Common-Mode-Choke-Coil-Toroidal-Inductor-16-674x1024.jpg 674w, https:\/\/vacuz.com\/wp-content\/uploads\/2022\/06\/Common-Mode-Choke-Coil-Toroidal-Inductor-16-8x12.jpg 8w, https:\/\/vacuz.com\/wp-content\/uploads\/2022\/06\/Common-Mode-Choke-Coil-Toroidal-Inductor-16-200x304.jpg 200w, https:\/\/vacuz.com\/wp-content\/uploads\/2022\/06\/Common-Mode-Choke-Coil-Toroidal-Inductor-16-400x607.jpg 400w, https:\/\/vacuz.com\/wp-content\/uploads\/2022\/06\/Common-Mode-Choke-Coil-Toroidal-Inductor-16-600x911.jpg 600w\" sizes=\"auto, (max-width: 750px) 100vw, 750px\" \/><\/p>\n<h2>Visite de l'usine Vacuz<\/h2>\n<p><iframe loading=\"lazy\" title=\"Visite en ligne de l&#039;usine de machines Vacuz Machines \u00e0 enrouler automatiques\" width=\"1200\" height=\"675\" src=\"https:\/\/www.youtube.com\/embed\/lY2VK9YY--E?feature=oembed\" frameborder=\"0\" allow=\"accelerometer; autoplay; clipboard-write; encrypted-media; gyroscope; picture-in-picture; web-share\" referrerpolicy=\"strict-origin-when-cross-origin\" allowfullscreen><\/iframe><\/p>\n<\/div>","protected":false},"excerpt":{"rendered":"<p>Ferrite Core Inductor Toroidal Ferrite Core Common Mode Choke Coil Toroidal Inductor For Switch Power Supply-Vacuz Components Ferrite core, Copper wire;Basing;Shielding case Core NiZn\/Iron \/MnZn\/MPP\/Amorphous magnetic Wire Enameled copper wire-UEW\/PEW Functions Power line filter\/Signal line filter\/Energy saving\/Voltage step-up etc\/Choke etc Mounting type Surface mount ;Through hole ; Wire lead Shape Types Vertical;Horizontal;with\/without base;shielded\/unshielded ;SMD Coil [&hellip;]<\/p>\n","protected":false},"featured_media":6339,"template":"","meta":{"_gspb_post_css":"","_joinchat":[]},"product_brand":[],"product_cat":[794],"product_tag":[344],"class_list":{"0":"post-6333","1":"product","2":"type-product","3":"status-publish","4":"has-post-thumbnail","6":"product_cat-toroidal-coil-oem-service","7":"product_tag-common-mode-choke-coil-toroidal-inductor","9":"first","10":"instock","11":"shipping-taxable","12":"product-type-simple"},"_links":{"self":[{"href":"https:\/\/vacuz.com\/fr\/wp-json\/wp\/v2\/product\/6333","targetHints":{"allow":["GET"]}}],"collection":[{"href":"https:\/\/vacuz.com\/fr\/wp-json\/wp\/v2\/product"}],"about":[{"href":"https:\/\/vacuz.com\/fr\/wp-json\/wp\/v2\/types\/product"}],"wp:featuredmedia":[{"embeddable":true,"href":"https:\/\/vacuz.com\/fr\/wp-json\/wp\/v2\/media\/6339"}],"wp:attachment":[{"href":"https:\/\/vacuz.com\/fr\/wp-json\/wp\/v2\/media?parent=6333"}],"wp:term":[{"taxonomy":"product_brand","embeddable":true,"href":"https:\/\/vacuz.com\/fr\/wp-json\/wp\/v2\/product_brand?post=6333"},{"taxonomy":"product_cat","embeddable":true,"href":"https:\/\/vacuz.com\/fr\/wp-json\/wp\/v2\/product_cat?post=6333"},{"taxonomy":"product_tag","embeddable":true,"href":"https:\/\/vacuz.com\/fr\/wp-json\/wp\/v2\/product_tag?post=6333"}],"curies":[{"name":"wp","href":"https:\/\/api.w.org\/{rel}","templated":true}]}}