{"id":6944,"date":"2022-09-27T06:37:34","date_gmt":"2022-09-27T06:37:34","guid":{"rendered":"https:\/\/vacuz.com\/?post_type=product&#038;p=6944"},"modified":"2025-11-03T03:41:27","modified_gmt":"2025-11-03T03:41:27","slug":"forro-eladas-felautomata-magneses-toroidalis-tekercs-aram-transzformator-induktor-szigetelo-szalag-szalagozas-csomagolo-gep","status":"publish","type":"product","link":"https:\/\/vacuz.com\/hu\/product\/hot-sale-semi-automatic-magnetic-toroidal-coil-current-transformer-inductor-insulation-tape-taping-wrapping-machine\/","title":{"rendered":"Forr\u00f3 elad\u00f3 f\u00e9lautomata m\u00e1gneses toroid\u00e1lis tekercs jelenlegi transzform\u00e1tor induktor szigetel\u00e9s szalag szalagos tekercsel\u0151g\u00e9p"},"content":{"rendered":"<h2>Forr\u00f3 elad\u00f3 f\u00e9lautomata m\u00e1gneses toroid\u00e1lis tekercs jelenlegi transzform\u00e1tor induktor szigetel\u00e9s szalag szalagos tekercsel\u0151g\u00e9p<\/h2>\n<p data-spm-anchor-id=\"a2700.wholesale.0.i26.4dab536b1Qop0r\"><strong>Toroid tekercs szigetel\u0151szalag szalagszalag szalagoz\u00f3 g\u00e9p elfogadja a prec\u00edzi\u00f3s digit\u00e1lis toroid vez\u00e9rl\u0151, ez egy pontos \u00e9s megb\u00edzhat\u00f3 digit\u00e1lis automata toroid szalagoz\u00f3 g\u00e9p. a szigetel\u0151szalag tekercsel\u00e9s\u00e9re haszn\u00e1lj\u00e1k a toroid magon \u00e9s a tekercseken. ez a legmegfelel\u0151bb a toroid induktor, toroid transzform\u00e1tor, toroid \u00e1ram transzform\u00e1tor, toroid tekercs, toroid fojt\u00f3tekercs, teljes\u00edtm\u00e9ny induktorok, teljes\u00edtm\u00e9ny m\u00e1gneses, UPS induktor, \u00e1talak\u00edt\u00f3 induktorok, neh\u00e9z toroid mag, stb.<\/strong><\/p>\n<p><strong>Funkci\u00f3k \u00e9s jellemz\u0151k:<\/strong><\/p>\n<p><strong>1. Az adatok t\u00e1rolja a 0~999 l\u00e9p\u00e9s k\u00f6z\u00f6tti bekezd\u00e9st.<\/strong><\/p>\n<p><strong>2. Nagy sebess\u00e9ggel k\u00e9pes megford\u00edtani a tekercsel\u00e9st.<\/strong><\/p>\n<p><strong>3. A k\u00f6r\u00f6k sz\u00e1ma pontos.<\/strong><\/p>\n<p><strong>4. A probl\u00e9ma inform\u00e1ci\u00f3i automatikusan elment\u00e9sre ker\u00fclnek.<\/strong><\/p>\n<p><strong>5. A CNC k\u00e9pes figyelemmel k\u00eds\u00e9rni \u00e9s megjelen\u00edteni a gy\u00e1rt\u00e1si \u00e1llapotot.<\/strong><\/p>\n<p><strong>6. A be\u00e1ll\u00edt\u00e1s egyszer\u0171 \u00e9s a m\u0171k\u00f6dtet\u00e9s k\u00e9nyelmes.<\/strong><\/p>\n<p><strong>M\u0171szaki param\u00e9terek:<\/strong><\/p>\n<table style=\"height: 360px;\" border=\"1\" width=\"1354\">\n<tbody>\n<tr>\n<td>Modell<\/td>\n<td>VA-06B<\/td>\n<td>VA-10A<\/td>\n<td>VA-12A<\/td>\n<td>VA-15A<\/td>\n<\/tr>\n<tr>\n<td>Szalag sz\u00e9less\u00e9ge<\/td>\n<td>5\/6\/8\/10mm<\/td>\n<td>8-25mm<\/td>\n<td>12-30mm<\/td>\n<td>7-30mm<\/td>\n<\/tr>\n<tr>\n<td>Min. v\u00e9gs\u0151 tekercs I. D.<\/td>\n<td>15mm<\/td>\n<td>23mm<\/td>\n<td>32mm<\/td>\n<td>40mm<\/td>\n<\/tr>\n<tr>\n<td>Min. v\u00e9gs\u0151 tekercs O. D.<\/td>\n<td>70mm<\/td>\n<td>50-120mm<\/td>\n<td>50-120mm<\/td>\n<td>60-120mm<\/td>\n<\/tr>\n<tr>\n<td>Maxim\u00e1lis v\u00e9gs\u0151 tekercsmagass\u00e1g<\/td>\n<td>45mm<\/td>\n<td>80mm<\/td>\n<td>100mm<\/td>\n<td>120mm<\/td>\n<\/tr>\n<tr>\n<td>Max. tekercsel\u00e9si sebess\u00e9g<\/td>\n<td>1000RPM<\/td>\n<td>200RPM<\/td>\n<td>200RPM<\/td>\n<td>200RPM<\/td>\n<\/tr>\n<tr>\n<td>Sz\u00f3r\u00f3 motor<\/td>\n<td>86V l\u00e9ptet\u0151motor<\/td>\n<td>DC4A l\u00e9ptet\u0151motor<\/td>\n<td>DC4A l\u00e9ptet\u0151motor<\/td>\n<td>9V-os l\u00e9ptet\u0151motor<\/td>\n<\/tr>\n<tr>\n<td>Ors\u00f3motor<\/td>\n<td>DC 600W<\/td>\n<td>AC 750W<\/td>\n<td>AC 750W<\/td>\n<td>AC 750W<\/td>\n<\/tr>\n<tr>\n<td>T\u00e1pfesz\u00fclts\u00e9g<\/td>\n<td>220VAC\/50HZ<\/td>\n<td>220VAC\/50HZ<\/td>\n<td>220VAC\/50HZ<\/td>\n<td>220VAC\/50HZ<\/td>\n<\/tr>\n<tr>\n<td>G\u00e9p s\u00falya<\/td>\n<td>kb. 72kg<\/td>\n<td>kb. 76kg<\/td>\n<td>kb. 78kg<\/td>\n<td>kb. 80kg<\/td>\n<\/tr>\n<tr>\n<td>G\u00e9p m\u00e9rete<\/td>\n<td>600*500*550mm<\/td>\n<td>780*720*1200mm<\/td>\n<td>780*760*1250mm<\/td>\n<td>600*700*750mm<\/td>\n<\/tr>\n<tr>\n<td>\u00c1tfut\u00e1si id\u0151<\/td>\n<td>15nap<\/td>\n<td>15nap<\/td>\n<td>15nap<\/td>\n<td data-spm-anchor-id=\"a2700.wholesale.0.i30.718b38c8mUGt8r\">15nap<\/td>\n<\/tr>\n<\/tbody>\n<\/table>\n<p><img loading=\"lazy\" decoding=\"async\" class=\"alignnone wp-image-6946 size-full\" src=\"https:\/\/vacuz.com\/wp-content\/uploads\/2022\/09\/toroidal-wrap-Taping-machine-2.jpg\" alt=\"toroid\u00e1lis tekercsel\u00e9s Szalagoz\u00f3 g\u00e9p\" width=\"640\" height=\"640\" title=\"Forr\u00f3 elad\u00f3 f\u00e9lautomata m\u00e1gneses toroid\u00e1lis tekercs jelenlegi transzform\u00e1tor induktor szigetel\u00e9s szalag szalagos tekercsel\u0151g\u00e9p\" srcset=\"https:\/\/vacuz.com\/wp-content\/uploads\/2022\/09\/toroidal-wrap-Taping-machine-2.jpg 640w, https:\/\/vacuz.com\/wp-content\/uploads\/2022\/09\/toroidal-wrap-Taping-machine-2-500x500.jpg 500w, https:\/\/vacuz.com\/wp-content\/uploads\/2022\/09\/toroidal-wrap-Taping-machine-2-100x100.jpg 100w, https:\/\/vacuz.com\/wp-content\/uploads\/2022\/09\/toroidal-wrap-Taping-machine-2-600x600.jpg 600w, https:\/\/vacuz.com\/wp-content\/uploads\/2022\/09\/toroidal-wrap-Taping-machine-2-300x300.jpg 300w, https:\/\/vacuz.com\/wp-content\/uploads\/2022\/09\/toroidal-wrap-Taping-machine-2-150x150.jpg 150w, https:\/\/vacuz.com\/wp-content\/uploads\/2022\/09\/toroidal-wrap-Taping-machine-2-12x12.jpg 12w, https:\/\/vacuz.com\/wp-content\/uploads\/2022\/09\/toroidal-wrap-Taping-machine-2-66x66.jpg 66w, https:\/\/vacuz.com\/wp-content\/uploads\/2022\/09\/toroidal-wrap-Taping-machine-2-200x200.jpg 200w, https:\/\/vacuz.com\/wp-content\/uploads\/2022\/09\/toroidal-wrap-Taping-machine-2-400x400.jpg 400w\" sizes=\"auto, (max-width: 640px) 100vw, 640px\" \/><\/p>\n<p><img loading=\"lazy\" decoding=\"async\" class=\"alignnone wp-image-6945 size-full\" src=\"https:\/\/vacuz.com\/wp-content\/uploads\/2022\/09\/toroidal-wrap-Taping-machine-1.jpg\" alt=\"toroid\u00e1lis tekercsel\u00e9s Szalagoz\u00f3 g\u00e9p\" width=\"640\" height=\"640\" title=\"Forr\u00f3 elad\u00f3 f\u00e9lautomata m\u00e1gneses toroid\u00e1lis tekercs jelenlegi transzform\u00e1tor induktor szigetel\u00e9s szalag szalagos tekercsel\u0151g\u00e9p\" srcset=\"https:\/\/vacuz.com\/wp-content\/uploads\/2022\/09\/toroidal-wrap-Taping-machine-1.jpg 640w, https:\/\/vacuz.com\/wp-content\/uploads\/2022\/09\/toroidal-wrap-Taping-machine-1-500x500.jpg 500w, https:\/\/vacuz.com\/wp-content\/uploads\/2022\/09\/toroidal-wrap-Taping-machine-1-100x100.jpg 100w, https:\/\/vacuz.com\/wp-content\/uploads\/2022\/09\/toroidal-wrap-Taping-machine-1-600x600.jpg 600w, https:\/\/vacuz.com\/wp-content\/uploads\/2022\/09\/toroidal-wrap-Taping-machine-1-300x300.jpg 300w, https:\/\/vacuz.com\/wp-content\/uploads\/2022\/09\/toroidal-wrap-Taping-machine-1-150x150.jpg 150w, https:\/\/vacuz.com\/wp-content\/uploads\/2022\/09\/toroidal-wrap-Taping-machine-1-12x12.jpg 12w, https:\/\/vacuz.com\/wp-content\/uploads\/2022\/09\/toroidal-wrap-Taping-machine-1-66x66.jpg 66w, https:\/\/vacuz.com\/wp-content\/uploads\/2022\/09\/toroidal-wrap-Taping-machine-1-200x200.jpg 200w, https:\/\/vacuz.com\/wp-content\/uploads\/2022\/09\/toroidal-wrap-Taping-machine-1-400x400.jpg 400w\" sizes=\"auto, (max-width: 640px) 100vw, 640px\" \/><\/p>\n<p><img loading=\"lazy\" decoding=\"async\" class=\"alignnone wp-image-6950 size-full\" src=\"https:\/\/vacuz.com\/wp-content\/uploads\/2022\/09\/toroidal-wrap-Taping-machine-6.jpg\" alt=\"toroid\u00e1lis tekercsel\u00e9s Szalagoz\u00f3 g\u00e9p\" width=\"640\" height=\"640\" title=\"Forr\u00f3 elad\u00f3 f\u00e9lautomata m\u00e1gneses toroid\u00e1lis tekercs jelenlegi transzform\u00e1tor induktor szigetel\u00e9s szalag szalagos tekercsel\u0151g\u00e9p\" srcset=\"https:\/\/vacuz.com\/wp-content\/uploads\/2022\/09\/toroidal-wrap-Taping-machine-6.jpg 640w, https:\/\/vacuz.com\/wp-content\/uploads\/2022\/09\/toroidal-wrap-Taping-machine-6-500x500.jpg 500w, https:\/\/vacuz.com\/wp-content\/uploads\/2022\/09\/toroidal-wrap-Taping-machine-6-100x100.jpg 100w, https:\/\/vacuz.com\/wp-content\/uploads\/2022\/09\/toroidal-wrap-Taping-machine-6-600x600.jpg 600w, https:\/\/vacuz.com\/wp-content\/uploads\/2022\/09\/toroidal-wrap-Taping-machine-6-300x300.jpg 300w, https:\/\/vacuz.com\/wp-content\/uploads\/2022\/09\/toroidal-wrap-Taping-machine-6-150x150.jpg 150w, https:\/\/vacuz.com\/wp-content\/uploads\/2022\/09\/toroidal-wrap-Taping-machine-6-12x12.jpg 12w, https:\/\/vacuz.com\/wp-content\/uploads\/2022\/09\/toroidal-wrap-Taping-machine-6-66x66.jpg 66w, https:\/\/vacuz.com\/wp-content\/uploads\/2022\/09\/toroidal-wrap-Taping-machine-6-200x200.jpg 200w, https:\/\/vacuz.com\/wp-content\/uploads\/2022\/09\/toroidal-wrap-Taping-machine-6-400x400.jpg 400w\" sizes=\"auto, (max-width: 640px) 100vw, 640px\" \/><\/p>\n<h1>Minta Show<\/h1>\n<p><img loading=\"lazy\" decoding=\"async\" class=\"alignnone wp-image-7063 size-full\" src=\"https:\/\/vacuz.com\/wp-content\/uploads\/2022\/09\/6-2.jpg\" alt=\"6 2\" width=\"796\" height=\"871\" title=\"Forr\u00f3 elad\u00f3 f\u00e9lautomata m\u00e1gneses toroid\u00e1lis tekercs jelenlegi transzform\u00e1tor induktor szigetel\u00e9s szalag szalagos tekercsel\u0151g\u00e9p\" srcset=\"https:\/\/vacuz.com\/wp-content\/uploads\/2022\/09\/6-2.jpg 796w, https:\/\/vacuz.com\/wp-content\/uploads\/2022\/09\/6-2-500x547.jpg 500w, https:\/\/vacuz.com\/wp-content\/uploads\/2022\/09\/6-2-700x766.jpg 700w, https:\/\/vacuz.com\/wp-content\/uploads\/2022\/09\/6-2-274x300.jpg 274w, https:\/\/vacuz.com\/wp-content\/uploads\/2022\/09\/6-2-768x840.jpg 768w, https:\/\/vacuz.com\/wp-content\/uploads\/2022\/09\/6-2-11x12.jpg 11w, https:\/\/vacuz.com\/wp-content\/uploads\/2022\/09\/6-2-200x219.jpg 200w, https:\/\/vacuz.com\/wp-content\/uploads\/2022\/09\/6-2-400x438.jpg 400w, https:\/\/vacuz.com\/wp-content\/uploads\/2022\/09\/6-2-600x657.jpg 600w\" sizes=\"auto, (max-width: 796px) 100vw, 796px\" \/><\/p>\n<h1>V\u00e1llalati inform\u00e1ci\u00f3k<\/h1>\n<div>\n<p><strong>A Vacuz g\u00e9pgy\u00e1rat 2007 m\u00e1jus\u00e1ban alap\u00edtott\u00e1k, Dongguan v\u00e1ros\u00e1ban, Guangdong tartom\u00e1nyban tal\u00e1lhat\u00f3. Ez egy professzion\u00e1lis gy\u00e1rt\u00f3, amely r\u00e9szt vesz az automata tekercsel\u0151g\u00e9pek, ors\u00f3 tekercsel\u0151g\u00e9p, transzform\u00e1tor tekercsel\u0151g\u00e9p, motor tekercsel\u0151g\u00e9p, vezet\u00e9k n\u00e9lk\u00fcli tekercsel\u0151g\u00e9p, SQ k\u00f6z\u00f6s m\u00f3d\u00fa fojt\u00f3 induktor tekercsel\u0151g\u00e9p \u00e9s m\u00e1s nem szabv\u00e1nyos tekercsel\u0151g\u00e9pek kutat\u00e1s\u00e1ban, fejleszt\u00e9s\u00e9ben, gy\u00e1rt\u00e1s\u00e1ban, \u00e9rt\u00e9kes\u00edt\u00e9s\u00e9ben \u00e9s szolg\u00e1ltat\u00e1s\u00e1ban. J\u00f3l eladva K\u00edna minden v\u00e1ros\u00e1ban \u00e9s tartom\u00e1ny\u00e1ban, term\u00e9keinket olyan orsz\u00e1gok \u00e9s r\u00e9gi\u00f3k \u00fcgyfeleinek is export\u00e1ljuk, mint a K\u00f6zel-Kelet, Eur\u00f3pa, Afrika, \u00c1zsia \u00e9s \u00c9szak-Amerika. Ak\u00e1r katal\u00f3gusunkb\u00f3l v\u00e1lasztja ki az aktu\u00e1lis term\u00e9ket, ak\u00e1r m\u00e9rn\u00f6ki seg\u00edts\u00e9get keres az alkalmaz\u00e1s\u00e1hoz, \u00fcgyf\u00e9lszolg\u00e1lati k\u00f6zpontunkkal besz\u00e9lhet beszerz\u00e9si ig\u00e9nyeir\u0151l. A min\u0151s\u00e9g a mi kult\u00far\u00e1nk! Rem\u00e9lj\u00fck, hogy hamarosan egy\u00fcttm\u0171k\u00f6dhet\u00fcnk!<\/strong><\/p>\n<p><img loading=\"lazy\" decoding=\"async\" class=\"alignnone size-full wp-image-4136\" src=\"https:\/\/vacuz.com\/wp-content\/uploads\/2022\/01\/Company-info-1.jpg\" alt=\"C\u00e9ginform\u00e1ci\u00f3 1\" width=\"1200\" height=\"800\" title=\"Forr\u00f3 elad\u00f3 f\u00e9lautomata m\u00e1gneses toroid\u00e1lis tekercs jelenlegi transzform\u00e1tor induktor szigetel\u00e9s szalag szalagos tekercsel\u0151g\u00e9p\" srcset=\"https:\/\/vacuz.com\/wp-content\/uploads\/2022\/01\/Company-info-1.jpg 1200w, https:\/\/vacuz.com\/wp-content\/uploads\/2022\/01\/Company-info-1-500x333.jpg 500w, https:\/\/vacuz.com\/wp-content\/uploads\/2022\/01\/Company-info-1-700x467.jpg 700w, https:\/\/vacuz.com\/wp-content\/uploads\/2022\/01\/Company-info-1-300x200.jpg 300w, https:\/\/vacuz.com\/wp-content\/uploads\/2022\/01\/Company-info-1-1024x683.jpg 1024w, https:\/\/vacuz.com\/wp-content\/uploads\/2022\/01\/Company-info-1-768x512.jpg 768w, https:\/\/vacuz.com\/wp-content\/uploads\/2022\/01\/Company-info-1-18x12.jpg 18w, https:\/\/vacuz.com\/wp-content\/uploads\/2022\/01\/Company-info-1-200x133.jpg 200w, https:\/\/vacuz.com\/wp-content\/uploads\/2022\/01\/Company-info-1-400x267.jpg 400w, https:\/\/vacuz.com\/wp-content\/uploads\/2022\/01\/Company-info-1-600x400.jpg 600w, https:\/\/vacuz.com\/wp-content\/uploads\/2022\/01\/Company-info-1-800x533.jpg 800w\" sizes=\"auto, (max-width: 1200px) 100vw, 1200px\" \/><\/p>\n<p><img loading=\"lazy\" decoding=\"async\" class=\"size-full wp-image-4126\" src=\"https:\/\/vacuz.com\/wp-content\/uploads\/2022\/01\/Company-info.jpg\" alt=\"Vacuz C\u00e9ginform\u00e1ci\u00f3\" width=\"1754\" height=\"1241\" title=\"Forr\u00f3 elad\u00f3 f\u00e9lautomata m\u00e1gneses toroid\u00e1lis tekercs jelenlegi transzform\u00e1tor induktor szigetel\u00e9s szalag szalagos tekercsel\u0151g\u00e9p\" srcset=\"https:\/\/vacuz.com\/wp-content\/uploads\/2022\/01\/Company-info.jpg 1754w, https:\/\/vacuz.com\/wp-content\/uploads\/2022\/01\/Company-info-500x354.jpg 500w, https:\/\/vacuz.com\/wp-content\/uploads\/2022\/01\/Company-info-700x495.jpg 700w, https:\/\/vacuz.com\/wp-content\/uploads\/2022\/01\/Company-info-300x212.jpg 300w, https:\/\/vacuz.com\/wp-content\/uploads\/2022\/01\/Company-info-1024x725.jpg 1024w, https:\/\/vacuz.com\/wp-content\/uploads\/2022\/01\/Company-info-768x543.jpg 768w, https:\/\/vacuz.com\/wp-content\/uploads\/2022\/01\/Company-info-1536x1087.jpg 1536w, https:\/\/vacuz.com\/wp-content\/uploads\/2022\/01\/Company-info-18x12.jpg 18w, https:\/\/vacuz.com\/wp-content\/uploads\/2022\/01\/Company-info-200x142.jpg 200w, https:\/\/vacuz.com\/wp-content\/uploads\/2022\/01\/Company-info-400x283.jpg 400w, https:\/\/vacuz.com\/wp-content\/uploads\/2022\/01\/Company-info-600x425.jpg 600w, https:\/\/vacuz.com\/wp-content\/uploads\/2022\/01\/Company-info-800x566.jpg 800w, https:\/\/vacuz.com\/wp-content\/uploads\/2022\/01\/Company-info-1200x849.jpg 1200w\" sizes=\"auto, (max-width: 1754px) 100vw, 1754px\" \/><\/p>\n<p><img loading=\"lazy\" decoding=\"async\" class=\"size-full wp-image-4132\" src=\"https:\/\/vacuz.com\/wp-content\/uploads\/2022\/01\/\u5408\u4f5c\u4f19\u4f34.jpg\" alt=\"Partnerek\" width=\"1200\" height=\"555\" title=\"Forr\u00f3 elad\u00f3 f\u00e9lautomata m\u00e1gneses toroid\u00e1lis tekercs jelenlegi transzform\u00e1tor induktor szigetel\u00e9s szalag szalagos tekercsel\u0151g\u00e9p\" srcset=\"https:\/\/vacuz.com\/wp-content\/uploads\/2022\/01\/\u5408\u4f5c\u4f19\u4f34.jpg 1200w, https:\/\/vacuz.com\/wp-content\/uploads\/2022\/01\/\u5408\u4f5c\u4f19\u4f34-500x231.jpg 500w, https:\/\/vacuz.com\/wp-content\/uploads\/2022\/01\/\u5408\u4f5c\u4f19\u4f34-700x324.jpg 700w, https:\/\/vacuz.com\/wp-content\/uploads\/2022\/01\/\u5408\u4f5c\u4f19\u4f34-300x139.jpg 300w, https:\/\/vacuz.com\/wp-content\/uploads\/2022\/01\/\u5408\u4f5c\u4f19\u4f34-1024x474.jpg 1024w, https:\/\/vacuz.com\/wp-content\/uploads\/2022\/01\/\u5408\u4f5c\u4f19\u4f34-768x355.jpg 768w, https:\/\/vacuz.com\/wp-content\/uploads\/2022\/01\/\u5408\u4f5c\u4f19\u4f34-18x8.jpg 18w, https:\/\/vacuz.com\/wp-content\/uploads\/2022\/01\/\u5408\u4f5c\u4f19\u4f34-200x93.jpg 200w, https:\/\/vacuz.com\/wp-content\/uploads\/2022\/01\/\u5408\u4f5c\u4f19\u4f34-400x185.jpg 400w, https:\/\/vacuz.com\/wp-content\/uploads\/2022\/01\/\u5408\u4f5c\u4f19\u4f34-600x278.jpg 600w, https:\/\/vacuz.com\/wp-content\/uploads\/2022\/01\/\u5408\u4f5c\u4f19\u4f34-800x370.jpg 800w\" sizes=\"auto, (max-width: 1200px) 100vw, 1200px\" \/><\/p>\n<p><img loading=\"lazy\" decoding=\"async\" class=\"size-full wp-image-4127\" src=\"https:\/\/vacuz.com\/wp-content\/uploads\/2022\/01\/Jeltecn\u8ba4\u8bc1.jpg\" alt=\"Vacuz tan\u00fas\u00edtv\u00e1ny\" width=\"1200\" height=\"549\" title=\"Forr\u00f3 elad\u00f3 f\u00e9lautomata m\u00e1gneses toroid\u00e1lis tekercs jelenlegi transzform\u00e1tor induktor szigetel\u00e9s szalag szalagos tekercsel\u0151g\u00e9p\" srcset=\"https:\/\/vacuz.com\/wp-content\/uploads\/2022\/01\/Jeltecn\u8ba4\u8bc1.jpg 1200w, https:\/\/vacuz.com\/wp-content\/uploads\/2022\/01\/Jeltecn\u8ba4\u8bc1-500x229.jpg 500w, https:\/\/vacuz.com\/wp-content\/uploads\/2022\/01\/Jeltecn\u8ba4\u8bc1-700x320.jpg 700w, https:\/\/vacuz.com\/wp-content\/uploads\/2022\/01\/Jeltecn\u8ba4\u8bc1-300x137.jpg 300w, https:\/\/vacuz.com\/wp-content\/uploads\/2022\/01\/Jeltecn\u8ba4\u8bc1-1024x468.jpg 1024w, https:\/\/vacuz.com\/wp-content\/uploads\/2022\/01\/Jeltecn\u8ba4\u8bc1-768x351.jpg 768w, https:\/\/vacuz.com\/wp-content\/uploads\/2022\/01\/Jeltecn\u8ba4\u8bc1-18x8.jpg 18w, https:\/\/vacuz.com\/wp-content\/uploads\/2022\/01\/Jeltecn\u8ba4\u8bc1-200x92.jpg 200w, https:\/\/vacuz.com\/wp-content\/uploads\/2022\/01\/Jeltecn\u8ba4\u8bc1-400x183.jpg 400w, https:\/\/vacuz.com\/wp-content\/uploads\/2022\/01\/Jeltecn\u8ba4\u8bc1-600x275.jpg 600w, https:\/\/vacuz.com\/wp-content\/uploads\/2022\/01\/Jeltecn\u8ba4\u8bc1-800x366.jpg 800w\" sizes=\"auto, (max-width: 1200px) 100vw, 1200px\" \/><\/p>\n<h2>Csomagol\u00e1s \u00e9s sz\u00e1ll\u00edt\u00e1s<\/h2>\n<p><strong>1.Port: Shanghai \/ Shenzhen vagy az \u00d6n v\u00e1laszt\u00e1sa szerint<\/strong><\/p>\n<p><strong>Csomagol\u00e1s \u00e9s sz\u00e1ll\u00edt\u00e1s<\/strong><br \/>\n<strong>\u00c1ltal\u00e1nos csomagol\u00e1s (pap\u00edrdoboz vagy m\u0171anyag zacsk\u00f3): Csomagolja form\u00e1val \u00e9s csomagol\u00f3pap\u00edrral, hogy a sz\u00e1ll\u00edt\u00e1s sor\u00e1n garant\u00e1lja a s\u00e9rtetlens\u00e9get.<\/strong><br \/>\n<strong>Fa tok csomagol\u00e1s: A nagyobb m\u00e9ret\u0171 \u00e1ruk, mint a g\u00e9pi berendez\u00e9sek stb., van speci\u00e1lis k\u00e9pzett asztalosunk, aki a megfelel\u0151 f\u00e1b\u00f3l k\u00e9sz\u00fclt tokot pontos vastags\u00e1ggal, s\u0171r\u0171s\u00e9ggel, hosszal k\u00e9sz\u00edti. A felfel\u00e9 mutat\u00f3 ny\u00edl \u2191jelezve a k\u00fcls\u0151 fadobozon. A f\u00e1b\u00f3l k\u00e9sz\u00fclt tokba pufferanyagot helyez\u00fcnk, hogy megakad\u00e1lyozzuk a reped\u00e9st \u00e9s a sokkot. T\u00e1j\u00e9koztatjuk \u00d6nt a sz\u00e1ll\u00edt\u00f3lev\u00e9lr\u0151l. Csak meg kell v\u00e1rnia a telefonh\u00edv\u00e1st, majd vegye fel az \u00e1rut a legk\u00f6zelebbi logisztikai \u00e1llom\u00e1son .(K\u00e9rj\u00fck, el\u0151re tudassa velem, ha otthon szeretn\u00e9 megkapni az \u00e1rut.).<\/strong><\/p>\n<p><img loading=\"lazy\" decoding=\"async\" class=\"size-full wp-image-4124\" src=\"https:\/\/vacuz.com\/wp-content\/uploads\/2022\/01\/Winding-Machine-Shipping-and-packing-4.jpg\" alt=\"Tekercsel\u0151g\u00e9p sz\u00e1ll\u00edt\u00e1s \u00e9s csomagol\u00e1s-4\" width=\"1512\" height=\"2016\" title=\"Forr\u00f3 elad\u00f3 f\u00e9lautomata m\u00e1gneses toroid\u00e1lis tekercs jelenlegi transzform\u00e1tor induktor szigetel\u00e9s szalag szalagos tekercsel\u0151g\u00e9p\" srcset=\"https:\/\/vacuz.com\/wp-content\/uploads\/2022\/01\/Winding-Machine-Shipping-and-packing-4.jpg 1512w, https:\/\/vacuz.com\/wp-content\/uploads\/2022\/01\/Winding-Machine-Shipping-and-packing-4-500x667.jpg 500w, https:\/\/vacuz.com\/wp-content\/uploads\/2022\/01\/Winding-Machine-Shipping-and-packing-4-700x933.jpg 700w, https:\/\/vacuz.com\/wp-content\/uploads\/2022\/01\/Winding-Machine-Shipping-and-packing-4-225x300.jpg 225w, https:\/\/vacuz.com\/wp-content\/uploads\/2022\/01\/Winding-Machine-Shipping-and-packing-4-768x1024.jpg 768w, https:\/\/vacuz.com\/wp-content\/uploads\/2022\/01\/Winding-Machine-Shipping-and-packing-4-1152x1536.jpg 1152w, https:\/\/vacuz.com\/wp-content\/uploads\/2022\/01\/Winding-Machine-Shipping-and-packing-4-9x12.jpg 9w, https:\/\/vacuz.com\/wp-content\/uploads\/2022\/01\/Winding-Machine-Shipping-and-packing-4-200x267.jpg 200w, https:\/\/vacuz.com\/wp-content\/uploads\/2022\/01\/Winding-Machine-Shipping-and-packing-4-400x533.jpg 400w, https:\/\/vacuz.com\/wp-content\/uploads\/2022\/01\/Winding-Machine-Shipping-and-packing-4-600x800.jpg 600w, https:\/\/vacuz.com\/wp-content\/uploads\/2022\/01\/Winding-Machine-Shipping-and-packing-4-800x1067.jpg 800w, https:\/\/vacuz.com\/wp-content\/uploads\/2022\/01\/Winding-Machine-Shipping-and-packing-4-1200x1600.jpg 1200w\" sizes=\"auto, (max-width: 1512px) 100vw, 1512px\" \/><\/p>\n<p>&nbsp;<\/p>\n<h2>Vacuz szolg\u00e1ltat\u00e1s \u00e9s er\u0151<\/h2>\n<p><b data-spm-anchor-id=\"a2700.details.0.i31.182f594ewjEnUT\">Szolg\u00e1ltat\u00e1si alapelv<\/b><br \/>\nA legjobb szolg\u00e1ltat\u00e1st ny\u00fajtjuk \u00d6nnek a \"gyors + kiel\u00e9g\u00edt\u0151 + biztons\u00e1gos\" szolg\u00e1ltat\u00e1ssal.<br \/>\n<b>J\u00f3t\u00e1ll\u00e1si id\u0151szak<\/b><br \/>\n12 h\u00f3nappal azut\u00e1n, hogy a felhaszn\u00e1l\u00f3 megkapta a term\u00e9ket.<br \/>\n<b>Garanci\u00e1lis t\u00e9telek<\/b><br \/>\nCsak a g\u00e9p tervez\u00e9si vagy gy\u00e1rt\u00e1si hib\u00e1ja \u00e1ltal okozott rendellenes meghib\u00e1sod\u00e1s eset\u00e9n,<br \/>\ningyenes jav\u00edt\u00e1st \u00e9s tartoz\u00e9kot biztos\u00edtunk.<br \/>\n<b>Technol\u00f3giai szolg\u00e1ltat\u00e1si k\u00e9pess\u00e9g<\/b><br \/>\nA sok\u00e9ves tapasztalattal rendelkez\u0151 szervizm\u00e9rn\u00f6k\u00f6k speci\u00e1lis technol\u00f3giai k\u00e9pz\u00e9st kaptak, akik k\u00e9pesek kezelni a k\u00fcl\u00f6nb\u00f6z\u0151 meghib\u00e1sod\u00e1si probl\u00e9m\u00e1kat.<br \/>\n\u00datmutassa a felhaszn\u00e1l\u00f3t a pontos haszn\u00e1lathoz \u00e9s a term\u00e9k karbantart\u00e1s\u00e1hoz.<br \/>\nIngyenes konzult\u00e1ci\u00f3 ny\u00fajt\u00e1sa az elektronikus term\u00e9kek gy\u00e1rt\u00e1si folyamat\u00e1nak technol\u00f3gi\u00e1j\u00e1r\u00f3l.<br \/>\n<b>Szolg\u00e1ltat\u00e1s az elad\u00e1s ut\u00e1n<\/b><br \/>\nAnnak \u00e9rdek\u00e9ben, hogy garant\u00e1ljuk a g\u00e9p norm\u00e1l haszn\u00e1lat\u00e1t, a term\u00e9k\u00fcnk m\u0171k\u00f6dtet\u00e9s\u00e9re, haszn\u00e1lat\u00e1ra \u00e9s karbantart\u00e1s\u00e1ra vonatkoz\u00f3 k\u00e9pz\u00e9seket angol nyelv\u0171 k\u00e9zik\u00f6nyvvel, vide\u00f3val, online \u00fatmutat\u00f3kkal v\u00e9gezz\u00fck.<br \/>\n<b>Haszn\u00e1lati utas\u00edt\u00e1s<\/b><br \/>\nAlkalmazza a term\u00e9k megfelel\u0151 teljes m\u00e9ret\u00e9t, k\u00fcl\u00f6nben a rossz m\u00e9retek befoly\u00e1solj\u00e1k a felhaszn\u00e1l\u00e1si hat\u00e1st.<br \/>\n\u00dcgyeljen arra, hogy a term\u00e9k haszn\u00e1lata a haszn\u00e1lati utas\u00edt\u00e1snak megfelel\u0151en t\u00f6rt\u00e9njen.Ne l\u00e9pje t\u00fal a term\u00e9kek alkalmaz\u00e1si k\u00f6r\u00e9t.<br \/>\nA term\u00e9k karbantart\u00e1sa haszn\u00e1lat ut\u00e1n, nedvess\u00e9g\u00e1ll\u00f3, rozsdamentes, sziv\u00e1rg\u00e1smentes, robban\u00e1sbiztos, rendszeres karbantart\u00e1sr\u00f3l \u00e9s ellen\u0151rz\u00e9sr\u0151l kell gondoskodni. Mindezek seg\u00edtenek a haszn\u00e1lati id\u0151 meghosszabb\u00edt\u00e1s\u00e1ban.<br \/>\n<b>Felhaszn\u00e1l\u00f3i dokumentumkezel\u00e9s<\/b><br \/>\nT\u00f6k\u00e9letes felhaszn\u00e1l\u00f3i dokumentumkezel\u00e9s l\u00e9trehoz\u00e1sa az EPR rendszerben, minden term\u00e9k fut\u00f3 r\u00e9szleteit k\u00f6vetni kell a kezel\u00e9shez. A felhaszn\u00e1l\u00f3kr\u00f3l j\u00f3 gondoskod\u00e1sban r\u00e9szes\u00fcln\u00e9nek.<br \/>\n<b>A term\u00e9kr\u0151l<\/b><br \/>\n1. Term\u00e9kfot\u00f3: Van a term\u00e9k \u00e9s a fot\u00f3 k\u00f6z\u00f6tti sz\u00ednelt\u00e9r\u00e9s, amelyet a f\u00e9ny, a term\u00e9k m\u00e9rete, a k\u00e9zi technol\u00f3gia \u00e9s a sz\u00e1m\u00edt\u00f3g\u00e9pes megjelen\u00edt\u00e9s stb. okoz. Ez nem min\u0151s\u00e9gi probl\u00e9ma. A term\u00e9kek r\u00e9szei<br \/>\na technol\u00f3giai forradalom \u00e9s a folyamatok jav\u00edt\u00e1sa miatt megv\u00e1ltozott a megjelen\u00e9s\u00fck. A SanShine biztos\u00edtan\u00e1, hogy a term\u00e9k param\u00e9terei v\u00e1ltozatlanok maradjanak, a term\u00e9k nem befoly\u00e1solhatja a haszn\u00e1latot.<br \/>\n2: A m\u00e9ret: Minden param\u00e9tert k\u00e9zzel m\u00e9rik, csak referencia\u00e9rt\u00e9kk\u00e9nt. Van egy kis elt\u00e9r\u00e9s a m\u00e9r\u0151eszk\u00f6z\u00f6k, a t\u00e9teles term\u00e9kek \u00e9s a gy\u00e1rt\u00e1si folyamat k\u00fcl\u00f6nbs\u00e9ge miatt. A val\u00f3s m\u00e9retnek \u00f6sszhangban kell lennie a v\u00e9gs\u0151 sz\u00e1ll\u00edt\u00e1si term\u00e9kkel.<br \/>\n3: Minden term\u00e9ket szigor\u00faan ellen\u0151rizni kell a sz\u00e1ll\u00edt\u00e1s el\u0151tt. Biztos\u00edtani kell a j\u00f3 funkci\u00f3t \u00e9s megjelen\u00e9st.<\/p>\n<h2>Vacuz g\u00e9p vide\u00f3<\/h2>\n<p><iframe loading=\"lazy\" title=\"M\u00e1gneses toroid\u00e1lis transzform\u00e1tor tekercs tekercsel\u0151 g\u00e9p szalag g\u00e9p teljesen automatikus nagy g\u00e9p\" width=\"1200\" height=\"675\" src=\"https:\/\/www.youtube.com\/embed\/7-TEaUeVOxs?feature=oembed\" frameborder=\"0\" allow=\"accelerometer; autoplay; clipboard-write; encrypted-media; gyroscope; picture-in-picture; web-share\" referrerpolicy=\"strict-origin-when-cross-origin\" allowfullscreen><\/iframe><\/p>\n<\/div>","protected":false},"excerpt":{"rendered":"<p>Hot Sale Semi Automatic Magnetic Toroidal Coil Current Transformer Inductor Insulation Tape Taping Wrapping Machine Toroidal coil insulation tape taping machine adopt precision digital toroid controller, it&#8217;s an accurately and reliable digital automatic toroid-taping machine. it is used for wrapping the insulation tape on the toroidal core and windings. it is best suited to the [&hellip;]<\/p>\n","protected":false},"featured_media":6946,"template":"","meta":{"_gspb_post_css":"","_joinchat":[]},"product_brand":[],"product_cat":[791,779],"product_tag":[371],"class_list":{"0":"post-6944","1":"product","2":"type-product","3":"status-publish","4":"has-post-thumbnail","6":"product_cat-semi-automatic-toroidal-coil-taping-machine","7":"product_cat-toroidal-coil-production-machine","8":"product_tag-toroidal-coil-insulation-tape-wrapping-machine","10":"first","11":"instock","12":"featured","13":"shipping-taxable","14":"product-type-simple"},"_links":{"self":[{"href":"https:\/\/vacuz.com\/hu\/wp-json\/wp\/v2\/product\/6944","targetHints":{"allow":["GET"]}}],"collection":[{"href":"https:\/\/vacuz.com\/hu\/wp-json\/wp\/v2\/product"}],"about":[{"href":"https:\/\/vacuz.com\/hu\/wp-json\/wp\/v2\/types\/product"}],"wp:featuredmedia":[{"embeddable":true,"href":"https:\/\/vacuz.com\/hu\/wp-json\/wp\/v2\/media\/6946"}],"wp:attachment":[{"href":"https:\/\/vacuz.com\/hu\/wp-json\/wp\/v2\/media?parent=6944"}],"wp:term":[{"taxonomy":"product_brand","embeddable":true,"href":"https:\/\/vacuz.com\/hu\/wp-json\/wp\/v2\/product_brand?post=6944"},{"taxonomy":"product_cat","embeddable":true,"href":"https:\/\/vacuz.com\/hu\/wp-json\/wp\/v2\/product_cat?post=6944"},{"taxonomy":"product_tag","embeddable":true,"href":"https:\/\/vacuz.com\/hu\/wp-json\/wp\/v2\/product_tag?post=6944"}],"curies":[{"name":"wp","href":"https:\/\/api.w.org\/{rel}","templated":true}]}}