{"id":11331,"date":"2025-02-20T04:45:37","date_gmt":"2025-02-20T04:45:37","guid":{"rendered":"https:\/\/vacuz.com\/?post_type=product&#038;p=11331"},"modified":"2025-11-01T02:29:26","modified_gmt":"2025-11-01T02:29:26","slug":"vco-20-automatic-coreless-motor-inductor-coil-rough-curl-rolling-rounding-machine","status":"publish","type":"product","link":"https:\/\/vacuz.com\/it\/product\/vco-20-automatic-coreless-motor-inductor-coil-rough-curl-rolling-rounding-machine\/","title":{"rendered":"VCO-20 Automatico Coreless motore induttore bobina ruvida arricciatura rotolamento arrotondamento macchina"},"content":{"rendered":"<h2>VCO-20 Automatico Coreless motore induttore bobina ruvida arricciatura rotolamento arrotondamento macchina<\/h2>\n<h3><strong>Caratteristiche della macchina<\/strong><\/h3>\n<p><strong>1. The key parts of the machine are imported from Taiwan or Japan, with strong reliability and durability, which greatly increases the service life of the equipment;<\/strong><br \/>\n<strong>2. The appearance design is novel, the structure is simple and reliable, and the operation is simple and convenient for maintenance;<\/strong><br \/>\n<strong>3. The equipment uses independently developed CNC high-speed motion control board, touch screen human-computer dialogue debugging parameters, and Chinese and English display is easy to understand;<\/strong><br \/>\n<strong>4. Coreless Motor Coil Rough Curl Rolling Rounding Machine<\/strong><\/p>\n<h3><strong>Parametri tecnici principali<\/strong><\/h3>\n<table style=\"border-collapse: collapse; width: 1164px; height: 382px;\" border=\"0\" width=\"991\" cellspacing=\"0\" cellpadding=\"0\">\n<tbody>\n<tr style=\"height: 24.00pt;\">\n<td class=\"et2\" style=\"height: 24.00pt; width: 156.60pt;\" width=\"261\" height=\"40\"><strong>Machine Name(VCO-20)<\/strong><\/td>\n<td class=\"et2\" style=\"width: 438.00pt;\" width=\"730\"><strong>Motore coreless bobina ruvida arricciatura rotolamento macchina arrotondamento<\/strong><\/td>\n<\/tr>\n<tr style=\"height: 24.00pt;\">\n<td class=\"et2\" style=\"height: 24.00pt; width: 156.60pt;\" width=\"261\" height=\"40\"><strong>Maximum rounding size<\/strong><\/td>\n<td class=\"et2\" style=\"width: 438.00pt;\" width=\"730\"><strong>Rolling length: 135X70mm max. Rolling diameter: 10~30mm<\/strong><\/td>\n<\/tr>\n<tr style=\"height: 24.00pt;\">\n<td class=\"et2\" style=\"height: 24.00pt; width: 156.60pt;\" width=\"261\" height=\"40\"><strong>Rotation angle<\/strong><\/td>\n<td class=\"et2\" style=\"width: 438.00pt;\" width=\"730\"><strong>360 degrees 1 circle<\/strong><\/td>\n<\/tr>\n<tr style=\"height: 24.00pt;\">\n<td class=\"et2\" style=\"height: 24.00pt; width: 156.60pt;\" width=\"261\" height=\"40\"><strong>Rotational torque<\/strong><\/td>\n<td class=\"et2\" style=\"width: 438.00pt;\" width=\"730\"><strong>900N<\/strong><\/td>\n<\/tr>\n<tr style=\"height: 24.00pt;\">\n<td class=\"et2\" style=\"height: 24.00pt; width: 156.60pt;\" width=\"261\" height=\"40\"><strong>Gamma di diametri dei fili<\/strong><\/td>\n<td class=\"et2\" style=\"width: 438.00pt;\" width=\"730\"><strong>0.05mm-0.5mm<\/strong><\/td>\n<\/tr>\n<tr style=\"height: 24.00pt;\">\n<td class=\"et2\" style=\"height: 24.00pt; width: 156.60pt;\" width=\"261\" height=\"40\"><strong>Shaft rotation speed<\/strong><\/td>\n<td class=\"et2\" style=\"width: 438.00pt;\" width=\"730\"><strong>50mm\/sec<\/strong><\/td>\n<\/tr>\n<tr style=\"height: 24.00pt;\">\n<td class=\"et2\" style=\"height: 24.00pt; width: 156.60pt;\" width=\"261\" height=\"40\"><strong>Control method<\/strong><\/td>\n<td class=\"et2\" style=\"width: 438.00pt;\" width=\"730\"><strong>CNC 5-axis control board (independent research and development)<\/strong><\/td>\n<\/tr>\n<tr style=\"height: 24.00pt;\">\n<td class=\"et2\" style=\"height: 24.00pt; width: 156.60pt;\" width=\"261\" height=\"40\"><strong>Storage<\/strong><\/td>\n<td class=\"et2\" style=\"width: 438.00pt;\" width=\"730\"><strong>RAM+FLASH storage, no data loss<\/strong><\/td>\n<\/tr>\n<tr style=\"height: 24.00pt;\">\n<td class=\"et2\" style=\"height: 24.00pt; width: 156.60pt;\" width=\"261\" height=\"40\"><strong>Tensione di alimentazione<\/strong><\/td>\n<td class=\"et2\" style=\"width: 438.00pt;\" width=\"730\"><strong>Single-phase three-wire 220V,50HZ<\/strong><\/td>\n<\/tr>\n<tr style=\"height: 24.00pt;\">\n<td class=\"et2\" style=\"height: 24.00pt; width: 156.60pt;\" width=\"261\" height=\"40\"><strong>Potenza<\/strong><\/td>\n<td class=\"et2\" style=\"width: 438.00pt;\" width=\"730\"><strong>300W<\/strong><\/td>\n<\/tr>\n<tr style=\"height: 24.00pt;\">\n<td class=\"et2\" style=\"height: 24.00pt; width: 156.60pt;\" width=\"261\" height=\"40\"><strong>Pressione dell'aria<\/strong><\/td>\n<td class=\"et2\" style=\"width: 438.00pt;\" width=\"730\"><strong>0,5-0,8MPa<\/strong><\/td>\n<\/tr>\n<tr style=\"height: 24.00pt;\">\n<td class=\"et2\" style=\"height: 24.00pt; width: 156.60pt;\" width=\"261\" height=\"40\"><strong>Machine Dimensions<\/strong><\/td>\n<td class=\"et2\" style=\"width: 438.00pt;\" width=\"730\"><strong>450mm(L)\u00d7350mm(W) \u00d7500mm(H)<\/strong><\/td>\n<\/tr>\n<\/tbody>\n<\/table>\n<p>&nbsp;<\/p>\n<p><img loading=\"lazy\" decoding=\"async\" class=\"wp-image-11333 size-full\" src=\"https:\/\/vacuz.com\/wp-content\/uploads\/2025\/02\/VCO-20-Automatic-Coreless-Motor-Inductor-Coil-Rough-Curl-Rolling-Rounding-Machine-1.jpg\" alt=\"VCO-20 Automatico Coreless motore induttore bobina ruvida arricciatura rotolamento arrotondamento macchina\" width=\"825\" height=\"566\" title=\"VCO-20 Automatico Coreless motore induttore bobina ruvida arricciatura rotolamento arrotondamento macchina\" srcset=\"https:\/\/vacuz.com\/wp-content\/uploads\/2025\/02\/VCO-20-Automatic-Coreless-Motor-Inductor-Coil-Rough-Curl-Rolling-Rounding-Machine-1.jpg 825w, https:\/\/vacuz.com\/wp-content\/uploads\/2025\/02\/VCO-20-Automatic-Coreless-Motor-Inductor-Coil-Rough-Curl-Rolling-Rounding-Machine-1-500x343.jpg 500w, https:\/\/vacuz.com\/wp-content\/uploads\/2025\/02\/VCO-20-Automatic-Coreless-Motor-Inductor-Coil-Rough-Curl-Rolling-Rounding-Machine-1-700x480.jpg 700w, https:\/\/vacuz.com\/wp-content\/uploads\/2025\/02\/VCO-20-Automatic-Coreless-Motor-Inductor-Coil-Rough-Curl-Rolling-Rounding-Machine-1-300x206.jpg 300w, https:\/\/vacuz.com\/wp-content\/uploads\/2025\/02\/VCO-20-Automatic-Coreless-Motor-Inductor-Coil-Rough-Curl-Rolling-Rounding-Machine-1-768x527.jpg 768w, https:\/\/vacuz.com\/wp-content\/uploads\/2025\/02\/VCO-20-Automatic-Coreless-Motor-Inductor-Coil-Rough-Curl-Rolling-Rounding-Machine-1-18x12.jpg 18w, https:\/\/vacuz.com\/wp-content\/uploads\/2025\/02\/VCO-20-Automatic-Coreless-Motor-Inductor-Coil-Rough-Curl-Rolling-Rounding-Machine-1-200x137.jpg 200w, https:\/\/vacuz.com\/wp-content\/uploads\/2025\/02\/VCO-20-Automatic-Coreless-Motor-Inductor-Coil-Rough-Curl-Rolling-Rounding-Machine-1-400x274.jpg 400w, https:\/\/vacuz.com\/wp-content\/uploads\/2025\/02\/VCO-20-Automatic-Coreless-Motor-Inductor-Coil-Rough-Curl-Rolling-Rounding-Machine-1-600x412.jpg 600w, https:\/\/vacuz.com\/wp-content\/uploads\/2025\/02\/VCO-20-Automatic-Coreless-Motor-Inductor-Coil-Rough-Curl-Rolling-Rounding-Machine-1-800x549.jpg 800w\" sizes=\"auto, (max-width: 825px) 100vw, 825px\" \/><\/p>\n<p><img loading=\"lazy\" decoding=\"async\" class=\"wp-image-11334 size-full\" src=\"https:\/\/vacuz.com\/wp-content\/uploads\/2025\/02\/VCO-20-Automatic-Coreless-Motor-Inductor-Coil-Rough-Curl-Rolling-Rounding-Machine-2.jpg\" alt=\"VCO-20 Automatico Coreless motore induttore bobina ruvida arricciatura rotolamento arrotondamento macchina\" width=\"812\" height=\"894\" title=\"VCO-20 Automatico Coreless motore induttore bobina ruvida arricciatura rotolamento arrotondamento macchina\" srcset=\"https:\/\/vacuz.com\/wp-content\/uploads\/2025\/02\/VCO-20-Automatic-Coreless-Motor-Inductor-Coil-Rough-Curl-Rolling-Rounding-Machine-2.jpg 812w, https:\/\/vacuz.com\/wp-content\/uploads\/2025\/02\/VCO-20-Automatic-Coreless-Motor-Inductor-Coil-Rough-Curl-Rolling-Rounding-Machine-2-500x550.jpg 500w, https:\/\/vacuz.com\/wp-content\/uploads\/2025\/02\/VCO-20-Automatic-Coreless-Motor-Inductor-Coil-Rough-Curl-Rolling-Rounding-Machine-2-700x771.jpg 700w, https:\/\/vacuz.com\/wp-content\/uploads\/2025\/02\/VCO-20-Automatic-Coreless-Motor-Inductor-Coil-Rough-Curl-Rolling-Rounding-Machine-2-272x300.jpg 272w, https:\/\/vacuz.com\/wp-content\/uploads\/2025\/02\/VCO-20-Automatic-Coreless-Motor-Inductor-Coil-Rough-Curl-Rolling-Rounding-Machine-2-768x846.jpg 768w, https:\/\/vacuz.com\/wp-content\/uploads\/2025\/02\/VCO-20-Automatic-Coreless-Motor-Inductor-Coil-Rough-Curl-Rolling-Rounding-Machine-2-11x12.jpg 11w, https:\/\/vacuz.com\/wp-content\/uploads\/2025\/02\/VCO-20-Automatic-Coreless-Motor-Inductor-Coil-Rough-Curl-Rolling-Rounding-Machine-2-200x220.jpg 200w, https:\/\/vacuz.com\/wp-content\/uploads\/2025\/02\/VCO-20-Automatic-Coreless-Motor-Inductor-Coil-Rough-Curl-Rolling-Rounding-Machine-2-400x440.jpg 400w, https:\/\/vacuz.com\/wp-content\/uploads\/2025\/02\/VCO-20-Automatic-Coreless-Motor-Inductor-Coil-Rough-Curl-Rolling-Rounding-Machine-2-600x661.jpg 600w, https:\/\/vacuz.com\/wp-content\/uploads\/2025\/02\/VCO-20-Automatic-Coreless-Motor-Inductor-Coil-Rough-Curl-Rolling-Rounding-Machine-2-800x881.jpg 800w\" sizes=\"auto, (max-width: 812px) 100vw, 812px\" \/><\/p>\n<h1>Informazioni sulla societ\u00e0<\/h1>\n<div>\n<p><strong>La Vacuz Machine Factory \u00e8 stata fondata nel maggio 2007 e ha sede nella citt\u00e0 di Dongguan, nella provincia di Guangdong. \u00c8 un produttore professionista impegnato nella ricerca, nello sviluppo, nella produzione, nella vendita e nell'assistenza di macchine automatiche per l'avvolgimento, macchine per l'avvolgimento di bobine, macchine per l'avvolgimento di trasformatori, macchine per l'avvolgimento di motori, macchine per l'avvolgimento di bobine wireless, macchine per l'avvolgimento di induttori a bobina di modo comune SQ e altre macchine per l'avvolgimento non standard. Venduti in tutte le citt\u00e0 e province della Cina, i nostri prodotti vengono esportati anche in paesi e regioni come il Medio Oriente, l'Europa, l'Africa, l'Asia e il Nord America. Che si tratti di selezionare un prodotto attuale dal nostro catalogo o di richiedere assistenza tecnica per la vostra applicazione, potete rivolgervi al nostro centro di assistenza clienti per le vostre esigenze di approvvigionamento. La qualit\u00e0 \u00e8 la nostra cultura! Ci auguriamo di poter collaborare presto con voi!<\/strong><\/p>\n<p><img loading=\"lazy\" decoding=\"async\" class=\"alignnone size-full wp-image-4136\" src=\"https:\/\/vacuz.com\/wp-content\/uploads\/2022\/01\/Company-info-1.jpg\" alt=\"Informazioni sulla societ\u00e0 1\" width=\"1200\" height=\"800\" title=\"VCO-20 Automatico Coreless motore induttore bobina ruvida arricciatura rotolamento arrotondamento macchina\" srcset=\"https:\/\/vacuz.com\/wp-content\/uploads\/2022\/01\/Company-info-1.jpg 1200w, https:\/\/vacuz.com\/wp-content\/uploads\/2022\/01\/Company-info-1-500x333.jpg 500w, https:\/\/vacuz.com\/wp-content\/uploads\/2022\/01\/Company-info-1-700x467.jpg 700w, https:\/\/vacuz.com\/wp-content\/uploads\/2022\/01\/Company-info-1-300x200.jpg 300w, https:\/\/vacuz.com\/wp-content\/uploads\/2022\/01\/Company-info-1-1024x683.jpg 1024w, https:\/\/vacuz.com\/wp-content\/uploads\/2022\/01\/Company-info-1-768x512.jpg 768w, https:\/\/vacuz.com\/wp-content\/uploads\/2022\/01\/Company-info-1-18x12.jpg 18w, https:\/\/vacuz.com\/wp-content\/uploads\/2022\/01\/Company-info-1-200x133.jpg 200w, https:\/\/vacuz.com\/wp-content\/uploads\/2022\/01\/Company-info-1-400x267.jpg 400w, https:\/\/vacuz.com\/wp-content\/uploads\/2022\/01\/Company-info-1-600x400.jpg 600w, https:\/\/vacuz.com\/wp-content\/uploads\/2022\/01\/Company-info-1-800x533.jpg 800w\" sizes=\"auto, (max-width: 1200px) 100vw, 1200px\" \/><\/p>\n<p><img loading=\"lazy\" decoding=\"async\" class=\"size-full wp-image-4126\" src=\"https:\/\/vacuz.com\/wp-content\/uploads\/2022\/01\/Company-info.jpg\" alt=\"Vacuz Informazioni sull&#039;azienda\" width=\"1754\" height=\"1241\" title=\"VCO-20 Automatico Coreless motore induttore bobina ruvida arricciatura rotolamento arrotondamento macchina\" srcset=\"https:\/\/vacuz.com\/wp-content\/uploads\/2022\/01\/Company-info.jpg 1754w, https:\/\/vacuz.com\/wp-content\/uploads\/2022\/01\/Company-info-500x354.jpg 500w, https:\/\/vacuz.com\/wp-content\/uploads\/2022\/01\/Company-info-700x495.jpg 700w, https:\/\/vacuz.com\/wp-content\/uploads\/2022\/01\/Company-info-300x212.jpg 300w, https:\/\/vacuz.com\/wp-content\/uploads\/2022\/01\/Company-info-1024x725.jpg 1024w, https:\/\/vacuz.com\/wp-content\/uploads\/2022\/01\/Company-info-768x543.jpg 768w, https:\/\/vacuz.com\/wp-content\/uploads\/2022\/01\/Company-info-1536x1087.jpg 1536w, https:\/\/vacuz.com\/wp-content\/uploads\/2022\/01\/Company-info-18x12.jpg 18w, https:\/\/vacuz.com\/wp-content\/uploads\/2022\/01\/Company-info-200x142.jpg 200w, https:\/\/vacuz.com\/wp-content\/uploads\/2022\/01\/Company-info-400x283.jpg 400w, https:\/\/vacuz.com\/wp-content\/uploads\/2022\/01\/Company-info-600x425.jpg 600w, https:\/\/vacuz.com\/wp-content\/uploads\/2022\/01\/Company-info-800x566.jpg 800w, https:\/\/vacuz.com\/wp-content\/uploads\/2022\/01\/Company-info-1200x849.jpg 1200w\" sizes=\"auto, (max-width: 1754px) 100vw, 1754px\" \/><\/p>\n<p><img loading=\"lazy\" decoding=\"async\" class=\"size-full wp-image-4132\" src=\"https:\/\/vacuz.com\/wp-content\/uploads\/2022\/01\/\u5408\u4f5c\u4f19\u4f34.jpg\" alt=\"Partner\" width=\"1200\" height=\"555\" title=\"VCO-20 Automatico Coreless motore induttore bobina ruvida arricciatura rotolamento arrotondamento macchina\" srcset=\"https:\/\/vacuz.com\/wp-content\/uploads\/2022\/01\/\u5408\u4f5c\u4f19\u4f34.jpg 1200w, https:\/\/vacuz.com\/wp-content\/uploads\/2022\/01\/\u5408\u4f5c\u4f19\u4f34-500x231.jpg 500w, https:\/\/vacuz.com\/wp-content\/uploads\/2022\/01\/\u5408\u4f5c\u4f19\u4f34-700x324.jpg 700w, https:\/\/vacuz.com\/wp-content\/uploads\/2022\/01\/\u5408\u4f5c\u4f19\u4f34-300x139.jpg 300w, https:\/\/vacuz.com\/wp-content\/uploads\/2022\/01\/\u5408\u4f5c\u4f19\u4f34-1024x474.jpg 1024w, https:\/\/vacuz.com\/wp-content\/uploads\/2022\/01\/\u5408\u4f5c\u4f19\u4f34-768x355.jpg 768w, https:\/\/vacuz.com\/wp-content\/uploads\/2022\/01\/\u5408\u4f5c\u4f19\u4f34-18x8.jpg 18w, https:\/\/vacuz.com\/wp-content\/uploads\/2022\/01\/\u5408\u4f5c\u4f19\u4f34-200x93.jpg 200w, https:\/\/vacuz.com\/wp-content\/uploads\/2022\/01\/\u5408\u4f5c\u4f19\u4f34-400x185.jpg 400w, https:\/\/vacuz.com\/wp-content\/uploads\/2022\/01\/\u5408\u4f5c\u4f19\u4f34-600x278.jpg 600w, https:\/\/vacuz.com\/wp-content\/uploads\/2022\/01\/\u5408\u4f5c\u4f19\u4f34-800x370.jpg 800w\" sizes=\"auto, (max-width: 1200px) 100vw, 1200px\" \/><\/p>\n<p><img loading=\"lazy\" decoding=\"async\" class=\"size-full wp-image-4127\" src=\"https:\/\/vacuz.com\/wp-content\/uploads\/2022\/01\/Jeltecn\u8ba4\u8bc1.jpg\" alt=\"Certificato Vacuz\" width=\"1200\" height=\"549\" title=\"VCO-20 Automatico Coreless motore induttore bobina ruvida arricciatura rotolamento arrotondamento macchina\" srcset=\"https:\/\/vacuz.com\/wp-content\/uploads\/2022\/01\/Jeltecn\u8ba4\u8bc1.jpg 1200w, https:\/\/vacuz.com\/wp-content\/uploads\/2022\/01\/Jeltecn\u8ba4\u8bc1-500x229.jpg 500w, https:\/\/vacuz.com\/wp-content\/uploads\/2022\/01\/Jeltecn\u8ba4\u8bc1-700x320.jpg 700w, https:\/\/vacuz.com\/wp-content\/uploads\/2022\/01\/Jeltecn\u8ba4\u8bc1-300x137.jpg 300w, https:\/\/vacuz.com\/wp-content\/uploads\/2022\/01\/Jeltecn\u8ba4\u8bc1-1024x468.jpg 1024w, https:\/\/vacuz.com\/wp-content\/uploads\/2022\/01\/Jeltecn\u8ba4\u8bc1-768x351.jpg 768w, https:\/\/vacuz.com\/wp-content\/uploads\/2022\/01\/Jeltecn\u8ba4\u8bc1-18x8.jpg 18w, https:\/\/vacuz.com\/wp-content\/uploads\/2022\/01\/Jeltecn\u8ba4\u8bc1-200x92.jpg 200w, https:\/\/vacuz.com\/wp-content\/uploads\/2022\/01\/Jeltecn\u8ba4\u8bc1-400x183.jpg 400w, https:\/\/vacuz.com\/wp-content\/uploads\/2022\/01\/Jeltecn\u8ba4\u8bc1-600x275.jpg 600w, https:\/\/vacuz.com\/wp-content\/uploads\/2022\/01\/Jeltecn\u8ba4\u8bc1-800x366.jpg 800w\" sizes=\"auto, (max-width: 1200px) 100vw, 1200px\" \/><\/p>\n<h2>Imballaggio e spedizione<\/h2>\n<p><strong>1.Port: Shanghai\/Shenzhen o la vostra scelta<\/strong><\/p>\n<p><strong>Imballaggio e trasporto<\/strong><br \/>\n<strong>Pacchetto generale (cartone di carta o sacchetto di plastica): Per le merci di piccole dimensioni, imballare con forma e carta da imballaggio per garantire l'integrit\u00e0 durante il trasporto.<\/strong><br \/>\n<strong>Confezione in legno: Per le merci su larga scala, come le attrezzature della macchina, ecc. abbiamo uno speciale falegname esperto, che realizza una cassa di legno con spessore, densit\u00e0 e lunghezza esatti. La freccia verso l'alto \u00e8 indicata sulla cassa di legno esterna. Il materiale di tamponamento viene inserito nella cassa di legno per evitare crepe e urti. Vi comunicheremo la nota di consegna. \u00c8 sufficiente attendere la telefonata, quindi ritirare le merci presso la stazione logistica pi\u00f9 vicina (si prega di farmi sapere in anticipo se si desidera ottenere le merci a casa).<\/strong><\/p>\n<p><img loading=\"lazy\" decoding=\"async\" class=\"size-full wp-image-4124\" src=\"https:\/\/vacuz.com\/wp-content\/uploads\/2022\/01\/Winding-Machine-Shipping-and-packing-4.jpg\" alt=\"Macchina avvolgitrice Spedizione e imballaggio-4\" width=\"1512\" height=\"2016\" title=\"VCO-20 Automatico Coreless motore induttore bobina ruvida arricciatura rotolamento arrotondamento macchina\" srcset=\"https:\/\/vacuz.com\/wp-content\/uploads\/2022\/01\/Winding-Machine-Shipping-and-packing-4.jpg 1512w, https:\/\/vacuz.com\/wp-content\/uploads\/2022\/01\/Winding-Machine-Shipping-and-packing-4-500x667.jpg 500w, https:\/\/vacuz.com\/wp-content\/uploads\/2022\/01\/Winding-Machine-Shipping-and-packing-4-700x933.jpg 700w, https:\/\/vacuz.com\/wp-content\/uploads\/2022\/01\/Winding-Machine-Shipping-and-packing-4-225x300.jpg 225w, https:\/\/vacuz.com\/wp-content\/uploads\/2022\/01\/Winding-Machine-Shipping-and-packing-4-768x1024.jpg 768w, https:\/\/vacuz.com\/wp-content\/uploads\/2022\/01\/Winding-Machine-Shipping-and-packing-4-1152x1536.jpg 1152w, https:\/\/vacuz.com\/wp-content\/uploads\/2022\/01\/Winding-Machine-Shipping-and-packing-4-9x12.jpg 9w, https:\/\/vacuz.com\/wp-content\/uploads\/2022\/01\/Winding-Machine-Shipping-and-packing-4-200x267.jpg 200w, https:\/\/vacuz.com\/wp-content\/uploads\/2022\/01\/Winding-Machine-Shipping-and-packing-4-400x533.jpg 400w, https:\/\/vacuz.com\/wp-content\/uploads\/2022\/01\/Winding-Machine-Shipping-and-packing-4-600x800.jpg 600w, https:\/\/vacuz.com\/wp-content\/uploads\/2022\/01\/Winding-Machine-Shipping-and-packing-4-800x1067.jpg 800w, https:\/\/vacuz.com\/wp-content\/uploads\/2022\/01\/Winding-Machine-Shipping-and-packing-4-1200x1600.jpg 1200w\" sizes=\"auto, (max-width: 1512px) 100vw, 1512px\" \/><\/p>\n<p>&nbsp;<\/p>\n<h2>Vacuz Service &amp; Strength<\/h2>\n<p><b data-spm-anchor-id=\"a2700.details.0.i31.182f594ewjEnUT\">Il principio del servizio<\/b><br \/>\nForniamo il miglior servizio con \"veloce + soddisfacente + sicuro\".<br \/>\n<b>Periodo di garanzia<\/b><br \/>\n12 mesi dopo che l'utente ha ricevuto il prodotto.<br \/>\n<b>Articoli in garanzia<\/b><br \/>\nSolo per guasti anomali causati da difetti di progettazione o di fabbricazione della macchina,<br \/>\nsaranno fornite riparazioni e accessori gratuiti.<br \/>\n<b>Capacit\u00e0 di servizio tecnologico<\/b><br \/>\nTutti i tecnici dell'assistenza, con molti anni di esperienza, hanno ricevuto una formazione tecnologica speciale, in grado di affrontare vari problemi di guasto.<br \/>\nGuidare l'utente all'uso accurato e alla manutenzione del prodotto.<br \/>\nFornire consulenza gratuita sulla tecnologia dei processi produttivi dei prodotti elettronici.<br \/>\n<b>Servizio dopo la vendita<\/b><br \/>\nPer garantire l'utilizzo normale della macchina, \u00e8 previsto un corso di formazione sul funzionamento, l'utilizzo e la manutenzione del prodotto tramite manuale in inglese, video e guida in linea.<br \/>\n<b>Istruzioni per l'uso<\/b><br \/>\nApplicare la giusta dimensione completa del prodotto, altrimenti le dimensioni sbagliate influiranno sull'effetto di utilizzo.<br \/>\nAssicurarsi che il prodotto sia completamente conforme alle istruzioni per l'uso e non superare il campo di applicazione del prodotto.<br \/>\nMantenere il prodotto dopo l'uso, a prova di umidit\u00e0, di ruggine, di perdite, a prova di esplosione. Tutto ci\u00f2 contribuisce a prolungare il periodo di utilizzo.<br \/>\n<b>Gestione dei documenti degli utenti<\/b><br \/>\nStabilendo una perfetta gestione dei documenti degli utenti nel sistema EPR, ogni dettaglio di funzionamento del prodotto sar\u00e0 seguito per la gestione. Gli utenti saranno tenuti sotto controllo.<br \/>\n<b>Informazioni sul prodotto<\/b><br \/>\n1. Foto del prodotto: Tutte le foto del prodotto sono prese dal prodotto reale, c'\u00e8 l'aberrazione cromatica tra il prodotto e la foto, che \u00e8 causata dalla luce delle riprese, dalle dimensioni del prodotto, dalla tecnologia manuale e dal display del computer, ecc. Non \u00e8 un problema di qualit\u00e0. Parti dei prodotti<br \/>\nsono cambiati nell'aspetto a causa della tecnologia rivoluzionaria e del miglioramento del processo. SanShine garantisce che il parametro del prodotto sia invariato e che il prodotto non possa essere utilizzato.<br \/>\n2. Dimensione del prodotto: Tutti i parametri sono misurati dal manuale solo per riferimento. C'\u00e8 una piccola deviazione dovuta alla differenza di strumenti di misura, prodotti di lotto e processo di produzione. La dimensione reale dovrebbe essere conforme al prodotto finale di consegna.<br \/>\n3. Ispezione di qualit\u00e0: Tutti i prodotti devono essere ispezionati rigorosamente prima della spedizione. Assicurare la buona funzione e l'aspetto.<\/p>\n<h2>Video della macchina Vacuz<\/h2>\n<p><iframe loading=\"lazy\" title=\"Vacuz Semi Automatic Coreless Motor Inductor Air Coil Rolling Forming Assembly Machine Price\" width=\"1200\" height=\"675\" src=\"https:\/\/www.youtube.com\/embed\/CCrPieiJu7k?feature=oembed\" frameborder=\"0\" allow=\"accelerometer; autoplay; clipboard-write; encrypted-media; gyroscope; picture-in-picture; web-share\" referrerpolicy=\"strict-origin-when-cross-origin\" allowfullscreen><\/iframe><\/p>\n<\/div>","protected":false},"excerpt":{"rendered":"<p>VCO-20 Automatic Coreless Motor Inductor Coil Rough Curl Rolling Rounding Machine Machine Features 1. The key parts of the machine are imported from Taiwan or Japan, with strong reliability and durability, which greatly increases the service life of the equipment; 2. The appearance design is novel, the structure is simple and reliable, and the operation [&hellip;]<\/p>\n","protected":false},"featured_media":11333,"template":"","meta":{"_gspb_post_css":"","_joinchat":[]},"product_brand":[],"product_cat":[828,771],"product_tag":[748],"class_list":{"0":"post-11331","1":"product","2":"type-product","3":"status-publish","4":"has-post-thumbnail","6":"product_cat-coil-rough-rolling-machine","7":"product_cat-coreless-motor-coil-production-machine","8":"product_tag-coreless-motor-coil-rough-curl-rolling-rounding-machine","10":"first","11":"instock","12":"featured","13":"shipping-taxable","14":"product-type-simple"},"_links":{"self":[{"href":"https:\/\/vacuz.com\/it\/wp-json\/wp\/v2\/product\/11331","targetHints":{"allow":["GET"]}}],"collection":[{"href":"https:\/\/vacuz.com\/it\/wp-json\/wp\/v2\/product"}],"about":[{"href":"https:\/\/vacuz.com\/it\/wp-json\/wp\/v2\/types\/product"}],"wp:featuredmedia":[{"embeddable":true,"href":"https:\/\/vacuz.com\/it\/wp-json\/wp\/v2\/media\/11333"}],"wp:attachment":[{"href":"https:\/\/vacuz.com\/it\/wp-json\/wp\/v2\/media?parent=11331"}],"wp:term":[{"taxonomy":"product_brand","embeddable":true,"href":"https:\/\/vacuz.com\/it\/wp-json\/wp\/v2\/product_brand?post=11331"},{"taxonomy":"product_cat","embeddable":true,"href":"https:\/\/vacuz.com\/it\/wp-json\/wp\/v2\/product_cat?post=11331"},{"taxonomy":"product_tag","embeddable":true,"href":"https:\/\/vacuz.com\/it\/wp-json\/wp\/v2\/product_tag?post=11331"}],"curies":[{"name":"wp","href":"https:\/\/api.w.org\/{rel}","templated":true}]}}