{"id":4277,"date":"2022-01-22T09:01:06","date_gmt":"2022-01-22T09:01:06","guid":{"rendered":"https:\/\/vacuz.com\/?post_type=product&#038;p=4277"},"modified":"2025-11-07T01:42:24","modified_gmt":"2025-11-07T01:42:24","slug":"high-speed-four-station-automatic-external-armature-rotor-coil-flying-fork-winding-machine-for-power-tools-ac-dc-motor","status":"publish","type":"product","link":"https:\/\/vacuz.com\/it\/product\/high-speed-four-station-automatic-external-armature-rotor-coil-flying-fork-winding-machine-for-power-tools-ac-dc-motor\/","title":{"rendered":"Alta velocit\u00e0 quattro stazione automatica esterna armatura rotore bobina volante forcella avvolgimento macchina per Power Tools AC DC Motor"},"content":{"rendered":"<h2>Alta velocit\u00e0 quattro stazione automatica esterna armatura rotore bobina volante forcella avvolgimento macchina per Power Tools AC DC Motor<\/h2>\n<div>\n<h3><strong>Caratteristiche della macchina<\/strong><\/h3>\n<ol>\n<li><strong>Telaio di saldatura senza saldature ad alta intensit\u00e0, corpo in lamiera integrato, riduzione delle vibrazioni e del rumore, aumento della stabilit\u00e0 della macchina<\/strong><\/li>\n<li><strong>Servomotori Panasonic, parti pneumatiche SMC, guide per viti THK, cuscinetti ad alta velocit\u00e0 NSK, sensori Omron e altri componenti di qualit\u00e0.<\/strong><\/li>\n<li><strong>Questo modello adotta un cavo servo, che pu\u00f2 realizzare l'attesa del materiale, l'avvolgimento automatico del piede, l'avvolgimento automatico, l'indicizzazione automatica e la gestione automatica del filo.<\/strong><\/li>\n<li><strong>Viene utilizzato un dispositivo elettronico di tensione, i fili sono disposti in modo ordinato e il filo smaltato non viene danneggiato.<\/strong><\/li>\n<li><strong>Questa macchina ha un'elevata versatilit\u00e0 e pu\u00f2 adattarsi a una variet\u00e0 di avvolgimenti del rotore con diversi diametri di filo, spessore della pila e numero di fessure.<\/strong><\/li>\n<\/ol>\n<h3><strong>Machine Model: VMR-5404<\/strong><\/h3>\n<h3><strong>Parametri tecnici principali<\/strong><\/h3>\n<table style=\"height: 470px;\" width=\"821\">\n<tbody>\n<tr>\n<td><strong>Diametro del filo<\/strong><\/td>\n<td><strong>0,1-0,45 mm<\/strong><\/td>\n<\/tr>\n<tr>\n<td><strong>Stazione<\/strong><\/td>\n<td><strong>4 Station<\/strong><\/td>\n<\/tr>\n<tr>\n<td><strong>Metodo di avvolgimento<\/strong><\/td>\n<td><strong>Tipo di avvolgimento a doppia forcella<\/strong><\/td>\n<\/tr>\n<tr>\n<td><strong>Diametro esterno massimo della lamiera forabile<\/strong><\/td>\n<td><strong>85MM<\/strong><\/td>\n<\/tr>\n<tr>\n<td><strong>Spessore impilabile<\/strong><\/td>\n<td><strong>\u226443 mm<\/strong><\/td>\n<\/tr>\n<tr>\n<td><strong>Numero di assi<\/strong><\/td>\n<td><strong>3 Assi<\/strong><\/td>\n<\/tr>\n<tr>\n<td><strong>Velocit\u00e0 della forcella volante<\/strong><\/td>\n<td><strong>\u22643500RPM\/Min<\/strong><\/td>\n<\/tr>\n<tr>\n<td><strong>Tensione<\/strong><\/td>\n<td><strong>AC220V 50Hz<\/strong><\/td>\n<\/tr>\n<tr>\n<td><strong>Fonte di gas<\/strong><\/td>\n<td><strong>5-6 Bar<\/strong><\/td>\n<\/tr>\n<tr>\n<td><strong>Potenza<\/strong><\/td>\n<td><strong>4000W<\/strong><\/td>\n<\/tr>\n<tr>\n<td><strong>Velocit\u00e0 di produzione<\/strong><\/td>\n<td><strong>4 pezzi\/50 secondi<\/strong><\/td>\n<\/tr>\n<tr>\n<td><strong>Peso<\/strong><\/td>\n<td><strong>750KG<\/strong><\/td>\n<\/tr>\n<\/tbody>\n<\/table>\n<p><img loading=\"lazy\" decoding=\"async\" class=\"size-full wp-image-4279\" src=\"https:\/\/vacuz.com\/wp-content\/uploads\/2022\/01\/Automatic-Rotor-Coil-Winding-Machine-2.jpg\" alt=\"Macchina automatica per l&#039;avvolgimento delle bobine del rotore\" width=\"2000\" height=\"2000\" title=\"Alta velocit\u00e0 quattro stazione automatica esterna armatura rotore bobina volante forcella avvolgimento macchina per Power Tools AC DC Motor\" srcset=\"https:\/\/vacuz.com\/wp-content\/uploads\/2022\/01\/Automatic-Rotor-Coil-Winding-Machine-2.jpg 2000w, https:\/\/vacuz.com\/wp-content\/uploads\/2022\/01\/Automatic-Rotor-Coil-Winding-Machine-2-500x500.jpg 500w, https:\/\/vacuz.com\/wp-content\/uploads\/2022\/01\/Automatic-Rotor-Coil-Winding-Machine-2-100x100.jpg 100w, https:\/\/vacuz.com\/wp-content\/uploads\/2022\/01\/Automatic-Rotor-Coil-Winding-Machine-2-700x700.jpg 700w, https:\/\/vacuz.com\/wp-content\/uploads\/2022\/01\/Automatic-Rotor-Coil-Winding-Machine-2-300x300.jpg 300w, https:\/\/vacuz.com\/wp-content\/uploads\/2022\/01\/Automatic-Rotor-Coil-Winding-Machine-2-1024x1024.jpg 1024w, https:\/\/vacuz.com\/wp-content\/uploads\/2022\/01\/Automatic-Rotor-Coil-Winding-Machine-2-150x150.jpg 150w, https:\/\/vacuz.com\/wp-content\/uploads\/2022\/01\/Automatic-Rotor-Coil-Winding-Machine-2-768x768.jpg 768w, https:\/\/vacuz.com\/wp-content\/uploads\/2022\/01\/Automatic-Rotor-Coil-Winding-Machine-2-1536x1536.jpg 1536w, https:\/\/vacuz.com\/wp-content\/uploads\/2022\/01\/Automatic-Rotor-Coil-Winding-Machine-2-12x12.jpg 12w, https:\/\/vacuz.com\/wp-content\/uploads\/2022\/01\/Automatic-Rotor-Coil-Winding-Machine-2-66x66.jpg 66w, https:\/\/vacuz.com\/wp-content\/uploads\/2022\/01\/Automatic-Rotor-Coil-Winding-Machine-2-200x200.jpg 200w, https:\/\/vacuz.com\/wp-content\/uploads\/2022\/01\/Automatic-Rotor-Coil-Winding-Machine-2-400x400.jpg 400w, https:\/\/vacuz.com\/wp-content\/uploads\/2022\/01\/Automatic-Rotor-Coil-Winding-Machine-2-600x600.jpg 600w, https:\/\/vacuz.com\/wp-content\/uploads\/2022\/01\/Automatic-Rotor-Coil-Winding-Machine-2-800x800.jpg 800w, https:\/\/vacuz.com\/wp-content\/uploads\/2022\/01\/Automatic-Rotor-Coil-Winding-Machine-2-1200x1200.jpg 1200w\" sizes=\"auto, (max-width: 2000px) 100vw, 2000px\" \/><\/p>\n<p><img loading=\"lazy\" decoding=\"async\" class=\"size-full wp-image-4280\" src=\"https:\/\/vacuz.com\/wp-content\/uploads\/2022\/01\/Automatic-Rotor-Coil-Winding-Machine-3-scaled.jpg\" alt=\"Macchina automatica per l&#039;avvolgimento delle bobine del rotore\" width=\"2560\" height=\"1920\" title=\"Alta velocit\u00e0 quattro stazione automatica esterna armatura rotore bobina volante forcella avvolgimento macchina per Power Tools AC DC Motor\" srcset=\"https:\/\/vacuz.com\/wp-content\/uploads\/2022\/01\/Automatic-Rotor-Coil-Winding-Machine-3-scaled.jpg 2560w, https:\/\/vacuz.com\/wp-content\/uploads\/2022\/01\/Automatic-Rotor-Coil-Winding-Machine-3-scaled-500x375.jpg 500w, https:\/\/vacuz.com\/wp-content\/uploads\/2022\/01\/Automatic-Rotor-Coil-Winding-Machine-3-scaled-700x525.jpg 700w, https:\/\/vacuz.com\/wp-content\/uploads\/2022\/01\/Automatic-Rotor-Coil-Winding-Machine-3-scaled-300x225.jpg 300w, https:\/\/vacuz.com\/wp-content\/uploads\/2022\/01\/Automatic-Rotor-Coil-Winding-Machine-3-scaled-1024x768.jpg 1024w, https:\/\/vacuz.com\/wp-content\/uploads\/2022\/01\/Automatic-Rotor-Coil-Winding-Machine-3-scaled-768x576.jpg 768w, https:\/\/vacuz.com\/wp-content\/uploads\/2022\/01\/Automatic-Rotor-Coil-Winding-Machine-3-scaled-1536x1152.jpg 1536w, https:\/\/vacuz.com\/wp-content\/uploads\/2022\/01\/Automatic-Rotor-Coil-Winding-Machine-3-scaled-2048x1536.jpg 2048w, https:\/\/vacuz.com\/wp-content\/uploads\/2022\/01\/Automatic-Rotor-Coil-Winding-Machine-3-scaled-16x12.jpg 16w, https:\/\/vacuz.com\/wp-content\/uploads\/2022\/01\/Automatic-Rotor-Coil-Winding-Machine-3-scaled-200x150.jpg 200w, https:\/\/vacuz.com\/wp-content\/uploads\/2022\/01\/Automatic-Rotor-Coil-Winding-Machine-3-scaled-400x300.jpg 400w, https:\/\/vacuz.com\/wp-content\/uploads\/2022\/01\/Automatic-Rotor-Coil-Winding-Machine-3-scaled-600x450.jpg 600w, https:\/\/vacuz.com\/wp-content\/uploads\/2022\/01\/Automatic-Rotor-Coil-Winding-Machine-3-scaled-800x600.jpg 800w, https:\/\/vacuz.com\/wp-content\/uploads\/2022\/01\/Automatic-Rotor-Coil-Winding-Machine-3-scaled-1200x900.jpg 1200w\" sizes=\"auto, (max-width: 2560px) 100vw, 2560px\" \/><\/p>\n<p><img loading=\"lazy\" decoding=\"async\" class=\"size-full wp-image-4281\" src=\"https:\/\/vacuz.com\/wp-content\/uploads\/2022\/01\/Automatic-Rotor-Coil-Winding-Machine-4-scaled.jpg\" alt=\"Macchina automatica per l&#039;avvolgimento delle bobine del rotore\" width=\"2560\" height=\"1920\" title=\"Alta velocit\u00e0 quattro stazione automatica esterna armatura rotore bobina volante forcella avvolgimento macchina per Power Tools AC DC Motor\" srcset=\"https:\/\/vacuz.com\/wp-content\/uploads\/2022\/01\/Automatic-Rotor-Coil-Winding-Machine-4-scaled.jpg 2560w, https:\/\/vacuz.com\/wp-content\/uploads\/2022\/01\/Automatic-Rotor-Coil-Winding-Machine-4-scaled-500x375.jpg 500w, https:\/\/vacuz.com\/wp-content\/uploads\/2022\/01\/Automatic-Rotor-Coil-Winding-Machine-4-scaled-700x525.jpg 700w, https:\/\/vacuz.com\/wp-content\/uploads\/2022\/01\/Automatic-Rotor-Coil-Winding-Machine-4-scaled-300x225.jpg 300w, https:\/\/vacuz.com\/wp-content\/uploads\/2022\/01\/Automatic-Rotor-Coil-Winding-Machine-4-scaled-1024x768.jpg 1024w, https:\/\/vacuz.com\/wp-content\/uploads\/2022\/01\/Automatic-Rotor-Coil-Winding-Machine-4-scaled-768x576.jpg 768w, https:\/\/vacuz.com\/wp-content\/uploads\/2022\/01\/Automatic-Rotor-Coil-Winding-Machine-4-scaled-1536x1152.jpg 1536w, https:\/\/vacuz.com\/wp-content\/uploads\/2022\/01\/Automatic-Rotor-Coil-Winding-Machine-4-scaled-2048x1536.jpg 2048w, https:\/\/vacuz.com\/wp-content\/uploads\/2022\/01\/Automatic-Rotor-Coil-Winding-Machine-4-scaled-16x12.jpg 16w, https:\/\/vacuz.com\/wp-content\/uploads\/2022\/01\/Automatic-Rotor-Coil-Winding-Machine-4-scaled-200x150.jpg 200w, https:\/\/vacuz.com\/wp-content\/uploads\/2022\/01\/Automatic-Rotor-Coil-Winding-Machine-4-scaled-400x300.jpg 400w, https:\/\/vacuz.com\/wp-content\/uploads\/2022\/01\/Automatic-Rotor-Coil-Winding-Machine-4-scaled-600x450.jpg 600w, https:\/\/vacuz.com\/wp-content\/uploads\/2022\/01\/Automatic-Rotor-Coil-Winding-Machine-4-scaled-800x600.jpg 800w, https:\/\/vacuz.com\/wp-content\/uploads\/2022\/01\/Automatic-Rotor-Coil-Winding-Machine-4-scaled-1200x900.jpg 1200w\" sizes=\"auto, (max-width: 2560px) 100vw, 2560px\" \/><\/p>\n<p><img loading=\"lazy\" decoding=\"async\" class=\"size-full wp-image-4282\" src=\"https:\/\/vacuz.com\/wp-content\/uploads\/2022\/01\/Automatic-Rotor-Coil-Winding-Machine-5-scaled.jpg\" alt=\"Macchina automatica per l&#039;avvolgimento delle bobine del rotore\" width=\"2560\" height=\"1920\" title=\"Alta velocit\u00e0 quattro stazione automatica esterna armatura rotore bobina volante forcella avvolgimento macchina per Power Tools AC DC Motor\" srcset=\"https:\/\/vacuz.com\/wp-content\/uploads\/2022\/01\/Automatic-Rotor-Coil-Winding-Machine-5-scaled.jpg 2560w, https:\/\/vacuz.com\/wp-content\/uploads\/2022\/01\/Automatic-Rotor-Coil-Winding-Machine-5-scaled-500x375.jpg 500w, https:\/\/vacuz.com\/wp-content\/uploads\/2022\/01\/Automatic-Rotor-Coil-Winding-Machine-5-scaled-700x525.jpg 700w, https:\/\/vacuz.com\/wp-content\/uploads\/2022\/01\/Automatic-Rotor-Coil-Winding-Machine-5-scaled-300x225.jpg 300w, https:\/\/vacuz.com\/wp-content\/uploads\/2022\/01\/Automatic-Rotor-Coil-Winding-Machine-5-scaled-1024x768.jpg 1024w, https:\/\/vacuz.com\/wp-content\/uploads\/2022\/01\/Automatic-Rotor-Coil-Winding-Machine-5-scaled-768x576.jpg 768w, https:\/\/vacuz.com\/wp-content\/uploads\/2022\/01\/Automatic-Rotor-Coil-Winding-Machine-5-scaled-1536x1152.jpg 1536w, https:\/\/vacuz.com\/wp-content\/uploads\/2022\/01\/Automatic-Rotor-Coil-Winding-Machine-5-scaled-2048x1536.jpg 2048w, https:\/\/vacuz.com\/wp-content\/uploads\/2022\/01\/Automatic-Rotor-Coil-Winding-Machine-5-scaled-16x12.jpg 16w, https:\/\/vacuz.com\/wp-content\/uploads\/2022\/01\/Automatic-Rotor-Coil-Winding-Machine-5-scaled-200x150.jpg 200w, https:\/\/vacuz.com\/wp-content\/uploads\/2022\/01\/Automatic-Rotor-Coil-Winding-Machine-5-scaled-400x300.jpg 400w, https:\/\/vacuz.com\/wp-content\/uploads\/2022\/01\/Automatic-Rotor-Coil-Winding-Machine-5-scaled-600x450.jpg 600w, https:\/\/vacuz.com\/wp-content\/uploads\/2022\/01\/Automatic-Rotor-Coil-Winding-Machine-5-scaled-800x600.jpg 800w, https:\/\/vacuz.com\/wp-content\/uploads\/2022\/01\/Automatic-Rotor-Coil-Winding-Machine-5-scaled-1200x900.jpg 1200w\" sizes=\"auto, (max-width: 2560px) 100vw, 2560px\" \/><\/p>\n<\/div>\n<h3><span style=\"font-size: 23.04px;\">Informazioni sulla societ\u00e0<\/span><\/h3>\n<div>\n<p><strong>La Vacuz Machine Factory \u00e8 stata fondata nel maggio 2007 e ha sede nella citt\u00e0 di Dongguan, nella provincia di Guangdong. \u00c8 un produttore professionista impegnato nella ricerca, nello sviluppo, nella produzione, nella vendita e nell'assistenza di macchine automatiche per l'avvolgimento, macchine per l'avvolgimento di bobine, macchine per l'avvolgimento di trasformatori, macchine per l'avvolgimento di motori, macchine per l'avvolgimento di bobine wireless, macchine per l'avvolgimento di induttori a bobina di modo comune SQ e altre macchine per l'avvolgimento non standard. Venduti in tutte le citt\u00e0 e province della Cina, i nostri prodotti vengono esportati anche in paesi e regioni come il Medio Oriente, l'Europa, l'Africa, l'Asia e il Nord America. Che si tratti di selezionare un prodotto attuale dal nostro catalogo o di richiedere assistenza tecnica per la vostra applicazione, potete rivolgervi al nostro centro di assistenza clienti per le vostre esigenze di approvvigionamento. La qualit\u00e0 \u00e8 la nostra cultura! Ci auguriamo di poter collaborare presto con voi!<\/strong><\/p>\n<p><img loading=\"lazy\" decoding=\"async\" class=\"alignnone size-full wp-image-4136\" src=\"https:\/\/vacuz.com\/wp-content\/uploads\/2022\/01\/Company-info-1.jpg\" alt=\"Company Info 1\" width=\"1200\" height=\"800\" title=\"Alta velocit\u00e0 quattro stazione automatica esterna armatura rotore bobina volante forcella avvolgimento macchina per Power Tools AC DC Motor\" srcset=\"https:\/\/vacuz.com\/wp-content\/uploads\/2022\/01\/Company-info-1.jpg 1200w, https:\/\/vacuz.com\/wp-content\/uploads\/2022\/01\/Company-info-1-500x333.jpg 500w, https:\/\/vacuz.com\/wp-content\/uploads\/2022\/01\/Company-info-1-700x467.jpg 700w, https:\/\/vacuz.com\/wp-content\/uploads\/2022\/01\/Company-info-1-300x200.jpg 300w, https:\/\/vacuz.com\/wp-content\/uploads\/2022\/01\/Company-info-1-1024x683.jpg 1024w, https:\/\/vacuz.com\/wp-content\/uploads\/2022\/01\/Company-info-1-768x512.jpg 768w, https:\/\/vacuz.com\/wp-content\/uploads\/2022\/01\/Company-info-1-18x12.jpg 18w, https:\/\/vacuz.com\/wp-content\/uploads\/2022\/01\/Company-info-1-200x133.jpg 200w, https:\/\/vacuz.com\/wp-content\/uploads\/2022\/01\/Company-info-1-400x267.jpg 400w, https:\/\/vacuz.com\/wp-content\/uploads\/2022\/01\/Company-info-1-600x400.jpg 600w, https:\/\/vacuz.com\/wp-content\/uploads\/2022\/01\/Company-info-1-800x533.jpg 800w\" sizes=\"auto, (max-width: 1200px) 100vw, 1200px\" \/><\/p>\n<p><img loading=\"lazy\" decoding=\"async\" class=\"size-full wp-image-4126\" src=\"https:\/\/vacuz.com\/wp-content\/uploads\/2022\/01\/Company-info.jpg\" alt=\"Vacuz Informazioni sull&#039;azienda\" width=\"1754\" height=\"1241\" title=\"Alta velocit\u00e0 quattro stazione automatica esterna armatura rotore bobina volante forcella avvolgimento macchina per Power Tools AC DC Motor\" srcset=\"https:\/\/vacuz.com\/wp-content\/uploads\/2022\/01\/Company-info.jpg 1754w, https:\/\/vacuz.com\/wp-content\/uploads\/2022\/01\/Company-info-500x354.jpg 500w, https:\/\/vacuz.com\/wp-content\/uploads\/2022\/01\/Company-info-700x495.jpg 700w, https:\/\/vacuz.com\/wp-content\/uploads\/2022\/01\/Company-info-300x212.jpg 300w, https:\/\/vacuz.com\/wp-content\/uploads\/2022\/01\/Company-info-1024x725.jpg 1024w, https:\/\/vacuz.com\/wp-content\/uploads\/2022\/01\/Company-info-768x543.jpg 768w, https:\/\/vacuz.com\/wp-content\/uploads\/2022\/01\/Company-info-1536x1087.jpg 1536w, https:\/\/vacuz.com\/wp-content\/uploads\/2022\/01\/Company-info-18x12.jpg 18w, https:\/\/vacuz.com\/wp-content\/uploads\/2022\/01\/Company-info-200x142.jpg 200w, https:\/\/vacuz.com\/wp-content\/uploads\/2022\/01\/Company-info-400x283.jpg 400w, https:\/\/vacuz.com\/wp-content\/uploads\/2022\/01\/Company-info-600x425.jpg 600w, https:\/\/vacuz.com\/wp-content\/uploads\/2022\/01\/Company-info-800x566.jpg 800w, https:\/\/vacuz.com\/wp-content\/uploads\/2022\/01\/Company-info-1200x849.jpg 1200w\" sizes=\"auto, (max-width: 1754px) 100vw, 1754px\" \/><\/p>\n<p><img loading=\"lazy\" decoding=\"async\" class=\"size-full wp-image-4132\" src=\"https:\/\/vacuz.com\/wp-content\/uploads\/2022\/01\/\u5408\u4f5c\u4f19\u4f34.jpg\" alt=\"Partner\" width=\"1200\" height=\"555\" title=\"Alta velocit\u00e0 quattro stazione automatica esterna armatura rotore bobina volante forcella avvolgimento macchina per Power Tools AC DC Motor\" srcset=\"https:\/\/vacuz.com\/wp-content\/uploads\/2022\/01\/\u5408\u4f5c\u4f19\u4f34.jpg 1200w, https:\/\/vacuz.com\/wp-content\/uploads\/2022\/01\/\u5408\u4f5c\u4f19\u4f34-500x231.jpg 500w, https:\/\/vacuz.com\/wp-content\/uploads\/2022\/01\/\u5408\u4f5c\u4f19\u4f34-700x324.jpg 700w, https:\/\/vacuz.com\/wp-content\/uploads\/2022\/01\/\u5408\u4f5c\u4f19\u4f34-300x139.jpg 300w, https:\/\/vacuz.com\/wp-content\/uploads\/2022\/01\/\u5408\u4f5c\u4f19\u4f34-1024x474.jpg 1024w, https:\/\/vacuz.com\/wp-content\/uploads\/2022\/01\/\u5408\u4f5c\u4f19\u4f34-768x355.jpg 768w, https:\/\/vacuz.com\/wp-content\/uploads\/2022\/01\/\u5408\u4f5c\u4f19\u4f34-18x8.jpg 18w, https:\/\/vacuz.com\/wp-content\/uploads\/2022\/01\/\u5408\u4f5c\u4f19\u4f34-200x93.jpg 200w, https:\/\/vacuz.com\/wp-content\/uploads\/2022\/01\/\u5408\u4f5c\u4f19\u4f34-400x185.jpg 400w, https:\/\/vacuz.com\/wp-content\/uploads\/2022\/01\/\u5408\u4f5c\u4f19\u4f34-600x278.jpg 600w, https:\/\/vacuz.com\/wp-content\/uploads\/2022\/01\/\u5408\u4f5c\u4f19\u4f34-800x370.jpg 800w\" sizes=\"auto, (max-width: 1200px) 100vw, 1200px\" \/><\/p>\n<p><img loading=\"lazy\" decoding=\"async\" class=\"size-full wp-image-4127\" src=\"https:\/\/vacuz.com\/wp-content\/uploads\/2022\/01\/Jeltecn\u8ba4\u8bc1.jpg\" alt=\"Certificato Vacuz\" width=\"1200\" height=\"549\" title=\"Alta velocit\u00e0 quattro stazione automatica esterna armatura rotore bobina volante forcella avvolgimento macchina per Power Tools AC DC Motor\" srcset=\"https:\/\/vacuz.com\/wp-content\/uploads\/2022\/01\/Jeltecn\u8ba4\u8bc1.jpg 1200w, https:\/\/vacuz.com\/wp-content\/uploads\/2022\/01\/Jeltecn\u8ba4\u8bc1-500x229.jpg 500w, https:\/\/vacuz.com\/wp-content\/uploads\/2022\/01\/Jeltecn\u8ba4\u8bc1-700x320.jpg 700w, https:\/\/vacuz.com\/wp-content\/uploads\/2022\/01\/Jeltecn\u8ba4\u8bc1-300x137.jpg 300w, https:\/\/vacuz.com\/wp-content\/uploads\/2022\/01\/Jeltecn\u8ba4\u8bc1-1024x468.jpg 1024w, https:\/\/vacuz.com\/wp-content\/uploads\/2022\/01\/Jeltecn\u8ba4\u8bc1-768x351.jpg 768w, https:\/\/vacuz.com\/wp-content\/uploads\/2022\/01\/Jeltecn\u8ba4\u8bc1-18x8.jpg 18w, https:\/\/vacuz.com\/wp-content\/uploads\/2022\/01\/Jeltecn\u8ba4\u8bc1-200x92.jpg 200w, https:\/\/vacuz.com\/wp-content\/uploads\/2022\/01\/Jeltecn\u8ba4\u8bc1-400x183.jpg 400w, https:\/\/vacuz.com\/wp-content\/uploads\/2022\/01\/Jeltecn\u8ba4\u8bc1-600x275.jpg 600w, https:\/\/vacuz.com\/wp-content\/uploads\/2022\/01\/Jeltecn\u8ba4\u8bc1-800x366.jpg 800w\" sizes=\"auto, (max-width: 1200px) 100vw, 1200px\" \/><\/p>\n<h3>Imballaggio e spedizione<\/h3>\n<p><strong>1.Port: Shanghai\/Shenzhen o la vostra scelta<\/strong><\/p>\n<p><strong>Imballaggio e trasporto<\/strong><br \/>\n<strong>Pacchetto generale (cartone di carta o sacchetto di plastica): Per le merci di piccole dimensioni, imballare con forma e carta da imballaggio per garantire l'integrit\u00e0 durante il trasporto.<\/strong><br \/>\n<strong>Confezione in legno: Per le merci su larga scala, come le attrezzature della macchina, ecc. abbiamo uno speciale falegname esperto, che realizza una cassa di legno con spessore, densit\u00e0 e lunghezza esatti. La freccia verso l'alto \u00e8 indicata sulla cassa di legno esterna. Il materiale di tamponamento viene inserito nella cassa di legno per evitare crepe e urti. Vi comunicheremo la nota di consegna. \u00c8 sufficiente attendere la telefonata, quindi ritirare le merci presso la stazione logistica pi\u00f9 vicina (si prega di farmi sapere in anticipo se si desidera ottenere le merci a casa).<\/strong><\/p>\n<p><img loading=\"lazy\" decoding=\"async\" class=\"size-full wp-image-4124\" src=\"https:\/\/vacuz.com\/wp-content\/uploads\/2022\/01\/Winding-Machine-Shipping-and-packing-4.jpg\" alt=\"Macchina avvolgitrice Spedizione e imballaggio-4\" width=\"1512\" height=\"2016\" title=\"Alta velocit\u00e0 quattro stazione automatica esterna armatura rotore bobina volante forcella avvolgimento macchina per Power Tools AC DC Motor\" srcset=\"https:\/\/vacuz.com\/wp-content\/uploads\/2022\/01\/Winding-Machine-Shipping-and-packing-4.jpg 1512w, https:\/\/vacuz.com\/wp-content\/uploads\/2022\/01\/Winding-Machine-Shipping-and-packing-4-500x667.jpg 500w, https:\/\/vacuz.com\/wp-content\/uploads\/2022\/01\/Winding-Machine-Shipping-and-packing-4-700x933.jpg 700w, https:\/\/vacuz.com\/wp-content\/uploads\/2022\/01\/Winding-Machine-Shipping-and-packing-4-225x300.jpg 225w, https:\/\/vacuz.com\/wp-content\/uploads\/2022\/01\/Winding-Machine-Shipping-and-packing-4-768x1024.jpg 768w, https:\/\/vacuz.com\/wp-content\/uploads\/2022\/01\/Winding-Machine-Shipping-and-packing-4-1152x1536.jpg 1152w, https:\/\/vacuz.com\/wp-content\/uploads\/2022\/01\/Winding-Machine-Shipping-and-packing-4-9x12.jpg 9w, https:\/\/vacuz.com\/wp-content\/uploads\/2022\/01\/Winding-Machine-Shipping-and-packing-4-200x267.jpg 200w, https:\/\/vacuz.com\/wp-content\/uploads\/2022\/01\/Winding-Machine-Shipping-and-packing-4-400x533.jpg 400w, https:\/\/vacuz.com\/wp-content\/uploads\/2022\/01\/Winding-Machine-Shipping-and-packing-4-600x800.jpg 600w, https:\/\/vacuz.com\/wp-content\/uploads\/2022\/01\/Winding-Machine-Shipping-and-packing-4-800x1067.jpg 800w, https:\/\/vacuz.com\/wp-content\/uploads\/2022\/01\/Winding-Machine-Shipping-and-packing-4-1200x1600.jpg 1200w\" sizes=\"auto, (max-width: 1512px) 100vw, 1512px\" \/><\/p>\n<p>&nbsp;<\/p>\n<h2>Vacuz Service &amp; Strength<\/h2>\n<p><b data-spm-anchor-id=\"a2700.details.0.i31.182f594ewjEnUT\">Il principio del servizio<\/b><br \/>\nForniamo il miglior servizio con \"veloce + soddisfacente + sicuro\".<br \/>\n<b>Periodo di garanzia<\/b><br \/>\n12 mesi dopo che l'utente ha ricevuto il prodotto.<br \/>\n<b>Articoli in garanzia<\/b><br \/>\nSolo per guasti anomali causati da difetti di progettazione o di fabbricazione della macchina,<br \/>\nsaranno fornite riparazioni e accessori gratuiti.<br \/>\n<b>Capacit\u00e0 di servizio tecnologico<\/b><br \/>\nTutti i tecnici dell'assistenza, con molti anni di esperienza, hanno ricevuto una formazione tecnologica speciale, in grado di affrontare vari problemi di guasto.<br \/>\nGuidare l'utente all'uso accurato e alla manutenzione del prodotto.<br \/>\nFornire consulenza gratuita sulla tecnologia dei processi produttivi dei prodotti elettronici.<br \/>\n<b>Servizio dopo la vendita<\/b><br \/>\nPer garantire l'utilizzo normale della macchina, \u00e8 previsto un corso di formazione sul funzionamento, l'utilizzo e la manutenzione del prodotto tramite manuale in inglese, video e guida in linea.<br \/>\n<b>Istruzioni per l'uso<\/b><br \/>\nApplicare la giusta dimensione completa del prodotto, altrimenti le dimensioni sbagliate influiranno sull'effetto di utilizzo.<br \/>\nAssicurarsi che il prodotto sia completamente conforme alle istruzioni per l'uso e non superare il campo di applicazione del prodotto.<br \/>\nMantenere il prodotto dopo l'uso, a prova di umidit\u00e0, di ruggine, di perdite, a prova di esplosione. Tutto ci\u00f2 contribuisce a prolungare il periodo di utilizzo.<br \/>\n<b>Gestione dei documenti degli utenti<\/b><br \/>\nStabilendo una perfetta gestione dei documenti degli utenti nel sistema EPR, ogni dettaglio di funzionamento del prodotto sar\u00e0 seguito per la gestione. Gli utenti saranno tenuti sotto controllo.<br \/>\n<b>Informazioni sul prodotto<\/b><br \/>\n1. Foto del prodotto: Tutte le foto del prodotto sono prese dal prodotto reale, c'\u00e8 l'aberrazione cromatica tra il prodotto e la foto, che \u00e8 causata dalla luce delle riprese, dalle dimensioni del prodotto, dalla tecnologia manuale e dal display del computer, ecc. Non \u00e8 un problema di qualit\u00e0. Parti dei prodotti<br \/>\nsono cambiati nell'aspetto a causa della tecnologia rivoluzionaria e del miglioramento del processo. SanShine garantisce che il parametro del prodotto sia invariato e che il prodotto non possa essere utilizzato.<br \/>\n2. Dimensione del prodotto: Tutti i parametri sono misurati dal manuale solo per riferimento. C'\u00e8 una piccola deviazione dovuta alla differenza di strumenti di misura, prodotti di lotto e processo di produzione. La dimensione reale dovrebbe essere conforme al prodotto finale di consegna.<br \/>\n3. Ispezione di qualit\u00e0: Tutti i prodotti devono essere ispezionati rigorosamente prima della spedizione. Assicurare la buona funzione e l'aspetto.<\/p>\n<h2>Video della macchina Vacuz<\/h2>\n<p><iframe loading=\"lazy\" title=\"Automatic Armature Rotor Winder Machine For Power Hand Tools Stator Motor Coil For Mixer Grinder\" width=\"1200\" height=\"900\" src=\"https:\/\/www.youtube.com\/embed\/3lW_9dyAqN0?feature=oembed\" frameborder=\"0\" allow=\"accelerometer; autoplay; clipboard-write; encrypted-media; gyroscope; picture-in-picture; web-share\" referrerpolicy=\"strict-origin-when-cross-origin\" allowfullscreen><\/iframe><\/p>\n<\/div>","protected":false},"excerpt":{"rendered":"<p>High Speed Four Station Automatic External Armature Rotor Coil Flying Fork Winding Machine For Power Tools AC DC Motor Machine Features High intensity seamless welding frame, integrated sheet metal body, vibration reduction and noise reduction, increase machine stability Panasonic servo motors, SMC pneumatic parts, THK screw guides, NSK high speed bearings, Omron sensors and other [&hellip;]<\/p>\n","protected":false},"featured_media":4279,"template":"","meta":{"_gspb_post_css":"","_joinchat":[]},"product_brand":[],"product_cat":[774,813],"product_tag":[380,246],"class_list":{"0":"post-4277","1":"product","2":"type-product","3":"status-publish","4":"has-post-thumbnail","6":"product_cat-armature-rotor-production-machine","7":"product_cat-rotor-winding-machine","8":"product_tag-armature-rotor-winding-machine","9":"product_tag-motor-winding-machine","11":"first","12":"instock","13":"featured","14":"shipping-taxable","15":"product-type-simple"},"_links":{"self":[{"href":"https:\/\/vacuz.com\/it\/wp-json\/wp\/v2\/product\/4277","targetHints":{"allow":["GET"]}}],"collection":[{"href":"https:\/\/vacuz.com\/it\/wp-json\/wp\/v2\/product"}],"about":[{"href":"https:\/\/vacuz.com\/it\/wp-json\/wp\/v2\/types\/product"}],"wp:featuredmedia":[{"embeddable":true,"href":"https:\/\/vacuz.com\/it\/wp-json\/wp\/v2\/media\/4279"}],"wp:attachment":[{"href":"https:\/\/vacuz.com\/it\/wp-json\/wp\/v2\/media?parent=4277"}],"wp:term":[{"taxonomy":"product_brand","embeddable":true,"href":"https:\/\/vacuz.com\/it\/wp-json\/wp\/v2\/product_brand?post=4277"},{"taxonomy":"product_cat","embeddable":true,"href":"https:\/\/vacuz.com\/it\/wp-json\/wp\/v2\/product_cat?post=4277"},{"taxonomy":"product_tag","embeddable":true,"href":"https:\/\/vacuz.com\/it\/wp-json\/wp\/v2\/product_tag?post=4277"}],"curies":[{"name":"wp","href":"https:\/\/api.w.org\/{rel}","templated":true}]}}