{"id":4377,"date":"2022-02-09T09:08:08","date_gmt":"2022-02-09T09:08:08","guid":{"rendered":"https:\/\/vacuz.com\/?post_type=product&#038;p=4377"},"modified":"2025-10-22T14:40:28","modified_gmt":"2025-10-22T14:40:28","slug":"fully-automatic-transformer-bobbin-coil-inductor-tin-soldering-welding-machine-can-add-auto-feeding-device","status":"publish","type":"product","link":"https:\/\/vacuz.com\/it\/product\/fully-automatic-transformer-bobbin-coil-inductor-tin-soldering-welding-machine-can-add-auto-feeding-device\/","title":{"rendered":"Completamente automatico trasformatore bobina bobina induttore stagno saldatura macchina pu\u00f2 aggiungere dispositivo di alimentazione automatica"},"content":{"rendered":"<h2>Completamente automatico trasformatore bobina bobina induttore stagno saldatura macchina pu\u00f2 aggiungere dispositivo di alimentazione automatica<\/h2>\n<h3>Machine Feature:<\/h3>\n<div>\n<ul>\n<li><strong>The sensor probe detects the tin surface, automatically detects the height of the tin surface and records the height of the tin surface by itself.<\/strong><\/li>\n<li><strong>Flux external storage box with valve control, also can choose automatic circulation device, flux tank upper and lower layer for the split type, easy to clean.<\/strong><\/li>\n<li><strong>Scraping tin can be automatically scraped to the tin dross tank.<\/strong><\/li>\n<li><strong>Conveyor belt manual feeding, mainly for the high-end products pin soldering, can adjust the width and height of the products put on the conveyor line, according to customer requirements docking assembly line, in order to achieve the purpose of saving labor.<\/strong><\/li>\n<li><strong>For small amount of products, many varieties, different sizes, can choose to use multiple pneumatic gripper.<\/strong><\/li>\n<\/ul>\n<h3>Machine Application:<\/h3>\n<p><img loading=\"lazy\" decoding=\"async\" class=\"wp-image-4382\" src=\"https:\/\/vacuz.com\/wp-content\/uploads\/2022\/02\/Automatic-Transformer-Bobbin-Coil-Tin-Soldering-Machine-5.jpg\" alt=\"Macchina automatica per la saldatura a stagno della bobina del trasformatore\" width=\"920\" height=\"113\" title=\"Completamente automatico trasformatore bobina bobina induttore stagno saldatura macchina pu\u00f2 aggiungere dispositivo di alimentazione automatica\" srcset=\"https:\/\/vacuz.com\/wp-content\/uploads\/2022\/02\/Automatic-Transformer-Bobbin-Coil-Tin-Soldering-Machine-5.jpg 635w, https:\/\/vacuz.com\/wp-content\/uploads\/2022\/02\/Automatic-Transformer-Bobbin-Coil-Tin-Soldering-Machine-5-500x61.jpg 500w, https:\/\/vacuz.com\/wp-content\/uploads\/2022\/02\/Automatic-Transformer-Bobbin-Coil-Tin-Soldering-Machine-5-600x74.jpg 600w, https:\/\/vacuz.com\/wp-content\/uploads\/2022\/02\/Automatic-Transformer-Bobbin-Coil-Tin-Soldering-Machine-5-300x37.jpg 300w, https:\/\/vacuz.com\/wp-content\/uploads\/2022\/02\/Automatic-Transformer-Bobbin-Coil-Tin-Soldering-Machine-5-18x2.jpg 18w, https:\/\/vacuz.com\/wp-content\/uploads\/2022\/02\/Automatic-Transformer-Bobbin-Coil-Tin-Soldering-Machine-5-200x25.jpg 200w, https:\/\/vacuz.com\/wp-content\/uploads\/2022\/02\/Automatic-Transformer-Bobbin-Coil-Tin-Soldering-Machine-5-400x49.jpg 400w\" sizes=\"auto, (max-width: 920px) 100vw, 920px\" \/><\/p>\n<h3>Soldering Machine Technical Parameters:<\/h3>\n<p>1\u3001Used for vertical and horizontal transformer, inductor coil and I type inductor pin on the tin work.<\/p>\n<p>2\u3001Vibration automatic loading, automatic material grabbing, automatic flux sticking, automatic soldering (with flip), automatic return. Can add a manual material swinging work (for small quantity orders).<\/p>\n<p>3\u3001Soldering product features include setting the soldering angle (to achieve the front and back of the wire package side welding, up and down flat welding), height, angle, time, cleaning pins, automatic detection of liquid height, multiple rosin, multiple soldering and other functions.<\/p>\n<p>4\u3001Equipment to achieve a key to start \/ stop function, when the equipment failure, the sound and light alarm. Equipment design basic local \/ online, start, stop emergency stop, pause and other necessary mechanical buttons.<\/p>\n<p>5\u3001The equipment material is made of high quality material, safe, reliable, durable and easy to clean, the inner lining of the tin furnace and tin rake are made of lead-free titanium alloy, which is environmentally friendly and durable. Equipment with tin ash collection box, the box is easy to pick up and clean.<\/p>\n<p>6\u3001Equipment surrounded by safety flaps and safety doors, easy and simple to operate; the top has a fan to exhaust smoke.<\/p>\n<p>7, the main configuration of the equipment: multi-functional motion controller, 7-inch touch screen (Willon), servo motor plus stepper motor, silk rifle, slide rail (TBI), cylinder (Adecker \/ Star optional), photoelectric switch (gas can \/ SMC optional) are used at home and abroad well-known brands.<\/p>\n<p>8\u3001The size of the machine (L960*W680*H1350) is about, error \u00b120. Unit: mm<\/p>\n<h3>Machine Details:<\/h3>\n<p><img loading=\"lazy\" decoding=\"async\" class=\"wp-image-4378\" src=\"https:\/\/vacuz.com\/wp-content\/uploads\/2022\/02\/Automatic-Transformer-Bobbin-Coil-Tin-Soldering-Machine-1.jpg\" alt=\"Macchina automatica per la saldatura a stagno della bobina del trasformatore\" width=\"569\" height=\"759\" title=\"Completamente automatico trasformatore bobina bobina induttore stagno saldatura macchina pu\u00f2 aggiungere dispositivo di alimentazione automatica\" srcset=\"https:\/\/vacuz.com\/wp-content\/uploads\/2022\/02\/Automatic-Transformer-Bobbin-Coil-Tin-Soldering-Machine-1.jpg 450w, https:\/\/vacuz.com\/wp-content\/uploads\/2022\/02\/Automatic-Transformer-Bobbin-Coil-Tin-Soldering-Machine-1-225x300.jpg 225w, https:\/\/vacuz.com\/wp-content\/uploads\/2022\/02\/Automatic-Transformer-Bobbin-Coil-Tin-Soldering-Machine-1-9x12.jpg 9w, https:\/\/vacuz.com\/wp-content\/uploads\/2022\/02\/Automatic-Transformer-Bobbin-Coil-Tin-Soldering-Machine-1-200x267.jpg 200w, https:\/\/vacuz.com\/wp-content\/uploads\/2022\/02\/Automatic-Transformer-Bobbin-Coil-Tin-Soldering-Machine-1-400x533.jpg 400w\" sizes=\"auto, (max-width: 569px) 100vw, 569px\" \/><\/p>\n<p><img loading=\"lazy\" decoding=\"async\" class=\"wp-image-4379\" src=\"https:\/\/vacuz.com\/wp-content\/uploads\/2022\/02\/Automatic-Transformer-Bobbin-Coil-Tin-Soldering-Machine-2.jpg\" alt=\"Macchina automatica per la saldatura a stagno della bobina del trasformatore\" width=\"572\" height=\"763\" title=\"Completamente automatico trasformatore bobina bobina induttore stagno saldatura macchina pu\u00f2 aggiungere dispositivo di alimentazione automatica\" srcset=\"https:\/\/vacuz.com\/wp-content\/uploads\/2022\/02\/Automatic-Transformer-Bobbin-Coil-Tin-Soldering-Machine-2.jpg 450w, https:\/\/vacuz.com\/wp-content\/uploads\/2022\/02\/Automatic-Transformer-Bobbin-Coil-Tin-Soldering-Machine-2-225x300.jpg 225w, https:\/\/vacuz.com\/wp-content\/uploads\/2022\/02\/Automatic-Transformer-Bobbin-Coil-Tin-Soldering-Machine-2-9x12.jpg 9w, https:\/\/vacuz.com\/wp-content\/uploads\/2022\/02\/Automatic-Transformer-Bobbin-Coil-Tin-Soldering-Machine-2-200x267.jpg 200w, https:\/\/vacuz.com\/wp-content\/uploads\/2022\/02\/Automatic-Transformer-Bobbin-Coil-Tin-Soldering-Machine-2-400x533.jpg 400w\" sizes=\"auto, (max-width: 572px) 100vw, 572px\" \/><\/p>\n<p><img loading=\"lazy\" decoding=\"async\" class=\"wp-image-4380\" src=\"https:\/\/vacuz.com\/wp-content\/uploads\/2022\/02\/Automatic-Transformer-Bobbin-Coil-Tin-Soldering-Machine-3.jpg\" alt=\"Macchina automatica per la saldatura a stagno della bobina del trasformatore\" width=\"573\" height=\"764\" title=\"Completamente automatico trasformatore bobina bobina induttore stagno saldatura macchina pu\u00f2 aggiungere dispositivo di alimentazione automatica\" srcset=\"https:\/\/vacuz.com\/wp-content\/uploads\/2022\/02\/Automatic-Transformer-Bobbin-Coil-Tin-Soldering-Machine-3.jpg 450w, https:\/\/vacuz.com\/wp-content\/uploads\/2022\/02\/Automatic-Transformer-Bobbin-Coil-Tin-Soldering-Machine-3-225x300.jpg 225w, https:\/\/vacuz.com\/wp-content\/uploads\/2022\/02\/Automatic-Transformer-Bobbin-Coil-Tin-Soldering-Machine-3-9x12.jpg 9w, https:\/\/vacuz.com\/wp-content\/uploads\/2022\/02\/Automatic-Transformer-Bobbin-Coil-Tin-Soldering-Machine-3-200x267.jpg 200w, https:\/\/vacuz.com\/wp-content\/uploads\/2022\/02\/Automatic-Transformer-Bobbin-Coil-Tin-Soldering-Machine-3-400x533.jpg 400w\" sizes=\"auto, (max-width: 573px) 100vw, 573px\" \/><\/p>\n<p><img loading=\"lazy\" decoding=\"async\" class=\"wp-image-4381\" src=\"https:\/\/vacuz.com\/wp-content\/uploads\/2022\/02\/Automatic-Transformer-Bobbin-Coil-Tin-Soldering-Machine-4.jpg\" alt=\"Macchina automatica per la saldatura a stagno della bobina del trasformatore\" width=\"575\" height=\"767\" title=\"Completamente automatico trasformatore bobina bobina induttore stagno saldatura macchina pu\u00f2 aggiungere dispositivo di alimentazione automatica\" srcset=\"https:\/\/vacuz.com\/wp-content\/uploads\/2022\/02\/Automatic-Transformer-Bobbin-Coil-Tin-Soldering-Machine-4.jpg 450w, https:\/\/vacuz.com\/wp-content\/uploads\/2022\/02\/Automatic-Transformer-Bobbin-Coil-Tin-Soldering-Machine-4-225x300.jpg 225w, https:\/\/vacuz.com\/wp-content\/uploads\/2022\/02\/Automatic-Transformer-Bobbin-Coil-Tin-Soldering-Machine-4-9x12.jpg 9w, https:\/\/vacuz.com\/wp-content\/uploads\/2022\/02\/Automatic-Transformer-Bobbin-Coil-Tin-Soldering-Machine-4-200x267.jpg 200w, https:\/\/vacuz.com\/wp-content\/uploads\/2022\/02\/Automatic-Transformer-Bobbin-Coil-Tin-Soldering-Machine-4-400x533.jpg 400w\" sizes=\"auto, (max-width: 575px) 100vw, 575px\" \/><\/p>\n<\/div>\n<h2><span style=\"font-size: 23.04px;\">Informazioni sulla societ\u00e0<\/span><\/h2>\n<div>\n<p><strong>La Vacuz Machine Factory \u00e8 stata fondata nel maggio 2007 e ha sede nella citt\u00e0 di Dongguan, nella provincia di Guangdong. \u00c8 un produttore professionista impegnato nella ricerca, nello sviluppo, nella produzione, nella vendita e nell'assistenza di macchine automatiche per l'avvolgimento, macchine per l'avvolgimento di bobine, macchine per l'avvolgimento di trasformatori, macchine per l'avvolgimento di motori, macchine per l'avvolgimento di bobine wireless, macchine per l'avvolgimento di induttori a bobina di modo comune SQ e altre macchine per l'avvolgimento non standard. Venduti in tutte le citt\u00e0 e province della Cina, i nostri prodotti vengono esportati anche in paesi e regioni come il Medio Oriente, l'Europa, l'Africa, l'Asia e il Nord America. Che si tratti di selezionare un prodotto attuale dal nostro catalogo o di richiedere assistenza tecnica per la vostra applicazione, potete rivolgervi al nostro centro di assistenza clienti per le vostre esigenze di approvvigionamento. La qualit\u00e0 \u00e8 la nostra cultura! Ci auguriamo di poter collaborare presto con voi!<\/strong><\/p>\n<p><img loading=\"lazy\" decoding=\"async\" class=\"alignnone size-full wp-image-4136\" src=\"https:\/\/vacuz.com\/wp-content\/uploads\/2022\/01\/Company-info-1.jpg\" alt=\"Company Info 1\" width=\"1200\" height=\"800\" title=\"Completamente automatico trasformatore bobina bobina induttore stagno saldatura macchina pu\u00f2 aggiungere dispositivo di alimentazione automatica\" srcset=\"https:\/\/vacuz.com\/wp-content\/uploads\/2022\/01\/Company-info-1.jpg 1200w, https:\/\/vacuz.com\/wp-content\/uploads\/2022\/01\/Company-info-1-500x333.jpg 500w, https:\/\/vacuz.com\/wp-content\/uploads\/2022\/01\/Company-info-1-700x467.jpg 700w, https:\/\/vacuz.com\/wp-content\/uploads\/2022\/01\/Company-info-1-300x200.jpg 300w, https:\/\/vacuz.com\/wp-content\/uploads\/2022\/01\/Company-info-1-1024x683.jpg 1024w, https:\/\/vacuz.com\/wp-content\/uploads\/2022\/01\/Company-info-1-768x512.jpg 768w, https:\/\/vacuz.com\/wp-content\/uploads\/2022\/01\/Company-info-1-18x12.jpg 18w, https:\/\/vacuz.com\/wp-content\/uploads\/2022\/01\/Company-info-1-200x133.jpg 200w, https:\/\/vacuz.com\/wp-content\/uploads\/2022\/01\/Company-info-1-400x267.jpg 400w, https:\/\/vacuz.com\/wp-content\/uploads\/2022\/01\/Company-info-1-600x400.jpg 600w, https:\/\/vacuz.com\/wp-content\/uploads\/2022\/01\/Company-info-1-800x533.jpg 800w\" sizes=\"auto, (max-width: 1200px) 100vw, 1200px\" \/><\/p>\n<p><img loading=\"lazy\" decoding=\"async\" class=\"size-full wp-image-4126\" src=\"https:\/\/vacuz.com\/wp-content\/uploads\/2022\/01\/Company-info.jpg\" alt=\"Vacuz Informazioni sull&#039;azienda\" width=\"1754\" height=\"1241\" title=\"Completamente automatico trasformatore bobina bobina induttore stagno saldatura macchina pu\u00f2 aggiungere dispositivo di alimentazione automatica\" srcset=\"https:\/\/vacuz.com\/wp-content\/uploads\/2022\/01\/Company-info.jpg 1754w, https:\/\/vacuz.com\/wp-content\/uploads\/2022\/01\/Company-info-500x354.jpg 500w, https:\/\/vacuz.com\/wp-content\/uploads\/2022\/01\/Company-info-700x495.jpg 700w, https:\/\/vacuz.com\/wp-content\/uploads\/2022\/01\/Company-info-300x212.jpg 300w, https:\/\/vacuz.com\/wp-content\/uploads\/2022\/01\/Company-info-1024x725.jpg 1024w, https:\/\/vacuz.com\/wp-content\/uploads\/2022\/01\/Company-info-768x543.jpg 768w, https:\/\/vacuz.com\/wp-content\/uploads\/2022\/01\/Company-info-1536x1087.jpg 1536w, https:\/\/vacuz.com\/wp-content\/uploads\/2022\/01\/Company-info-18x12.jpg 18w, https:\/\/vacuz.com\/wp-content\/uploads\/2022\/01\/Company-info-200x142.jpg 200w, https:\/\/vacuz.com\/wp-content\/uploads\/2022\/01\/Company-info-400x283.jpg 400w, https:\/\/vacuz.com\/wp-content\/uploads\/2022\/01\/Company-info-600x425.jpg 600w, https:\/\/vacuz.com\/wp-content\/uploads\/2022\/01\/Company-info-800x566.jpg 800w, https:\/\/vacuz.com\/wp-content\/uploads\/2022\/01\/Company-info-1200x849.jpg 1200w\" sizes=\"auto, (max-width: 1754px) 100vw, 1754px\" \/><\/p>\n<p><img loading=\"lazy\" decoding=\"async\" class=\"size-full wp-image-4132\" src=\"https:\/\/vacuz.com\/wp-content\/uploads\/2022\/01\/\u5408\u4f5c\u4f19\u4f34.jpg\" alt=\"Partner\" width=\"1200\" height=\"555\" title=\"Completamente automatico trasformatore bobina bobina induttore stagno saldatura macchina pu\u00f2 aggiungere dispositivo di alimentazione automatica\" srcset=\"https:\/\/vacuz.com\/wp-content\/uploads\/2022\/01\/\u5408\u4f5c\u4f19\u4f34.jpg 1200w, https:\/\/vacuz.com\/wp-content\/uploads\/2022\/01\/\u5408\u4f5c\u4f19\u4f34-500x231.jpg 500w, https:\/\/vacuz.com\/wp-content\/uploads\/2022\/01\/\u5408\u4f5c\u4f19\u4f34-700x324.jpg 700w, https:\/\/vacuz.com\/wp-content\/uploads\/2022\/01\/\u5408\u4f5c\u4f19\u4f34-300x139.jpg 300w, https:\/\/vacuz.com\/wp-content\/uploads\/2022\/01\/\u5408\u4f5c\u4f19\u4f34-1024x474.jpg 1024w, https:\/\/vacuz.com\/wp-content\/uploads\/2022\/01\/\u5408\u4f5c\u4f19\u4f34-768x355.jpg 768w, https:\/\/vacuz.com\/wp-content\/uploads\/2022\/01\/\u5408\u4f5c\u4f19\u4f34-18x8.jpg 18w, https:\/\/vacuz.com\/wp-content\/uploads\/2022\/01\/\u5408\u4f5c\u4f19\u4f34-200x93.jpg 200w, https:\/\/vacuz.com\/wp-content\/uploads\/2022\/01\/\u5408\u4f5c\u4f19\u4f34-400x185.jpg 400w, https:\/\/vacuz.com\/wp-content\/uploads\/2022\/01\/\u5408\u4f5c\u4f19\u4f34-600x278.jpg 600w, https:\/\/vacuz.com\/wp-content\/uploads\/2022\/01\/\u5408\u4f5c\u4f19\u4f34-800x370.jpg 800w\" sizes=\"auto, (max-width: 1200px) 100vw, 1200px\" \/><\/p>\n<p><img loading=\"lazy\" decoding=\"async\" class=\"size-full wp-image-4127\" src=\"https:\/\/vacuz.com\/wp-content\/uploads\/2022\/01\/Jeltecn\u8ba4\u8bc1.jpg\" alt=\"Certificato Vacuz\" width=\"1200\" height=\"549\" title=\"Completamente automatico trasformatore bobina bobina induttore stagno saldatura macchina pu\u00f2 aggiungere dispositivo di alimentazione automatica\" srcset=\"https:\/\/vacuz.com\/wp-content\/uploads\/2022\/01\/Jeltecn\u8ba4\u8bc1.jpg 1200w, https:\/\/vacuz.com\/wp-content\/uploads\/2022\/01\/Jeltecn\u8ba4\u8bc1-500x229.jpg 500w, https:\/\/vacuz.com\/wp-content\/uploads\/2022\/01\/Jeltecn\u8ba4\u8bc1-700x320.jpg 700w, https:\/\/vacuz.com\/wp-content\/uploads\/2022\/01\/Jeltecn\u8ba4\u8bc1-300x137.jpg 300w, https:\/\/vacuz.com\/wp-content\/uploads\/2022\/01\/Jeltecn\u8ba4\u8bc1-1024x468.jpg 1024w, https:\/\/vacuz.com\/wp-content\/uploads\/2022\/01\/Jeltecn\u8ba4\u8bc1-768x351.jpg 768w, https:\/\/vacuz.com\/wp-content\/uploads\/2022\/01\/Jeltecn\u8ba4\u8bc1-18x8.jpg 18w, https:\/\/vacuz.com\/wp-content\/uploads\/2022\/01\/Jeltecn\u8ba4\u8bc1-200x92.jpg 200w, https:\/\/vacuz.com\/wp-content\/uploads\/2022\/01\/Jeltecn\u8ba4\u8bc1-400x183.jpg 400w, https:\/\/vacuz.com\/wp-content\/uploads\/2022\/01\/Jeltecn\u8ba4\u8bc1-600x275.jpg 600w, https:\/\/vacuz.com\/wp-content\/uploads\/2022\/01\/Jeltecn\u8ba4\u8bc1-800x366.jpg 800w\" sizes=\"auto, (max-width: 1200px) 100vw, 1200px\" \/><\/p>\n<h2>Imballaggio e spedizione<\/h2>\n<p><strong>1.Port: Shanghai\/Shenzhen o la vostra scelta<\/strong><\/p>\n<p><strong>Imballaggio e trasporto<\/strong><br \/>\n<strong>Pacchetto generale (cartone di carta o sacchetto di plastica): Per le merci di piccole dimensioni, imballare con forma e carta da imballaggio per garantire l'integrit\u00e0 durante il trasporto.<\/strong><br \/>\n<strong>Confezione in legno: Per le merci su larga scala, come le attrezzature della macchina, ecc. abbiamo uno speciale falegname esperto, che realizza una cassa di legno con spessore, densit\u00e0 e lunghezza esatti. La freccia verso l'alto \u00e8 indicata sulla cassa di legno esterna. Il materiale di tamponamento viene inserito nella cassa di legno per evitare crepe e urti. Vi comunicheremo la nota di consegna. \u00c8 sufficiente attendere la telefonata, quindi ritirare le merci presso la stazione logistica pi\u00f9 vicina (si prega di farmi sapere in anticipo se si desidera ottenere le merci a casa).<\/strong><\/p>\n<p><img loading=\"lazy\" decoding=\"async\" class=\"size-full wp-image-4124\" src=\"https:\/\/vacuz.com\/wp-content\/uploads\/2022\/01\/Winding-Machine-Shipping-and-packing-4.jpg\" alt=\"Macchina avvolgitrice Spedizione e imballaggio-4\" width=\"1512\" height=\"2016\" title=\"Completamente automatico trasformatore bobina bobina induttore stagno saldatura macchina pu\u00f2 aggiungere dispositivo di alimentazione automatica\" srcset=\"https:\/\/vacuz.com\/wp-content\/uploads\/2022\/01\/Winding-Machine-Shipping-and-packing-4.jpg 1512w, https:\/\/vacuz.com\/wp-content\/uploads\/2022\/01\/Winding-Machine-Shipping-and-packing-4-500x667.jpg 500w, https:\/\/vacuz.com\/wp-content\/uploads\/2022\/01\/Winding-Machine-Shipping-and-packing-4-700x933.jpg 700w, https:\/\/vacuz.com\/wp-content\/uploads\/2022\/01\/Winding-Machine-Shipping-and-packing-4-225x300.jpg 225w, https:\/\/vacuz.com\/wp-content\/uploads\/2022\/01\/Winding-Machine-Shipping-and-packing-4-768x1024.jpg 768w, https:\/\/vacuz.com\/wp-content\/uploads\/2022\/01\/Winding-Machine-Shipping-and-packing-4-1152x1536.jpg 1152w, https:\/\/vacuz.com\/wp-content\/uploads\/2022\/01\/Winding-Machine-Shipping-and-packing-4-9x12.jpg 9w, https:\/\/vacuz.com\/wp-content\/uploads\/2022\/01\/Winding-Machine-Shipping-and-packing-4-200x267.jpg 200w, https:\/\/vacuz.com\/wp-content\/uploads\/2022\/01\/Winding-Machine-Shipping-and-packing-4-400x533.jpg 400w, https:\/\/vacuz.com\/wp-content\/uploads\/2022\/01\/Winding-Machine-Shipping-and-packing-4-600x800.jpg 600w, https:\/\/vacuz.com\/wp-content\/uploads\/2022\/01\/Winding-Machine-Shipping-and-packing-4-800x1067.jpg 800w, https:\/\/vacuz.com\/wp-content\/uploads\/2022\/01\/Winding-Machine-Shipping-and-packing-4-1200x1600.jpg 1200w\" sizes=\"auto, (max-width: 1512px) 100vw, 1512px\" \/><\/p>\n<p>&nbsp;<\/p>\n<h2>Vacuz Service &amp; Strength<\/h2>\n<p><b data-spm-anchor-id=\"a2700.details.0.i31.182f594ewjEnUT\">Il principio del servizio<\/b><br \/>\nForniamo il miglior servizio con \"veloce + soddisfacente + sicuro\".<br \/>\n<b>Periodo di garanzia<\/b><br \/>\n12 mesi dopo che l'utente ha ricevuto il prodotto.<br \/>\n<b>Articoli in garanzia<\/b><br \/>\nSolo per guasti anomali causati da difetti di progettazione o di fabbricazione della macchina,<br \/>\nsaranno fornite riparazioni e accessori gratuiti.<br \/>\n<b>Capacit\u00e0 di servizio tecnologico<\/b><br \/>\nTutti i tecnici dell'assistenza, con molti anni di esperienza, hanno ricevuto una formazione tecnologica speciale, in grado di affrontare vari problemi di guasto.<br \/>\nGuidare l'utente all'uso accurato e alla manutenzione del prodotto.<br \/>\nFornire consulenza gratuita sulla tecnologia dei processi produttivi dei prodotti elettronici.<br \/>\n<b>Servizio dopo la vendita<\/b><br \/>\nPer garantire l'utilizzo normale della macchina, \u00e8 previsto un corso di formazione sul funzionamento, l'utilizzo e la manutenzione del prodotto tramite manuale in inglese, video e guida in linea.<br \/>\n<b>Istruzioni per l'uso<\/b><br \/>\nApplicare la giusta dimensione completa del prodotto, altrimenti le dimensioni sbagliate influiranno sull'effetto di utilizzo.<br \/>\nAssicurarsi che il prodotto sia completamente conforme alle istruzioni per l'uso e non superare il campo di applicazione del prodotto.<br \/>\nMantenere il prodotto dopo l'uso, a prova di umidit\u00e0, di ruggine, di perdite, a prova di esplosione. Tutto ci\u00f2 contribuisce a prolungare il periodo di utilizzo.<br \/>\n<b>Gestione dei documenti degli utenti<\/b><br \/>\nStabilendo una perfetta gestione dei documenti degli utenti nel sistema EPR, ogni dettaglio di funzionamento del prodotto sar\u00e0 seguito per la gestione. Gli utenti saranno tenuti sotto controllo.<br \/>\n<b>Informazioni sul prodotto<\/b><br \/>\n1. Foto del prodotto: Tutte le foto del prodotto sono prese dal prodotto reale, c'\u00e8 l'aberrazione cromatica tra il prodotto e la foto, che \u00e8 causata dalla luce delle riprese, dalle dimensioni del prodotto, dalla tecnologia manuale e dal display del computer, ecc. Non \u00e8 un problema di qualit\u00e0. Parti dei prodotti<br \/>\nsono cambiati nell'aspetto a causa della tecnologia rivoluzionaria e del miglioramento del processo. SanShine garantisce che il parametro del prodotto sia invariato e che il prodotto non possa essere utilizzato.<br \/>\n2. Dimensione del prodotto: Tutti i parametri sono misurati dal manuale solo per riferimento. C'\u00e8 una piccola deviazione dovuta alla differenza di strumenti di misura, prodotti di lotto e processo di produzione. La dimensione reale dovrebbe essere conforme al prodotto finale di consegna.<br \/>\n3. Ispezione di qualit\u00e0: Tutti i prodotti devono essere ispezionati rigorosamente prima della spedizione. Assicurare la buona funzione e l'aspetto.<\/p>\n<h2>Video della macchina Vacuz<\/h2>\n<p><iframe loading=\"lazy\" title=\"China Made E54 Transformer Coil Bobbin Automatic Tin Dip Soldering Welding Machine 400\u2103 Furnace\" width=\"1200\" height=\"675\" src=\"https:\/\/www.youtube.com\/embed\/l4YBRCNEb_k?feature=oembed\" frameborder=\"0\" allow=\"accelerometer; autoplay; clipboard-write; encrypted-media; gyroscope; picture-in-picture\" allowfullscreen><\/iframe><\/p>\n<\/div>","protected":false},"excerpt":{"rendered":"<p>Fully Automatic Transformer Bobbin Coil Inductor Tin Soldering Welding Machine Can Add Auto Feeding Device Machine Feature: The sensor probe detects the tin surface, automatically detects the height of the tin surface and records the height of the tin surface by itself. Flux external storage box with valve control, also can choose automatic circulation device, [&hellip;]<\/p>\n","protected":false},"featured_media":4379,"template":"","meta":{"_gspb_post_css":"","_joinchat":[]},"product_brand":[],"product_cat":[804,803,779,778],"product_tag":[272,273,275,245],"class_list":{"0":"post-4377","1":"product","2":"type-product","3":"status-publish","4":"has-post-thumbnail","6":"product_cat-automatic-toroidal-coil-soldering-machine","7":"product_cat-automatic-transformer-coil-soldering-machine","8":"product_cat-toroidal-coil-production-machine","9":"product_cat-transformer-coil-production-machine","10":"product_tag-automatic-soldering-machine","11":"product_tag-transformer-bobbin-coil-winidng-soldering","12":"product_tag-transformer-tin-soldering-machine","13":"product_tag-transformer-winding-machine","15":"first","16":"instock","17":"featured","18":"shipping-taxable","19":"product-type-simple"},"_links":{"self":[{"href":"https:\/\/vacuz.com\/it\/wp-json\/wp\/v2\/product\/4377","targetHints":{"allow":["GET"]}}],"collection":[{"href":"https:\/\/vacuz.com\/it\/wp-json\/wp\/v2\/product"}],"about":[{"href":"https:\/\/vacuz.com\/it\/wp-json\/wp\/v2\/types\/product"}],"wp:featuredmedia":[{"embeddable":true,"href":"https:\/\/vacuz.com\/it\/wp-json\/wp\/v2\/media\/4379"}],"wp:attachment":[{"href":"https:\/\/vacuz.com\/it\/wp-json\/wp\/v2\/media?parent=4377"}],"wp:term":[{"taxonomy":"product_brand","embeddable":true,"href":"https:\/\/vacuz.com\/it\/wp-json\/wp\/v2\/product_brand?post=4377"},{"taxonomy":"product_cat","embeddable":true,"href":"https:\/\/vacuz.com\/it\/wp-json\/wp\/v2\/product_cat?post=4377"},{"taxonomy":"product_tag","embeddable":true,"href":"https:\/\/vacuz.com\/it\/wp-json\/wp\/v2\/product_tag?post=4377"}],"curies":[{"name":"wp","href":"https:\/\/api.w.org\/{rel}","templated":true}]}}