{"id":6354,"date":"2022-06-12T09:40:53","date_gmt":"2022-06-12T09:40:53","guid":{"rendered":"https:\/\/vacuz.com\/?post_type=product&#038;p=6354"},"modified":"2025-11-03T06:39:54","modified_gmt":"2025-11-03T06:39:54","slug":"oem-factory-toroidal-core-common-mode-choke-inductor-copper-coil-inductor-manufacturer","status":"publish","type":"product","link":"https:\/\/vacuz.com\/it\/product\/oem-factory-toroidal-core-common-mode-choke-inductor-copper-coil-inductor-manufacturer\/","title":{"rendered":"Induttore di bobina di rame dell'induttore di bobina del nucleo toroidale di fabbrica dell'OEM di modo comune Fornitore"},"content":{"rendered":"<h2>Induttore di bobina di rame dell'induttore di bobina del nucleo toroidale di fabbrica dell'OEM di modo comune Fornitore<\/h2>\n<div class=\"magic-2\">\n<div class=\"magic-3\">\n<h3 class=\"magic-4\" data-id=\"title0\">Applicazione<\/h3>\n<\/div>\n<div class=\"magic-5\">\n<div class=\"magic-6\" data-id=\"paragraph0\" data-spm-anchor-id=\"a2700.details.0.i40.3b5b63393IidJ9\">\u00a0Compact fluorescent lamp<br \/>\nTelevision receiver<br \/>\nRadio cassette player<br \/>\nPC power supply<br \/>\nMonitor,audio,VCD,DCD<br \/>\nUPS<br \/>\nThe electronic apparatus<br \/>\nThe noise rejection<br \/>\nInduction cooker,etc.<\/div>\n<\/div>\n<\/div>\n<div class=\"magic-2\">\n<div class=\"magic-3\">\n<h3 class=\"magic-4\" data-id=\"title1\">Specifiche<\/h3>\n<\/div>\n<div class=\"magic-5\">\n<div class=\"magic-7\" data-id=\"paragraph1\" data-spm-anchor-id=\"a2700.details.0.i42.3b5b63393IidJ9\"><span data-spm-anchor-id=\"a2700.details.0.i35.3b5b63393IidJ9\">\u00a0High current capacity<br \/>\nLow core loss at frequency<br \/>\nHigh reliability, efficiency<br \/>\nSmall packaged size<br \/>\nOperating Temperature: -30\u00b0C to +80\u00b0C<br \/>\nElectrical Specifications at 20\u00b0C<\/span><\/div>\n<div data-id=\"paragraph1\" data-spm-anchor-id=\"a2700.details.0.i42.3b5b63393IidJ9\">\n<p><img loading=\"lazy\" decoding=\"async\" class=\"alignnone wp-image-6357 size-full\" src=\"https:\/\/vacuz.com\/wp-content\/uploads\/2022\/06\/Common-Mode-Choke-Inductor-Copper-Coil-3.jpg\" alt=\"Bobina di rame dell&#039;induttanza di modo comune\" width=\"800\" height=\"800\" title=\"Induttore di bobina di rame dell&#039;induttore di bobina del nucleo toroidale di fabbrica dell&#039;OEM di modo comune Fornitore\" srcset=\"https:\/\/vacuz.com\/wp-content\/uploads\/2022\/06\/Common-Mode-Choke-Inductor-Copper-Coil-3.jpg 800w, https:\/\/vacuz.com\/wp-content\/uploads\/2022\/06\/Common-Mode-Choke-Inductor-Copper-Coil-3-500x500.jpg 500w, https:\/\/vacuz.com\/wp-content\/uploads\/2022\/06\/Common-Mode-Choke-Inductor-Copper-Coil-3-100x100.jpg 100w, https:\/\/vacuz.com\/wp-content\/uploads\/2022\/06\/Common-Mode-Choke-Inductor-Copper-Coil-3-700x700.jpg 700w, https:\/\/vacuz.com\/wp-content\/uploads\/2022\/06\/Common-Mode-Choke-Inductor-Copper-Coil-3-300x300.jpg 300w, https:\/\/vacuz.com\/wp-content\/uploads\/2022\/06\/Common-Mode-Choke-Inductor-Copper-Coil-3-150x150.jpg 150w, https:\/\/vacuz.com\/wp-content\/uploads\/2022\/06\/Common-Mode-Choke-Inductor-Copper-Coil-3-768x768.jpg 768w, https:\/\/vacuz.com\/wp-content\/uploads\/2022\/06\/Common-Mode-Choke-Inductor-Copper-Coil-3-12x12.jpg 12w, https:\/\/vacuz.com\/wp-content\/uploads\/2022\/06\/Common-Mode-Choke-Inductor-Copper-Coil-3-66x66.jpg 66w, https:\/\/vacuz.com\/wp-content\/uploads\/2022\/06\/Common-Mode-Choke-Inductor-Copper-Coil-3-200x200.jpg 200w, https:\/\/vacuz.com\/wp-content\/uploads\/2022\/06\/Common-Mode-Choke-Inductor-Copper-Coil-3-400x400.jpg 400w, https:\/\/vacuz.com\/wp-content\/uploads\/2022\/06\/Common-Mode-Choke-Inductor-Copper-Coil-3-600x600.jpg 600w\" sizes=\"auto, (max-width: 800px) 100vw, 800px\" \/><\/p>\n<p>&nbsp;<\/p>\n<p>&nbsp;<\/p>\n<p>&nbsp;<\/p>\n<p>&nbsp;<\/p>\n<p>&nbsp;<\/p>\n<p><img loading=\"lazy\" decoding=\"async\" class=\"alignnone wp-image-6361 size-full\" src=\"https:\/\/vacuz.com\/wp-content\/uploads\/2022\/06\/Common-Mode-Choke-Inductor-Copper-Coil-7.jpg\" alt=\"Bobina di rame dell&#039;induttanza di modo comune\" width=\"827\" height=\"512\" title=\"Induttore di bobina di rame dell&#039;induttore di bobina del nucleo toroidale di fabbrica dell&#039;OEM di modo comune Fornitore\" srcset=\"https:\/\/vacuz.com\/wp-content\/uploads\/2022\/06\/Common-Mode-Choke-Inductor-Copper-Coil-7.jpg 827w, https:\/\/vacuz.com\/wp-content\/uploads\/2022\/06\/Common-Mode-Choke-Inductor-Copper-Coil-7-500x310.jpg 500w, https:\/\/vacuz.com\/wp-content\/uploads\/2022\/06\/Common-Mode-Choke-Inductor-Copper-Coil-7-700x433.jpg 700w, https:\/\/vacuz.com\/wp-content\/uploads\/2022\/06\/Common-Mode-Choke-Inductor-Copper-Coil-7-300x186.jpg 300w, https:\/\/vacuz.com\/wp-content\/uploads\/2022\/06\/Common-Mode-Choke-Inductor-Copper-Coil-7-768x475.jpg 768w, https:\/\/vacuz.com\/wp-content\/uploads\/2022\/06\/Common-Mode-Choke-Inductor-Copper-Coil-7-18x12.jpg 18w, https:\/\/vacuz.com\/wp-content\/uploads\/2022\/06\/Common-Mode-Choke-Inductor-Copper-Coil-7-200x124.jpg 200w, https:\/\/vacuz.com\/wp-content\/uploads\/2022\/06\/Common-Mode-Choke-Inductor-Copper-Coil-7-400x248.jpg 400w, https:\/\/vacuz.com\/wp-content\/uploads\/2022\/06\/Common-Mode-Choke-Inductor-Copper-Coil-7-600x371.jpg 600w, https:\/\/vacuz.com\/wp-content\/uploads\/2022\/06\/Common-Mode-Choke-Inductor-Copper-Coil-7-800x495.jpg 800w\" sizes=\"auto, (max-width: 827px) 100vw, 827px\" \/><\/p>\n<table class=\"all magic-11\" style=\"height: 158px;\" width=\"1094\">\n<tbody>\n<tr>\n<td colspan=\"1\" rowspan=\"1\">\n<div class=\"magic-12\">\n<div class=\"magic-13\" data-spm-anchor-id=\"a2700.siteadmin.0.i3.6e96ac40QSohKS\">Induttanza:<\/div>\n<\/div>\n<\/td>\n<td colspan=\"1\" rowspan=\"1\">\n<div class=\"magic-14\">Come richiesto<\/div>\n<\/td>\n<\/tr>\n<tr>\n<td colspan=\"1\" rowspan=\"1\">\n<div class=\"magic-12\">Tasso attuale:<\/div>\n<\/td>\n<td colspan=\"1\" rowspan=\"1\">\n<div class=\"magic-14\"><span class=\"magic-15\" data-spm-anchor-id=\"a2700.details.0.i37.3b5b63393IidJ9\">Come richiesto<\/span><\/div>\n<\/td>\n<\/tr>\n<tr>\n<td colspan=\"1\" rowspan=\"1\">\n<div class=\"magic-12\">\n<div class=\"magic-13\" data-spm-anchor-id=\"a2700.siteadmin.0.i3.6e96ac40thObmF\">Nucleo:<\/div>\n<\/div>\n<\/td>\n<td colspan=\"1\" rowspan=\"1\">\n<div class=\"magic-14\"><span class=\"magic-15\">Come richiesto<\/span><\/div>\n<\/td>\n<\/tr>\n<tr>\n<td colspan=\"1\" rowspan=\"1\">\n<div class=\"magic-12\">Filo<\/div>\n<\/td>\n<td colspan=\"1\" rowspan=\"1\">\n<div class=\"magic-14\" data-spm-anchor-id=\"a2700.details.0.i38.3b5b63393IidJ9\"><span class=\"magic-15\">Come richiesto<\/span><\/div>\n<\/td>\n<\/tr>\n<\/tbody>\n<\/table>\n<\/div>\n<\/div>\n<\/div>\n<p><img loading=\"lazy\" decoding=\"async\" class=\"alignnone wp-image-6341 size-full\" src=\"https:\/\/vacuz.com\/wp-content\/uploads\/2022\/06\/Common-Mode-Choke-Coil-Toroidal-Inductor-8.jpg\" alt=\"Bobina di arresto di modo comune Induttore toroidale\" width=\"750\" height=\"439\" title=\"Induttore di bobina di rame dell&#039;induttore di bobina del nucleo toroidale di fabbrica dell&#039;OEM di modo comune Fornitore\" srcset=\"https:\/\/vacuz.com\/wp-content\/uploads\/2022\/06\/Common-Mode-Choke-Coil-Toroidal-Inductor-8.jpg 750w, https:\/\/vacuz.com\/wp-content\/uploads\/2022\/06\/Common-Mode-Choke-Coil-Toroidal-Inductor-8-500x293.jpg 500w, https:\/\/vacuz.com\/wp-content\/uploads\/2022\/06\/Common-Mode-Choke-Coil-Toroidal-Inductor-8-700x410.jpg 700w, https:\/\/vacuz.com\/wp-content\/uploads\/2022\/06\/Common-Mode-Choke-Coil-Toroidal-Inductor-8-300x176.jpg 300w, https:\/\/vacuz.com\/wp-content\/uploads\/2022\/06\/Common-Mode-Choke-Coil-Toroidal-Inductor-8-18x12.jpg 18w, https:\/\/vacuz.com\/wp-content\/uploads\/2022\/06\/Common-Mode-Choke-Coil-Toroidal-Inductor-8-200x117.jpg 200w, https:\/\/vacuz.com\/wp-content\/uploads\/2022\/06\/Common-Mode-Choke-Coil-Toroidal-Inductor-8-400x234.jpg 400w, https:\/\/vacuz.com\/wp-content\/uploads\/2022\/06\/Common-Mode-Choke-Coil-Toroidal-Inductor-8-600x351.jpg 600w\" sizes=\"auto, (max-width: 750px) 100vw, 750px\" \/><\/p>\n<p><img loading=\"lazy\" decoding=\"async\" class=\"alignnone wp-image-6342 size-full\" src=\"https:\/\/vacuz.com\/wp-content\/uploads\/2022\/06\/Common-Mode-Choke-Coil-Toroidal-Inductor-9.jpg\" alt=\"Bobina di arresto di modo comune Induttore toroidale\" width=\"750\" height=\"439\" title=\"Induttore di bobina di rame dell&#039;induttore di bobina del nucleo toroidale di fabbrica dell&#039;OEM di modo comune Fornitore\" srcset=\"https:\/\/vacuz.com\/wp-content\/uploads\/2022\/06\/Common-Mode-Choke-Coil-Toroidal-Inductor-9.jpg 750w, https:\/\/vacuz.com\/wp-content\/uploads\/2022\/06\/Common-Mode-Choke-Coil-Toroidal-Inductor-9-500x293.jpg 500w, https:\/\/vacuz.com\/wp-content\/uploads\/2022\/06\/Common-Mode-Choke-Coil-Toroidal-Inductor-9-700x410.jpg 700w, https:\/\/vacuz.com\/wp-content\/uploads\/2022\/06\/Common-Mode-Choke-Coil-Toroidal-Inductor-9-300x176.jpg 300w, https:\/\/vacuz.com\/wp-content\/uploads\/2022\/06\/Common-Mode-Choke-Coil-Toroidal-Inductor-9-18x12.jpg 18w, https:\/\/vacuz.com\/wp-content\/uploads\/2022\/06\/Common-Mode-Choke-Coil-Toroidal-Inductor-9-200x117.jpg 200w, https:\/\/vacuz.com\/wp-content\/uploads\/2022\/06\/Common-Mode-Choke-Coil-Toroidal-Inductor-9-400x234.jpg 400w, https:\/\/vacuz.com\/wp-content\/uploads\/2022\/06\/Common-Mode-Choke-Coil-Toroidal-Inductor-9-600x351.jpg 600w\" sizes=\"auto, (max-width: 750px) 100vw, 750px\" \/><\/p>\n<p><img loading=\"lazy\" decoding=\"async\" class=\"alignnone wp-image-6351 size-full\" src=\"https:\/\/vacuz.com\/wp-content\/uploads\/2022\/06\/Common-Mode-Choke-Coil-Toroidal-Inductor-10-1.jpg\" alt=\"Bobina di arresto di modo comune Induttore toroidale\" width=\"750\" height=\"1000\" title=\"Induttore di bobina di rame dell&#039;induttore di bobina del nucleo toroidale di fabbrica dell&#039;OEM di modo comune Fornitore\" srcset=\"https:\/\/vacuz.com\/wp-content\/uploads\/2022\/06\/Common-Mode-Choke-Coil-Toroidal-Inductor-10-1.jpg 750w, https:\/\/vacuz.com\/wp-content\/uploads\/2022\/06\/Common-Mode-Choke-Coil-Toroidal-Inductor-10-1-500x667.jpg 500w, https:\/\/vacuz.com\/wp-content\/uploads\/2022\/06\/Common-Mode-Choke-Coil-Toroidal-Inductor-10-1-700x933.jpg 700w, https:\/\/vacuz.com\/wp-content\/uploads\/2022\/06\/Common-Mode-Choke-Coil-Toroidal-Inductor-10-1-225x300.jpg 225w, https:\/\/vacuz.com\/wp-content\/uploads\/2022\/06\/Common-Mode-Choke-Coil-Toroidal-Inductor-10-1-9x12.jpg 9w, https:\/\/vacuz.com\/wp-content\/uploads\/2022\/06\/Common-Mode-Choke-Coil-Toroidal-Inductor-10-1-200x267.jpg 200w, https:\/\/vacuz.com\/wp-content\/uploads\/2022\/06\/Common-Mode-Choke-Coil-Toroidal-Inductor-10-1-400x533.jpg 400w, https:\/\/vacuz.com\/wp-content\/uploads\/2022\/06\/Common-Mode-Choke-Coil-Toroidal-Inductor-10-1-600x800.jpg 600w\" sizes=\"auto, (max-width: 750px) 100vw, 750px\" \/><\/p>\n<div>\n<table class=\"aliDataTable\" style=\"height: 1260px;\" border=\"1\" width=\"1075\" cellspacing=\"0\" cellpadding=\"0\">\n<tbody>\n<tr>\n<td height=\"33\"><span data-spm-anchor-id=\"a2700.details.0.i69.186d2d19UPlf2X\">Componenti<\/span><\/td>\n<td>Nucleo in ferrite, filo di rame; basamento; involucro di schermatura<\/td>\n<\/tr>\n<tr>\n<td height=\"48\">Nucleo<\/td>\n<td>NiZn\/ferro \/MnZn\/MPP\/magnetico amorfo<\/td>\n<\/tr>\n<tr>\n<td height=\"33\">Filo<\/td>\n<td>Filo di rame smaltato-UEW\/PEW<\/td>\n<\/tr>\n<tr>\n<td height=\"33\">Funzioni<\/td>\n<td>Filtro della linea di alimentazione\/Filtro della linea di segnale\/Risparmio energetico\/Step-up di tensione, ecc.<\/td>\n<\/tr>\n<tr>\n<td height=\"33\">Tipo di montaggio<\/td>\n<td>Montaggio a superficie; foro passante; cavetto<\/td>\n<\/tr>\n<tr>\n<td height=\"33\">Tipi di forma<\/td>\n<td>Verticale;Orizzontale;con\/senza base;schermato\/non schermato ;SMD<\/td>\n<\/tr>\n<tr>\n<td height=\"33\">Struttura della bobina<\/td>\n<td>Toroidale<\/td>\n<\/tr>\n<tr>\n<td height=\"33\">Gamma di frequenza di lavoro<\/td>\n<td>1KHZ-100MHZ<\/td>\n<\/tr>\n<tr>\n<td height=\"33\">Gamma di induttanza<\/td>\n<td>1uH-1H<\/td>\n<\/tr>\n<tr>\n<td height=\"33\">Gamma DCR<\/td>\n<td>sconosciuto: dipende dalla richiesta dei clienti<\/td>\n<\/tr>\n<tr>\n<td height=\"33\">Temperatura di stoccaggio<\/td>\n<td>-20\u2103 a +85\u2103<\/td>\n<\/tr>\n<tr>\n<td height=\"33\">Temperatura di lavoro<\/td>\n<td>-20\u2103 a +105\u2103<\/td>\n<\/tr>\n<tr>\n<td height=\"33\">Umidit\u00e0 di stoccaggio<\/td>\n<td>Da 30% a 95%<\/td>\n<\/tr>\n<tr>\n<td height=\"128\">Articoli del test<\/td>\n<td>\u00a0Turns Ratio<br \/>\nInductance<br \/>\nDC resistance test<br \/>\nSafety test<br \/>\nCurrent test<br \/>\nHi-POT<\/td>\n<\/tr>\n<tr>\n<td height=\"33\">Certificazioni<\/td>\n<td>ISO9001:2008, ISO14001:2008, UL, CQC<\/td>\n<\/tr>\n<tr>\n<td height=\"33\">MOQ<\/td>\n<td>1000 pcs<\/td>\n<\/tr>\n<tr>\n<td height=\"33\">OEM<\/td>\n<td>Acceptable<\/td>\n<\/tr>\n<tr>\n<td height=\"33\">Sample<\/td>\n<td>Free<\/td>\n<\/tr>\n<tr>\n<td height=\"33\">Sample Time<\/td>\n<td>3-5 working days<\/td>\n<\/tr>\n<tr>\n<td height=\"33\">Pacchetto<\/td>\n<td>EPE foam + export carton, or plastic tray+export carton<\/td>\n<\/tr>\n<tr>\n<td height=\"33\">Delivery time<\/td>\n<td>about 15 days against deposit<\/td>\n<\/tr>\n<tr>\n<td height=\"84\">Feature<\/td>\n<td data-spm-anchor-id=\"a2700.details.0.i36.186d2d19UPlf2X\">5 years warranty<br \/>\nHigh current High power High efficiency<br \/>\nLow temperature rise<br \/>\nStable performance<\/td>\n<\/tr>\n<tr>\n<td height=\"107\">Applications<\/td>\n<td>1. VCRS, Copy machine , Audio equipment , Game machines<br \/>\n2. TV sets, Microcomputer equipment, printers, Terminals<br \/>\n3. communications control equipment<br \/>\n4.Switching power supply, chargers, alarm system<br \/>\n5. UPS, VCD\/DVD players, audio and visual equipment<br \/>\n6. OA machines, inverters, chargers, alarm system<\/td>\n<\/tr>\n<\/tbody>\n<\/table>\n<div>\n<p><img loading=\"lazy\" decoding=\"async\" class=\"alignnone wp-image-6344 size-full\" src=\"https:\/\/vacuz.com\/wp-content\/uploads\/2022\/06\/Common-Mode-Choke-Coil-Toroidal-Inductor-11.jpg\" alt=\"Bobina di arresto di modo comune Induttore toroidale\" width=\"750\" height=\"559\" title=\"Induttore di bobina di rame dell&#039;induttore di bobina del nucleo toroidale di fabbrica dell&#039;OEM di modo comune Fornitore\" srcset=\"https:\/\/vacuz.com\/wp-content\/uploads\/2022\/06\/Common-Mode-Choke-Coil-Toroidal-Inductor-11.jpg 750w, https:\/\/vacuz.com\/wp-content\/uploads\/2022\/06\/Common-Mode-Choke-Coil-Toroidal-Inductor-11-500x373.jpg 500w, https:\/\/vacuz.com\/wp-content\/uploads\/2022\/06\/Common-Mode-Choke-Coil-Toroidal-Inductor-11-700x522.jpg 700w, https:\/\/vacuz.com\/wp-content\/uploads\/2022\/06\/Common-Mode-Choke-Coil-Toroidal-Inductor-11-300x224.jpg 300w, https:\/\/vacuz.com\/wp-content\/uploads\/2022\/06\/Common-Mode-Choke-Coil-Toroidal-Inductor-11-16x12.jpg 16w, https:\/\/vacuz.com\/wp-content\/uploads\/2022\/06\/Common-Mode-Choke-Coil-Toroidal-Inductor-11-200x149.jpg 200w, https:\/\/vacuz.com\/wp-content\/uploads\/2022\/06\/Common-Mode-Choke-Coil-Toroidal-Inductor-11-400x298.jpg 400w, https:\/\/vacuz.com\/wp-content\/uploads\/2022\/06\/Common-Mode-Choke-Coil-Toroidal-Inductor-11-600x447.jpg 600w\" sizes=\"auto, (max-width: 750px) 100vw, 750px\" \/><\/p>\n<\/div>\n<\/div>\n<h2><span style=\"font-size: 23.04px;\">Informazioni sulla societ\u00e0<\/span><\/h2>\n<div>\n<p><strong>La Vacuz Machine Factory \u00e8 stata fondata nel maggio 2007 e ha sede nella citt\u00e0 di Dongguan, nella provincia di Guangdong. \u00c8 un produttore professionista impegnato nella ricerca, nello sviluppo, nella produzione, nella vendita e nell'assistenza di macchine automatiche per l'avvolgimento, macchine per l'avvolgimento di bobine, macchine per l'avvolgimento di trasformatori, macchine per l'avvolgimento di motori, macchine per l'avvolgimento di bobine wireless, macchine per l'avvolgimento di induttori a bobina di modo comune SQ e altre macchine per l'avvolgimento non standard. Forniamo anche servizi OEM di trasformatori, induttori a bobina toroidale con le nostre macchine avvolgitrici automatiche R&amp;S. Venduti in tutte le citt\u00e0 e province della Cina, i nostri prodotti vengono esportati anche in paesi e regioni come Medio Oriente, Europa, Africa, Asia e Nord America. Che si tratti di selezionare un prodotto attuale dal nostro catalogo o di richiedere assistenza tecnica per la vostra applicazione, potete rivolgervi al nostro centro di assistenza clienti per le vostre esigenze di approvvigionamento. La qualit\u00e0 \u00e8 la nostra cultura! Ci auguriamo di poter collaborare presto con voi!<\/strong><\/p>\n<p><img loading=\"lazy\" decoding=\"async\" class=\"alignnone wp-image-6353 size-full\" src=\"https:\/\/vacuz.com\/wp-content\/uploads\/2022\/06\/Common-Mode-Choke-Coil-Toroidal-Inductor-12-1.jpg\" alt=\"Bobina di arresto di modo comune Induttore toroidale\" width=\"750\" height=\"946\" title=\"Induttore di bobina di rame dell&#039;induttore di bobina del nucleo toroidale di fabbrica dell&#039;OEM di modo comune Fornitore\" srcset=\"https:\/\/vacuz.com\/wp-content\/uploads\/2022\/06\/Common-Mode-Choke-Coil-Toroidal-Inductor-12-1.jpg 750w, https:\/\/vacuz.com\/wp-content\/uploads\/2022\/06\/Common-Mode-Choke-Coil-Toroidal-Inductor-12-1-500x631.jpg 500w, https:\/\/vacuz.com\/wp-content\/uploads\/2022\/06\/Common-Mode-Choke-Coil-Toroidal-Inductor-12-1-700x883.jpg 700w, https:\/\/vacuz.com\/wp-content\/uploads\/2022\/06\/Common-Mode-Choke-Coil-Toroidal-Inductor-12-1-238x300.jpg 238w, https:\/\/vacuz.com\/wp-content\/uploads\/2022\/06\/Common-Mode-Choke-Coil-Toroidal-Inductor-12-1-10x12.jpg 10w, https:\/\/vacuz.com\/wp-content\/uploads\/2022\/06\/Common-Mode-Choke-Coil-Toroidal-Inductor-12-1-200x252.jpg 200w, https:\/\/vacuz.com\/wp-content\/uploads\/2022\/06\/Common-Mode-Choke-Coil-Toroidal-Inductor-12-1-400x505.jpg 400w, https:\/\/vacuz.com\/wp-content\/uploads\/2022\/06\/Common-Mode-Choke-Coil-Toroidal-Inductor-12-1-600x757.jpg 600w\" sizes=\"auto, (max-width: 750px) 100vw, 750px\" \/><\/p>\n<p><img loading=\"lazy\" decoding=\"async\" class=\"alignnone wp-image-6346 size-full\" src=\"https:\/\/vacuz.com\/wp-content\/uploads\/2022\/06\/Common-Mode-Choke-Coil-Toroidal-Inductor-13.jpg\" alt=\"Bobina di arresto di modo comune Induttore toroidale\" width=\"750\" height=\"634\" title=\"Induttore di bobina di rame dell&#039;induttore di bobina del nucleo toroidale di fabbrica dell&#039;OEM di modo comune Fornitore\" srcset=\"https:\/\/vacuz.com\/wp-content\/uploads\/2022\/06\/Common-Mode-Choke-Coil-Toroidal-Inductor-13.jpg 750w, https:\/\/vacuz.com\/wp-content\/uploads\/2022\/06\/Common-Mode-Choke-Coil-Toroidal-Inductor-13-500x423.jpg 500w, https:\/\/vacuz.com\/wp-content\/uploads\/2022\/06\/Common-Mode-Choke-Coil-Toroidal-Inductor-13-700x592.jpg 700w, https:\/\/vacuz.com\/wp-content\/uploads\/2022\/06\/Common-Mode-Choke-Coil-Toroidal-Inductor-13-300x254.jpg 300w, https:\/\/vacuz.com\/wp-content\/uploads\/2022\/06\/Common-Mode-Choke-Coil-Toroidal-Inductor-13-14x12.jpg 14w, https:\/\/vacuz.com\/wp-content\/uploads\/2022\/06\/Common-Mode-Choke-Coil-Toroidal-Inductor-13-200x169.jpg 200w, https:\/\/vacuz.com\/wp-content\/uploads\/2022\/06\/Common-Mode-Choke-Coil-Toroidal-Inductor-13-400x338.jpg 400w, https:\/\/vacuz.com\/wp-content\/uploads\/2022\/06\/Common-Mode-Choke-Coil-Toroidal-Inductor-13-600x507.jpg 600w\" sizes=\"auto, (max-width: 750px) 100vw, 750px\" \/><\/p>\n<p><img loading=\"lazy\" decoding=\"async\" class=\"alignnone wp-image-6347 size-full\" src=\"https:\/\/vacuz.com\/wp-content\/uploads\/2022\/06\/Common-Mode-Choke-Coil-Toroidal-Inductor-14.jpg\" alt=\"Bobina di arresto di modo comune Induttore toroidale\" width=\"750\" height=\"1071\" title=\"Induttore di bobina di rame dell&#039;induttore di bobina del nucleo toroidale di fabbrica dell&#039;OEM di modo comune Fornitore\" srcset=\"https:\/\/vacuz.com\/wp-content\/uploads\/2022\/06\/Common-Mode-Choke-Coil-Toroidal-Inductor-14.jpg 750w, https:\/\/vacuz.com\/wp-content\/uploads\/2022\/06\/Common-Mode-Choke-Coil-Toroidal-Inductor-14-500x714.jpg 500w, https:\/\/vacuz.com\/wp-content\/uploads\/2022\/06\/Common-Mode-Choke-Coil-Toroidal-Inductor-14-700x1000.jpg 700w, https:\/\/vacuz.com\/wp-content\/uploads\/2022\/06\/Common-Mode-Choke-Coil-Toroidal-Inductor-14-210x300.jpg 210w, https:\/\/vacuz.com\/wp-content\/uploads\/2022\/06\/Common-Mode-Choke-Coil-Toroidal-Inductor-14-717x1024.jpg 717w, https:\/\/vacuz.com\/wp-content\/uploads\/2022\/06\/Common-Mode-Choke-Coil-Toroidal-Inductor-14-8x12.jpg 8w, https:\/\/vacuz.com\/wp-content\/uploads\/2022\/06\/Common-Mode-Choke-Coil-Toroidal-Inductor-14-200x286.jpg 200w, https:\/\/vacuz.com\/wp-content\/uploads\/2022\/06\/Common-Mode-Choke-Coil-Toroidal-Inductor-14-400x571.jpg 400w, https:\/\/vacuz.com\/wp-content\/uploads\/2022\/06\/Common-Mode-Choke-Coil-Toroidal-Inductor-14-600x857.jpg 600w\" sizes=\"auto, (max-width: 750px) 100vw, 750px\" \/><\/p>\n<p><img loading=\"lazy\" decoding=\"async\" class=\"alignnone wp-image-6348 size-full\" src=\"https:\/\/vacuz.com\/wp-content\/uploads\/2022\/06\/Common-Mode-Choke-Coil-Toroidal-Inductor-15.jpg\" alt=\"Bobina di arresto di modo comune Induttore toroidale\" width=\"750\" height=\"1040\" title=\"Induttore di bobina di rame dell&#039;induttore di bobina del nucleo toroidale di fabbrica dell&#039;OEM di modo comune Fornitore\" srcset=\"https:\/\/vacuz.com\/wp-content\/uploads\/2022\/06\/Common-Mode-Choke-Coil-Toroidal-Inductor-15.jpg 750w, https:\/\/vacuz.com\/wp-content\/uploads\/2022\/06\/Common-Mode-Choke-Coil-Toroidal-Inductor-15-500x693.jpg 500w, https:\/\/vacuz.com\/wp-content\/uploads\/2022\/06\/Common-Mode-Choke-Coil-Toroidal-Inductor-15-700x971.jpg 700w, https:\/\/vacuz.com\/wp-content\/uploads\/2022\/06\/Common-Mode-Choke-Coil-Toroidal-Inductor-15-216x300.jpg 216w, https:\/\/vacuz.com\/wp-content\/uploads\/2022\/06\/Common-Mode-Choke-Coil-Toroidal-Inductor-15-738x1024.jpg 738w, https:\/\/vacuz.com\/wp-content\/uploads\/2022\/06\/Common-Mode-Choke-Coil-Toroidal-Inductor-15-9x12.jpg 9w, https:\/\/vacuz.com\/wp-content\/uploads\/2022\/06\/Common-Mode-Choke-Coil-Toroidal-Inductor-15-200x277.jpg 200w, https:\/\/vacuz.com\/wp-content\/uploads\/2022\/06\/Common-Mode-Choke-Coil-Toroidal-Inductor-15-400x555.jpg 400w, https:\/\/vacuz.com\/wp-content\/uploads\/2022\/06\/Common-Mode-Choke-Coil-Toroidal-Inductor-15-600x832.jpg 600w\" sizes=\"auto, (max-width: 750px) 100vw, 750px\" \/><\/p>\n<h2>Imballaggio e spedizione<\/h2>\n<p><img loading=\"lazy\" decoding=\"async\" class=\"alignnone wp-image-6349 size-full\" src=\"https:\/\/vacuz.com\/wp-content\/uploads\/2022\/06\/Common-Mode-Choke-Coil-Toroidal-Inductor-16.jpg\" alt=\"Bobina di arresto di modo comune Induttore toroidale\" width=\"750\" height=\"1139\" title=\"Induttore di bobina di rame dell&#039;induttore di bobina del nucleo toroidale di fabbrica dell&#039;OEM di modo comune Fornitore\" srcset=\"https:\/\/vacuz.com\/wp-content\/uploads\/2022\/06\/Common-Mode-Choke-Coil-Toroidal-Inductor-16.jpg 750w, https:\/\/vacuz.com\/wp-content\/uploads\/2022\/06\/Common-Mode-Choke-Coil-Toroidal-Inductor-16-500x759.jpg 500w, https:\/\/vacuz.com\/wp-content\/uploads\/2022\/06\/Common-Mode-Choke-Coil-Toroidal-Inductor-16-700x1063.jpg 700w, https:\/\/vacuz.com\/wp-content\/uploads\/2022\/06\/Common-Mode-Choke-Coil-Toroidal-Inductor-16-198x300.jpg 198w, https:\/\/vacuz.com\/wp-content\/uploads\/2022\/06\/Common-Mode-Choke-Coil-Toroidal-Inductor-16-674x1024.jpg 674w, https:\/\/vacuz.com\/wp-content\/uploads\/2022\/06\/Common-Mode-Choke-Coil-Toroidal-Inductor-16-8x12.jpg 8w, https:\/\/vacuz.com\/wp-content\/uploads\/2022\/06\/Common-Mode-Choke-Coil-Toroidal-Inductor-16-200x304.jpg 200w, https:\/\/vacuz.com\/wp-content\/uploads\/2022\/06\/Common-Mode-Choke-Coil-Toroidal-Inductor-16-400x607.jpg 400w, https:\/\/vacuz.com\/wp-content\/uploads\/2022\/06\/Common-Mode-Choke-Coil-Toroidal-Inductor-16-600x911.jpg 600w\" sizes=\"auto, (max-width: 750px) 100vw, 750px\" \/><\/p>\n<h2>Tour della fabbrica Vacuz<\/h2>\n<p><iframe loading=\"lazy\" title=\"Vacuz Machine Factory Macchine avvolgitrici automatiche Online Tour\" width=\"1200\" height=\"675\" src=\"https:\/\/www.youtube.com\/embed\/lY2VK9YY--E?feature=oembed\" frameborder=\"0\" allow=\"accelerometer; autoplay; clipboard-write; encrypted-media; gyroscope; picture-in-picture; web-share\" referrerpolicy=\"strict-origin-when-cross-origin\" allowfullscreen><\/iframe><\/p>\n<\/div>","protected":false},"excerpt":{"rendered":"<p>OEM Factory Toroidal Core Common Mode Choke Inductor Copper Coil Inductor Manufacturer Application \u00a0Compact fluorescent lamp Television receiver Radio cassette player PC power supply Monitor,audio,VCD,DCD UPS The electronic apparatus The noise rejection Induction cooker,etc. Specification \u00a0High current capacity Low core loss at frequency High reliability, efficiency Small packaged size Operating Temperature: -30\u00b0C to +80\u00b0C Electrical [&hellip;]<\/p>\n","protected":false},"featured_media":6355,"template":"","meta":{"_gspb_post_css":"","_joinchat":[]},"product_brand":[],"product_cat":[794],"product_tag":[344],"class_list":{"0":"post-6354","1":"product","2":"type-product","3":"status-publish","4":"has-post-thumbnail","6":"product_cat-toroidal-coil-oem-service","7":"product_tag-common-mode-choke-coil-toroidal-inductor","9":"first","10":"instock","11":"shipping-taxable","12":"product-type-simple"},"_links":{"self":[{"href":"https:\/\/vacuz.com\/it\/wp-json\/wp\/v2\/product\/6354","targetHints":{"allow":["GET"]}}],"collection":[{"href":"https:\/\/vacuz.com\/it\/wp-json\/wp\/v2\/product"}],"about":[{"href":"https:\/\/vacuz.com\/it\/wp-json\/wp\/v2\/types\/product"}],"wp:featuredmedia":[{"embeddable":true,"href":"https:\/\/vacuz.com\/it\/wp-json\/wp\/v2\/media\/6355"}],"wp:attachment":[{"href":"https:\/\/vacuz.com\/it\/wp-json\/wp\/v2\/media?parent=6354"}],"wp:term":[{"taxonomy":"product_brand","embeddable":true,"href":"https:\/\/vacuz.com\/it\/wp-json\/wp\/v2\/product_brand?post=6354"},{"taxonomy":"product_cat","embeddable":true,"href":"https:\/\/vacuz.com\/it\/wp-json\/wp\/v2\/product_cat?post=6354"},{"taxonomy":"product_tag","embeddable":true,"href":"https:\/\/vacuz.com\/it\/wp-json\/wp\/v2\/product_tag?post=6354"}],"curies":[{"name":"wp","href":"https:\/\/api.w.org\/{rel}","templated":true}]}}