{"id":6683,"date":"2022-08-13T06:42:53","date_gmt":"2022-08-13T06:42:53","guid":{"rendered":"https:\/\/vacuz.com\/?post_type=product&#038;p=6683"},"modified":"2025-11-03T06:16:25","modified_gmt":"2025-11-03T06:16:25","slug":"automatic-long-rotor-motor-stator-coil-core-magnetic-steel-insertion-assembly-loadering-filling-machine4-pieces","status":"publish","type":"product","link":"https:\/\/vacuz.com\/it\/product\/automatic-long-rotor-motor-stator-coil-core-magnetic-steel-insertion-assembly-loadering-filling-machine4-pieces\/","title":{"rendered":"Automatico lungo motore rotore statore bobina nucleo magnetico in acciaio inserimento Assembly Loadering macchina di riempimento (4 pezzi)"},"content":{"rendered":"<h2>Automatico lungo motore rotore statore bobina nucleo magnetico in acciaio inserimento Assembly Loadering macchina di riempimento (4 pezzi)<\/h2>\n<div>\n<p><strong><u data-spm-anchor-id=\"a2700.details.0.i23.54f6d87dbvk0tc\">Caratteristica della macchina<\/u><\/strong><\/p>\n<ul>\n<li><strong>Multiple magnets can be inserted at the same time<\/strong><\/li>\n<li><strong>Funzione di regolazione dell'altezza, compatibile con prodotti di diverse altezze<\/strong><\/li>\n<li><strong>Facile da usare, basta inserire il prodotto nello stampo e premere il pulsante di avvio.<\/strong><\/li>\n<li><strong>Adotta cilindro, cuscinetto lineare, manicotto in rame, ecc., resistente<\/strong><\/li>\n<li><strong>La macchina \u00e8 realizzata in profilo di alluminio e lamiera verniciata, semplice e bella.<\/strong><\/li>\n<\/ul>\n<p><strong><u>Funzione della macchina<\/u><\/strong><\/p>\n<table style=\"height: 35px;\" border=\"1\" width=\"1352\">\n<tbody>\n<tr>\n<td><strong>Modello macchina:<\/strong><\/td>\n<td><strong>VM-12<\/strong><\/td>\n<\/tr>\n<\/tbody>\n<\/table>\n<table style=\"height: 338px;\" border=\"1\" width=\"1353\">\n<tbody>\n<tr>\n<td data-spm-anchor-id=\"a2700.details.0.i28.24f46652Vn2qDm\"><strong>Nome del prodotto:<\/strong><\/td>\n<td><strong>Macchina automatica Vacuz per l'inserimento di bobine magnetiche in acciaio<\/strong><\/td>\n<\/tr>\n<tr>\n<td><strong>Capacit\u00e0 di produzione<\/strong><\/td>\n<td><strong>400-500pcs\/H(Excluding manual discharge time)<\/strong><\/td>\n<\/tr>\n<tr>\n<td><strong>Potenza<\/strong><\/td>\n<td><strong>220 V \u00b1 101 TP3T 50 Hz<\/strong><\/td>\n<\/tr>\n<tr>\n<td><strong>Pressione dell'aria<\/strong><\/td>\n<td><strong>0,4-0,6MPa<\/strong><\/td>\n<\/tr>\n<tr>\n<td><strong>Peso della macchina<\/strong><\/td>\n<td><strong>150KG<\/strong><\/td>\n<\/tr>\n<tr>\n<td><strong>Dimensione della macchina<\/strong><\/td>\n<td><strong>600(L)*600(w)*1700(H)mm<\/strong><\/td>\n<\/tr>\n<\/tbody>\n<\/table>\n<div>\n<p><img loading=\"lazy\" decoding=\"async\" class=\"alignnone wp-image-6684 size-full\" src=\"https:\/\/vacuz.com\/wp-content\/uploads\/2022\/08\/Automatic-Long-Rotor-Core-Magnetic-Insertion-Loading-Machine4-pieces-1.jpg\" alt=\"Macchina automatica di caricamento dell&#039;inserimento magnetico del nucleo del rotore lungo (4 pezzi)\" width=\"800\" height=\"800\" title=\"Automatico lungo motore rotore statore bobina nucleo magnetico in acciaio inserimento Assembly Loadering macchina di riempimento (4 pezzi)\" srcset=\"https:\/\/vacuz.com\/wp-content\/uploads\/2022\/08\/Automatic-Long-Rotor-Core-Magnetic-Insertion-Loading-Machine4-pieces-1.jpg 800w, https:\/\/vacuz.com\/wp-content\/uploads\/2022\/08\/Automatic-Long-Rotor-Core-Magnetic-Insertion-Loading-Machine4-pieces-1-500x500.jpg 500w, https:\/\/vacuz.com\/wp-content\/uploads\/2022\/08\/Automatic-Long-Rotor-Core-Magnetic-Insertion-Loading-Machine4-pieces-1-100x100.jpg 100w, https:\/\/vacuz.com\/wp-content\/uploads\/2022\/08\/Automatic-Long-Rotor-Core-Magnetic-Insertion-Loading-Machine4-pieces-1-700x700.jpg 700w, https:\/\/vacuz.com\/wp-content\/uploads\/2022\/08\/Automatic-Long-Rotor-Core-Magnetic-Insertion-Loading-Machine4-pieces-1-300x300.jpg 300w, https:\/\/vacuz.com\/wp-content\/uploads\/2022\/08\/Automatic-Long-Rotor-Core-Magnetic-Insertion-Loading-Machine4-pieces-1-150x150.jpg 150w, https:\/\/vacuz.com\/wp-content\/uploads\/2022\/08\/Automatic-Long-Rotor-Core-Magnetic-Insertion-Loading-Machine4-pieces-1-768x768.jpg 768w, https:\/\/vacuz.com\/wp-content\/uploads\/2022\/08\/Automatic-Long-Rotor-Core-Magnetic-Insertion-Loading-Machine4-pieces-1-12x12.jpg 12w, https:\/\/vacuz.com\/wp-content\/uploads\/2022\/08\/Automatic-Long-Rotor-Core-Magnetic-Insertion-Loading-Machine4-pieces-1-66x66.jpg 66w, https:\/\/vacuz.com\/wp-content\/uploads\/2022\/08\/Automatic-Long-Rotor-Core-Magnetic-Insertion-Loading-Machine4-pieces-1-200x200.jpg 200w, https:\/\/vacuz.com\/wp-content\/uploads\/2022\/08\/Automatic-Long-Rotor-Core-Magnetic-Insertion-Loading-Machine4-pieces-1-400x400.jpg 400w, https:\/\/vacuz.com\/wp-content\/uploads\/2022\/08\/Automatic-Long-Rotor-Core-Magnetic-Insertion-Loading-Machine4-pieces-1-600x600.jpg 600w\" sizes=\"auto, (max-width: 800px) 100vw, 800px\" \/><\/p>\n<p><img loading=\"lazy\" decoding=\"async\" class=\"alignnone wp-image-6686 size-full\" src=\"https:\/\/vacuz.com\/wp-content\/uploads\/2022\/08\/Automatic-Long-Rotor-Core-Magnetic-Insertion-Loading-Machine4-pieces-3.jpg\" alt=\"Macchina automatica di caricamento dell&#039;inserimento magnetico del nucleo del rotore lungo (4 pezzi)\" width=\"800\" height=\"800\" title=\"Automatico lungo motore rotore statore bobina nucleo magnetico in acciaio inserimento Assembly Loadering macchina di riempimento (4 pezzi)\" srcset=\"https:\/\/vacuz.com\/wp-content\/uploads\/2022\/08\/Automatic-Long-Rotor-Core-Magnetic-Insertion-Loading-Machine4-pieces-3.jpg 800w, https:\/\/vacuz.com\/wp-content\/uploads\/2022\/08\/Automatic-Long-Rotor-Core-Magnetic-Insertion-Loading-Machine4-pieces-3-500x500.jpg 500w, https:\/\/vacuz.com\/wp-content\/uploads\/2022\/08\/Automatic-Long-Rotor-Core-Magnetic-Insertion-Loading-Machine4-pieces-3-100x100.jpg 100w, https:\/\/vacuz.com\/wp-content\/uploads\/2022\/08\/Automatic-Long-Rotor-Core-Magnetic-Insertion-Loading-Machine4-pieces-3-700x700.jpg 700w, https:\/\/vacuz.com\/wp-content\/uploads\/2022\/08\/Automatic-Long-Rotor-Core-Magnetic-Insertion-Loading-Machine4-pieces-3-300x300.jpg 300w, https:\/\/vacuz.com\/wp-content\/uploads\/2022\/08\/Automatic-Long-Rotor-Core-Magnetic-Insertion-Loading-Machine4-pieces-3-150x150.jpg 150w, https:\/\/vacuz.com\/wp-content\/uploads\/2022\/08\/Automatic-Long-Rotor-Core-Magnetic-Insertion-Loading-Machine4-pieces-3-768x768.jpg 768w, https:\/\/vacuz.com\/wp-content\/uploads\/2022\/08\/Automatic-Long-Rotor-Core-Magnetic-Insertion-Loading-Machine4-pieces-3-12x12.jpg 12w, https:\/\/vacuz.com\/wp-content\/uploads\/2022\/08\/Automatic-Long-Rotor-Core-Magnetic-Insertion-Loading-Machine4-pieces-3-66x66.jpg 66w, https:\/\/vacuz.com\/wp-content\/uploads\/2022\/08\/Automatic-Long-Rotor-Core-Magnetic-Insertion-Loading-Machine4-pieces-3-200x200.jpg 200w, https:\/\/vacuz.com\/wp-content\/uploads\/2022\/08\/Automatic-Long-Rotor-Core-Magnetic-Insertion-Loading-Machine4-pieces-3-400x400.jpg 400w, https:\/\/vacuz.com\/wp-content\/uploads\/2022\/08\/Automatic-Long-Rotor-Core-Magnetic-Insertion-Loading-Machine4-pieces-3-600x600.jpg 600w\" sizes=\"auto, (max-width: 800px) 100vw, 800px\" \/><\/p>\n<p><img loading=\"lazy\" decoding=\"async\" class=\"alignnone wp-image-6687 size-full\" src=\"https:\/\/vacuz.com\/wp-content\/uploads\/2022\/08\/Automatic-Long-Rotor-Core-Magnetic-Insertion-Loading-Machine4-pieces-4.jpg\" alt=\"Macchina automatica di caricamento dell&#039;inserimento magnetico del nucleo del rotore lungo (4 pezzi)\" width=\"800\" height=\"800\" title=\"Automatico lungo motore rotore statore bobina nucleo magnetico in acciaio inserimento Assembly Loadering macchina di riempimento (4 pezzi)\" srcset=\"https:\/\/vacuz.com\/wp-content\/uploads\/2022\/08\/Automatic-Long-Rotor-Core-Magnetic-Insertion-Loading-Machine4-pieces-4.jpg 800w, https:\/\/vacuz.com\/wp-content\/uploads\/2022\/08\/Automatic-Long-Rotor-Core-Magnetic-Insertion-Loading-Machine4-pieces-4-500x500.jpg 500w, https:\/\/vacuz.com\/wp-content\/uploads\/2022\/08\/Automatic-Long-Rotor-Core-Magnetic-Insertion-Loading-Machine4-pieces-4-100x100.jpg 100w, https:\/\/vacuz.com\/wp-content\/uploads\/2022\/08\/Automatic-Long-Rotor-Core-Magnetic-Insertion-Loading-Machine4-pieces-4-700x700.jpg 700w, https:\/\/vacuz.com\/wp-content\/uploads\/2022\/08\/Automatic-Long-Rotor-Core-Magnetic-Insertion-Loading-Machine4-pieces-4-300x300.jpg 300w, https:\/\/vacuz.com\/wp-content\/uploads\/2022\/08\/Automatic-Long-Rotor-Core-Magnetic-Insertion-Loading-Machine4-pieces-4-150x150.jpg 150w, https:\/\/vacuz.com\/wp-content\/uploads\/2022\/08\/Automatic-Long-Rotor-Core-Magnetic-Insertion-Loading-Machine4-pieces-4-768x768.jpg 768w, https:\/\/vacuz.com\/wp-content\/uploads\/2022\/08\/Automatic-Long-Rotor-Core-Magnetic-Insertion-Loading-Machine4-pieces-4-12x12.jpg 12w, https:\/\/vacuz.com\/wp-content\/uploads\/2022\/08\/Automatic-Long-Rotor-Core-Magnetic-Insertion-Loading-Machine4-pieces-4-66x66.jpg 66w, https:\/\/vacuz.com\/wp-content\/uploads\/2022\/08\/Automatic-Long-Rotor-Core-Magnetic-Insertion-Loading-Machine4-pieces-4-200x200.jpg 200w, https:\/\/vacuz.com\/wp-content\/uploads\/2022\/08\/Automatic-Long-Rotor-Core-Magnetic-Insertion-Loading-Machine4-pieces-4-400x400.jpg 400w, https:\/\/vacuz.com\/wp-content\/uploads\/2022\/08\/Automatic-Long-Rotor-Core-Magnetic-Insertion-Loading-Machine4-pieces-4-600x600.jpg 600w\" sizes=\"auto, (max-width: 800px) 100vw, 800px\" \/><\/p>\n<p><img loading=\"lazy\" decoding=\"async\" class=\"alignnone wp-image-4241 size-full\" src=\"https:\/\/vacuz.com\/wp-content\/uploads\/2022\/01\/Automatic-Magnetic-Insert-Machine-6.jpg\" alt=\"Macchina automatica per inserti magnetici\" width=\"1080\" height=\"493\" title=\"Automatico lungo motore rotore statore bobina nucleo magnetico in acciaio inserimento Assembly Loadering macchina di riempimento (4 pezzi)\" srcset=\"https:\/\/vacuz.com\/wp-content\/uploads\/2022\/01\/Automatic-Magnetic-Insert-Machine-6.jpg 1080w, https:\/\/vacuz.com\/wp-content\/uploads\/2022\/01\/Automatic-Magnetic-Insert-Machine-6-500x228.jpg 500w, https:\/\/vacuz.com\/wp-content\/uploads\/2022\/01\/Automatic-Magnetic-Insert-Machine-6-700x320.jpg 700w, https:\/\/vacuz.com\/wp-content\/uploads\/2022\/01\/Automatic-Magnetic-Insert-Machine-6-300x137.jpg 300w, https:\/\/vacuz.com\/wp-content\/uploads\/2022\/01\/Automatic-Magnetic-Insert-Machine-6-1024x467.jpg 1024w, https:\/\/vacuz.com\/wp-content\/uploads\/2022\/01\/Automatic-Magnetic-Insert-Machine-6-768x351.jpg 768w, https:\/\/vacuz.com\/wp-content\/uploads\/2022\/01\/Automatic-Magnetic-Insert-Machine-6-18x8.jpg 18w, https:\/\/vacuz.com\/wp-content\/uploads\/2022\/01\/Automatic-Magnetic-Insert-Machine-6-200x91.jpg 200w, https:\/\/vacuz.com\/wp-content\/uploads\/2022\/01\/Automatic-Magnetic-Insert-Machine-6-400x183.jpg 400w, https:\/\/vacuz.com\/wp-content\/uploads\/2022\/01\/Automatic-Magnetic-Insert-Machine-6-600x274.jpg 600w, https:\/\/vacuz.com\/wp-content\/uploads\/2022\/01\/Automatic-Magnetic-Insert-Machine-6-800x365.jpg 800w\" sizes=\"auto, (max-width: 1080px) 100vw, 1080px\" \/><\/p>\n<\/div>\n<\/div>\n<h2><span style=\"font-size: 23.04px;\">Informazioni sulla societ\u00e0<\/span><\/h2>\n<div>\n<p><strong>La Vacuz Machine Factory \u00e8 stata fondata nel maggio 2007 e ha sede nella citt\u00e0 di Dongguan, nella provincia di Guangdong. \u00c8 un produttore professionista impegnato nella ricerca, nello sviluppo, nella produzione, nella vendita e nell'assistenza di macchine automatiche per l'avvolgimento, macchine per l'avvolgimento di bobine, macchine per l'avvolgimento di trasformatori, macchine per l'avvolgimento di motori, macchine per l'avvolgimento di bobine wireless, macchine per l'avvolgimento di induttori a bobina di modo comune SQ e altre macchine per l'avvolgimento non standard. Venduti in tutte le citt\u00e0 e province della Cina, i nostri prodotti vengono esportati anche in paesi e regioni come il Medio Oriente, l'Europa, l'Africa, l'Asia e il Nord America. Che si tratti di selezionare un prodotto attuale dal nostro catalogo o di richiedere assistenza tecnica per la vostra applicazione, potete rivolgervi al nostro centro di assistenza clienti per le vostre esigenze di approvvigionamento. La qualit\u00e0 \u00e8 la nostra cultura! Ci auguriamo di poter collaborare presto con voi!<\/strong><\/p>\n<p><img loading=\"lazy\" decoding=\"async\" class=\"alignnone size-full wp-image-4136\" src=\"https:\/\/vacuz.com\/wp-content\/uploads\/2022\/01\/Company-info-1.jpg\" alt=\"Company Info 1\" width=\"1200\" height=\"800\" title=\"Automatico lungo motore rotore statore bobina nucleo magnetico in acciaio inserimento Assembly Loadering macchina di riempimento (4 pezzi)\" srcset=\"https:\/\/vacuz.com\/wp-content\/uploads\/2022\/01\/Company-info-1.jpg 1200w, https:\/\/vacuz.com\/wp-content\/uploads\/2022\/01\/Company-info-1-500x333.jpg 500w, https:\/\/vacuz.com\/wp-content\/uploads\/2022\/01\/Company-info-1-700x467.jpg 700w, https:\/\/vacuz.com\/wp-content\/uploads\/2022\/01\/Company-info-1-300x200.jpg 300w, https:\/\/vacuz.com\/wp-content\/uploads\/2022\/01\/Company-info-1-1024x683.jpg 1024w, https:\/\/vacuz.com\/wp-content\/uploads\/2022\/01\/Company-info-1-768x512.jpg 768w, https:\/\/vacuz.com\/wp-content\/uploads\/2022\/01\/Company-info-1-18x12.jpg 18w, https:\/\/vacuz.com\/wp-content\/uploads\/2022\/01\/Company-info-1-200x133.jpg 200w, https:\/\/vacuz.com\/wp-content\/uploads\/2022\/01\/Company-info-1-400x267.jpg 400w, https:\/\/vacuz.com\/wp-content\/uploads\/2022\/01\/Company-info-1-600x400.jpg 600w, https:\/\/vacuz.com\/wp-content\/uploads\/2022\/01\/Company-info-1-800x533.jpg 800w\" sizes=\"auto, (max-width: 1200px) 100vw, 1200px\" \/><\/p>\n<p><img loading=\"lazy\" decoding=\"async\" class=\"size-full wp-image-4126\" src=\"https:\/\/vacuz.com\/wp-content\/uploads\/2022\/01\/Company-info.jpg\" alt=\"Vacuz Informazioni sull&#039;azienda\" width=\"1754\" height=\"1241\" title=\"Automatico lungo motore rotore statore bobina nucleo magnetico in acciaio inserimento Assembly Loadering macchina di riempimento (4 pezzi)\" srcset=\"https:\/\/vacuz.com\/wp-content\/uploads\/2022\/01\/Company-info.jpg 1754w, https:\/\/vacuz.com\/wp-content\/uploads\/2022\/01\/Company-info-500x354.jpg 500w, https:\/\/vacuz.com\/wp-content\/uploads\/2022\/01\/Company-info-700x495.jpg 700w, https:\/\/vacuz.com\/wp-content\/uploads\/2022\/01\/Company-info-300x212.jpg 300w, https:\/\/vacuz.com\/wp-content\/uploads\/2022\/01\/Company-info-1024x725.jpg 1024w, https:\/\/vacuz.com\/wp-content\/uploads\/2022\/01\/Company-info-768x543.jpg 768w, https:\/\/vacuz.com\/wp-content\/uploads\/2022\/01\/Company-info-1536x1087.jpg 1536w, https:\/\/vacuz.com\/wp-content\/uploads\/2022\/01\/Company-info-18x12.jpg 18w, https:\/\/vacuz.com\/wp-content\/uploads\/2022\/01\/Company-info-200x142.jpg 200w, https:\/\/vacuz.com\/wp-content\/uploads\/2022\/01\/Company-info-400x283.jpg 400w, https:\/\/vacuz.com\/wp-content\/uploads\/2022\/01\/Company-info-600x425.jpg 600w, https:\/\/vacuz.com\/wp-content\/uploads\/2022\/01\/Company-info-800x566.jpg 800w, https:\/\/vacuz.com\/wp-content\/uploads\/2022\/01\/Company-info-1200x849.jpg 1200w\" sizes=\"auto, (max-width: 1754px) 100vw, 1754px\" \/><\/p>\n<p><img loading=\"lazy\" decoding=\"async\" class=\"size-full wp-image-4132\" src=\"https:\/\/vacuz.com\/wp-content\/uploads\/2022\/01\/\u5408\u4f5c\u4f19\u4f34.jpg\" alt=\"Partner\" width=\"1200\" height=\"555\" title=\"Automatico lungo motore rotore statore bobina nucleo magnetico in acciaio inserimento Assembly Loadering macchina di riempimento (4 pezzi)\" srcset=\"https:\/\/vacuz.com\/wp-content\/uploads\/2022\/01\/\u5408\u4f5c\u4f19\u4f34.jpg 1200w, https:\/\/vacuz.com\/wp-content\/uploads\/2022\/01\/\u5408\u4f5c\u4f19\u4f34-500x231.jpg 500w, https:\/\/vacuz.com\/wp-content\/uploads\/2022\/01\/\u5408\u4f5c\u4f19\u4f34-700x324.jpg 700w, https:\/\/vacuz.com\/wp-content\/uploads\/2022\/01\/\u5408\u4f5c\u4f19\u4f34-300x139.jpg 300w, https:\/\/vacuz.com\/wp-content\/uploads\/2022\/01\/\u5408\u4f5c\u4f19\u4f34-1024x474.jpg 1024w, https:\/\/vacuz.com\/wp-content\/uploads\/2022\/01\/\u5408\u4f5c\u4f19\u4f34-768x355.jpg 768w, https:\/\/vacuz.com\/wp-content\/uploads\/2022\/01\/\u5408\u4f5c\u4f19\u4f34-18x8.jpg 18w, https:\/\/vacuz.com\/wp-content\/uploads\/2022\/01\/\u5408\u4f5c\u4f19\u4f34-200x93.jpg 200w, https:\/\/vacuz.com\/wp-content\/uploads\/2022\/01\/\u5408\u4f5c\u4f19\u4f34-400x185.jpg 400w, https:\/\/vacuz.com\/wp-content\/uploads\/2022\/01\/\u5408\u4f5c\u4f19\u4f34-600x278.jpg 600w, https:\/\/vacuz.com\/wp-content\/uploads\/2022\/01\/\u5408\u4f5c\u4f19\u4f34-800x370.jpg 800w\" sizes=\"auto, (max-width: 1200px) 100vw, 1200px\" \/><\/p>\n<p><img loading=\"lazy\" decoding=\"async\" class=\"size-full wp-image-4127\" src=\"https:\/\/vacuz.com\/wp-content\/uploads\/2022\/01\/Jeltecn\u8ba4\u8bc1.jpg\" alt=\"Certificato Vacuz\" width=\"1200\" height=\"549\" title=\"Automatico lungo motore rotore statore bobina nucleo magnetico in acciaio inserimento Assembly Loadering macchina di riempimento (4 pezzi)\" srcset=\"https:\/\/vacuz.com\/wp-content\/uploads\/2022\/01\/Jeltecn\u8ba4\u8bc1.jpg 1200w, https:\/\/vacuz.com\/wp-content\/uploads\/2022\/01\/Jeltecn\u8ba4\u8bc1-500x229.jpg 500w, https:\/\/vacuz.com\/wp-content\/uploads\/2022\/01\/Jeltecn\u8ba4\u8bc1-700x320.jpg 700w, https:\/\/vacuz.com\/wp-content\/uploads\/2022\/01\/Jeltecn\u8ba4\u8bc1-300x137.jpg 300w, https:\/\/vacuz.com\/wp-content\/uploads\/2022\/01\/Jeltecn\u8ba4\u8bc1-1024x468.jpg 1024w, https:\/\/vacuz.com\/wp-content\/uploads\/2022\/01\/Jeltecn\u8ba4\u8bc1-768x351.jpg 768w, https:\/\/vacuz.com\/wp-content\/uploads\/2022\/01\/Jeltecn\u8ba4\u8bc1-18x8.jpg 18w, https:\/\/vacuz.com\/wp-content\/uploads\/2022\/01\/Jeltecn\u8ba4\u8bc1-200x92.jpg 200w, https:\/\/vacuz.com\/wp-content\/uploads\/2022\/01\/Jeltecn\u8ba4\u8bc1-400x183.jpg 400w, https:\/\/vacuz.com\/wp-content\/uploads\/2022\/01\/Jeltecn\u8ba4\u8bc1-600x275.jpg 600w, https:\/\/vacuz.com\/wp-content\/uploads\/2022\/01\/Jeltecn\u8ba4\u8bc1-800x366.jpg 800w\" sizes=\"auto, (max-width: 1200px) 100vw, 1200px\" \/><\/p>\n<h2>Imballaggio e spedizione<\/h2>\n<p><strong>1.Port: Shanghai\/Shenzhen o la vostra scelta<\/strong><\/p>\n<p><strong>Imballaggio e trasporto<\/strong><br \/>\n<strong>Pacchetto generale (cartone di carta o sacchetto di plastica): Per le merci di piccole dimensioni, imballare con forma e carta da imballaggio per garantire l'integrit\u00e0 durante il trasporto.<\/strong><br \/>\n<strong>Confezione in legno: Per le merci su larga scala, come le attrezzature della macchina, ecc. abbiamo uno speciale falegname esperto, che realizza una cassa di legno con spessore, densit\u00e0 e lunghezza esatti. La freccia verso l'alto \u00e8 indicata sulla cassa di legno esterna. Il materiale di tamponamento viene inserito nella cassa di legno per evitare crepe e urti. Vi comunicheremo la nota di consegna. \u00c8 sufficiente attendere la telefonata, quindi ritirare le merci presso la stazione logistica pi\u00f9 vicina (si prega di farmi sapere in anticipo se si desidera ottenere le merci a casa).<\/strong><\/p>\n<p><img loading=\"lazy\" decoding=\"async\" class=\"size-full wp-image-4124\" src=\"https:\/\/vacuz.com\/wp-content\/uploads\/2022\/01\/Winding-Machine-Shipping-and-packing-4.jpg\" alt=\"Macchina avvolgitrice Spedizione e imballaggio-4\" width=\"1512\" height=\"2016\" title=\"Automatico lungo motore rotore statore bobina nucleo magnetico in acciaio inserimento Assembly Loadering macchina di riempimento (4 pezzi)\" srcset=\"https:\/\/vacuz.com\/wp-content\/uploads\/2022\/01\/Winding-Machine-Shipping-and-packing-4.jpg 1512w, https:\/\/vacuz.com\/wp-content\/uploads\/2022\/01\/Winding-Machine-Shipping-and-packing-4-500x667.jpg 500w, https:\/\/vacuz.com\/wp-content\/uploads\/2022\/01\/Winding-Machine-Shipping-and-packing-4-700x933.jpg 700w, https:\/\/vacuz.com\/wp-content\/uploads\/2022\/01\/Winding-Machine-Shipping-and-packing-4-225x300.jpg 225w, https:\/\/vacuz.com\/wp-content\/uploads\/2022\/01\/Winding-Machine-Shipping-and-packing-4-768x1024.jpg 768w, https:\/\/vacuz.com\/wp-content\/uploads\/2022\/01\/Winding-Machine-Shipping-and-packing-4-1152x1536.jpg 1152w, https:\/\/vacuz.com\/wp-content\/uploads\/2022\/01\/Winding-Machine-Shipping-and-packing-4-9x12.jpg 9w, https:\/\/vacuz.com\/wp-content\/uploads\/2022\/01\/Winding-Machine-Shipping-and-packing-4-200x267.jpg 200w, https:\/\/vacuz.com\/wp-content\/uploads\/2022\/01\/Winding-Machine-Shipping-and-packing-4-400x533.jpg 400w, https:\/\/vacuz.com\/wp-content\/uploads\/2022\/01\/Winding-Machine-Shipping-and-packing-4-600x800.jpg 600w, https:\/\/vacuz.com\/wp-content\/uploads\/2022\/01\/Winding-Machine-Shipping-and-packing-4-800x1067.jpg 800w, https:\/\/vacuz.com\/wp-content\/uploads\/2022\/01\/Winding-Machine-Shipping-and-packing-4-1200x1600.jpg 1200w\" sizes=\"auto, (max-width: 1512px) 100vw, 1512px\" \/><\/p>\n<p>&nbsp;<\/p>\n<h2>Vacuz Service &amp; Strength<\/h2>\n<p><b data-spm-anchor-id=\"a2700.details.0.i31.182f594ewjEnUT\">Il principio del servizio<\/b><br \/>\nForniamo il miglior servizio con \"veloce + soddisfacente + sicuro\".<br \/>\n<b>Periodo di garanzia<\/b><br \/>\n12 mesi dopo che l'utente ha ricevuto il prodotto.<br \/>\n<b>Articoli in garanzia<\/b><br \/>\nSolo per guasti anomali causati da difetti di progettazione o di fabbricazione della macchina,<br \/>\nsaranno fornite riparazioni e accessori gratuiti.<br \/>\n<b>Capacit\u00e0 di servizio tecnologico<\/b><br \/>\nTutti i tecnici dell'assistenza, con molti anni di esperienza, hanno ricevuto una formazione tecnologica speciale, in grado di affrontare vari problemi di guasto.<br \/>\nGuidare l'utente all'uso accurato e alla manutenzione del prodotto.<br \/>\nFornire consulenza gratuita sulla tecnologia dei processi produttivi dei prodotti elettronici.<br \/>\n<b>Servizio dopo la vendita<\/b><br \/>\nPer garantire l'utilizzo normale della macchina, \u00e8 previsto un corso di formazione sul funzionamento, l'utilizzo e la manutenzione del prodotto tramite manuale in inglese, video e guida in linea.<br \/>\n<b>Istruzioni per l'uso<\/b><br \/>\nApplicare la giusta dimensione completa del prodotto, altrimenti le dimensioni sbagliate influiranno sull'effetto di utilizzo.<br \/>\nAssicurarsi che il prodotto sia completamente conforme alle istruzioni per l'uso e non superare il campo di applicazione del prodotto.<br \/>\nMantenere il prodotto dopo l'uso, a prova di umidit\u00e0, di ruggine, di perdite, a prova di esplosione. Tutto ci\u00f2 contribuisce a prolungare il periodo di utilizzo.<br \/>\n<b>Gestione dei documenti degli utenti<\/b><br \/>\nStabilendo una perfetta gestione dei documenti degli utenti nel sistema EPR, ogni dettaglio di funzionamento del prodotto sar\u00e0 seguito per la gestione. Gli utenti saranno tenuti sotto controllo.<br \/>\n<b>Informazioni sul prodotto<\/b><br \/>\n1. Foto del prodotto: Tutte le foto del prodotto sono prese dal prodotto reale, c'\u00e8 l'aberrazione cromatica tra il prodotto e la foto, che \u00e8 causata dalla luce delle riprese, dalle dimensioni del prodotto, dalla tecnologia manuale e dal display del computer, ecc. Non \u00e8 un problema di qualit\u00e0. Parti dei prodotti<br \/>\nsono cambiati nell'aspetto a causa della tecnologia rivoluzionaria e del miglioramento del processo. SanShine garantisce che il parametro del prodotto sia invariato e che il prodotto non possa essere utilizzato.<br \/>\n2. Dimensione del prodotto: Tutti i parametri sono misurati dal manuale solo per riferimento. C'\u00e8 una piccola deviazione dovuta alla differenza di strumenti di misura, prodotti di lotto e processo di produzione. La dimensione reale dovrebbe essere conforme al prodotto finale di consegna.<br \/>\n3. Ispezione di qualit\u00e0: Tutti i prodotti devono essere ispezionati rigorosamente prima della spedizione. Assicurare la buona funzione e l'aspetto.<\/p>\n<h2>Video della macchina Vacuz<\/h2>\n<p><iframe loading=\"lazy\" title=\"Long Rotor Coil Automatic Magnetic Steel Insertion Feeding Machines\" width=\"1200\" height=\"675\" src=\"https:\/\/www.youtube.com\/embed\/7ZHxT7eUP_E?feature=oembed\" frameborder=\"0\" allow=\"accelerometer; autoplay; clipboard-write; encrypted-media; gyroscope; picture-in-picture; web-share\" referrerpolicy=\"strict-origin-when-cross-origin\" allowfullscreen><\/iframe><\/p>\n<\/div>","protected":false},"excerpt":{"rendered":"<p>Automatic Long Rotor Motor Stator Coil Core Magnetic Steel Insertion Assembly Loadering Filling Machine(4 pieces) Machine Feature Multiple magnets can be inserted at the same time Height adjustment function, compatible with different height products Easy to operate, just put the product into the mold and press start Adopt cylinder, linear bearing, copper sleeve, etc., durable [&hellip;]<\/p>\n","protected":false},"featured_media":6684,"template":"","meta":{"_gspb_post_css":"","_joinchat":[]},"product_brand":[],"product_cat":[775],"product_tag":[356,247,250],"class_list":{"0":"post-6683","1":"product","2":"type-product","3":"status-publish","4":"has-post-thumbnail","6":"product_cat-magnet-machine","7":"product_tag-automatic-bldc-stator-motor-coil-rotor-magnetic-steel-insertion-machine","8":"product_tag-automatic-stator-coil-winding-machine","9":"product_tag-magnetic-steel-coil-insertion-machine","11":"first","12":"instock","13":"featured","14":"shipping-taxable","15":"product-type-simple"},"_links":{"self":[{"href":"https:\/\/vacuz.com\/it\/wp-json\/wp\/v2\/product\/6683","targetHints":{"allow":["GET"]}}],"collection":[{"href":"https:\/\/vacuz.com\/it\/wp-json\/wp\/v2\/product"}],"about":[{"href":"https:\/\/vacuz.com\/it\/wp-json\/wp\/v2\/types\/product"}],"wp:featuredmedia":[{"embeddable":true,"href":"https:\/\/vacuz.com\/it\/wp-json\/wp\/v2\/media\/6684"}],"wp:attachment":[{"href":"https:\/\/vacuz.com\/it\/wp-json\/wp\/v2\/media?parent=6683"}],"wp:term":[{"taxonomy":"product_brand","embeddable":true,"href":"https:\/\/vacuz.com\/it\/wp-json\/wp\/v2\/product_brand?post=6683"},{"taxonomy":"product_cat","embeddable":true,"href":"https:\/\/vacuz.com\/it\/wp-json\/wp\/v2\/product_cat?post=6683"},{"taxonomy":"product_tag","embeddable":true,"href":"https:\/\/vacuz.com\/it\/wp-json\/wp\/v2\/product_tag?post=6683"}],"curies":[{"name":"wp","href":"https:\/\/api.w.org\/{rel}","templated":true}]}}