{"id":7099,"date":"2022-10-14T08:54:32","date_gmt":"2022-10-14T08:54:32","guid":{"rendered":"https:\/\/vacuz.com\/?post_type=product&#038;p=7099"},"modified":"2025-11-03T03:36:38","modified_gmt":"2025-11-03T03:36:38","slug":"0-6-1-6mm-vacuz-gear-head-type-automatic-toroidal-mutual-transformer-coil-inductor-winding-machine","status":"publish","type":"product","link":"https:\/\/vacuz.com\/it\/product\/0-6-1-6mm-vacuz-gear-head-type-automatic-toroidal-mutual-transformer-coil-inductor-winding-machine\/","title":{"rendered":"0,6-1,6 mm Vacuz Gear Head tipo automatico toroidale reciproco trasformatore bobina induttore avvolgimento macchina"},"content":{"rendered":"<h2>0,6-1,6 mm Vacuz Gear Head tipo automatico toroidale reciproco trasformatore bobina induttore avvolgimento macchina<\/h2>\n<div data-wp-editing=\"1\">\n<h3><strong>Caratteristiche della macchina<\/strong><\/h3>\n<p><strong>la macchina automatica di avvolgimento del trasformatore toroidale adotta il regolatore toroidale di CNC, la macchina automatica di avvolgimento del trasformatore toroidale \u00e8 macchina di avvolgimento del trasformatore toroidale del tipo di ingranaggio. la macchina automatica di avvolgimento del trasformatore toroidale \u00e8 un avvolgitore digitale della bobina toroidale accuratamente e l'affidabilit\u00e0, macchina automatica di avvolgimento del trasformatore toroidale \u00e8 usata per l'induttore toroidale, il trasformatore toroidale, il trasformatore corrente toroidale, il sensore corrente toroidale, la bobina toroidale, la bobina toroidale del cuneo, gli induttori di potere, i magnetici di potere, l'induttore di UPS, gli induttori del convertitore, i sensori del misuratore dell'acqua, il trasformatore corrente toroidale del metro elettronico dell'ora dell'acqua ecc.<\/strong><\/p>\n<h3><strong>Parametri tecnici principali<\/strong><\/h3>\n<table style=\"height: 501px;\" width=\"1604\">\n<tbody>\n<tr class=\"firstRow\">\n<td colspan=\"4\" width=\"588\"><strong><span id=\"result_box\">Gear Winder<\/span>\uff08Macchina con testa a ingranaggi\/Mag.OD.250)<span id=\"result_box\">Unit\u00e0<\/span>mm<\/strong><\/td>\n<\/tr>\n<tr>\n<td width=\"114\"><strong><span id=\"result_box\">Gamma di diametri dei fili<\/span><\/strong><\/td>\n<td width=\"139\"><strong>0,60-1,60 mm<\/strong><\/td>\n<td width=\"114\"><strong><span id=\"result_box\">Con una velocit\u00e0 massima di avvolgimento<\/span><\/strong><\/td>\n<td width=\"221\"><strong><span id=\"result_box\">200 giri\/minuto<\/span><\/strong><\/td>\n<\/tr>\n<tr>\n<td width=\"114\"><strong><span id=\"result_box\">OD finale (max)<\/span><\/strong><\/td>\n<td width=\"139\"><strong>\u042460-200mm<\/strong><\/td>\n<td width=\"114\"><strong><span id=\"result_box\">Distanza tra i fili<\/span><\/strong><\/td>\n<td width=\"221\"><strong><span id=\"result_box\"><span class=\"hps atn\">Collegamento proporzionale(<\/span>motore passo-passo)<\/span><\/strong><\/td>\n<\/tr>\n<tr>\n<td width=\"114\"><strong><span id=\"result_box\">Finalizzazione del diametro interno (Min)<\/span><\/strong><\/td>\n<td width=\"139\"><strong>\u042430mm<\/strong><\/td>\n<td width=\"114\"><strong><span id=\"result_box\">Tensione di esercizio<\/span><\/strong><\/td>\n<td width=\"221\"><strong>AC 220V (50Hz)<\/strong><\/td>\n<\/tr>\n<tr>\n<td width=\"114\"><strong><span id=\"result_box\">Altezza di finalizzazione (Max\uff09)<\/span><\/strong><\/td>\n<td width=\"139\"><strong>80 mm<\/strong><\/td>\n<td width=\"114\"><strong><span id=\"result_box\">Dimensioni meccaniche<\/span><\/strong><\/td>\n<td width=\"221\"><strong>550\u00d7500\u00d7750 mm<\/strong><\/td>\n<\/tr>\n<tr>\n<td width=\"114\"><strong><span id=\"result_box\">Programmi di capacit\u00e0 di archiviazione dei controllori<\/span><\/strong><\/td>\n<td width=\"139\"><strong>29\uff08set\uff09<\/strong><\/td>\n<td width=\"114\"><strong><span id=\"result_box\">Peso della macchina<\/span><\/strong><\/td>\n<td width=\"221\"><strong>94 kg<\/strong><\/td>\n<\/tr>\n<\/tbody>\n<\/table>\n<p><img loading=\"lazy\" decoding=\"async\" class=\"alignnone wp-image-7100 size-full\" src=\"https:\/\/vacuz.com\/wp-content\/uploads\/2022\/10\/Gear-Head-Toroidal-Winding-Machine-1.jpg\" alt=\"Macchina avvolgitrice toroidale a ingranaggi\" width=\"800\" height=\"800\" title=\"0,6-1,6 mm Vacuz Gear Head tipo automatico toroidale reciproco trasformatore bobina induttore avvolgimento macchina\" srcset=\"https:\/\/vacuz.com\/wp-content\/uploads\/2022\/10\/Gear-Head-Toroidal-Winding-Machine-1.jpg 800w, https:\/\/vacuz.com\/wp-content\/uploads\/2022\/10\/Gear-Head-Toroidal-Winding-Machine-1-500x500.jpg 500w, https:\/\/vacuz.com\/wp-content\/uploads\/2022\/10\/Gear-Head-Toroidal-Winding-Machine-1-100x100.jpg 100w, https:\/\/vacuz.com\/wp-content\/uploads\/2022\/10\/Gear-Head-Toroidal-Winding-Machine-1-700x700.jpg 700w, https:\/\/vacuz.com\/wp-content\/uploads\/2022\/10\/Gear-Head-Toroidal-Winding-Machine-1-300x300.jpg 300w, https:\/\/vacuz.com\/wp-content\/uploads\/2022\/10\/Gear-Head-Toroidal-Winding-Machine-1-150x150.jpg 150w, https:\/\/vacuz.com\/wp-content\/uploads\/2022\/10\/Gear-Head-Toroidal-Winding-Machine-1-768x768.jpg 768w, https:\/\/vacuz.com\/wp-content\/uploads\/2022\/10\/Gear-Head-Toroidal-Winding-Machine-1-12x12.jpg 12w, https:\/\/vacuz.com\/wp-content\/uploads\/2022\/10\/Gear-Head-Toroidal-Winding-Machine-1-66x66.jpg 66w, https:\/\/vacuz.com\/wp-content\/uploads\/2022\/10\/Gear-Head-Toroidal-Winding-Machine-1-200x200.jpg 200w, https:\/\/vacuz.com\/wp-content\/uploads\/2022\/10\/Gear-Head-Toroidal-Winding-Machine-1-400x400.jpg 400w, https:\/\/vacuz.com\/wp-content\/uploads\/2022\/10\/Gear-Head-Toroidal-Winding-Machine-1-600x600.jpg 600w\" sizes=\"auto, (max-width: 800px) 100vw, 800px\" \/><\/p>\n<p><img loading=\"lazy\" decoding=\"async\" class=\"alignnone wp-image-7101 size-full\" src=\"https:\/\/vacuz.com\/wp-content\/uploads\/2022\/10\/Gear-Head-Toroidal-Winding-Machine-2.jpg\" alt=\"Macchina avvolgitrice toroidale a ingranaggi\" width=\"800\" height=\"800\" title=\"0,6-1,6 mm Vacuz Gear Head tipo automatico toroidale reciproco trasformatore bobina induttore avvolgimento macchina\" srcset=\"https:\/\/vacuz.com\/wp-content\/uploads\/2022\/10\/Gear-Head-Toroidal-Winding-Machine-2.jpg 800w, https:\/\/vacuz.com\/wp-content\/uploads\/2022\/10\/Gear-Head-Toroidal-Winding-Machine-2-500x500.jpg 500w, https:\/\/vacuz.com\/wp-content\/uploads\/2022\/10\/Gear-Head-Toroidal-Winding-Machine-2-100x100.jpg 100w, https:\/\/vacuz.com\/wp-content\/uploads\/2022\/10\/Gear-Head-Toroidal-Winding-Machine-2-700x700.jpg 700w, https:\/\/vacuz.com\/wp-content\/uploads\/2022\/10\/Gear-Head-Toroidal-Winding-Machine-2-300x300.jpg 300w, https:\/\/vacuz.com\/wp-content\/uploads\/2022\/10\/Gear-Head-Toroidal-Winding-Machine-2-150x150.jpg 150w, https:\/\/vacuz.com\/wp-content\/uploads\/2022\/10\/Gear-Head-Toroidal-Winding-Machine-2-768x768.jpg 768w, https:\/\/vacuz.com\/wp-content\/uploads\/2022\/10\/Gear-Head-Toroidal-Winding-Machine-2-12x12.jpg 12w, https:\/\/vacuz.com\/wp-content\/uploads\/2022\/10\/Gear-Head-Toroidal-Winding-Machine-2-66x66.jpg 66w, https:\/\/vacuz.com\/wp-content\/uploads\/2022\/10\/Gear-Head-Toroidal-Winding-Machine-2-200x200.jpg 200w, https:\/\/vacuz.com\/wp-content\/uploads\/2022\/10\/Gear-Head-Toroidal-Winding-Machine-2-400x400.jpg 400w, https:\/\/vacuz.com\/wp-content\/uploads\/2022\/10\/Gear-Head-Toroidal-Winding-Machine-2-600x600.jpg 600w\" sizes=\"auto, (max-width: 800px) 100vw, 800px\" \/><\/p>\n<p><img loading=\"lazy\" decoding=\"async\" class=\"alignnone wp-image-7102 size-full\" src=\"https:\/\/vacuz.com\/wp-content\/uploads\/2022\/10\/Gear-Head-Toroidal-Winding-Machine-3.jpg\" alt=\"Macchina avvolgitrice toroidale a ingranaggi\" width=\"800\" height=\"800\" title=\"0,6-1,6 mm Vacuz Gear Head tipo automatico toroidale reciproco trasformatore bobina induttore avvolgimento macchina\" srcset=\"https:\/\/vacuz.com\/wp-content\/uploads\/2022\/10\/Gear-Head-Toroidal-Winding-Machine-3.jpg 800w, https:\/\/vacuz.com\/wp-content\/uploads\/2022\/10\/Gear-Head-Toroidal-Winding-Machine-3-500x500.jpg 500w, https:\/\/vacuz.com\/wp-content\/uploads\/2022\/10\/Gear-Head-Toroidal-Winding-Machine-3-100x100.jpg 100w, https:\/\/vacuz.com\/wp-content\/uploads\/2022\/10\/Gear-Head-Toroidal-Winding-Machine-3-700x700.jpg 700w, https:\/\/vacuz.com\/wp-content\/uploads\/2022\/10\/Gear-Head-Toroidal-Winding-Machine-3-300x300.jpg 300w, https:\/\/vacuz.com\/wp-content\/uploads\/2022\/10\/Gear-Head-Toroidal-Winding-Machine-3-150x150.jpg 150w, https:\/\/vacuz.com\/wp-content\/uploads\/2022\/10\/Gear-Head-Toroidal-Winding-Machine-3-768x768.jpg 768w, https:\/\/vacuz.com\/wp-content\/uploads\/2022\/10\/Gear-Head-Toroidal-Winding-Machine-3-12x12.jpg 12w, https:\/\/vacuz.com\/wp-content\/uploads\/2022\/10\/Gear-Head-Toroidal-Winding-Machine-3-66x66.jpg 66w, https:\/\/vacuz.com\/wp-content\/uploads\/2022\/10\/Gear-Head-Toroidal-Winding-Machine-3-200x200.jpg 200w, https:\/\/vacuz.com\/wp-content\/uploads\/2022\/10\/Gear-Head-Toroidal-Winding-Machine-3-400x400.jpg 400w, https:\/\/vacuz.com\/wp-content\/uploads\/2022\/10\/Gear-Head-Toroidal-Winding-Machine-3-600x600.jpg 600w\" sizes=\"auto, (max-width: 800px) 100vw, 800px\" \/><\/p>\n<p><img loading=\"lazy\" decoding=\"async\" class=\"alignnone wp-image-7103 size-full\" src=\"https:\/\/vacuz.com\/wp-content\/uploads\/2022\/10\/Gear-Head-Toroidal-Winding-Machine-4.jpg\" alt=\"Macchina avvolgitrice toroidale a ingranaggi\" width=\"800\" height=\"800\" title=\"0,6-1,6 mm Vacuz Gear Head tipo automatico toroidale reciproco trasformatore bobina induttore avvolgimento macchina\" srcset=\"https:\/\/vacuz.com\/wp-content\/uploads\/2022\/10\/Gear-Head-Toroidal-Winding-Machine-4.jpg 800w, https:\/\/vacuz.com\/wp-content\/uploads\/2022\/10\/Gear-Head-Toroidal-Winding-Machine-4-500x500.jpg 500w, https:\/\/vacuz.com\/wp-content\/uploads\/2022\/10\/Gear-Head-Toroidal-Winding-Machine-4-100x100.jpg 100w, https:\/\/vacuz.com\/wp-content\/uploads\/2022\/10\/Gear-Head-Toroidal-Winding-Machine-4-700x700.jpg 700w, https:\/\/vacuz.com\/wp-content\/uploads\/2022\/10\/Gear-Head-Toroidal-Winding-Machine-4-300x300.jpg 300w, https:\/\/vacuz.com\/wp-content\/uploads\/2022\/10\/Gear-Head-Toroidal-Winding-Machine-4-150x150.jpg 150w, https:\/\/vacuz.com\/wp-content\/uploads\/2022\/10\/Gear-Head-Toroidal-Winding-Machine-4-768x768.jpg 768w, https:\/\/vacuz.com\/wp-content\/uploads\/2022\/10\/Gear-Head-Toroidal-Winding-Machine-4-12x12.jpg 12w, https:\/\/vacuz.com\/wp-content\/uploads\/2022\/10\/Gear-Head-Toroidal-Winding-Machine-4-66x66.jpg 66w, https:\/\/vacuz.com\/wp-content\/uploads\/2022\/10\/Gear-Head-Toroidal-Winding-Machine-4-200x200.jpg 200w, https:\/\/vacuz.com\/wp-content\/uploads\/2022\/10\/Gear-Head-Toroidal-Winding-Machine-4-400x400.jpg 400w, https:\/\/vacuz.com\/wp-content\/uploads\/2022\/10\/Gear-Head-Toroidal-Winding-Machine-4-600x600.jpg 600w\" sizes=\"auto, (max-width: 800px) 100vw, 800px\" \/><\/p>\n<p>Mostra campione<\/p>\n<p><img loading=\"lazy\" decoding=\"async\" class=\"alignnone wp-image-7063 size-full\" src=\"https:\/\/vacuz.com\/wp-content\/uploads\/2022\/09\/6-2.jpg\" alt=\"6 2\" width=\"796\" height=\"871\" title=\"0,6-1,6 mm Vacuz Gear Head tipo automatico toroidale reciproco trasformatore bobina induttore avvolgimento macchina\" srcset=\"https:\/\/vacuz.com\/wp-content\/uploads\/2022\/09\/6-2.jpg 796w, https:\/\/vacuz.com\/wp-content\/uploads\/2022\/09\/6-2-500x547.jpg 500w, https:\/\/vacuz.com\/wp-content\/uploads\/2022\/09\/6-2-700x766.jpg 700w, https:\/\/vacuz.com\/wp-content\/uploads\/2022\/09\/6-2-274x300.jpg 274w, https:\/\/vacuz.com\/wp-content\/uploads\/2022\/09\/6-2-768x840.jpg 768w, https:\/\/vacuz.com\/wp-content\/uploads\/2022\/09\/6-2-11x12.jpg 11w, https:\/\/vacuz.com\/wp-content\/uploads\/2022\/09\/6-2-200x219.jpg 200w, https:\/\/vacuz.com\/wp-content\/uploads\/2022\/09\/6-2-400x438.jpg 400w, https:\/\/vacuz.com\/wp-content\/uploads\/2022\/09\/6-2-600x657.jpg 600w\" sizes=\"auto, (max-width: 796px) 100vw, 796px\" \/><\/p>\n<p><span style=\"font-size: 23.04px;\">Informazioni sulla societ\u00e0<\/span><\/p>\n<\/div>\n<div>\n<p><strong>La Vacuz Machine Factory \u00e8 stata fondata nel maggio 2007 e ha sede nella citt\u00e0 di Dongguan, nella provincia di Guangdong. \u00c8 un produttore professionista impegnato nella ricerca, nello sviluppo, nella produzione, nella vendita e nell'assistenza di macchine automatiche per l'avvolgimento, macchine per l'avvolgimento di bobine, macchine per l'avvolgimento di trasformatori, macchine per l'avvolgimento di motori, macchine per l'avvolgimento di bobine wireless, macchine per l'avvolgimento di induttori a bobina di modo comune SQ e altre macchine per l'avvolgimento non standard. Venduti in tutte le citt\u00e0 e province della Cina, i nostri prodotti vengono esportati anche in paesi e regioni come il Medio Oriente, l'Europa, l'Africa, l'Asia e il Nord America. Che si tratti di selezionare un prodotto attuale dal nostro catalogo o di richiedere assistenza tecnica per la vostra applicazione, potete rivolgervi al nostro centro di assistenza clienti per le vostre esigenze di approvvigionamento. La qualit\u00e0 \u00e8 la nostra cultura! Ci auguriamo di poter collaborare presto con voi!<\/strong><\/p>\n<p><img loading=\"lazy\" decoding=\"async\" class=\"alignnone size-full wp-image-4136\" src=\"https:\/\/vacuz.com\/wp-content\/uploads\/2022\/01\/Company-info-1.jpg\" alt=\"Company Info 1\" width=\"1200\" height=\"800\" title=\"0,6-1,6 mm Vacuz Gear Head tipo automatico toroidale reciproco trasformatore bobina induttore avvolgimento macchina\" srcset=\"https:\/\/vacuz.com\/wp-content\/uploads\/2022\/01\/Company-info-1.jpg 1200w, https:\/\/vacuz.com\/wp-content\/uploads\/2022\/01\/Company-info-1-500x333.jpg 500w, https:\/\/vacuz.com\/wp-content\/uploads\/2022\/01\/Company-info-1-700x467.jpg 700w, https:\/\/vacuz.com\/wp-content\/uploads\/2022\/01\/Company-info-1-300x200.jpg 300w, https:\/\/vacuz.com\/wp-content\/uploads\/2022\/01\/Company-info-1-1024x683.jpg 1024w, https:\/\/vacuz.com\/wp-content\/uploads\/2022\/01\/Company-info-1-768x512.jpg 768w, https:\/\/vacuz.com\/wp-content\/uploads\/2022\/01\/Company-info-1-18x12.jpg 18w, https:\/\/vacuz.com\/wp-content\/uploads\/2022\/01\/Company-info-1-200x133.jpg 200w, https:\/\/vacuz.com\/wp-content\/uploads\/2022\/01\/Company-info-1-400x267.jpg 400w, https:\/\/vacuz.com\/wp-content\/uploads\/2022\/01\/Company-info-1-600x400.jpg 600w, https:\/\/vacuz.com\/wp-content\/uploads\/2022\/01\/Company-info-1-800x533.jpg 800w\" sizes=\"auto, (max-width: 1200px) 100vw, 1200px\" \/><\/p>\n<p><img loading=\"lazy\" decoding=\"async\" class=\"size-full wp-image-4126\" src=\"https:\/\/vacuz.com\/wp-content\/uploads\/2022\/01\/Company-info.jpg\" alt=\"Vacuz Informazioni sull&#039;azienda\" width=\"1754\" height=\"1241\" title=\"0,6-1,6 mm Vacuz Gear Head tipo automatico toroidale reciproco trasformatore bobina induttore avvolgimento macchina\" srcset=\"https:\/\/vacuz.com\/wp-content\/uploads\/2022\/01\/Company-info.jpg 1754w, https:\/\/vacuz.com\/wp-content\/uploads\/2022\/01\/Company-info-500x354.jpg 500w, https:\/\/vacuz.com\/wp-content\/uploads\/2022\/01\/Company-info-700x495.jpg 700w, https:\/\/vacuz.com\/wp-content\/uploads\/2022\/01\/Company-info-300x212.jpg 300w, https:\/\/vacuz.com\/wp-content\/uploads\/2022\/01\/Company-info-1024x725.jpg 1024w, https:\/\/vacuz.com\/wp-content\/uploads\/2022\/01\/Company-info-768x543.jpg 768w, https:\/\/vacuz.com\/wp-content\/uploads\/2022\/01\/Company-info-1536x1087.jpg 1536w, https:\/\/vacuz.com\/wp-content\/uploads\/2022\/01\/Company-info-18x12.jpg 18w, https:\/\/vacuz.com\/wp-content\/uploads\/2022\/01\/Company-info-200x142.jpg 200w, https:\/\/vacuz.com\/wp-content\/uploads\/2022\/01\/Company-info-400x283.jpg 400w, https:\/\/vacuz.com\/wp-content\/uploads\/2022\/01\/Company-info-600x425.jpg 600w, https:\/\/vacuz.com\/wp-content\/uploads\/2022\/01\/Company-info-800x566.jpg 800w, https:\/\/vacuz.com\/wp-content\/uploads\/2022\/01\/Company-info-1200x849.jpg 1200w\" sizes=\"auto, (max-width: 1754px) 100vw, 1754px\" \/><\/p>\n<p><img loading=\"lazy\" decoding=\"async\" class=\"size-full wp-image-4132\" src=\"https:\/\/vacuz.com\/wp-content\/uploads\/2022\/01\/\u5408\u4f5c\u4f19\u4f34.jpg\" alt=\"Partner\" width=\"1200\" height=\"555\" title=\"0,6-1,6 mm Vacuz Gear Head tipo automatico toroidale reciproco trasformatore bobina induttore avvolgimento macchina\" srcset=\"https:\/\/vacuz.com\/wp-content\/uploads\/2022\/01\/\u5408\u4f5c\u4f19\u4f34.jpg 1200w, https:\/\/vacuz.com\/wp-content\/uploads\/2022\/01\/\u5408\u4f5c\u4f19\u4f34-500x231.jpg 500w, https:\/\/vacuz.com\/wp-content\/uploads\/2022\/01\/\u5408\u4f5c\u4f19\u4f34-700x324.jpg 700w, https:\/\/vacuz.com\/wp-content\/uploads\/2022\/01\/\u5408\u4f5c\u4f19\u4f34-300x139.jpg 300w, https:\/\/vacuz.com\/wp-content\/uploads\/2022\/01\/\u5408\u4f5c\u4f19\u4f34-1024x474.jpg 1024w, https:\/\/vacuz.com\/wp-content\/uploads\/2022\/01\/\u5408\u4f5c\u4f19\u4f34-768x355.jpg 768w, https:\/\/vacuz.com\/wp-content\/uploads\/2022\/01\/\u5408\u4f5c\u4f19\u4f34-18x8.jpg 18w, https:\/\/vacuz.com\/wp-content\/uploads\/2022\/01\/\u5408\u4f5c\u4f19\u4f34-200x93.jpg 200w, https:\/\/vacuz.com\/wp-content\/uploads\/2022\/01\/\u5408\u4f5c\u4f19\u4f34-400x185.jpg 400w, https:\/\/vacuz.com\/wp-content\/uploads\/2022\/01\/\u5408\u4f5c\u4f19\u4f34-600x278.jpg 600w, https:\/\/vacuz.com\/wp-content\/uploads\/2022\/01\/\u5408\u4f5c\u4f19\u4f34-800x370.jpg 800w\" sizes=\"auto, (max-width: 1200px) 100vw, 1200px\" \/><\/p>\n<p><img loading=\"lazy\" decoding=\"async\" class=\"size-full wp-image-4127\" src=\"https:\/\/vacuz.com\/wp-content\/uploads\/2022\/01\/Jeltecn\u8ba4\u8bc1.jpg\" alt=\"Certificato Vacuz\" width=\"1200\" height=\"549\" title=\"0,6-1,6 mm Vacuz Gear Head tipo automatico toroidale reciproco trasformatore bobina induttore avvolgimento macchina\" srcset=\"https:\/\/vacuz.com\/wp-content\/uploads\/2022\/01\/Jeltecn\u8ba4\u8bc1.jpg 1200w, https:\/\/vacuz.com\/wp-content\/uploads\/2022\/01\/Jeltecn\u8ba4\u8bc1-500x229.jpg 500w, https:\/\/vacuz.com\/wp-content\/uploads\/2022\/01\/Jeltecn\u8ba4\u8bc1-700x320.jpg 700w, https:\/\/vacuz.com\/wp-content\/uploads\/2022\/01\/Jeltecn\u8ba4\u8bc1-300x137.jpg 300w, https:\/\/vacuz.com\/wp-content\/uploads\/2022\/01\/Jeltecn\u8ba4\u8bc1-1024x468.jpg 1024w, https:\/\/vacuz.com\/wp-content\/uploads\/2022\/01\/Jeltecn\u8ba4\u8bc1-768x351.jpg 768w, https:\/\/vacuz.com\/wp-content\/uploads\/2022\/01\/Jeltecn\u8ba4\u8bc1-18x8.jpg 18w, https:\/\/vacuz.com\/wp-content\/uploads\/2022\/01\/Jeltecn\u8ba4\u8bc1-200x92.jpg 200w, https:\/\/vacuz.com\/wp-content\/uploads\/2022\/01\/Jeltecn\u8ba4\u8bc1-400x183.jpg 400w, https:\/\/vacuz.com\/wp-content\/uploads\/2022\/01\/Jeltecn\u8ba4\u8bc1-600x275.jpg 600w, https:\/\/vacuz.com\/wp-content\/uploads\/2022\/01\/Jeltecn\u8ba4\u8bc1-800x366.jpg 800w\" sizes=\"auto, (max-width: 1200px) 100vw, 1200px\" \/><\/p>\n<h3>Imballaggio e spedizione<\/h3>\n<p><strong>1.Port: Shanghai\/Shenzhen o la vostra scelta<\/strong><\/p>\n<p><strong>Imballaggio e trasporto<\/strong><br \/>\n<strong>Pacchetto generale (cartone di carta o sacchetto di plastica): Per le merci di piccole dimensioni, imballare con forma e carta da imballaggio per garantire l'integrit\u00e0 durante il trasporto.<\/strong><br \/>\n<strong>Confezione in legno: Per le merci su larga scala, come le attrezzature della macchina, ecc. abbiamo uno speciale falegname esperto, che realizza una cassa di legno con spessore, densit\u00e0 e lunghezza esatti. La freccia verso l'alto \u00e8 indicata sulla cassa di legno esterna. Il materiale di tamponamento viene inserito nella cassa di legno per evitare crepe e urti. Vi comunicheremo la nota di consegna. \u00c8 sufficiente attendere la telefonata, quindi ritirare le merci presso la stazione logistica pi\u00f9 vicina (si prega di farmi sapere in anticipo se si desidera ottenere le merci a casa).<\/strong><\/p>\n<p><img loading=\"lazy\" decoding=\"async\" class=\"size-full wp-image-4124\" src=\"https:\/\/vacuz.com\/wp-content\/uploads\/2022\/01\/Winding-Machine-Shipping-and-packing-4.jpg\" alt=\"Macchina avvolgitrice Spedizione e imballaggio-4\" width=\"1512\" height=\"2016\" title=\"0,6-1,6 mm Vacuz Gear Head tipo automatico toroidale reciproco trasformatore bobina induttore avvolgimento macchina\" srcset=\"https:\/\/vacuz.com\/wp-content\/uploads\/2022\/01\/Winding-Machine-Shipping-and-packing-4.jpg 1512w, https:\/\/vacuz.com\/wp-content\/uploads\/2022\/01\/Winding-Machine-Shipping-and-packing-4-500x667.jpg 500w, https:\/\/vacuz.com\/wp-content\/uploads\/2022\/01\/Winding-Machine-Shipping-and-packing-4-700x933.jpg 700w, https:\/\/vacuz.com\/wp-content\/uploads\/2022\/01\/Winding-Machine-Shipping-and-packing-4-225x300.jpg 225w, https:\/\/vacuz.com\/wp-content\/uploads\/2022\/01\/Winding-Machine-Shipping-and-packing-4-768x1024.jpg 768w, https:\/\/vacuz.com\/wp-content\/uploads\/2022\/01\/Winding-Machine-Shipping-and-packing-4-1152x1536.jpg 1152w, https:\/\/vacuz.com\/wp-content\/uploads\/2022\/01\/Winding-Machine-Shipping-and-packing-4-9x12.jpg 9w, https:\/\/vacuz.com\/wp-content\/uploads\/2022\/01\/Winding-Machine-Shipping-and-packing-4-200x267.jpg 200w, https:\/\/vacuz.com\/wp-content\/uploads\/2022\/01\/Winding-Machine-Shipping-and-packing-4-400x533.jpg 400w, https:\/\/vacuz.com\/wp-content\/uploads\/2022\/01\/Winding-Machine-Shipping-and-packing-4-600x800.jpg 600w, https:\/\/vacuz.com\/wp-content\/uploads\/2022\/01\/Winding-Machine-Shipping-and-packing-4-800x1067.jpg 800w, https:\/\/vacuz.com\/wp-content\/uploads\/2022\/01\/Winding-Machine-Shipping-and-packing-4-1200x1600.jpg 1200w\" sizes=\"auto, (max-width: 1512px) 100vw, 1512px\" \/><\/p>\n<p>&nbsp;<\/p>\n<h2>Vacuz Service &amp; Strength<\/h2>\n<p><b data-spm-anchor-id=\"a2700.details.0.i31.182f594ewjEnUT\">Il principio del servizio<\/b><br \/>\nForniamo il miglior servizio con \"veloce + soddisfacente + sicuro\".<br \/>\n<b>Periodo di garanzia<\/b><br \/>\n12 mesi dopo che l'utente ha ricevuto il prodotto.<br \/>\n<b>Articoli in garanzia<\/b><br \/>\nSolo per guasti anomali causati da difetti di progettazione o di fabbricazione della macchina,<br \/>\nsaranno fornite riparazioni e accessori gratuiti.<br \/>\n<b>Capacit\u00e0 di servizio tecnologico<\/b><br \/>\nTutti i tecnici dell'assistenza, con molti anni di esperienza, hanno ricevuto una formazione tecnologica speciale, in grado di affrontare vari problemi di guasto.<br \/>\nGuidare l'utente all'uso accurato e alla manutenzione del prodotto.<br \/>\nFornire consulenza gratuita sulla tecnologia dei processi produttivi dei prodotti elettronici.<br \/>\n<b>Servizio dopo la vendita<\/b><br \/>\nPer garantire l'utilizzo normale della macchina, \u00e8 previsto un corso di formazione sul funzionamento, l'utilizzo e la manutenzione del prodotto tramite manuale in inglese, video e guida in linea.<br \/>\n<b>Istruzioni per l'uso<\/b><br \/>\nApplicare la giusta dimensione completa del prodotto, altrimenti le dimensioni sbagliate influiranno sull'effetto di utilizzo.<br \/>\nAssicurarsi che il prodotto sia completamente conforme alle istruzioni per l'uso e non superare il campo di applicazione del prodotto.<br \/>\nMantenere il prodotto dopo l'uso, a prova di umidit\u00e0, di ruggine, di perdite, a prova di esplosione. Tutto ci\u00f2 contribuisce a prolungare il periodo di utilizzo.<br \/>\n<b>Gestione dei documenti degli utenti<\/b><br \/>\nStabilendo una perfetta gestione dei documenti degli utenti nel sistema EPR, ogni dettaglio di funzionamento del prodotto sar\u00e0 seguito per la gestione. Gli utenti saranno tenuti sotto controllo.<br \/>\n<b>Informazioni sul prodotto<\/b><br \/>\n1. Foto del prodotto: Tutte le foto del prodotto sono prese dal prodotto reale, c'\u00e8 l'aberrazione cromatica tra il prodotto e la foto, che \u00e8 causata dalla luce delle riprese, dalle dimensioni del prodotto, dalla tecnologia manuale e dal display del computer, ecc. Non \u00e8 un problema di qualit\u00e0. Parti dei prodotti<br \/>\nsono cambiati nell'aspetto a causa della tecnologia rivoluzionaria e del miglioramento del processo. SanShine garantisce che il parametro del prodotto sia invariato e che il prodotto non possa essere utilizzato.<br \/>\n2. Dimensione del prodotto: Tutti i parametri sono misurati dal manuale solo per riferimento. C'\u00e8 una piccola deviazione dovuta alla differenza di strumenti di misura, prodotti di lotto e processo di produzione. La dimensione reale dovrebbe essere conforme al prodotto finale di consegna.<br \/>\n3. Ispezione di qualit\u00e0: Tutti i prodotti devono essere ispezionati rigorosamente prima della spedizione. Assicurare la buona funzione e l'aspetto.<\/p>\n<h2>Video della macchina Vacuz<\/h2>\n<p><iframe loading=\"lazy\" title=\"Migliore qualit\u00e0 Tipo ingranaggio automatico nucleo toroidale bobina trasformatore avvolgimento macchina Bobina taping macchina\" width=\"1200\" height=\"675\" src=\"https:\/\/www.youtube.com\/embed\/5o-2-gNCc4E?feature=oembed\" frameborder=\"0\" allow=\"accelerometer; autoplay; clipboard-write; encrypted-media; gyroscope; picture-in-picture; web-share\" referrerpolicy=\"strict-origin-when-cross-origin\" allowfullscreen><\/iframe><\/p>\n<\/div>","protected":false},"excerpt":{"rendered":"<p>0.6-1.6mm Vacuz Gear Head Type Automatic Toroidal Mutual Transformer Coil Inductor Winding Machine Machine Features automatic Toroidal transformer winding machine adopts CNC toroidal controller, automatic Toroidal transformer winding machine is Gear type Toroidal transformer winding machine . automatic Toroidal transformer winding machine is an accurately and reliability digital Toroidal coil winder , automatic Toroidal transformer [&hellip;]<\/p>\n","protected":false},"featured_media":7100,"template":"","meta":{"_gspb_post_css":"","_joinchat":[]},"product_brand":[],"product_cat":[790,779],"product_tag":[265,263,264],"class_list":{"0":"post-7099","1":"product","2":"type-product","3":"status-publish","4":"has-post-thumbnail","6":"product_cat-semi-automatic-toroidal-coil-winding-machine","7":"product_cat-toroidal-coil-production-machine","8":"product_tag-big-toroidal-coil","9":"product_tag-gear-type-toroidal-coil-winding-machine","10":"product_tag-toroidal-coil-inductor-winding-machine","12":"first","13":"instock","14":"featured","15":"shipping-taxable","16":"product-type-simple"},"_links":{"self":[{"href":"https:\/\/vacuz.com\/it\/wp-json\/wp\/v2\/product\/7099","targetHints":{"allow":["GET"]}}],"collection":[{"href":"https:\/\/vacuz.com\/it\/wp-json\/wp\/v2\/product"}],"about":[{"href":"https:\/\/vacuz.com\/it\/wp-json\/wp\/v2\/types\/product"}],"wp:featuredmedia":[{"embeddable":true,"href":"https:\/\/vacuz.com\/it\/wp-json\/wp\/v2\/media\/7100"}],"wp:attachment":[{"href":"https:\/\/vacuz.com\/it\/wp-json\/wp\/v2\/media?parent=7099"}],"wp:term":[{"taxonomy":"product_brand","embeddable":true,"href":"https:\/\/vacuz.com\/it\/wp-json\/wp\/v2\/product_brand?post=7099"},{"taxonomy":"product_cat","embeddable":true,"href":"https:\/\/vacuz.com\/it\/wp-json\/wp\/v2\/product_cat?post=7099"},{"taxonomy":"product_tag","embeddable":true,"href":"https:\/\/vacuz.com\/it\/wp-json\/wp\/v2\/product_tag?post=7099"}],"curies":[{"name":"wp","href":"https:\/\/api.w.org\/{rel}","templated":true}]}}