{"id":4114,"date":"2022-01-18T10:20:40","date_gmt":"2022-01-18T10:20:40","guid":{"rendered":"https:\/\/vacuz.com\/?post_type=product&#038;p=4114"},"modified":"2025-11-03T07:28:08","modified_gmt":"2025-11-03T07:28:08","slug":"ringvormige-wikkelende-tapmachine","status":"publish","type":"product","link":"https:\/\/vacuz.com\/nl\/product\/toroidal-winding-taping-machine\/","title":{"rendered":"Vacuz Semi Automatische Riemtype Toroidal Spoel Inductor het Winden Machine"},"content":{"rendered":"<h2>Vacuz Semi Automatische Riemtype Toroidal Spoel Inductor het Winden Machine<\/h2>\n<p data-spm-anchor-id=\"a2700.wholesale.0.i26.4dab536b1Qop0r\"><strong>Dit apparaat maakt gebruik van een computer CNC-besturing om de spindel nauwkeurig te lokaliseren door middel van CPLD-decodering en snelheidsmeting. Het is uitgerust met een stappenmotor met een constante stroomchopper om de bedrading aan te drijven. Het is snel en nauwkeurig om de normale werking van de apparatuur te garanderen. Het wordt wijd gebruikt in de productie van Toepassingsgebied: toroidal inductor met hoge frekwentie, van wijzeinductor, differenti\u00eble wijzeinductor.<\/strong><\/p>\n<p><strong>Functies en kenmerken:<\/strong><\/p>\n<p><strong>1. De gegevens slaan de paragraaf 0~999 stap op.<\/strong><\/p>\n<p><strong>2. Het kan de wikkeling op hoge snelheid omkeren.<\/strong><\/p>\n<p><strong>3. Het aantal cirkels is nauwkeurig.<\/strong><\/p>\n<p><strong>4. De probleeminformatie wordt automatisch opgeslagen.<\/strong><\/p>\n<p><strong>5. CNC kan de productiestatus bewaken en weergeven.<\/strong><\/p>\n<p><strong>6. De instelling is eenvoudig en de bediening is gemakkelijk.<\/strong><\/p>\n<p><strong>Technische parameters:<\/strong><\/p>\n<table width=\"1365\">\n<tbody>\n<tr>\n<td width=\"72\"><strong>Model<\/strong><\/td>\n<td width=\"72\"><strong>Va-04<\/strong><\/td>\n<td width=\"72\"><strong>Va-05<\/strong><\/td>\n<td width=\"72\"><strong>Va-06<\/strong><\/td>\n<td width=\"72\"><strong>Va-07<\/strong><\/td>\n<td width=\"72\"><strong>Va-08<\/strong><\/td>\n<\/tr>\n<tr>\n<td width=\"72\"><strong>Wikkelbare draaddiameter<\/strong><\/td>\n<td width=\"72\"><strong>\u03c60.2-0.8<\/strong><\/td>\n<td width=\"72\"><strong>\u03c60.3-0.9<\/strong><\/td>\n<td width=\"72\"><strong>\u03c60.5-1.0<\/strong><\/td>\n<td width=\"72\"><strong>\u03c60.6-1.25<\/strong><\/td>\n<td width=\"72\"><strong>\u03c60.8-1.3<\/strong><\/td>\n<\/tr>\n<tr>\n<td width=\"72\"><strong>Min. eindspoel I.D.<\/strong><\/td>\n<td width=\"72\"><strong>\u03c63<\/strong><\/td>\n<td width=\"72\"><strong>\u03c65<\/strong><\/td>\n<td width=\"72\"><strong>\u03c67<\/strong><\/td>\n<td width=\"72\"><strong>\u03c610<\/strong><\/td>\n<td width=\"72\"><strong>\u03c612<\/strong><\/td>\n<\/tr>\n<tr>\n<td width=\"72\"><strong>Spoel O. D.<\/strong><\/td>\n<td width=\"72\"><strong>\u03c610-30<\/strong><\/td>\n<td width=\"72\"><strong>\u03c618-30<\/strong><\/td>\n<td width=\"72\"><strong>\u03c622-60<\/strong><\/td>\n<td width=\"72\"><strong>\u03c630-60<\/strong><\/td>\n<td width=\"72\"><strong>\u03c630-80<\/strong><\/td>\n<\/tr>\n<tr>\n<td width=\"72\"><strong>Max. uiteindelijke spoelhoogte<\/strong><\/td>\n<td width=\"72\"><strong>25<\/strong><\/td>\n<td width=\"72\"><strong>30<\/strong><\/td>\n<td width=\"72\"><strong>33<\/strong><\/td>\n<td width=\"72\"><strong>45<\/strong><\/td>\n<td width=\"72\"><strong>50<\/strong><\/td>\n<\/tr>\n<tr>\n<td width=\"72\"><strong>Strooimotor<\/strong><\/td>\n<td width=\"72\"><strong>24V stappenmotor<\/strong><\/td>\n<td width=\"72\"><strong>24V stappenmotor<\/strong><\/td>\n<td width=\"72\"><strong>24V stappenmotor<\/strong><\/td>\n<td width=\"72\"><strong>24V stappenmotor<\/strong><\/td>\n<td width=\"72\"><strong>24V stappenmotor<\/strong><\/td>\n<\/tr>\n<tr>\n<td width=\"72\"><strong>Motor wikkelen<\/strong><\/td>\n<td width=\"72\"><strong>DC 400W<\/strong><\/td>\n<td width=\"72\"><strong>DC 400W<\/strong><\/td>\n<td width=\"72\"><strong>DC 600W<\/strong><\/td>\n<td width=\"72\"><strong>DC 600W<\/strong><\/td>\n<td width=\"72\"><strong>DC 600W<\/strong><\/td>\n<\/tr>\n<tr>\n<td width=\"72\"><strong>Max. wikkelsnelheid<\/strong><\/td>\n<td width=\"72\"><strong>2000 TPM<\/strong><\/td>\n<td width=\"72\"><strong>1500 TPM<\/strong><\/td>\n<td width=\"72\"><strong>1200 RPM<\/strong><\/td>\n<td width=\"72\"><strong>1200 RPM<\/strong><\/td>\n<td width=\"72\"><strong>1200 RPM<\/strong><\/td>\n<\/tr>\n<tr>\n<td width=\"72\"><strong>Spanning<\/strong><\/td>\n<td width=\"72\"><strong>220V 50\/60HZ<\/strong><\/td>\n<td width=\"72\"><strong>220V 50\/60HZ<\/strong><\/td>\n<td width=\"72\"><strong>220V 50\/60HZ<\/strong><\/td>\n<td width=\"72\"><strong>220V 50\/60HZ<\/strong><\/td>\n<td width=\"72\"><strong>220V 50\/60HZ<\/strong><\/td>\n<\/tr>\n<tr>\n<td width=\"72\"><strong>Gewicht machine<\/strong><\/td>\n<td width=\"72\"><strong>42KG<\/strong><\/td>\n<td width=\"72\"><strong>42KG<\/strong><\/td>\n<td width=\"72\"><strong>43KG<\/strong><\/td>\n<td width=\"72\"><strong>45KG<\/strong><\/td>\n<td width=\"72\"><strong>50KG<\/strong><\/td>\n<\/tr>\n<tr>\n<td width=\"72\"><strong>Verpakkingsdimensie<\/strong><\/td>\n<td width=\"72\"><strong>850*450*700mm<\/strong><\/td>\n<td width=\"72\"><strong>850*450*700mm<\/strong><\/td>\n<td width=\"72\"><strong>850*500*700mm<\/strong><\/td>\n<td width=\"72\"><strong>850*450*700mm<\/strong><\/td>\n<td width=\"72\"><strong>850*500*700mm<\/strong><\/td>\n<\/tr>\n<tr>\n<td width=\"72\"><strong>Doorlooptijd<\/strong><\/td>\n<td width=\"72\"><strong>15 dagen<\/strong><\/td>\n<td width=\"72\"><strong>15 dagen<\/strong><\/td>\n<td width=\"72\"><strong>15 dagen<\/strong><\/td>\n<td width=\"72\"><strong>15 dagen<\/strong><\/td>\n<td width=\"72\"><strong>15 dagen<\/strong><\/td>\n<\/tr>\n<\/tbody>\n<\/table>\n<p>&nbsp;<\/p>\n<p><img loading=\"lazy\" decoding=\"async\" class=\"size-full wp-image-4117\" src=\"https:\/\/vacuz.com\/wp-content\/uploads\/2022\/01\/4.jpg\" alt=\"Semi Automatische Riemtype Toroidal Inductor het Winden Machine\" width=\"1000\" height=\"1000\" title=\"Vacuz Semi Automatische Riemtype Toroidal Spoel Inductor het Winden Machine\" srcset=\"https:\/\/vacuz.com\/wp-content\/uploads\/2022\/01\/4.jpg 1000w, https:\/\/vacuz.com\/wp-content\/uploads\/2022\/01\/4-500x500.jpg 500w, https:\/\/vacuz.com\/wp-content\/uploads\/2022\/01\/4-100x100.jpg 100w, https:\/\/vacuz.com\/wp-content\/uploads\/2022\/01\/4-700x700.jpg 700w, https:\/\/vacuz.com\/wp-content\/uploads\/2022\/01\/4-300x300.jpg 300w, https:\/\/vacuz.com\/wp-content\/uploads\/2022\/01\/4-150x150.jpg 150w, https:\/\/vacuz.com\/wp-content\/uploads\/2022\/01\/4-768x768.jpg 768w, https:\/\/vacuz.com\/wp-content\/uploads\/2022\/01\/4-12x12.jpg 12w, https:\/\/vacuz.com\/wp-content\/uploads\/2022\/01\/4-66x66.jpg 66w, https:\/\/vacuz.com\/wp-content\/uploads\/2022\/01\/4-200x200.jpg 200w, https:\/\/vacuz.com\/wp-content\/uploads\/2022\/01\/4-400x400.jpg 400w, https:\/\/vacuz.com\/wp-content\/uploads\/2022\/01\/4-600x600.jpg 600w, https:\/\/vacuz.com\/wp-content\/uploads\/2022\/01\/4-800x800.jpg 800w\" sizes=\"auto, (max-width: 1000px) 100vw, 1000px\" \/><\/p>\n<p>&nbsp;<\/p>\n<p>&nbsp;<\/p>\n<p>&nbsp;<\/p>\n<p><img loading=\"lazy\" decoding=\"async\" class=\"size-full wp-image-4120\" src=\"https:\/\/vacuz.com\/wp-content\/uploads\/2022\/01\/3.jpg\" alt=\"Semi Automatische Riemtype Toroidal Inductor het Winden Machine\" width=\"1000\" height=\"1000\" title=\"Vacuz Semi Automatische Riemtype Toroidal Spoel Inductor het Winden Machine\" srcset=\"https:\/\/vacuz.com\/wp-content\/uploads\/2022\/01\/3.jpg 1000w, https:\/\/vacuz.com\/wp-content\/uploads\/2022\/01\/3-500x500.jpg 500w, https:\/\/vacuz.com\/wp-content\/uploads\/2022\/01\/3-100x100.jpg 100w, https:\/\/vacuz.com\/wp-content\/uploads\/2022\/01\/3-700x700.jpg 700w, https:\/\/vacuz.com\/wp-content\/uploads\/2022\/01\/3-300x300.jpg 300w, https:\/\/vacuz.com\/wp-content\/uploads\/2022\/01\/3-150x150.jpg 150w, https:\/\/vacuz.com\/wp-content\/uploads\/2022\/01\/3-768x768.jpg 768w, https:\/\/vacuz.com\/wp-content\/uploads\/2022\/01\/3-12x12.jpg 12w, https:\/\/vacuz.com\/wp-content\/uploads\/2022\/01\/3-66x66.jpg 66w, https:\/\/vacuz.com\/wp-content\/uploads\/2022\/01\/3-200x200.jpg 200w, https:\/\/vacuz.com\/wp-content\/uploads\/2022\/01\/3-400x400.jpg 400w, https:\/\/vacuz.com\/wp-content\/uploads\/2022\/01\/3-600x600.jpg 600w, https:\/\/vacuz.com\/wp-content\/uploads\/2022\/01\/3-800x800.jpg 800w\" sizes=\"auto, (max-width: 1000px) 100vw, 1000px\" \/><\/p>\n<p><img loading=\"lazy\" decoding=\"async\" class=\"size-full wp-image-4122\" src=\"https:\/\/vacuz.com\/wp-content\/uploads\/2022\/01\/6.jpg\" alt=\"Semi Automatische Riemtype Toroidal Inductor het Winden Machine\" width=\"800\" height=\"800\" title=\"Vacuz Semi Automatische Riemtype Toroidal Spoel Inductor het Winden Machine\" srcset=\"https:\/\/vacuz.com\/wp-content\/uploads\/2022\/01\/6.jpg 800w, https:\/\/vacuz.com\/wp-content\/uploads\/2022\/01\/6-500x500.jpg 500w, https:\/\/vacuz.com\/wp-content\/uploads\/2022\/01\/6-100x100.jpg 100w, https:\/\/vacuz.com\/wp-content\/uploads\/2022\/01\/6-700x700.jpg 700w, https:\/\/vacuz.com\/wp-content\/uploads\/2022\/01\/6-300x300.jpg 300w, https:\/\/vacuz.com\/wp-content\/uploads\/2022\/01\/6-150x150.jpg 150w, https:\/\/vacuz.com\/wp-content\/uploads\/2022\/01\/6-768x768.jpg 768w, https:\/\/vacuz.com\/wp-content\/uploads\/2022\/01\/6-12x12.jpg 12w, https:\/\/vacuz.com\/wp-content\/uploads\/2022\/01\/6-66x66.jpg 66w, https:\/\/vacuz.com\/wp-content\/uploads\/2022\/01\/6-200x200.jpg 200w, https:\/\/vacuz.com\/wp-content\/uploads\/2022\/01\/6-400x400.jpg 400w, https:\/\/vacuz.com\/wp-content\/uploads\/2022\/01\/6-600x600.jpg 600w\" sizes=\"auto, (max-width: 800px) 100vw, 800px\" \/><\/p>\n<h1>Voorbeeldshow<\/h1>\n<p><img loading=\"lazy\" decoding=\"async\" class=\"alignnone wp-image-7063 size-full\" src=\"https:\/\/vacuz.com\/wp-content\/uploads\/2022\/09\/6-2.jpg\" alt=\"6 2\" width=\"796\" height=\"871\" title=\"Vacuz Semi Automatische Riemtype Toroidal Spoel Inductor het Winden Machine\" srcset=\"https:\/\/vacuz.com\/wp-content\/uploads\/2022\/09\/6-2.jpg 796w, https:\/\/vacuz.com\/wp-content\/uploads\/2022\/09\/6-2-500x547.jpg 500w, https:\/\/vacuz.com\/wp-content\/uploads\/2022\/09\/6-2-700x766.jpg 700w, https:\/\/vacuz.com\/wp-content\/uploads\/2022\/09\/6-2-274x300.jpg 274w, https:\/\/vacuz.com\/wp-content\/uploads\/2022\/09\/6-2-768x840.jpg 768w, https:\/\/vacuz.com\/wp-content\/uploads\/2022\/09\/6-2-11x12.jpg 11w, https:\/\/vacuz.com\/wp-content\/uploads\/2022\/09\/6-2-200x219.jpg 200w, https:\/\/vacuz.com\/wp-content\/uploads\/2022\/09\/6-2-400x438.jpg 400w, https:\/\/vacuz.com\/wp-content\/uploads\/2022\/09\/6-2-600x657.jpg 600w\" sizes=\"auto, (max-width: 796px) 100vw, 796px\" \/><\/p>\n<h1>Bedrijfsinformatie<\/h1>\n<div>\n<p><strong>Vacuz Machine Factory werd opgericht in mei 2007, gevestigd in Dongguan City in de provincie Guangdong. Het is een professionele fabrikant die zich bezighoudt met onderzoek, ontwikkeling, productie, verkoop en service van automatische wikkelmachines, spoel wikkelmachine, transformator wikkelmachine, motor wikkelmachine, draadloze spoel wikkelmachine, SQ common mode choke inductor wikkelmachine en andere niet standaard wikkelmachines. Onze producten verkopen goed in alle steden en provincies rond China en worden ook ge\u00ebxporteerd naar klanten in landen en regio's als het Midden-Oosten, Europa, Afrika, Azi\u00eb en Noord-Amerika. Of u nu een actueel product uit onze catalogus selecteert of technische hulp zoekt voor uw toepassing, u kunt met onze klantenservice praten over uw inkoopbehoeften. Kwaliteit is onze cultuur! We hopen op uw samenwerking!<\/strong><\/p>\n<p><img loading=\"lazy\" decoding=\"async\" class=\"alignnone size-full wp-image-4136\" src=\"https:\/\/vacuz.com\/wp-content\/uploads\/2022\/01\/Company-info-1.jpg\" alt=\"Bedrijfsinfo 1\" width=\"1200\" height=\"800\" title=\"Vacuz Semi Automatische Riemtype Toroidal Spoel Inductor het Winden Machine\" srcset=\"https:\/\/vacuz.com\/wp-content\/uploads\/2022\/01\/Company-info-1.jpg 1200w, https:\/\/vacuz.com\/wp-content\/uploads\/2022\/01\/Company-info-1-500x333.jpg 500w, https:\/\/vacuz.com\/wp-content\/uploads\/2022\/01\/Company-info-1-700x467.jpg 700w, https:\/\/vacuz.com\/wp-content\/uploads\/2022\/01\/Company-info-1-300x200.jpg 300w, https:\/\/vacuz.com\/wp-content\/uploads\/2022\/01\/Company-info-1-1024x683.jpg 1024w, https:\/\/vacuz.com\/wp-content\/uploads\/2022\/01\/Company-info-1-768x512.jpg 768w, https:\/\/vacuz.com\/wp-content\/uploads\/2022\/01\/Company-info-1-18x12.jpg 18w, https:\/\/vacuz.com\/wp-content\/uploads\/2022\/01\/Company-info-1-200x133.jpg 200w, https:\/\/vacuz.com\/wp-content\/uploads\/2022\/01\/Company-info-1-400x267.jpg 400w, https:\/\/vacuz.com\/wp-content\/uploads\/2022\/01\/Company-info-1-600x400.jpg 600w, https:\/\/vacuz.com\/wp-content\/uploads\/2022\/01\/Company-info-1-800x533.jpg 800w\" sizes=\"auto, (max-width: 1200px) 100vw, 1200px\" \/><\/p>\n<p><img loading=\"lazy\" decoding=\"async\" class=\"size-full wp-image-4126\" src=\"https:\/\/vacuz.com\/wp-content\/uploads\/2022\/01\/Company-info.jpg\" alt=\"Vacuz Bedrijfsinfo\" width=\"1754\" height=\"1241\" title=\"Vacuz Semi Automatische Riemtype Toroidal Spoel Inductor het Winden Machine\" srcset=\"https:\/\/vacuz.com\/wp-content\/uploads\/2022\/01\/Company-info.jpg 1754w, https:\/\/vacuz.com\/wp-content\/uploads\/2022\/01\/Company-info-500x354.jpg 500w, https:\/\/vacuz.com\/wp-content\/uploads\/2022\/01\/Company-info-700x495.jpg 700w, https:\/\/vacuz.com\/wp-content\/uploads\/2022\/01\/Company-info-300x212.jpg 300w, https:\/\/vacuz.com\/wp-content\/uploads\/2022\/01\/Company-info-1024x725.jpg 1024w, https:\/\/vacuz.com\/wp-content\/uploads\/2022\/01\/Company-info-768x543.jpg 768w, https:\/\/vacuz.com\/wp-content\/uploads\/2022\/01\/Company-info-1536x1087.jpg 1536w, https:\/\/vacuz.com\/wp-content\/uploads\/2022\/01\/Company-info-18x12.jpg 18w, https:\/\/vacuz.com\/wp-content\/uploads\/2022\/01\/Company-info-200x142.jpg 200w, https:\/\/vacuz.com\/wp-content\/uploads\/2022\/01\/Company-info-400x283.jpg 400w, https:\/\/vacuz.com\/wp-content\/uploads\/2022\/01\/Company-info-600x425.jpg 600w, https:\/\/vacuz.com\/wp-content\/uploads\/2022\/01\/Company-info-800x566.jpg 800w, https:\/\/vacuz.com\/wp-content\/uploads\/2022\/01\/Company-info-1200x849.jpg 1200w\" sizes=\"auto, (max-width: 1754px) 100vw, 1754px\" \/><\/p>\n<p><img loading=\"lazy\" decoding=\"async\" class=\"size-full wp-image-4132\" src=\"https:\/\/vacuz.com\/wp-content\/uploads\/2022\/01\/\u5408\u4f5c\u4f19\u4f34.jpg\" alt=\"Partners\" width=\"1200\" height=\"555\" title=\"Vacuz Semi Automatische Riemtype Toroidal Spoel Inductor het Winden Machine\" srcset=\"https:\/\/vacuz.com\/wp-content\/uploads\/2022\/01\/\u5408\u4f5c\u4f19\u4f34.jpg 1200w, https:\/\/vacuz.com\/wp-content\/uploads\/2022\/01\/\u5408\u4f5c\u4f19\u4f34-500x231.jpg 500w, https:\/\/vacuz.com\/wp-content\/uploads\/2022\/01\/\u5408\u4f5c\u4f19\u4f34-700x324.jpg 700w, https:\/\/vacuz.com\/wp-content\/uploads\/2022\/01\/\u5408\u4f5c\u4f19\u4f34-300x139.jpg 300w, https:\/\/vacuz.com\/wp-content\/uploads\/2022\/01\/\u5408\u4f5c\u4f19\u4f34-1024x474.jpg 1024w, https:\/\/vacuz.com\/wp-content\/uploads\/2022\/01\/\u5408\u4f5c\u4f19\u4f34-768x355.jpg 768w, https:\/\/vacuz.com\/wp-content\/uploads\/2022\/01\/\u5408\u4f5c\u4f19\u4f34-18x8.jpg 18w, https:\/\/vacuz.com\/wp-content\/uploads\/2022\/01\/\u5408\u4f5c\u4f19\u4f34-200x93.jpg 200w, https:\/\/vacuz.com\/wp-content\/uploads\/2022\/01\/\u5408\u4f5c\u4f19\u4f34-400x185.jpg 400w, https:\/\/vacuz.com\/wp-content\/uploads\/2022\/01\/\u5408\u4f5c\u4f19\u4f34-600x278.jpg 600w, https:\/\/vacuz.com\/wp-content\/uploads\/2022\/01\/\u5408\u4f5c\u4f19\u4f34-800x370.jpg 800w\" sizes=\"auto, (max-width: 1200px) 100vw, 1200px\" \/><\/p>\n<p><img loading=\"lazy\" decoding=\"async\" class=\"size-full wp-image-4127\" src=\"https:\/\/vacuz.com\/wp-content\/uploads\/2022\/01\/Jeltecn\u8ba4\u8bc1.jpg\" alt=\"Vacuz-certificaat\" width=\"1200\" height=\"549\" title=\"Vacuz Semi Automatische Riemtype Toroidal Spoel Inductor het Winden Machine\" srcset=\"https:\/\/vacuz.com\/wp-content\/uploads\/2022\/01\/Jeltecn\u8ba4\u8bc1.jpg 1200w, https:\/\/vacuz.com\/wp-content\/uploads\/2022\/01\/Jeltecn\u8ba4\u8bc1-500x229.jpg 500w, https:\/\/vacuz.com\/wp-content\/uploads\/2022\/01\/Jeltecn\u8ba4\u8bc1-700x320.jpg 700w, https:\/\/vacuz.com\/wp-content\/uploads\/2022\/01\/Jeltecn\u8ba4\u8bc1-300x137.jpg 300w, https:\/\/vacuz.com\/wp-content\/uploads\/2022\/01\/Jeltecn\u8ba4\u8bc1-1024x468.jpg 1024w, https:\/\/vacuz.com\/wp-content\/uploads\/2022\/01\/Jeltecn\u8ba4\u8bc1-768x351.jpg 768w, https:\/\/vacuz.com\/wp-content\/uploads\/2022\/01\/Jeltecn\u8ba4\u8bc1-18x8.jpg 18w, https:\/\/vacuz.com\/wp-content\/uploads\/2022\/01\/Jeltecn\u8ba4\u8bc1-200x92.jpg 200w, https:\/\/vacuz.com\/wp-content\/uploads\/2022\/01\/Jeltecn\u8ba4\u8bc1-400x183.jpg 400w, https:\/\/vacuz.com\/wp-content\/uploads\/2022\/01\/Jeltecn\u8ba4\u8bc1-600x275.jpg 600w, https:\/\/vacuz.com\/wp-content\/uploads\/2022\/01\/Jeltecn\u8ba4\u8bc1-800x366.jpg 800w\" sizes=\"auto, (max-width: 1200px) 100vw, 1200px\" \/><\/p>\n<h2>Verpakking &amp; verzending<\/h2>\n<p><strong>1.Port: Shanghai\/Shenzhen of uw keuze<\/strong><\/p>\n<p><strong>Verpakking en transport<\/strong><br \/>\n<strong>Algemeen pakket (papieren doos of plastic zak): Voor kleine goederen, verpak het met vorm en pakpapier om ongebroken tijdens het transport te garanderen.<\/strong><br \/>\n<strong>Houten kistenpakket: Voor grotere schaal goederen als machine-apparatuur etc, hebben we speciale geschoolde timmerman, die de juiste houten kist met exacte dikte, dichtheid, lengte zou maken. De pijl omhoog \u2191gemarkeerd op de buitenste houten geval. Het buffermateriaal zou in het houten geval worden gezet om barst en schok te verhinderen. Wij zullen u de leveringsbon. U hoeft alleen maar te wachten op telefoontje, dan is het ophalen van de goederen bij de dichtstbijzijnde logistieke station. (Laat het me weten van tevoren als u wilt dat de goederen thuis.)<\/strong><\/p>\n<p><img loading=\"lazy\" decoding=\"async\" class=\"size-full wp-image-4124\" src=\"https:\/\/vacuz.com\/wp-content\/uploads\/2022\/01\/Winding-Machine-Shipping-and-packing-4.jpg\" alt=\"Het winden Machine het Verschepen en verpakking-4\" width=\"1512\" height=\"2016\" title=\"Vacuz Semi Automatische Riemtype Toroidal Spoel Inductor het Winden Machine\" srcset=\"https:\/\/vacuz.com\/wp-content\/uploads\/2022\/01\/Winding-Machine-Shipping-and-packing-4.jpg 1512w, https:\/\/vacuz.com\/wp-content\/uploads\/2022\/01\/Winding-Machine-Shipping-and-packing-4-500x667.jpg 500w, https:\/\/vacuz.com\/wp-content\/uploads\/2022\/01\/Winding-Machine-Shipping-and-packing-4-700x933.jpg 700w, https:\/\/vacuz.com\/wp-content\/uploads\/2022\/01\/Winding-Machine-Shipping-and-packing-4-225x300.jpg 225w, https:\/\/vacuz.com\/wp-content\/uploads\/2022\/01\/Winding-Machine-Shipping-and-packing-4-768x1024.jpg 768w, https:\/\/vacuz.com\/wp-content\/uploads\/2022\/01\/Winding-Machine-Shipping-and-packing-4-1152x1536.jpg 1152w, https:\/\/vacuz.com\/wp-content\/uploads\/2022\/01\/Winding-Machine-Shipping-and-packing-4-9x12.jpg 9w, https:\/\/vacuz.com\/wp-content\/uploads\/2022\/01\/Winding-Machine-Shipping-and-packing-4-200x267.jpg 200w, https:\/\/vacuz.com\/wp-content\/uploads\/2022\/01\/Winding-Machine-Shipping-and-packing-4-400x533.jpg 400w, https:\/\/vacuz.com\/wp-content\/uploads\/2022\/01\/Winding-Machine-Shipping-and-packing-4-600x800.jpg 600w, https:\/\/vacuz.com\/wp-content\/uploads\/2022\/01\/Winding-Machine-Shipping-and-packing-4-800x1067.jpg 800w, https:\/\/vacuz.com\/wp-content\/uploads\/2022\/01\/Winding-Machine-Shipping-and-packing-4-1200x1600.jpg 1200w\" sizes=\"auto, (max-width: 1512px) 100vw, 1512px\" \/><\/p>\n<p>&nbsp;<\/p>\n<h2>Vacuz Service &amp; Kracht<\/h2>\n<p><b data-spm-anchor-id=\"a2700.details.0.i31.182f594ewjEnUT\">Service principe<\/b><br \/>\nBieden u de beste service met \"snel + bevredigend + veilig\".<br \/>\n<b>Garantieperiode<\/b><br \/>\n12 maanden lang nadat de gebruiker het product heeft ontvangen.<br \/>\n<b>Garantieartikelen<\/b><br \/>\nAlleen voor abnormale storingen veroorzaakt door het ontwerp of de fabricagefout van de machine,<br \/>\ngratis reparatie en accessoires.<br \/>\n<b>Technologisch dienstverlenend vermogen<\/b><br \/>\nAlle servicemonteurs met jarenlange ervaring hebben een speciale technologische opleiding gekregen en kunnen diverse storingsproblemen oplossen.<br \/>\nBegeleid de gebruiker bij het nauwkeurig gebruiken en onderhouden van het product.<br \/>\nGratis advies over de technologie van het productieproces van elektronische producten.<br \/>\n<b>Service na verkoop<\/b><br \/>\nOm te garanderen dat de machine normaal wordt gebruikt, geven we training over de bediening, het gebruik en het onderhoud van ons product door middel van een Engelse handleiding, video en online begeleiding.<br \/>\n<b>Gebruiksaanwijzing<\/b><br \/>\nZorg voor de juiste volledige maat van het product, anders zullen de verkeerde afmetingen het gebruikseffect be\u00efnvloeden.<br \/>\nOverschrijd het toepassingsgebied van de producten niet.<br \/>\nOnderhoud het product na gebruik, vochtbestendig, roestbestendig, lekvrij, explosiebestendig, regelmatig onderhoud en inspectie. Alle uitgevoerde hulp om de gebruiksperiode uit te breiden.<br \/>\n<b>Beheer van gebruikersdocumenten<\/b><br \/>\nZorg voor een perfect beheer van gebruikersdocumenten in het EPR-systeem, zodat elk product met alle details kan worden beheerd. Er wordt goed voor de gebruikers gezorgd.<br \/>\n<b>Over product<\/b><br \/>\n1. Productfoto: Alle productfoto's zijn genomen door echte product, Er is de kleur afwijking tussen het product en foto, die wordt veroorzaakt door schieten licht, product grootte, handmatige technologie en computer display, enz. Het is geen kwaliteitsprobleem. Onderdelen van producten<br \/>\nzijn veranderd in verschijning toe te schrijven aan technologische revolutionair en procesverbetering. SanShine zou de parameter van product verzekeren onveranderd is, kon het product niet aan gebruik be\u00efnvloeden.<br \/>\n2. Productgrootte: Alle parameters zijn allemaal gemeten door handleiding alleen voor referentie. Er is een kleine afwijking te wijten aan het verschil van maatregel hulpmiddelen, partij producten en produceren proces. Echte grootte moet in overeenstemming zijn met de uiteindelijke levering product.<br \/>\n3.Quality inspectie: Alle producten zouden strikt v\u00f3\u00f3r verzending moeten worden ge\u00efnspecteerd. Verzeker de goede functie en verschijning.<\/p>\n<h2>Vacuz Machine Video<\/h2>\n<p><iframe loading=\"lazy\" title=\"Automatische grote torus isolatieband windende machine film wikkelmachine\" width=\"1200\" height=\"675\" src=\"https:\/\/www.youtube.com\/embed\/0TY9fegNAao?feature=oembed\" frameborder=\"0\" allow=\"accelerometer; autoplay; clipboard-write; encrypted-media; gyroscope; picture-in-picture; web-share\" referrerpolicy=\"strict-origin-when-cross-origin\" allowfullscreen><\/iframe><\/p>\n<\/div>","protected":false},"excerpt":{"rendered":"<p>Vacuz Semi Automatic Belt Type Toroidal Coil Inductor Winding Machine This device uses a computer CNC control system to precisely locate the spindle by CPLD decoding and speed measurement. It is equipped with a stepper motor with a constant current chopper to drive the wiring. It is fast and precise to ensure the normal operation [&hellip;]<\/p>\n","protected":false},"featured_media":4117,"template":"","meta":{"_gspb_post_css":"","_joinchat":[]},"product_brand":[],"product_cat":[790,779],"product_tag":[248,240],"class_list":{"0":"post-4114","1":"product","2":"type-product","3":"status-publish","4":"has-post-thumbnail","6":"product_cat-semi-automatic-toroidal-coil-winding-machine","7":"product_cat-toroidal-coil-production-machine","8":"product_tag-coil-winding-machine","9":"product_tag-toroidal-winding-machine","11":"first","12":"instock","13":"featured","14":"shipping-taxable","15":"product-type-simple"},"_links":{"self":[{"href":"https:\/\/vacuz.com\/nl\/wp-json\/wp\/v2\/product\/4114","targetHints":{"allow":["GET"]}}],"collection":[{"href":"https:\/\/vacuz.com\/nl\/wp-json\/wp\/v2\/product"}],"about":[{"href":"https:\/\/vacuz.com\/nl\/wp-json\/wp\/v2\/types\/product"}],"wp:featuredmedia":[{"embeddable":true,"href":"https:\/\/vacuz.com\/nl\/wp-json\/wp\/v2\/media\/4117"}],"wp:attachment":[{"href":"https:\/\/vacuz.com\/nl\/wp-json\/wp\/v2\/media?parent=4114"}],"wp:term":[{"taxonomy":"product_brand","embeddable":true,"href":"https:\/\/vacuz.com\/nl\/wp-json\/wp\/v2\/product_brand?post=4114"},{"taxonomy":"product_cat","embeddable":true,"href":"https:\/\/vacuz.com\/nl\/wp-json\/wp\/v2\/product_cat?post=4114"},{"taxonomy":"product_tag","embeddable":true,"href":"https:\/\/vacuz.com\/nl\/wp-json\/wp\/v2\/product_tag?post=4114"}],"curies":[{"name":"wp","href":"https:\/\/api.w.org\/{rel}","templated":true}]}}