{"id":4299,"date":"2022-01-23T02:56:17","date_gmt":"2022-01-23T02:56:17","guid":{"rendered":"https:\/\/vacuz.com\/?post_type=product&#038;p=4299"},"modified":"2025-11-03T07:16:46","modified_gmt":"2025-11-03T07:16:46","slug":"transformator-relais-pin-insertie-machine-foto-elektrische-spoel-skelet-automatische-pin-insertie-machine","status":"publish","type":"product","link":"https:\/\/vacuz.com\/nl\/product\/transformer-relay-pin-insertion-machine-photoelectric-coil-skeleton-automatic-pin-insert-machine\/","title":{"rendered":"Transformator relais pin insertie machine foto-elektrische motor stator spoel skelet automatische pin insertie machine"},"content":{"rendered":"<h2 class=\"title style-scope ytd-video-primary-info-renderer\">Transformator relais pin insertie machine foto-elektrische motor stator spoel skelet automatische pin insertie machine<\/h2>\n<div>\n<h3><strong>Machinekenmerken<\/strong><\/h3>\n<p><strong>Toepasselijke producten: de spelden van het transformatorskelet, de spelden van het relaisskelet, de spelden van het ventilatormotorskelet<\/strong><\/p>\n<p><strong>Geef bij het bestellen op.<\/strong><\/p>\n<p><strong>Skelet ongeveer 1000PCS Skelet tekenen een pin eisen (inclusief: PIN pin specificaties Wat is de insteekdiepte (Wat is de totale lengte van PIN) Hoeveel trekkracht is vereist Dan kunnen we de mal op maat maken.<\/strong><\/p>\n<h3><strong>Hoofd Technische Parameter<\/strong><\/h3>\n<p>&nbsp;<\/p>\n<p><strong>Eigenschappen: automatisch voeden automatisch naald insteken automatisch groeven automatisch afstoten<\/strong><\/p>\n<p><strong>Specificatie: Stroomvoorziening 220V 50HZ<\/strong><\/p>\n<p><strong>Machine grootte: L660mm*W660mm*H1900mm<\/strong><\/p>\n<p><strong>Machinegewicht: 75KG<\/strong><\/p>\n<p><strong>Luchtdruk: 0,6MPA<\/strong><\/p>\n<p><strong>Draaddiameterbereik: 0,45-1,2MM<\/strong><\/p>\n<p><strong>Werksnelheid: 2.8sec\/2pcs 1.4sec\/1pc specifiek en afhankelijk van de handmatige verwerkingssnelheid<\/strong><\/p>\n<p><strong>Totaal aantal aansluitingen: ronde, vierkante en platte pinnen zijn beschikbaar<\/strong><\/p>\n<p><strong>Totaal aantal aansluitingen: tot 10PINS<\/strong><\/p>\n<p><strong>Insteekmogelijkheid: er kunnen rechte en L-pennen in worden gestoken<\/strong><\/p>\n<p><img loading=\"lazy\" decoding=\"async\" class=\"size-full wp-image-4301\" src=\"https:\/\/vacuz.com\/wp-content\/uploads\/2022\/01\/Automatic-Pin-Inserting-Machine-2.jpg\" alt=\"Automatische pin insteekmachine\" width=\"750\" height=\"750\" title=\"Transformator relais pin insertie machine foto-elektrische motor stator spoel skelet automatische pin insertie machine\" srcset=\"https:\/\/vacuz.com\/wp-content\/uploads\/2022\/01\/Automatic-Pin-Inserting-Machine-2.jpg 750w, https:\/\/vacuz.com\/wp-content\/uploads\/2022\/01\/Automatic-Pin-Inserting-Machine-2-500x500.jpg 500w, https:\/\/vacuz.com\/wp-content\/uploads\/2022\/01\/Automatic-Pin-Inserting-Machine-2-100x100.jpg 100w, https:\/\/vacuz.com\/wp-content\/uploads\/2022\/01\/Automatic-Pin-Inserting-Machine-2-700x700.jpg 700w, https:\/\/vacuz.com\/wp-content\/uploads\/2022\/01\/Automatic-Pin-Inserting-Machine-2-300x300.jpg 300w, https:\/\/vacuz.com\/wp-content\/uploads\/2022\/01\/Automatic-Pin-Inserting-Machine-2-150x150.jpg 150w, https:\/\/vacuz.com\/wp-content\/uploads\/2022\/01\/Automatic-Pin-Inserting-Machine-2-12x12.jpg 12w, https:\/\/vacuz.com\/wp-content\/uploads\/2022\/01\/Automatic-Pin-Inserting-Machine-2-66x66.jpg 66w, https:\/\/vacuz.com\/wp-content\/uploads\/2022\/01\/Automatic-Pin-Inserting-Machine-2-200x200.jpg 200w, https:\/\/vacuz.com\/wp-content\/uploads\/2022\/01\/Automatic-Pin-Inserting-Machine-2-400x400.jpg 400w, https:\/\/vacuz.com\/wp-content\/uploads\/2022\/01\/Automatic-Pin-Inserting-Machine-2-600x600.jpg 600w\" sizes=\"auto, (max-width: 750px) 100vw, 750px\" \/><\/p>\n<p><img loading=\"lazy\" decoding=\"async\" class=\"wp-image-4302\" src=\"https:\/\/vacuz.com\/wp-content\/uploads\/2022\/01\/Automatic-Pin-Inserting-Machine-3.jpg\" alt=\"Automatische pin insteekmachine\" width=\"750\" height=\"750\" title=\"Transformator relais pin insertie machine foto-elektrische motor stator spoel skelet automatische pin insertie machine\" srcset=\"https:\/\/vacuz.com\/wp-content\/uploads\/2022\/01\/Automatic-Pin-Inserting-Machine-3.jpg 850w, https:\/\/vacuz.com\/wp-content\/uploads\/2022\/01\/Automatic-Pin-Inserting-Machine-3-500x500.jpg 500w, https:\/\/vacuz.com\/wp-content\/uploads\/2022\/01\/Automatic-Pin-Inserting-Machine-3-100x100.jpg 100w, https:\/\/vacuz.com\/wp-content\/uploads\/2022\/01\/Automatic-Pin-Inserting-Machine-3-700x700.jpg 700w, https:\/\/vacuz.com\/wp-content\/uploads\/2022\/01\/Automatic-Pin-Inserting-Machine-3-300x300.jpg 300w, https:\/\/vacuz.com\/wp-content\/uploads\/2022\/01\/Automatic-Pin-Inserting-Machine-3-150x150.jpg 150w, https:\/\/vacuz.com\/wp-content\/uploads\/2022\/01\/Automatic-Pin-Inserting-Machine-3-768x768.jpg 768w, https:\/\/vacuz.com\/wp-content\/uploads\/2022\/01\/Automatic-Pin-Inserting-Machine-3-12x12.jpg 12w, https:\/\/vacuz.com\/wp-content\/uploads\/2022\/01\/Automatic-Pin-Inserting-Machine-3-66x66.jpg 66w, https:\/\/vacuz.com\/wp-content\/uploads\/2022\/01\/Automatic-Pin-Inserting-Machine-3-200x200.jpg 200w, https:\/\/vacuz.com\/wp-content\/uploads\/2022\/01\/Automatic-Pin-Inserting-Machine-3-400x400.jpg 400w, https:\/\/vacuz.com\/wp-content\/uploads\/2022\/01\/Automatic-Pin-Inserting-Machine-3-600x600.jpg 600w, https:\/\/vacuz.com\/wp-content\/uploads\/2022\/01\/Automatic-Pin-Inserting-Machine-3-800x800.jpg 800w\" sizes=\"auto, (max-width: 750px) 100vw, 750px\" \/><\/p>\n<p><img loading=\"lazy\" decoding=\"async\" class=\"wp-image-4303\" src=\"https:\/\/vacuz.com\/wp-content\/uploads\/2022\/01\/Automatic-Pin-Inserting-Machine-4.jpg\" alt=\"Automatische pin insteekmachine\" width=\"751\" height=\"1037\" title=\"Transformator relais pin insertie machine foto-elektrische motor stator spoel skelet automatische pin insertie machine\" srcset=\"https:\/\/vacuz.com\/wp-content\/uploads\/2022\/01\/Automatic-Pin-Inserting-Machine-4.jpg 468w, https:\/\/vacuz.com\/wp-content\/uploads\/2022\/01\/Automatic-Pin-Inserting-Machine-4-217x300.jpg 217w, https:\/\/vacuz.com\/wp-content\/uploads\/2022\/01\/Automatic-Pin-Inserting-Machine-4-9x12.jpg 9w, https:\/\/vacuz.com\/wp-content\/uploads\/2022\/01\/Automatic-Pin-Inserting-Machine-4-200x276.jpg 200w, https:\/\/vacuz.com\/wp-content\/uploads\/2022\/01\/Automatic-Pin-Inserting-Machine-4-400x552.jpg 400w\" sizes=\"auto, (max-width: 751px) 100vw, 751px\" \/><\/p>\n<p>&nbsp;<\/p>\n<p><img loading=\"lazy\" decoding=\"async\" class=\"wp-image-4304\" src=\"https:\/\/vacuz.com\/wp-content\/uploads\/2022\/01\/Automatic-Pin-Inserting-Machine-5.jpg\" alt=\"Automatische pin insteekmachine\" width=\"751\" height=\"1023\" title=\"Transformator relais pin insertie machine foto-elektrische motor stator spoel skelet automatische pin insertie machine\" srcset=\"https:\/\/vacuz.com\/wp-content\/uploads\/2022\/01\/Automatic-Pin-Inserting-Machine-5.jpg 469w, https:\/\/vacuz.com\/wp-content\/uploads\/2022\/01\/Automatic-Pin-Inserting-Machine-5-220x300.jpg 220w, https:\/\/vacuz.com\/wp-content\/uploads\/2022\/01\/Automatic-Pin-Inserting-Machine-5-9x12.jpg 9w, https:\/\/vacuz.com\/wp-content\/uploads\/2022\/01\/Automatic-Pin-Inserting-Machine-5-200x272.jpg 200w, https:\/\/vacuz.com\/wp-content\/uploads\/2022\/01\/Automatic-Pin-Inserting-Machine-5-400x545.jpg 400w\" sizes=\"auto, (max-width: 751px) 100vw, 751px\" \/><\/p>\n<\/div>\n<p><img loading=\"lazy\" decoding=\"async\" class=\"wp-image-4305\" src=\"https:\/\/vacuz.com\/wp-content\/uploads\/2022\/01\/Automatic-Pin-Inserting-Machine-6.jpg\" alt=\"Automatische pin insteekmachine\" width=\"750\" height=\"984\" title=\"Transformator relais pin insertie machine foto-elektrische motor stator spoel skelet automatische pin insertie machine\" srcset=\"https:\/\/vacuz.com\/wp-content\/uploads\/2022\/01\/Automatic-Pin-Inserting-Machine-6.jpg 481w, https:\/\/vacuz.com\/wp-content\/uploads\/2022\/01\/Automatic-Pin-Inserting-Machine-6-229x300.jpg 229w, https:\/\/vacuz.com\/wp-content\/uploads\/2022\/01\/Automatic-Pin-Inserting-Machine-6-9x12.jpg 9w, https:\/\/vacuz.com\/wp-content\/uploads\/2022\/01\/Automatic-Pin-Inserting-Machine-6-200x262.jpg 200w, https:\/\/vacuz.com\/wp-content\/uploads\/2022\/01\/Automatic-Pin-Inserting-Machine-6-400x525.jpg 400w\" sizes=\"auto, (max-width: 750px) 100vw, 750px\" \/><\/p>\n<h3><span style=\"font-size: 23.04px;\">Bedrijfsinformatie<\/span><\/h3>\n<div>\n<p><strong>Vacuz Machine Factory werd opgericht in mei 2007, gevestigd in Dongguan City in de provincie Guangdong. Het is een professionele fabrikant die zich bezighoudt met onderzoek, ontwikkeling, productie, verkoop en service van automatische wikkelmachines, spoel wikkelmachine, transformator wikkelmachine, motor wikkelmachine, draadloze spoel wikkelmachine, SQ common mode choke inductor wikkelmachine en andere niet standaard wikkelmachines. Onze producten verkopen goed in alle steden en provincies rond China en worden ook ge\u00ebxporteerd naar klanten in landen en regio's als het Midden-Oosten, Europa, Afrika, Azi\u00eb en Noord-Amerika. Of u nu een actueel product uit onze catalogus selecteert of technische hulp zoekt voor uw toepassing, u kunt met onze klantenservice praten over uw inkoopbehoeften. Kwaliteit is onze cultuur! We hopen op uw samenwerking!<\/strong><\/p>\n<p><img loading=\"lazy\" decoding=\"async\" class=\"alignnone size-full wp-image-4136\" src=\"https:\/\/vacuz.com\/wp-content\/uploads\/2022\/01\/Company-info-1.jpg\" alt=\"Bedrijfsinfo 1\" width=\"1200\" height=\"800\" title=\"Transformator relais pin insertie machine foto-elektrische motor stator spoel skelet automatische pin insertie machine\" srcset=\"https:\/\/vacuz.com\/wp-content\/uploads\/2022\/01\/Company-info-1.jpg 1200w, https:\/\/vacuz.com\/wp-content\/uploads\/2022\/01\/Company-info-1-500x333.jpg 500w, https:\/\/vacuz.com\/wp-content\/uploads\/2022\/01\/Company-info-1-700x467.jpg 700w, https:\/\/vacuz.com\/wp-content\/uploads\/2022\/01\/Company-info-1-300x200.jpg 300w, https:\/\/vacuz.com\/wp-content\/uploads\/2022\/01\/Company-info-1-1024x683.jpg 1024w, https:\/\/vacuz.com\/wp-content\/uploads\/2022\/01\/Company-info-1-768x512.jpg 768w, https:\/\/vacuz.com\/wp-content\/uploads\/2022\/01\/Company-info-1-18x12.jpg 18w, https:\/\/vacuz.com\/wp-content\/uploads\/2022\/01\/Company-info-1-200x133.jpg 200w, https:\/\/vacuz.com\/wp-content\/uploads\/2022\/01\/Company-info-1-400x267.jpg 400w, https:\/\/vacuz.com\/wp-content\/uploads\/2022\/01\/Company-info-1-600x400.jpg 600w, https:\/\/vacuz.com\/wp-content\/uploads\/2022\/01\/Company-info-1-800x533.jpg 800w\" sizes=\"auto, (max-width: 1200px) 100vw, 1200px\" \/><\/p>\n<p><img loading=\"lazy\" decoding=\"async\" class=\"size-full wp-image-4126\" src=\"https:\/\/vacuz.com\/wp-content\/uploads\/2022\/01\/Company-info.jpg\" alt=\"Vacuz Bedrijfsinfo\" width=\"1754\" height=\"1241\" title=\"Transformator relais pin insertie machine foto-elektrische motor stator spoel skelet automatische pin insertie machine\" srcset=\"https:\/\/vacuz.com\/wp-content\/uploads\/2022\/01\/Company-info.jpg 1754w, https:\/\/vacuz.com\/wp-content\/uploads\/2022\/01\/Company-info-500x354.jpg 500w, https:\/\/vacuz.com\/wp-content\/uploads\/2022\/01\/Company-info-700x495.jpg 700w, https:\/\/vacuz.com\/wp-content\/uploads\/2022\/01\/Company-info-300x212.jpg 300w, https:\/\/vacuz.com\/wp-content\/uploads\/2022\/01\/Company-info-1024x725.jpg 1024w, https:\/\/vacuz.com\/wp-content\/uploads\/2022\/01\/Company-info-768x543.jpg 768w, https:\/\/vacuz.com\/wp-content\/uploads\/2022\/01\/Company-info-1536x1087.jpg 1536w, https:\/\/vacuz.com\/wp-content\/uploads\/2022\/01\/Company-info-18x12.jpg 18w, https:\/\/vacuz.com\/wp-content\/uploads\/2022\/01\/Company-info-200x142.jpg 200w, https:\/\/vacuz.com\/wp-content\/uploads\/2022\/01\/Company-info-400x283.jpg 400w, https:\/\/vacuz.com\/wp-content\/uploads\/2022\/01\/Company-info-600x425.jpg 600w, https:\/\/vacuz.com\/wp-content\/uploads\/2022\/01\/Company-info-800x566.jpg 800w, https:\/\/vacuz.com\/wp-content\/uploads\/2022\/01\/Company-info-1200x849.jpg 1200w\" sizes=\"auto, (max-width: 1754px) 100vw, 1754px\" \/><\/p>\n<p><img loading=\"lazy\" decoding=\"async\" class=\"size-full wp-image-4132\" src=\"https:\/\/vacuz.com\/wp-content\/uploads\/2022\/01\/\u5408\u4f5c\u4f19\u4f34.jpg\" alt=\"Partners\" width=\"1200\" height=\"555\" title=\"Transformator relais pin insertie machine foto-elektrische motor stator spoel skelet automatische pin insertie machine\" srcset=\"https:\/\/vacuz.com\/wp-content\/uploads\/2022\/01\/\u5408\u4f5c\u4f19\u4f34.jpg 1200w, https:\/\/vacuz.com\/wp-content\/uploads\/2022\/01\/\u5408\u4f5c\u4f19\u4f34-500x231.jpg 500w, https:\/\/vacuz.com\/wp-content\/uploads\/2022\/01\/\u5408\u4f5c\u4f19\u4f34-700x324.jpg 700w, https:\/\/vacuz.com\/wp-content\/uploads\/2022\/01\/\u5408\u4f5c\u4f19\u4f34-300x139.jpg 300w, https:\/\/vacuz.com\/wp-content\/uploads\/2022\/01\/\u5408\u4f5c\u4f19\u4f34-1024x474.jpg 1024w, https:\/\/vacuz.com\/wp-content\/uploads\/2022\/01\/\u5408\u4f5c\u4f19\u4f34-768x355.jpg 768w, https:\/\/vacuz.com\/wp-content\/uploads\/2022\/01\/\u5408\u4f5c\u4f19\u4f34-18x8.jpg 18w, https:\/\/vacuz.com\/wp-content\/uploads\/2022\/01\/\u5408\u4f5c\u4f19\u4f34-200x93.jpg 200w, https:\/\/vacuz.com\/wp-content\/uploads\/2022\/01\/\u5408\u4f5c\u4f19\u4f34-400x185.jpg 400w, https:\/\/vacuz.com\/wp-content\/uploads\/2022\/01\/\u5408\u4f5c\u4f19\u4f34-600x278.jpg 600w, https:\/\/vacuz.com\/wp-content\/uploads\/2022\/01\/\u5408\u4f5c\u4f19\u4f34-800x370.jpg 800w\" sizes=\"auto, (max-width: 1200px) 100vw, 1200px\" \/><\/p>\n<p><img loading=\"lazy\" decoding=\"async\" class=\"size-full wp-image-4127\" src=\"https:\/\/vacuz.com\/wp-content\/uploads\/2022\/01\/Jeltecn\u8ba4\u8bc1.jpg\" alt=\"Vacuz-certificaat\" width=\"1200\" height=\"549\" title=\"Transformator relais pin insertie machine foto-elektrische motor stator spoel skelet automatische pin insertie machine\" srcset=\"https:\/\/vacuz.com\/wp-content\/uploads\/2022\/01\/Jeltecn\u8ba4\u8bc1.jpg 1200w, https:\/\/vacuz.com\/wp-content\/uploads\/2022\/01\/Jeltecn\u8ba4\u8bc1-500x229.jpg 500w, https:\/\/vacuz.com\/wp-content\/uploads\/2022\/01\/Jeltecn\u8ba4\u8bc1-700x320.jpg 700w, https:\/\/vacuz.com\/wp-content\/uploads\/2022\/01\/Jeltecn\u8ba4\u8bc1-300x137.jpg 300w, https:\/\/vacuz.com\/wp-content\/uploads\/2022\/01\/Jeltecn\u8ba4\u8bc1-1024x468.jpg 1024w, https:\/\/vacuz.com\/wp-content\/uploads\/2022\/01\/Jeltecn\u8ba4\u8bc1-768x351.jpg 768w, https:\/\/vacuz.com\/wp-content\/uploads\/2022\/01\/Jeltecn\u8ba4\u8bc1-18x8.jpg 18w, https:\/\/vacuz.com\/wp-content\/uploads\/2022\/01\/Jeltecn\u8ba4\u8bc1-200x92.jpg 200w, https:\/\/vacuz.com\/wp-content\/uploads\/2022\/01\/Jeltecn\u8ba4\u8bc1-400x183.jpg 400w, https:\/\/vacuz.com\/wp-content\/uploads\/2022\/01\/Jeltecn\u8ba4\u8bc1-600x275.jpg 600w, https:\/\/vacuz.com\/wp-content\/uploads\/2022\/01\/Jeltecn\u8ba4\u8bc1-800x366.jpg 800w\" sizes=\"auto, (max-width: 1200px) 100vw, 1200px\" \/><\/p>\n<h3>Verpakking &amp; verzending<\/h3>\n<p><strong>1.Port: Shanghai\/Shenzhen of uw keuze<\/strong><\/p>\n<p><strong>Verpakking en transport<\/strong><br \/>\n<strong>Algemeen pakket (papieren doos of plastic zak): Voor kleine goederen, verpak het met vorm en pakpapier om ongebroken tijdens het transport te garanderen.<\/strong><br \/>\n<strong>Houten kistenpakket: Voor grotere schaal goederen als machine-apparatuur etc, hebben we speciale geschoolde timmerman, die de juiste houten kist met exacte dikte, dichtheid, lengte zou maken. De pijl omhoog \u2191gemarkeerd op de buitenste houten geval. Het buffermateriaal zou in het houten geval worden gezet om barst en schok te verhinderen. Wij zullen u de leveringsbon. U hoeft alleen maar te wachten op telefoontje, dan is het ophalen van de goederen bij de dichtstbijzijnde logistieke station. (Laat het me weten van tevoren als u wilt dat de goederen thuis.)<\/strong><\/p>\n<p><img loading=\"lazy\" decoding=\"async\" class=\"size-full wp-image-4124\" src=\"https:\/\/vacuz.com\/wp-content\/uploads\/2022\/01\/Winding-Machine-Shipping-and-packing-4.jpg\" alt=\"Het winden Machine het Verschepen en verpakking-4\" width=\"1512\" height=\"2016\" title=\"Transformator relais pin insertie machine foto-elektrische motor stator spoel skelet automatische pin insertie machine\" srcset=\"https:\/\/vacuz.com\/wp-content\/uploads\/2022\/01\/Winding-Machine-Shipping-and-packing-4.jpg 1512w, https:\/\/vacuz.com\/wp-content\/uploads\/2022\/01\/Winding-Machine-Shipping-and-packing-4-500x667.jpg 500w, https:\/\/vacuz.com\/wp-content\/uploads\/2022\/01\/Winding-Machine-Shipping-and-packing-4-700x933.jpg 700w, https:\/\/vacuz.com\/wp-content\/uploads\/2022\/01\/Winding-Machine-Shipping-and-packing-4-225x300.jpg 225w, https:\/\/vacuz.com\/wp-content\/uploads\/2022\/01\/Winding-Machine-Shipping-and-packing-4-768x1024.jpg 768w, https:\/\/vacuz.com\/wp-content\/uploads\/2022\/01\/Winding-Machine-Shipping-and-packing-4-1152x1536.jpg 1152w, https:\/\/vacuz.com\/wp-content\/uploads\/2022\/01\/Winding-Machine-Shipping-and-packing-4-9x12.jpg 9w, https:\/\/vacuz.com\/wp-content\/uploads\/2022\/01\/Winding-Machine-Shipping-and-packing-4-200x267.jpg 200w, https:\/\/vacuz.com\/wp-content\/uploads\/2022\/01\/Winding-Machine-Shipping-and-packing-4-400x533.jpg 400w, https:\/\/vacuz.com\/wp-content\/uploads\/2022\/01\/Winding-Machine-Shipping-and-packing-4-600x800.jpg 600w, https:\/\/vacuz.com\/wp-content\/uploads\/2022\/01\/Winding-Machine-Shipping-and-packing-4-800x1067.jpg 800w, https:\/\/vacuz.com\/wp-content\/uploads\/2022\/01\/Winding-Machine-Shipping-and-packing-4-1200x1600.jpg 1200w\" sizes=\"auto, (max-width: 1512px) 100vw, 1512px\" \/><\/p>\n<p>&nbsp;<\/p>\n<h2>Vacuz Service &amp; Kracht<\/h2>\n<p><b data-spm-anchor-id=\"a2700.details.0.i31.182f594ewjEnUT\">Service principe<\/b><br \/>\nBieden u de beste service met \"snel + bevredigend + veilig\".<br \/>\n<b>Garantieperiode<\/b><br \/>\n12 maanden lang nadat de gebruiker het product heeft ontvangen.<br \/>\n<b>Garantieartikelen<\/b><br \/>\nAlleen voor abnormale storingen veroorzaakt door het ontwerp of de fabricagefout van de machine,<br \/>\ngratis reparatie en accessoires.<br \/>\n<b>Technologisch dienstverlenend vermogen<\/b><br \/>\nAlle servicemonteurs met jarenlange ervaring hebben een speciale technologische opleiding gekregen en kunnen diverse storingsproblemen oplossen.<br \/>\nBegeleid de gebruiker bij het nauwkeurig gebruiken en onderhouden van het product.<br \/>\nGratis advies over de technologie van het productieproces van elektronische producten.<br \/>\n<b>Service na verkoop<\/b><br \/>\nOm te garanderen dat de machine normaal wordt gebruikt, geven we training over de bediening, het gebruik en het onderhoud van ons product door middel van een Engelse handleiding, video en online begeleiding.<br \/>\n<b>Gebruiksaanwijzing<\/b><br \/>\nZorg voor de juiste volledige maat van het product, anders zullen de verkeerde afmetingen het gebruikseffect be\u00efnvloeden.<br \/>\nOverschrijd het toepassingsgebied van de producten niet.<br \/>\nOnderhoud het product na gebruik, vochtbestendig, roestbestendig, lekvrij, explosiebestendig, regelmatig onderhoud en inspectie. Alle uitgevoerde hulp om de gebruiksperiode uit te breiden.<br \/>\n<b>Beheer van gebruikersdocumenten<\/b><br \/>\nZorg voor een perfect beheer van gebruikersdocumenten in het EPR-systeem, zodat elk product met alle details kan worden beheerd. Er wordt goed voor de gebruikers gezorgd.<br \/>\n<b>Over product<\/b><br \/>\n1. Productfoto: Alle productfoto's zijn genomen door echte product, Er is de kleur afwijking tussen het product en foto, die wordt veroorzaakt door schieten licht, product grootte, handmatige technologie en computer display, enz. Het is geen kwaliteitsprobleem. Onderdelen van producten<br \/>\nzijn veranderd in verschijning toe te schrijven aan technologische revolutionair en procesverbetering. SanShine zou de parameter van product verzekeren onveranderd is, kon het product niet aan gebruik be\u00efnvloeden.<br \/>\n2. Productgrootte: Alle parameters zijn allemaal gemeten door handleiding alleen voor referentie. Er is een kleine afwijking te wijten aan het verschil van maatregel hulpmiddelen, partij producten en produceren proces. Echte grootte moet in overeenstemming zijn met de uiteindelijke levering product.<br \/>\n3.Quality inspectie: Alle producten zouden strikt v\u00f3\u00f3r verzending moeten worden ge\u00efnspecteerd. Verzeker de goede functie en verschijning.<\/p>\n<h2>Vacuz Machine Video<\/h2>\n<p><iframe loading=\"lazy\" title=\"Transformator relais pin insertie machine foto-elektrische spoel skelet automatische pin insertie machine\" width=\"1200\" height=\"675\" src=\"https:\/\/www.youtube.com\/embed\/LbTCl-ACuvw?feature=oembed\" frameborder=\"0\" allow=\"accelerometer; autoplay; clipboard-write; encrypted-media; gyroscope; picture-in-picture; web-share\" referrerpolicy=\"strict-origin-when-cross-origin\" allowfullscreen><\/iframe><\/p>\n<\/div>","protected":false},"excerpt":{"rendered":"<p>Transformer Relay Pin Insertion Machine Photoelectric Motor Stator Bobbin Coil Skeleton Automatic Pin Insert Machine Machine Features Applicable products: transformer skeleton pins, relay skeleton pins, fan motor skeleton pins When ordering, please provide. Skeleton about 1000PCS Skeleton drawing a pin requirements (including: PIN pin specifications What is the insertion depth (What is the total length [&hellip;]<\/p>\n","protected":false},"featured_media":4300,"template":"","meta":{"_gspb_post_css":"","_joinchat":[]},"product_brand":[],"product_cat":[805,778],"product_tag":[258,259],"class_list":{"0":"post-4299","1":"product","2":"type-product","3":"status-publish","4":"has-post-thumbnail","6":"product_cat-automatic-bobbin-pin-insertion-machine","7":"product_cat-transformer-coil-production-machine","8":"product_tag-automatic-pin-insert-machine","9":"product_tag-pin-insertion-machine","11":"first","12":"instock","13":"featured","14":"shipping-taxable","15":"product-type-simple"},"_links":{"self":[{"href":"https:\/\/vacuz.com\/nl\/wp-json\/wp\/v2\/product\/4299","targetHints":{"allow":["GET"]}}],"collection":[{"href":"https:\/\/vacuz.com\/nl\/wp-json\/wp\/v2\/product"}],"about":[{"href":"https:\/\/vacuz.com\/nl\/wp-json\/wp\/v2\/types\/product"}],"wp:featuredmedia":[{"embeddable":true,"href":"https:\/\/vacuz.com\/nl\/wp-json\/wp\/v2\/media\/4300"}],"wp:attachment":[{"href":"https:\/\/vacuz.com\/nl\/wp-json\/wp\/v2\/media?parent=4299"}],"wp:term":[{"taxonomy":"product_brand","embeddable":true,"href":"https:\/\/vacuz.com\/nl\/wp-json\/wp\/v2\/product_brand?post=4299"},{"taxonomy":"product_cat","embeddable":true,"href":"https:\/\/vacuz.com\/nl\/wp-json\/wp\/v2\/product_cat?post=4299"},{"taxonomy":"product_tag","embeddable":true,"href":"https:\/\/vacuz.com\/nl\/wp-json\/wp\/v2\/product_tag?post=4299"}],"curies":[{"name":"wp","href":"https:\/\/api.w.org\/{rel}","templated":true}]}}