{"id":4294,"date":"2022-01-23T01:15:11","date_gmt":"2022-01-23T01:15:11","guid":{"rendered":"https:\/\/vacuz.com\/?post_type=product&#038;p=4294"},"modified":"2025-11-03T07:17:12","modified_gmt":"2025-11-03T07:17:12","slug":"vacuz-automatic-e-ei-silicon-steel-sheet-core-insertion-machinecan-accept-customize","status":"publish","type":"product","link":"https:\/\/vacuz.com\/pl\/product\/vacuz-automatic-e-ei-silicon-steel-sheet-core-insertion-machinecan-accept-customize\/","title":{"rendered":"Vacuz Automatyczna maszyna do wstawiania rdzenia ze stali krzemowej E EI (mo\u017ce zaakceptowa\u0107 dostosowanie)"},"content":{"rendered":"<h2>Vacuz Automatyczna maszyna do wstawiania rdzenia ze stali krzemowej E EI (mo\u017ce zaakceptowa\u0107 dostosowanie)<\/h2>\n<div>\n<h3><strong>Cechy maszyny<\/strong><\/h3>\n<ul>\n<li><strong>Oszcz\u0119dno\u015b\u0107 si\u0142y roboczej, zmniejszenie pracoch\u0142onno\u015bci starej maszyny wytrz\u0105saj\u0105cej r\u0119czne rami\u0119 wytrz\u0105saj\u0105ce, szkolenie nowicjuszy ponad dziesi\u0119\u0107 minut mo\u017ce by\u0107 w pracy<\/strong><\/li>\n<li><strong>Cz\u0119\u015b\u0107 konstrukcyjna wykorzystuje wysokiej jako\u015bci stal, mniejsze zu\u017cycie, nisk\u0105 awaryjno\u015b\u0107, d\u0142ug\u0105 \u017cywotno\u015b\u0107 i \u0142atw\u0105 wymian\u0119 akcesori\u00f3w, jest idealnym wyborem dla ma\u0142ych producent\u00f3w transformator\u00f3w.<\/strong><\/li>\n<li><strong>Zastosuj wysokowydajne sterowanie PLC, interfejs sterowania z ekranem dotykowym dla \u0142atwej obs\u0142ugi<\/strong><\/li>\n<li><strong>Przyj\u0119cie wysokiej precyzji, wysokiego momentu obrotowego silnika krokowego, du\u017cej pr\u0119dko\u015bci i d\u0142ugiej \u017cywotno\u015bci<\/strong><\/li>\n<li><strong>System ochrony karty, zabezpieczenie nadpr\u0105dowe i przeci\u0105\u017ceniowe<\/strong><\/li>\n<li><strong>Unikalna tr\u00f3jk\u0105tna struktura<\/strong><\/li>\n<\/ul>\n<p><strong>Instrukcje u\u017cytkowania produktu<\/strong><\/p>\n<ul>\n<li><strong>\u0141adowanie odpowiadaj\u0105ce gniazdu elementu EI w celu umieszczenia elementu EI<\/strong><\/li>\n<li><strong>Ustaw parametry wstawiania arkusza EI zgodnie z rozmiarem EI i szkieletu oraz dobrze debuguj<\/strong><\/li>\n<li><strong>Debugowanie normalne, umie\u015b\u0107 szkielet (pakiet przewod\u00f3w) w pozycji szkieletu, naci\u015bnij prze\u0142\u0105cznik startowy (mo\u017cna uruchomi\u0107 za pomoc\u0105 prze\u0142\u0105cznika no\u017cnego), maszyna automatycznie zako\u0144czy wstawianie, aby okre\u015bli\u0107 zako\u0144czenie wstawiania, usu\u0144, umie\u015b\u0107 nowy szkielet, wi\u0119c powt\u00f3rz<\/strong><\/li>\n<\/ul>\n<p><strong>Konserwacja produktu i \u015brodki ostro\u017cno\u015bci<\/strong><\/p>\n<p><strong>Machine Model: VA-E60<\/strong><\/p>\n<ul>\n<li><strong>Regularnie czy\u015b\u0107 spr\u0119\u017cark\u0119 \u017ar\u00f3d\u0142a powietrza maszyny do wk\u0142adania, aby zapewni\u0107 czysty wlot powietrza do urz\u0105dzenia.<\/strong><\/li>\n<li><strong>Upewnij si\u0119, \u017ce prowadnica korbowodu maszyny jest czysta.<\/strong><\/li>\n<li><strong>Je\u015bli po w\u0142o\u017ceniu elementu urz\u0105dzenie nie mo\u017ce si\u0119 uruchomi\u0107, nale\u017cy sprawdzi\u0107 prze\u0142\u0105cznik zbli\u017ceniowy do punktu pocz\u0105tkowego.<\/strong><\/li>\n<li><strong>(Je\u015bli nadal nie mo\u017cna rozwi\u0105za\u0107 problemu, nale\u017cy skontaktowa\u0107 si\u0119 z producentem sprz\u0119tu)<\/strong><\/li>\n<li><strong>Nale\u017cy zwraca\u0107 uwag\u0119 na konserwacj\u0119 sprz\u0119tu, nie umieszcza\u0107 substancji \u017cr\u0105cych w pobli\u017cu sprz\u0119tu.<\/strong><\/li>\n<li><strong>Zakaz wk\u0142adania przedmiot\u00f3w innych ni\u017c I, E do zbiornika materia\u0142u<\/strong><\/li>\n<li><strong>Zakaz zbli\u017cania cia\u0142a ludzkiego do si\u0142ownika mechanicznego, gdy urz\u0105dzenie jest pod napi\u0119ciem.<\/strong><\/li>\n<li><strong>Gdy urz\u0105dzenie jest pod napi\u0119ciem, zabronione jest r\u0119czne wk\u0142adanie folii za pomoc\u0105 korbki (w razie konieczno\u015bci r\u0119cznego w\u0142o\u017cenia folii nale\u017cy od\u0142\u0105czy\u0107 urz\u0105dzenie od zasilania).<\/strong><\/li>\n<li><strong>zasilanie)<\/strong><\/li>\n<li><strong>Je\u015bli masz pewno\u015b\u0107, \u017ce zasilanie 220 V jest pod\u0142\u0105czone do urz\u0105dzenia, ale urz\u0105dzenie nadal nie jest zasilane. Sprawd\u017a zasilanie<\/strong><\/li>\n<li><strong>switch insurance<\/strong><\/li>\n<li><strong>Zwr\u00f3\u0107 uwag\u0119 na bezpiecze\u0144stwo wtyczki, aby unikn\u0105\u0107 obra\u017ce\u0144 elektrycznych<\/strong><\/li>\n<\/ul>\n<p><strong>Poniewa\u017c wi\u0119kszo\u015b\u0107 klient\u00f3w ma r\u00f3\u017cnic\u0119 w pakiecie przewod\u00f3w, klient musi dostarczy\u0107 cz\u0119\u015b\u0107 pakietu przewod\u00f3w i element \"EI\". Inne specyfikacje transformatora wtykowego typu EI mo\u017cna dostosowa\u0107 do wymaga\u0144 klienta<\/strong><\/p>\n<p><strong>Warunki gwarancji<\/strong><\/p>\n<p><strong>1. Okres gwarancji na produkt.<\/strong><\/p>\n<p><strong>1 year warranty for the machine<\/strong><\/p>\n<p><img loading=\"lazy\" decoding=\"async\" class=\"alignnone wp-image-4298 size-full\" src=\"https:\/\/vacuz.com\/wp-content\/uploads\/2022\/01\/Automatic-EI-core-Insertion-Machine_page-0001-scaled.jpg\" alt=\"Automatyczna maszyna do wprowadzania rdzenia E\" width=\"573\" height=\"2560\" title=\"Vacuz Automatyczna maszyna do wstawiania rdzenia ze stali krzemowej E EI (mo\u017ce zaakceptowa\u0107 dostosowanie)\" srcset=\"https:\/\/vacuz.com\/wp-content\/uploads\/2022\/01\/Automatic-EI-core-Insertion-Machine_page-0001-scaled.jpg 573w, https:\/\/vacuz.com\/wp-content\/uploads\/2022\/01\/Automatic-EI-core-Insertion-Machine_page-0001-scaled-500x2234.jpg 500w, https:\/\/vacuz.com\/wp-content\/uploads\/2022\/01\/Automatic-EI-core-Insertion-Machine_page-0001-scaled-67x300.jpg 67w, https:\/\/vacuz.com\/wp-content\/uploads\/2022\/01\/Automatic-EI-core-Insertion-Machine_page-0001-scaled-229x1024.jpg 229w, https:\/\/vacuz.com\/wp-content\/uploads\/2022\/01\/Automatic-EI-core-Insertion-Machine_page-0001-scaled-344x1536.jpg 344w, https:\/\/vacuz.com\/wp-content\/uploads\/2022\/01\/Automatic-EI-core-Insertion-Machine_page-0001-scaled-3x12.jpg 3w, https:\/\/vacuz.com\/wp-content\/uploads\/2022\/01\/Automatic-EI-core-Insertion-Machine_page-0001-scaled-200x894.jpg 200w, https:\/\/vacuz.com\/wp-content\/uploads\/2022\/01\/Automatic-EI-core-Insertion-Machine_page-0001-scaled-400x1787.jpg 400w\" sizes=\"auto, (max-width: 573px) 100vw, 573px\" \/><\/p>\n<\/div>\n<h3><span style=\"font-size: 23.04px;\">Informacje o firmie<\/span><\/h3>\n<div>\n<p><strong>Firma Vacuz Machine Factory zosta\u0142a za\u0142o\u017cona w maju 2007 roku w mie\u015bcie Dongguan w prowincji Guangdong. Jest to profesjonalny producent zajmuj\u0105cy si\u0119 badaniami, rozwojem, produkcj\u0105, sprzeda\u017c\u0105 i serwisem automatycznych nawijarek, nawijarek szpulowych, nawijarek transformatorowych, nawijarek silnikowych, bezprzewodowych nawijarek cewek, nawijarek d\u0142awikowych SQ i innych niestandardowych nawijarek. Nasze produkty s\u0105 dobrze sprzedawane we wszystkich miastach i prowincjach Chin, a tak\u017ce eksportowane do klient\u00f3w w takich krajach i regionach jak Bliski Wsch\u00f3d, Europa, Afryka, Azja i Ameryka P\u00f3\u0142nocna. Niezale\u017cnie od tego, czy wybierasz aktualny produkt z naszego katalogu, czy szukasz pomocy in\u017cynieryjnej dla swojej aplikacji, mo\u017cesz porozmawia\u0107 z naszym centrum obs\u0142ugi klienta o swoich wymaganiach dotycz\u0105cych zaopatrzenia. Jako\u015b\u0107 to nasza kultura! Mamy nadziej\u0119 na wsp\u00f3\u0142prac\u0119 wkr\u00f3tce!<\/strong><\/p>\n<p><img loading=\"lazy\" decoding=\"async\" class=\"alignnone size-full wp-image-4136\" src=\"https:\/\/vacuz.com\/wp-content\/uploads\/2022\/01\/Company-info-1.jpg\" alt=\"Informacje o firmie 1\" width=\"1200\" height=\"800\" title=\"Vacuz Automatyczna maszyna do wstawiania rdzenia ze stali krzemowej E EI (mo\u017ce zaakceptowa\u0107 dostosowanie)\" srcset=\"https:\/\/vacuz.com\/wp-content\/uploads\/2022\/01\/Company-info-1.jpg 1200w, https:\/\/vacuz.com\/wp-content\/uploads\/2022\/01\/Company-info-1-500x333.jpg 500w, https:\/\/vacuz.com\/wp-content\/uploads\/2022\/01\/Company-info-1-700x467.jpg 700w, https:\/\/vacuz.com\/wp-content\/uploads\/2022\/01\/Company-info-1-300x200.jpg 300w, https:\/\/vacuz.com\/wp-content\/uploads\/2022\/01\/Company-info-1-1024x683.jpg 1024w, https:\/\/vacuz.com\/wp-content\/uploads\/2022\/01\/Company-info-1-768x512.jpg 768w, https:\/\/vacuz.com\/wp-content\/uploads\/2022\/01\/Company-info-1-18x12.jpg 18w, https:\/\/vacuz.com\/wp-content\/uploads\/2022\/01\/Company-info-1-200x133.jpg 200w, https:\/\/vacuz.com\/wp-content\/uploads\/2022\/01\/Company-info-1-400x267.jpg 400w, https:\/\/vacuz.com\/wp-content\/uploads\/2022\/01\/Company-info-1-600x400.jpg 600w, https:\/\/vacuz.com\/wp-content\/uploads\/2022\/01\/Company-info-1-800x533.jpg 800w\" sizes=\"auto, (max-width: 1200px) 100vw, 1200px\" \/><\/p>\n<p><img loading=\"lazy\" decoding=\"async\" class=\"size-full wp-image-4126\" src=\"https:\/\/vacuz.com\/wp-content\/uploads\/2022\/01\/Company-info.jpg\" alt=\"Informacje o firmie Vacuz\" width=\"1754\" height=\"1241\" title=\"Vacuz Automatyczna maszyna do wstawiania rdzenia ze stali krzemowej E EI (mo\u017ce zaakceptowa\u0107 dostosowanie)\" srcset=\"https:\/\/vacuz.com\/wp-content\/uploads\/2022\/01\/Company-info.jpg 1754w, https:\/\/vacuz.com\/wp-content\/uploads\/2022\/01\/Company-info-500x354.jpg 500w, https:\/\/vacuz.com\/wp-content\/uploads\/2022\/01\/Company-info-700x495.jpg 700w, https:\/\/vacuz.com\/wp-content\/uploads\/2022\/01\/Company-info-300x212.jpg 300w, https:\/\/vacuz.com\/wp-content\/uploads\/2022\/01\/Company-info-1024x725.jpg 1024w, https:\/\/vacuz.com\/wp-content\/uploads\/2022\/01\/Company-info-768x543.jpg 768w, https:\/\/vacuz.com\/wp-content\/uploads\/2022\/01\/Company-info-1536x1087.jpg 1536w, https:\/\/vacuz.com\/wp-content\/uploads\/2022\/01\/Company-info-18x12.jpg 18w, https:\/\/vacuz.com\/wp-content\/uploads\/2022\/01\/Company-info-200x142.jpg 200w, https:\/\/vacuz.com\/wp-content\/uploads\/2022\/01\/Company-info-400x283.jpg 400w, https:\/\/vacuz.com\/wp-content\/uploads\/2022\/01\/Company-info-600x425.jpg 600w, https:\/\/vacuz.com\/wp-content\/uploads\/2022\/01\/Company-info-800x566.jpg 800w, https:\/\/vacuz.com\/wp-content\/uploads\/2022\/01\/Company-info-1200x849.jpg 1200w\" sizes=\"auto, (max-width: 1754px) 100vw, 1754px\" \/><\/p>\n<p><img loading=\"lazy\" decoding=\"async\" class=\"size-full wp-image-4132\" src=\"https:\/\/vacuz.com\/wp-content\/uploads\/2022\/01\/\u5408\u4f5c\u4f19\u4f34.jpg\" alt=\"Partnerzy\" width=\"1200\" height=\"555\" title=\"Vacuz Automatyczna maszyna do wstawiania rdzenia ze stali krzemowej E EI (mo\u017ce zaakceptowa\u0107 dostosowanie)\" srcset=\"https:\/\/vacuz.com\/wp-content\/uploads\/2022\/01\/\u5408\u4f5c\u4f19\u4f34.jpg 1200w, https:\/\/vacuz.com\/wp-content\/uploads\/2022\/01\/\u5408\u4f5c\u4f19\u4f34-500x231.jpg 500w, https:\/\/vacuz.com\/wp-content\/uploads\/2022\/01\/\u5408\u4f5c\u4f19\u4f34-700x324.jpg 700w, https:\/\/vacuz.com\/wp-content\/uploads\/2022\/01\/\u5408\u4f5c\u4f19\u4f34-300x139.jpg 300w, https:\/\/vacuz.com\/wp-content\/uploads\/2022\/01\/\u5408\u4f5c\u4f19\u4f34-1024x474.jpg 1024w, https:\/\/vacuz.com\/wp-content\/uploads\/2022\/01\/\u5408\u4f5c\u4f19\u4f34-768x355.jpg 768w, https:\/\/vacuz.com\/wp-content\/uploads\/2022\/01\/\u5408\u4f5c\u4f19\u4f34-18x8.jpg 18w, https:\/\/vacuz.com\/wp-content\/uploads\/2022\/01\/\u5408\u4f5c\u4f19\u4f34-200x93.jpg 200w, https:\/\/vacuz.com\/wp-content\/uploads\/2022\/01\/\u5408\u4f5c\u4f19\u4f34-400x185.jpg 400w, https:\/\/vacuz.com\/wp-content\/uploads\/2022\/01\/\u5408\u4f5c\u4f19\u4f34-600x278.jpg 600w, https:\/\/vacuz.com\/wp-content\/uploads\/2022\/01\/\u5408\u4f5c\u4f19\u4f34-800x370.jpg 800w\" sizes=\"auto, (max-width: 1200px) 100vw, 1200px\" \/><\/p>\n<p><img loading=\"lazy\" decoding=\"async\" class=\"size-full wp-image-4127\" src=\"https:\/\/vacuz.com\/wp-content\/uploads\/2022\/01\/Jeltecn\u8ba4\u8bc1.jpg\" alt=\"Certyfikat Vacuz\" width=\"1200\" height=\"549\" title=\"Vacuz Automatyczna maszyna do wstawiania rdzenia ze stali krzemowej E EI (mo\u017ce zaakceptowa\u0107 dostosowanie)\" srcset=\"https:\/\/vacuz.com\/wp-content\/uploads\/2022\/01\/Jeltecn\u8ba4\u8bc1.jpg 1200w, https:\/\/vacuz.com\/wp-content\/uploads\/2022\/01\/Jeltecn\u8ba4\u8bc1-500x229.jpg 500w, https:\/\/vacuz.com\/wp-content\/uploads\/2022\/01\/Jeltecn\u8ba4\u8bc1-700x320.jpg 700w, https:\/\/vacuz.com\/wp-content\/uploads\/2022\/01\/Jeltecn\u8ba4\u8bc1-300x137.jpg 300w, https:\/\/vacuz.com\/wp-content\/uploads\/2022\/01\/Jeltecn\u8ba4\u8bc1-1024x468.jpg 1024w, https:\/\/vacuz.com\/wp-content\/uploads\/2022\/01\/Jeltecn\u8ba4\u8bc1-768x351.jpg 768w, https:\/\/vacuz.com\/wp-content\/uploads\/2022\/01\/Jeltecn\u8ba4\u8bc1-18x8.jpg 18w, https:\/\/vacuz.com\/wp-content\/uploads\/2022\/01\/Jeltecn\u8ba4\u8bc1-200x92.jpg 200w, https:\/\/vacuz.com\/wp-content\/uploads\/2022\/01\/Jeltecn\u8ba4\u8bc1-400x183.jpg 400w, https:\/\/vacuz.com\/wp-content\/uploads\/2022\/01\/Jeltecn\u8ba4\u8bc1-600x275.jpg 600w, https:\/\/vacuz.com\/wp-content\/uploads\/2022\/01\/Jeltecn\u8ba4\u8bc1-800x366.jpg 800w\" sizes=\"auto, (max-width: 1200px) 100vw, 1200px\" \/><\/p>\n<h3>Pakowanie i wysy\u0142ka<\/h3>\n<p><strong>1. port: Szanghaj \/ Shenzhen lub do wyboru<\/strong><\/p>\n<p><strong>Pakowanie i transport<\/strong><br \/>\n<strong>Opakowanie og\u00f3lne (karton papierowy lub plastikowa torba): W przypadku ma\u0142ych towar\u00f3w nale\u017cy zapakowa\u0107 je w form\u0119 i papier pakowy, aby zagwarantowa\u0107 nieprzerwany transport.<\/strong><br \/>\n<strong>Opakowanie drewniane: W przypadku towar\u00f3w na wi\u0119ksz\u0105 skal\u0119, takich jak sprz\u0119t maszynowy itp., Mamy specjalnego wykwalifikowanego stolarza, kt\u00f3ry wykona\u0142by odpowiedni\u0105 drewnian\u0105 skrzynk\u0119 o dok\u0142adnej grubo\u015bci, g\u0119sto\u015bci i d\u0142ugo\u015bci. Strza\u0142ka w g\u00f3r\u0119 \u2191 oznaczona na zewn\u0119trznej drewnianej obudowie. Materia\u0142 buforowy zostanie umieszczony w drewnianej obudowie, aby zapobiec p\u0119kaniu i wstrz\u0105som. Poinformujemy Ci\u0119 o dowodzie dostawy. Wystarczy poczeka\u0107 na telefon, a nast\u0119pnie odebra\u0107 towar na najbli\u017cszej stacji logistycznej (prosz\u0119 o wcze\u015bniejsz\u0105 informacj\u0119, je\u015bli chcesz odebra\u0107 towar w domu).<\/strong><\/p>\n<p><img loading=\"lazy\" decoding=\"async\" class=\"size-full wp-image-4124\" src=\"https:\/\/vacuz.com\/wp-content\/uploads\/2022\/01\/Winding-Machine-Shipping-and-packing-4.jpg\" alt=\"Nawijarka Wysy\u0142ka i pakowanie-4\" width=\"1512\" height=\"2016\" title=\"Vacuz Automatyczna maszyna do wstawiania rdzenia ze stali krzemowej E EI (mo\u017ce zaakceptowa\u0107 dostosowanie)\" srcset=\"https:\/\/vacuz.com\/wp-content\/uploads\/2022\/01\/Winding-Machine-Shipping-and-packing-4.jpg 1512w, https:\/\/vacuz.com\/wp-content\/uploads\/2022\/01\/Winding-Machine-Shipping-and-packing-4-500x667.jpg 500w, https:\/\/vacuz.com\/wp-content\/uploads\/2022\/01\/Winding-Machine-Shipping-and-packing-4-700x933.jpg 700w, https:\/\/vacuz.com\/wp-content\/uploads\/2022\/01\/Winding-Machine-Shipping-and-packing-4-225x300.jpg 225w, https:\/\/vacuz.com\/wp-content\/uploads\/2022\/01\/Winding-Machine-Shipping-and-packing-4-768x1024.jpg 768w, https:\/\/vacuz.com\/wp-content\/uploads\/2022\/01\/Winding-Machine-Shipping-and-packing-4-1152x1536.jpg 1152w, https:\/\/vacuz.com\/wp-content\/uploads\/2022\/01\/Winding-Machine-Shipping-and-packing-4-9x12.jpg 9w, https:\/\/vacuz.com\/wp-content\/uploads\/2022\/01\/Winding-Machine-Shipping-and-packing-4-200x267.jpg 200w, https:\/\/vacuz.com\/wp-content\/uploads\/2022\/01\/Winding-Machine-Shipping-and-packing-4-400x533.jpg 400w, https:\/\/vacuz.com\/wp-content\/uploads\/2022\/01\/Winding-Machine-Shipping-and-packing-4-600x800.jpg 600w, https:\/\/vacuz.com\/wp-content\/uploads\/2022\/01\/Winding-Machine-Shipping-and-packing-4-800x1067.jpg 800w, https:\/\/vacuz.com\/wp-content\/uploads\/2022\/01\/Winding-Machine-Shipping-and-packing-4-1200x1600.jpg 1200w\" sizes=\"auto, (max-width: 1512px) 100vw, 1512px\" \/><\/p>\n<p>&nbsp;<\/p>\n<h2>Vacuz Service &amp; Strength<\/h2>\n<p><b data-spm-anchor-id=\"a2700.details.0.i31.182f594ewjEnUT\">Za\u0142o\u017cenia dotycz\u0105ce us\u0142ug<\/b><br \/>\nZapewniamy najlepsz\u0105 obs\u0142ug\u0119 \"szybko + satysfakcjonuj\u0105co + bezpiecznie\".<br \/>\n<b>Okres gwarancji<\/b><br \/>\n12 miesi\u0119cy po otrzymaniu produktu przez u\u017cytkownika.<br \/>\n<b>Elementy obj\u0119te gwarancj\u0105<\/b><br \/>\nTylko w przypadku nienormalnej awarii spowodowanej wad\u0105 konstrukcyjn\u0105 lub produkcyjn\u0105 maszyny,<br \/>\nzapewniona zostanie bezp\u0142atna naprawa i akcesoria.<br \/>\n<b>Zdolno\u015b\u0107 do obs\u0142ugi technologii<\/b><br \/>\nWszyscy in\u017cynierowie serwisu z wieloletnim do\u015bwiadczeniem przeszli specjalne szkolenie technologiczne, kt\u00f3re pozwala im radzi\u0107 sobie z r\u00f3\u017cnymi problemami zwi\u0105zanymi z awariami.<br \/>\nWskaz\u00f3wki dla u\u017cytkownika dotycz\u0105ce prawid\u0142owego u\u017cytkowania i konserwacji produktu.<br \/>\nZapewnienie bezp\u0142atnych konsultacji na temat technologii procesu produkcji produkt\u00f3w elektronicznych.<br \/>\n<b>Serwis po sprzeda\u017cy<\/b><br \/>\nAby zagwarantowa\u0107 normalne u\u017cytkowanie maszyny, przeprowadzamy szkolenie w zakresie obs\u0142ugi, u\u017cytkowania i konserwacji naszego produktu za pomoc\u0105 angielskiej instrukcji obs\u0142ugi, wideo, przewodnika online.<br \/>\n<b>Instrukcja u\u017cytkowania<\/b><br \/>\nZastosuj odpowiedni rozmiar produktu, w przeciwnym razie niew\u0142a\u015bciwe wymiary wp\u0142yn\u0105 na efekt u\u017cytkowania.<br \/>\nNale\u017cy upewni\u0107 si\u0119, \u017ce produkt jest w pe\u0142ni zgodny z instrukcj\u0105 u\u017cytkowania. Nie nale\u017cy przekracza\u0107 zakresu stosowania produkt\u00f3w.<br \/>\nUtrzymuj produkt po u\u017cyciu, odporny na wilgo\u0107, odporny na rdz\u0119, szczelny, przeciwwybuchowy, nale\u017cy zadba\u0107 o regularn\u0105 konserwacj\u0119 i kontrol\u0119. Wszystko to pomaga wyd\u0142u\u017cy\u0107 okres u\u017cytkowania.<br \/>\n<b>Zarz\u0105dzanie dokumentami u\u017cytkownika<\/b><br \/>\nUstanowienie doskona\u0142ego zarz\u0105dzania dokumentami u\u017cytkownik\u00f3w w systemie EPR, zarz\u0105dzanie szczeg\u00f3\u0142ami dotycz\u0105cymi ka\u017cdego produktu. U\u017cytkownicy b\u0119d\u0105 pod dobr\u0105 opiek\u0105.<br \/>\n<b>Informacje o produkcie<\/b><br \/>\n1. Zdj\u0119cie produktu: Wszystkie zdj\u0119cia produkt\u00f3w s\u0105 robione przez prawdziwy produkt, istnieje aberracja kolor\u00f3w mi\u0119dzy produktem a zdj\u0119ciem, kt\u00f3ra jest spowodowana \u015bwiat\u0142em fotografowania, rozmiarem produktu, technologi\u0105 r\u0119czn\u0105 i wy\u015bwietlaczem komputera itp. Nie jest to problem z jako\u015bci\u0105. Cz\u0119\u015bci produkt\u00f3w<br \/>\ns\u0105 zmieniane pod wzgl\u0119dem wygl\u0105du ze wzgl\u0119du na rewolucj\u0119 technologiczn\u0105 i popraw\u0119 procesu. SanShine zapewni, \u017ce parametry produktu pozostan\u0105 niezmienione, produkt nie b\u0119dzie mia\u0142 wp\u0142ywu na u\u017cytkowanie.<br \/>\n2. rozmiar produktu: Wszystkie parametry s\u0105 mierzone r\u0119cznie tylko w celach informacyjnych. Istnieje niewielkie odchylenie ze wzgl\u0119du na r\u00f3\u017cnic\u0119 narz\u0119dzi pomiarowych, partii produkt\u00f3w i procesu produkcji. Rzeczywisty rozmiar powinien by\u0107 zgodny z ostatecznym produktem dostawy.<br \/>\n3. kontrola jako\u015bci: Wszystkie produkty powinny by\u0107 dok\u0142adnie sprawdzone przed wysy\u0142k\u0105. Zapewnij dobr\u0105 funkcj\u0119 i wygl\u0105d.<\/p>\n<h2>Wideo z Vacuz Machine<\/h2>\n<p><iframe loading=\"lazy\" title=\"Chiny Fabrycznie automatyczna maszyna do wstawiania cewek transformatorowych EI 54 z rdzeniem E\" width=\"1200\" height=\"675\" src=\"https:\/\/www.youtube.com\/embed\/soYzliWQL4Q?feature=oembed\" frameborder=\"0\" allow=\"accelerometer; autoplay; clipboard-write; encrypted-media; gyroscope; picture-in-picture; web-share\" referrerpolicy=\"strict-origin-when-cross-origin\" allowfullscreen><\/iframe><\/p>\n<\/div>","protected":false},"excerpt":{"rendered":"<p>Vacuz Automatic E EI Silicon Steel Sheet Core Insertion Machine(Can Accept Customize) Machine Features Save manpower, reduce the labor intensity of the old shaking machine manual shaking arm, novice training more than ten minutes can be on the job The structure part uses high quality steel, less wear and tear, low failure, long life, and [&hellip;]<\/p>\n","protected":false},"featured_media":4295,"template":"","meta":{"_gspb_post_css":"","_joinchat":[]},"product_brand":[],"product_cat":[778],"product_tag":[257],"class_list":{"0":"post-4294","1":"product","2":"type-product","3":"status-publish","4":"has-post-thumbnail","6":"product_cat-transformer-coil-production-machine","7":"product_tag-automatic-e-core-insertion-machine","9":"first","10":"instock","11":"featured","12":"shipping-taxable","13":"product-type-simple"},"_links":{"self":[{"href":"https:\/\/vacuz.com\/pl\/wp-json\/wp\/v2\/product\/4294","targetHints":{"allow":["GET"]}}],"collection":[{"href":"https:\/\/vacuz.com\/pl\/wp-json\/wp\/v2\/product"}],"about":[{"href":"https:\/\/vacuz.com\/pl\/wp-json\/wp\/v2\/types\/product"}],"wp:featuredmedia":[{"embeddable":true,"href":"https:\/\/vacuz.com\/pl\/wp-json\/wp\/v2\/media\/4295"}],"wp:attachment":[{"href":"https:\/\/vacuz.com\/pl\/wp-json\/wp\/v2\/media?parent=4294"}],"wp:term":[{"taxonomy":"product_brand","embeddable":true,"href":"https:\/\/vacuz.com\/pl\/wp-json\/wp\/v2\/product_brand?post=4294"},{"taxonomy":"product_cat","embeddable":true,"href":"https:\/\/vacuz.com\/pl\/wp-json\/wp\/v2\/product_cat?post=4294"},{"taxonomy":"product_tag","embeddable":true,"href":"https:\/\/vacuz.com\/pl\/wp-json\/wp\/v2\/product_tag?post=4294"}],"curies":[{"name":"wp","href":"https:\/\/api.w.org\/{rel}","templated":true}]}}