{"id":4319,"date":"2022-01-26T08:56:29","date_gmt":"2022-01-26T08:56:29","guid":{"rendered":"https:\/\/vacuz.com\/?post_type=product&#038;p=4319"},"modified":"2025-11-03T07:16:20","modified_gmt":"2025-11-03T07:16:20","slug":"high-quality-gear-head-type-automatic-big-toroidal-coil-inductor-winding-machine-for-sale","status":"publish","type":"product","link":"https:\/\/vacuz.com\/pl\/product\/high-quality-gear-head-type-automatic-big-toroidal-coil-inductor-winding-machine-for-sale\/","title":{"rendered":"Wysokiej jako\u015bci automatyczna maszyna do nawijania cewek toroidalnych na sprzeda\u017c"},"content":{"rendered":"<h2>Wysokiej jako\u015bci automatyczna maszyna do nawijania cewek toroidalnych na sprzeda\u017c<\/h2>\n<div>\n<h3><strong>Cechy maszyny<\/strong><\/h3>\n<p><strong>automatyczna maszyna do nawijania transformatora toroidalnego przyjmuje sterownik toroidalny CNC, automatyczna maszyna do nawijania transformatora toroidalnego jest maszyn\u0105 do nawijania transformatora toroidalnego typu przek\u0142adniowego. Automatyczna maszyna do nawijania transformator\u00f3w toroidalnych to dok\u0142adna i niezawodna cyfrowa nawijarka cewek toroidalnych, automatyczna maszyna do nawijania transformator\u00f3w toroidalnych jest u\u017cywana do toroidalnych cewek indukcyjnych, transformator\u00f3w toroidalnych, toroidalnych przek\u0142adnik\u00f3w pr\u0105dowych, toroidalnych czujnik\u00f3w pr\u0105du, cewek toroidalnych, toroidalnych cewek klinowych, cewek indukcyjnych, magnetyk\u00f3w mocy, cewek indukcyjnych UPS, cewek konwerter\u00f3w, czujnik\u00f3w wodomierzy, toroidalnych przek\u0142adnik\u00f3w pr\u0105dowych elektronicznych licznik\u00f3w wodogodzin itp.<\/strong><\/p>\n<h3><strong>G\u0142\u00f3wne parametry techniczne<\/strong><\/h3>\n<table style=\"height: 28px;\" width=\"589\">\n<tbody>\n<tr>\n<td>Model<\/td>\n<td>Va-3T<\/td>\n<\/tr>\n<\/tbody>\n<\/table>\n<table style=\"height: 480px;\" width=\"947\">\n<tbody>\n<tr>\n<td>\u015arednica przewodu<\/td>\n<td>0.7-2.0mm<\/td>\n<\/tr>\n<tr>\n<td>Maksymalna pr\u0119dko\u015b\u0107 nawijania<\/td>\n<td>200Rpm\/Min<\/td>\n<\/tr>\n<tr>\n<td>Max Final Coil Outer Diameter<\/td>\n<td>60-200mm<\/td>\n<\/tr>\n<tr>\n<td>Wire Spacing<\/td>\n<td>Double frequency proportional linkage (stepper motor)<\/td>\n<\/tr>\n<tr>\n<td>Min Final Coil Inner Diameter<\/td>\n<td>40mm<\/td>\n<\/tr>\n<tr>\n<td>Napi\u0119cie robocze<\/td>\n<td>AC 220V 50Hz<\/td>\n<\/tr>\n<tr>\n<td>Max.Final Coil Height<\/td>\n<td>80 mm<\/td>\n<\/tr>\n<tr>\n<td>Wymiar maszyny<\/td>\n<td>550\u00d7500\u00d7750mm<\/td>\n<\/tr>\n<tr>\n<td>Pre Defined Specifications<\/td>\n<td>29 Set<\/td>\n<\/tr>\n<tr>\n<td>Waga maszyny<\/td>\n<td>100 KG<\/td>\n<\/tr>\n<tr>\n<td>Suitable Tape Width<\/td>\n<td>15\uff088\u300110\u300112\u300120\uff09mm<\/td>\n<\/tr>\n<tr>\n<td>Machine Controller<\/td>\n<td>Va-3T Controller<\/td>\n<\/tr>\n<\/tbody>\n<\/table>\n<p><img loading=\"lazy\" decoding=\"async\" class=\"size-full wp-image-4329\" src=\"https:\/\/vacuz.com\/wp-content\/uploads\/2022\/01\/Gear-Type-Automatic-Toroidal-Coil-Inductor-Winding-Machine-10.jpg\" alt=\"Automatyczna maszyna do nawijania cewek toroidalnych z przek\u0142adni\u0105 z\u0119bat\u0105\" width=\"1080\" height=\"1440\" title=\"Wysokiej jako\u015bci automatyczna maszyna do nawijania cewek toroidalnych na sprzeda\u017c\" srcset=\"https:\/\/vacuz.com\/wp-content\/uploads\/2022\/01\/Gear-Type-Automatic-Toroidal-Coil-Inductor-Winding-Machine-10.jpg 1080w, https:\/\/vacuz.com\/wp-content\/uploads\/2022\/01\/Gear-Type-Automatic-Toroidal-Coil-Inductor-Winding-Machine-10-500x667.jpg 500w, https:\/\/vacuz.com\/wp-content\/uploads\/2022\/01\/Gear-Type-Automatic-Toroidal-Coil-Inductor-Winding-Machine-10-700x933.jpg 700w, https:\/\/vacuz.com\/wp-content\/uploads\/2022\/01\/Gear-Type-Automatic-Toroidal-Coil-Inductor-Winding-Machine-10-225x300.jpg 225w, https:\/\/vacuz.com\/wp-content\/uploads\/2022\/01\/Gear-Type-Automatic-Toroidal-Coil-Inductor-Winding-Machine-10-768x1024.jpg 768w, https:\/\/vacuz.com\/wp-content\/uploads\/2022\/01\/Gear-Type-Automatic-Toroidal-Coil-Inductor-Winding-Machine-10-9x12.jpg 9w, https:\/\/vacuz.com\/wp-content\/uploads\/2022\/01\/Gear-Type-Automatic-Toroidal-Coil-Inductor-Winding-Machine-10-200x267.jpg 200w, https:\/\/vacuz.com\/wp-content\/uploads\/2022\/01\/Gear-Type-Automatic-Toroidal-Coil-Inductor-Winding-Machine-10-400x533.jpg 400w, https:\/\/vacuz.com\/wp-content\/uploads\/2022\/01\/Gear-Type-Automatic-Toroidal-Coil-Inductor-Winding-Machine-10-600x800.jpg 600w, https:\/\/vacuz.com\/wp-content\/uploads\/2022\/01\/Gear-Type-Automatic-Toroidal-Coil-Inductor-Winding-Machine-10-800x1067.jpg 800w\" sizes=\"auto, (max-width: 1080px) 100vw, 1080px\" \/><\/p>\n<p><img loading=\"lazy\" decoding=\"async\" class=\"size-full wp-image-4328\" src=\"https:\/\/vacuz.com\/wp-content\/uploads\/2022\/01\/Gear-Type-Automatic-Toroidal-Coil-Inductor-Winding-Machine-9.jpg\" alt=\"Automatyczna maszyna do nawijania cewek toroidalnych z przek\u0142adni\u0105 z\u0119bat\u0105\" width=\"1080\" height=\"1440\" title=\"Wysokiej jako\u015bci automatyczna maszyna do nawijania cewek toroidalnych na sprzeda\u017c\" srcset=\"https:\/\/vacuz.com\/wp-content\/uploads\/2022\/01\/Gear-Type-Automatic-Toroidal-Coil-Inductor-Winding-Machine-9.jpg 1080w, https:\/\/vacuz.com\/wp-content\/uploads\/2022\/01\/Gear-Type-Automatic-Toroidal-Coil-Inductor-Winding-Machine-9-500x667.jpg 500w, https:\/\/vacuz.com\/wp-content\/uploads\/2022\/01\/Gear-Type-Automatic-Toroidal-Coil-Inductor-Winding-Machine-9-700x933.jpg 700w, https:\/\/vacuz.com\/wp-content\/uploads\/2022\/01\/Gear-Type-Automatic-Toroidal-Coil-Inductor-Winding-Machine-9-225x300.jpg 225w, https:\/\/vacuz.com\/wp-content\/uploads\/2022\/01\/Gear-Type-Automatic-Toroidal-Coil-Inductor-Winding-Machine-9-768x1024.jpg 768w, https:\/\/vacuz.com\/wp-content\/uploads\/2022\/01\/Gear-Type-Automatic-Toroidal-Coil-Inductor-Winding-Machine-9-9x12.jpg 9w, https:\/\/vacuz.com\/wp-content\/uploads\/2022\/01\/Gear-Type-Automatic-Toroidal-Coil-Inductor-Winding-Machine-9-200x267.jpg 200w, https:\/\/vacuz.com\/wp-content\/uploads\/2022\/01\/Gear-Type-Automatic-Toroidal-Coil-Inductor-Winding-Machine-9-400x533.jpg 400w, https:\/\/vacuz.com\/wp-content\/uploads\/2022\/01\/Gear-Type-Automatic-Toroidal-Coil-Inductor-Winding-Machine-9-600x800.jpg 600w, https:\/\/vacuz.com\/wp-content\/uploads\/2022\/01\/Gear-Type-Automatic-Toroidal-Coil-Inductor-Winding-Machine-9-800x1067.jpg 800w\" sizes=\"auto, (max-width: 1080px) 100vw, 1080px\" \/><\/p>\n<p><img loading=\"lazy\" decoding=\"async\" class=\"size-full wp-image-4327\" src=\"https:\/\/vacuz.com\/wp-content\/uploads\/2022\/01\/Gear-Type-Automatic-Toroidal-Coil-Inductor-Winding-Machine-8.jpg\" alt=\"Automatyczna maszyna do nawijania cewek toroidalnych z przek\u0142adni\u0105 z\u0119bat\u0105\" width=\"1080\" height=\"1440\" title=\"Wysokiej jako\u015bci automatyczna maszyna do nawijania cewek toroidalnych na sprzeda\u017c\" srcset=\"https:\/\/vacuz.com\/wp-content\/uploads\/2022\/01\/Gear-Type-Automatic-Toroidal-Coil-Inductor-Winding-Machine-8.jpg 1080w, https:\/\/vacuz.com\/wp-content\/uploads\/2022\/01\/Gear-Type-Automatic-Toroidal-Coil-Inductor-Winding-Machine-8-500x667.jpg 500w, https:\/\/vacuz.com\/wp-content\/uploads\/2022\/01\/Gear-Type-Automatic-Toroidal-Coil-Inductor-Winding-Machine-8-700x933.jpg 700w, https:\/\/vacuz.com\/wp-content\/uploads\/2022\/01\/Gear-Type-Automatic-Toroidal-Coil-Inductor-Winding-Machine-8-225x300.jpg 225w, https:\/\/vacuz.com\/wp-content\/uploads\/2022\/01\/Gear-Type-Automatic-Toroidal-Coil-Inductor-Winding-Machine-8-768x1024.jpg 768w, https:\/\/vacuz.com\/wp-content\/uploads\/2022\/01\/Gear-Type-Automatic-Toroidal-Coil-Inductor-Winding-Machine-8-9x12.jpg 9w, https:\/\/vacuz.com\/wp-content\/uploads\/2022\/01\/Gear-Type-Automatic-Toroidal-Coil-Inductor-Winding-Machine-8-200x267.jpg 200w, https:\/\/vacuz.com\/wp-content\/uploads\/2022\/01\/Gear-Type-Automatic-Toroidal-Coil-Inductor-Winding-Machine-8-400x533.jpg 400w, https:\/\/vacuz.com\/wp-content\/uploads\/2022\/01\/Gear-Type-Automatic-Toroidal-Coil-Inductor-Winding-Machine-8-600x800.jpg 600w, https:\/\/vacuz.com\/wp-content\/uploads\/2022\/01\/Gear-Type-Automatic-Toroidal-Coil-Inductor-Winding-Machine-8-800x1067.jpg 800w\" sizes=\"auto, (max-width: 1080px) 100vw, 1080px\" \/><\/p>\n<h1>Przyk\u0142adowy pokaz<\/h1>\n<p><img loading=\"lazy\" decoding=\"async\" class=\"alignnone wp-image-7063 size-full\" src=\"https:\/\/vacuz.com\/wp-content\/uploads\/2022\/09\/6-2.jpg\" alt=\"6 2\" width=\"796\" height=\"871\" title=\"Wysokiej jako\u015bci automatyczna maszyna do nawijania cewek toroidalnych na sprzeda\u017c\" srcset=\"https:\/\/vacuz.com\/wp-content\/uploads\/2022\/09\/6-2.jpg 796w, https:\/\/vacuz.com\/wp-content\/uploads\/2022\/09\/6-2-500x547.jpg 500w, https:\/\/vacuz.com\/wp-content\/uploads\/2022\/09\/6-2-700x766.jpg 700w, https:\/\/vacuz.com\/wp-content\/uploads\/2022\/09\/6-2-274x300.jpg 274w, https:\/\/vacuz.com\/wp-content\/uploads\/2022\/09\/6-2-768x840.jpg 768w, https:\/\/vacuz.com\/wp-content\/uploads\/2022\/09\/6-2-11x12.jpg 11w, https:\/\/vacuz.com\/wp-content\/uploads\/2022\/09\/6-2-200x219.jpg 200w, https:\/\/vacuz.com\/wp-content\/uploads\/2022\/09\/6-2-400x438.jpg 400w, https:\/\/vacuz.com\/wp-content\/uploads\/2022\/09\/6-2-600x657.jpg 600w\" sizes=\"auto, (max-width: 796px) 100vw, 796px\" \/><\/p>\n<\/div>\n<h3><span style=\"font-size: 23.04px;\">Informacje o firmie<\/span><\/h3>\n<div>\n<p><strong>Firma Vacuz Machine Factory zosta\u0142a za\u0142o\u017cona w maju 2007 roku w mie\u015bcie Dongguan w prowincji Guangdong. Jest to profesjonalny producent zajmuj\u0105cy si\u0119 badaniami, rozwojem, produkcj\u0105, sprzeda\u017c\u0105 i serwisem automatycznych nawijarek, nawijarek szpulowych, nawijarek transformatorowych, nawijarek silnikowych, bezprzewodowych nawijarek cewek, nawijarek d\u0142awikowych SQ i innych niestandardowych nawijarek. Nasze produkty s\u0105 dobrze sprzedawane we wszystkich miastach i prowincjach Chin, a tak\u017ce eksportowane do klient\u00f3w w takich krajach i regionach jak Bliski Wsch\u00f3d, Europa, Afryka, Azja i Ameryka P\u00f3\u0142nocna. Niezale\u017cnie od tego, czy wybierasz aktualny produkt z naszego katalogu, czy szukasz pomocy in\u017cynieryjnej dla swojej aplikacji, mo\u017cesz porozmawia\u0107 z naszym centrum obs\u0142ugi klienta o swoich wymaganiach dotycz\u0105cych zaopatrzenia. Jako\u015b\u0107 to nasza kultura! Mamy nadziej\u0119 na wsp\u00f3\u0142prac\u0119 wkr\u00f3tce!<\/strong><\/p>\n<p><img loading=\"lazy\" decoding=\"async\" class=\"alignnone size-full wp-image-4136\" src=\"https:\/\/vacuz.com\/wp-content\/uploads\/2022\/01\/Company-info-1.jpg\" alt=\"Informacje o firmie 1\" width=\"1200\" height=\"800\" title=\"Wysokiej jako\u015bci automatyczna maszyna do nawijania cewek toroidalnych na sprzeda\u017c\" srcset=\"https:\/\/vacuz.com\/wp-content\/uploads\/2022\/01\/Company-info-1.jpg 1200w, https:\/\/vacuz.com\/wp-content\/uploads\/2022\/01\/Company-info-1-500x333.jpg 500w, https:\/\/vacuz.com\/wp-content\/uploads\/2022\/01\/Company-info-1-700x467.jpg 700w, https:\/\/vacuz.com\/wp-content\/uploads\/2022\/01\/Company-info-1-300x200.jpg 300w, https:\/\/vacuz.com\/wp-content\/uploads\/2022\/01\/Company-info-1-1024x683.jpg 1024w, https:\/\/vacuz.com\/wp-content\/uploads\/2022\/01\/Company-info-1-768x512.jpg 768w, https:\/\/vacuz.com\/wp-content\/uploads\/2022\/01\/Company-info-1-18x12.jpg 18w, https:\/\/vacuz.com\/wp-content\/uploads\/2022\/01\/Company-info-1-200x133.jpg 200w, https:\/\/vacuz.com\/wp-content\/uploads\/2022\/01\/Company-info-1-400x267.jpg 400w, https:\/\/vacuz.com\/wp-content\/uploads\/2022\/01\/Company-info-1-600x400.jpg 600w, https:\/\/vacuz.com\/wp-content\/uploads\/2022\/01\/Company-info-1-800x533.jpg 800w\" sizes=\"auto, (max-width: 1200px) 100vw, 1200px\" \/><\/p>\n<p><img loading=\"lazy\" decoding=\"async\" class=\"size-full wp-image-4126\" src=\"https:\/\/vacuz.com\/wp-content\/uploads\/2022\/01\/Company-info.jpg\" alt=\"Informacje o firmie Vacuz\" width=\"1754\" height=\"1241\" title=\"Wysokiej jako\u015bci automatyczna maszyna do nawijania cewek toroidalnych na sprzeda\u017c\" srcset=\"https:\/\/vacuz.com\/wp-content\/uploads\/2022\/01\/Company-info.jpg 1754w, https:\/\/vacuz.com\/wp-content\/uploads\/2022\/01\/Company-info-500x354.jpg 500w, https:\/\/vacuz.com\/wp-content\/uploads\/2022\/01\/Company-info-700x495.jpg 700w, https:\/\/vacuz.com\/wp-content\/uploads\/2022\/01\/Company-info-300x212.jpg 300w, https:\/\/vacuz.com\/wp-content\/uploads\/2022\/01\/Company-info-1024x725.jpg 1024w, https:\/\/vacuz.com\/wp-content\/uploads\/2022\/01\/Company-info-768x543.jpg 768w, https:\/\/vacuz.com\/wp-content\/uploads\/2022\/01\/Company-info-1536x1087.jpg 1536w, https:\/\/vacuz.com\/wp-content\/uploads\/2022\/01\/Company-info-18x12.jpg 18w, https:\/\/vacuz.com\/wp-content\/uploads\/2022\/01\/Company-info-200x142.jpg 200w, https:\/\/vacuz.com\/wp-content\/uploads\/2022\/01\/Company-info-400x283.jpg 400w, https:\/\/vacuz.com\/wp-content\/uploads\/2022\/01\/Company-info-600x425.jpg 600w, https:\/\/vacuz.com\/wp-content\/uploads\/2022\/01\/Company-info-800x566.jpg 800w, https:\/\/vacuz.com\/wp-content\/uploads\/2022\/01\/Company-info-1200x849.jpg 1200w\" sizes=\"auto, (max-width: 1754px) 100vw, 1754px\" \/><\/p>\n<p><img loading=\"lazy\" decoding=\"async\" class=\"size-full wp-image-4132\" src=\"https:\/\/vacuz.com\/wp-content\/uploads\/2022\/01\/\u5408\u4f5c\u4f19\u4f34.jpg\" alt=\"Partnerzy\" width=\"1200\" height=\"555\" title=\"Wysokiej jako\u015bci automatyczna maszyna do nawijania cewek toroidalnych na sprzeda\u017c\" srcset=\"https:\/\/vacuz.com\/wp-content\/uploads\/2022\/01\/\u5408\u4f5c\u4f19\u4f34.jpg 1200w, https:\/\/vacuz.com\/wp-content\/uploads\/2022\/01\/\u5408\u4f5c\u4f19\u4f34-500x231.jpg 500w, https:\/\/vacuz.com\/wp-content\/uploads\/2022\/01\/\u5408\u4f5c\u4f19\u4f34-700x324.jpg 700w, https:\/\/vacuz.com\/wp-content\/uploads\/2022\/01\/\u5408\u4f5c\u4f19\u4f34-300x139.jpg 300w, https:\/\/vacuz.com\/wp-content\/uploads\/2022\/01\/\u5408\u4f5c\u4f19\u4f34-1024x474.jpg 1024w, https:\/\/vacuz.com\/wp-content\/uploads\/2022\/01\/\u5408\u4f5c\u4f19\u4f34-768x355.jpg 768w, https:\/\/vacuz.com\/wp-content\/uploads\/2022\/01\/\u5408\u4f5c\u4f19\u4f34-18x8.jpg 18w, https:\/\/vacuz.com\/wp-content\/uploads\/2022\/01\/\u5408\u4f5c\u4f19\u4f34-200x93.jpg 200w, https:\/\/vacuz.com\/wp-content\/uploads\/2022\/01\/\u5408\u4f5c\u4f19\u4f34-400x185.jpg 400w, https:\/\/vacuz.com\/wp-content\/uploads\/2022\/01\/\u5408\u4f5c\u4f19\u4f34-600x278.jpg 600w, https:\/\/vacuz.com\/wp-content\/uploads\/2022\/01\/\u5408\u4f5c\u4f19\u4f34-800x370.jpg 800w\" sizes=\"auto, (max-width: 1200px) 100vw, 1200px\" \/><\/p>\n<p><img loading=\"lazy\" decoding=\"async\" class=\"size-full wp-image-4127\" src=\"https:\/\/vacuz.com\/wp-content\/uploads\/2022\/01\/Jeltecn\u8ba4\u8bc1.jpg\" alt=\"Certyfikat Vacuz\" width=\"1200\" height=\"549\" title=\"Wysokiej jako\u015bci automatyczna maszyna do nawijania cewek toroidalnych na sprzeda\u017c\" srcset=\"https:\/\/vacuz.com\/wp-content\/uploads\/2022\/01\/Jeltecn\u8ba4\u8bc1.jpg 1200w, https:\/\/vacuz.com\/wp-content\/uploads\/2022\/01\/Jeltecn\u8ba4\u8bc1-500x229.jpg 500w, https:\/\/vacuz.com\/wp-content\/uploads\/2022\/01\/Jeltecn\u8ba4\u8bc1-700x320.jpg 700w, https:\/\/vacuz.com\/wp-content\/uploads\/2022\/01\/Jeltecn\u8ba4\u8bc1-300x137.jpg 300w, https:\/\/vacuz.com\/wp-content\/uploads\/2022\/01\/Jeltecn\u8ba4\u8bc1-1024x468.jpg 1024w, https:\/\/vacuz.com\/wp-content\/uploads\/2022\/01\/Jeltecn\u8ba4\u8bc1-768x351.jpg 768w, https:\/\/vacuz.com\/wp-content\/uploads\/2022\/01\/Jeltecn\u8ba4\u8bc1-18x8.jpg 18w, https:\/\/vacuz.com\/wp-content\/uploads\/2022\/01\/Jeltecn\u8ba4\u8bc1-200x92.jpg 200w, https:\/\/vacuz.com\/wp-content\/uploads\/2022\/01\/Jeltecn\u8ba4\u8bc1-400x183.jpg 400w, https:\/\/vacuz.com\/wp-content\/uploads\/2022\/01\/Jeltecn\u8ba4\u8bc1-600x275.jpg 600w, https:\/\/vacuz.com\/wp-content\/uploads\/2022\/01\/Jeltecn\u8ba4\u8bc1-800x366.jpg 800w\" sizes=\"auto, (max-width: 1200px) 100vw, 1200px\" \/><\/p>\n<h3>Pakowanie i wysy\u0142ka<\/h3>\n<p><strong>1. port: Szanghaj \/ Shenzhen lub do wyboru<\/strong><\/p>\n<p><strong>Pakowanie i transport<\/strong><br \/>\n<strong>Opakowanie og\u00f3lne (karton papierowy lub plastikowa torba): W przypadku ma\u0142ych towar\u00f3w nale\u017cy zapakowa\u0107 je w form\u0119 i papier pakowy, aby zagwarantowa\u0107 nieprzerwany transport.<\/strong><br \/>\n<strong>Opakowanie drewniane: W przypadku towar\u00f3w na wi\u0119ksz\u0105 skal\u0119, takich jak sprz\u0119t maszynowy itp., Mamy specjalnego wykwalifikowanego stolarza, kt\u00f3ry wykona\u0142by odpowiedni\u0105 drewnian\u0105 skrzynk\u0119 o dok\u0142adnej grubo\u015bci, g\u0119sto\u015bci i d\u0142ugo\u015bci. Strza\u0142ka w g\u00f3r\u0119 \u2191 oznaczona na zewn\u0119trznej drewnianej obudowie. Materia\u0142 buforowy zostanie umieszczony w drewnianej obudowie, aby zapobiec p\u0119kaniu i wstrz\u0105som. Poinformujemy Ci\u0119 o dowodzie dostawy. Wystarczy poczeka\u0107 na telefon, a nast\u0119pnie odebra\u0107 towar na najbli\u017cszej stacji logistycznej (prosz\u0119 o wcze\u015bniejsz\u0105 informacj\u0119, je\u015bli chcesz odebra\u0107 towar w domu).<\/strong><\/p>\n<p><img loading=\"lazy\" decoding=\"async\" class=\"size-full wp-image-4124\" src=\"https:\/\/vacuz.com\/wp-content\/uploads\/2022\/01\/Winding-Machine-Shipping-and-packing-4.jpg\" alt=\"Nawijarka Wysy\u0142ka i pakowanie-4\" width=\"1512\" height=\"2016\" title=\"Wysokiej jako\u015bci automatyczna maszyna do nawijania cewek toroidalnych na sprzeda\u017c\" srcset=\"https:\/\/vacuz.com\/wp-content\/uploads\/2022\/01\/Winding-Machine-Shipping-and-packing-4.jpg 1512w, https:\/\/vacuz.com\/wp-content\/uploads\/2022\/01\/Winding-Machine-Shipping-and-packing-4-500x667.jpg 500w, https:\/\/vacuz.com\/wp-content\/uploads\/2022\/01\/Winding-Machine-Shipping-and-packing-4-700x933.jpg 700w, https:\/\/vacuz.com\/wp-content\/uploads\/2022\/01\/Winding-Machine-Shipping-and-packing-4-225x300.jpg 225w, https:\/\/vacuz.com\/wp-content\/uploads\/2022\/01\/Winding-Machine-Shipping-and-packing-4-768x1024.jpg 768w, https:\/\/vacuz.com\/wp-content\/uploads\/2022\/01\/Winding-Machine-Shipping-and-packing-4-1152x1536.jpg 1152w, https:\/\/vacuz.com\/wp-content\/uploads\/2022\/01\/Winding-Machine-Shipping-and-packing-4-9x12.jpg 9w, https:\/\/vacuz.com\/wp-content\/uploads\/2022\/01\/Winding-Machine-Shipping-and-packing-4-200x267.jpg 200w, https:\/\/vacuz.com\/wp-content\/uploads\/2022\/01\/Winding-Machine-Shipping-and-packing-4-400x533.jpg 400w, https:\/\/vacuz.com\/wp-content\/uploads\/2022\/01\/Winding-Machine-Shipping-and-packing-4-600x800.jpg 600w, https:\/\/vacuz.com\/wp-content\/uploads\/2022\/01\/Winding-Machine-Shipping-and-packing-4-800x1067.jpg 800w, https:\/\/vacuz.com\/wp-content\/uploads\/2022\/01\/Winding-Machine-Shipping-and-packing-4-1200x1600.jpg 1200w\" sizes=\"auto, (max-width: 1512px) 100vw, 1512px\" \/><\/p>\n<p>&nbsp;<\/p>\n<h2>Vacuz Service &amp; Strength<\/h2>\n<p><b data-spm-anchor-id=\"a2700.details.0.i31.182f594ewjEnUT\">Za\u0142o\u017cenia dotycz\u0105ce us\u0142ug<\/b><br \/>\nZapewniamy najlepsz\u0105 obs\u0142ug\u0119 \"szybko + satysfakcjonuj\u0105co + bezpiecznie\".<br \/>\n<b>Okres gwarancji<\/b><br \/>\n12 miesi\u0119cy po otrzymaniu produktu przez u\u017cytkownika.<br \/>\n<b>Elementy obj\u0119te gwarancj\u0105<\/b><br \/>\nTylko w przypadku nienormalnej awarii spowodowanej wad\u0105 konstrukcyjn\u0105 lub produkcyjn\u0105 maszyny,<br \/>\nzapewniona zostanie bezp\u0142atna naprawa i akcesoria.<br \/>\n<b>Zdolno\u015b\u0107 do obs\u0142ugi technologii<\/b><br \/>\nWszyscy in\u017cynierowie serwisu z wieloletnim do\u015bwiadczeniem przeszli specjalne szkolenie technologiczne, kt\u00f3re pozwala im radzi\u0107 sobie z r\u00f3\u017cnymi problemami zwi\u0105zanymi z awariami.<br \/>\nWskaz\u00f3wki dla u\u017cytkownika dotycz\u0105ce prawid\u0142owego u\u017cytkowania i konserwacji produktu.<br \/>\nZapewnienie bezp\u0142atnych konsultacji na temat technologii procesu produkcji produkt\u00f3w elektronicznych.<br \/>\n<b>Serwis po sprzeda\u017cy<\/b><br \/>\nAby zagwarantowa\u0107 normalne u\u017cytkowanie maszyny, przeprowadzamy szkolenie w zakresie obs\u0142ugi, u\u017cytkowania i konserwacji naszego produktu za pomoc\u0105 angielskiej instrukcji obs\u0142ugi, wideo, przewodnika online.<br \/>\n<b>Instrukcja u\u017cytkowania<\/b><br \/>\nZastosuj odpowiedni rozmiar produktu, w przeciwnym razie niew\u0142a\u015bciwe wymiary wp\u0142yn\u0105 na efekt u\u017cytkowania.<br \/>\nNale\u017cy upewni\u0107 si\u0119, \u017ce produkt jest w pe\u0142ni zgodny z instrukcj\u0105 u\u017cytkowania. Nie nale\u017cy przekracza\u0107 zakresu stosowania produkt\u00f3w.<br \/>\nUtrzymuj produkt po u\u017cyciu, odporny na wilgo\u0107, odporny na rdz\u0119, szczelny, przeciwwybuchowy, nale\u017cy zadba\u0107 o regularn\u0105 konserwacj\u0119 i kontrol\u0119. Wszystko to pomaga wyd\u0142u\u017cy\u0107 okres u\u017cytkowania.<br \/>\n<b>Zarz\u0105dzanie dokumentami u\u017cytkownika<\/b><br \/>\nUstanowienie doskona\u0142ego zarz\u0105dzania dokumentami u\u017cytkownik\u00f3w w systemie EPR, zarz\u0105dzanie szczeg\u00f3\u0142ami dotycz\u0105cymi ka\u017cdego produktu. U\u017cytkownicy b\u0119d\u0105 pod dobr\u0105 opiek\u0105.<br \/>\n<b>Informacje o produkcie<\/b><br \/>\n1. Zdj\u0119cie produktu: Wszystkie zdj\u0119cia produkt\u00f3w s\u0105 robione przez prawdziwy produkt, istnieje aberracja kolor\u00f3w mi\u0119dzy produktem a zdj\u0119ciem, kt\u00f3ra jest spowodowana \u015bwiat\u0142em fotografowania, rozmiarem produktu, technologi\u0105 r\u0119czn\u0105 i wy\u015bwietlaczem komputera itp. Nie jest to problem z jako\u015bci\u0105. Cz\u0119\u015bci produkt\u00f3w<br \/>\ns\u0105 zmieniane pod wzgl\u0119dem wygl\u0105du ze wzgl\u0119du na rewolucj\u0119 technologiczn\u0105 i popraw\u0119 procesu. SanShine zapewni, \u017ce parametry produktu pozostan\u0105 niezmienione, produkt nie b\u0119dzie mia\u0142 wp\u0142ywu na u\u017cytkowanie.<br \/>\n2. rozmiar produktu: Wszystkie parametry s\u0105 mierzone r\u0119cznie tylko w celach informacyjnych. Istnieje niewielkie odchylenie ze wzgl\u0119du na r\u00f3\u017cnic\u0119 narz\u0119dzi pomiarowych, partii produkt\u00f3w i procesu produkcji. Rzeczywisty rozmiar powinien by\u0107 zgodny z ostatecznym produktem dostawy.<br \/>\n3. kontrola jako\u015bci: Wszystkie produkty powinny by\u0107 dok\u0142adnie sprawdzone przed wysy\u0142k\u0105. Zapewnij dobr\u0105 funkcj\u0119 i wygl\u0105d.<\/p>\n<h2>Wideo z Vacuz Machine<\/h2>\n<p><iframe loading=\"lazy\" title=\"Vacuz 0.3-1.6mm 200RPM Automatic Gear Head Type Big Toroidal Transformer Coil Winding Machine\" width=\"1200\" height=\"675\" src=\"https:\/\/www.youtube.com\/embed\/1BtrG2HDlmk?feature=oembed\" frameborder=\"0\" allow=\"accelerometer; autoplay; clipboard-write; encrypted-media; gyroscope; picture-in-picture; web-share\" referrerpolicy=\"strict-origin-when-cross-origin\" allowfullscreen><\/iframe><\/p>\n<\/div>","protected":false},"excerpt":{"rendered":"<p>High Quality Gear Head Type Automatic Big Toroidal Coil Inductor Winding Machine For Sale Machine Features automatic Toroidal transformer winding machine adopts CNC toroidal controller, automatic Toroidal transformer winding machine is Gear type Toroidal transformer winding machine . automatic Toroidal transformer winding machine is an accurately and reliability digital Toroidal coil winder , automatic Toroidal [&hellip;]<\/p>\n","protected":false},"featured_media":4320,"template":"","meta":{"_gspb_post_css":"","_joinchat":[]},"product_brand":[],"product_cat":[790,779],"product_tag":[265,263,264],"class_list":{"0":"post-4319","1":"product","2":"type-product","3":"status-publish","4":"has-post-thumbnail","6":"product_cat-semi-automatic-toroidal-coil-winding-machine","7":"product_cat-toroidal-coil-production-machine","8":"product_tag-big-toroidal-coil","9":"product_tag-gear-type-toroidal-coil-winding-machine","10":"product_tag-toroidal-coil-inductor-winding-machine","12":"first","13":"instock","14":"featured","15":"shipping-taxable","16":"product-type-simple"},"_links":{"self":[{"href":"https:\/\/vacuz.com\/pl\/wp-json\/wp\/v2\/product\/4319","targetHints":{"allow":["GET"]}}],"collection":[{"href":"https:\/\/vacuz.com\/pl\/wp-json\/wp\/v2\/product"}],"about":[{"href":"https:\/\/vacuz.com\/pl\/wp-json\/wp\/v2\/types\/product"}],"wp:featuredmedia":[{"embeddable":true,"href":"https:\/\/vacuz.com\/pl\/wp-json\/wp\/v2\/media\/4320"}],"wp:attachment":[{"href":"https:\/\/vacuz.com\/pl\/wp-json\/wp\/v2\/media?parent=4319"}],"wp:term":[{"taxonomy":"product_brand","embeddable":true,"href":"https:\/\/vacuz.com\/pl\/wp-json\/wp\/v2\/product_brand?post=4319"},{"taxonomy":"product_cat","embeddable":true,"href":"https:\/\/vacuz.com\/pl\/wp-json\/wp\/v2\/product_cat?post=4319"},{"taxonomy":"product_tag","embeddable":true,"href":"https:\/\/vacuz.com\/pl\/wp-json\/wp\/v2\/product_tag?post=4319"}],"curies":[{"name":"wp","href":"https:\/\/api.w.org\/{rel}","templated":true}]}}