{"id":6354,"date":"2022-06-12T09:40:53","date_gmt":"2022-06-12T09:40:53","guid":{"rendered":"https:\/\/vacuz.com\/?post_type=product&#038;p=6354"},"modified":"2025-11-03T06:39:54","modified_gmt":"2025-11-03T06:39:54","slug":"oem-fabryka-rdzen-toroidalny-tryb-wspolny-dlawik-induktor-cewka-miedziana-producent-cewka-indukcyjna","status":"publish","type":"product","link":"https:\/\/vacuz.com\/pl\/product\/oem-factory-toroidal-core-common-mode-choke-inductor-copper-coil-inductor-manufacturer\/","title":{"rendered":"Fabryczny toroidalny cewnik d\u0142awikowy z rdzeniem wsp\u00f3lnym Producent cewek miedzianych OEM"},"content":{"rendered":"<h2>Fabryczny toroidalny cewnik d\u0142awikowy z rdzeniem wsp\u00f3lnym Producent cewek miedzianych OEM<\/h2>\n<div class=\"magic-2\">\n<div class=\"magic-3\">\n<h3 class=\"magic-4\" data-id=\"title0\">Zastosowanie<\/h3>\n<\/div>\n<div class=\"magic-5\">\n<div class=\"magic-6\" data-id=\"paragraph0\" data-spm-anchor-id=\"a2700.details.0.i40.3b5b63393IidJ9\">\u00a0Kompaktowa lampa fluorescencyjna<br \/>\nOdbiornik telewizyjny<br \/>\nRadiowy odtwarzacz kasetowy<br \/>\nZasilanie komputera<br \/>\nMonitor, audio, VCD, DCD<br \/>\nUPS<br \/>\nUrz\u0105dzenie elektroniczne<br \/>\nOdrzucanie szum\u00f3w<br \/>\nKuchenka indukcyjna itp.<\/div>\n<\/div>\n<\/div>\n<div class=\"magic-2\">\n<div class=\"magic-3\">\n<h3 class=\"magic-4\" data-id=\"title1\">Specyfikacja<\/h3>\n<\/div>\n<div class=\"magic-5\">\n<div class=\"magic-7\" data-id=\"paragraph1\" data-spm-anchor-id=\"a2700.details.0.i42.3b5b63393IidJ9\"><span data-spm-anchor-id=\"a2700.details.0.i35.3b5b63393IidJ9\">\u00a0Wysoka wydajno\u015b\u0107 pr\u0105dowa<br \/>\nNiska strata rdzenia przy cz\u0119stotliwo\u015bci<br \/>\nWysoka niezawodno\u015b\u0107, wydajno\u015b\u0107<br \/>\nMa\u0142y rozmiar opakowania<br \/>\nTemperatura pracy: od -30\u00b0C do +80\u00b0C<br \/>\nSpecyfikacje elektryczne przy 20\u00b0C<\/span><\/div>\n<div data-id=\"paragraph1\" data-spm-anchor-id=\"a2700.details.0.i42.3b5b63393IidJ9\">\n<p><img loading=\"lazy\" decoding=\"async\" class=\"alignnone wp-image-6357 size-full\" src=\"https:\/\/vacuz.com\/wp-content\/uploads\/2022\/06\/Common-Mode-Choke-Inductor-Copper-Coil-3.jpg\" alt=\"Cewka miedziana d\u0142awika trybu wsp\u00f3lnego\" width=\"800\" height=\"800\" title=\"Fabryczny toroidalny cewnik d\u0142awikowy z rdzeniem wsp\u00f3lnym Producent cewek miedzianych OEM\" srcset=\"https:\/\/vacuz.com\/wp-content\/uploads\/2022\/06\/Common-Mode-Choke-Inductor-Copper-Coil-3.jpg 800w, https:\/\/vacuz.com\/wp-content\/uploads\/2022\/06\/Common-Mode-Choke-Inductor-Copper-Coil-3-500x500.jpg 500w, https:\/\/vacuz.com\/wp-content\/uploads\/2022\/06\/Common-Mode-Choke-Inductor-Copper-Coil-3-100x100.jpg 100w, https:\/\/vacuz.com\/wp-content\/uploads\/2022\/06\/Common-Mode-Choke-Inductor-Copper-Coil-3-700x700.jpg 700w, https:\/\/vacuz.com\/wp-content\/uploads\/2022\/06\/Common-Mode-Choke-Inductor-Copper-Coil-3-300x300.jpg 300w, https:\/\/vacuz.com\/wp-content\/uploads\/2022\/06\/Common-Mode-Choke-Inductor-Copper-Coil-3-150x150.jpg 150w, https:\/\/vacuz.com\/wp-content\/uploads\/2022\/06\/Common-Mode-Choke-Inductor-Copper-Coil-3-768x768.jpg 768w, https:\/\/vacuz.com\/wp-content\/uploads\/2022\/06\/Common-Mode-Choke-Inductor-Copper-Coil-3-12x12.jpg 12w, https:\/\/vacuz.com\/wp-content\/uploads\/2022\/06\/Common-Mode-Choke-Inductor-Copper-Coil-3-66x66.jpg 66w, https:\/\/vacuz.com\/wp-content\/uploads\/2022\/06\/Common-Mode-Choke-Inductor-Copper-Coil-3-200x200.jpg 200w, https:\/\/vacuz.com\/wp-content\/uploads\/2022\/06\/Common-Mode-Choke-Inductor-Copper-Coil-3-400x400.jpg 400w, https:\/\/vacuz.com\/wp-content\/uploads\/2022\/06\/Common-Mode-Choke-Inductor-Copper-Coil-3-600x600.jpg 600w\" sizes=\"auto, (max-width: 800px) 100vw, 800px\" \/><\/p>\n<p>&nbsp;<\/p>\n<p>&nbsp;<\/p>\n<p>&nbsp;<\/p>\n<p>&nbsp;<\/p>\n<p>&nbsp;<\/p>\n<p><img loading=\"lazy\" decoding=\"async\" class=\"alignnone wp-image-6361 size-full\" src=\"https:\/\/vacuz.com\/wp-content\/uploads\/2022\/06\/Common-Mode-Choke-Inductor-Copper-Coil-7.jpg\" alt=\"Cewka miedziana d\u0142awika trybu wsp\u00f3lnego\" width=\"827\" height=\"512\" title=\"Fabryczny toroidalny cewnik d\u0142awikowy z rdzeniem wsp\u00f3lnym Producent cewek miedzianych OEM\" srcset=\"https:\/\/vacuz.com\/wp-content\/uploads\/2022\/06\/Common-Mode-Choke-Inductor-Copper-Coil-7.jpg 827w, https:\/\/vacuz.com\/wp-content\/uploads\/2022\/06\/Common-Mode-Choke-Inductor-Copper-Coil-7-500x310.jpg 500w, https:\/\/vacuz.com\/wp-content\/uploads\/2022\/06\/Common-Mode-Choke-Inductor-Copper-Coil-7-700x433.jpg 700w, https:\/\/vacuz.com\/wp-content\/uploads\/2022\/06\/Common-Mode-Choke-Inductor-Copper-Coil-7-300x186.jpg 300w, https:\/\/vacuz.com\/wp-content\/uploads\/2022\/06\/Common-Mode-Choke-Inductor-Copper-Coil-7-768x475.jpg 768w, https:\/\/vacuz.com\/wp-content\/uploads\/2022\/06\/Common-Mode-Choke-Inductor-Copper-Coil-7-18x12.jpg 18w, https:\/\/vacuz.com\/wp-content\/uploads\/2022\/06\/Common-Mode-Choke-Inductor-Copper-Coil-7-200x124.jpg 200w, https:\/\/vacuz.com\/wp-content\/uploads\/2022\/06\/Common-Mode-Choke-Inductor-Copper-Coil-7-400x248.jpg 400w, https:\/\/vacuz.com\/wp-content\/uploads\/2022\/06\/Common-Mode-Choke-Inductor-Copper-Coil-7-600x371.jpg 600w, https:\/\/vacuz.com\/wp-content\/uploads\/2022\/06\/Common-Mode-Choke-Inductor-Copper-Coil-7-800x495.jpg 800w\" sizes=\"auto, (max-width: 827px) 100vw, 827px\" \/><\/p>\n<table class=\"all magic-11\" style=\"height: 158px;\" width=\"1094\">\n<tbody>\n<tr>\n<td colspan=\"1\" rowspan=\"1\">\n<div class=\"magic-12\">\n<div class=\"magic-13\" data-spm-anchor-id=\"a2700.siteadmin.0.i3.6e96ac40QSohKS\">Indukcyjno\u015b\u0107:<\/div>\n<\/div>\n<\/td>\n<td colspan=\"1\" rowspan=\"1\">\n<div class=\"magic-14\">Zgodnie z wymaganiami<\/div>\n<\/td>\n<\/tr>\n<tr>\n<td colspan=\"1\" rowspan=\"1\">\n<div class=\"magic-12\">Aktualna stawka:<\/div>\n<\/td>\n<td colspan=\"1\" rowspan=\"1\">\n<div class=\"magic-14\"><span class=\"magic-15\" data-spm-anchor-id=\"a2700.details.0.i37.3b5b63393IidJ9\">Zgodnie z wymaganiami<\/span><\/div>\n<\/td>\n<\/tr>\n<tr>\n<td colspan=\"1\" rowspan=\"1\">\n<div class=\"magic-12\">\n<div class=\"magic-13\" data-spm-anchor-id=\"a2700.siteadmin.0.i3.6e96ac40thObmF\">Rdze\u0144:<\/div>\n<\/div>\n<\/td>\n<td colspan=\"1\" rowspan=\"1\">\n<div class=\"magic-14\"><span class=\"magic-15\">Zgodnie z wymaganiami<\/span><\/div>\n<\/td>\n<\/tr>\n<tr>\n<td colspan=\"1\" rowspan=\"1\">\n<div class=\"magic-12\">Drut<\/div>\n<\/td>\n<td colspan=\"1\" rowspan=\"1\">\n<div class=\"magic-14\" data-spm-anchor-id=\"a2700.details.0.i38.3b5b63393IidJ9\"><span class=\"magic-15\">Zgodnie z wymaganiami<\/span><\/div>\n<\/td>\n<\/tr>\n<\/tbody>\n<\/table>\n<\/div>\n<\/div>\n<\/div>\n<p><img loading=\"lazy\" decoding=\"async\" class=\"alignnone wp-image-6341 size-full\" src=\"https:\/\/vacuz.com\/wp-content\/uploads\/2022\/06\/Common-Mode-Choke-Coil-Toroidal-Inductor-8.jpg\" alt=\"Cewka d\u0142awikowa trybu wsp\u00f3lnego Cewka toroidalna\" width=\"750\" height=\"439\" title=\"Fabryczny toroidalny cewnik d\u0142awikowy z rdzeniem wsp\u00f3lnym Producent cewek miedzianych OEM\" srcset=\"https:\/\/vacuz.com\/wp-content\/uploads\/2022\/06\/Common-Mode-Choke-Coil-Toroidal-Inductor-8.jpg 750w, https:\/\/vacuz.com\/wp-content\/uploads\/2022\/06\/Common-Mode-Choke-Coil-Toroidal-Inductor-8-500x293.jpg 500w, https:\/\/vacuz.com\/wp-content\/uploads\/2022\/06\/Common-Mode-Choke-Coil-Toroidal-Inductor-8-700x410.jpg 700w, https:\/\/vacuz.com\/wp-content\/uploads\/2022\/06\/Common-Mode-Choke-Coil-Toroidal-Inductor-8-300x176.jpg 300w, https:\/\/vacuz.com\/wp-content\/uploads\/2022\/06\/Common-Mode-Choke-Coil-Toroidal-Inductor-8-18x12.jpg 18w, https:\/\/vacuz.com\/wp-content\/uploads\/2022\/06\/Common-Mode-Choke-Coil-Toroidal-Inductor-8-200x117.jpg 200w, https:\/\/vacuz.com\/wp-content\/uploads\/2022\/06\/Common-Mode-Choke-Coil-Toroidal-Inductor-8-400x234.jpg 400w, https:\/\/vacuz.com\/wp-content\/uploads\/2022\/06\/Common-Mode-Choke-Coil-Toroidal-Inductor-8-600x351.jpg 600w\" sizes=\"auto, (max-width: 750px) 100vw, 750px\" \/><\/p>\n<p><img loading=\"lazy\" decoding=\"async\" class=\"alignnone wp-image-6342 size-full\" src=\"https:\/\/vacuz.com\/wp-content\/uploads\/2022\/06\/Common-Mode-Choke-Coil-Toroidal-Inductor-9.jpg\" alt=\"Cewka d\u0142awikowa trybu wsp\u00f3lnego Cewka toroidalna\" width=\"750\" height=\"439\" title=\"Fabryczny toroidalny cewnik d\u0142awikowy z rdzeniem wsp\u00f3lnym Producent cewek miedzianych OEM\" srcset=\"https:\/\/vacuz.com\/wp-content\/uploads\/2022\/06\/Common-Mode-Choke-Coil-Toroidal-Inductor-9.jpg 750w, https:\/\/vacuz.com\/wp-content\/uploads\/2022\/06\/Common-Mode-Choke-Coil-Toroidal-Inductor-9-500x293.jpg 500w, https:\/\/vacuz.com\/wp-content\/uploads\/2022\/06\/Common-Mode-Choke-Coil-Toroidal-Inductor-9-700x410.jpg 700w, https:\/\/vacuz.com\/wp-content\/uploads\/2022\/06\/Common-Mode-Choke-Coil-Toroidal-Inductor-9-300x176.jpg 300w, https:\/\/vacuz.com\/wp-content\/uploads\/2022\/06\/Common-Mode-Choke-Coil-Toroidal-Inductor-9-18x12.jpg 18w, https:\/\/vacuz.com\/wp-content\/uploads\/2022\/06\/Common-Mode-Choke-Coil-Toroidal-Inductor-9-200x117.jpg 200w, https:\/\/vacuz.com\/wp-content\/uploads\/2022\/06\/Common-Mode-Choke-Coil-Toroidal-Inductor-9-400x234.jpg 400w, https:\/\/vacuz.com\/wp-content\/uploads\/2022\/06\/Common-Mode-Choke-Coil-Toroidal-Inductor-9-600x351.jpg 600w\" sizes=\"auto, (max-width: 750px) 100vw, 750px\" \/><\/p>\n<p><img loading=\"lazy\" decoding=\"async\" class=\"alignnone wp-image-6351 size-full\" src=\"https:\/\/vacuz.com\/wp-content\/uploads\/2022\/06\/Common-Mode-Choke-Coil-Toroidal-Inductor-10-1.jpg\" alt=\"Cewka d\u0142awikowa trybu wsp\u00f3lnego Cewka toroidalna\" width=\"750\" height=\"1000\" title=\"Fabryczny toroidalny cewnik d\u0142awikowy z rdzeniem wsp\u00f3lnym Producent cewek miedzianych OEM\" srcset=\"https:\/\/vacuz.com\/wp-content\/uploads\/2022\/06\/Common-Mode-Choke-Coil-Toroidal-Inductor-10-1.jpg 750w, https:\/\/vacuz.com\/wp-content\/uploads\/2022\/06\/Common-Mode-Choke-Coil-Toroidal-Inductor-10-1-500x667.jpg 500w, https:\/\/vacuz.com\/wp-content\/uploads\/2022\/06\/Common-Mode-Choke-Coil-Toroidal-Inductor-10-1-700x933.jpg 700w, https:\/\/vacuz.com\/wp-content\/uploads\/2022\/06\/Common-Mode-Choke-Coil-Toroidal-Inductor-10-1-225x300.jpg 225w, https:\/\/vacuz.com\/wp-content\/uploads\/2022\/06\/Common-Mode-Choke-Coil-Toroidal-Inductor-10-1-9x12.jpg 9w, https:\/\/vacuz.com\/wp-content\/uploads\/2022\/06\/Common-Mode-Choke-Coil-Toroidal-Inductor-10-1-200x267.jpg 200w, https:\/\/vacuz.com\/wp-content\/uploads\/2022\/06\/Common-Mode-Choke-Coil-Toroidal-Inductor-10-1-400x533.jpg 400w, https:\/\/vacuz.com\/wp-content\/uploads\/2022\/06\/Common-Mode-Choke-Coil-Toroidal-Inductor-10-1-600x800.jpg 600w\" sizes=\"auto, (max-width: 750px) 100vw, 750px\" \/><\/p>\n<div>\n<table class=\"aliDataTable\" style=\"height: 1260px;\" border=\"1\" width=\"1075\" cellspacing=\"0\" cellpadding=\"0\">\n<tbody>\n<tr>\n<td height=\"33\"><span data-spm-anchor-id=\"a2700.details.0.i69.186d2d19UPlf2X\">Komponenty<\/span><\/td>\n<td>Rdze\u0144 ferrytowy, drut miedziany, podstawa, obudowa ekranuj\u0105ca<\/td>\n<\/tr>\n<tr>\n<td height=\"48\">Rdze\u0144<\/td>\n<td>NiZn\/\u017celazo \/MnZn\/MPP\/magnetyczny p\u00f3\u0142przewodnikowy<\/td>\n<\/tr>\n<tr>\n<td height=\"33\">Drut<\/td>\n<td>Emaliowany drut miedziany-UEW\/PEW<\/td>\n<\/tr>\n<tr>\n<td height=\"33\">Funkcje<\/td>\n<td>Filtr linii zasilaj\u0105cej\/filtr linii sygna\u0142owej\/oszcz\u0119dno\u015b\u0107 energii\/podwy\u017cszenie napi\u0119cia itp.<\/td>\n<\/tr>\n<tr>\n<td height=\"33\">Typ monta\u017cu<\/td>\n<td>Monta\u017c powierzchniowy; Otw\u00f3r przelotowy; Przew\u00f3d<\/td>\n<\/tr>\n<tr>\n<td height=\"33\">Typy kszta\u0142t\u00f3w<\/td>\n<td>Pionowa; pozioma; z\/bez podstawy; ekranowana\/nieekranowana; SMD<\/td>\n<\/tr>\n<tr>\n<td height=\"33\">Struktura cewki<\/td>\n<td>Toroidalny<\/td>\n<\/tr>\n<tr>\n<td height=\"33\">Zakres cz\u0119stotliwo\u015bci roboczych<\/td>\n<td>1KHZ-100MHZ<\/td>\n<\/tr>\n<tr>\n<td height=\"33\">Zakres indukcyjno\u015bci<\/td>\n<td>1uH-1H<\/td>\n<\/tr>\n<tr>\n<td height=\"33\">Zakres DCR<\/td>\n<td>Nieznany - w zale\u017cno\u015bci od wymaga\u0144 klient\u00f3w<\/td>\n<\/tr>\n<tr>\n<td height=\"33\">Temperatura przechowywania<\/td>\n<td>-20\u2103 do +85\u2103<\/td>\n<\/tr>\n<tr>\n<td height=\"33\">Temperatura pracy<\/td>\n<td>-20\u2103 do +105\u2103<\/td>\n<\/tr>\n<tr>\n<td height=\"33\">Wilgotno\u015b\u0107 przechowywania<\/td>\n<td>30% do 95%<\/td>\n<\/tr>\n<tr>\n<td height=\"128\">Pozycje testowe<\/td>\n<td>\u00a0Wsp\u00f3\u0142czynnik obrot\u00f3w<br \/>\nIndukcyjno\u015b\u0107<br \/>\nTest rezystancji DC<br \/>\nTest bezpiecze\u0144stwa<br \/>\nBie\u017c\u0105cy test<br \/>\nHi-POT<\/td>\n<\/tr>\n<tr>\n<td height=\"33\">Certyfikaty<\/td>\n<td>ISO9001:2008, ISO14001:2008, UL, CQC<\/td>\n<\/tr>\n<tr>\n<td height=\"33\">MOQ<\/td>\n<td>1000 szt.<\/td>\n<\/tr>\n<tr>\n<td height=\"33\">OEM<\/td>\n<td>Dopuszczalny<\/td>\n<\/tr>\n<tr>\n<td height=\"33\">Pr\u00f3bka<\/td>\n<td>Darmowy<\/td>\n<\/tr>\n<tr>\n<td height=\"33\">Czas pr\u00f3by<\/td>\n<td>3-5 dni roboczych<\/td>\n<\/tr>\n<tr>\n<td height=\"33\">Pakiet<\/td>\n<td>Pianka EPE + karton eksportowy lub plastikowa taca + karton eksportowy<\/td>\n<\/tr>\n<tr>\n<td height=\"33\">Czas dostawy<\/td>\n<td>oko\u0142o 15 dni od wp\u0142aty<\/td>\n<\/tr>\n<tr>\n<td height=\"84\">Cecha<\/td>\n<td data-spm-anchor-id=\"a2700.details.0.i36.186d2d19UPlf2X\">5 lat gwarancji<br \/>\nWysoki pr\u0105d Wysoka moc Wysoka wydajno\u015b\u0107<br \/>\nNiski wzrost temperatury<br \/>\nStabilna wydajno\u015b\u0107<\/td>\n<\/tr>\n<tr>\n<td height=\"107\">Zastosowania<\/td>\n<td>1. Magnetowidy, kopiarki, sprz\u0119t audio, automaty do gier<br \/>\n2. Telewizory, sprz\u0119t mikrokomputerowy, drukarki, terminale<br \/>\n3) sprz\u0119t do kontroli \u0142\u0105czno\u015bci<br \/>\n4. zasilacz impulsowy, \u0142adowarki, system alarmowy<br \/>\n5. UPS, odtwarzacze VCD\/DVD, sprz\u0119t audio i wizualny<br \/>\n6. Maszyny OA, falowniki, \u0142adowarki, system alarmowy<\/td>\n<\/tr>\n<\/tbody>\n<\/table>\n<div>\n<p><img loading=\"lazy\" decoding=\"async\" class=\"alignnone wp-image-6344 size-full\" src=\"https:\/\/vacuz.com\/wp-content\/uploads\/2022\/06\/Common-Mode-Choke-Coil-Toroidal-Inductor-11.jpg\" alt=\"Cewka d\u0142awikowa trybu wsp\u00f3lnego Cewka toroidalna\" width=\"750\" height=\"559\" title=\"Fabryczny toroidalny cewnik d\u0142awikowy z rdzeniem wsp\u00f3lnym Producent cewek miedzianych OEM\" srcset=\"https:\/\/vacuz.com\/wp-content\/uploads\/2022\/06\/Common-Mode-Choke-Coil-Toroidal-Inductor-11.jpg 750w, https:\/\/vacuz.com\/wp-content\/uploads\/2022\/06\/Common-Mode-Choke-Coil-Toroidal-Inductor-11-500x373.jpg 500w, https:\/\/vacuz.com\/wp-content\/uploads\/2022\/06\/Common-Mode-Choke-Coil-Toroidal-Inductor-11-700x522.jpg 700w, https:\/\/vacuz.com\/wp-content\/uploads\/2022\/06\/Common-Mode-Choke-Coil-Toroidal-Inductor-11-300x224.jpg 300w, https:\/\/vacuz.com\/wp-content\/uploads\/2022\/06\/Common-Mode-Choke-Coil-Toroidal-Inductor-11-16x12.jpg 16w, https:\/\/vacuz.com\/wp-content\/uploads\/2022\/06\/Common-Mode-Choke-Coil-Toroidal-Inductor-11-200x149.jpg 200w, https:\/\/vacuz.com\/wp-content\/uploads\/2022\/06\/Common-Mode-Choke-Coil-Toroidal-Inductor-11-400x298.jpg 400w, https:\/\/vacuz.com\/wp-content\/uploads\/2022\/06\/Common-Mode-Choke-Coil-Toroidal-Inductor-11-600x447.jpg 600w\" sizes=\"auto, (max-width: 750px) 100vw, 750px\" \/><\/p>\n<\/div>\n<\/div>\n<h2><span style=\"font-size: 23.04px;\">Informacje o firmie<\/span><\/h2>\n<div>\n<p><strong>Firma Vacuz Machine Factory zosta\u0142a za\u0142o\u017cona w maju 2007 roku w mie\u015bcie Dongguan w prowincji Guangdong. Jest to profesjonalny producent zajmuj\u0105cy si\u0119 badaniami, rozwojem, produkcj\u0105, sprzeda\u017c\u0105 i serwisem automatycznych nawijarek, nawijarek szpulowych, nawijarek transformatorowych, nawijarek silnikowych, bezprzewodowych nawijarek cewek, nawijarek d\u0142awikowych SQ i innych niestandardowych nawijarek. \u015awiadczymy r\u00f3wnie\u017c us\u0142ugi OEM w zakresie transformator\u00f3w, cewek toroidalnych z w\u0142asnymi automatycznymi maszynami do nawijania R&amp;D. Nasze produkty s\u0105 dobrze sprzedawane we wszystkich miastach i prowincjach Chin, a tak\u017ce eksportowane do klient\u00f3w w takich krajach i regionach jak Bliski Wsch\u00f3d, Europa, Afryka, Azja i Ameryka P\u00f3\u0142nocna. Niezale\u017cnie od tego, czy wybierasz aktualny produkt z naszego katalogu, czy szukasz pomocy in\u017cynieryjnej dla swojej aplikacji, mo\u017cesz porozmawia\u0107 z naszym centrum obs\u0142ugi klienta o swoich wymaganiach dotycz\u0105cych zaopatrzenia. Jako\u015b\u0107 to nasza kultura! Mamy nadziej\u0119 na wsp\u00f3\u0142prac\u0119 wkr\u00f3tce!<\/strong><\/p>\n<p><img loading=\"lazy\" decoding=\"async\" class=\"alignnone wp-image-6353 size-full\" src=\"https:\/\/vacuz.com\/wp-content\/uploads\/2022\/06\/Common-Mode-Choke-Coil-Toroidal-Inductor-12-1.jpg\" alt=\"Cewka d\u0142awikowa trybu wsp\u00f3lnego Cewka toroidalna\" width=\"750\" height=\"946\" title=\"Fabryczny toroidalny cewnik d\u0142awikowy z rdzeniem wsp\u00f3lnym Producent cewek miedzianych OEM\" srcset=\"https:\/\/vacuz.com\/wp-content\/uploads\/2022\/06\/Common-Mode-Choke-Coil-Toroidal-Inductor-12-1.jpg 750w, https:\/\/vacuz.com\/wp-content\/uploads\/2022\/06\/Common-Mode-Choke-Coil-Toroidal-Inductor-12-1-500x631.jpg 500w, https:\/\/vacuz.com\/wp-content\/uploads\/2022\/06\/Common-Mode-Choke-Coil-Toroidal-Inductor-12-1-700x883.jpg 700w, https:\/\/vacuz.com\/wp-content\/uploads\/2022\/06\/Common-Mode-Choke-Coil-Toroidal-Inductor-12-1-238x300.jpg 238w, https:\/\/vacuz.com\/wp-content\/uploads\/2022\/06\/Common-Mode-Choke-Coil-Toroidal-Inductor-12-1-10x12.jpg 10w, https:\/\/vacuz.com\/wp-content\/uploads\/2022\/06\/Common-Mode-Choke-Coil-Toroidal-Inductor-12-1-200x252.jpg 200w, https:\/\/vacuz.com\/wp-content\/uploads\/2022\/06\/Common-Mode-Choke-Coil-Toroidal-Inductor-12-1-400x505.jpg 400w, https:\/\/vacuz.com\/wp-content\/uploads\/2022\/06\/Common-Mode-Choke-Coil-Toroidal-Inductor-12-1-600x757.jpg 600w\" sizes=\"auto, (max-width: 750px) 100vw, 750px\" \/><\/p>\n<p><img loading=\"lazy\" decoding=\"async\" class=\"alignnone wp-image-6346 size-full\" src=\"https:\/\/vacuz.com\/wp-content\/uploads\/2022\/06\/Common-Mode-Choke-Coil-Toroidal-Inductor-13.jpg\" alt=\"Cewka d\u0142awikowa trybu wsp\u00f3lnego Cewka toroidalna\" width=\"750\" height=\"634\" title=\"Fabryczny toroidalny cewnik d\u0142awikowy z rdzeniem wsp\u00f3lnym Producent cewek miedzianych OEM\" srcset=\"https:\/\/vacuz.com\/wp-content\/uploads\/2022\/06\/Common-Mode-Choke-Coil-Toroidal-Inductor-13.jpg 750w, https:\/\/vacuz.com\/wp-content\/uploads\/2022\/06\/Common-Mode-Choke-Coil-Toroidal-Inductor-13-500x423.jpg 500w, https:\/\/vacuz.com\/wp-content\/uploads\/2022\/06\/Common-Mode-Choke-Coil-Toroidal-Inductor-13-700x592.jpg 700w, https:\/\/vacuz.com\/wp-content\/uploads\/2022\/06\/Common-Mode-Choke-Coil-Toroidal-Inductor-13-300x254.jpg 300w, https:\/\/vacuz.com\/wp-content\/uploads\/2022\/06\/Common-Mode-Choke-Coil-Toroidal-Inductor-13-14x12.jpg 14w, https:\/\/vacuz.com\/wp-content\/uploads\/2022\/06\/Common-Mode-Choke-Coil-Toroidal-Inductor-13-200x169.jpg 200w, https:\/\/vacuz.com\/wp-content\/uploads\/2022\/06\/Common-Mode-Choke-Coil-Toroidal-Inductor-13-400x338.jpg 400w, https:\/\/vacuz.com\/wp-content\/uploads\/2022\/06\/Common-Mode-Choke-Coil-Toroidal-Inductor-13-600x507.jpg 600w\" sizes=\"auto, (max-width: 750px) 100vw, 750px\" \/><\/p>\n<p><img loading=\"lazy\" decoding=\"async\" class=\"alignnone wp-image-6347 size-full\" src=\"https:\/\/vacuz.com\/wp-content\/uploads\/2022\/06\/Common-Mode-Choke-Coil-Toroidal-Inductor-14.jpg\" alt=\"Cewka d\u0142awikowa trybu wsp\u00f3lnego Cewka toroidalna\" width=\"750\" height=\"1071\" title=\"Fabryczny toroidalny cewnik d\u0142awikowy z rdzeniem wsp\u00f3lnym Producent cewek miedzianych OEM\" srcset=\"https:\/\/vacuz.com\/wp-content\/uploads\/2022\/06\/Common-Mode-Choke-Coil-Toroidal-Inductor-14.jpg 750w, https:\/\/vacuz.com\/wp-content\/uploads\/2022\/06\/Common-Mode-Choke-Coil-Toroidal-Inductor-14-500x714.jpg 500w, https:\/\/vacuz.com\/wp-content\/uploads\/2022\/06\/Common-Mode-Choke-Coil-Toroidal-Inductor-14-700x1000.jpg 700w, https:\/\/vacuz.com\/wp-content\/uploads\/2022\/06\/Common-Mode-Choke-Coil-Toroidal-Inductor-14-210x300.jpg 210w, https:\/\/vacuz.com\/wp-content\/uploads\/2022\/06\/Common-Mode-Choke-Coil-Toroidal-Inductor-14-717x1024.jpg 717w, https:\/\/vacuz.com\/wp-content\/uploads\/2022\/06\/Common-Mode-Choke-Coil-Toroidal-Inductor-14-8x12.jpg 8w, https:\/\/vacuz.com\/wp-content\/uploads\/2022\/06\/Common-Mode-Choke-Coil-Toroidal-Inductor-14-200x286.jpg 200w, https:\/\/vacuz.com\/wp-content\/uploads\/2022\/06\/Common-Mode-Choke-Coil-Toroidal-Inductor-14-400x571.jpg 400w, https:\/\/vacuz.com\/wp-content\/uploads\/2022\/06\/Common-Mode-Choke-Coil-Toroidal-Inductor-14-600x857.jpg 600w\" sizes=\"auto, (max-width: 750px) 100vw, 750px\" \/><\/p>\n<p><img loading=\"lazy\" decoding=\"async\" class=\"alignnone wp-image-6348 size-full\" src=\"https:\/\/vacuz.com\/wp-content\/uploads\/2022\/06\/Common-Mode-Choke-Coil-Toroidal-Inductor-15.jpg\" alt=\"Cewka d\u0142awikowa trybu wsp\u00f3lnego Cewka toroidalna\" width=\"750\" height=\"1040\" title=\"Fabryczny toroidalny cewnik d\u0142awikowy z rdzeniem wsp\u00f3lnym Producent cewek miedzianych OEM\" srcset=\"https:\/\/vacuz.com\/wp-content\/uploads\/2022\/06\/Common-Mode-Choke-Coil-Toroidal-Inductor-15.jpg 750w, https:\/\/vacuz.com\/wp-content\/uploads\/2022\/06\/Common-Mode-Choke-Coil-Toroidal-Inductor-15-500x693.jpg 500w, https:\/\/vacuz.com\/wp-content\/uploads\/2022\/06\/Common-Mode-Choke-Coil-Toroidal-Inductor-15-700x971.jpg 700w, https:\/\/vacuz.com\/wp-content\/uploads\/2022\/06\/Common-Mode-Choke-Coil-Toroidal-Inductor-15-216x300.jpg 216w, https:\/\/vacuz.com\/wp-content\/uploads\/2022\/06\/Common-Mode-Choke-Coil-Toroidal-Inductor-15-738x1024.jpg 738w, https:\/\/vacuz.com\/wp-content\/uploads\/2022\/06\/Common-Mode-Choke-Coil-Toroidal-Inductor-15-9x12.jpg 9w, https:\/\/vacuz.com\/wp-content\/uploads\/2022\/06\/Common-Mode-Choke-Coil-Toroidal-Inductor-15-200x277.jpg 200w, https:\/\/vacuz.com\/wp-content\/uploads\/2022\/06\/Common-Mode-Choke-Coil-Toroidal-Inductor-15-400x555.jpg 400w, https:\/\/vacuz.com\/wp-content\/uploads\/2022\/06\/Common-Mode-Choke-Coil-Toroidal-Inductor-15-600x832.jpg 600w\" sizes=\"auto, (max-width: 750px) 100vw, 750px\" \/><\/p>\n<h2>Pakowanie i wysy\u0142ka<\/h2>\n<p><img loading=\"lazy\" decoding=\"async\" class=\"alignnone wp-image-6349 size-full\" src=\"https:\/\/vacuz.com\/wp-content\/uploads\/2022\/06\/Common-Mode-Choke-Coil-Toroidal-Inductor-16.jpg\" alt=\"Cewka d\u0142awikowa trybu wsp\u00f3lnego Cewka toroidalna\" width=\"750\" height=\"1139\" title=\"Fabryczny toroidalny cewnik d\u0142awikowy z rdzeniem wsp\u00f3lnym Producent cewek miedzianych OEM\" srcset=\"https:\/\/vacuz.com\/wp-content\/uploads\/2022\/06\/Common-Mode-Choke-Coil-Toroidal-Inductor-16.jpg 750w, https:\/\/vacuz.com\/wp-content\/uploads\/2022\/06\/Common-Mode-Choke-Coil-Toroidal-Inductor-16-500x759.jpg 500w, https:\/\/vacuz.com\/wp-content\/uploads\/2022\/06\/Common-Mode-Choke-Coil-Toroidal-Inductor-16-700x1063.jpg 700w, https:\/\/vacuz.com\/wp-content\/uploads\/2022\/06\/Common-Mode-Choke-Coil-Toroidal-Inductor-16-198x300.jpg 198w, https:\/\/vacuz.com\/wp-content\/uploads\/2022\/06\/Common-Mode-Choke-Coil-Toroidal-Inductor-16-674x1024.jpg 674w, https:\/\/vacuz.com\/wp-content\/uploads\/2022\/06\/Common-Mode-Choke-Coil-Toroidal-Inductor-16-8x12.jpg 8w, https:\/\/vacuz.com\/wp-content\/uploads\/2022\/06\/Common-Mode-Choke-Coil-Toroidal-Inductor-16-200x304.jpg 200w, https:\/\/vacuz.com\/wp-content\/uploads\/2022\/06\/Common-Mode-Choke-Coil-Toroidal-Inductor-16-400x607.jpg 400w, https:\/\/vacuz.com\/wp-content\/uploads\/2022\/06\/Common-Mode-Choke-Coil-Toroidal-Inductor-16-600x911.jpg 600w\" sizes=\"auto, (max-width: 750px) 100vw, 750px\" \/><\/p>\n<h2>Wycieczka po fabryce Vacuz<\/h2>\n<p><iframe loading=\"lazy\" title=\"Fabryka maszyn Vacuz Automatyczne maszyny do nawijania Wycieczka online\" width=\"1200\" height=\"675\" src=\"https:\/\/www.youtube.com\/embed\/lY2VK9YY--E?feature=oembed\" frameborder=\"0\" allow=\"accelerometer; autoplay; clipboard-write; encrypted-media; gyroscope; picture-in-picture; web-share\" referrerpolicy=\"strict-origin-when-cross-origin\" allowfullscreen><\/iframe><\/p>\n<\/div>","protected":false},"excerpt":{"rendered":"<p>OEM Factory Toroidal Core Common Mode Choke Inductor Copper Coil Inductor Manufacturer Application \u00a0Compact fluorescent lamp Television receiver Radio cassette player PC power supply Monitor,audio,VCD,DCD UPS The electronic apparatus The noise rejection Induction cooker,etc. Specification \u00a0High current capacity Low core loss at frequency High reliability, efficiency Small packaged size Operating Temperature: -30\u00b0C to +80\u00b0C Electrical [&hellip;]<\/p>\n","protected":false},"featured_media":6355,"template":"","meta":{"_gspb_post_css":"","_joinchat":[]},"product_brand":[],"product_cat":[794],"product_tag":[344],"class_list":{"0":"post-6354","1":"product","2":"type-product","3":"status-publish","4":"has-post-thumbnail","6":"product_cat-toroidal-coil-oem-service","7":"product_tag-common-mode-choke-coil-toroidal-inductor","9":"first","10":"instock","11":"shipping-taxable","12":"product-type-simple"},"_links":{"self":[{"href":"https:\/\/vacuz.com\/pl\/wp-json\/wp\/v2\/product\/6354","targetHints":{"allow":["GET"]}}],"collection":[{"href":"https:\/\/vacuz.com\/pl\/wp-json\/wp\/v2\/product"}],"about":[{"href":"https:\/\/vacuz.com\/pl\/wp-json\/wp\/v2\/types\/product"}],"wp:featuredmedia":[{"embeddable":true,"href":"https:\/\/vacuz.com\/pl\/wp-json\/wp\/v2\/media\/6355"}],"wp:attachment":[{"href":"https:\/\/vacuz.com\/pl\/wp-json\/wp\/v2\/media?parent=6354"}],"wp:term":[{"taxonomy":"product_brand","embeddable":true,"href":"https:\/\/vacuz.com\/pl\/wp-json\/wp\/v2\/product_brand?post=6354"},{"taxonomy":"product_cat","embeddable":true,"href":"https:\/\/vacuz.com\/pl\/wp-json\/wp\/v2\/product_cat?post=6354"},{"taxonomy":"product_tag","embeddable":true,"href":"https:\/\/vacuz.com\/pl\/wp-json\/wp\/v2\/product_tag?post=6354"}],"curies":[{"name":"wp","href":"https:\/\/api.w.org\/{rel}","templated":true}]}}