{"id":6708,"date":"2022-08-16T09:10:34","date_gmt":"2022-08-16T09:10:34","guid":{"rendered":"https:\/\/vacuz.com\/?post_type=product&#038;p=6708"},"modified":"2025-11-03T06:13:42","modified_gmt":"2025-11-03T06:13:42","slug":"vacuz-oem-price-external-dc-high-torque-motor-electric-bldc-24v-1500w-custom-drone-motor-brushless-stator-magnetic-steel-coil","status":"publish","type":"product","link":"https:\/\/vacuz.com\/pl\/product\/vacuz-oem-price-external-dc-high-torque-motor-electric-bldc-24v-1500w-custom-drone-motor-brushless-stator-magnetic-steel-coil\/","title":{"rendered":"Cena Vacuz OEM Zewn\u0119trzny silnik DC o wysokim momencie obrotowym Elektryczny silnik BLDC 24V 1500W Niestandardowy silnik drona Bezszczotkowy stojan Magnetyczna stalowa cewka"},"content":{"rendered":"<h2>Cena Vacuz OEM Zewn\u0119trzny silnik DC o wysokim momencie obrotowym Elektryczny silnik BLDC 24V 1500W Niestandardowy silnik drona Bezszczotkowy stojan Magnetyczna stalowa cewka<\/h2>\n<p><img loading=\"lazy\" decoding=\"async\" class=\"alignnone wp-image-6716 size-full\" src=\"https:\/\/vacuz.com\/wp-content\/uploads\/2022\/08\/BLDC-24V-1500W-Custom-Motor-Brushless-Stator-2-1.jpg\" alt=\"Silnik niestandardowy BLDC 24V 1500W Stojan bezszczotkowy\" width=\"1019\" height=\"621\" title=\"Cena Vacuz OEM Zewn\u0119trzny silnik DC o wysokim momencie obrotowym Elektryczny silnik BLDC 24V 1500W Niestandardowy silnik drona Bezszczotkowy stojan Magnetyczna stalowa cewka\" srcset=\"https:\/\/vacuz.com\/wp-content\/uploads\/2022\/08\/BLDC-24V-1500W-Custom-Motor-Brushless-Stator-2-1.jpg 1019w, https:\/\/vacuz.com\/wp-content\/uploads\/2022\/08\/BLDC-24V-1500W-Custom-Motor-Brushless-Stator-2-1-500x305.jpg 500w, https:\/\/vacuz.com\/wp-content\/uploads\/2022\/08\/BLDC-24V-1500W-Custom-Motor-Brushless-Stator-2-1-700x427.jpg 700w, https:\/\/vacuz.com\/wp-content\/uploads\/2022\/08\/BLDC-24V-1500W-Custom-Motor-Brushless-Stator-2-1-300x183.jpg 300w, https:\/\/vacuz.com\/wp-content\/uploads\/2022\/08\/BLDC-24V-1500W-Custom-Motor-Brushless-Stator-2-1-768x468.jpg 768w, https:\/\/vacuz.com\/wp-content\/uploads\/2022\/08\/BLDC-24V-1500W-Custom-Motor-Brushless-Stator-2-1-18x12.jpg 18w, https:\/\/vacuz.com\/wp-content\/uploads\/2022\/08\/BLDC-24V-1500W-Custom-Motor-Brushless-Stator-2-1-200x122.jpg 200w, https:\/\/vacuz.com\/wp-content\/uploads\/2022\/08\/BLDC-24V-1500W-Custom-Motor-Brushless-Stator-2-1-400x244.jpg 400w, https:\/\/vacuz.com\/wp-content\/uploads\/2022\/08\/BLDC-24V-1500W-Custom-Motor-Brushless-Stator-2-1-600x366.jpg 600w, https:\/\/vacuz.com\/wp-content\/uploads\/2022\/08\/BLDC-24V-1500W-Custom-Motor-Brushless-Stator-2-1-800x488.jpg 800w\" sizes=\"auto, (max-width: 1019px) 100vw, 1019px\" \/><\/p>\n<div class=\"magic-2\">\n<div class=\"magic-3\"><\/div>\n<\/div>\n<div class=\"magic-2\">\n<div class=\"magic-5\">\n<div data-id=\"paragraph1\" data-spm-anchor-id=\"a2700.details.0.i42.3b5b63393IidJ9\">\n<p><strong>Uwaga: Jeste\u015bmy dostawc\u0105 fabrycznym.<\/strong><br \/>\n<strong>Wszystkie nasze silniki mo\u017cna dostosowa\u0107 pod wzgl\u0119dem momentu obrotowego, napi\u0119cia, pr\u0119dko\u015bci obrotowej itp.<\/strong><br \/>\n<strong>Prosimy o kontakt w celu uzyskania szczeg\u00f3\u0142owych informacji i wymaga\u0144.<\/strong><br \/>\n<strong>W przypadku masowego zam\u00f3wienia \/ obs\u0142ugi projektu prosimy o przes\u0142anie zapytania o zni\u017ck\u0119.<\/strong><\/p>\n<p><img loading=\"lazy\" decoding=\"async\" class=\"alignnone wp-image-6701 size-full\" src=\"https:\/\/vacuz.com\/wp-content\/uploads\/2022\/08\/BLDC-Brushless-Motor-Stator-Coil-1-1.jpg\" alt=\"Cewka stojana silnika bezszczotkowego BLDC\" width=\"940\" height=\"1629\" title=\"Cena Vacuz OEM Zewn\u0119trzny silnik DC o wysokim momencie obrotowym Elektryczny silnik BLDC 24V 1500W Niestandardowy silnik drona Bezszczotkowy stojan Magnetyczna stalowa cewka\" srcset=\"https:\/\/vacuz.com\/wp-content\/uploads\/2022\/08\/BLDC-Brushless-Motor-Stator-Coil-1-1.jpg 940w, https:\/\/vacuz.com\/wp-content\/uploads\/2022\/08\/BLDC-Brushless-Motor-Stator-Coil-1-1-500x866.jpg 500w, https:\/\/vacuz.com\/wp-content\/uploads\/2022\/08\/BLDC-Brushless-Motor-Stator-Coil-1-1-700x1213.jpg 700w, https:\/\/vacuz.com\/wp-content\/uploads\/2022\/08\/BLDC-Brushless-Motor-Stator-Coil-1-1-173x300.jpg 173w, https:\/\/vacuz.com\/wp-content\/uploads\/2022\/08\/BLDC-Brushless-Motor-Stator-Coil-1-1-591x1024.jpg 591w, https:\/\/vacuz.com\/wp-content\/uploads\/2022\/08\/BLDC-Brushless-Motor-Stator-Coil-1-1-768x1331.jpg 768w, https:\/\/vacuz.com\/wp-content\/uploads\/2022\/08\/BLDC-Brushless-Motor-Stator-Coil-1-1-886x1536.jpg 886w, https:\/\/vacuz.com\/wp-content\/uploads\/2022\/08\/BLDC-Brushless-Motor-Stator-Coil-1-1-7x12.jpg 7w, https:\/\/vacuz.com\/wp-content\/uploads\/2022\/08\/BLDC-Brushless-Motor-Stator-Coil-1-1-200x347.jpg 200w, https:\/\/vacuz.com\/wp-content\/uploads\/2022\/08\/BLDC-Brushless-Motor-Stator-Coil-1-1-400x693.jpg 400w, https:\/\/vacuz.com\/wp-content\/uploads\/2022\/08\/BLDC-Brushless-Motor-Stator-Coil-1-1-600x1040.jpg 600w, https:\/\/vacuz.com\/wp-content\/uploads\/2022\/08\/BLDC-Brushless-Motor-Stator-Coil-1-1-800x1386.jpg 800w\" sizes=\"auto, (max-width: 940px) 100vw, 940px\" \/><\/p>\n<p><img loading=\"lazy\" decoding=\"async\" class=\"alignnone wp-image-6702 size-full\" src=\"https:\/\/vacuz.com\/wp-content\/uploads\/2022\/08\/BLDC-Brushless-Motor-Stator-Coil-2-1.jpg\" alt=\"Cewka stojana silnika bezszczotkowego BLDC\" width=\"940\" height=\"1514\" title=\"Cena Vacuz OEM Zewn\u0119trzny silnik DC o wysokim momencie obrotowym Elektryczny silnik BLDC 24V 1500W Niestandardowy silnik drona Bezszczotkowy stojan Magnetyczna stalowa cewka\" srcset=\"https:\/\/vacuz.com\/wp-content\/uploads\/2022\/08\/BLDC-Brushless-Motor-Stator-Coil-2-1.jpg 940w, https:\/\/vacuz.com\/wp-content\/uploads\/2022\/08\/BLDC-Brushless-Motor-Stator-Coil-2-1-500x805.jpg 500w, https:\/\/vacuz.com\/wp-content\/uploads\/2022\/08\/BLDC-Brushless-Motor-Stator-Coil-2-1-700x1127.jpg 700w, https:\/\/vacuz.com\/wp-content\/uploads\/2022\/08\/BLDC-Brushless-Motor-Stator-Coil-2-1-186x300.jpg 186w, https:\/\/vacuz.com\/wp-content\/uploads\/2022\/08\/BLDC-Brushless-Motor-Stator-Coil-2-1-636x1024.jpg 636w, https:\/\/vacuz.com\/wp-content\/uploads\/2022\/08\/BLDC-Brushless-Motor-Stator-Coil-2-1-768x1237.jpg 768w, https:\/\/vacuz.com\/wp-content\/uploads\/2022\/08\/BLDC-Brushless-Motor-Stator-Coil-2-1-7x12.jpg 7w, https:\/\/vacuz.com\/wp-content\/uploads\/2022\/08\/BLDC-Brushless-Motor-Stator-Coil-2-1-200x322.jpg 200w, https:\/\/vacuz.com\/wp-content\/uploads\/2022\/08\/BLDC-Brushless-Motor-Stator-Coil-2-1-400x644.jpg 400w, https:\/\/vacuz.com\/wp-content\/uploads\/2022\/08\/BLDC-Brushless-Motor-Stator-Coil-2-1-600x966.jpg 600w, https:\/\/vacuz.com\/wp-content\/uploads\/2022\/08\/BLDC-Brushless-Motor-Stator-Coil-2-1-800x1289.jpg 800w\" sizes=\"auto, (max-width: 940px) 100vw, 940px\" \/><\/p>\n<p><img loading=\"lazy\" decoding=\"async\" class=\"alignnone wp-image-6703 size-full\" src=\"https:\/\/vacuz.com\/wp-content\/uploads\/2022\/08\/BLDC-Brushless-Motor-Stator-Coil-3-1.jpg\" alt=\"Cewka stojana silnika bezszczotkowego BLDC\" width=\"940\" height=\"1559\" title=\"Cena Vacuz OEM Zewn\u0119trzny silnik DC o wysokim momencie obrotowym Elektryczny silnik BLDC 24V 1500W Niestandardowy silnik drona Bezszczotkowy stojan Magnetyczna stalowa cewka\" srcset=\"https:\/\/vacuz.com\/wp-content\/uploads\/2022\/08\/BLDC-Brushless-Motor-Stator-Coil-3-1.jpg 940w, https:\/\/vacuz.com\/wp-content\/uploads\/2022\/08\/BLDC-Brushless-Motor-Stator-Coil-3-1-500x829.jpg 500w, https:\/\/vacuz.com\/wp-content\/uploads\/2022\/08\/BLDC-Brushless-Motor-Stator-Coil-3-1-700x1161.jpg 700w, https:\/\/vacuz.com\/wp-content\/uploads\/2022\/08\/BLDC-Brushless-Motor-Stator-Coil-3-1-181x300.jpg 181w, https:\/\/vacuz.com\/wp-content\/uploads\/2022\/08\/BLDC-Brushless-Motor-Stator-Coil-3-1-617x1024.jpg 617w, https:\/\/vacuz.com\/wp-content\/uploads\/2022\/08\/BLDC-Brushless-Motor-Stator-Coil-3-1-768x1274.jpg 768w, https:\/\/vacuz.com\/wp-content\/uploads\/2022\/08\/BLDC-Brushless-Motor-Stator-Coil-3-1-926x1536.jpg 926w, https:\/\/vacuz.com\/wp-content\/uploads\/2022\/08\/BLDC-Brushless-Motor-Stator-Coil-3-1-7x12.jpg 7w, https:\/\/vacuz.com\/wp-content\/uploads\/2022\/08\/BLDC-Brushless-Motor-Stator-Coil-3-1-200x332.jpg 200w, https:\/\/vacuz.com\/wp-content\/uploads\/2022\/08\/BLDC-Brushless-Motor-Stator-Coil-3-1-400x663.jpg 400w, https:\/\/vacuz.com\/wp-content\/uploads\/2022\/08\/BLDC-Brushless-Motor-Stator-Coil-3-1-600x995.jpg 600w, https:\/\/vacuz.com\/wp-content\/uploads\/2022\/08\/BLDC-Brushless-Motor-Stator-Coil-3-1-800x1327.jpg 800w\" sizes=\"auto, (max-width: 940px) 100vw, 940px\" \/><\/p>\n<p><img loading=\"lazy\" decoding=\"async\" class=\"alignnone wp-image-6704 size-full\" src=\"https:\/\/vacuz.com\/wp-content\/uploads\/2022\/08\/BLDC-Brushless-Motor-Stator-Coil-4-1.jpg\" alt=\"Cewka stojana silnika bezszczotkowego BLDC\" width=\"940\" height=\"1245\" title=\"Cena Vacuz OEM Zewn\u0119trzny silnik DC o wysokim momencie obrotowym Elektryczny silnik BLDC 24V 1500W Niestandardowy silnik drona Bezszczotkowy stojan Magnetyczna stalowa cewka\" srcset=\"https:\/\/vacuz.com\/wp-content\/uploads\/2022\/08\/BLDC-Brushless-Motor-Stator-Coil-4-1.jpg 940w, https:\/\/vacuz.com\/wp-content\/uploads\/2022\/08\/BLDC-Brushless-Motor-Stator-Coil-4-1-500x662.jpg 500w, https:\/\/vacuz.com\/wp-content\/uploads\/2022\/08\/BLDC-Brushless-Motor-Stator-Coil-4-1-700x927.jpg 700w, https:\/\/vacuz.com\/wp-content\/uploads\/2022\/08\/BLDC-Brushless-Motor-Stator-Coil-4-1-227x300.jpg 227w, https:\/\/vacuz.com\/wp-content\/uploads\/2022\/08\/BLDC-Brushless-Motor-Stator-Coil-4-1-773x1024.jpg 773w, https:\/\/vacuz.com\/wp-content\/uploads\/2022\/08\/BLDC-Brushless-Motor-Stator-Coil-4-1-768x1017.jpg 768w, https:\/\/vacuz.com\/wp-content\/uploads\/2022\/08\/BLDC-Brushless-Motor-Stator-Coil-4-1-9x12.jpg 9w, https:\/\/vacuz.com\/wp-content\/uploads\/2022\/08\/BLDC-Brushless-Motor-Stator-Coil-4-1-200x265.jpg 200w, https:\/\/vacuz.com\/wp-content\/uploads\/2022\/08\/BLDC-Brushless-Motor-Stator-Coil-4-1-400x530.jpg 400w, https:\/\/vacuz.com\/wp-content\/uploads\/2022\/08\/BLDC-Brushless-Motor-Stator-Coil-4-1-600x795.jpg 600w, https:\/\/vacuz.com\/wp-content\/uploads\/2022\/08\/BLDC-Brushless-Motor-Stator-Coil-4-1-800x1060.jpg 800w\" sizes=\"auto, (max-width: 940px) 100vw, 940px\" \/><\/p>\n<p><img loading=\"lazy\" decoding=\"async\" class=\"alignnone wp-image-6705 size-full\" src=\"https:\/\/vacuz.com\/wp-content\/uploads\/2022\/08\/BLDC-Brushless-Motor-Stator-Coil-5-1.jpg\" alt=\"Cewka stojana silnika bezszczotkowego BLDC\" width=\"750\" height=\"937\" title=\"Cena Vacuz OEM Zewn\u0119trzny silnik DC o wysokim momencie obrotowym Elektryczny silnik BLDC 24V 1500W Niestandardowy silnik drona Bezszczotkowy stojan Magnetyczna stalowa cewka\" srcset=\"https:\/\/vacuz.com\/wp-content\/uploads\/2022\/08\/BLDC-Brushless-Motor-Stator-Coil-5-1.jpg 750w, https:\/\/vacuz.com\/wp-content\/uploads\/2022\/08\/BLDC-Brushless-Motor-Stator-Coil-5-1-500x625.jpg 500w, https:\/\/vacuz.com\/wp-content\/uploads\/2022\/08\/BLDC-Brushless-Motor-Stator-Coil-5-1-700x875.jpg 700w, https:\/\/vacuz.com\/wp-content\/uploads\/2022\/08\/BLDC-Brushless-Motor-Stator-Coil-5-1-240x300.jpg 240w, https:\/\/vacuz.com\/wp-content\/uploads\/2022\/08\/BLDC-Brushless-Motor-Stator-Coil-5-1-10x12.jpg 10w, https:\/\/vacuz.com\/wp-content\/uploads\/2022\/08\/BLDC-Brushless-Motor-Stator-Coil-5-1-200x250.jpg 200w, https:\/\/vacuz.com\/wp-content\/uploads\/2022\/08\/BLDC-Brushless-Motor-Stator-Coil-5-1-400x500.jpg 400w, https:\/\/vacuz.com\/wp-content\/uploads\/2022\/08\/BLDC-Brushless-Motor-Stator-Coil-5-1-600x750.jpg 600w\" sizes=\"auto, (max-width: 750px) 100vw, 750px\" \/><\/p>\n<p><img loading=\"lazy\" decoding=\"async\" class=\"alignnone wp-image-6706 size-full\" src=\"https:\/\/vacuz.com\/wp-content\/uploads\/2022\/08\/BLDC-Brushless-Motor-Stator-Coil-6-1.jpg\" alt=\"Cewka stojana silnika bezszczotkowego BLDC\" width=\"940\" height=\"1832\" title=\"Cena Vacuz OEM Zewn\u0119trzny silnik DC o wysokim momencie obrotowym Elektryczny silnik BLDC 24V 1500W Niestandardowy silnik drona Bezszczotkowy stojan Magnetyczna stalowa cewka\" srcset=\"https:\/\/vacuz.com\/wp-content\/uploads\/2022\/08\/BLDC-Brushless-Motor-Stator-Coil-6-1.jpg 940w, https:\/\/vacuz.com\/wp-content\/uploads\/2022\/08\/BLDC-Brushless-Motor-Stator-Coil-6-1-500x974.jpg 500w, https:\/\/vacuz.com\/wp-content\/uploads\/2022\/08\/BLDC-Brushless-Motor-Stator-Coil-6-1-700x1364.jpg 700w, https:\/\/vacuz.com\/wp-content\/uploads\/2022\/08\/BLDC-Brushless-Motor-Stator-Coil-6-1-154x300.jpg 154w, https:\/\/vacuz.com\/wp-content\/uploads\/2022\/08\/BLDC-Brushless-Motor-Stator-Coil-6-1-525x1024.jpg 525w, https:\/\/vacuz.com\/wp-content\/uploads\/2022\/08\/BLDC-Brushless-Motor-Stator-Coil-6-1-768x1497.jpg 768w, https:\/\/vacuz.com\/wp-content\/uploads\/2022\/08\/BLDC-Brushless-Motor-Stator-Coil-6-1-788x1536.jpg 788w, https:\/\/vacuz.com\/wp-content\/uploads\/2022\/08\/BLDC-Brushless-Motor-Stator-Coil-6-1-6x12.jpg 6w, https:\/\/vacuz.com\/wp-content\/uploads\/2022\/08\/BLDC-Brushless-Motor-Stator-Coil-6-1-200x390.jpg 200w, https:\/\/vacuz.com\/wp-content\/uploads\/2022\/08\/BLDC-Brushless-Motor-Stator-Coil-6-1-400x780.jpg 400w, https:\/\/vacuz.com\/wp-content\/uploads\/2022\/08\/BLDC-Brushless-Motor-Stator-Coil-6-1-600x1169.jpg 600w, https:\/\/vacuz.com\/wp-content\/uploads\/2022\/08\/BLDC-Brushless-Motor-Stator-Coil-6-1-800x1559.jpg 800w\" sizes=\"auto, (max-width: 940px) 100vw, 940px\" \/><\/p>\n<p><img loading=\"lazy\" decoding=\"async\" class=\"alignnone wp-image-6707 size-full\" src=\"https:\/\/vacuz.com\/wp-content\/uploads\/2022\/08\/BLDC-Brushless-Motor-Stator-Coil-7.jpg\" alt=\"Cewka stojana silnika bezszczotkowego BLDC\" width=\"750\" height=\"565\" title=\"Cena Vacuz OEM Zewn\u0119trzny silnik DC o wysokim momencie obrotowym Elektryczny silnik BLDC 24V 1500W Niestandardowy silnik drona Bezszczotkowy stojan Magnetyczna stalowa cewka\" srcset=\"https:\/\/vacuz.com\/wp-content\/uploads\/2022\/08\/BLDC-Brushless-Motor-Stator-Coil-7.jpg 750w, https:\/\/vacuz.com\/wp-content\/uploads\/2022\/08\/BLDC-Brushless-Motor-Stator-Coil-7-500x377.jpg 500w, https:\/\/vacuz.com\/wp-content\/uploads\/2022\/08\/BLDC-Brushless-Motor-Stator-Coil-7-700x527.jpg 700w, https:\/\/vacuz.com\/wp-content\/uploads\/2022\/08\/BLDC-Brushless-Motor-Stator-Coil-7-300x226.jpg 300w, https:\/\/vacuz.com\/wp-content\/uploads\/2022\/08\/BLDC-Brushless-Motor-Stator-Coil-7-16x12.jpg 16w, https:\/\/vacuz.com\/wp-content\/uploads\/2022\/08\/BLDC-Brushless-Motor-Stator-Coil-7-200x151.jpg 200w, https:\/\/vacuz.com\/wp-content\/uploads\/2022\/08\/BLDC-Brushless-Motor-Stator-Coil-7-400x301.jpg 400w, https:\/\/vacuz.com\/wp-content\/uploads\/2022\/08\/BLDC-Brushless-Motor-Stator-Coil-7-600x452.jpg 600w\" sizes=\"auto, (max-width: 750px) 100vw, 750px\" \/><\/p>\n<\/div>\n<\/div>\n<\/div>\n<h2><span style=\"font-size: 23.04px;\">Informacje o firmie<\/span><\/h2>\n<div>\n<p><strong>Firma Vacuz Machine Factory zosta\u0142a za\u0142o\u017cona w maju 2007 roku w mie\u015bcie Dongguan w prowincji Guangdong. Jest to profesjonalny producent zajmuj\u0105cy si\u0119 badaniami, rozwojem, produkcj\u0105, sprzeda\u017c\u0105 i serwisem automatycznych nawijarek, nawijarek szpulowych, nawijarek transformatorowych, nawijarek silnikowych, bezprzewodowych nawijarek cewek, nawijarek d\u0142awikowych SQ i innych niestandardowych nawijarek. \u015awiadczymy r\u00f3wnie\u017c us\u0142ugi OEM w zakresie transformator\u00f3w, cewek toroidalnych z w\u0142asnymi automatycznymi maszynami do nawijania R&amp;D. Nasze produkty s\u0105 dobrze sprzedawane we wszystkich miastach i prowincjach Chin, a tak\u017ce eksportowane do klient\u00f3w w takich krajach i regionach jak Bliski Wsch\u00f3d, Europa, Afryka, Azja i Ameryka P\u00f3\u0142nocna. Niezale\u017cnie od tego, czy wybierasz aktualny produkt z naszego katalogu, czy szukasz pomocy in\u017cynieryjnej dla swojej aplikacji, mo\u017cesz porozmawia\u0107 z naszym centrum obs\u0142ugi klienta o swoich wymaganiach dotycz\u0105cych zaopatrzenia. Jako\u015b\u0107 to nasza kultura! Mamy nadziej\u0119 na wsp\u00f3\u0142prac\u0119 wkr\u00f3tce!<\/strong><\/p>\n<p><img loading=\"lazy\" decoding=\"async\" class=\"alignnone wp-image-6353 size-full\" src=\"https:\/\/vacuz.com\/wp-content\/uploads\/2022\/06\/Common-Mode-Choke-Coil-Toroidal-Inductor-12-1.jpg\" alt=\"Cewka d\u0142awikowa trybu wsp\u00f3lnego Cewka toroidalna\" width=\"750\" height=\"946\" title=\"Cena Vacuz OEM Zewn\u0119trzny silnik DC o wysokim momencie obrotowym Elektryczny silnik BLDC 24V 1500W Niestandardowy silnik drona Bezszczotkowy stojan Magnetyczna stalowa cewka\" srcset=\"https:\/\/vacuz.com\/wp-content\/uploads\/2022\/06\/Common-Mode-Choke-Coil-Toroidal-Inductor-12-1.jpg 750w, https:\/\/vacuz.com\/wp-content\/uploads\/2022\/06\/Common-Mode-Choke-Coil-Toroidal-Inductor-12-1-500x631.jpg 500w, https:\/\/vacuz.com\/wp-content\/uploads\/2022\/06\/Common-Mode-Choke-Coil-Toroidal-Inductor-12-1-700x883.jpg 700w, https:\/\/vacuz.com\/wp-content\/uploads\/2022\/06\/Common-Mode-Choke-Coil-Toroidal-Inductor-12-1-238x300.jpg 238w, https:\/\/vacuz.com\/wp-content\/uploads\/2022\/06\/Common-Mode-Choke-Coil-Toroidal-Inductor-12-1-10x12.jpg 10w, https:\/\/vacuz.com\/wp-content\/uploads\/2022\/06\/Common-Mode-Choke-Coil-Toroidal-Inductor-12-1-200x252.jpg 200w, https:\/\/vacuz.com\/wp-content\/uploads\/2022\/06\/Common-Mode-Choke-Coil-Toroidal-Inductor-12-1-400x505.jpg 400w, https:\/\/vacuz.com\/wp-content\/uploads\/2022\/06\/Common-Mode-Choke-Coil-Toroidal-Inductor-12-1-600x757.jpg 600w\" sizes=\"auto, (max-width: 750px) 100vw, 750px\" \/><\/p>\n<p><img loading=\"lazy\" decoding=\"async\" class=\"alignnone wp-image-6346 size-full\" src=\"https:\/\/vacuz.com\/wp-content\/uploads\/2022\/06\/Common-Mode-Choke-Coil-Toroidal-Inductor-13.jpg\" alt=\"Cewka d\u0142awikowa trybu wsp\u00f3lnego Cewka toroidalna\" width=\"750\" height=\"634\" title=\"Cena Vacuz OEM Zewn\u0119trzny silnik DC o wysokim momencie obrotowym Elektryczny silnik BLDC 24V 1500W Niestandardowy silnik drona Bezszczotkowy stojan Magnetyczna stalowa cewka\" srcset=\"https:\/\/vacuz.com\/wp-content\/uploads\/2022\/06\/Common-Mode-Choke-Coil-Toroidal-Inductor-13.jpg 750w, https:\/\/vacuz.com\/wp-content\/uploads\/2022\/06\/Common-Mode-Choke-Coil-Toroidal-Inductor-13-500x423.jpg 500w, https:\/\/vacuz.com\/wp-content\/uploads\/2022\/06\/Common-Mode-Choke-Coil-Toroidal-Inductor-13-700x592.jpg 700w, https:\/\/vacuz.com\/wp-content\/uploads\/2022\/06\/Common-Mode-Choke-Coil-Toroidal-Inductor-13-300x254.jpg 300w, https:\/\/vacuz.com\/wp-content\/uploads\/2022\/06\/Common-Mode-Choke-Coil-Toroidal-Inductor-13-14x12.jpg 14w, https:\/\/vacuz.com\/wp-content\/uploads\/2022\/06\/Common-Mode-Choke-Coil-Toroidal-Inductor-13-200x169.jpg 200w, https:\/\/vacuz.com\/wp-content\/uploads\/2022\/06\/Common-Mode-Choke-Coil-Toroidal-Inductor-13-400x338.jpg 400w, https:\/\/vacuz.com\/wp-content\/uploads\/2022\/06\/Common-Mode-Choke-Coil-Toroidal-Inductor-13-600x507.jpg 600w\" sizes=\"auto, (max-width: 750px) 100vw, 750px\" \/><\/p>\n<p><img loading=\"lazy\" decoding=\"async\" class=\"alignnone wp-image-6347 size-full\" src=\"https:\/\/vacuz.com\/wp-content\/uploads\/2022\/06\/Common-Mode-Choke-Coil-Toroidal-Inductor-14.jpg\" alt=\"Cewka d\u0142awikowa trybu wsp\u00f3lnego Cewka toroidalna\" width=\"750\" height=\"1071\" title=\"Cena Vacuz OEM Zewn\u0119trzny silnik DC o wysokim momencie obrotowym Elektryczny silnik BLDC 24V 1500W Niestandardowy silnik drona Bezszczotkowy stojan Magnetyczna stalowa cewka\" srcset=\"https:\/\/vacuz.com\/wp-content\/uploads\/2022\/06\/Common-Mode-Choke-Coil-Toroidal-Inductor-14.jpg 750w, https:\/\/vacuz.com\/wp-content\/uploads\/2022\/06\/Common-Mode-Choke-Coil-Toroidal-Inductor-14-500x714.jpg 500w, https:\/\/vacuz.com\/wp-content\/uploads\/2022\/06\/Common-Mode-Choke-Coil-Toroidal-Inductor-14-700x1000.jpg 700w, https:\/\/vacuz.com\/wp-content\/uploads\/2022\/06\/Common-Mode-Choke-Coil-Toroidal-Inductor-14-210x300.jpg 210w, https:\/\/vacuz.com\/wp-content\/uploads\/2022\/06\/Common-Mode-Choke-Coil-Toroidal-Inductor-14-717x1024.jpg 717w, https:\/\/vacuz.com\/wp-content\/uploads\/2022\/06\/Common-Mode-Choke-Coil-Toroidal-Inductor-14-8x12.jpg 8w, https:\/\/vacuz.com\/wp-content\/uploads\/2022\/06\/Common-Mode-Choke-Coil-Toroidal-Inductor-14-200x286.jpg 200w, https:\/\/vacuz.com\/wp-content\/uploads\/2022\/06\/Common-Mode-Choke-Coil-Toroidal-Inductor-14-400x571.jpg 400w, https:\/\/vacuz.com\/wp-content\/uploads\/2022\/06\/Common-Mode-Choke-Coil-Toroidal-Inductor-14-600x857.jpg 600w\" sizes=\"auto, (max-width: 750px) 100vw, 750px\" \/><\/p>\n<p><img loading=\"lazy\" decoding=\"async\" class=\"alignnone wp-image-6348 size-full\" src=\"https:\/\/vacuz.com\/wp-content\/uploads\/2022\/06\/Common-Mode-Choke-Coil-Toroidal-Inductor-15.jpg\" alt=\"Cewka d\u0142awikowa trybu wsp\u00f3lnego Cewka toroidalna\" width=\"750\" height=\"1040\" title=\"Cena Vacuz OEM Zewn\u0119trzny silnik DC o wysokim momencie obrotowym Elektryczny silnik BLDC 24V 1500W Niestandardowy silnik drona Bezszczotkowy stojan Magnetyczna stalowa cewka\" srcset=\"https:\/\/vacuz.com\/wp-content\/uploads\/2022\/06\/Common-Mode-Choke-Coil-Toroidal-Inductor-15.jpg 750w, https:\/\/vacuz.com\/wp-content\/uploads\/2022\/06\/Common-Mode-Choke-Coil-Toroidal-Inductor-15-500x693.jpg 500w, https:\/\/vacuz.com\/wp-content\/uploads\/2022\/06\/Common-Mode-Choke-Coil-Toroidal-Inductor-15-700x971.jpg 700w, https:\/\/vacuz.com\/wp-content\/uploads\/2022\/06\/Common-Mode-Choke-Coil-Toroidal-Inductor-15-216x300.jpg 216w, https:\/\/vacuz.com\/wp-content\/uploads\/2022\/06\/Common-Mode-Choke-Coil-Toroidal-Inductor-15-738x1024.jpg 738w, https:\/\/vacuz.com\/wp-content\/uploads\/2022\/06\/Common-Mode-Choke-Coil-Toroidal-Inductor-15-9x12.jpg 9w, https:\/\/vacuz.com\/wp-content\/uploads\/2022\/06\/Common-Mode-Choke-Coil-Toroidal-Inductor-15-200x277.jpg 200w, https:\/\/vacuz.com\/wp-content\/uploads\/2022\/06\/Common-Mode-Choke-Coil-Toroidal-Inductor-15-400x555.jpg 400w, https:\/\/vacuz.com\/wp-content\/uploads\/2022\/06\/Common-Mode-Choke-Coil-Toroidal-Inductor-15-600x832.jpg 600w\" sizes=\"auto, (max-width: 750px) 100vw, 750px\" \/><\/p>\n<h2>Pakowanie i wysy\u0142ka<\/h2>\n<p><img loading=\"lazy\" decoding=\"async\" class=\"alignnone wp-image-6349 size-full\" src=\"https:\/\/vacuz.com\/wp-content\/uploads\/2022\/06\/Common-Mode-Choke-Coil-Toroidal-Inductor-16.jpg\" alt=\"Cewka d\u0142awikowa trybu wsp\u00f3lnego Cewka toroidalna\" width=\"750\" height=\"1139\" title=\"Cena Vacuz OEM Zewn\u0119trzny silnik DC o wysokim momencie obrotowym Elektryczny silnik BLDC 24V 1500W Niestandardowy silnik drona Bezszczotkowy stojan Magnetyczna stalowa cewka\" srcset=\"https:\/\/vacuz.com\/wp-content\/uploads\/2022\/06\/Common-Mode-Choke-Coil-Toroidal-Inductor-16.jpg 750w, https:\/\/vacuz.com\/wp-content\/uploads\/2022\/06\/Common-Mode-Choke-Coil-Toroidal-Inductor-16-500x759.jpg 500w, https:\/\/vacuz.com\/wp-content\/uploads\/2022\/06\/Common-Mode-Choke-Coil-Toroidal-Inductor-16-700x1063.jpg 700w, https:\/\/vacuz.com\/wp-content\/uploads\/2022\/06\/Common-Mode-Choke-Coil-Toroidal-Inductor-16-198x300.jpg 198w, https:\/\/vacuz.com\/wp-content\/uploads\/2022\/06\/Common-Mode-Choke-Coil-Toroidal-Inductor-16-674x1024.jpg 674w, https:\/\/vacuz.com\/wp-content\/uploads\/2022\/06\/Common-Mode-Choke-Coil-Toroidal-Inductor-16-8x12.jpg 8w, https:\/\/vacuz.com\/wp-content\/uploads\/2022\/06\/Common-Mode-Choke-Coil-Toroidal-Inductor-16-200x304.jpg 200w, https:\/\/vacuz.com\/wp-content\/uploads\/2022\/06\/Common-Mode-Choke-Coil-Toroidal-Inductor-16-400x607.jpg 400w, https:\/\/vacuz.com\/wp-content\/uploads\/2022\/06\/Common-Mode-Choke-Coil-Toroidal-Inductor-16-600x911.jpg 600w\" sizes=\"auto, (max-width: 750px) 100vw, 750px\" \/><\/p>\n<h2>Wycieczka po fabryce Vacuz<\/h2>\n<p><iframe loading=\"lazy\" title=\"Bezszczotkowy stojan drona BLDC Automatyczna cewka silnika Nawijarka ig\u0142owa Fabryczna dostawa bezpo\u015brednia\" width=\"1200\" height=\"900\" src=\"https:\/\/www.youtube.com\/embed\/vYE74o4yGOE?feature=oembed\" frameborder=\"0\" allow=\"accelerometer; autoplay; clipboard-write; encrypted-media; gyroscope; picture-in-picture; web-share\" referrerpolicy=\"strict-origin-when-cross-origin\" allowfullscreen><\/iframe><\/p>\n<\/div>","protected":false},"excerpt":{"rendered":"<p>Vacuz OEM Price External DC High Torque Motor Electric BLDC 24V 1500W Custom Drone Motor Brushless Stator Magnetic Steel Coil Note: We are factory supplier. All our motors can be customized in torque voltage rpm output size etc. Pls feel free to contact us for more details and requirements. For mass order\/project support, pls send [&hellip;]<\/p>\n","protected":false},"featured_media":6709,"template":"","meta":{"_gspb_post_css":"","_joinchat":[]},"product_brand":[],"product_cat":[789,847],"product_tag":[358],"class_list":{"0":"post-6708","1":"product","2":"type-product","3":"status-publish","4":"has-post-thumbnail","6":"product_cat-fpv-drone-motor-components","7":"product_cat-stator-coil","8":"product_tag-bldc-brushless-motor-stator-coil","10":"first","11":"instock","12":"shipping-taxable","13":"product-type-simple"},"_links":{"self":[{"href":"https:\/\/vacuz.com\/pl\/wp-json\/wp\/v2\/product\/6708","targetHints":{"allow":["GET"]}}],"collection":[{"href":"https:\/\/vacuz.com\/pl\/wp-json\/wp\/v2\/product"}],"about":[{"href":"https:\/\/vacuz.com\/pl\/wp-json\/wp\/v2\/types\/product"}],"wp:featuredmedia":[{"embeddable":true,"href":"https:\/\/vacuz.com\/pl\/wp-json\/wp\/v2\/media\/6709"}],"wp:attachment":[{"href":"https:\/\/vacuz.com\/pl\/wp-json\/wp\/v2\/media?parent=6708"}],"wp:term":[{"taxonomy":"product_brand","embeddable":true,"href":"https:\/\/vacuz.com\/pl\/wp-json\/wp\/v2\/product_brand?post=6708"},{"taxonomy":"product_cat","embeddable":true,"href":"https:\/\/vacuz.com\/pl\/wp-json\/wp\/v2\/product_cat?post=6708"},{"taxonomy":"product_tag","embeddable":true,"href":"https:\/\/vacuz.com\/pl\/wp-json\/wp\/v2\/product_tag?post=6708"}],"curies":[{"name":"wp","href":"https:\/\/api.w.org\/{rel}","templated":true}]}}