{"id":6881,"date":"2022-09-13T08:06:34","date_gmt":"2022-09-13T08:06:34","guid":{"rendered":"https:\/\/vacuz.com\/?post_type=product&#038;p=6881"},"modified":"2025-11-03T03:44:33","modified_gmt":"2025-11-03T03:44:33","slug":"high-torque-single-spindle-semi-automatic-transformer-bobbin-heating-coil-winding-machine-for-mica-heating-element","status":"publish","type":"product","link":"https:\/\/vacuz.com\/pl\/product\/high-torque-single-spindle-semi-automatic-transformer-bobbin-heating-coil-winding-machine-for-mica-heating-element\/","title":{"rendered":"P\u00f3\u0142automatyczna maszyna do nawijania cewek transformatorowych o wysokim momencie obrotowym z pojedynczym wrzecionem do elementu grzejnego z miki"},"content":{"rendered":"<h2>P\u00f3\u0142automatyczna maszyna do nawijania cewek transformatorowych o wysokim momencie obrotowym z pojedynczym wrzecionem do elementu grzejnego z miki<\/h2>\n<p data-spm-anchor-id=\"a2700.wholesale.0.i26.4dab536b1Qop0r\"><strong>This device uses a computer CNC control system to precisely locate the spindle by CPLD decoding and speed measurement. It is equipped with a stepper motor with a constant current chopper to drive the wiring. It is fast and precise to ensure the normal operation of the equipment. It is widely used in the production of?Scope of application:?High-frequency toroidal inductor, off mode inductor, differential mode inductor.<\/strong><\/p>\n<p><strong>Funkcje i w\u0142a\u015bciwo\u015bci:<\/strong><\/p>\n<p><strong>1. Dane przechowuj\u0105 paragraf 0~999.<\/strong><\/p>\n<p><strong>2. Mo\u017ce odwr\u00f3ci\u0107 uzwojenie z du\u017c\u0105 pr\u0119dko\u015bci\u0105.<\/strong><\/p>\n<p><strong>3. Liczba okr\u0119g\u00f3w jest dok\u0142adna.<\/strong><\/p>\n<p><strong>4. Informacje o problemie zostan\u0105 zapisane automatycznie.<\/strong><\/p>\n<p><strong>5. CNC mo\u017ce monitorowa\u0107 i wy\u015bwietla\u0107 stan produkcji.<\/strong><\/p>\n<p><strong>6. Ustawienie jest proste, a obs\u0142uga wygodna.<\/strong><\/p>\n<p><strong>Technical parameters:<\/strong><\/p>\n<table style=\"height: 475px;\" border=\"1\" width=\"1599\">\n<tbody>\n<tr>\n<td><strong>Model<\/strong><\/td>\n<td><strong>Va-10<\/strong><\/td>\n<td><strong>Va-20<\/strong><\/td>\n<td><strong>Va-30<\/strong><\/td>\n<\/tr>\n<tr>\n<td><strong>\u015arednica drutu nawojowego<\/strong><\/td>\n<td><strong>\u03c60.2-1.5mm<\/strong><\/td>\n<td><strong>\u03c60.05-1.5mm<\/strong><\/td>\n<td><strong>\u03c61.0-3.0mm<\/strong><\/td>\n<\/tr>\n<tr>\n<td data-spm-anchor-id=\"a2700.wholesale.0.i31.4dab536b1Qop0r\"><strong>Max.winding width<\/strong><\/td>\n<td><strong>200mm<\/strong><\/td>\n<td><strong>350mm\/500mm<\/strong><\/p>\n<p data-spm-anchor-id=\"a2700.details.0.i39.1a397f96ZN2tmY\"><strong>1000mm(customized)<\/strong><\/p>\n<\/td>\n<td><strong>200mm<\/strong><\/td>\n<\/tr>\n<tr>\n<td><strong>Max. bobbin Diameter<\/strong><\/td>\n<td><strong>200mm<\/strong><\/td>\n<td><strong>200mm<\/strong><\/td>\n<td><strong>200mm<\/strong><\/td>\n<\/tr>\n<tr>\n<td><strong>Spindles<\/strong><\/td>\n<td><strong>1<\/strong><\/td>\n<td><strong>1<\/strong><\/td>\n<td><strong>1<\/strong><\/td>\n<\/tr>\n<tr>\n<td><strong>Silnik rozrz\u0105du<\/strong><\/td>\n<td><strong>24V Stepping Motor<\/strong><\/td>\n<td><strong>Silnik krokowy 24 V<\/strong><\/td>\n<td><strong>Silnik krokowy 24 V<\/strong><\/td>\n<\/tr>\n<tr>\n<td><strong>Winding? motor<\/strong><\/td>\n<td><strong>AC 750W<\/strong><\/td>\n<td><strong>AC 750W<\/strong><\/td>\n<td><strong>AC 750W<\/strong><\/td>\n<\/tr>\n<tr>\n<td><strong>Maksymalna pr\u0119dko\u015b\u0107 nawijania<\/strong><\/td>\n<td><strong>1500RPM<\/strong><\/td>\n<td><strong>1500RPM<\/strong><\/td>\n<td><strong>1500RPM<\/strong><\/td>\n<\/tr>\n<tr>\n<td><strong>Napi\u0119cie<\/strong><\/td>\n<td><strong>220V 50HZ<\/strong><\/td>\n<td><strong>220V 50HZ<\/strong><\/td>\n<td><strong>220V 50HZ<\/strong><\/td>\n<\/tr>\n<tr>\n<td><strong>Waga maszyny<\/strong><\/td>\n<td><strong>60 KG<\/strong><\/td>\n<td><strong>100 KG<\/strong><\/td>\n<td><strong>65 KG<\/strong><\/td>\n<\/tr>\n<tr>\n<td><strong>Wymiar opakowania<\/strong><\/td>\n<td><strong>650*300*450mm<\/strong><\/td>\n<td><strong>800*150*500mm<\/strong><\/td>\n<td><strong>650*300*550mm<\/strong><\/td>\n<\/tr>\n<tr>\n<td><strong>Czas realizacji<\/strong><\/td>\n<td><strong>15 dni<\/strong><\/td>\n<td><strong>15 dni<\/strong><\/td>\n<td><strong>15 dni<\/strong><\/td>\n<\/tr>\n<\/tbody>\n<\/table>\n<p><img loading=\"lazy\" decoding=\"async\" class=\"alignnone wp-image-6890 size-full\" src=\"https:\/\/vacuz.com\/wp-content\/uploads\/2022\/09\/High-torque-transformer-bobbin-coil-winding-machine-9.jpg\" alt=\"Maszyna do nawijania cewek transformatorowych o wysokim momencie obrotowym\" width=\"1352\" height=\"984\" title=\"P\u00f3\u0142automatyczna maszyna do nawijania cewek transformatorowych o wysokim momencie obrotowym z pojedynczym wrzecionem do elementu grzejnego z miki\" srcset=\"https:\/\/vacuz.com\/wp-content\/uploads\/2022\/09\/High-torque-transformer-bobbin-coil-winding-machine-9.jpg 1352w, https:\/\/vacuz.com\/wp-content\/uploads\/2022\/09\/High-torque-transformer-bobbin-coil-winding-machine-9-500x364.jpg 500w, https:\/\/vacuz.com\/wp-content\/uploads\/2022\/09\/High-torque-transformer-bobbin-coil-winding-machine-9-700x509.jpg 700w, https:\/\/vacuz.com\/wp-content\/uploads\/2022\/09\/High-torque-transformer-bobbin-coil-winding-machine-9-300x218.jpg 300w, https:\/\/vacuz.com\/wp-content\/uploads\/2022\/09\/High-torque-transformer-bobbin-coil-winding-machine-9-1024x745.jpg 1024w, https:\/\/vacuz.com\/wp-content\/uploads\/2022\/09\/High-torque-transformer-bobbin-coil-winding-machine-9-768x559.jpg 768w, https:\/\/vacuz.com\/wp-content\/uploads\/2022\/09\/High-torque-transformer-bobbin-coil-winding-machine-9-16x12.jpg 16w, https:\/\/vacuz.com\/wp-content\/uploads\/2022\/09\/High-torque-transformer-bobbin-coil-winding-machine-9-200x146.jpg 200w, https:\/\/vacuz.com\/wp-content\/uploads\/2022\/09\/High-torque-transformer-bobbin-coil-winding-machine-9-400x291.jpg 400w, https:\/\/vacuz.com\/wp-content\/uploads\/2022\/09\/High-torque-transformer-bobbin-coil-winding-machine-9-600x437.jpg 600w, https:\/\/vacuz.com\/wp-content\/uploads\/2022\/09\/High-torque-transformer-bobbin-coil-winding-machine-9-800x582.jpg 800w, https:\/\/vacuz.com\/wp-content\/uploads\/2022\/09\/High-torque-transformer-bobbin-coil-winding-machine-9-1200x873.jpg 1200w\" sizes=\"auto, (max-width: 1352px) 100vw, 1352px\" \/><\/p>\n<p><img loading=\"lazy\" decoding=\"async\" class=\"alignnone wp-image-6889 size-full\" src=\"https:\/\/vacuz.com\/wp-content\/uploads\/2022\/09\/High-torque-transformer-bobbin-coil-winding-machine-8.jpg\" alt=\"Maszyna do nawijania cewek transformatorowych o wysokim momencie obrotowym\" width=\"1882\" height=\"1062\" title=\"P\u00f3\u0142automatyczna maszyna do nawijania cewek transformatorowych o wysokim momencie obrotowym z pojedynczym wrzecionem do elementu grzejnego z miki\" srcset=\"https:\/\/vacuz.com\/wp-content\/uploads\/2022\/09\/High-torque-transformer-bobbin-coil-winding-machine-8.jpg 1882w, https:\/\/vacuz.com\/wp-content\/uploads\/2022\/09\/High-torque-transformer-bobbin-coil-winding-machine-8-500x282.jpg 500w, https:\/\/vacuz.com\/wp-content\/uploads\/2022\/09\/High-torque-transformer-bobbin-coil-winding-machine-8-700x395.jpg 700w, https:\/\/vacuz.com\/wp-content\/uploads\/2022\/09\/High-torque-transformer-bobbin-coil-winding-machine-8-300x169.jpg 300w, https:\/\/vacuz.com\/wp-content\/uploads\/2022\/09\/High-torque-transformer-bobbin-coil-winding-machine-8-1024x578.jpg 1024w, https:\/\/vacuz.com\/wp-content\/uploads\/2022\/09\/High-torque-transformer-bobbin-coil-winding-machine-8-768x433.jpg 768w, https:\/\/vacuz.com\/wp-content\/uploads\/2022\/09\/High-torque-transformer-bobbin-coil-winding-machine-8-1536x867.jpg 1536w, https:\/\/vacuz.com\/wp-content\/uploads\/2022\/09\/High-torque-transformer-bobbin-coil-winding-machine-8-18x10.jpg 18w, https:\/\/vacuz.com\/wp-content\/uploads\/2022\/09\/High-torque-transformer-bobbin-coil-winding-machine-8-200x113.jpg 200w, https:\/\/vacuz.com\/wp-content\/uploads\/2022\/09\/High-torque-transformer-bobbin-coil-winding-machine-8-400x226.jpg 400w, https:\/\/vacuz.com\/wp-content\/uploads\/2022\/09\/High-torque-transformer-bobbin-coil-winding-machine-8-600x339.jpg 600w, https:\/\/vacuz.com\/wp-content\/uploads\/2022\/09\/High-torque-transformer-bobbin-coil-winding-machine-8-800x451.jpg 800w, https:\/\/vacuz.com\/wp-content\/uploads\/2022\/09\/High-torque-transformer-bobbin-coil-winding-machine-8-1200x677.jpg 1200w\" sizes=\"auto, (max-width: 1882px) 100vw, 1882px\" \/><\/p>\n<p><img loading=\"lazy\" decoding=\"async\" class=\"alignnone wp-image-6888 size-full\" src=\"https:\/\/vacuz.com\/wp-content\/uploads\/2022\/09\/High-torque-transformer-bobbin-coil-winding-machine-7.jpg\" alt=\"Maszyna do nawijania cewek transformatorowych o wysokim momencie obrotowym\" width=\"767\" height=\"593\" title=\"P\u00f3\u0142automatyczna maszyna do nawijania cewek transformatorowych o wysokim momencie obrotowym z pojedynczym wrzecionem do elementu grzejnego z miki\" srcset=\"https:\/\/vacuz.com\/wp-content\/uploads\/2022\/09\/High-torque-transformer-bobbin-coil-winding-machine-7.jpg 767w, https:\/\/vacuz.com\/wp-content\/uploads\/2022\/09\/High-torque-transformer-bobbin-coil-winding-machine-7-500x387.jpg 500w, https:\/\/vacuz.com\/wp-content\/uploads\/2022\/09\/High-torque-transformer-bobbin-coil-winding-machine-7-700x541.jpg 700w, https:\/\/vacuz.com\/wp-content\/uploads\/2022\/09\/High-torque-transformer-bobbin-coil-winding-machine-7-300x232.jpg 300w, https:\/\/vacuz.com\/wp-content\/uploads\/2022\/09\/High-torque-transformer-bobbin-coil-winding-machine-7-16x12.jpg 16w, https:\/\/vacuz.com\/wp-content\/uploads\/2022\/09\/High-torque-transformer-bobbin-coil-winding-machine-7-200x155.jpg 200w, https:\/\/vacuz.com\/wp-content\/uploads\/2022\/09\/High-torque-transformer-bobbin-coil-winding-machine-7-400x309.jpg 400w, https:\/\/vacuz.com\/wp-content\/uploads\/2022\/09\/High-torque-transformer-bobbin-coil-winding-machine-7-600x464.jpg 600w\" sizes=\"auto, (max-width: 767px) 100vw, 767px\" \/><\/p>\n<p><img loading=\"lazy\" decoding=\"async\" class=\"alignnone wp-image-6887 size-full\" src=\"https:\/\/vacuz.com\/wp-content\/uploads\/2022\/09\/High-torque-transformer-bobbin-coil-winding-machine-6.jpg\" alt=\"Maszyna do nawijania cewek transformatorowych o wysokim momencie obrotowym\" width=\"640\" height=\"640\" title=\"P\u00f3\u0142automatyczna maszyna do nawijania cewek transformatorowych o wysokim momencie obrotowym z pojedynczym wrzecionem do elementu grzejnego z miki\" srcset=\"https:\/\/vacuz.com\/wp-content\/uploads\/2022\/09\/High-torque-transformer-bobbin-coil-winding-machine-6.jpg 640w, https:\/\/vacuz.com\/wp-content\/uploads\/2022\/09\/High-torque-transformer-bobbin-coil-winding-machine-6-500x500.jpg 500w, https:\/\/vacuz.com\/wp-content\/uploads\/2022\/09\/High-torque-transformer-bobbin-coil-winding-machine-6-100x100.jpg 100w, https:\/\/vacuz.com\/wp-content\/uploads\/2022\/09\/High-torque-transformer-bobbin-coil-winding-machine-6-600x600.jpg 600w, https:\/\/vacuz.com\/wp-content\/uploads\/2022\/09\/High-torque-transformer-bobbin-coil-winding-machine-6-300x300.jpg 300w, https:\/\/vacuz.com\/wp-content\/uploads\/2022\/09\/High-torque-transformer-bobbin-coil-winding-machine-6-150x150.jpg 150w, https:\/\/vacuz.com\/wp-content\/uploads\/2022\/09\/High-torque-transformer-bobbin-coil-winding-machine-6-12x12.jpg 12w, https:\/\/vacuz.com\/wp-content\/uploads\/2022\/09\/High-torque-transformer-bobbin-coil-winding-machine-6-66x66.jpg 66w, https:\/\/vacuz.com\/wp-content\/uploads\/2022\/09\/High-torque-transformer-bobbin-coil-winding-machine-6-200x200.jpg 200w, https:\/\/vacuz.com\/wp-content\/uploads\/2022\/09\/High-torque-transformer-bobbin-coil-winding-machine-6-400x400.jpg 400w\" sizes=\"auto, (max-width: 640px) 100vw, 640px\" \/><\/p>\n<h1>Informacje o firmie<\/h1>\n<div>\n<p><strong>Firma Vacuz Machine Factory zosta\u0142a za\u0142o\u017cona w maju 2007 roku w mie\u015bcie Dongguan w prowincji Guangdong. Jest to profesjonalny producent zajmuj\u0105cy si\u0119 badaniami, rozwojem, produkcj\u0105, sprzeda\u017c\u0105 i serwisem automatycznych nawijarek, nawijarek szpulowych, nawijarek transformatorowych, nawijarek silnikowych, bezprzewodowych nawijarek cewek, nawijarek d\u0142awikowych SQ i innych niestandardowych nawijarek. Nasze produkty s\u0105 dobrze sprzedawane we wszystkich miastach i prowincjach Chin, a tak\u017ce eksportowane do klient\u00f3w w takich krajach i regionach jak Bliski Wsch\u00f3d, Europa, Afryka, Azja i Ameryka P\u00f3\u0142nocna. Niezale\u017cnie od tego, czy wybierasz aktualny produkt z naszego katalogu, czy szukasz pomocy in\u017cynieryjnej dla swojej aplikacji, mo\u017cesz porozmawia\u0107 z naszym centrum obs\u0142ugi klienta o swoich wymaganiach dotycz\u0105cych zaopatrzenia. Jako\u015b\u0107 to nasza kultura! Mamy nadziej\u0119 na wsp\u00f3\u0142prac\u0119 wkr\u00f3tce!<\/strong><\/p>\n<p><img loading=\"lazy\" decoding=\"async\" class=\"alignnone size-full wp-image-4136\" src=\"https:\/\/vacuz.com\/wp-content\/uploads\/2022\/01\/Company-info-1.jpg\" alt=\"Informacje o firmie 1\" width=\"1200\" height=\"800\" title=\"P\u00f3\u0142automatyczna maszyna do nawijania cewek transformatorowych o wysokim momencie obrotowym z pojedynczym wrzecionem do elementu grzejnego z miki\" srcset=\"https:\/\/vacuz.com\/wp-content\/uploads\/2022\/01\/Company-info-1.jpg 1200w, https:\/\/vacuz.com\/wp-content\/uploads\/2022\/01\/Company-info-1-500x333.jpg 500w, https:\/\/vacuz.com\/wp-content\/uploads\/2022\/01\/Company-info-1-700x467.jpg 700w, https:\/\/vacuz.com\/wp-content\/uploads\/2022\/01\/Company-info-1-300x200.jpg 300w, https:\/\/vacuz.com\/wp-content\/uploads\/2022\/01\/Company-info-1-1024x683.jpg 1024w, https:\/\/vacuz.com\/wp-content\/uploads\/2022\/01\/Company-info-1-768x512.jpg 768w, https:\/\/vacuz.com\/wp-content\/uploads\/2022\/01\/Company-info-1-18x12.jpg 18w, https:\/\/vacuz.com\/wp-content\/uploads\/2022\/01\/Company-info-1-200x133.jpg 200w, https:\/\/vacuz.com\/wp-content\/uploads\/2022\/01\/Company-info-1-400x267.jpg 400w, https:\/\/vacuz.com\/wp-content\/uploads\/2022\/01\/Company-info-1-600x400.jpg 600w, https:\/\/vacuz.com\/wp-content\/uploads\/2022\/01\/Company-info-1-800x533.jpg 800w\" sizes=\"auto, (max-width: 1200px) 100vw, 1200px\" \/><\/p>\n<p><img loading=\"lazy\" decoding=\"async\" class=\"size-full wp-image-4126\" src=\"https:\/\/vacuz.com\/wp-content\/uploads\/2022\/01\/Company-info.jpg\" alt=\"Informacje o firmie Vacuz\" width=\"1754\" height=\"1241\" title=\"P\u00f3\u0142automatyczna maszyna do nawijania cewek transformatorowych o wysokim momencie obrotowym z pojedynczym wrzecionem do elementu grzejnego z miki\" srcset=\"https:\/\/vacuz.com\/wp-content\/uploads\/2022\/01\/Company-info.jpg 1754w, https:\/\/vacuz.com\/wp-content\/uploads\/2022\/01\/Company-info-500x354.jpg 500w, https:\/\/vacuz.com\/wp-content\/uploads\/2022\/01\/Company-info-700x495.jpg 700w, https:\/\/vacuz.com\/wp-content\/uploads\/2022\/01\/Company-info-300x212.jpg 300w, https:\/\/vacuz.com\/wp-content\/uploads\/2022\/01\/Company-info-1024x725.jpg 1024w, https:\/\/vacuz.com\/wp-content\/uploads\/2022\/01\/Company-info-768x543.jpg 768w, https:\/\/vacuz.com\/wp-content\/uploads\/2022\/01\/Company-info-1536x1087.jpg 1536w, https:\/\/vacuz.com\/wp-content\/uploads\/2022\/01\/Company-info-18x12.jpg 18w, https:\/\/vacuz.com\/wp-content\/uploads\/2022\/01\/Company-info-200x142.jpg 200w, https:\/\/vacuz.com\/wp-content\/uploads\/2022\/01\/Company-info-400x283.jpg 400w, https:\/\/vacuz.com\/wp-content\/uploads\/2022\/01\/Company-info-600x425.jpg 600w, https:\/\/vacuz.com\/wp-content\/uploads\/2022\/01\/Company-info-800x566.jpg 800w, https:\/\/vacuz.com\/wp-content\/uploads\/2022\/01\/Company-info-1200x849.jpg 1200w\" sizes=\"auto, (max-width: 1754px) 100vw, 1754px\" \/><\/p>\n<p><img loading=\"lazy\" decoding=\"async\" class=\"size-full wp-image-4132\" src=\"https:\/\/vacuz.com\/wp-content\/uploads\/2022\/01\/\u5408\u4f5c\u4f19\u4f34.jpg\" alt=\"Partnerzy\" width=\"1200\" height=\"555\" title=\"P\u00f3\u0142automatyczna maszyna do nawijania cewek transformatorowych o wysokim momencie obrotowym z pojedynczym wrzecionem do elementu grzejnego z miki\" srcset=\"https:\/\/vacuz.com\/wp-content\/uploads\/2022\/01\/\u5408\u4f5c\u4f19\u4f34.jpg 1200w, https:\/\/vacuz.com\/wp-content\/uploads\/2022\/01\/\u5408\u4f5c\u4f19\u4f34-500x231.jpg 500w, https:\/\/vacuz.com\/wp-content\/uploads\/2022\/01\/\u5408\u4f5c\u4f19\u4f34-700x324.jpg 700w, https:\/\/vacuz.com\/wp-content\/uploads\/2022\/01\/\u5408\u4f5c\u4f19\u4f34-300x139.jpg 300w, https:\/\/vacuz.com\/wp-content\/uploads\/2022\/01\/\u5408\u4f5c\u4f19\u4f34-1024x474.jpg 1024w, https:\/\/vacuz.com\/wp-content\/uploads\/2022\/01\/\u5408\u4f5c\u4f19\u4f34-768x355.jpg 768w, https:\/\/vacuz.com\/wp-content\/uploads\/2022\/01\/\u5408\u4f5c\u4f19\u4f34-18x8.jpg 18w, https:\/\/vacuz.com\/wp-content\/uploads\/2022\/01\/\u5408\u4f5c\u4f19\u4f34-200x93.jpg 200w, https:\/\/vacuz.com\/wp-content\/uploads\/2022\/01\/\u5408\u4f5c\u4f19\u4f34-400x185.jpg 400w, https:\/\/vacuz.com\/wp-content\/uploads\/2022\/01\/\u5408\u4f5c\u4f19\u4f34-600x278.jpg 600w, https:\/\/vacuz.com\/wp-content\/uploads\/2022\/01\/\u5408\u4f5c\u4f19\u4f34-800x370.jpg 800w\" sizes=\"auto, (max-width: 1200px) 100vw, 1200px\" \/><\/p>\n<p><img loading=\"lazy\" decoding=\"async\" class=\"size-full wp-image-4127\" src=\"https:\/\/vacuz.com\/wp-content\/uploads\/2022\/01\/Jeltecn\u8ba4\u8bc1.jpg\" alt=\"Certyfikat Vacuz\" width=\"1200\" height=\"549\" title=\"P\u00f3\u0142automatyczna maszyna do nawijania cewek transformatorowych o wysokim momencie obrotowym z pojedynczym wrzecionem do elementu grzejnego z miki\" srcset=\"https:\/\/vacuz.com\/wp-content\/uploads\/2022\/01\/Jeltecn\u8ba4\u8bc1.jpg 1200w, https:\/\/vacuz.com\/wp-content\/uploads\/2022\/01\/Jeltecn\u8ba4\u8bc1-500x229.jpg 500w, https:\/\/vacuz.com\/wp-content\/uploads\/2022\/01\/Jeltecn\u8ba4\u8bc1-700x320.jpg 700w, https:\/\/vacuz.com\/wp-content\/uploads\/2022\/01\/Jeltecn\u8ba4\u8bc1-300x137.jpg 300w, https:\/\/vacuz.com\/wp-content\/uploads\/2022\/01\/Jeltecn\u8ba4\u8bc1-1024x468.jpg 1024w, https:\/\/vacuz.com\/wp-content\/uploads\/2022\/01\/Jeltecn\u8ba4\u8bc1-768x351.jpg 768w, https:\/\/vacuz.com\/wp-content\/uploads\/2022\/01\/Jeltecn\u8ba4\u8bc1-18x8.jpg 18w, https:\/\/vacuz.com\/wp-content\/uploads\/2022\/01\/Jeltecn\u8ba4\u8bc1-200x92.jpg 200w, https:\/\/vacuz.com\/wp-content\/uploads\/2022\/01\/Jeltecn\u8ba4\u8bc1-400x183.jpg 400w, https:\/\/vacuz.com\/wp-content\/uploads\/2022\/01\/Jeltecn\u8ba4\u8bc1-600x275.jpg 600w, https:\/\/vacuz.com\/wp-content\/uploads\/2022\/01\/Jeltecn\u8ba4\u8bc1-800x366.jpg 800w\" sizes=\"auto, (max-width: 1200px) 100vw, 1200px\" \/><\/p>\n<h2>Pakowanie i wysy\u0142ka<\/h2>\n<p><strong>1. port: Szanghaj \/ Shenzhen lub do wyboru<\/strong><\/p>\n<p><strong>Pakowanie i transport<\/strong><br \/>\n<strong>Opakowanie og\u00f3lne (karton papierowy lub plastikowa torba): W przypadku ma\u0142ych towar\u00f3w nale\u017cy zapakowa\u0107 je w form\u0119 i papier pakowy, aby zagwarantowa\u0107 nieprzerwany transport.<\/strong><br \/>\n<strong>Opakowanie drewniane: W przypadku towar\u00f3w na wi\u0119ksz\u0105 skal\u0119, takich jak sprz\u0119t maszynowy itp., Mamy specjalnego wykwalifikowanego stolarza, kt\u00f3ry wykona\u0142by odpowiedni\u0105 drewnian\u0105 skrzynk\u0119 o dok\u0142adnej grubo\u015bci, g\u0119sto\u015bci i d\u0142ugo\u015bci. Strza\u0142ka w g\u00f3r\u0119 \u2191 oznaczona na zewn\u0119trznej drewnianej obudowie. Materia\u0142 buforowy zostanie umieszczony w drewnianej obudowie, aby zapobiec p\u0119kaniu i wstrz\u0105som. Poinformujemy Ci\u0119 o dowodzie dostawy. Wystarczy poczeka\u0107 na telefon, a nast\u0119pnie odebra\u0107 towar na najbli\u017cszej stacji logistycznej (prosz\u0119 o wcze\u015bniejsz\u0105 informacj\u0119, je\u015bli chcesz odebra\u0107 towar w domu).<\/strong><\/p>\n<p><img loading=\"lazy\" decoding=\"async\" class=\"size-full wp-image-4124\" src=\"https:\/\/vacuz.com\/wp-content\/uploads\/2022\/01\/Winding-Machine-Shipping-and-packing-4.jpg\" alt=\"Nawijarka Wysy\u0142ka i pakowanie-4\" width=\"1512\" height=\"2016\" title=\"P\u00f3\u0142automatyczna maszyna do nawijania cewek transformatorowych o wysokim momencie obrotowym z pojedynczym wrzecionem do elementu grzejnego z miki\" srcset=\"https:\/\/vacuz.com\/wp-content\/uploads\/2022\/01\/Winding-Machine-Shipping-and-packing-4.jpg 1512w, https:\/\/vacuz.com\/wp-content\/uploads\/2022\/01\/Winding-Machine-Shipping-and-packing-4-500x667.jpg 500w, https:\/\/vacuz.com\/wp-content\/uploads\/2022\/01\/Winding-Machine-Shipping-and-packing-4-700x933.jpg 700w, https:\/\/vacuz.com\/wp-content\/uploads\/2022\/01\/Winding-Machine-Shipping-and-packing-4-225x300.jpg 225w, https:\/\/vacuz.com\/wp-content\/uploads\/2022\/01\/Winding-Machine-Shipping-and-packing-4-768x1024.jpg 768w, https:\/\/vacuz.com\/wp-content\/uploads\/2022\/01\/Winding-Machine-Shipping-and-packing-4-1152x1536.jpg 1152w, https:\/\/vacuz.com\/wp-content\/uploads\/2022\/01\/Winding-Machine-Shipping-and-packing-4-9x12.jpg 9w, https:\/\/vacuz.com\/wp-content\/uploads\/2022\/01\/Winding-Machine-Shipping-and-packing-4-200x267.jpg 200w, https:\/\/vacuz.com\/wp-content\/uploads\/2022\/01\/Winding-Machine-Shipping-and-packing-4-400x533.jpg 400w, https:\/\/vacuz.com\/wp-content\/uploads\/2022\/01\/Winding-Machine-Shipping-and-packing-4-600x800.jpg 600w, https:\/\/vacuz.com\/wp-content\/uploads\/2022\/01\/Winding-Machine-Shipping-and-packing-4-800x1067.jpg 800w, https:\/\/vacuz.com\/wp-content\/uploads\/2022\/01\/Winding-Machine-Shipping-and-packing-4-1200x1600.jpg 1200w\" sizes=\"auto, (max-width: 1512px) 100vw, 1512px\" \/><\/p>\n<p>&nbsp;<\/p>\n<h2>Vacuz Service &amp; Strength<\/h2>\n<p><b data-spm-anchor-id=\"a2700.details.0.i31.182f594ewjEnUT\">Za\u0142o\u017cenia dotycz\u0105ce us\u0142ug<\/b><br \/>\nZapewniamy najlepsz\u0105 obs\u0142ug\u0119 \"szybko + satysfakcjonuj\u0105co + bezpiecznie\".<br \/>\n<b>Okres gwarancji<\/b><br \/>\n12 miesi\u0119cy po otrzymaniu produktu przez u\u017cytkownika.<br \/>\n<b>Elementy obj\u0119te gwarancj\u0105<\/b><br \/>\nTylko w przypadku nienormalnej awarii spowodowanej wad\u0105 konstrukcyjn\u0105 lub produkcyjn\u0105 maszyny,<br \/>\nzapewniona zostanie bezp\u0142atna naprawa i akcesoria.<br \/>\n<b>Zdolno\u015b\u0107 do obs\u0142ugi technologii<\/b><br \/>\nWszyscy in\u017cynierowie serwisu z wieloletnim do\u015bwiadczeniem przeszli specjalne szkolenie technologiczne, kt\u00f3re pozwala im radzi\u0107 sobie z r\u00f3\u017cnymi problemami zwi\u0105zanymi z awariami.<br \/>\nWskaz\u00f3wki dla u\u017cytkownika dotycz\u0105ce prawid\u0142owego u\u017cytkowania i konserwacji produktu.<br \/>\nZapewnienie bezp\u0142atnych konsultacji na temat technologii procesu produkcji produkt\u00f3w elektronicznych.<br \/>\n<b>Serwis po sprzeda\u017cy<\/b><br \/>\nAby zagwarantowa\u0107 normalne u\u017cytkowanie maszyny, przeprowadzamy szkolenie w zakresie obs\u0142ugi, u\u017cytkowania i konserwacji naszego produktu za pomoc\u0105 angielskiej instrukcji obs\u0142ugi, wideo, przewodnika online.<br \/>\n<b>Instrukcja u\u017cytkowania<\/b><br \/>\nZastosuj odpowiedni rozmiar produktu, w przeciwnym razie niew\u0142a\u015bciwe wymiary wp\u0142yn\u0105 na efekt u\u017cytkowania.<br \/>\nNale\u017cy upewni\u0107 si\u0119, \u017ce produkt jest w pe\u0142ni zgodny z instrukcj\u0105 u\u017cytkowania. Nie nale\u017cy przekracza\u0107 zakresu stosowania produkt\u00f3w.<br \/>\nUtrzymuj produkt po u\u017cyciu, odporny na wilgo\u0107, odporny na rdz\u0119, szczelny, przeciwwybuchowy, nale\u017cy zadba\u0107 o regularn\u0105 konserwacj\u0119 i kontrol\u0119. Wszystko to pomaga wyd\u0142u\u017cy\u0107 okres u\u017cytkowania.<br \/>\n<b>Zarz\u0105dzanie dokumentami u\u017cytkownika<\/b><br \/>\nUstanowienie doskona\u0142ego zarz\u0105dzania dokumentami u\u017cytkownik\u00f3w w systemie EPR, zarz\u0105dzanie szczeg\u00f3\u0142ami dotycz\u0105cymi ka\u017cdego produktu. U\u017cytkownicy b\u0119d\u0105 pod dobr\u0105 opiek\u0105.<br \/>\n<b>Informacje o produkcie<\/b><br \/>\n1. Zdj\u0119cie produktu: Wszystkie zdj\u0119cia produkt\u00f3w s\u0105 robione przez prawdziwy produkt, istnieje aberracja kolor\u00f3w mi\u0119dzy produktem a zdj\u0119ciem, kt\u00f3ra jest spowodowana \u015bwiat\u0142em fotografowania, rozmiarem produktu, technologi\u0105 r\u0119czn\u0105 i wy\u015bwietlaczem komputera itp. Nie jest to problem z jako\u015bci\u0105. Cz\u0119\u015bci produkt\u00f3w<br \/>\ns\u0105 zmieniane pod wzgl\u0119dem wygl\u0105du ze wzgl\u0119du na rewolucj\u0119 technologiczn\u0105 i popraw\u0119 procesu. SanShine zapewni, \u017ce parametry produktu pozostan\u0105 niezmienione, produkt nie b\u0119dzie mia\u0142 wp\u0142ywu na u\u017cytkowanie.<br \/>\n2. rozmiar produktu: Wszystkie parametry s\u0105 mierzone r\u0119cznie tylko w celach informacyjnych. Istnieje niewielkie odchylenie ze wzgl\u0119du na r\u00f3\u017cnic\u0119 narz\u0119dzi pomiarowych, partii produkt\u00f3w i procesu produkcji. Rzeczywisty rozmiar powinien by\u0107 zgodny z ostatecznym produktem dostawy.<br \/>\n3. kontrola jako\u015bci: Wszystkie produkty powinny by\u0107 dok\u0142adnie sprawdzone przed wysy\u0142k\u0105. Zapewnij dobr\u0105 funkcj\u0119 i wygl\u0105d.<\/p>\n<h2>Wideo z Vacuz Machine<\/h2>\n<p><iframe loading=\"lazy\" title=\"Vacuz Automatic Big Transformer Bobbin Coil Linear Winding Machine\" width=\"1200\" height=\"675\" src=\"https:\/\/www.youtube.com\/embed\/947oMHBhF9A?feature=oembed\" frameborder=\"0\" allow=\"accelerometer; autoplay; clipboard-write; encrypted-media; gyroscope; picture-in-picture; web-share\" referrerpolicy=\"strict-origin-when-cross-origin\" allowfullscreen><\/iframe><\/p>\n<\/div>","protected":false},"excerpt":{"rendered":"<p>High Torque Single Spindle Semi Automatic Transformer Bobbin Heating Coil Winding Machine For Mica Heating Element This device uses a computer CNC control system to precisely locate the spindle by CPLD decoding and speed measurement. It is equipped with a stepper motor with a constant current chopper to drive the wiring. It is fast and [&hellip;]<\/p>\n","protected":false},"featured_media":6884,"template":"","meta":{"_gspb_post_css":"","_joinchat":[]},"product_brand":[],"product_cat":[796,778],"product_tag":[248,365],"class_list":{"0":"post-6881","1":"product","2":"type-product","3":"status-publish","4":"has-post-thumbnail","6":"product_cat-semi-automatic-transformer-coil-winding-machine","7":"product_cat-transformer-coil-production-machine","8":"product_tag-coil-winding-machine","9":"product_tag-transformer-bobbin-winding-machine","11":"first","12":"instock","13":"featured","14":"shipping-taxable","15":"product-type-simple"},"_links":{"self":[{"href":"https:\/\/vacuz.com\/pl\/wp-json\/wp\/v2\/product\/6881","targetHints":{"allow":["GET"]}}],"collection":[{"href":"https:\/\/vacuz.com\/pl\/wp-json\/wp\/v2\/product"}],"about":[{"href":"https:\/\/vacuz.com\/pl\/wp-json\/wp\/v2\/types\/product"}],"wp:featuredmedia":[{"embeddable":true,"href":"https:\/\/vacuz.com\/pl\/wp-json\/wp\/v2\/media\/6884"}],"wp:attachment":[{"href":"https:\/\/vacuz.com\/pl\/wp-json\/wp\/v2\/media?parent=6881"}],"wp:term":[{"taxonomy":"product_brand","embeddable":true,"href":"https:\/\/vacuz.com\/pl\/wp-json\/wp\/v2\/product_brand?post=6881"},{"taxonomy":"product_cat","embeddable":true,"href":"https:\/\/vacuz.com\/pl\/wp-json\/wp\/v2\/product_cat?post=6881"},{"taxonomy":"product_tag","embeddable":true,"href":"https:\/\/vacuz.com\/pl\/wp-json\/wp\/v2\/product_tag?post=6881"}],"curies":[{"name":"wp","href":"https:\/\/api.w.org\/{rel}","templated":true}]}}