{"id":4377,"date":"2022-02-09T09:08:08","date_gmt":"2022-02-09T09:08:08","guid":{"rendered":"https:\/\/vacuz.com\/?post_type=product&#038;p=4377"},"modified":"2025-10-22T14:40:28","modified_gmt":"2025-10-22T14:40:28","slug":"fully-automatic-transformer-bobbin-coil-inductor-tin-soldering-welding-machine-can-add-auto-feeding-device","status":"publish","type":"product","link":"https:\/\/vacuz.com\/pt\/product\/fully-automatic-transformer-bobbin-coil-inductor-tin-soldering-welding-machine-can-add-auto-feeding-device\/","title":{"rendered":"M\u00e1quina de solda de estanho para indutor de bobina de transformador totalmente autom\u00e1tica pode adicionar dispositivo de alimenta\u00e7\u00e3o autom\u00e1tica"},"content":{"rendered":"<h2>M\u00e1quina de solda de estanho para indutor de bobina de transformador totalmente autom\u00e1tica pode adicionar dispositivo de alimenta\u00e7\u00e3o autom\u00e1tica<\/h2>\n<h3>Machine Feature:<\/h3>\n<div>\n<ul>\n<li><strong>The sensor probe detects the tin surface, automatically detects the height of the tin surface and records the height of the tin surface by itself.<\/strong><\/li>\n<li><strong>Flux external storage box with valve control, also can choose automatic circulation device, flux tank upper and lower layer for the split type, easy to clean.<\/strong><\/li>\n<li><strong>Scraping tin can be automatically scraped to the tin dross tank.<\/strong><\/li>\n<li><strong>Conveyor belt manual feeding, mainly for the high-end products pin soldering, can adjust the width and height of the products put on the conveyor line, according to customer requirements docking assembly line, in order to achieve the purpose of saving labor.<\/strong><\/li>\n<li><strong>For small amount of products, many varieties, different sizes, can choose to use multiple pneumatic gripper.<\/strong><\/li>\n<\/ul>\n<h3>Machine Application:<\/h3>\n<p><img loading=\"lazy\" decoding=\"async\" class=\"wp-image-4382\" src=\"https:\/\/vacuz.com\/wp-content\/uploads\/2022\/02\/Automatic-Transformer-Bobbin-Coil-Tin-Soldering-Machine-5.jpg\" alt=\"M\u00e1quina autom\u00e1tica de solda de estanho em bobina de transformador\" width=\"920\" height=\"113\" title=\"M\u00e1quina de solda de estanho para indutor de bobina de transformador totalmente autom\u00e1tica pode adicionar dispositivo de alimenta\u00e7\u00e3o autom\u00e1tica\" srcset=\"https:\/\/vacuz.com\/wp-content\/uploads\/2022\/02\/Automatic-Transformer-Bobbin-Coil-Tin-Soldering-Machine-5.jpg 635w, https:\/\/vacuz.com\/wp-content\/uploads\/2022\/02\/Automatic-Transformer-Bobbin-Coil-Tin-Soldering-Machine-5-500x61.jpg 500w, https:\/\/vacuz.com\/wp-content\/uploads\/2022\/02\/Automatic-Transformer-Bobbin-Coil-Tin-Soldering-Machine-5-600x74.jpg 600w, https:\/\/vacuz.com\/wp-content\/uploads\/2022\/02\/Automatic-Transformer-Bobbin-Coil-Tin-Soldering-Machine-5-300x37.jpg 300w, https:\/\/vacuz.com\/wp-content\/uploads\/2022\/02\/Automatic-Transformer-Bobbin-Coil-Tin-Soldering-Machine-5-18x2.jpg 18w, https:\/\/vacuz.com\/wp-content\/uploads\/2022\/02\/Automatic-Transformer-Bobbin-Coil-Tin-Soldering-Machine-5-200x25.jpg 200w, https:\/\/vacuz.com\/wp-content\/uploads\/2022\/02\/Automatic-Transformer-Bobbin-Coil-Tin-Soldering-Machine-5-400x49.jpg 400w\" sizes=\"auto, (max-width: 920px) 100vw, 920px\" \/><\/p>\n<h3>Soldering Machine Technical Parameters:<\/h3>\n<p>1\u3001Used for vertical and horizontal transformer, inductor coil and I type inductor pin on the tin work.<\/p>\n<p>2\u3001Vibration automatic loading, automatic material grabbing, automatic flux sticking, automatic soldering (with flip), automatic return. Can add a manual material swinging work (for small quantity orders).<\/p>\n<p>3\u3001Soldering product features include setting the soldering angle (to achieve the front and back of the wire package side welding, up and down flat welding), height, angle, time, cleaning pins, automatic detection of liquid height, multiple rosin, multiple soldering and other functions.<\/p>\n<p>4\u3001Equipment to achieve a key to start \/ stop function, when the equipment failure, the sound and light alarm. Equipment design basic local \/ online, start, stop emergency stop, pause and other necessary mechanical buttons.<\/p>\n<p>5\u3001The equipment material is made of high quality material, safe, reliable, durable and easy to clean, the inner lining of the tin furnace and tin rake are made of lead-free titanium alloy, which is environmentally friendly and durable. Equipment with tin ash collection box, the box is easy to pick up and clean.<\/p>\n<p>6\u3001Equipment surrounded by safety flaps and safety doors, easy and simple to operate; the top has a fan to exhaust smoke.<\/p>\n<p>7, the main configuration of the equipment: multi-functional motion controller, 7-inch touch screen (Willon), servo motor plus stepper motor, silk rifle, slide rail (TBI), cylinder (Adecker \/ Star optional), photoelectric switch (gas can \/ SMC optional) are used at home and abroad well-known brands.<\/p>\n<p>8\u3001The size of the machine (L960*W680*H1350) is about, error \u00b120. Unit: mm<\/p>\n<h3>Machine Details:<\/h3>\n<p><img loading=\"lazy\" decoding=\"async\" class=\"wp-image-4378\" src=\"https:\/\/vacuz.com\/wp-content\/uploads\/2022\/02\/Automatic-Transformer-Bobbin-Coil-Tin-Soldering-Machine-1.jpg\" alt=\"M\u00e1quina autom\u00e1tica de solda de estanho em bobina de transformador\" width=\"569\" height=\"759\" title=\"M\u00e1quina de solda de estanho para indutor de bobina de transformador totalmente autom\u00e1tica pode adicionar dispositivo de alimenta\u00e7\u00e3o autom\u00e1tica\" srcset=\"https:\/\/vacuz.com\/wp-content\/uploads\/2022\/02\/Automatic-Transformer-Bobbin-Coil-Tin-Soldering-Machine-1.jpg 450w, https:\/\/vacuz.com\/wp-content\/uploads\/2022\/02\/Automatic-Transformer-Bobbin-Coil-Tin-Soldering-Machine-1-225x300.jpg 225w, https:\/\/vacuz.com\/wp-content\/uploads\/2022\/02\/Automatic-Transformer-Bobbin-Coil-Tin-Soldering-Machine-1-9x12.jpg 9w, https:\/\/vacuz.com\/wp-content\/uploads\/2022\/02\/Automatic-Transformer-Bobbin-Coil-Tin-Soldering-Machine-1-200x267.jpg 200w, https:\/\/vacuz.com\/wp-content\/uploads\/2022\/02\/Automatic-Transformer-Bobbin-Coil-Tin-Soldering-Machine-1-400x533.jpg 400w\" sizes=\"auto, (max-width: 569px) 100vw, 569px\" \/><\/p>\n<p><img loading=\"lazy\" decoding=\"async\" class=\"wp-image-4379\" src=\"https:\/\/vacuz.com\/wp-content\/uploads\/2022\/02\/Automatic-Transformer-Bobbin-Coil-Tin-Soldering-Machine-2.jpg\" alt=\"M\u00e1quina autom\u00e1tica de solda de estanho em bobina de transformador\" width=\"572\" height=\"763\" title=\"M\u00e1quina de solda de estanho para indutor de bobina de transformador totalmente autom\u00e1tica pode adicionar dispositivo de alimenta\u00e7\u00e3o autom\u00e1tica\" srcset=\"https:\/\/vacuz.com\/wp-content\/uploads\/2022\/02\/Automatic-Transformer-Bobbin-Coil-Tin-Soldering-Machine-2.jpg 450w, https:\/\/vacuz.com\/wp-content\/uploads\/2022\/02\/Automatic-Transformer-Bobbin-Coil-Tin-Soldering-Machine-2-225x300.jpg 225w, https:\/\/vacuz.com\/wp-content\/uploads\/2022\/02\/Automatic-Transformer-Bobbin-Coil-Tin-Soldering-Machine-2-9x12.jpg 9w, https:\/\/vacuz.com\/wp-content\/uploads\/2022\/02\/Automatic-Transformer-Bobbin-Coil-Tin-Soldering-Machine-2-200x267.jpg 200w, https:\/\/vacuz.com\/wp-content\/uploads\/2022\/02\/Automatic-Transformer-Bobbin-Coil-Tin-Soldering-Machine-2-400x533.jpg 400w\" sizes=\"auto, (max-width: 572px) 100vw, 572px\" \/><\/p>\n<p><img loading=\"lazy\" decoding=\"async\" class=\"wp-image-4380\" src=\"https:\/\/vacuz.com\/wp-content\/uploads\/2022\/02\/Automatic-Transformer-Bobbin-Coil-Tin-Soldering-Machine-3.jpg\" alt=\"M\u00e1quina autom\u00e1tica de solda de estanho em bobina de transformador\" width=\"573\" height=\"764\" title=\"M\u00e1quina de solda de estanho para indutor de bobina de transformador totalmente autom\u00e1tica pode adicionar dispositivo de alimenta\u00e7\u00e3o autom\u00e1tica\" srcset=\"https:\/\/vacuz.com\/wp-content\/uploads\/2022\/02\/Automatic-Transformer-Bobbin-Coil-Tin-Soldering-Machine-3.jpg 450w, https:\/\/vacuz.com\/wp-content\/uploads\/2022\/02\/Automatic-Transformer-Bobbin-Coil-Tin-Soldering-Machine-3-225x300.jpg 225w, https:\/\/vacuz.com\/wp-content\/uploads\/2022\/02\/Automatic-Transformer-Bobbin-Coil-Tin-Soldering-Machine-3-9x12.jpg 9w, https:\/\/vacuz.com\/wp-content\/uploads\/2022\/02\/Automatic-Transformer-Bobbin-Coil-Tin-Soldering-Machine-3-200x267.jpg 200w, https:\/\/vacuz.com\/wp-content\/uploads\/2022\/02\/Automatic-Transformer-Bobbin-Coil-Tin-Soldering-Machine-3-400x533.jpg 400w\" sizes=\"auto, (max-width: 573px) 100vw, 573px\" \/><\/p>\n<p><img loading=\"lazy\" decoding=\"async\" class=\"wp-image-4381\" src=\"https:\/\/vacuz.com\/wp-content\/uploads\/2022\/02\/Automatic-Transformer-Bobbin-Coil-Tin-Soldering-Machine-4.jpg\" alt=\"M\u00e1quina autom\u00e1tica de solda de estanho em bobina de transformador\" width=\"575\" height=\"767\" title=\"M\u00e1quina de solda de estanho para indutor de bobina de transformador totalmente autom\u00e1tica pode adicionar dispositivo de alimenta\u00e7\u00e3o autom\u00e1tica\" srcset=\"https:\/\/vacuz.com\/wp-content\/uploads\/2022\/02\/Automatic-Transformer-Bobbin-Coil-Tin-Soldering-Machine-4.jpg 450w, https:\/\/vacuz.com\/wp-content\/uploads\/2022\/02\/Automatic-Transformer-Bobbin-Coil-Tin-Soldering-Machine-4-225x300.jpg 225w, https:\/\/vacuz.com\/wp-content\/uploads\/2022\/02\/Automatic-Transformer-Bobbin-Coil-Tin-Soldering-Machine-4-9x12.jpg 9w, https:\/\/vacuz.com\/wp-content\/uploads\/2022\/02\/Automatic-Transformer-Bobbin-Coil-Tin-Soldering-Machine-4-200x267.jpg 200w, https:\/\/vacuz.com\/wp-content\/uploads\/2022\/02\/Automatic-Transformer-Bobbin-Coil-Tin-Soldering-Machine-4-400x533.jpg 400w\" sizes=\"auto, (max-width: 575px) 100vw, 575px\" \/><\/p>\n<\/div>\n<h2><span style=\"font-size: 23.04px;\">Informa\u00e7\u00f5es sobre a empresa<\/span><\/h2>\n<div>\n<p><strong>A Vacuz Machine Factory foi fundada em maio de 2007 e est\u00e1 localizada na cidade de Dongguan, na prov\u00edncia de Guangdong. \u00c9 um fabricante profissional que se dedica \u00e0 pesquisa, ao desenvolvimento, \u00e0 produ\u00e7\u00e3o, \u00e0 venda e ao servi\u00e7o de m\u00e1quinas de enrolamento autom\u00e1tico, m\u00e1quina de enrolamento de bobina, m\u00e1quina de enrolamento de transformador, m\u00e1quina de enrolamento de motor, m\u00e1quina de enrolamento de bobina sem fio, m\u00e1quina de enrolamento de indutor de choke de modo comum SQ e outras m\u00e1quinas de enrolamento n\u00e3o padr\u00e3o. Vendendo bem em todas as cidades e prov\u00edncias da China, nossos produtos tamb\u00e9m s\u00e3o exportados para clientes em pa\u00edses e regi\u00f5es como Oriente M\u00e9dio, Europa, \u00c1frica, \u00c1sia e Am\u00e9rica do Norte. Seja para selecionar um produto atual do nosso cat\u00e1logo ou buscar assist\u00eancia de engenharia para a sua aplica\u00e7\u00e3o, voc\u00ea pode falar com o nosso centro de atendimento ao cliente sobre as suas necessidades de fornecimento. Qualidade \u00e9 a nossa cultura! Esperamos sua coopera\u00e7\u00e3o em breve!<\/strong><\/p>\n<p><img loading=\"lazy\" decoding=\"async\" class=\"alignnone size-full wp-image-4136\" src=\"https:\/\/vacuz.com\/wp-content\/uploads\/2022\/01\/Company-info-1.jpg\" alt=\"Informa\u00e7\u00f5es sobre a empresa 1\" width=\"1200\" height=\"800\" title=\"M\u00e1quina de solda de estanho para indutor de bobina de transformador totalmente autom\u00e1tica pode adicionar dispositivo de alimenta\u00e7\u00e3o autom\u00e1tica\" srcset=\"https:\/\/vacuz.com\/wp-content\/uploads\/2022\/01\/Company-info-1.jpg 1200w, https:\/\/vacuz.com\/wp-content\/uploads\/2022\/01\/Company-info-1-500x333.jpg 500w, https:\/\/vacuz.com\/wp-content\/uploads\/2022\/01\/Company-info-1-700x467.jpg 700w, https:\/\/vacuz.com\/wp-content\/uploads\/2022\/01\/Company-info-1-300x200.jpg 300w, https:\/\/vacuz.com\/wp-content\/uploads\/2022\/01\/Company-info-1-1024x683.jpg 1024w, https:\/\/vacuz.com\/wp-content\/uploads\/2022\/01\/Company-info-1-768x512.jpg 768w, https:\/\/vacuz.com\/wp-content\/uploads\/2022\/01\/Company-info-1-18x12.jpg 18w, https:\/\/vacuz.com\/wp-content\/uploads\/2022\/01\/Company-info-1-200x133.jpg 200w, https:\/\/vacuz.com\/wp-content\/uploads\/2022\/01\/Company-info-1-400x267.jpg 400w, https:\/\/vacuz.com\/wp-content\/uploads\/2022\/01\/Company-info-1-600x400.jpg 600w, https:\/\/vacuz.com\/wp-content\/uploads\/2022\/01\/Company-info-1-800x533.jpg 800w\" sizes=\"auto, (max-width: 1200px) 100vw, 1200px\" \/><\/p>\n<p><img loading=\"lazy\" decoding=\"async\" class=\"size-full wp-image-4126\" src=\"https:\/\/vacuz.com\/wp-content\/uploads\/2022\/01\/Company-info.jpg\" alt=\"Informa\u00e7\u00f5es sobre a empresa Vacuz\" width=\"1754\" height=\"1241\" title=\"M\u00e1quina de solda de estanho para indutor de bobina de transformador totalmente autom\u00e1tica pode adicionar dispositivo de alimenta\u00e7\u00e3o autom\u00e1tica\" srcset=\"https:\/\/vacuz.com\/wp-content\/uploads\/2022\/01\/Company-info.jpg 1754w, https:\/\/vacuz.com\/wp-content\/uploads\/2022\/01\/Company-info-500x354.jpg 500w, https:\/\/vacuz.com\/wp-content\/uploads\/2022\/01\/Company-info-700x495.jpg 700w, https:\/\/vacuz.com\/wp-content\/uploads\/2022\/01\/Company-info-300x212.jpg 300w, https:\/\/vacuz.com\/wp-content\/uploads\/2022\/01\/Company-info-1024x725.jpg 1024w, https:\/\/vacuz.com\/wp-content\/uploads\/2022\/01\/Company-info-768x543.jpg 768w, https:\/\/vacuz.com\/wp-content\/uploads\/2022\/01\/Company-info-1536x1087.jpg 1536w, https:\/\/vacuz.com\/wp-content\/uploads\/2022\/01\/Company-info-18x12.jpg 18w, https:\/\/vacuz.com\/wp-content\/uploads\/2022\/01\/Company-info-200x142.jpg 200w, https:\/\/vacuz.com\/wp-content\/uploads\/2022\/01\/Company-info-400x283.jpg 400w, https:\/\/vacuz.com\/wp-content\/uploads\/2022\/01\/Company-info-600x425.jpg 600w, https:\/\/vacuz.com\/wp-content\/uploads\/2022\/01\/Company-info-800x566.jpg 800w, https:\/\/vacuz.com\/wp-content\/uploads\/2022\/01\/Company-info-1200x849.jpg 1200w\" sizes=\"auto, (max-width: 1754px) 100vw, 1754px\" \/><\/p>\n<p><img loading=\"lazy\" decoding=\"async\" class=\"size-full wp-image-4132\" src=\"https:\/\/vacuz.com\/wp-content\/uploads\/2022\/01\/\u5408\u4f5c\u4f19\u4f34.jpg\" alt=\"Parceiros\" width=\"1200\" height=\"555\" title=\"M\u00e1quina de solda de estanho para indutor de bobina de transformador totalmente autom\u00e1tica pode adicionar dispositivo de alimenta\u00e7\u00e3o autom\u00e1tica\" srcset=\"https:\/\/vacuz.com\/wp-content\/uploads\/2022\/01\/\u5408\u4f5c\u4f19\u4f34.jpg 1200w, https:\/\/vacuz.com\/wp-content\/uploads\/2022\/01\/\u5408\u4f5c\u4f19\u4f34-500x231.jpg 500w, https:\/\/vacuz.com\/wp-content\/uploads\/2022\/01\/\u5408\u4f5c\u4f19\u4f34-700x324.jpg 700w, https:\/\/vacuz.com\/wp-content\/uploads\/2022\/01\/\u5408\u4f5c\u4f19\u4f34-300x139.jpg 300w, https:\/\/vacuz.com\/wp-content\/uploads\/2022\/01\/\u5408\u4f5c\u4f19\u4f34-1024x474.jpg 1024w, https:\/\/vacuz.com\/wp-content\/uploads\/2022\/01\/\u5408\u4f5c\u4f19\u4f34-768x355.jpg 768w, https:\/\/vacuz.com\/wp-content\/uploads\/2022\/01\/\u5408\u4f5c\u4f19\u4f34-18x8.jpg 18w, https:\/\/vacuz.com\/wp-content\/uploads\/2022\/01\/\u5408\u4f5c\u4f19\u4f34-200x93.jpg 200w, https:\/\/vacuz.com\/wp-content\/uploads\/2022\/01\/\u5408\u4f5c\u4f19\u4f34-400x185.jpg 400w, https:\/\/vacuz.com\/wp-content\/uploads\/2022\/01\/\u5408\u4f5c\u4f19\u4f34-600x278.jpg 600w, https:\/\/vacuz.com\/wp-content\/uploads\/2022\/01\/\u5408\u4f5c\u4f19\u4f34-800x370.jpg 800w\" sizes=\"auto, (max-width: 1200px) 100vw, 1200px\" \/><\/p>\n<p><img loading=\"lazy\" decoding=\"async\" class=\"size-full wp-image-4127\" src=\"https:\/\/vacuz.com\/wp-content\/uploads\/2022\/01\/Jeltecn\u8ba4\u8bc1.jpg\" alt=\"Certificado Vacuz\" width=\"1200\" height=\"549\" title=\"M\u00e1quina de solda de estanho para indutor de bobina de transformador totalmente autom\u00e1tica pode adicionar dispositivo de alimenta\u00e7\u00e3o autom\u00e1tica\" srcset=\"https:\/\/vacuz.com\/wp-content\/uploads\/2022\/01\/Jeltecn\u8ba4\u8bc1.jpg 1200w, https:\/\/vacuz.com\/wp-content\/uploads\/2022\/01\/Jeltecn\u8ba4\u8bc1-500x229.jpg 500w, https:\/\/vacuz.com\/wp-content\/uploads\/2022\/01\/Jeltecn\u8ba4\u8bc1-700x320.jpg 700w, https:\/\/vacuz.com\/wp-content\/uploads\/2022\/01\/Jeltecn\u8ba4\u8bc1-300x137.jpg 300w, https:\/\/vacuz.com\/wp-content\/uploads\/2022\/01\/Jeltecn\u8ba4\u8bc1-1024x468.jpg 1024w, https:\/\/vacuz.com\/wp-content\/uploads\/2022\/01\/Jeltecn\u8ba4\u8bc1-768x351.jpg 768w, https:\/\/vacuz.com\/wp-content\/uploads\/2022\/01\/Jeltecn\u8ba4\u8bc1-18x8.jpg 18w, https:\/\/vacuz.com\/wp-content\/uploads\/2022\/01\/Jeltecn\u8ba4\u8bc1-200x92.jpg 200w, https:\/\/vacuz.com\/wp-content\/uploads\/2022\/01\/Jeltecn\u8ba4\u8bc1-400x183.jpg 400w, https:\/\/vacuz.com\/wp-content\/uploads\/2022\/01\/Jeltecn\u8ba4\u8bc1-600x275.jpg 600w, https:\/\/vacuz.com\/wp-content\/uploads\/2022\/01\/Jeltecn\u8ba4\u8bc1-800x366.jpg 800w\" sizes=\"auto, (max-width: 1200px) 100vw, 1200px\" \/><\/p>\n<h2>Embalagem e remessa<\/h2>\n<p><strong>1. porto: Xangai\/Shenzhen ou sua escolha<\/strong><\/p>\n<p><strong>Embalagem e transporte<\/strong><br \/>\n<strong>Embalagem geral (caixa de papel ou saco pl\u00e1stico): Para mercadorias pequenas, embale-as com formul\u00e1rio e papel de embalagem para garantir que n\u00e3o sejam quebradas durante o transporte.<\/strong><br \/>\n<strong>Embalagem em caixa de madeira: Para mercadorias de maior escala, como equipamentos de m\u00e1quinas etc., temos um carpinteiro especializado, que far\u00e1 a caixa de madeira adequada com espessura, densidade e comprimento exatos. A seta para cima \u2191 est\u00e1 marcada na caixa de madeira externa. Um material de amortecimento seria colocado na caixa de madeira para evitar rachaduras e choques. N\u00f3s lhe informaremos a nota de entrega. Voc\u00ea s\u00f3 precisa aguardar a liga\u00e7\u00e3o telef\u00f4nica e retirar a mercadoria na esta\u00e7\u00e3o log\u00edstica mais pr\u00f3xima (avise-me com anteced\u00eancia se quiser receber a mercadoria em casa).<\/strong><\/p>\n<p><img loading=\"lazy\" decoding=\"async\" class=\"size-full wp-image-4124\" src=\"https:\/\/vacuz.com\/wp-content\/uploads\/2022\/01\/Winding-Machine-Shipping-and-packing-4.jpg\" alt=\"Enrolador Envio e embalagem-4\" width=\"1512\" height=\"2016\" title=\"M\u00e1quina de solda de estanho para indutor de bobina de transformador totalmente autom\u00e1tica pode adicionar dispositivo de alimenta\u00e7\u00e3o autom\u00e1tica\" srcset=\"https:\/\/vacuz.com\/wp-content\/uploads\/2022\/01\/Winding-Machine-Shipping-and-packing-4.jpg 1512w, https:\/\/vacuz.com\/wp-content\/uploads\/2022\/01\/Winding-Machine-Shipping-and-packing-4-500x667.jpg 500w, https:\/\/vacuz.com\/wp-content\/uploads\/2022\/01\/Winding-Machine-Shipping-and-packing-4-700x933.jpg 700w, https:\/\/vacuz.com\/wp-content\/uploads\/2022\/01\/Winding-Machine-Shipping-and-packing-4-225x300.jpg 225w, https:\/\/vacuz.com\/wp-content\/uploads\/2022\/01\/Winding-Machine-Shipping-and-packing-4-768x1024.jpg 768w, https:\/\/vacuz.com\/wp-content\/uploads\/2022\/01\/Winding-Machine-Shipping-and-packing-4-1152x1536.jpg 1152w, https:\/\/vacuz.com\/wp-content\/uploads\/2022\/01\/Winding-Machine-Shipping-and-packing-4-9x12.jpg 9w, https:\/\/vacuz.com\/wp-content\/uploads\/2022\/01\/Winding-Machine-Shipping-and-packing-4-200x267.jpg 200w, https:\/\/vacuz.com\/wp-content\/uploads\/2022\/01\/Winding-Machine-Shipping-and-packing-4-400x533.jpg 400w, https:\/\/vacuz.com\/wp-content\/uploads\/2022\/01\/Winding-Machine-Shipping-and-packing-4-600x800.jpg 600w, https:\/\/vacuz.com\/wp-content\/uploads\/2022\/01\/Winding-Machine-Shipping-and-packing-4-800x1067.jpg 800w, https:\/\/vacuz.com\/wp-content\/uploads\/2022\/01\/Winding-Machine-Shipping-and-packing-4-1200x1600.jpg 1200w\" sizes=\"auto, (max-width: 1512px) 100vw, 1512px\" \/><\/p>\n<p>&nbsp;<\/p>\n<h2>Vacuz Service &amp; Strength<\/h2>\n<p><b data-spm-anchor-id=\"a2700.details.0.i31.182f594ewjEnUT\">Princ\u00edpio de servi\u00e7o<\/b><br \/>\nFornecer a voc\u00ea o melhor servi\u00e7o com \"r\u00e1pido + satisfat\u00f3rio + seguro\".<br \/>\n<b>Per\u00edodo de garantia<\/b><br \/>\n12 meses ap\u00f3s o usu\u00e1rio ter recebido o produto.<br \/>\n<b>Itens de garantia<\/b><br \/>\nSomente para avarias anormais causadas por defeito de projeto ou fabrica\u00e7\u00e3o da m\u00e1quina,<br \/>\nser\u00e3o fornecidos reparos e acess\u00f3rios gratuitos.<br \/>\n<b>Capacidade de servi\u00e7o de tecnologia<\/b><br \/>\nTodos os engenheiros de servi\u00e7o com muitos anos de experi\u00eancia receberam treinamento em tecnologia especial e podem lidar com v\u00e1rios problemas de avarias.<br \/>\nOriente o usu\u00e1rio a usar o produto com precis\u00e3o e a fazer a manuten\u00e7\u00e3o.<br \/>\nFornecer consultoria gratuita sobre a tecnologia do processo de produ\u00e7\u00e3o de produtos eletr\u00f4nicos.<br \/>\n<b>Servi\u00e7o p\u00f3s-venda<\/b><br \/>\nPara garantir que a m\u00e1quina seja usada normalmente, oferecemos treinamento sobre como operar, usar e manter nosso produto por meio de manual em ingl\u00eas, v\u00eddeo e orienta\u00e7\u00e3o on-line.<br \/>\n<b>Instru\u00e7\u00f5es de uso<\/b><br \/>\nSolicite o tamanho completo correto do produto, caso contr\u00e1rio, as dimens\u00f5es incorretas afetar\u00e3o o efeito do uso.<br \/>\nCertifique-se de usar o produto de acordo com as instru\u00e7\u00f5es de uso na \u00edntegra e n\u00e3o exceda o escopo de aplica\u00e7\u00e3o dos produtos.<br \/>\nFa\u00e7a a manuten\u00e7\u00e3o do produto ap\u00f3s o uso, \u00e0 prova de umidade, ferrugem, vazamento, explos\u00e3o, manuten\u00e7\u00e3o e inspe\u00e7\u00e3o regulares. Tudo isso ajuda a prolongar o per\u00edodo de uso.<br \/>\n<b>Gerenciamento de documentos do usu\u00e1rio<\/b><br \/>\nEstabelecer um gerenciamento perfeito dos documentos do usu\u00e1rio no sistema EPR. Todos os detalhes de execu\u00e7\u00e3o de cada produto seriam seguidos para o gerenciamento. Os usu\u00e1rios seriam bem cuidados.<br \/>\n<b>Sobre o produto<\/b><br \/>\n1. Foto do produto: Todas as fotos do produto s\u00e3o tiradas com o produto real. Existe uma aberra\u00e7\u00e3o de cor entre o produto e a foto, que \u00e9 causada pela luz da foto, pelo tamanho do produto, pela tecnologia manual e pela tela do computador etc. N\u00e3o se trata de um problema de qualidade. Partes dos produtos<br \/>\ns\u00e3o alterados em sua apar\u00eancia devido \u00e0 revolu\u00e7\u00e3o tecnol\u00f3gica e \u00e0 melhoria do processo. A SanShine garante que os par\u00e2metros do produto permane\u00e7am inalterados e que o uso do produto n\u00e3o seja afetado.<br \/>\n2. tamanho do produto: Todos os par\u00e2metros s\u00e3o medidos manualmente, apenas para refer\u00eancia. H\u00e1 um pequeno desvio devido \u00e0 diferen\u00e7a entre as ferramentas de medi\u00e7\u00e3o, os lotes de produtos e o processo de produ\u00e7\u00e3o. O tamanho real deve estar de acordo com o produto final entregue.<br \/>\n3. inspe\u00e7\u00e3o de qualidade: Todos os produtos devem ser inspecionados rigorosamente antes do envio. Garanta a boa fun\u00e7\u00e3o e a boa apar\u00eancia.<\/p>\n<h2>V\u00eddeo da m\u00e1quina Vacuz<\/h2>\n<p><iframe loading=\"lazy\" title=\"China Made E54 Transformer Coil Bobbin Automatic Tin Dip Soldering Welding Machine 400\u2103 Furnace\" width=\"1200\" height=\"675\" src=\"https:\/\/www.youtube.com\/embed\/l4YBRCNEb_k?feature=oembed\" frameborder=\"0\" allow=\"accelerometer; autoplay; clipboard-write; encrypted-media; gyroscope; picture-in-picture\" allowfullscreen><\/iframe><\/p>\n<\/div>","protected":false},"excerpt":{"rendered":"<p>Fully Automatic Transformer Bobbin Coil Inductor Tin Soldering Welding Machine Can Add Auto Feeding Device Machine Feature: The sensor probe detects the tin surface, automatically detects the height of the tin surface and records the height of the tin surface by itself. Flux external storage box with valve control, also can choose automatic circulation device, [&hellip;]<\/p>\n","protected":false},"featured_media":4379,"template":"","meta":{"_gspb_post_css":"","_joinchat":[]},"product_brand":[],"product_cat":[804,803,779,778],"product_tag":[272,273,275,245],"class_list":{"0":"post-4377","1":"product","2":"type-product","3":"status-publish","4":"has-post-thumbnail","6":"product_cat-automatic-toroidal-coil-soldering-machine","7":"product_cat-automatic-transformer-coil-soldering-machine","8":"product_cat-toroidal-coil-production-machine","9":"product_cat-transformer-coil-production-machine","10":"product_tag-automatic-soldering-machine","11":"product_tag-transformer-bobbin-coil-winidng-soldering","12":"product_tag-transformer-tin-soldering-machine","13":"product_tag-transformer-winding-machine","15":"first","16":"instock","17":"featured","18":"shipping-taxable","19":"product-type-simple"},"_links":{"self":[{"href":"https:\/\/vacuz.com\/pt\/wp-json\/wp\/v2\/product\/4377","targetHints":{"allow":["GET"]}}],"collection":[{"href":"https:\/\/vacuz.com\/pt\/wp-json\/wp\/v2\/product"}],"about":[{"href":"https:\/\/vacuz.com\/pt\/wp-json\/wp\/v2\/types\/product"}],"wp:featuredmedia":[{"embeddable":true,"href":"https:\/\/vacuz.com\/pt\/wp-json\/wp\/v2\/media\/4379"}],"wp:attachment":[{"href":"https:\/\/vacuz.com\/pt\/wp-json\/wp\/v2\/media?parent=4377"}],"wp:term":[{"taxonomy":"product_brand","embeddable":true,"href":"https:\/\/vacuz.com\/pt\/wp-json\/wp\/v2\/product_brand?post=4377"},{"taxonomy":"product_cat","embeddable":true,"href":"https:\/\/vacuz.com\/pt\/wp-json\/wp\/v2\/product_cat?post=4377"},{"taxonomy":"product_tag","embeddable":true,"href":"https:\/\/vacuz.com\/pt\/wp-json\/wp\/v2\/product_tag?post=4377"}],"curies":[{"name":"wp","href":"https:\/\/api.w.org\/{rel}","templated":true}]}}