{"id":6333,"date":"2022-06-12T08:50:23","date_gmt":"2022-06-12T08:50:23","guid":{"rendered":"https:\/\/vacuz.com\/?post_type=product&#038;p=6333"},"modified":"2025-11-03T06:41:03","modified_gmt":"2025-11-03T06:41:03","slug":"ferrite-core-inductor-toroidal-ferrite-core-common-mode-choke-coil-toroidal-inductor-for-switch-power-supply-vacuz","status":"publish","type":"product","link":"https:\/\/vacuz.com\/pt\/product\/ferrite-core-inductor-toroidal-ferrite-core-common-mode-choke-coil-toroidal-inductor-for-switch-power-supply-vacuz\/","title":{"rendered":"Indutor de n\u00facleo de ferrite Bobina de estrangulamento de modo comum de n\u00facleo de ferrite toroidal Indutor toroidal para fonte de alimenta\u00e7\u00e3o comutada - Vacuz"},"content":{"rendered":"<h2>Indutor de n\u00facleo de ferrite Bobina de estrangulamento de modo comum de n\u00facleo de ferrite toroidal Indutor toroidal para fonte de alimenta\u00e7\u00e3o comutada - Vacuz<\/h2>\n<p><img loading=\"lazy\" decoding=\"async\" class=\"alignnone wp-image-6341 size-full\" src=\"https:\/\/vacuz.com\/wp-content\/uploads\/2022\/06\/Common-Mode-Choke-Coil-Toroidal-Inductor-8.jpg\" alt=\"Bobina de indu\u00e7\u00e3o de modo comum Indutor toroidal\" width=\"750\" height=\"439\" title=\"Indutor de n\u00facleo de ferrite Bobina de estrangulamento de modo comum de n\u00facleo de ferrite toroidal Indutor toroidal para fonte de alimenta\u00e7\u00e3o comutada - Vacuz\" srcset=\"https:\/\/vacuz.com\/wp-content\/uploads\/2022\/06\/Common-Mode-Choke-Coil-Toroidal-Inductor-8.jpg 750w, https:\/\/vacuz.com\/wp-content\/uploads\/2022\/06\/Common-Mode-Choke-Coil-Toroidal-Inductor-8-500x293.jpg 500w, https:\/\/vacuz.com\/wp-content\/uploads\/2022\/06\/Common-Mode-Choke-Coil-Toroidal-Inductor-8-700x410.jpg 700w, https:\/\/vacuz.com\/wp-content\/uploads\/2022\/06\/Common-Mode-Choke-Coil-Toroidal-Inductor-8-300x176.jpg 300w, https:\/\/vacuz.com\/wp-content\/uploads\/2022\/06\/Common-Mode-Choke-Coil-Toroidal-Inductor-8-18x12.jpg 18w, https:\/\/vacuz.com\/wp-content\/uploads\/2022\/06\/Common-Mode-Choke-Coil-Toroidal-Inductor-8-200x117.jpg 200w, https:\/\/vacuz.com\/wp-content\/uploads\/2022\/06\/Common-Mode-Choke-Coil-Toroidal-Inductor-8-400x234.jpg 400w, https:\/\/vacuz.com\/wp-content\/uploads\/2022\/06\/Common-Mode-Choke-Coil-Toroidal-Inductor-8-600x351.jpg 600w\" sizes=\"auto, (max-width: 750px) 100vw, 750px\" \/><\/p>\n<p><img loading=\"lazy\" decoding=\"async\" class=\"alignnone wp-image-6342 size-full\" src=\"https:\/\/vacuz.com\/wp-content\/uploads\/2022\/06\/Common-Mode-Choke-Coil-Toroidal-Inductor-9.jpg\" alt=\"Bobina de indu\u00e7\u00e3o de modo comum Indutor toroidal\" width=\"750\" height=\"439\" title=\"Indutor de n\u00facleo de ferrite Bobina de estrangulamento de modo comum de n\u00facleo de ferrite toroidal Indutor toroidal para fonte de alimenta\u00e7\u00e3o comutada - Vacuz\" srcset=\"https:\/\/vacuz.com\/wp-content\/uploads\/2022\/06\/Common-Mode-Choke-Coil-Toroidal-Inductor-9.jpg 750w, https:\/\/vacuz.com\/wp-content\/uploads\/2022\/06\/Common-Mode-Choke-Coil-Toroidal-Inductor-9-500x293.jpg 500w, https:\/\/vacuz.com\/wp-content\/uploads\/2022\/06\/Common-Mode-Choke-Coil-Toroidal-Inductor-9-700x410.jpg 700w, https:\/\/vacuz.com\/wp-content\/uploads\/2022\/06\/Common-Mode-Choke-Coil-Toroidal-Inductor-9-300x176.jpg 300w, https:\/\/vacuz.com\/wp-content\/uploads\/2022\/06\/Common-Mode-Choke-Coil-Toroidal-Inductor-9-18x12.jpg 18w, https:\/\/vacuz.com\/wp-content\/uploads\/2022\/06\/Common-Mode-Choke-Coil-Toroidal-Inductor-9-200x117.jpg 200w, https:\/\/vacuz.com\/wp-content\/uploads\/2022\/06\/Common-Mode-Choke-Coil-Toroidal-Inductor-9-400x234.jpg 400w, https:\/\/vacuz.com\/wp-content\/uploads\/2022\/06\/Common-Mode-Choke-Coil-Toroidal-Inductor-9-600x351.jpg 600w\" sizes=\"auto, (max-width: 750px) 100vw, 750px\" \/><\/p>\n<p><img loading=\"lazy\" decoding=\"async\" class=\"alignnone wp-image-6351 size-full\" src=\"https:\/\/vacuz.com\/wp-content\/uploads\/2022\/06\/Common-Mode-Choke-Coil-Toroidal-Inductor-10-1.jpg\" alt=\"Bobina de indu\u00e7\u00e3o de modo comum Indutor toroidal\" width=\"750\" height=\"1000\" title=\"Indutor de n\u00facleo de ferrite Bobina de estrangulamento de modo comum de n\u00facleo de ferrite toroidal Indutor toroidal para fonte de alimenta\u00e7\u00e3o comutada - Vacuz\" srcset=\"https:\/\/vacuz.com\/wp-content\/uploads\/2022\/06\/Common-Mode-Choke-Coil-Toroidal-Inductor-10-1.jpg 750w, https:\/\/vacuz.com\/wp-content\/uploads\/2022\/06\/Common-Mode-Choke-Coil-Toroidal-Inductor-10-1-500x667.jpg 500w, https:\/\/vacuz.com\/wp-content\/uploads\/2022\/06\/Common-Mode-Choke-Coil-Toroidal-Inductor-10-1-700x933.jpg 700w, https:\/\/vacuz.com\/wp-content\/uploads\/2022\/06\/Common-Mode-Choke-Coil-Toroidal-Inductor-10-1-225x300.jpg 225w, https:\/\/vacuz.com\/wp-content\/uploads\/2022\/06\/Common-Mode-Choke-Coil-Toroidal-Inductor-10-1-9x12.jpg 9w, https:\/\/vacuz.com\/wp-content\/uploads\/2022\/06\/Common-Mode-Choke-Coil-Toroidal-Inductor-10-1-200x267.jpg 200w, https:\/\/vacuz.com\/wp-content\/uploads\/2022\/06\/Common-Mode-Choke-Coil-Toroidal-Inductor-10-1-400x533.jpg 400w, https:\/\/vacuz.com\/wp-content\/uploads\/2022\/06\/Common-Mode-Choke-Coil-Toroidal-Inductor-10-1-600x800.jpg 600w\" sizes=\"auto, (max-width: 750px) 100vw, 750px\" \/><\/p>\n<div>\n<table class=\"aliDataTable\" style=\"height: 1260px;\" border=\"1\" width=\"1075\" cellspacing=\"0\" cellpadding=\"0\">\n<tbody>\n<tr>\n<td height=\"33\"><span data-spm-anchor-id=\"a2700.details.0.i69.186d2d19UPlf2X\">Componentes<\/span><\/td>\n<td>N\u00facleo de ferrite, fio de cobre, base, caixa de blindagem<\/td>\n<\/tr>\n<tr>\n<td height=\"48\">N\u00facleo<\/td>\n<td>NiZn\/ferro \/MnZn\/MPP\/ magn\u00e9tico amorfo<\/td>\n<\/tr>\n<tr>\n<td height=\"33\">Fio<\/td>\n<td>Fio de cobre esmaltado-UEW\/PEW<\/td>\n<\/tr>\n<tr>\n<td height=\"33\">Fun\u00e7\u00f5es<\/td>\n<td>Filtro de linha de energia\/Filtro de linha de sinal\/Poupan\u00e7a de energia\/Aumento de tens\u00e3o, etc.\/Choque, etc.<\/td>\n<\/tr>\n<tr>\n<td height=\"33\">Tipo de montagem<\/td>\n<td>Montagem em superf\u00edcie ;Furo passante ; Cabo de a\u00e7o<\/td>\n<\/tr>\n<tr>\n<td height=\"33\">Tipos de formas<\/td>\n<td>Vertical; horizontal; com\/sem base; blindado\/n\u00e3o blindado; SMD<\/td>\n<\/tr>\n<tr>\n<td height=\"33\">Estrutura da bobina<\/td>\n<td>Toroidal<\/td>\n<\/tr>\n<tr>\n<td height=\"33\">Faixa de frequ\u00eancia de trabalho<\/td>\n<td>1KHZ-100MHZ<\/td>\n<\/tr>\n<tr>\n<td height=\"33\">Faixa de indut\u00e2ncia<\/td>\n<td>1uH-1H<\/td>\n<\/tr>\n<tr>\n<td height=\"33\">Faixa de DCR<\/td>\n<td>Desconhecido - Depende da solicita\u00e7\u00e3o do cliente<\/td>\n<\/tr>\n<tr>\n<td height=\"33\">Temperatura de armazenamento<\/td>\n<td>-20\u2103 a +85\u2103<\/td>\n<\/tr>\n<tr>\n<td height=\"33\">Temperatura de trabalho<\/td>\n<td>-20\u2103 a +105\u2103<\/td>\n<\/tr>\n<tr>\n<td height=\"33\">Umidade de armazenamento<\/td>\n<td>30% a 95%<\/td>\n<\/tr>\n<tr>\n<td height=\"128\">Itens de teste<\/td>\n<td>\u00a0Turns Ratio<br \/>\nInductance<br \/>\nDC resistance test<br \/>\nSafety test<br \/>\nCurrent test<br \/>\nHi-POT<\/td>\n<\/tr>\n<tr>\n<td height=\"33\">Certifica\u00e7\u00f5es<\/td>\n<td>ISO9001:2008, ISO14001:2008, UL, CQC<\/td>\n<\/tr>\n<tr>\n<td height=\"33\">MOQ<\/td>\n<td>1000 unidades<\/td>\n<\/tr>\n<tr>\n<td height=\"33\">OEM<\/td>\n<td>Aceit\u00e1vel<\/td>\n<\/tr>\n<tr>\n<td height=\"33\">Amostra<\/td>\n<td>Gr\u00e1tis<\/td>\n<\/tr>\n<tr>\n<td height=\"33\">Tempo de amostragem<\/td>\n<td>3-5 dias \u00fateis<\/td>\n<\/tr>\n<tr>\n<td height=\"33\">Pacote<\/td>\n<td>EPE foam + export carton, or plastic tray+export carton<\/td>\n<\/tr>\n<tr>\n<td height=\"33\">Prazo de entrega<\/td>\n<td>cerca de 15 dias contra dep\u00f3sito<\/td>\n<\/tr>\n<tr>\n<td height=\"84\">Recurso<\/td>\n<td data-spm-anchor-id=\"a2700.details.0.i36.186d2d19UPlf2X\">5 anos de garantia<br \/>\nAlta corrente Alta pot\u00eancia Alta efici\u00eancia<br \/>\nBaixo aumento de temperatura<br \/>\nDesempenho est\u00e1vel<\/td>\n<\/tr>\n<tr>\n<td height=\"107\">Aplicativos<\/td>\n<td>1. VCRS, copiadora, equipamento de \u00e1udio, m\u00e1quinas de jogos<br \/>\n2. Aparelhos de TV, equipamentos de microcomputador, impressoras, terminais<br \/>\n3. equipamento de controle de comunica\u00e7\u00f5es<br \/>\n4. fonte de alimenta\u00e7\u00e3o comutada, carregadores, sistema de alarme<br \/>\n5. No-break, aparelhos de VCD\/DVD, equipamentos de \u00e1udio e v\u00eddeo<br \/>\n6. M\u00e1quinas OA, inversores, carregadores, sistema de alarme<\/td>\n<\/tr>\n<\/tbody>\n<\/table>\n<div>\n<p><img loading=\"lazy\" decoding=\"async\" class=\"alignnone wp-image-6344 size-full\" src=\"https:\/\/vacuz.com\/wp-content\/uploads\/2022\/06\/Common-Mode-Choke-Coil-Toroidal-Inductor-11.jpg\" alt=\"Bobina de indu\u00e7\u00e3o de modo comum Indutor toroidal\" width=\"750\" height=\"559\" title=\"Indutor de n\u00facleo de ferrite Bobina de estrangulamento de modo comum de n\u00facleo de ferrite toroidal Indutor toroidal para fonte de alimenta\u00e7\u00e3o comutada - Vacuz\" srcset=\"https:\/\/vacuz.com\/wp-content\/uploads\/2022\/06\/Common-Mode-Choke-Coil-Toroidal-Inductor-11.jpg 750w, https:\/\/vacuz.com\/wp-content\/uploads\/2022\/06\/Common-Mode-Choke-Coil-Toroidal-Inductor-11-500x373.jpg 500w, https:\/\/vacuz.com\/wp-content\/uploads\/2022\/06\/Common-Mode-Choke-Coil-Toroidal-Inductor-11-700x522.jpg 700w, https:\/\/vacuz.com\/wp-content\/uploads\/2022\/06\/Common-Mode-Choke-Coil-Toroidal-Inductor-11-300x224.jpg 300w, https:\/\/vacuz.com\/wp-content\/uploads\/2022\/06\/Common-Mode-Choke-Coil-Toroidal-Inductor-11-16x12.jpg 16w, https:\/\/vacuz.com\/wp-content\/uploads\/2022\/06\/Common-Mode-Choke-Coil-Toroidal-Inductor-11-200x149.jpg 200w, https:\/\/vacuz.com\/wp-content\/uploads\/2022\/06\/Common-Mode-Choke-Coil-Toroidal-Inductor-11-400x298.jpg 400w, https:\/\/vacuz.com\/wp-content\/uploads\/2022\/06\/Common-Mode-Choke-Coil-Toroidal-Inductor-11-600x447.jpg 600w\" sizes=\"auto, (max-width: 750px) 100vw, 750px\" \/><\/p>\n<\/div>\n<\/div>\n<h2><span style=\"font-size: 23.04px;\">Informa\u00e7\u00f5es sobre a empresa<\/span><\/h2>\n<div>\n<p><strong>A Vacuz Machine Factory foi fundada em maio de 2007 e est\u00e1 localizada na cidade de Dongguan, na prov\u00edncia de Guangdong. \u00c9 um fabricante profissional que se dedica \u00e0 pesquisa, ao desenvolvimento, \u00e0 produ\u00e7\u00e3o, \u00e0 venda e ao servi\u00e7o de m\u00e1quinas de enrolamento autom\u00e1tico, m\u00e1quina de enrolamento de bobina, m\u00e1quina de enrolamento de transformador, m\u00e1quina de enrolamento de motor, m\u00e1quina de enrolamento de bobina sem fio, m\u00e1quina de enrolamento de indutor de estrangulamento de modo comum SQ e outras m\u00e1quinas de enrolamento n\u00e3o padr\u00e3o. Tamb\u00e9m fornecemos servi\u00e7os de OEM para transformadores e indutores de bobina toroidal com nossas pr\u00f3prias m\u00e1quinas de enrolamento autom\u00e1tico de P&amp;D. Vendendo bem em todas as cidades e prov\u00edncias da China, nossos produtos tamb\u00e9m s\u00e3o exportados para clientes em pa\u00edses e regi\u00f5es como Oriente M\u00e9dio, Europa, \u00c1frica, \u00c1sia e Am\u00e9rica do Norte. Seja para selecionar um produto atual de nosso cat\u00e1logo ou para buscar assist\u00eancia de engenharia para sua aplica\u00e7\u00e3o, voc\u00ea pode falar com nosso centro de atendimento ao cliente sobre suas necessidades de fornecimento. Qualidade \u00e9 a nossa cultura! Esperamos sua coopera\u00e7\u00e3o em breve!<\/strong><\/p>\n<p><img loading=\"lazy\" decoding=\"async\" class=\"alignnone wp-image-6353 size-full\" src=\"https:\/\/vacuz.com\/wp-content\/uploads\/2022\/06\/Common-Mode-Choke-Coil-Toroidal-Inductor-12-1.jpg\" alt=\"Bobina de indu\u00e7\u00e3o de modo comum Indutor toroidal\" width=\"750\" height=\"946\" title=\"Indutor de n\u00facleo de ferrite Bobina de estrangulamento de modo comum de n\u00facleo de ferrite toroidal Indutor toroidal para fonte de alimenta\u00e7\u00e3o comutada - Vacuz\" srcset=\"https:\/\/vacuz.com\/wp-content\/uploads\/2022\/06\/Common-Mode-Choke-Coil-Toroidal-Inductor-12-1.jpg 750w, https:\/\/vacuz.com\/wp-content\/uploads\/2022\/06\/Common-Mode-Choke-Coil-Toroidal-Inductor-12-1-500x631.jpg 500w, https:\/\/vacuz.com\/wp-content\/uploads\/2022\/06\/Common-Mode-Choke-Coil-Toroidal-Inductor-12-1-700x883.jpg 700w, https:\/\/vacuz.com\/wp-content\/uploads\/2022\/06\/Common-Mode-Choke-Coil-Toroidal-Inductor-12-1-238x300.jpg 238w, https:\/\/vacuz.com\/wp-content\/uploads\/2022\/06\/Common-Mode-Choke-Coil-Toroidal-Inductor-12-1-10x12.jpg 10w, https:\/\/vacuz.com\/wp-content\/uploads\/2022\/06\/Common-Mode-Choke-Coil-Toroidal-Inductor-12-1-200x252.jpg 200w, https:\/\/vacuz.com\/wp-content\/uploads\/2022\/06\/Common-Mode-Choke-Coil-Toroidal-Inductor-12-1-400x505.jpg 400w, https:\/\/vacuz.com\/wp-content\/uploads\/2022\/06\/Common-Mode-Choke-Coil-Toroidal-Inductor-12-1-600x757.jpg 600w\" sizes=\"auto, (max-width: 750px) 100vw, 750px\" \/><\/p>\n<p><img loading=\"lazy\" decoding=\"async\" class=\"alignnone wp-image-6346 size-full\" src=\"https:\/\/vacuz.com\/wp-content\/uploads\/2022\/06\/Common-Mode-Choke-Coil-Toroidal-Inductor-13.jpg\" alt=\"Bobina de indu\u00e7\u00e3o de modo comum Indutor toroidal\" width=\"750\" height=\"634\" title=\"Indutor de n\u00facleo de ferrite Bobina de estrangulamento de modo comum de n\u00facleo de ferrite toroidal Indutor toroidal para fonte de alimenta\u00e7\u00e3o comutada - Vacuz\" srcset=\"https:\/\/vacuz.com\/wp-content\/uploads\/2022\/06\/Common-Mode-Choke-Coil-Toroidal-Inductor-13.jpg 750w, https:\/\/vacuz.com\/wp-content\/uploads\/2022\/06\/Common-Mode-Choke-Coil-Toroidal-Inductor-13-500x423.jpg 500w, https:\/\/vacuz.com\/wp-content\/uploads\/2022\/06\/Common-Mode-Choke-Coil-Toroidal-Inductor-13-700x592.jpg 700w, https:\/\/vacuz.com\/wp-content\/uploads\/2022\/06\/Common-Mode-Choke-Coil-Toroidal-Inductor-13-300x254.jpg 300w, https:\/\/vacuz.com\/wp-content\/uploads\/2022\/06\/Common-Mode-Choke-Coil-Toroidal-Inductor-13-14x12.jpg 14w, https:\/\/vacuz.com\/wp-content\/uploads\/2022\/06\/Common-Mode-Choke-Coil-Toroidal-Inductor-13-200x169.jpg 200w, https:\/\/vacuz.com\/wp-content\/uploads\/2022\/06\/Common-Mode-Choke-Coil-Toroidal-Inductor-13-400x338.jpg 400w, https:\/\/vacuz.com\/wp-content\/uploads\/2022\/06\/Common-Mode-Choke-Coil-Toroidal-Inductor-13-600x507.jpg 600w\" sizes=\"auto, (max-width: 750px) 100vw, 750px\" \/><\/p>\n<p><img loading=\"lazy\" decoding=\"async\" class=\"alignnone wp-image-6347 size-full\" src=\"https:\/\/vacuz.com\/wp-content\/uploads\/2022\/06\/Common-Mode-Choke-Coil-Toroidal-Inductor-14.jpg\" alt=\"Bobina de indu\u00e7\u00e3o de modo comum Indutor toroidal\" width=\"750\" height=\"1071\" title=\"Indutor de n\u00facleo de ferrite Bobina de estrangulamento de modo comum de n\u00facleo de ferrite toroidal Indutor toroidal para fonte de alimenta\u00e7\u00e3o comutada - Vacuz\" srcset=\"https:\/\/vacuz.com\/wp-content\/uploads\/2022\/06\/Common-Mode-Choke-Coil-Toroidal-Inductor-14.jpg 750w, https:\/\/vacuz.com\/wp-content\/uploads\/2022\/06\/Common-Mode-Choke-Coil-Toroidal-Inductor-14-500x714.jpg 500w, https:\/\/vacuz.com\/wp-content\/uploads\/2022\/06\/Common-Mode-Choke-Coil-Toroidal-Inductor-14-700x1000.jpg 700w, https:\/\/vacuz.com\/wp-content\/uploads\/2022\/06\/Common-Mode-Choke-Coil-Toroidal-Inductor-14-210x300.jpg 210w, https:\/\/vacuz.com\/wp-content\/uploads\/2022\/06\/Common-Mode-Choke-Coil-Toroidal-Inductor-14-717x1024.jpg 717w, https:\/\/vacuz.com\/wp-content\/uploads\/2022\/06\/Common-Mode-Choke-Coil-Toroidal-Inductor-14-8x12.jpg 8w, https:\/\/vacuz.com\/wp-content\/uploads\/2022\/06\/Common-Mode-Choke-Coil-Toroidal-Inductor-14-200x286.jpg 200w, https:\/\/vacuz.com\/wp-content\/uploads\/2022\/06\/Common-Mode-Choke-Coil-Toroidal-Inductor-14-400x571.jpg 400w, https:\/\/vacuz.com\/wp-content\/uploads\/2022\/06\/Common-Mode-Choke-Coil-Toroidal-Inductor-14-600x857.jpg 600w\" sizes=\"auto, (max-width: 750px) 100vw, 750px\" \/><\/p>\n<p><img loading=\"lazy\" decoding=\"async\" class=\"alignnone wp-image-6348 size-full\" src=\"https:\/\/vacuz.com\/wp-content\/uploads\/2022\/06\/Common-Mode-Choke-Coil-Toroidal-Inductor-15.jpg\" alt=\"Bobina de indu\u00e7\u00e3o de modo comum Indutor toroidal\" width=\"750\" height=\"1040\" title=\"Indutor de n\u00facleo de ferrite Bobina de estrangulamento de modo comum de n\u00facleo de ferrite toroidal Indutor toroidal para fonte de alimenta\u00e7\u00e3o comutada - Vacuz\" srcset=\"https:\/\/vacuz.com\/wp-content\/uploads\/2022\/06\/Common-Mode-Choke-Coil-Toroidal-Inductor-15.jpg 750w, https:\/\/vacuz.com\/wp-content\/uploads\/2022\/06\/Common-Mode-Choke-Coil-Toroidal-Inductor-15-500x693.jpg 500w, https:\/\/vacuz.com\/wp-content\/uploads\/2022\/06\/Common-Mode-Choke-Coil-Toroidal-Inductor-15-700x971.jpg 700w, https:\/\/vacuz.com\/wp-content\/uploads\/2022\/06\/Common-Mode-Choke-Coil-Toroidal-Inductor-15-216x300.jpg 216w, https:\/\/vacuz.com\/wp-content\/uploads\/2022\/06\/Common-Mode-Choke-Coil-Toroidal-Inductor-15-738x1024.jpg 738w, https:\/\/vacuz.com\/wp-content\/uploads\/2022\/06\/Common-Mode-Choke-Coil-Toroidal-Inductor-15-9x12.jpg 9w, https:\/\/vacuz.com\/wp-content\/uploads\/2022\/06\/Common-Mode-Choke-Coil-Toroidal-Inductor-15-200x277.jpg 200w, https:\/\/vacuz.com\/wp-content\/uploads\/2022\/06\/Common-Mode-Choke-Coil-Toroidal-Inductor-15-400x555.jpg 400w, https:\/\/vacuz.com\/wp-content\/uploads\/2022\/06\/Common-Mode-Choke-Coil-Toroidal-Inductor-15-600x832.jpg 600w\" sizes=\"auto, (max-width: 750px) 100vw, 750px\" \/><\/p>\n<h2>Embalagem e remessa<\/h2>\n<p><img loading=\"lazy\" decoding=\"async\" class=\"alignnone wp-image-6349 size-full\" src=\"https:\/\/vacuz.com\/wp-content\/uploads\/2022\/06\/Common-Mode-Choke-Coil-Toroidal-Inductor-16.jpg\" alt=\"Bobina de indu\u00e7\u00e3o de modo comum Indutor toroidal\" width=\"750\" height=\"1139\" title=\"Indutor de n\u00facleo de ferrite Bobina de estrangulamento de modo comum de n\u00facleo de ferrite toroidal Indutor toroidal para fonte de alimenta\u00e7\u00e3o comutada - Vacuz\" srcset=\"https:\/\/vacuz.com\/wp-content\/uploads\/2022\/06\/Common-Mode-Choke-Coil-Toroidal-Inductor-16.jpg 750w, https:\/\/vacuz.com\/wp-content\/uploads\/2022\/06\/Common-Mode-Choke-Coil-Toroidal-Inductor-16-500x759.jpg 500w, https:\/\/vacuz.com\/wp-content\/uploads\/2022\/06\/Common-Mode-Choke-Coil-Toroidal-Inductor-16-700x1063.jpg 700w, https:\/\/vacuz.com\/wp-content\/uploads\/2022\/06\/Common-Mode-Choke-Coil-Toroidal-Inductor-16-198x300.jpg 198w, https:\/\/vacuz.com\/wp-content\/uploads\/2022\/06\/Common-Mode-Choke-Coil-Toroidal-Inductor-16-674x1024.jpg 674w, https:\/\/vacuz.com\/wp-content\/uploads\/2022\/06\/Common-Mode-Choke-Coil-Toroidal-Inductor-16-8x12.jpg 8w, https:\/\/vacuz.com\/wp-content\/uploads\/2022\/06\/Common-Mode-Choke-Coil-Toroidal-Inductor-16-200x304.jpg 200w, https:\/\/vacuz.com\/wp-content\/uploads\/2022\/06\/Common-Mode-Choke-Coil-Toroidal-Inductor-16-400x607.jpg 400w, https:\/\/vacuz.com\/wp-content\/uploads\/2022\/06\/Common-Mode-Choke-Coil-Toroidal-Inductor-16-600x911.jpg 600w\" sizes=\"auto, (max-width: 750px) 100vw, 750px\" \/><\/p>\n<h2>Visita \u00e0 f\u00e1brica da Vacuz<\/h2>\n<p><iframe loading=\"lazy\" title=\"Visita on-line \u00e0s m\u00e1quinas de enrolamento autom\u00e1tico da Vacuz Machine Factory\" width=\"1200\" height=\"675\" src=\"https:\/\/www.youtube.com\/embed\/lY2VK9YY--E?feature=oembed\" frameborder=\"0\" allow=\"accelerometer; autoplay; clipboard-write; encrypted-media; gyroscope; picture-in-picture; web-share\" referrerpolicy=\"strict-origin-when-cross-origin\" allowfullscreen><\/iframe><\/p>\n<\/div>","protected":false},"excerpt":{"rendered":"<p>Ferrite Core Inductor Toroidal Ferrite Core Common Mode Choke Coil Toroidal Inductor For Switch Power Supply-Vacuz Components Ferrite core, Copper wire;Basing;Shielding case Core NiZn\/Iron \/MnZn\/MPP\/Amorphous magnetic Wire Enameled copper wire-UEW\/PEW Functions Power line filter\/Signal line filter\/Energy saving\/Voltage step-up etc\/Choke etc Mounting type Surface mount ;Through hole ; Wire lead Shape Types Vertical;Horizontal;with\/without base;shielded\/unshielded ;SMD Coil [&hellip;]<\/p>\n","protected":false},"featured_media":6339,"template":"","meta":{"_gspb_post_css":"","_joinchat":[]},"product_brand":[],"product_cat":[794],"product_tag":[344],"class_list":{"0":"post-6333","1":"product","2":"type-product","3":"status-publish","4":"has-post-thumbnail","6":"product_cat-toroidal-coil-oem-service","7":"product_tag-common-mode-choke-coil-toroidal-inductor","9":"first","10":"instock","11":"shipping-taxable","12":"product-type-simple"},"_links":{"self":[{"href":"https:\/\/vacuz.com\/pt\/wp-json\/wp\/v2\/product\/6333","targetHints":{"allow":["GET"]}}],"collection":[{"href":"https:\/\/vacuz.com\/pt\/wp-json\/wp\/v2\/product"}],"about":[{"href":"https:\/\/vacuz.com\/pt\/wp-json\/wp\/v2\/types\/product"}],"wp:featuredmedia":[{"embeddable":true,"href":"https:\/\/vacuz.com\/pt\/wp-json\/wp\/v2\/media\/6339"}],"wp:attachment":[{"href":"https:\/\/vacuz.com\/pt\/wp-json\/wp\/v2\/media?parent=6333"}],"wp:term":[{"taxonomy":"product_brand","embeddable":true,"href":"https:\/\/vacuz.com\/pt\/wp-json\/wp\/v2\/product_brand?post=6333"},{"taxonomy":"product_cat","embeddable":true,"href":"https:\/\/vacuz.com\/pt\/wp-json\/wp\/v2\/product_cat?post=6333"},{"taxonomy":"product_tag","embeddable":true,"href":"https:\/\/vacuz.com\/pt\/wp-json\/wp\/v2\/product_tag?post=6333"}],"curies":[{"name":"wp","href":"https:\/\/api.w.org\/{rel}","templated":true}]}}