{"id":6944,"date":"2022-09-27T06:37:34","date_gmt":"2022-09-27T06:37:34","guid":{"rendered":"https:\/\/vacuz.com\/?post_type=product&#038;p=6944"},"modified":"2025-11-03T03:41:27","modified_gmt":"2025-11-03T03:41:27","slug":"hot-sale-semi-automatic-magnetic-toroidal-coil-current-transformer-inductor-insulation-tape-taping-wrapping-machine","status":"publish","type":"product","link":"https:\/\/vacuz.com\/pt\/product\/hot-sale-semi-automatic-magnetic-toroidal-coil-current-transformer-inductor-insulation-tape-taping-wrapping-machine\/","title":{"rendered":"M\u00e1quina de enrolamento de fita de isolamento de transformador de corrente de bobina toroidal magn\u00e9tica semiautom\u00e1tica de venda quente"},"content":{"rendered":"<h2>M\u00e1quina de enrolamento de fita de isolamento de transformador de corrente de bobina toroidal magn\u00e9tica semiautom\u00e1tica de venda quente<\/h2>\n<p data-spm-anchor-id=\"a2700.wholesale.0.i26.4dab536b1Qop0r\"><strong>A m\u00e1quina de aplica\u00e7\u00e3o de fita isolante em bobina toroidal adota um controlador de toroide digital de precis\u00e3o, \u00e9 uma m\u00e1quina de aplica\u00e7\u00e3o de fita isolante em toroide autom\u00e1tica, precisa e confi\u00e1vel. \u00c9 usada para enrolar a fita isolante no n\u00facleo e nos enrolamentos toroidais. \u00c9 mais adequada para o indutor toroidal, transformador toroidal, transformador de corrente toroidal, bobina toroidal, bobina de estrangulamento toroidal, indutores de pot\u00eancia, magnetismo de pot\u00eancia, indutor de UPS, indutores de conversor, n\u00facleo toroidal pesado, etc.<\/strong><\/p>\n<p><strong>Fun\u00e7\u00f5es e caracter\u00edsticas:<\/strong><\/p>\n<p><strong>1. Os dados armazenam a etapa do par\u00e1grafo 0~999.<\/strong><\/p>\n<p><strong>2. Ele pode inverter o enrolamento em alta velocidade.<\/strong><\/p>\n<p><strong>3. O n\u00famero de c\u00edrculos \u00e9 exato.<\/strong><\/p>\n<p><strong>4. As informa\u00e7\u00f5es do problema s\u00e3o salvas automaticamente.<\/strong><\/p>\n<p><strong>5. O CNC pode monitorar e exibir o status da produ\u00e7\u00e3o.<\/strong><\/p>\n<p><strong>6. A configura\u00e7\u00e3o \u00e9 simples e a opera\u00e7\u00e3o \u00e9 conveniente.<\/strong><\/p>\n<p><strong>Par\u00e2metros t\u00e9cnicos:<\/strong><\/p>\n<table style=\"height: 360px;\" border=\"1\" width=\"1354\">\n<tbody>\n<tr>\n<td>Modelo<\/td>\n<td>VA-06B<\/td>\n<td>VA-10A<\/td>\n<td>VA-12A<\/td>\n<td>VA-15A<\/td>\n<\/tr>\n<tr>\n<td>Largura da fita<\/td>\n<td>5\/6\/8\/10 mm<\/td>\n<td>8-25 mm<\/td>\n<td>12-30 mm<\/td>\n<td>7-30 mm<\/td>\n<\/tr>\n<tr>\n<td>ID m\u00ednimo da bobina final<\/td>\n<td>15 mm<\/td>\n<td>23 mm<\/td>\n<td>32 mm<\/td>\n<td>40 mm<\/td>\n<\/tr>\n<tr>\n<td>Min. final coil O. D.<\/td>\n<td>70 mm<\/td>\n<td>50-120 mm<\/td>\n<td>50-120 mm<\/td>\n<td>60-120 mm<\/td>\n<\/tr>\n<tr>\n<td>Altura m\u00e1xima final da bobina<\/td>\n<td>45 mm<\/td>\n<td>80 mm<\/td>\n<td>100 mm<\/td>\n<td>120 mm<\/td>\n<\/tr>\n<tr>\n<td>Velocidade m\u00e1xima de enrolamento<\/td>\n<td>1000RPM<\/td>\n<td>200 RPM<\/td>\n<td>200 RPM<\/td>\n<td>200 RPM<\/td>\n<\/tr>\n<tr>\n<td>Motor de expans\u00e3o<\/td>\n<td>Motor de passo de 86V<\/td>\n<td>Motor de passo DC4A<\/td>\n<td>Motor de passo DC4A<\/td>\n<td>Motor de passo de 9V<\/td>\n<\/tr>\n<tr>\n<td>Motor do fuso<\/td>\n<td>DC 600W<\/td>\n<td>AC 750W<\/td>\n<td>AC 750W<\/td>\n<td>AC 750W<\/td>\n<\/tr>\n<tr>\n<td>Tens\u00e3o de alimenta\u00e7\u00e3o<\/td>\n<td>220VAC\/50HZ<\/td>\n<td>220VAC\/50HZ<\/td>\n<td>220VAC\/50HZ<\/td>\n<td>220VAC\/50HZ<\/td>\n<\/tr>\n<tr>\n<td>Peso da m\u00e1quina<\/td>\n<td>about72kg<\/td>\n<td>about 76kg<\/td>\n<td>about 78kg<\/td>\n<td>about 80kg<\/td>\n<\/tr>\n<tr>\n<td>Dimens\u00e3o da m\u00e1quina<\/td>\n<td>600*500*550mm<\/td>\n<td>780*720*1200mm<\/td>\n<td>780*760*1250mm<\/td>\n<td>600*700*750mm<\/td>\n<\/tr>\n<tr>\n<td>Prazo de entrega<\/td>\n<td>15 dias<\/td>\n<td>15 dias<\/td>\n<td>15 dias<\/td>\n<td data-spm-anchor-id=\"a2700.wholesale.0.i30.718b38c8mUGt8r\">15 dias<\/td>\n<\/tr>\n<\/tbody>\n<\/table>\n<p><img loading=\"lazy\" decoding=\"async\" class=\"alignnone wp-image-6946 size-full\" src=\"https:\/\/vacuz.com\/wp-content\/uploads\/2022\/09\/toroidal-wrap-Taping-machine-2.jpg\" alt=\"Envolvimento toroidal M\u00e1quina de aplica\u00e7\u00e3o de fita\" width=\"640\" height=\"640\" title=\"M\u00e1quina de enrolamento de fita de isolamento de transformador de corrente de bobina toroidal magn\u00e9tica semiautom\u00e1tica de venda quente\" srcset=\"https:\/\/vacuz.com\/wp-content\/uploads\/2022\/09\/toroidal-wrap-Taping-machine-2.jpg 640w, https:\/\/vacuz.com\/wp-content\/uploads\/2022\/09\/toroidal-wrap-Taping-machine-2-500x500.jpg 500w, https:\/\/vacuz.com\/wp-content\/uploads\/2022\/09\/toroidal-wrap-Taping-machine-2-100x100.jpg 100w, https:\/\/vacuz.com\/wp-content\/uploads\/2022\/09\/toroidal-wrap-Taping-machine-2-600x600.jpg 600w, https:\/\/vacuz.com\/wp-content\/uploads\/2022\/09\/toroidal-wrap-Taping-machine-2-300x300.jpg 300w, https:\/\/vacuz.com\/wp-content\/uploads\/2022\/09\/toroidal-wrap-Taping-machine-2-150x150.jpg 150w, https:\/\/vacuz.com\/wp-content\/uploads\/2022\/09\/toroidal-wrap-Taping-machine-2-12x12.jpg 12w, https:\/\/vacuz.com\/wp-content\/uploads\/2022\/09\/toroidal-wrap-Taping-machine-2-66x66.jpg 66w, https:\/\/vacuz.com\/wp-content\/uploads\/2022\/09\/toroidal-wrap-Taping-machine-2-200x200.jpg 200w, https:\/\/vacuz.com\/wp-content\/uploads\/2022\/09\/toroidal-wrap-Taping-machine-2-400x400.jpg 400w\" sizes=\"auto, (max-width: 640px) 100vw, 640px\" \/><\/p>\n<p><img loading=\"lazy\" decoding=\"async\" class=\"alignnone wp-image-6945 size-full\" src=\"https:\/\/vacuz.com\/wp-content\/uploads\/2022\/09\/toroidal-wrap-Taping-machine-1.jpg\" alt=\"Envolvimento toroidal M\u00e1quina de aplica\u00e7\u00e3o de fita\" width=\"640\" height=\"640\" title=\"M\u00e1quina de enrolamento de fita de isolamento de transformador de corrente de bobina toroidal magn\u00e9tica semiautom\u00e1tica de venda quente\" srcset=\"https:\/\/vacuz.com\/wp-content\/uploads\/2022\/09\/toroidal-wrap-Taping-machine-1.jpg 640w, https:\/\/vacuz.com\/wp-content\/uploads\/2022\/09\/toroidal-wrap-Taping-machine-1-500x500.jpg 500w, https:\/\/vacuz.com\/wp-content\/uploads\/2022\/09\/toroidal-wrap-Taping-machine-1-100x100.jpg 100w, https:\/\/vacuz.com\/wp-content\/uploads\/2022\/09\/toroidal-wrap-Taping-machine-1-600x600.jpg 600w, https:\/\/vacuz.com\/wp-content\/uploads\/2022\/09\/toroidal-wrap-Taping-machine-1-300x300.jpg 300w, https:\/\/vacuz.com\/wp-content\/uploads\/2022\/09\/toroidal-wrap-Taping-machine-1-150x150.jpg 150w, https:\/\/vacuz.com\/wp-content\/uploads\/2022\/09\/toroidal-wrap-Taping-machine-1-12x12.jpg 12w, https:\/\/vacuz.com\/wp-content\/uploads\/2022\/09\/toroidal-wrap-Taping-machine-1-66x66.jpg 66w, https:\/\/vacuz.com\/wp-content\/uploads\/2022\/09\/toroidal-wrap-Taping-machine-1-200x200.jpg 200w, https:\/\/vacuz.com\/wp-content\/uploads\/2022\/09\/toroidal-wrap-Taping-machine-1-400x400.jpg 400w\" sizes=\"auto, (max-width: 640px) 100vw, 640px\" \/><\/p>\n<p><img loading=\"lazy\" decoding=\"async\" class=\"alignnone wp-image-6950 size-full\" src=\"https:\/\/vacuz.com\/wp-content\/uploads\/2022\/09\/toroidal-wrap-Taping-machine-6.jpg\" alt=\"Envolvimento toroidal M\u00e1quina de aplica\u00e7\u00e3o de fita\" width=\"640\" height=\"640\" title=\"M\u00e1quina de enrolamento de fita de isolamento de transformador de corrente de bobina toroidal magn\u00e9tica semiautom\u00e1tica de venda quente\" srcset=\"https:\/\/vacuz.com\/wp-content\/uploads\/2022\/09\/toroidal-wrap-Taping-machine-6.jpg 640w, https:\/\/vacuz.com\/wp-content\/uploads\/2022\/09\/toroidal-wrap-Taping-machine-6-500x500.jpg 500w, https:\/\/vacuz.com\/wp-content\/uploads\/2022\/09\/toroidal-wrap-Taping-machine-6-100x100.jpg 100w, https:\/\/vacuz.com\/wp-content\/uploads\/2022\/09\/toroidal-wrap-Taping-machine-6-600x600.jpg 600w, https:\/\/vacuz.com\/wp-content\/uploads\/2022\/09\/toroidal-wrap-Taping-machine-6-300x300.jpg 300w, https:\/\/vacuz.com\/wp-content\/uploads\/2022\/09\/toroidal-wrap-Taping-machine-6-150x150.jpg 150w, https:\/\/vacuz.com\/wp-content\/uploads\/2022\/09\/toroidal-wrap-Taping-machine-6-12x12.jpg 12w, https:\/\/vacuz.com\/wp-content\/uploads\/2022\/09\/toroidal-wrap-Taping-machine-6-66x66.jpg 66w, https:\/\/vacuz.com\/wp-content\/uploads\/2022\/09\/toroidal-wrap-Taping-machine-6-200x200.jpg 200w, https:\/\/vacuz.com\/wp-content\/uploads\/2022\/09\/toroidal-wrap-Taping-machine-6-400x400.jpg 400w\" sizes=\"auto, (max-width: 640px) 100vw, 640px\" \/><\/p>\n<h1>Mostra de amostras<\/h1>\n<p><img loading=\"lazy\" decoding=\"async\" class=\"alignnone wp-image-7063 size-full\" src=\"https:\/\/vacuz.com\/wp-content\/uploads\/2022\/09\/6-2.jpg\" alt=\"6 2\" width=\"796\" height=\"871\" title=\"M\u00e1quina de enrolamento de fita de isolamento de transformador de corrente de bobina toroidal magn\u00e9tica semiautom\u00e1tica de venda quente\" srcset=\"https:\/\/vacuz.com\/wp-content\/uploads\/2022\/09\/6-2.jpg 796w, https:\/\/vacuz.com\/wp-content\/uploads\/2022\/09\/6-2-500x547.jpg 500w, https:\/\/vacuz.com\/wp-content\/uploads\/2022\/09\/6-2-700x766.jpg 700w, https:\/\/vacuz.com\/wp-content\/uploads\/2022\/09\/6-2-274x300.jpg 274w, https:\/\/vacuz.com\/wp-content\/uploads\/2022\/09\/6-2-768x840.jpg 768w, https:\/\/vacuz.com\/wp-content\/uploads\/2022\/09\/6-2-11x12.jpg 11w, https:\/\/vacuz.com\/wp-content\/uploads\/2022\/09\/6-2-200x219.jpg 200w, https:\/\/vacuz.com\/wp-content\/uploads\/2022\/09\/6-2-400x438.jpg 400w, https:\/\/vacuz.com\/wp-content\/uploads\/2022\/09\/6-2-600x657.jpg 600w\" sizes=\"auto, (max-width: 796px) 100vw, 796px\" \/><\/p>\n<h1>Informa\u00e7\u00f5es sobre a empresa<\/h1>\n<div>\n<p><strong>A Vacuz Machine Factory foi fundada em maio de 2007 e est\u00e1 localizada na cidade de Dongguan, na prov\u00edncia de Guangdong. \u00c9 um fabricante profissional que se dedica \u00e0 pesquisa, ao desenvolvimento, \u00e0 produ\u00e7\u00e3o, \u00e0 venda e ao servi\u00e7o de m\u00e1quinas de enrolamento autom\u00e1tico, m\u00e1quina de enrolamento de bobina, m\u00e1quina de enrolamento de transformador, m\u00e1quina de enrolamento de motor, m\u00e1quina de enrolamento de bobina sem fio, m\u00e1quina de enrolamento de indutor de choke de modo comum SQ e outras m\u00e1quinas de enrolamento n\u00e3o padr\u00e3o. Vendendo bem em todas as cidades e prov\u00edncias da China, nossos produtos tamb\u00e9m s\u00e3o exportados para clientes em pa\u00edses e regi\u00f5es como Oriente M\u00e9dio, Europa, \u00c1frica, \u00c1sia e Am\u00e9rica do Norte. Seja para selecionar um produto atual do nosso cat\u00e1logo ou buscar assist\u00eancia de engenharia para a sua aplica\u00e7\u00e3o, voc\u00ea pode falar com o nosso centro de atendimento ao cliente sobre as suas necessidades de fornecimento. Qualidade \u00e9 a nossa cultura! Esperamos sua coopera\u00e7\u00e3o em breve!<\/strong><\/p>\n<p><img loading=\"lazy\" decoding=\"async\" class=\"alignnone size-full wp-image-4136\" src=\"https:\/\/vacuz.com\/wp-content\/uploads\/2022\/01\/Company-info-1.jpg\" alt=\"Informa\u00e7\u00f5es sobre a empresa 1\" width=\"1200\" height=\"800\" title=\"M\u00e1quina de enrolamento de fita de isolamento de transformador de corrente de bobina toroidal magn\u00e9tica semiautom\u00e1tica de venda quente\" srcset=\"https:\/\/vacuz.com\/wp-content\/uploads\/2022\/01\/Company-info-1.jpg 1200w, https:\/\/vacuz.com\/wp-content\/uploads\/2022\/01\/Company-info-1-500x333.jpg 500w, https:\/\/vacuz.com\/wp-content\/uploads\/2022\/01\/Company-info-1-700x467.jpg 700w, https:\/\/vacuz.com\/wp-content\/uploads\/2022\/01\/Company-info-1-300x200.jpg 300w, https:\/\/vacuz.com\/wp-content\/uploads\/2022\/01\/Company-info-1-1024x683.jpg 1024w, https:\/\/vacuz.com\/wp-content\/uploads\/2022\/01\/Company-info-1-768x512.jpg 768w, https:\/\/vacuz.com\/wp-content\/uploads\/2022\/01\/Company-info-1-18x12.jpg 18w, https:\/\/vacuz.com\/wp-content\/uploads\/2022\/01\/Company-info-1-200x133.jpg 200w, https:\/\/vacuz.com\/wp-content\/uploads\/2022\/01\/Company-info-1-400x267.jpg 400w, https:\/\/vacuz.com\/wp-content\/uploads\/2022\/01\/Company-info-1-600x400.jpg 600w, https:\/\/vacuz.com\/wp-content\/uploads\/2022\/01\/Company-info-1-800x533.jpg 800w\" sizes=\"auto, (max-width: 1200px) 100vw, 1200px\" \/><\/p>\n<p><img loading=\"lazy\" decoding=\"async\" class=\"size-full wp-image-4126\" src=\"https:\/\/vacuz.com\/wp-content\/uploads\/2022\/01\/Company-info.jpg\" alt=\"Informa\u00e7\u00f5es sobre a empresa Vacuz\" width=\"1754\" height=\"1241\" title=\"M\u00e1quina de enrolamento de fita de isolamento de transformador de corrente de bobina toroidal magn\u00e9tica semiautom\u00e1tica de venda quente\" srcset=\"https:\/\/vacuz.com\/wp-content\/uploads\/2022\/01\/Company-info.jpg 1754w, https:\/\/vacuz.com\/wp-content\/uploads\/2022\/01\/Company-info-500x354.jpg 500w, https:\/\/vacuz.com\/wp-content\/uploads\/2022\/01\/Company-info-700x495.jpg 700w, https:\/\/vacuz.com\/wp-content\/uploads\/2022\/01\/Company-info-300x212.jpg 300w, https:\/\/vacuz.com\/wp-content\/uploads\/2022\/01\/Company-info-1024x725.jpg 1024w, https:\/\/vacuz.com\/wp-content\/uploads\/2022\/01\/Company-info-768x543.jpg 768w, https:\/\/vacuz.com\/wp-content\/uploads\/2022\/01\/Company-info-1536x1087.jpg 1536w, https:\/\/vacuz.com\/wp-content\/uploads\/2022\/01\/Company-info-18x12.jpg 18w, https:\/\/vacuz.com\/wp-content\/uploads\/2022\/01\/Company-info-200x142.jpg 200w, https:\/\/vacuz.com\/wp-content\/uploads\/2022\/01\/Company-info-400x283.jpg 400w, https:\/\/vacuz.com\/wp-content\/uploads\/2022\/01\/Company-info-600x425.jpg 600w, https:\/\/vacuz.com\/wp-content\/uploads\/2022\/01\/Company-info-800x566.jpg 800w, https:\/\/vacuz.com\/wp-content\/uploads\/2022\/01\/Company-info-1200x849.jpg 1200w\" sizes=\"auto, (max-width: 1754px) 100vw, 1754px\" \/><\/p>\n<p><img loading=\"lazy\" decoding=\"async\" class=\"size-full wp-image-4132\" src=\"https:\/\/vacuz.com\/wp-content\/uploads\/2022\/01\/\u5408\u4f5c\u4f19\u4f34.jpg\" alt=\"Parceiros\" width=\"1200\" height=\"555\" title=\"M\u00e1quina de enrolamento de fita de isolamento de transformador de corrente de bobina toroidal magn\u00e9tica semiautom\u00e1tica de venda quente\" srcset=\"https:\/\/vacuz.com\/wp-content\/uploads\/2022\/01\/\u5408\u4f5c\u4f19\u4f34.jpg 1200w, https:\/\/vacuz.com\/wp-content\/uploads\/2022\/01\/\u5408\u4f5c\u4f19\u4f34-500x231.jpg 500w, https:\/\/vacuz.com\/wp-content\/uploads\/2022\/01\/\u5408\u4f5c\u4f19\u4f34-700x324.jpg 700w, https:\/\/vacuz.com\/wp-content\/uploads\/2022\/01\/\u5408\u4f5c\u4f19\u4f34-300x139.jpg 300w, https:\/\/vacuz.com\/wp-content\/uploads\/2022\/01\/\u5408\u4f5c\u4f19\u4f34-1024x474.jpg 1024w, https:\/\/vacuz.com\/wp-content\/uploads\/2022\/01\/\u5408\u4f5c\u4f19\u4f34-768x355.jpg 768w, https:\/\/vacuz.com\/wp-content\/uploads\/2022\/01\/\u5408\u4f5c\u4f19\u4f34-18x8.jpg 18w, https:\/\/vacuz.com\/wp-content\/uploads\/2022\/01\/\u5408\u4f5c\u4f19\u4f34-200x93.jpg 200w, https:\/\/vacuz.com\/wp-content\/uploads\/2022\/01\/\u5408\u4f5c\u4f19\u4f34-400x185.jpg 400w, https:\/\/vacuz.com\/wp-content\/uploads\/2022\/01\/\u5408\u4f5c\u4f19\u4f34-600x278.jpg 600w, https:\/\/vacuz.com\/wp-content\/uploads\/2022\/01\/\u5408\u4f5c\u4f19\u4f34-800x370.jpg 800w\" sizes=\"auto, (max-width: 1200px) 100vw, 1200px\" \/><\/p>\n<p><img loading=\"lazy\" decoding=\"async\" class=\"size-full wp-image-4127\" src=\"https:\/\/vacuz.com\/wp-content\/uploads\/2022\/01\/Jeltecn\u8ba4\u8bc1.jpg\" alt=\"Certificado Vacuz\" width=\"1200\" height=\"549\" title=\"M\u00e1quina de enrolamento de fita de isolamento de transformador de corrente de bobina toroidal magn\u00e9tica semiautom\u00e1tica de venda quente\" srcset=\"https:\/\/vacuz.com\/wp-content\/uploads\/2022\/01\/Jeltecn\u8ba4\u8bc1.jpg 1200w, https:\/\/vacuz.com\/wp-content\/uploads\/2022\/01\/Jeltecn\u8ba4\u8bc1-500x229.jpg 500w, https:\/\/vacuz.com\/wp-content\/uploads\/2022\/01\/Jeltecn\u8ba4\u8bc1-700x320.jpg 700w, https:\/\/vacuz.com\/wp-content\/uploads\/2022\/01\/Jeltecn\u8ba4\u8bc1-300x137.jpg 300w, https:\/\/vacuz.com\/wp-content\/uploads\/2022\/01\/Jeltecn\u8ba4\u8bc1-1024x468.jpg 1024w, https:\/\/vacuz.com\/wp-content\/uploads\/2022\/01\/Jeltecn\u8ba4\u8bc1-768x351.jpg 768w, https:\/\/vacuz.com\/wp-content\/uploads\/2022\/01\/Jeltecn\u8ba4\u8bc1-18x8.jpg 18w, https:\/\/vacuz.com\/wp-content\/uploads\/2022\/01\/Jeltecn\u8ba4\u8bc1-200x92.jpg 200w, https:\/\/vacuz.com\/wp-content\/uploads\/2022\/01\/Jeltecn\u8ba4\u8bc1-400x183.jpg 400w, https:\/\/vacuz.com\/wp-content\/uploads\/2022\/01\/Jeltecn\u8ba4\u8bc1-600x275.jpg 600w, https:\/\/vacuz.com\/wp-content\/uploads\/2022\/01\/Jeltecn\u8ba4\u8bc1-800x366.jpg 800w\" sizes=\"auto, (max-width: 1200px) 100vw, 1200px\" \/><\/p>\n<h2>Embalagem e remessa<\/h2>\n<p><strong>1. porto: Xangai\/Shenzhen ou sua escolha<\/strong><\/p>\n<p><strong>Embalagem e transporte<\/strong><br \/>\n<strong>Embalagem geral (caixa de papel ou saco pl\u00e1stico): Para mercadorias pequenas, embale-as com formul\u00e1rio e papel de embalagem para garantir que n\u00e3o sejam quebradas durante o transporte.<\/strong><br \/>\n<strong>Embalagem em caixa de madeira: Para mercadorias de maior escala, como equipamentos de m\u00e1quinas etc., temos um carpinteiro especializado, que far\u00e1 a caixa de madeira adequada com espessura, densidade e comprimento exatos. A seta para cima \u2191 est\u00e1 marcada na caixa de madeira externa. Um material de amortecimento seria colocado na caixa de madeira para evitar rachaduras e choques. N\u00f3s lhe informaremos a nota de entrega. Voc\u00ea s\u00f3 precisa aguardar a liga\u00e7\u00e3o telef\u00f4nica e retirar a mercadoria na esta\u00e7\u00e3o log\u00edstica mais pr\u00f3xima (avise-me com anteced\u00eancia se quiser receber a mercadoria em casa).<\/strong><\/p>\n<p><img loading=\"lazy\" decoding=\"async\" class=\"size-full wp-image-4124\" src=\"https:\/\/vacuz.com\/wp-content\/uploads\/2022\/01\/Winding-Machine-Shipping-and-packing-4.jpg\" alt=\"Enrolador Envio e embalagem-4\" width=\"1512\" height=\"2016\" title=\"M\u00e1quina de enrolamento de fita de isolamento de transformador de corrente de bobina toroidal magn\u00e9tica semiautom\u00e1tica de venda quente\" srcset=\"https:\/\/vacuz.com\/wp-content\/uploads\/2022\/01\/Winding-Machine-Shipping-and-packing-4.jpg 1512w, https:\/\/vacuz.com\/wp-content\/uploads\/2022\/01\/Winding-Machine-Shipping-and-packing-4-500x667.jpg 500w, https:\/\/vacuz.com\/wp-content\/uploads\/2022\/01\/Winding-Machine-Shipping-and-packing-4-700x933.jpg 700w, https:\/\/vacuz.com\/wp-content\/uploads\/2022\/01\/Winding-Machine-Shipping-and-packing-4-225x300.jpg 225w, https:\/\/vacuz.com\/wp-content\/uploads\/2022\/01\/Winding-Machine-Shipping-and-packing-4-768x1024.jpg 768w, https:\/\/vacuz.com\/wp-content\/uploads\/2022\/01\/Winding-Machine-Shipping-and-packing-4-1152x1536.jpg 1152w, https:\/\/vacuz.com\/wp-content\/uploads\/2022\/01\/Winding-Machine-Shipping-and-packing-4-9x12.jpg 9w, https:\/\/vacuz.com\/wp-content\/uploads\/2022\/01\/Winding-Machine-Shipping-and-packing-4-200x267.jpg 200w, https:\/\/vacuz.com\/wp-content\/uploads\/2022\/01\/Winding-Machine-Shipping-and-packing-4-400x533.jpg 400w, https:\/\/vacuz.com\/wp-content\/uploads\/2022\/01\/Winding-Machine-Shipping-and-packing-4-600x800.jpg 600w, https:\/\/vacuz.com\/wp-content\/uploads\/2022\/01\/Winding-Machine-Shipping-and-packing-4-800x1067.jpg 800w, https:\/\/vacuz.com\/wp-content\/uploads\/2022\/01\/Winding-Machine-Shipping-and-packing-4-1200x1600.jpg 1200w\" sizes=\"auto, (max-width: 1512px) 100vw, 1512px\" \/><\/p>\n<p>&nbsp;<\/p>\n<h2>Vacuz Service &amp; Strength<\/h2>\n<p><b data-spm-anchor-id=\"a2700.details.0.i31.182f594ewjEnUT\">Princ\u00edpio de servi\u00e7o<\/b><br \/>\nFornecer a voc\u00ea o melhor servi\u00e7o com \"r\u00e1pido + satisfat\u00f3rio + seguro\".<br \/>\n<b>Per\u00edodo de garantia<\/b><br \/>\n12 meses ap\u00f3s o usu\u00e1rio ter recebido o produto.<br \/>\n<b>Itens de garantia<\/b><br \/>\nSomente para avarias anormais causadas por defeito de projeto ou fabrica\u00e7\u00e3o da m\u00e1quina,<br \/>\nser\u00e3o fornecidos reparos e acess\u00f3rios gratuitos.<br \/>\n<b>Capacidade de servi\u00e7o de tecnologia<\/b><br \/>\nTodos os engenheiros de servi\u00e7o com muitos anos de experi\u00eancia receberam treinamento em tecnologia especial e podem lidar com v\u00e1rios problemas de avarias.<br \/>\nOriente o usu\u00e1rio a usar o produto com precis\u00e3o e a fazer a manuten\u00e7\u00e3o.<br \/>\nFornecer consultoria gratuita sobre a tecnologia do processo de produ\u00e7\u00e3o de produtos eletr\u00f4nicos.<br \/>\n<b>Servi\u00e7o p\u00f3s-venda<\/b><br \/>\nPara garantir que a m\u00e1quina seja usada normalmente, oferecemos treinamento sobre como operar, usar e manter nosso produto por meio de manual em ingl\u00eas, v\u00eddeo e orienta\u00e7\u00e3o on-line.<br \/>\n<b>Instru\u00e7\u00f5es de uso<\/b><br \/>\nSolicite o tamanho completo correto do produto, caso contr\u00e1rio, as dimens\u00f5es incorretas afetar\u00e3o o efeito do uso.<br \/>\nCertifique-se de usar o produto de acordo com as instru\u00e7\u00f5es de uso na \u00edntegra e n\u00e3o exceda o escopo de aplica\u00e7\u00e3o dos produtos.<br \/>\nFa\u00e7a a manuten\u00e7\u00e3o do produto ap\u00f3s o uso, \u00e0 prova de umidade, ferrugem, vazamento, explos\u00e3o, manuten\u00e7\u00e3o e inspe\u00e7\u00e3o regulares. Tudo isso ajuda a prolongar o per\u00edodo de uso.<br \/>\n<b>Gerenciamento de documentos do usu\u00e1rio<\/b><br \/>\nEstabelecer um gerenciamento perfeito dos documentos do usu\u00e1rio no sistema EPR. Todos os detalhes de execu\u00e7\u00e3o de cada produto seriam seguidos para o gerenciamento. Os usu\u00e1rios seriam bem cuidados.<br \/>\n<b>Sobre o produto<\/b><br \/>\n1. Foto do produto: Todas as fotos do produto s\u00e3o tiradas com o produto real. Existe uma aberra\u00e7\u00e3o de cor entre o produto e a foto, que \u00e9 causada pela luz da foto, pelo tamanho do produto, pela tecnologia manual e pela tela do computador etc. N\u00e3o se trata de um problema de qualidade. Partes dos produtos<br \/>\ns\u00e3o alterados em sua apar\u00eancia devido \u00e0 revolu\u00e7\u00e3o tecnol\u00f3gica e \u00e0 melhoria do processo. A SanShine garante que os par\u00e2metros do produto permane\u00e7am inalterados e que o uso do produto n\u00e3o seja afetado.<br \/>\n2. tamanho do produto: Todos os par\u00e2metros s\u00e3o medidos manualmente, apenas para refer\u00eancia. H\u00e1 um pequeno desvio devido \u00e0 diferen\u00e7a entre as ferramentas de medi\u00e7\u00e3o, os lotes de produtos e o processo de produ\u00e7\u00e3o. O tamanho real deve estar de acordo com o produto final entregue.<br \/>\n3. inspe\u00e7\u00e3o de qualidade: Todos os produtos devem ser inspecionados rigorosamente antes do envio. Garanta a boa fun\u00e7\u00e3o e a boa apar\u00eancia.<\/p>\n<h2>V\u00eddeo da m\u00e1quina Vacuz<\/h2>\n<p><iframe loading=\"lazy\" title=\"Magnetic Toroidal Transformer Coil Winding Machine Tape Machine Full-automatic Big Machine\" width=\"1200\" height=\"675\" src=\"https:\/\/www.youtube.com\/embed\/7-TEaUeVOxs?feature=oembed\" frameborder=\"0\" allow=\"accelerometer; autoplay; clipboard-write; encrypted-media; gyroscope; picture-in-picture; web-share\" referrerpolicy=\"strict-origin-when-cross-origin\" allowfullscreen><\/iframe><\/p>\n<\/div>","protected":false},"excerpt":{"rendered":"<p>Hot Sale Semi Automatic Magnetic Toroidal Coil Current Transformer Inductor Insulation Tape Taping Wrapping Machine Toroidal coil insulation tape taping machine adopt precision digital toroid controller, it&#8217;s an accurately and reliable digital automatic toroid-taping machine. it is used for wrapping the insulation tape on the toroidal core and windings. it is best suited to the [&hellip;]<\/p>\n","protected":false},"featured_media":6946,"template":"","meta":{"_gspb_post_css":"","_joinchat":[]},"product_brand":[],"product_cat":[791,779],"product_tag":[371],"class_list":{"0":"post-6944","1":"product","2":"type-product","3":"status-publish","4":"has-post-thumbnail","6":"product_cat-semi-automatic-toroidal-coil-taping-machine","7":"product_cat-toroidal-coil-production-machine","8":"product_tag-toroidal-coil-insulation-tape-wrapping-machine","10":"first","11":"instock","12":"featured","13":"shipping-taxable","14":"product-type-simple"},"_links":{"self":[{"href":"https:\/\/vacuz.com\/pt\/wp-json\/wp\/v2\/product\/6944","targetHints":{"allow":["GET"]}}],"collection":[{"href":"https:\/\/vacuz.com\/pt\/wp-json\/wp\/v2\/product"}],"about":[{"href":"https:\/\/vacuz.com\/pt\/wp-json\/wp\/v2\/types\/product"}],"wp:featuredmedia":[{"embeddable":true,"href":"https:\/\/vacuz.com\/pt\/wp-json\/wp\/v2\/media\/6946"}],"wp:attachment":[{"href":"https:\/\/vacuz.com\/pt\/wp-json\/wp\/v2\/media?parent=6944"}],"wp:term":[{"taxonomy":"product_brand","embeddable":true,"href":"https:\/\/vacuz.com\/pt\/wp-json\/wp\/v2\/product_brand?post=6944"},{"taxonomy":"product_cat","embeddable":true,"href":"https:\/\/vacuz.com\/pt\/wp-json\/wp\/v2\/product_cat?post=6944"},{"taxonomy":"product_tag","embeddable":true,"href":"https:\/\/vacuz.com\/pt\/wp-json\/wp\/v2\/product_tag?post=6944"}],"curies":[{"name":"wp","href":"https:\/\/api.w.org\/{rel}","templated":true}]}}