{"id":4248,"date":"2022-01-21T10:50:29","date_gmt":"2022-01-21T10:50:29","guid":{"rendered":"https:\/\/vacuz.com\/?post_type=product&#038;p=4248"},"modified":"2025-10-22T14:40:21","modified_gmt":"2025-10-22T14:40:21","slug":"automatic-bldc-brushless-motor-stator-coil-insulation-slot-paper-insertion-machine","status":"publish","type":"product","link":"https:\/\/vacuz.com\/tr\/product\/automatic-bldc-brushless-motor-stator-coil-insulation-slot-paper-insertion-machine\/","title":{"rendered":"Otomatik BLDC F\u0131r\u00e7as\u0131z Motor Stator Bobini \u0130zolasyon Yuvas\u0131 Ka\u011f\u0131t Ekleme Makinesi"},"content":{"rendered":"<h2>Otomatik BLDC F\u0131r\u00e7as\u0131z Motor Stator Bobini \u0130zolasyon Yuvas\u0131 Ka\u011f\u0131t Ekleme Makinesi<\/h2>\n<div>\n<p><strong><u data-spm-anchor-id=\"a2700.details.0.i23.54f6d87dbvk0tc\">Makine \u00d6zelli\u011fi<\/u><\/strong><\/p>\n<p><strong>1. Uygulama:<\/strong><\/p>\n<p><strong>Stator ka\u011f\u0131t yerle\u015ftirme makinesi sadece b\u00fcy\u00fck ve orta boy motorlar i\u00e7in uygundur, \u00f6zellikle jenerat\u00f6r, derin pompa motoru, \u00fc\u00e7 fazl\u0131 makine vb. i\u00e7in uygundur.<\/strong><\/p>\n<p><strong>2. Makine ana i\u015flevi ve karakteristi\u011fi<\/strong><\/p>\n<p><strong>Yal\u0131t\u0131m ka\u011f\u0131d\u0131n\u0131n stator yuvas\u0131n\u0131n alt\u0131ndan otomatik olarak yerle\u015ftirilmesi<\/strong><\/p>\n<p><strong>Otomatik ka\u011f\u0131t besleme,<\/strong><\/p>\n<p><strong>kenar katlama ve \u015fekillendirme<\/strong><\/p>\n<p><strong>slot numaras\u0131 de\u011fi\u015fimi elektrik taraf\u0131ndan kontrol edilir;<\/strong><\/p>\n<p><strong>aral\u0131kl\u0131 yuva yerle\u015ftirme ve yuva yerle\u015ftirmeyi atlama se\u00e7ene\u011fi olabilir;<\/strong><\/p>\n<p><strong>Farkl\u0131 yuva numaral\u0131 stator \u00fcretimi ve tak\u0131m de\u011fi\u015ftirme i\u00e7in uygun ve kolayd\u0131r.<\/strong><\/p>\n<p>&nbsp;<\/p>\n<p><strong>3. Ana Teknik Parametre:<\/strong><\/p>\n<p><img loading=\"lazy\" decoding=\"async\" class=\"size-full wp-image-4254\" src=\"https:\/\/vacuz.com\/wp-content\/uploads\/2022\/01\/Horizontal-paper-inserting-machine-data.jpg\" alt=\"Yatay ka\u011f\u0131t yerle\u015ftirme makinesi verileri\" width=\"1241\" height=\"1683\" title=\"Otomatik BLDC F\u0131r\u00e7as\u0131z Motor Stator Bobini \u0130zolasyon Yuvas\u0131 Ka\u011f\u0131t Ekleme Makinesi\" srcset=\"https:\/\/vacuz.com\/wp-content\/uploads\/2022\/01\/Horizontal-paper-inserting-machine-data.jpg 1241w, https:\/\/vacuz.com\/wp-content\/uploads\/2022\/01\/Horizontal-paper-inserting-machine-data-500x678.jpg 500w, https:\/\/vacuz.com\/wp-content\/uploads\/2022\/01\/Horizontal-paper-inserting-machine-data-700x949.jpg 700w, https:\/\/vacuz.com\/wp-content\/uploads\/2022\/01\/Horizontal-paper-inserting-machine-data-221x300.jpg 221w, https:\/\/vacuz.com\/wp-content\/uploads\/2022\/01\/Horizontal-paper-inserting-machine-data-755x1024.jpg 755w, https:\/\/vacuz.com\/wp-content\/uploads\/2022\/01\/Horizontal-paper-inserting-machine-data-768x1042.jpg 768w, https:\/\/vacuz.com\/wp-content\/uploads\/2022\/01\/Horizontal-paper-inserting-machine-data-1133x1536.jpg 1133w, https:\/\/vacuz.com\/wp-content\/uploads\/2022\/01\/Horizontal-paper-inserting-machine-data-9x12.jpg 9w, https:\/\/vacuz.com\/wp-content\/uploads\/2022\/01\/Horizontal-paper-inserting-machine-data-200x271.jpg 200w, https:\/\/vacuz.com\/wp-content\/uploads\/2022\/01\/Horizontal-paper-inserting-machine-data-400x542.jpg 400w, https:\/\/vacuz.com\/wp-content\/uploads\/2022\/01\/Horizontal-paper-inserting-machine-data-600x814.jpg 600w, https:\/\/vacuz.com\/wp-content\/uploads\/2022\/01\/Horizontal-paper-inserting-machine-data-800x1085.jpg 800w, https:\/\/vacuz.com\/wp-content\/uploads\/2022\/01\/Horizontal-paper-inserting-machine-data-1200x1627.jpg 1200w\" sizes=\"auto, (max-width: 1241px) 100vw, 1241px\" \/><\/p>\n<p><img loading=\"lazy\" decoding=\"async\" class=\"size-full wp-image-4249\" src=\"https:\/\/vacuz.com\/wp-content\/uploads\/2022\/01\/1-1.jpg\" alt=\"Otomatik BLDC Motor \u0130zolasyon Ka\u011f\u0131t Ekleme Makinesi\" width=\"800\" height=\"800\" title=\"Otomatik BLDC F\u0131r\u00e7as\u0131z Motor Stator Bobini \u0130zolasyon Yuvas\u0131 Ka\u011f\u0131t Ekleme Makinesi\" srcset=\"https:\/\/vacuz.com\/wp-content\/uploads\/2022\/01\/1-1.jpg 800w, https:\/\/vacuz.com\/wp-content\/uploads\/2022\/01\/1-1-500x500.jpg 500w, https:\/\/vacuz.com\/wp-content\/uploads\/2022\/01\/1-1-100x100.jpg 100w, https:\/\/vacuz.com\/wp-content\/uploads\/2022\/01\/1-1-700x700.jpg 700w, https:\/\/vacuz.com\/wp-content\/uploads\/2022\/01\/1-1-300x300.jpg 300w, https:\/\/vacuz.com\/wp-content\/uploads\/2022\/01\/1-1-150x150.jpg 150w, https:\/\/vacuz.com\/wp-content\/uploads\/2022\/01\/1-1-768x768.jpg 768w, https:\/\/vacuz.com\/wp-content\/uploads\/2022\/01\/1-1-12x12.jpg 12w, https:\/\/vacuz.com\/wp-content\/uploads\/2022\/01\/1-1-66x66.jpg 66w, https:\/\/vacuz.com\/wp-content\/uploads\/2022\/01\/1-1-200x200.jpg 200w, https:\/\/vacuz.com\/wp-content\/uploads\/2022\/01\/1-1-400x400.jpg 400w, https:\/\/vacuz.com\/wp-content\/uploads\/2022\/01\/1-1-600x600.jpg 600w\" sizes=\"auto, (max-width: 800px) 100vw, 800px\" \/><\/p>\n<p><img loading=\"lazy\" decoding=\"async\" class=\"size-full wp-image-4250\" src=\"https:\/\/vacuz.com\/wp-content\/uploads\/2022\/01\/2-1.jpg\" alt=\"Otomatik BLDC Motor \u0130zolasyon Ka\u011f\u0131t Ekleme Makinesi\" width=\"800\" height=\"800\" title=\"Otomatik BLDC F\u0131r\u00e7as\u0131z Motor Stator Bobini \u0130zolasyon Yuvas\u0131 Ka\u011f\u0131t Ekleme Makinesi\" srcset=\"https:\/\/vacuz.com\/wp-content\/uploads\/2022\/01\/2-1.jpg 800w, https:\/\/vacuz.com\/wp-content\/uploads\/2022\/01\/2-1-500x500.jpg 500w, https:\/\/vacuz.com\/wp-content\/uploads\/2022\/01\/2-1-100x100.jpg 100w, https:\/\/vacuz.com\/wp-content\/uploads\/2022\/01\/2-1-700x700.jpg 700w, https:\/\/vacuz.com\/wp-content\/uploads\/2022\/01\/2-1-300x300.jpg 300w, https:\/\/vacuz.com\/wp-content\/uploads\/2022\/01\/2-1-150x150.jpg 150w, https:\/\/vacuz.com\/wp-content\/uploads\/2022\/01\/2-1-768x768.jpg 768w, https:\/\/vacuz.com\/wp-content\/uploads\/2022\/01\/2-1-12x12.jpg 12w, https:\/\/vacuz.com\/wp-content\/uploads\/2022\/01\/2-1-66x66.jpg 66w, https:\/\/vacuz.com\/wp-content\/uploads\/2022\/01\/2-1-200x200.jpg 200w, https:\/\/vacuz.com\/wp-content\/uploads\/2022\/01\/2-1-400x400.jpg 400w, https:\/\/vacuz.com\/wp-content\/uploads\/2022\/01\/2-1-600x600.jpg 600w\" sizes=\"auto, (max-width: 800px) 100vw, 800px\" \/><\/p>\n<p><img loading=\"lazy\" decoding=\"async\" class=\"size-full wp-image-4251\" src=\"https:\/\/vacuz.com\/wp-content\/uploads\/2022\/01\/3-1.jpg\" alt=\"Otomatik BLDC Motor \u0130zolasyon Ka\u011f\u0131t Ekleme Makinesi\" width=\"800\" height=\"800\" title=\"Otomatik BLDC F\u0131r\u00e7as\u0131z Motor Stator Bobini \u0130zolasyon Yuvas\u0131 Ka\u011f\u0131t Ekleme Makinesi\" srcset=\"https:\/\/vacuz.com\/wp-content\/uploads\/2022\/01\/3-1.jpg 800w, https:\/\/vacuz.com\/wp-content\/uploads\/2022\/01\/3-1-500x500.jpg 500w, https:\/\/vacuz.com\/wp-content\/uploads\/2022\/01\/3-1-100x100.jpg 100w, https:\/\/vacuz.com\/wp-content\/uploads\/2022\/01\/3-1-700x700.jpg 700w, https:\/\/vacuz.com\/wp-content\/uploads\/2022\/01\/3-1-300x300.jpg 300w, https:\/\/vacuz.com\/wp-content\/uploads\/2022\/01\/3-1-150x150.jpg 150w, https:\/\/vacuz.com\/wp-content\/uploads\/2022\/01\/3-1-768x768.jpg 768w, https:\/\/vacuz.com\/wp-content\/uploads\/2022\/01\/3-1-12x12.jpg 12w, https:\/\/vacuz.com\/wp-content\/uploads\/2022\/01\/3-1-66x66.jpg 66w, https:\/\/vacuz.com\/wp-content\/uploads\/2022\/01\/3-1-200x200.jpg 200w, https:\/\/vacuz.com\/wp-content\/uploads\/2022\/01\/3-1-400x400.jpg 400w, https:\/\/vacuz.com\/wp-content\/uploads\/2022\/01\/3-1-600x600.jpg 600w\" sizes=\"auto, (max-width: 800px) 100vw, 800px\" \/><\/p>\n<p><img loading=\"lazy\" decoding=\"async\" class=\"alignnone wp-image-4252 size-full\" src=\"https:\/\/vacuz.com\/wp-content\/uploads\/2022\/01\/4-1.jpg\" alt=\"Otomatik BLDC Motor \u0130zolasyon Ka\u011f\u0131t Ekleme Makinesi\" width=\"800\" height=\"800\" title=\"Otomatik BLDC F\u0131r\u00e7as\u0131z Motor Stator Bobini \u0130zolasyon Yuvas\u0131 Ka\u011f\u0131t Ekleme Makinesi\" srcset=\"https:\/\/vacuz.com\/wp-content\/uploads\/2022\/01\/4-1.jpg 800w, https:\/\/vacuz.com\/wp-content\/uploads\/2022\/01\/4-1-500x500.jpg 500w, https:\/\/vacuz.com\/wp-content\/uploads\/2022\/01\/4-1-100x100.jpg 100w, https:\/\/vacuz.com\/wp-content\/uploads\/2022\/01\/4-1-700x700.jpg 700w, https:\/\/vacuz.com\/wp-content\/uploads\/2022\/01\/4-1-300x300.jpg 300w, https:\/\/vacuz.com\/wp-content\/uploads\/2022\/01\/4-1-150x150.jpg 150w, https:\/\/vacuz.com\/wp-content\/uploads\/2022\/01\/4-1-768x768.jpg 768w, https:\/\/vacuz.com\/wp-content\/uploads\/2022\/01\/4-1-12x12.jpg 12w, https:\/\/vacuz.com\/wp-content\/uploads\/2022\/01\/4-1-66x66.jpg 66w, https:\/\/vacuz.com\/wp-content\/uploads\/2022\/01\/4-1-200x200.jpg 200w, https:\/\/vacuz.com\/wp-content\/uploads\/2022\/01\/4-1-400x400.jpg 400w, https:\/\/vacuz.com\/wp-content\/uploads\/2022\/01\/4-1-600x600.jpg 600w\" sizes=\"auto, (max-width: 800px) 100vw, 800px\" \/><\/p>\n<\/div>\n<h2><span style=\"font-size: 23.04px;\">\u015eirket Bilgileri<\/span><\/h2>\n<div>\n<p><strong>Vacuz Makine Fabrikas\u0131, Guangdong Eyaletindeki Dongguan \u015eehrinde bulunan May\u0131s 2007'de kuruldu. Otomatik sar\u0131m makineleri, bobin sarma makinesi, trafo sarma makinesi, motor sarma makinesi, kablosuz bobin sarma makinesi, SQ ortak mod \u015fok ind\u00fckt\u00f6r sarma makinesi ve di\u011fer standart d\u0131\u015f\u0131 sar\u0131m makinelerinin ara\u015ft\u0131rma, geli\u015ftirme, \u00fcretim, sat\u0131\u015f ve servisini yapan profesyonel bir \u00fcreticidir. \u00c7in'in t\u00fcm \u015fehir ve eyaletlerinde iyi sat\u0131\u015f yapan \u00fcr\u00fcnlerimiz, Orta Do\u011fu, Avrupa, Afrika, Asya ve Kuzey Amerika gibi \u00fclke ve b\u00f6lgelerdeki m\u00fc\u015fterilere de ihra\u00e7 edilmektedir. Katalo\u011fumuzdan g\u00fcncel bir \u00fcr\u00fcn se\u00e7erken veya uygulaman\u0131z i\u00e7in m\u00fchendislik yard\u0131m\u0131 ararken, kaynak gereksinimleriniz hakk\u0131nda m\u00fc\u015fteri hizmetleri merkezimizle konu\u015fabilirsiniz. Kalite bizim k\u00fclt\u00fcr\u00fcm\u00fczd\u00fcr! Yak\u0131nda i\u015fbirli\u011finiz i\u00e7in umut!<\/strong><\/p>\n<p><img loading=\"lazy\" decoding=\"async\" class=\"alignnone size-full wp-image-4136\" src=\"https:\/\/vacuz.com\/wp-content\/uploads\/2022\/01\/Company-info-1.jpg\" alt=\"\u015eirket Bilgileri 1\" width=\"1200\" height=\"800\" title=\"Otomatik BLDC F\u0131r\u00e7as\u0131z Motor Stator Bobini \u0130zolasyon Yuvas\u0131 Ka\u011f\u0131t Ekleme Makinesi\" srcset=\"https:\/\/vacuz.com\/wp-content\/uploads\/2022\/01\/Company-info-1.jpg 1200w, https:\/\/vacuz.com\/wp-content\/uploads\/2022\/01\/Company-info-1-500x333.jpg 500w, https:\/\/vacuz.com\/wp-content\/uploads\/2022\/01\/Company-info-1-700x467.jpg 700w, https:\/\/vacuz.com\/wp-content\/uploads\/2022\/01\/Company-info-1-300x200.jpg 300w, https:\/\/vacuz.com\/wp-content\/uploads\/2022\/01\/Company-info-1-1024x683.jpg 1024w, https:\/\/vacuz.com\/wp-content\/uploads\/2022\/01\/Company-info-1-768x512.jpg 768w, https:\/\/vacuz.com\/wp-content\/uploads\/2022\/01\/Company-info-1-18x12.jpg 18w, https:\/\/vacuz.com\/wp-content\/uploads\/2022\/01\/Company-info-1-200x133.jpg 200w, https:\/\/vacuz.com\/wp-content\/uploads\/2022\/01\/Company-info-1-400x267.jpg 400w, https:\/\/vacuz.com\/wp-content\/uploads\/2022\/01\/Company-info-1-600x400.jpg 600w, https:\/\/vacuz.com\/wp-content\/uploads\/2022\/01\/Company-info-1-800x533.jpg 800w\" sizes=\"auto, (max-width: 1200px) 100vw, 1200px\" \/><\/p>\n<p><img loading=\"lazy\" decoding=\"async\" class=\"size-full wp-image-4126\" src=\"https:\/\/vacuz.com\/wp-content\/uploads\/2022\/01\/Company-info.jpg\" alt=\"Vacuz \u015eirket bilgileri\" width=\"1754\" height=\"1241\" title=\"Otomatik BLDC F\u0131r\u00e7as\u0131z Motor Stator Bobini \u0130zolasyon Yuvas\u0131 Ka\u011f\u0131t Ekleme Makinesi\" srcset=\"https:\/\/vacuz.com\/wp-content\/uploads\/2022\/01\/Company-info.jpg 1754w, https:\/\/vacuz.com\/wp-content\/uploads\/2022\/01\/Company-info-500x354.jpg 500w, https:\/\/vacuz.com\/wp-content\/uploads\/2022\/01\/Company-info-700x495.jpg 700w, https:\/\/vacuz.com\/wp-content\/uploads\/2022\/01\/Company-info-300x212.jpg 300w, https:\/\/vacuz.com\/wp-content\/uploads\/2022\/01\/Company-info-1024x725.jpg 1024w, https:\/\/vacuz.com\/wp-content\/uploads\/2022\/01\/Company-info-768x543.jpg 768w, https:\/\/vacuz.com\/wp-content\/uploads\/2022\/01\/Company-info-1536x1087.jpg 1536w, https:\/\/vacuz.com\/wp-content\/uploads\/2022\/01\/Company-info-18x12.jpg 18w, https:\/\/vacuz.com\/wp-content\/uploads\/2022\/01\/Company-info-200x142.jpg 200w, https:\/\/vacuz.com\/wp-content\/uploads\/2022\/01\/Company-info-400x283.jpg 400w, https:\/\/vacuz.com\/wp-content\/uploads\/2022\/01\/Company-info-600x425.jpg 600w, https:\/\/vacuz.com\/wp-content\/uploads\/2022\/01\/Company-info-800x566.jpg 800w, https:\/\/vacuz.com\/wp-content\/uploads\/2022\/01\/Company-info-1200x849.jpg 1200w\" sizes=\"auto, (max-width: 1754px) 100vw, 1754px\" \/><\/p>\n<p><img loading=\"lazy\" decoding=\"async\" class=\"size-full wp-image-4132\" src=\"https:\/\/vacuz.com\/wp-content\/uploads\/2022\/01\/\u5408\u4f5c\u4f19\u4f34.jpg\" alt=\"Ortaklar\" width=\"1200\" height=\"555\" title=\"Otomatik BLDC F\u0131r\u00e7as\u0131z Motor Stator Bobini \u0130zolasyon Yuvas\u0131 Ka\u011f\u0131t Ekleme Makinesi\" srcset=\"https:\/\/vacuz.com\/wp-content\/uploads\/2022\/01\/\u5408\u4f5c\u4f19\u4f34.jpg 1200w, https:\/\/vacuz.com\/wp-content\/uploads\/2022\/01\/\u5408\u4f5c\u4f19\u4f34-500x231.jpg 500w, https:\/\/vacuz.com\/wp-content\/uploads\/2022\/01\/\u5408\u4f5c\u4f19\u4f34-700x324.jpg 700w, https:\/\/vacuz.com\/wp-content\/uploads\/2022\/01\/\u5408\u4f5c\u4f19\u4f34-300x139.jpg 300w, https:\/\/vacuz.com\/wp-content\/uploads\/2022\/01\/\u5408\u4f5c\u4f19\u4f34-1024x474.jpg 1024w, https:\/\/vacuz.com\/wp-content\/uploads\/2022\/01\/\u5408\u4f5c\u4f19\u4f34-768x355.jpg 768w, https:\/\/vacuz.com\/wp-content\/uploads\/2022\/01\/\u5408\u4f5c\u4f19\u4f34-18x8.jpg 18w, https:\/\/vacuz.com\/wp-content\/uploads\/2022\/01\/\u5408\u4f5c\u4f19\u4f34-200x93.jpg 200w, https:\/\/vacuz.com\/wp-content\/uploads\/2022\/01\/\u5408\u4f5c\u4f19\u4f34-400x185.jpg 400w, https:\/\/vacuz.com\/wp-content\/uploads\/2022\/01\/\u5408\u4f5c\u4f19\u4f34-600x278.jpg 600w, https:\/\/vacuz.com\/wp-content\/uploads\/2022\/01\/\u5408\u4f5c\u4f19\u4f34-800x370.jpg 800w\" sizes=\"auto, (max-width: 1200px) 100vw, 1200px\" \/><\/p>\n<p><img loading=\"lazy\" decoding=\"async\" class=\"size-full wp-image-4127\" src=\"https:\/\/vacuz.com\/wp-content\/uploads\/2022\/01\/Jeltecn\u8ba4\u8bc1.jpg\" alt=\"Vacuz Sertifikas\u0131\" width=\"1200\" height=\"549\" title=\"Otomatik BLDC F\u0131r\u00e7as\u0131z Motor Stator Bobini \u0130zolasyon Yuvas\u0131 Ka\u011f\u0131t Ekleme Makinesi\" srcset=\"https:\/\/vacuz.com\/wp-content\/uploads\/2022\/01\/Jeltecn\u8ba4\u8bc1.jpg 1200w, https:\/\/vacuz.com\/wp-content\/uploads\/2022\/01\/Jeltecn\u8ba4\u8bc1-500x229.jpg 500w, https:\/\/vacuz.com\/wp-content\/uploads\/2022\/01\/Jeltecn\u8ba4\u8bc1-700x320.jpg 700w, https:\/\/vacuz.com\/wp-content\/uploads\/2022\/01\/Jeltecn\u8ba4\u8bc1-300x137.jpg 300w, https:\/\/vacuz.com\/wp-content\/uploads\/2022\/01\/Jeltecn\u8ba4\u8bc1-1024x468.jpg 1024w, https:\/\/vacuz.com\/wp-content\/uploads\/2022\/01\/Jeltecn\u8ba4\u8bc1-768x351.jpg 768w, https:\/\/vacuz.com\/wp-content\/uploads\/2022\/01\/Jeltecn\u8ba4\u8bc1-18x8.jpg 18w, https:\/\/vacuz.com\/wp-content\/uploads\/2022\/01\/Jeltecn\u8ba4\u8bc1-200x92.jpg 200w, https:\/\/vacuz.com\/wp-content\/uploads\/2022\/01\/Jeltecn\u8ba4\u8bc1-400x183.jpg 400w, https:\/\/vacuz.com\/wp-content\/uploads\/2022\/01\/Jeltecn\u8ba4\u8bc1-600x275.jpg 600w, https:\/\/vacuz.com\/wp-content\/uploads\/2022\/01\/Jeltecn\u8ba4\u8bc1-800x366.jpg 800w\" sizes=\"auto, (max-width: 1200px) 100vw, 1200px\" \/><\/p>\n<h2>Paketleme ve Nakliye<\/h2>\n<p><strong>1. Liman: \u015eangay \/ Shenzhen veya se\u00e7iminiz<\/strong><\/p>\n<p><strong>Paketleme ve ta\u015f\u0131ma<\/strong><br \/>\n<strong>Genel paket (Ka\u011f\u0131t karton veya plastik torba): K\u00fc\u00e7\u00fck mallar i\u00e7in, ta\u015f\u0131ma s\u0131ras\u0131nda k\u0131r\u0131lmamas\u0131n\u0131 garanti etmek i\u00e7in form ve ambalaj ka\u011f\u0131d\u0131 ile paketleyin.<\/strong><br \/>\n<strong>Tahta sand\u0131k paketi: Makine ekipman\u0131 vb. gibi daha b\u00fcy\u00fck \u00f6l\u00e7ekli \u00fcr\u00fcnler i\u00e7in, tam kal\u0131nl\u0131k, yo\u011funluk, uzunluk ile uygun ah\u015fap kasay\u0131 yapacak \u00f6zel yetenekli marangozumuz var. D\u0131\u015f ah\u015fap kasan\u0131n \u00fczerinde yukar\u0131 ok \u2191 i\u015fareti bulunur. \u00c7atlama ve darbeyi \u00f6nlemek i\u00e7in ah\u015fap kasaya tampon malzeme konulacakt\u0131r. Teslimat notunu size bildirece\u011fiz. Sadece telefon g\u00f6r\u00fc\u015fmesini beklemeniz, ard\u0131ndan mallar\u0131 en yak\u0131n lojistik istasyonundan alman\u0131z gerekir (Mallar\u0131 evde almak istiyorsan\u0131z l\u00fctfen \u00f6nceden bana bildirin.)<\/strong><\/p>\n<p><img loading=\"lazy\" decoding=\"async\" class=\"size-full wp-image-4124\" src=\"https:\/\/vacuz.com\/wp-content\/uploads\/2022\/01\/Winding-Machine-Shipping-and-packing-4.jpg\" alt=\"Sarma Makinesi Nakliye ve Paketleme-4\" width=\"1512\" height=\"2016\" title=\"Otomatik BLDC F\u0131r\u00e7as\u0131z Motor Stator Bobini \u0130zolasyon Yuvas\u0131 Ka\u011f\u0131t Ekleme Makinesi\" srcset=\"https:\/\/vacuz.com\/wp-content\/uploads\/2022\/01\/Winding-Machine-Shipping-and-packing-4.jpg 1512w, https:\/\/vacuz.com\/wp-content\/uploads\/2022\/01\/Winding-Machine-Shipping-and-packing-4-500x667.jpg 500w, https:\/\/vacuz.com\/wp-content\/uploads\/2022\/01\/Winding-Machine-Shipping-and-packing-4-700x933.jpg 700w, https:\/\/vacuz.com\/wp-content\/uploads\/2022\/01\/Winding-Machine-Shipping-and-packing-4-225x300.jpg 225w, https:\/\/vacuz.com\/wp-content\/uploads\/2022\/01\/Winding-Machine-Shipping-and-packing-4-768x1024.jpg 768w, https:\/\/vacuz.com\/wp-content\/uploads\/2022\/01\/Winding-Machine-Shipping-and-packing-4-1152x1536.jpg 1152w, https:\/\/vacuz.com\/wp-content\/uploads\/2022\/01\/Winding-Machine-Shipping-and-packing-4-9x12.jpg 9w, https:\/\/vacuz.com\/wp-content\/uploads\/2022\/01\/Winding-Machine-Shipping-and-packing-4-200x267.jpg 200w, https:\/\/vacuz.com\/wp-content\/uploads\/2022\/01\/Winding-Machine-Shipping-and-packing-4-400x533.jpg 400w, https:\/\/vacuz.com\/wp-content\/uploads\/2022\/01\/Winding-Machine-Shipping-and-packing-4-600x800.jpg 600w, https:\/\/vacuz.com\/wp-content\/uploads\/2022\/01\/Winding-Machine-Shipping-and-packing-4-800x1067.jpg 800w, https:\/\/vacuz.com\/wp-content\/uploads\/2022\/01\/Winding-Machine-Shipping-and-packing-4-1200x1600.jpg 1200w\" sizes=\"auto, (max-width: 1512px) 100vw, 1512px\" \/><\/p>\n<p>&nbsp;<\/p>\n<h2>Vacuz Hizmet &amp; G\u00fc\u00e7<\/h2>\n<p><b data-spm-anchor-id=\"a2700.details.0.i31.182f594ewjEnUT\">Hizmet ilkesi<\/b><br \/>\n\"H\u0131zl\u0131 + tatmin edici + g\u00fcvenli\" ile size en iyi hizmeti sunmak.<br \/>\n<b>Garanti s\u00fcresi<\/b><br \/>\nKullan\u0131c\u0131 \u00fcr\u00fcn\u00fc ald\u0131ktan 12 ay sonra.<br \/>\n<b>Garanti kalemleri<\/b><br \/>\nSadece makine tasar\u0131m\u0131ndan veya \u00fcretim hatas\u0131ndan kaynaklanan anormal ar\u0131zalar i\u00e7in,<br \/>\n\u00fccretsiz onar\u0131m ve aksesuar sa\u011flanacakt\u0131r.<br \/>\n<b>Teknoloji hizmet yetene\u011fi<\/b><br \/>\nUzun y\u0131llara dayanan deneyime sahip t\u00fcm servis m\u00fchendisleri, \u00e7e\u015fitli ar\u0131za sorunlar\u0131yla ba\u015fa \u00e7\u0131kabilen \u00f6zel teknoloji e\u011fitimi alm\u0131\u015ft\u0131r.<br \/>\nKullan\u0131c\u0131ya do\u011fru kullan\u0131m ve \u00fcr\u00fcn\u00fcn bak\u0131m\u0131n\u0131n nas\u0131l yap\u0131laca\u011f\u0131 konusunda rehberlik edin.<br \/>\nElektronik \u00fcr\u00fcnlerin \u00fcretim s\u00fcreci teknolojisi hakk\u0131nda \u00fccretsiz dan\u0131\u015fmanl\u0131k sa\u011flamak.<br \/>\n<b>Sat\u0131\u015f sonras\u0131 hizmet<\/b><br \/>\nMakinenin normal \u015fekilde kullan\u0131lmas\u0131n\u0131 garanti etmek i\u00e7in, \u00fcr\u00fcn\u00fcm\u00fcz\u00fcn nas\u0131l \u00e7al\u0131\u015ft\u0131r\u0131laca\u011f\u0131, kullan\u0131laca\u011f\u0131 ve bak\u0131m\u0131n\u0131n nas\u0131l yap\u0131laca\u011f\u0131 konusunda \u0130ngilizce el kitab\u0131, video, \u00e7evrimi\u00e7i rehberlik ile e\u011fitim verece\u011fiz.<br \/>\n<b>Kullan\u0131m talimat\u0131<\/b><br \/>\n\u00dcr\u00fcn\u00fcn do\u011fru tam boyutu i\u00e7in ba\u015fvurun, aksi takdirde yanl\u0131\u015f boyutlar kullan\u0131m etkisini etkileyecektir.<br \/>\n\u00dcr\u00fcn\u00fcn kullan\u0131m talimat\u0131na tamamen uygun olarak kullan\u0131lmas\u0131n\u0131 sa\u011flay\u0131n\u0131z. \u00dcr\u00fcnlerin uygulama alan\u0131n\u0131 a\u015fmay\u0131n\u0131z.<br \/>\nKullan\u0131mdan sonra \u00fcr\u00fcn\u00fcn bak\u0131m\u0131n\u0131 yap\u0131n, Neme dayan\u0131kl\u0131, paslanmaya dayan\u0131kl\u0131, s\u0131zd\u0131rmaz, patlamaya dayan\u0131kl\u0131, d\u00fczenli bak\u0131m ve incelemeye \u00f6zen g\u00f6sterilmelidir. T\u00fcm yap\u0131lanlar kullan\u0131m s\u00fcresini uzatmaya yard\u0131mc\u0131 olur.<br \/>\n<b>Kullan\u0131c\u0131 belge y\u00f6netimi<\/b><br \/>\nEPR sisteminde m\u00fckemmel bir kullan\u0131c\u0131 belge y\u00f6netimi kurulur, her \u00fcr\u00fcn\u00fcn \u00e7al\u0131\u015fma detaylar\u0131 takip edilerek y\u00f6netilir. Kullan\u0131c\u0131lara iyi bak\u0131lacakt\u0131r.<br \/>\n<b>\u00dcr\u00fcn hakk\u0131nda<\/b><br \/>\n1. \u00dcr\u00fcn foto\u011fraf\u0131: T\u00fcm \u00fcr\u00fcn foto\u011fraflar\u0131 ger\u00e7ek \u00fcr\u00fcn taraf\u0131ndan \u00e7ekilmi\u015ftir, \u00dcr\u00fcn ve foto\u011fraf aras\u0131nda \u00e7ekim \u0131\u015f\u0131\u011f\u0131, \u00fcr\u00fcn boyutu, manuel teknoloji ve bilgisayar ekran\u0131 vb. nedenlerden kaynaklanan renk sapmalar\u0131 vard\u0131r. Kalite sorunu de\u011fildir. \u00dcr\u00fcn par\u00e7alar\u0131<br \/>\nteknoloji devrimi ve s\u00fcre\u00e7 iyile\u015ftirme nedeniyle g\u00f6r\u00fcn\u00fcm olarak de\u011fi\u015ftirilir. SanShine, \u00fcr\u00fcn\u00fcn parametresinin de\u011fi\u015fmemesini sa\u011flayacakt\u0131r, \u00dcr\u00fcn kullan\u0131m\u0131 etkileyemez.<br \/>\n2. \u00dcr\u00fcn boyutu: T\u00fcm parametreler sadece referans i\u00e7in manuel olarak \u00f6l\u00e7\u00fclm\u00fc\u015ft\u00fcr. \u00d6l\u00e7\u00fc aletleri, parti \u00fcr\u00fcnleri ve \u00fcretim s\u00fcreci farkl\u0131l\u0131\u011f\u0131ndan dolay\u0131 k\u00fc\u00e7\u00fck bir sapma vard\u0131r. Ger\u00e7ek boyut, nihai teslimat \u00fcr\u00fcn\u00fcne uygun olmal\u0131d\u0131r.<br \/>\n3. Kalite denetimi: T\u00fcm \u00fcr\u00fcnler sevkiyat \u00f6ncesi kesinlikle denetlenmelidir. \u0130yi i\u015flev ve g\u00f6r\u00fcn\u00fcm sa\u011flay\u0131n.<\/p>\n<h2>Vacuz Makinesi Videosu<\/h2>\n<p><iframe loading=\"lazy\" title=\"\u00c7ok kutuplu Stator Otomatik ka\u011f\u0131t kesme makinesi Ka\u011f\u0131t Ekleme Makinesi\" width=\"1200\" height=\"675\" src=\"https:\/\/www.youtube.com\/embed\/kam4LxDxoWo?feature=oembed\" frameborder=\"0\" allow=\"accelerometer; autoplay; clipboard-write; encrypted-media; gyroscope; picture-in-picture\" allowfullscreen><\/iframe><\/p>\n<\/div>","protected":false},"excerpt":{"rendered":"<p>Automatic BLDC Brushless Motor Stator Coil Insulation Slot Paper Insertion Machine Machine Feature 1. Application: The stator paper inseting machine is suitable exclusively for large and medium-size motors, especially suitable for generator, deep pump motor, three phase machine, etc. 2. Machine main function and characteristic Inserting insulation paper automatically from bottom of stator slot Automatic [&hellip;]<\/p>\n","protected":false},"featured_media":4249,"template":"","meta":{"_gspb_post_css":"","_joinchat":[]},"product_brand":[],"product_cat":[773,819,820,821],"product_tag":[251,247,246],"class_list":{"0":"post-4248","1":"product","2":"type-product","3":"status-publish","4":"has-post-thumbnail","6":"product_cat-bldc-motor-production-machine","7":"product_cat-inner-motor-production-machine","8":"product_cat-outer-motor-production-machine","9":"product_cat-stator-paper-insertion-machine","10":"product_tag-automatic-bldc-motor-stator-coil-insulation-paper-insertion-machine","11":"product_tag-automatic-stator-coil-winding-machine","12":"product_tag-motor-winding-machine","14":"first","15":"instock","16":"featured","17":"shipping-taxable","18":"product-type-simple"},"_links":{"self":[{"href":"https:\/\/vacuz.com\/tr\/wp-json\/wp\/v2\/product\/4248","targetHints":{"allow":["GET"]}}],"collection":[{"href":"https:\/\/vacuz.com\/tr\/wp-json\/wp\/v2\/product"}],"about":[{"href":"https:\/\/vacuz.com\/tr\/wp-json\/wp\/v2\/types\/product"}],"wp:featuredmedia":[{"embeddable":true,"href":"https:\/\/vacuz.com\/tr\/wp-json\/wp\/v2\/media\/4249"}],"wp:attachment":[{"href":"https:\/\/vacuz.com\/tr\/wp-json\/wp\/v2\/media?parent=4248"}],"wp:term":[{"taxonomy":"product_brand","embeddable":true,"href":"https:\/\/vacuz.com\/tr\/wp-json\/wp\/v2\/product_brand?post=4248"},{"taxonomy":"product_cat","embeddable":true,"href":"https:\/\/vacuz.com\/tr\/wp-json\/wp\/v2\/product_cat?post=4248"},{"taxonomy":"product_tag","embeddable":true,"href":"https:\/\/vacuz.com\/tr\/wp-json\/wp\/v2\/product_tag?post=4248"}],"curies":[{"name":"wp","href":"https:\/\/api.w.org\/{rel}","templated":true}]}}