{"id":4377,"date":"2022-02-09T09:08:08","date_gmt":"2022-02-09T09:08:08","guid":{"rendered":"https:\/\/vacuz.com\/?post_type=product&#038;p=4377"},"modified":"2025-10-22T14:40:28","modified_gmt":"2025-10-22T14:40:28","slug":"tam-otomatik-trafo-bobin-bobin-induktor-kalay-lehimleme-kaynak-makinesi-otomatik-besleme-cihazi-ekleyebilir","status":"publish","type":"product","link":"https:\/\/vacuz.com\/tr\/product\/fully-automatic-transformer-bobbin-coil-inductor-tin-soldering-welding-machine-can-add-auto-feeding-device\/","title":{"rendered":"Tam Otomatik Trafo Bobin \u0130nd\u00fckt\u00f6r Kalay Lehimleme Kaynak Makinesi Otomatik Besleme Cihaz\u0131 Ekleyebilir"},"content":{"rendered":"<h2>Tam Otomatik Trafo Bobin \u0130nd\u00fckt\u00f6r Kalay Lehimleme Kaynak Makinesi Otomatik Besleme Cihaz\u0131 Ekleyebilir<\/h2>\n<h3>Makine \u00d6zelli\u011fi:<\/h3>\n<div>\n<ul>\n<li><strong>Sens\u00f6r probu kalay y\u00fczeyini alg\u0131lar, kalay y\u00fczeyinin y\u00fcksekli\u011fini otomatik olarak tespit eder ve kalay y\u00fczeyinin y\u00fcksekli\u011fini kendi kendine kaydeder.<\/strong><\/li>\n<li><strong>Valf kontroll\u00fc ak\u0131 harici depolama kutusu, ayr\u0131ca otomatik sirk\u00fclasyon cihaz\u0131, b\u00f6l\u00fcnm\u00fc\u015f tip i\u00e7in ak\u0131 tank\u0131 \u00fcst ve alt katman\u0131 se\u00e7ebilir, temizlenmesi kolayd\u0131r.<\/strong><\/li>\n<li><strong>Kaz\u0131ma kalay\u0131 otomatik olarak kalay c\u00fcruf tank\u0131na kaz\u0131nabilir.<\/strong><\/li>\n<li><strong>Konvey\u00f6r bant manuel besleme, esas olarak \u00fcst d\u00fczey \u00fcr\u00fcnler pim lehimleme i\u00e7in, i\u015f\u00e7ilikten tasarruf etme amac\u0131na ula\u015fmak i\u00e7in m\u00fc\u015fteri gereksinimlerine g\u00f6re montaj hatt\u0131na yerle\u015ftirilen \u00fcr\u00fcnlerin geni\u015fli\u011fini ve y\u00fcksekli\u011fini ayarlayabilir.<\/strong><\/li>\n<li><strong>Az miktarda \u00fcr\u00fcn i\u00e7in, bir\u00e7ok \u00e7e\u015fit, farkl\u0131 boyutlar, \u00e7oklu pn\u00f6matik tutucu kullanmay\u0131 se\u00e7ebilir.<\/strong><\/li>\n<\/ul>\n<h3>Makine Uygulamas\u0131:<\/h3>\n<p><img loading=\"lazy\" decoding=\"async\" class=\"wp-image-4382\" src=\"https:\/\/vacuz.com\/wp-content\/uploads\/2022\/02\/Automatic-Transformer-Bobbin-Coil-Tin-Soldering-Machine-5.jpg\" alt=\"Otomatik Trafo Bobin Bobin Kalay Lehimleme Makinesi\" width=\"920\" height=\"113\" title=\"Tam Otomatik Trafo Bobin \u0130nd\u00fckt\u00f6r Kalay Lehimleme Kaynak Makinesi Otomatik Besleme Cihaz\u0131 Ekleyebilir\" srcset=\"https:\/\/vacuz.com\/wp-content\/uploads\/2022\/02\/Automatic-Transformer-Bobbin-Coil-Tin-Soldering-Machine-5.jpg 635w, https:\/\/vacuz.com\/wp-content\/uploads\/2022\/02\/Automatic-Transformer-Bobbin-Coil-Tin-Soldering-Machine-5-500x61.jpg 500w, https:\/\/vacuz.com\/wp-content\/uploads\/2022\/02\/Automatic-Transformer-Bobbin-Coil-Tin-Soldering-Machine-5-600x74.jpg 600w, https:\/\/vacuz.com\/wp-content\/uploads\/2022\/02\/Automatic-Transformer-Bobbin-Coil-Tin-Soldering-Machine-5-300x37.jpg 300w, https:\/\/vacuz.com\/wp-content\/uploads\/2022\/02\/Automatic-Transformer-Bobbin-Coil-Tin-Soldering-Machine-5-18x2.jpg 18w, https:\/\/vacuz.com\/wp-content\/uploads\/2022\/02\/Automatic-Transformer-Bobbin-Coil-Tin-Soldering-Machine-5-200x25.jpg 200w, https:\/\/vacuz.com\/wp-content\/uploads\/2022\/02\/Automatic-Transformer-Bobbin-Coil-Tin-Soldering-Machine-5-400x49.jpg 400w\" sizes=\"auto, (max-width: 920px) 100vw, 920px\" \/><\/p>\n<h3>Lehimleme Makinesi Teknik Parametreler:<\/h3>\n<p>1\u3001Dikey ve yatay transformat\u00f6r, ind\u00fckt\u00f6r bobini ve teneke \u00fczerinde I tipi ind\u00fckt\u00f6r pimi i\u00e7in kullan\u0131l\u0131r.<\/p>\n<p>2\u3001Titre\u015fimli otomatik y\u00fckleme, otomatik malzeme kapma, otomatik flaks yap\u0131\u015ft\u0131rma, otomatik lehimleme (\u00e7evirmeli), otomatik geri d\u00f6n\u00fc\u015f. Manuel malzeme sallama i\u015fi ekleyebilir (k\u00fc\u00e7\u00fck miktarl\u0131 sipari\u015fler i\u00e7in).<\/p>\n<p>3 \u3001 Lehimleme \u00fcr\u00fcn \u00f6zellikleri aras\u0131nda lehimleme a\u00e7\u0131s\u0131n\u0131n ayarlanmas\u0131 (tel paketinin \u00f6n ve arka yan kayna\u011f\u0131n\u0131, yukar\u0131 ve a\u015fa\u011f\u0131 d\u00fcz kayna\u011f\u0131 elde etmek i\u00e7in), y\u00fckseklik, a\u00e7\u0131, zaman, temizleme pimleri, s\u0131v\u0131 y\u00fcksekli\u011finin otomatik olarak alg\u0131lanmas\u0131, \u00e7oklu re\u00e7ine, \u00e7oklu lehimleme ve di\u011fer i\u015flevler bulunur.<\/p>\n<p>4\u3001Ekipman ar\u0131zas\u0131, ses ve \u0131\u015f\u0131k alarm\u0131 oldu\u011funda, ba\u015flatma \/ durdurma i\u015flevi i\u00e7in bir anahtar elde etmek i\u00e7in ekipman. Ekipman tasar\u0131m\u0131 temel yerel \/ \u00e7evrimi\u00e7i, ba\u015flatma, acil durdurma, duraklatma ve di\u011fer gerekli mekanik d\u00fc\u011fmeler.<\/p>\n<p>5 \u3001 Ekipman malzemesi y\u00fcksek kaliteli malzemeden yap\u0131lm\u0131\u015ft\u0131r, g\u00fcvenli, g\u00fcvenilir, dayan\u0131kl\u0131 ve temizlenmesi kolayd\u0131r, kalay f\u0131r\u0131n\u0131n\u0131n ve kalay t\u0131rm\u0131\u011f\u0131n\u0131n i\u00e7 astar\u0131 \u00e7evre dostu ve dayan\u0131kl\u0131 olan kur\u015funsuz titanyum ala\u015f\u0131m\u0131ndan yap\u0131lm\u0131\u015ft\u0131r. Kalay k\u00fcl\u00fc toplama kutulu ekipman, kutunun al\u0131nmas\u0131 ve temizlenmesi kolayd\u0131r.<\/p>\n<p>6\u3001Ekipman g\u00fcvenlik kapaklar\u0131 ve g\u00fcvenlik kap\u0131lar\u0131 ile \u00e7evrilidir, kullan\u0131m\u0131 kolay ve basittir; \u00fcst k\u0131s\u0131mda duman\u0131 d\u0131\u015far\u0131 atmak i\u00e7in bir fan vard\u0131r.<\/p>\n<p>7, ekipman\u0131n ana konfig\u00fcrasyonu: \u00e7ok fonksiyonlu hareket kontrol\u00f6r\u00fc, 7 in\u00e7 dokunmatik ekran (Willon), servo motor art\u0131 step motor, ipek t\u00fcfek, k\u0131zak ray\u0131 (TBI), silindir (Adecker \/ Star iste\u011fe ba\u011fl\u0131), fotoelektrik anahtar (gaz kutusu \/ SMC iste\u011fe ba\u011fl\u0131) yurti\u00e7i ve yurtd\u0131\u015f\u0131nda tan\u0131nm\u0131\u015f markalarda kullan\u0131lmaktad\u0131r.<\/p>\n<p>8 \u3001 Makinenin boyutu (L960 * W680 * H1350) yakla\u015f\u0131k, hata \u00b1 20'dir. Birim: mm<\/p>\n<h3>Makine Detaylar\u0131:<\/h3>\n<p><img loading=\"lazy\" decoding=\"async\" class=\"wp-image-4378\" src=\"https:\/\/vacuz.com\/wp-content\/uploads\/2022\/02\/Automatic-Transformer-Bobbin-Coil-Tin-Soldering-Machine-1.jpg\" alt=\"Otomatik Trafo Bobin Bobin Kalay Lehimleme Makinesi\" width=\"569\" height=\"759\" title=\"Tam Otomatik Trafo Bobin \u0130nd\u00fckt\u00f6r Kalay Lehimleme Kaynak Makinesi Otomatik Besleme Cihaz\u0131 Ekleyebilir\" srcset=\"https:\/\/vacuz.com\/wp-content\/uploads\/2022\/02\/Automatic-Transformer-Bobbin-Coil-Tin-Soldering-Machine-1.jpg 450w, https:\/\/vacuz.com\/wp-content\/uploads\/2022\/02\/Automatic-Transformer-Bobbin-Coil-Tin-Soldering-Machine-1-225x300.jpg 225w, https:\/\/vacuz.com\/wp-content\/uploads\/2022\/02\/Automatic-Transformer-Bobbin-Coil-Tin-Soldering-Machine-1-9x12.jpg 9w, https:\/\/vacuz.com\/wp-content\/uploads\/2022\/02\/Automatic-Transformer-Bobbin-Coil-Tin-Soldering-Machine-1-200x267.jpg 200w, https:\/\/vacuz.com\/wp-content\/uploads\/2022\/02\/Automatic-Transformer-Bobbin-Coil-Tin-Soldering-Machine-1-400x533.jpg 400w\" sizes=\"auto, (max-width: 569px) 100vw, 569px\" \/><\/p>\n<p><img loading=\"lazy\" decoding=\"async\" class=\"wp-image-4379\" src=\"https:\/\/vacuz.com\/wp-content\/uploads\/2022\/02\/Automatic-Transformer-Bobbin-Coil-Tin-Soldering-Machine-2.jpg\" alt=\"Otomatik Trafo Bobin Bobin Kalay Lehimleme Makinesi\" width=\"572\" height=\"763\" title=\"Tam Otomatik Trafo Bobin \u0130nd\u00fckt\u00f6r Kalay Lehimleme Kaynak Makinesi Otomatik Besleme Cihaz\u0131 Ekleyebilir\" srcset=\"https:\/\/vacuz.com\/wp-content\/uploads\/2022\/02\/Automatic-Transformer-Bobbin-Coil-Tin-Soldering-Machine-2.jpg 450w, https:\/\/vacuz.com\/wp-content\/uploads\/2022\/02\/Automatic-Transformer-Bobbin-Coil-Tin-Soldering-Machine-2-225x300.jpg 225w, https:\/\/vacuz.com\/wp-content\/uploads\/2022\/02\/Automatic-Transformer-Bobbin-Coil-Tin-Soldering-Machine-2-9x12.jpg 9w, https:\/\/vacuz.com\/wp-content\/uploads\/2022\/02\/Automatic-Transformer-Bobbin-Coil-Tin-Soldering-Machine-2-200x267.jpg 200w, https:\/\/vacuz.com\/wp-content\/uploads\/2022\/02\/Automatic-Transformer-Bobbin-Coil-Tin-Soldering-Machine-2-400x533.jpg 400w\" sizes=\"auto, (max-width: 572px) 100vw, 572px\" \/><\/p>\n<p><img loading=\"lazy\" decoding=\"async\" class=\"wp-image-4380\" src=\"https:\/\/vacuz.com\/wp-content\/uploads\/2022\/02\/Automatic-Transformer-Bobbin-Coil-Tin-Soldering-Machine-3.jpg\" alt=\"Otomatik Trafo Bobin Bobin Kalay Lehimleme Makinesi\" width=\"573\" height=\"764\" title=\"Tam Otomatik Trafo Bobin \u0130nd\u00fckt\u00f6r Kalay Lehimleme Kaynak Makinesi Otomatik Besleme Cihaz\u0131 Ekleyebilir\" srcset=\"https:\/\/vacuz.com\/wp-content\/uploads\/2022\/02\/Automatic-Transformer-Bobbin-Coil-Tin-Soldering-Machine-3.jpg 450w, https:\/\/vacuz.com\/wp-content\/uploads\/2022\/02\/Automatic-Transformer-Bobbin-Coil-Tin-Soldering-Machine-3-225x300.jpg 225w, https:\/\/vacuz.com\/wp-content\/uploads\/2022\/02\/Automatic-Transformer-Bobbin-Coil-Tin-Soldering-Machine-3-9x12.jpg 9w, https:\/\/vacuz.com\/wp-content\/uploads\/2022\/02\/Automatic-Transformer-Bobbin-Coil-Tin-Soldering-Machine-3-200x267.jpg 200w, https:\/\/vacuz.com\/wp-content\/uploads\/2022\/02\/Automatic-Transformer-Bobbin-Coil-Tin-Soldering-Machine-3-400x533.jpg 400w\" sizes=\"auto, (max-width: 573px) 100vw, 573px\" \/><\/p>\n<p><img loading=\"lazy\" decoding=\"async\" class=\"wp-image-4381\" src=\"https:\/\/vacuz.com\/wp-content\/uploads\/2022\/02\/Automatic-Transformer-Bobbin-Coil-Tin-Soldering-Machine-4.jpg\" alt=\"Otomatik Trafo Bobin Bobin Kalay Lehimleme Makinesi\" width=\"575\" height=\"767\" title=\"Tam Otomatik Trafo Bobin \u0130nd\u00fckt\u00f6r Kalay Lehimleme Kaynak Makinesi Otomatik Besleme Cihaz\u0131 Ekleyebilir\" srcset=\"https:\/\/vacuz.com\/wp-content\/uploads\/2022\/02\/Automatic-Transformer-Bobbin-Coil-Tin-Soldering-Machine-4.jpg 450w, https:\/\/vacuz.com\/wp-content\/uploads\/2022\/02\/Automatic-Transformer-Bobbin-Coil-Tin-Soldering-Machine-4-225x300.jpg 225w, https:\/\/vacuz.com\/wp-content\/uploads\/2022\/02\/Automatic-Transformer-Bobbin-Coil-Tin-Soldering-Machine-4-9x12.jpg 9w, https:\/\/vacuz.com\/wp-content\/uploads\/2022\/02\/Automatic-Transformer-Bobbin-Coil-Tin-Soldering-Machine-4-200x267.jpg 200w, https:\/\/vacuz.com\/wp-content\/uploads\/2022\/02\/Automatic-Transformer-Bobbin-Coil-Tin-Soldering-Machine-4-400x533.jpg 400w\" sizes=\"auto, (max-width: 575px) 100vw, 575px\" \/><\/p>\n<\/div>\n<h2><span style=\"font-size: 23.04px;\">\u015eirket Bilgileri<\/span><\/h2>\n<div>\n<p><strong>Vacuz Makine Fabrikas\u0131, Guangdong Eyaletindeki Dongguan \u015eehrinde bulunan May\u0131s 2007'de kuruldu. Otomatik sar\u0131m makineleri, bobin sarma makinesi, trafo sarma makinesi, motor sarma makinesi, kablosuz bobin sarma makinesi, SQ ortak mod \u015fok ind\u00fckt\u00f6r sarma makinesi ve di\u011fer standart d\u0131\u015f\u0131 sar\u0131m makinelerinin ara\u015ft\u0131rma, geli\u015ftirme, \u00fcretim, sat\u0131\u015f ve servisini yapan profesyonel bir \u00fcreticidir. \u00c7in'in t\u00fcm \u015fehir ve eyaletlerinde iyi sat\u0131\u015f yapan \u00fcr\u00fcnlerimiz, Orta Do\u011fu, Avrupa, Afrika, Asya ve Kuzey Amerika gibi \u00fclke ve b\u00f6lgelerdeki m\u00fc\u015fterilere de ihra\u00e7 edilmektedir. Katalo\u011fumuzdan g\u00fcncel bir \u00fcr\u00fcn se\u00e7erken veya uygulaman\u0131z i\u00e7in m\u00fchendislik yard\u0131m\u0131 ararken, kaynak gereksinimleriniz hakk\u0131nda m\u00fc\u015fteri hizmetleri merkezimizle konu\u015fabilirsiniz. Kalite bizim k\u00fclt\u00fcr\u00fcm\u00fczd\u00fcr! Yak\u0131nda i\u015fbirli\u011finiz i\u00e7in umut!<\/strong><\/p>\n<p><img loading=\"lazy\" decoding=\"async\" class=\"alignnone size-full wp-image-4136\" src=\"https:\/\/vacuz.com\/wp-content\/uploads\/2022\/01\/Company-info-1.jpg\" alt=\"\u015eirket Bilgileri 1\" width=\"1200\" height=\"800\" title=\"Tam Otomatik Trafo Bobin \u0130nd\u00fckt\u00f6r Kalay Lehimleme Kaynak Makinesi Otomatik Besleme Cihaz\u0131 Ekleyebilir\" srcset=\"https:\/\/vacuz.com\/wp-content\/uploads\/2022\/01\/Company-info-1.jpg 1200w, https:\/\/vacuz.com\/wp-content\/uploads\/2022\/01\/Company-info-1-500x333.jpg 500w, https:\/\/vacuz.com\/wp-content\/uploads\/2022\/01\/Company-info-1-700x467.jpg 700w, https:\/\/vacuz.com\/wp-content\/uploads\/2022\/01\/Company-info-1-300x200.jpg 300w, https:\/\/vacuz.com\/wp-content\/uploads\/2022\/01\/Company-info-1-1024x683.jpg 1024w, https:\/\/vacuz.com\/wp-content\/uploads\/2022\/01\/Company-info-1-768x512.jpg 768w, https:\/\/vacuz.com\/wp-content\/uploads\/2022\/01\/Company-info-1-18x12.jpg 18w, https:\/\/vacuz.com\/wp-content\/uploads\/2022\/01\/Company-info-1-200x133.jpg 200w, https:\/\/vacuz.com\/wp-content\/uploads\/2022\/01\/Company-info-1-400x267.jpg 400w, https:\/\/vacuz.com\/wp-content\/uploads\/2022\/01\/Company-info-1-600x400.jpg 600w, https:\/\/vacuz.com\/wp-content\/uploads\/2022\/01\/Company-info-1-800x533.jpg 800w\" sizes=\"auto, (max-width: 1200px) 100vw, 1200px\" \/><\/p>\n<p><img loading=\"lazy\" decoding=\"async\" class=\"size-full wp-image-4126\" src=\"https:\/\/vacuz.com\/wp-content\/uploads\/2022\/01\/Company-info.jpg\" alt=\"Vacuz \u015eirket bilgileri\" width=\"1754\" height=\"1241\" title=\"Tam Otomatik Trafo Bobin \u0130nd\u00fckt\u00f6r Kalay Lehimleme Kaynak Makinesi Otomatik Besleme Cihaz\u0131 Ekleyebilir\" srcset=\"https:\/\/vacuz.com\/wp-content\/uploads\/2022\/01\/Company-info.jpg 1754w, https:\/\/vacuz.com\/wp-content\/uploads\/2022\/01\/Company-info-500x354.jpg 500w, https:\/\/vacuz.com\/wp-content\/uploads\/2022\/01\/Company-info-700x495.jpg 700w, https:\/\/vacuz.com\/wp-content\/uploads\/2022\/01\/Company-info-300x212.jpg 300w, https:\/\/vacuz.com\/wp-content\/uploads\/2022\/01\/Company-info-1024x725.jpg 1024w, https:\/\/vacuz.com\/wp-content\/uploads\/2022\/01\/Company-info-768x543.jpg 768w, https:\/\/vacuz.com\/wp-content\/uploads\/2022\/01\/Company-info-1536x1087.jpg 1536w, https:\/\/vacuz.com\/wp-content\/uploads\/2022\/01\/Company-info-18x12.jpg 18w, https:\/\/vacuz.com\/wp-content\/uploads\/2022\/01\/Company-info-200x142.jpg 200w, https:\/\/vacuz.com\/wp-content\/uploads\/2022\/01\/Company-info-400x283.jpg 400w, https:\/\/vacuz.com\/wp-content\/uploads\/2022\/01\/Company-info-600x425.jpg 600w, https:\/\/vacuz.com\/wp-content\/uploads\/2022\/01\/Company-info-800x566.jpg 800w, https:\/\/vacuz.com\/wp-content\/uploads\/2022\/01\/Company-info-1200x849.jpg 1200w\" sizes=\"auto, (max-width: 1754px) 100vw, 1754px\" \/><\/p>\n<p><img loading=\"lazy\" decoding=\"async\" class=\"size-full wp-image-4132\" src=\"https:\/\/vacuz.com\/wp-content\/uploads\/2022\/01\/\u5408\u4f5c\u4f19\u4f34.jpg\" alt=\"Ortaklar\" width=\"1200\" height=\"555\" title=\"Tam Otomatik Trafo Bobin \u0130nd\u00fckt\u00f6r Kalay Lehimleme Kaynak Makinesi Otomatik Besleme Cihaz\u0131 Ekleyebilir\" srcset=\"https:\/\/vacuz.com\/wp-content\/uploads\/2022\/01\/\u5408\u4f5c\u4f19\u4f34.jpg 1200w, https:\/\/vacuz.com\/wp-content\/uploads\/2022\/01\/\u5408\u4f5c\u4f19\u4f34-500x231.jpg 500w, https:\/\/vacuz.com\/wp-content\/uploads\/2022\/01\/\u5408\u4f5c\u4f19\u4f34-700x324.jpg 700w, https:\/\/vacuz.com\/wp-content\/uploads\/2022\/01\/\u5408\u4f5c\u4f19\u4f34-300x139.jpg 300w, https:\/\/vacuz.com\/wp-content\/uploads\/2022\/01\/\u5408\u4f5c\u4f19\u4f34-1024x474.jpg 1024w, https:\/\/vacuz.com\/wp-content\/uploads\/2022\/01\/\u5408\u4f5c\u4f19\u4f34-768x355.jpg 768w, https:\/\/vacuz.com\/wp-content\/uploads\/2022\/01\/\u5408\u4f5c\u4f19\u4f34-18x8.jpg 18w, https:\/\/vacuz.com\/wp-content\/uploads\/2022\/01\/\u5408\u4f5c\u4f19\u4f34-200x93.jpg 200w, https:\/\/vacuz.com\/wp-content\/uploads\/2022\/01\/\u5408\u4f5c\u4f19\u4f34-400x185.jpg 400w, https:\/\/vacuz.com\/wp-content\/uploads\/2022\/01\/\u5408\u4f5c\u4f19\u4f34-600x278.jpg 600w, https:\/\/vacuz.com\/wp-content\/uploads\/2022\/01\/\u5408\u4f5c\u4f19\u4f34-800x370.jpg 800w\" sizes=\"auto, (max-width: 1200px) 100vw, 1200px\" \/><\/p>\n<p><img loading=\"lazy\" decoding=\"async\" class=\"size-full wp-image-4127\" src=\"https:\/\/vacuz.com\/wp-content\/uploads\/2022\/01\/Jeltecn\u8ba4\u8bc1.jpg\" alt=\"Vacuz Sertifikas\u0131\" width=\"1200\" height=\"549\" title=\"Tam Otomatik Trafo Bobin \u0130nd\u00fckt\u00f6r Kalay Lehimleme Kaynak Makinesi Otomatik Besleme Cihaz\u0131 Ekleyebilir\" srcset=\"https:\/\/vacuz.com\/wp-content\/uploads\/2022\/01\/Jeltecn\u8ba4\u8bc1.jpg 1200w, https:\/\/vacuz.com\/wp-content\/uploads\/2022\/01\/Jeltecn\u8ba4\u8bc1-500x229.jpg 500w, https:\/\/vacuz.com\/wp-content\/uploads\/2022\/01\/Jeltecn\u8ba4\u8bc1-700x320.jpg 700w, https:\/\/vacuz.com\/wp-content\/uploads\/2022\/01\/Jeltecn\u8ba4\u8bc1-300x137.jpg 300w, https:\/\/vacuz.com\/wp-content\/uploads\/2022\/01\/Jeltecn\u8ba4\u8bc1-1024x468.jpg 1024w, https:\/\/vacuz.com\/wp-content\/uploads\/2022\/01\/Jeltecn\u8ba4\u8bc1-768x351.jpg 768w, https:\/\/vacuz.com\/wp-content\/uploads\/2022\/01\/Jeltecn\u8ba4\u8bc1-18x8.jpg 18w, https:\/\/vacuz.com\/wp-content\/uploads\/2022\/01\/Jeltecn\u8ba4\u8bc1-200x92.jpg 200w, https:\/\/vacuz.com\/wp-content\/uploads\/2022\/01\/Jeltecn\u8ba4\u8bc1-400x183.jpg 400w, https:\/\/vacuz.com\/wp-content\/uploads\/2022\/01\/Jeltecn\u8ba4\u8bc1-600x275.jpg 600w, https:\/\/vacuz.com\/wp-content\/uploads\/2022\/01\/Jeltecn\u8ba4\u8bc1-800x366.jpg 800w\" sizes=\"auto, (max-width: 1200px) 100vw, 1200px\" \/><\/p>\n<h2>Paketleme ve Nakliye<\/h2>\n<p><strong>1. Liman: \u015eangay \/ Shenzhen veya se\u00e7iminiz<\/strong><\/p>\n<p><strong>Paketleme ve ta\u015f\u0131ma<\/strong><br \/>\n<strong>Genel paket (Ka\u011f\u0131t karton veya plastik torba): K\u00fc\u00e7\u00fck mallar i\u00e7in, ta\u015f\u0131ma s\u0131ras\u0131nda k\u0131r\u0131lmamas\u0131n\u0131 garanti etmek i\u00e7in form ve ambalaj ka\u011f\u0131d\u0131 ile paketleyin.<\/strong><br \/>\n<strong>Tahta sand\u0131k paketi: Makine ekipman\u0131 vb. gibi daha b\u00fcy\u00fck \u00f6l\u00e7ekli \u00fcr\u00fcnler i\u00e7in, tam kal\u0131nl\u0131k, yo\u011funluk, uzunluk ile uygun ah\u015fap kasay\u0131 yapacak \u00f6zel yetenekli marangozumuz var. D\u0131\u015f ah\u015fap kasan\u0131n \u00fczerinde yukar\u0131 ok \u2191 i\u015fareti bulunur. \u00c7atlama ve darbeyi \u00f6nlemek i\u00e7in ah\u015fap kasaya tampon malzeme konulacakt\u0131r. Teslimat notunu size bildirece\u011fiz. Sadece telefon g\u00f6r\u00fc\u015fmesini beklemeniz, ard\u0131ndan mallar\u0131 en yak\u0131n lojistik istasyonundan alman\u0131z gerekir (Mallar\u0131 evde almak istiyorsan\u0131z l\u00fctfen \u00f6nceden bana bildirin.)<\/strong><\/p>\n<p><img loading=\"lazy\" decoding=\"async\" class=\"size-full wp-image-4124\" src=\"https:\/\/vacuz.com\/wp-content\/uploads\/2022\/01\/Winding-Machine-Shipping-and-packing-4.jpg\" alt=\"Sarma Makinesi Nakliye ve Paketleme-4\" width=\"1512\" height=\"2016\" title=\"Tam Otomatik Trafo Bobin \u0130nd\u00fckt\u00f6r Kalay Lehimleme Kaynak Makinesi Otomatik Besleme Cihaz\u0131 Ekleyebilir\" srcset=\"https:\/\/vacuz.com\/wp-content\/uploads\/2022\/01\/Winding-Machine-Shipping-and-packing-4.jpg 1512w, https:\/\/vacuz.com\/wp-content\/uploads\/2022\/01\/Winding-Machine-Shipping-and-packing-4-500x667.jpg 500w, https:\/\/vacuz.com\/wp-content\/uploads\/2022\/01\/Winding-Machine-Shipping-and-packing-4-700x933.jpg 700w, https:\/\/vacuz.com\/wp-content\/uploads\/2022\/01\/Winding-Machine-Shipping-and-packing-4-225x300.jpg 225w, https:\/\/vacuz.com\/wp-content\/uploads\/2022\/01\/Winding-Machine-Shipping-and-packing-4-768x1024.jpg 768w, https:\/\/vacuz.com\/wp-content\/uploads\/2022\/01\/Winding-Machine-Shipping-and-packing-4-1152x1536.jpg 1152w, https:\/\/vacuz.com\/wp-content\/uploads\/2022\/01\/Winding-Machine-Shipping-and-packing-4-9x12.jpg 9w, https:\/\/vacuz.com\/wp-content\/uploads\/2022\/01\/Winding-Machine-Shipping-and-packing-4-200x267.jpg 200w, https:\/\/vacuz.com\/wp-content\/uploads\/2022\/01\/Winding-Machine-Shipping-and-packing-4-400x533.jpg 400w, https:\/\/vacuz.com\/wp-content\/uploads\/2022\/01\/Winding-Machine-Shipping-and-packing-4-600x800.jpg 600w, https:\/\/vacuz.com\/wp-content\/uploads\/2022\/01\/Winding-Machine-Shipping-and-packing-4-800x1067.jpg 800w, https:\/\/vacuz.com\/wp-content\/uploads\/2022\/01\/Winding-Machine-Shipping-and-packing-4-1200x1600.jpg 1200w\" sizes=\"auto, (max-width: 1512px) 100vw, 1512px\" \/><\/p>\n<p>&nbsp;<\/p>\n<h2>Vacuz Hizmet &amp; G\u00fc\u00e7<\/h2>\n<p><b data-spm-anchor-id=\"a2700.details.0.i31.182f594ewjEnUT\">Hizmet ilkesi<\/b><br \/>\n\"H\u0131zl\u0131 + tatmin edici + g\u00fcvenli\" ile size en iyi hizmeti sunmak.<br \/>\n<b>Garanti s\u00fcresi<\/b><br \/>\nKullan\u0131c\u0131 \u00fcr\u00fcn\u00fc ald\u0131ktan 12 ay sonra.<br \/>\n<b>Garanti kalemleri<\/b><br \/>\nSadece makine tasar\u0131m\u0131ndan veya \u00fcretim hatas\u0131ndan kaynaklanan anormal ar\u0131zalar i\u00e7in,<br \/>\n\u00fccretsiz onar\u0131m ve aksesuar sa\u011flanacakt\u0131r.<br \/>\n<b>Teknoloji hizmet yetene\u011fi<\/b><br \/>\nUzun y\u0131llara dayanan deneyime sahip t\u00fcm servis m\u00fchendisleri, \u00e7e\u015fitli ar\u0131za sorunlar\u0131yla ba\u015fa \u00e7\u0131kabilen \u00f6zel teknoloji e\u011fitimi alm\u0131\u015ft\u0131r.<br \/>\nKullan\u0131c\u0131ya do\u011fru kullan\u0131m ve \u00fcr\u00fcn\u00fcn bak\u0131m\u0131n\u0131n nas\u0131l yap\u0131laca\u011f\u0131 konusunda rehberlik edin.<br \/>\nElektronik \u00fcr\u00fcnlerin \u00fcretim s\u00fcreci teknolojisi hakk\u0131nda \u00fccretsiz dan\u0131\u015fmanl\u0131k sa\u011flamak.<br \/>\n<b>Sat\u0131\u015f sonras\u0131 hizmet<\/b><br \/>\nMakinenin normal \u015fekilde kullan\u0131lmas\u0131n\u0131 garanti etmek i\u00e7in, \u00fcr\u00fcn\u00fcm\u00fcz\u00fcn nas\u0131l \u00e7al\u0131\u015ft\u0131r\u0131laca\u011f\u0131, kullan\u0131laca\u011f\u0131 ve bak\u0131m\u0131n\u0131n nas\u0131l yap\u0131laca\u011f\u0131 konusunda \u0130ngilizce el kitab\u0131, video, \u00e7evrimi\u00e7i rehberlik ile e\u011fitim verece\u011fiz.<br \/>\n<b>Kullan\u0131m talimat\u0131<\/b><br \/>\n\u00dcr\u00fcn\u00fcn do\u011fru tam boyutu i\u00e7in ba\u015fvurun, aksi takdirde yanl\u0131\u015f boyutlar kullan\u0131m etkisini etkileyecektir.<br \/>\n\u00dcr\u00fcn\u00fcn kullan\u0131m talimat\u0131na tamamen uygun olarak kullan\u0131lmas\u0131n\u0131 sa\u011flay\u0131n\u0131z. \u00dcr\u00fcnlerin uygulama alan\u0131n\u0131 a\u015fmay\u0131n\u0131z.<br \/>\nKullan\u0131mdan sonra \u00fcr\u00fcn\u00fcn bak\u0131m\u0131n\u0131 yap\u0131n, Neme dayan\u0131kl\u0131, paslanmaya dayan\u0131kl\u0131, s\u0131zd\u0131rmaz, patlamaya dayan\u0131kl\u0131, d\u00fczenli bak\u0131m ve incelemeye \u00f6zen g\u00f6sterilmelidir. T\u00fcm yap\u0131lanlar kullan\u0131m s\u00fcresini uzatmaya yard\u0131mc\u0131 olur.<br \/>\n<b>Kullan\u0131c\u0131 belge y\u00f6netimi<\/b><br \/>\nEPR sisteminde m\u00fckemmel bir kullan\u0131c\u0131 belge y\u00f6netimi kurulur, her \u00fcr\u00fcn\u00fcn \u00e7al\u0131\u015fma detaylar\u0131 takip edilerek y\u00f6netilir. Kullan\u0131c\u0131lara iyi bak\u0131lacakt\u0131r.<br \/>\n<b>\u00dcr\u00fcn hakk\u0131nda<\/b><br \/>\n1. \u00dcr\u00fcn foto\u011fraf\u0131: T\u00fcm \u00fcr\u00fcn foto\u011fraflar\u0131 ger\u00e7ek \u00fcr\u00fcn taraf\u0131ndan \u00e7ekilmi\u015ftir, \u00dcr\u00fcn ve foto\u011fraf aras\u0131nda \u00e7ekim \u0131\u015f\u0131\u011f\u0131, \u00fcr\u00fcn boyutu, manuel teknoloji ve bilgisayar ekran\u0131 vb. nedenlerden kaynaklanan renk sapmalar\u0131 vard\u0131r. Kalite sorunu de\u011fildir. \u00dcr\u00fcn par\u00e7alar\u0131<br \/>\nteknoloji devrimi ve s\u00fcre\u00e7 iyile\u015ftirme nedeniyle g\u00f6r\u00fcn\u00fcm olarak de\u011fi\u015ftirilir. SanShine, \u00fcr\u00fcn\u00fcn parametresinin de\u011fi\u015fmemesini sa\u011flayacakt\u0131r, \u00dcr\u00fcn kullan\u0131m\u0131 etkileyemez.<br \/>\n2. \u00dcr\u00fcn boyutu: T\u00fcm parametreler sadece referans i\u00e7in manuel olarak \u00f6l\u00e7\u00fclm\u00fc\u015ft\u00fcr. \u00d6l\u00e7\u00fc aletleri, parti \u00fcr\u00fcnleri ve \u00fcretim s\u00fcreci farkl\u0131l\u0131\u011f\u0131ndan dolay\u0131 k\u00fc\u00e7\u00fck bir sapma vard\u0131r. Ger\u00e7ek boyut, nihai teslimat \u00fcr\u00fcn\u00fcne uygun olmal\u0131d\u0131r.<br \/>\n3. Kalite denetimi: T\u00fcm \u00fcr\u00fcnler sevkiyat \u00f6ncesi kesinlikle denetlenmelidir. \u0130yi i\u015flev ve g\u00f6r\u00fcn\u00fcm sa\u011flay\u0131n.<\/p>\n<h2>Vacuz Makinesi Videosu<\/h2>\n<p><iframe loading=\"lazy\" title=\"\u00c7in Yap\u0131m\u0131 E54 Trafo Bobini Bobin Otomatik Kalay Dald\u0131rma Lehimleme Kaynak Makinesi 400 \u2103 F\u0131r\u0131n\" width=\"1200\" height=\"675\" src=\"https:\/\/www.youtube.com\/embed\/l4YBRCNEb_k?feature=oembed\" frameborder=\"0\" allow=\"accelerometer; autoplay; clipboard-write; encrypted-media; gyroscope; picture-in-picture\" allowfullscreen><\/iframe><\/p>\n<\/div>","protected":false},"excerpt":{"rendered":"<p>Fully Automatic Transformer Bobbin Coil Inductor Tin Soldering Welding Machine Can Add Auto Feeding Device Machine Feature: The sensor probe detects the tin surface, automatically detects the height of the tin surface and records the height of the tin surface by itself. Flux external storage box with valve control, also can choose automatic circulation device, [&hellip;]<\/p>\n","protected":false},"featured_media":4379,"template":"","meta":{"_gspb_post_css":"","_joinchat":[]},"product_brand":[],"product_cat":[804,803,779,778],"product_tag":[272,273,275,245],"class_list":{"0":"post-4377","1":"product","2":"type-product","3":"status-publish","4":"has-post-thumbnail","6":"product_cat-automatic-toroidal-coil-soldering-machine","7":"product_cat-automatic-transformer-coil-soldering-machine","8":"product_cat-toroidal-coil-production-machine","9":"product_cat-transformer-coil-production-machine","10":"product_tag-automatic-soldering-machine","11":"product_tag-transformer-bobbin-coil-winidng-soldering","12":"product_tag-transformer-tin-soldering-machine","13":"product_tag-transformer-winding-machine","15":"first","16":"instock","17":"featured","18":"shipping-taxable","19":"product-type-simple"},"_links":{"self":[{"href":"https:\/\/vacuz.com\/tr\/wp-json\/wp\/v2\/product\/4377","targetHints":{"allow":["GET"]}}],"collection":[{"href":"https:\/\/vacuz.com\/tr\/wp-json\/wp\/v2\/product"}],"about":[{"href":"https:\/\/vacuz.com\/tr\/wp-json\/wp\/v2\/types\/product"}],"wp:featuredmedia":[{"embeddable":true,"href":"https:\/\/vacuz.com\/tr\/wp-json\/wp\/v2\/media\/4379"}],"wp:attachment":[{"href":"https:\/\/vacuz.com\/tr\/wp-json\/wp\/v2\/media?parent=4377"}],"wp:term":[{"taxonomy":"product_brand","embeddable":true,"href":"https:\/\/vacuz.com\/tr\/wp-json\/wp\/v2\/product_brand?post=4377"},{"taxonomy":"product_cat","embeddable":true,"href":"https:\/\/vacuz.com\/tr\/wp-json\/wp\/v2\/product_cat?post=4377"},{"taxonomy":"product_tag","embeddable":true,"href":"https:\/\/vacuz.com\/tr\/wp-json\/wp\/v2\/product_tag?post=4377"}],"curies":[{"name":"wp","href":"https:\/\/api.w.org\/{rel}","templated":true}]}}