{"id":5330,"date":"2022-04-13T13:05:47","date_gmt":"2022-04-13T13:05:47","guid":{"rendered":"https:\/\/vacuz.com\/?post_type=product&#038;p=5330"},"modified":"2025-11-03T07:05:46","modified_gmt":"2025-11-03T07:05:46","slug":"automatic-bldc-motor-stator-coil-rotor-circular-shape-magnetic-circle-steel-part-insertion-assembly-machine","status":"publish","type":"product","link":"https:\/\/vacuz.com\/tr\/product\/automatic-bldc-motor-stator-coil-rotor-circular-shape-magnetic-circle-steel-part-insertion-assembly-machine\/","title":{"rendered":"Otomatik BLDC Motor Stator Bobin Rotor Dairesel \u015eekil Manyetik Daire \u00c7elik Par\u00e7a Ekleme Montaj Makinesi"},"content":{"rendered":"<h2>Otomatik BLDC Motor Stator Bobin Rotor Dairesel \u015eekil Manyetik Daire \u00c7elik Par\u00e7a Ekleme Montaj Makinesi<\/h2>\n<div>\n<p><strong><u data-spm-anchor-id=\"a2700.details.0.i23.54f6d87dbvk0tc\">Makine \u00d6zelli\u011fi<\/u><\/strong><\/p>\n<ul>\n<li><strong>Ayn\u0131 anda birden fazla m\u0131knat\u0131s tak\u0131labilir<\/strong><\/li>\n<li><strong>Y\u00fckseklik ayarlama fonksiyonu, farkl\u0131 y\u00fckseklikteki \u00fcr\u00fcnlerle uyumlu<\/strong><\/li>\n<li><strong>Kullan\u0131m\u0131 kolayd\u0131r, sadece \u00fcr\u00fcn\u00fc kal\u0131ba koyun ve ba\u015flat d\u00fc\u011fmesine bas\u0131n<\/strong><\/li>\n<li><strong>Silindir, lineer yatak, bak\u0131r man\u015fon vb. benimseyin, dayan\u0131kl\u0131<\/strong><\/li>\n<li><strong>Makine al\u00fcminyum profil ve boyal\u0131 sacdan yap\u0131lm\u0131\u015ft\u0131r, basit ve g\u00fczeldir<\/strong><\/li>\n<\/ul>\n<p><strong><u>Makine Fonksiyonu<\/u><\/strong><\/p>\n<table border=\"1\" width=\"839\">\n<tbody>\n<tr>\n<td><strong>Makine modeli:<\/strong><\/td>\n<td><strong>VM-12<\/strong><\/td>\n<\/tr>\n<\/tbody>\n<\/table>\n<table style=\"height: 253px;\" border=\"1\" width=\"838\">\n<tbody>\n<tr>\n<td data-spm-anchor-id=\"a2700.details.0.i28.24f46652Vn2qDm\"><strong>\u00dcr\u00fcn ad\u0131:<\/strong><\/td>\n<td><strong>Vacuz Otomatik Manyetik \u00c7elik Bobin Yerle\u015ftirme Makinesi<\/strong><\/td>\n<\/tr>\n<tr>\n<td><strong>\u00dcretim Kapasitesi<\/strong><\/td>\n<td><strong>360-380pcs\/H(Excluding manual discharge time)<\/strong><\/td>\n<\/tr>\n<tr>\n<td><strong>G\u00fc\u00e7<\/strong><\/td>\n<td><strong>220V\u00b110% 50Hz<\/strong><\/td>\n<\/tr>\n<tr>\n<td><strong>Hava Bas\u0131nc\u0131<\/strong><\/td>\n<td><strong>0.4-0.6MPa<\/strong><\/td>\n<\/tr>\n<tr>\n<td><strong>Makine A\u011f\u0131rl\u0131\u011f\u0131<\/strong><\/td>\n<td><strong>160KG<\/strong><\/td>\n<\/tr>\n<tr>\n<td><strong>Makine Boyutlar\u0131<\/strong><\/td>\n<td><strong>600(L)*650(w)*1550(H)mm<\/strong><\/td>\n<\/tr>\n<\/tbody>\n<\/table>\n<div><\/div>\n<div>\n<p><img loading=\"lazy\" decoding=\"async\" class=\"alignnone wp-image-5336 size-full\" src=\"https:\/\/vacuz.com\/wp-content\/uploads\/2022\/04\/6.jpg\" alt=\"Otomatik BLDC Motor Stator Bobin Rotor Dairesel \u015eekil Manyetik Daire \u00c7elik Par\u00e7a Ekleme Makinesi\" width=\"800\" height=\"800\" title=\"Otomatik BLDC Motor Stator Bobin Rotor Dairesel \u015eekil Manyetik Daire \u00c7elik Par\u00e7a Ekleme Montaj Makinesi\" srcset=\"https:\/\/vacuz.com\/wp-content\/uploads\/2022\/04\/6.jpg 800w, https:\/\/vacuz.com\/wp-content\/uploads\/2022\/04\/6-500x500.jpg 500w, https:\/\/vacuz.com\/wp-content\/uploads\/2022\/04\/6-100x100.jpg 100w, https:\/\/vacuz.com\/wp-content\/uploads\/2022\/04\/6-700x700.jpg 700w, https:\/\/vacuz.com\/wp-content\/uploads\/2022\/04\/6-300x300.jpg 300w, https:\/\/vacuz.com\/wp-content\/uploads\/2022\/04\/6-150x150.jpg 150w, https:\/\/vacuz.com\/wp-content\/uploads\/2022\/04\/6-768x768.jpg 768w, https:\/\/vacuz.com\/wp-content\/uploads\/2022\/04\/6-12x12.jpg 12w, https:\/\/vacuz.com\/wp-content\/uploads\/2022\/04\/6-66x66.jpg 66w, https:\/\/vacuz.com\/wp-content\/uploads\/2022\/04\/6-200x200.jpg 200w, https:\/\/vacuz.com\/wp-content\/uploads\/2022\/04\/6-400x400.jpg 400w, https:\/\/vacuz.com\/wp-content\/uploads\/2022\/04\/6-600x600.jpg 600w\" sizes=\"auto, (max-width: 800px) 100vw, 800px\" \/><\/p>\n<\/div>\n<p><img loading=\"lazy\" decoding=\"async\" class=\"alignnone wp-image-5332 size-full\" src=\"https:\/\/vacuz.com\/wp-content\/uploads\/2022\/04\/2.jpg\" alt=\"Otomatik BLDC Motor Stator Bobin Rotor Dairesel \u015eekil Manyetik Daire \u00c7elik Par\u00e7a Ekleme Makinesi\" width=\"800\" height=\"800\" title=\"Otomatik BLDC Motor Stator Bobin Rotor Dairesel \u015eekil Manyetik Daire \u00c7elik Par\u00e7a Ekleme Montaj Makinesi\" srcset=\"https:\/\/vacuz.com\/wp-content\/uploads\/2022\/04\/2.jpg 800w, https:\/\/vacuz.com\/wp-content\/uploads\/2022\/04\/2-500x500.jpg 500w, https:\/\/vacuz.com\/wp-content\/uploads\/2022\/04\/2-100x100.jpg 100w, https:\/\/vacuz.com\/wp-content\/uploads\/2022\/04\/2-700x700.jpg 700w, https:\/\/vacuz.com\/wp-content\/uploads\/2022\/04\/2-300x300.jpg 300w, https:\/\/vacuz.com\/wp-content\/uploads\/2022\/04\/2-150x150.jpg 150w, https:\/\/vacuz.com\/wp-content\/uploads\/2022\/04\/2-768x768.jpg 768w, https:\/\/vacuz.com\/wp-content\/uploads\/2022\/04\/2-12x12.jpg 12w, https:\/\/vacuz.com\/wp-content\/uploads\/2022\/04\/2-66x66.jpg 66w, https:\/\/vacuz.com\/wp-content\/uploads\/2022\/04\/2-200x200.jpg 200w, https:\/\/vacuz.com\/wp-content\/uploads\/2022\/04\/2-400x400.jpg 400w, https:\/\/vacuz.com\/wp-content\/uploads\/2022\/04\/2-600x600.jpg 600w\" sizes=\"auto, (max-width: 800px) 100vw, 800px\" \/><\/p>\n<p><img loading=\"lazy\" decoding=\"async\" class=\"alignnone wp-image-5333 size-full\" src=\"https:\/\/vacuz.com\/wp-content\/uploads\/2022\/04\/3.jpg\" alt=\"Otomatik BLDC Motor Stator Bobin Rotor Dairesel \u015eekil Manyetik Daire \u00c7elik Par\u00e7a Ekleme Makinesi\" width=\"800\" height=\"800\" title=\"Otomatik BLDC Motor Stator Bobin Rotor Dairesel \u015eekil Manyetik Daire \u00c7elik Par\u00e7a Ekleme Montaj Makinesi\" srcset=\"https:\/\/vacuz.com\/wp-content\/uploads\/2022\/04\/3.jpg 800w, https:\/\/vacuz.com\/wp-content\/uploads\/2022\/04\/3-500x500.jpg 500w, https:\/\/vacuz.com\/wp-content\/uploads\/2022\/04\/3-100x100.jpg 100w, https:\/\/vacuz.com\/wp-content\/uploads\/2022\/04\/3-700x700.jpg 700w, https:\/\/vacuz.com\/wp-content\/uploads\/2022\/04\/3-300x300.jpg 300w, https:\/\/vacuz.com\/wp-content\/uploads\/2022\/04\/3-150x150.jpg 150w, https:\/\/vacuz.com\/wp-content\/uploads\/2022\/04\/3-768x768.jpg 768w, https:\/\/vacuz.com\/wp-content\/uploads\/2022\/04\/3-12x12.jpg 12w, https:\/\/vacuz.com\/wp-content\/uploads\/2022\/04\/3-66x66.jpg 66w, https:\/\/vacuz.com\/wp-content\/uploads\/2022\/04\/3-200x200.jpg 200w, https:\/\/vacuz.com\/wp-content\/uploads\/2022\/04\/3-400x400.jpg 400w, https:\/\/vacuz.com\/wp-content\/uploads\/2022\/04\/3-600x600.jpg 600w\" sizes=\"auto, (max-width: 800px) 100vw, 800px\" \/><\/p>\n<p><img loading=\"lazy\" decoding=\"async\" class=\"alignnone wp-image-5334 size-full\" src=\"https:\/\/vacuz.com\/wp-content\/uploads\/2022\/04\/4.jpg\" alt=\"Otomatik BLDC Motor Stator Bobin Rotor Dairesel \u015eekil Manyetik Daire \u00c7elik Par\u00e7a Ekleme Makinesi\" width=\"800\" height=\"800\" title=\"Otomatik BLDC Motor Stator Bobin Rotor Dairesel \u015eekil Manyetik Daire \u00c7elik Par\u00e7a Ekleme Montaj Makinesi\" srcset=\"https:\/\/vacuz.com\/wp-content\/uploads\/2022\/04\/4.jpg 800w, https:\/\/vacuz.com\/wp-content\/uploads\/2022\/04\/4-500x500.jpg 500w, https:\/\/vacuz.com\/wp-content\/uploads\/2022\/04\/4-100x100.jpg 100w, https:\/\/vacuz.com\/wp-content\/uploads\/2022\/04\/4-700x700.jpg 700w, https:\/\/vacuz.com\/wp-content\/uploads\/2022\/04\/4-300x300.jpg 300w, https:\/\/vacuz.com\/wp-content\/uploads\/2022\/04\/4-150x150.jpg 150w, https:\/\/vacuz.com\/wp-content\/uploads\/2022\/04\/4-768x768.jpg 768w, https:\/\/vacuz.com\/wp-content\/uploads\/2022\/04\/4-12x12.jpg 12w, https:\/\/vacuz.com\/wp-content\/uploads\/2022\/04\/4-66x66.jpg 66w, https:\/\/vacuz.com\/wp-content\/uploads\/2022\/04\/4-200x200.jpg 200w, https:\/\/vacuz.com\/wp-content\/uploads\/2022\/04\/4-400x400.jpg 400w, https:\/\/vacuz.com\/wp-content\/uploads\/2022\/04\/4-600x600.jpg 600w\" sizes=\"auto, (max-width: 800px) 100vw, 800px\" \/><\/p>\n<p><img loading=\"lazy\" decoding=\"async\" class=\"alignnone wp-image-5335 size-full\" src=\"https:\/\/vacuz.com\/wp-content\/uploads\/2022\/04\/5.jpg\" alt=\"5\" width=\"800\" height=\"800\" title=\"Otomatik BLDC Motor Stator Bobin Rotor Dairesel \u015eekil Manyetik Daire \u00c7elik Par\u00e7a Ekleme Montaj Makinesi\" srcset=\"https:\/\/vacuz.com\/wp-content\/uploads\/2022\/04\/5.jpg 800w, https:\/\/vacuz.com\/wp-content\/uploads\/2022\/04\/5-500x500.jpg 500w, https:\/\/vacuz.com\/wp-content\/uploads\/2022\/04\/5-100x100.jpg 100w, https:\/\/vacuz.com\/wp-content\/uploads\/2022\/04\/5-700x700.jpg 700w, https:\/\/vacuz.com\/wp-content\/uploads\/2022\/04\/5-300x300.jpg 300w, https:\/\/vacuz.com\/wp-content\/uploads\/2022\/04\/5-150x150.jpg 150w, https:\/\/vacuz.com\/wp-content\/uploads\/2022\/04\/5-768x768.jpg 768w, https:\/\/vacuz.com\/wp-content\/uploads\/2022\/04\/5-12x12.jpg 12w, https:\/\/vacuz.com\/wp-content\/uploads\/2022\/04\/5-66x66.jpg 66w, https:\/\/vacuz.com\/wp-content\/uploads\/2022\/04\/5-200x200.jpg 200w, https:\/\/vacuz.com\/wp-content\/uploads\/2022\/04\/5-400x400.jpg 400w, https:\/\/vacuz.com\/wp-content\/uploads\/2022\/04\/5-600x600.jpg 600w\" sizes=\"auto, (max-width: 800px) 100vw, 800px\" \/><\/p>\n<\/div>\n<h2><span style=\"font-size: 23.04px;\">\u015eirket Bilgileri<\/span><\/h2>\n<div>\n<p><strong>Vacuz Makine Fabrikas\u0131, Guangdong Eyaletindeki Dongguan \u015eehrinde bulunan May\u0131s 2007'de kuruldu. Otomatik sar\u0131m makineleri, bobin sarma makinesi, trafo sarma makinesi, motor sarma makinesi, kablosuz bobin sarma makinesi, SQ ortak mod \u015fok ind\u00fckt\u00f6r sarma makinesi ve di\u011fer standart d\u0131\u015f\u0131 sar\u0131m makinelerinin ara\u015ft\u0131rma, geli\u015ftirme, \u00fcretim, sat\u0131\u015f ve servisini yapan profesyonel bir \u00fcreticidir. \u00c7in'in t\u00fcm \u015fehir ve eyaletlerinde iyi sat\u0131\u015f yapan \u00fcr\u00fcnlerimiz, Orta Do\u011fu, Avrupa, Afrika, Asya ve Kuzey Amerika gibi \u00fclke ve b\u00f6lgelerdeki m\u00fc\u015fterilere de ihra\u00e7 edilmektedir. Katalo\u011fumuzdan g\u00fcncel bir \u00fcr\u00fcn se\u00e7erken veya uygulaman\u0131z i\u00e7in m\u00fchendislik yard\u0131m\u0131 ararken, kaynak gereksinimleriniz hakk\u0131nda m\u00fc\u015fteri hizmetleri merkezimizle konu\u015fabilirsiniz. Kalite bizim k\u00fclt\u00fcr\u00fcm\u00fczd\u00fcr! Yak\u0131nda i\u015fbirli\u011finiz i\u00e7in umut!<\/strong><\/p>\n<p><img loading=\"lazy\" decoding=\"async\" class=\"alignnone size-full wp-image-4136\" src=\"https:\/\/vacuz.com\/wp-content\/uploads\/2022\/01\/Company-info-1.jpg\" alt=\"Company Info 1\" width=\"1200\" height=\"800\" title=\"Otomatik BLDC Motor Stator Bobin Rotor Dairesel \u015eekil Manyetik Daire \u00c7elik Par\u00e7a Ekleme Montaj Makinesi\" srcset=\"https:\/\/vacuz.com\/wp-content\/uploads\/2022\/01\/Company-info-1.jpg 1200w, https:\/\/vacuz.com\/wp-content\/uploads\/2022\/01\/Company-info-1-500x333.jpg 500w, https:\/\/vacuz.com\/wp-content\/uploads\/2022\/01\/Company-info-1-700x467.jpg 700w, https:\/\/vacuz.com\/wp-content\/uploads\/2022\/01\/Company-info-1-300x200.jpg 300w, https:\/\/vacuz.com\/wp-content\/uploads\/2022\/01\/Company-info-1-1024x683.jpg 1024w, https:\/\/vacuz.com\/wp-content\/uploads\/2022\/01\/Company-info-1-768x512.jpg 768w, https:\/\/vacuz.com\/wp-content\/uploads\/2022\/01\/Company-info-1-18x12.jpg 18w, https:\/\/vacuz.com\/wp-content\/uploads\/2022\/01\/Company-info-1-200x133.jpg 200w, https:\/\/vacuz.com\/wp-content\/uploads\/2022\/01\/Company-info-1-400x267.jpg 400w, https:\/\/vacuz.com\/wp-content\/uploads\/2022\/01\/Company-info-1-600x400.jpg 600w, https:\/\/vacuz.com\/wp-content\/uploads\/2022\/01\/Company-info-1-800x533.jpg 800w\" sizes=\"auto, (max-width: 1200px) 100vw, 1200px\" \/><\/p>\n<p><img loading=\"lazy\" decoding=\"async\" class=\"size-full wp-image-4126\" src=\"https:\/\/vacuz.com\/wp-content\/uploads\/2022\/01\/Company-info.jpg\" alt=\"Vacuz \u015eirket bilgileri\" width=\"1754\" height=\"1241\" title=\"Otomatik BLDC Motor Stator Bobin Rotor Dairesel \u015eekil Manyetik Daire \u00c7elik Par\u00e7a Ekleme Montaj Makinesi\" srcset=\"https:\/\/vacuz.com\/wp-content\/uploads\/2022\/01\/Company-info.jpg 1754w, https:\/\/vacuz.com\/wp-content\/uploads\/2022\/01\/Company-info-500x354.jpg 500w, https:\/\/vacuz.com\/wp-content\/uploads\/2022\/01\/Company-info-700x495.jpg 700w, https:\/\/vacuz.com\/wp-content\/uploads\/2022\/01\/Company-info-300x212.jpg 300w, https:\/\/vacuz.com\/wp-content\/uploads\/2022\/01\/Company-info-1024x725.jpg 1024w, https:\/\/vacuz.com\/wp-content\/uploads\/2022\/01\/Company-info-768x543.jpg 768w, https:\/\/vacuz.com\/wp-content\/uploads\/2022\/01\/Company-info-1536x1087.jpg 1536w, https:\/\/vacuz.com\/wp-content\/uploads\/2022\/01\/Company-info-18x12.jpg 18w, https:\/\/vacuz.com\/wp-content\/uploads\/2022\/01\/Company-info-200x142.jpg 200w, https:\/\/vacuz.com\/wp-content\/uploads\/2022\/01\/Company-info-400x283.jpg 400w, https:\/\/vacuz.com\/wp-content\/uploads\/2022\/01\/Company-info-600x425.jpg 600w, https:\/\/vacuz.com\/wp-content\/uploads\/2022\/01\/Company-info-800x566.jpg 800w, https:\/\/vacuz.com\/wp-content\/uploads\/2022\/01\/Company-info-1200x849.jpg 1200w\" sizes=\"auto, (max-width: 1754px) 100vw, 1754px\" \/><\/p>\n<p><img loading=\"lazy\" decoding=\"async\" class=\"size-full wp-image-4132\" src=\"https:\/\/vacuz.com\/wp-content\/uploads\/2022\/01\/\u5408\u4f5c\u4f19\u4f34.jpg\" alt=\"Ortaklar\" width=\"1200\" height=\"555\" title=\"Otomatik BLDC Motor Stator Bobin Rotor Dairesel \u015eekil Manyetik Daire \u00c7elik Par\u00e7a Ekleme Montaj Makinesi\" srcset=\"https:\/\/vacuz.com\/wp-content\/uploads\/2022\/01\/\u5408\u4f5c\u4f19\u4f34.jpg 1200w, https:\/\/vacuz.com\/wp-content\/uploads\/2022\/01\/\u5408\u4f5c\u4f19\u4f34-500x231.jpg 500w, https:\/\/vacuz.com\/wp-content\/uploads\/2022\/01\/\u5408\u4f5c\u4f19\u4f34-700x324.jpg 700w, https:\/\/vacuz.com\/wp-content\/uploads\/2022\/01\/\u5408\u4f5c\u4f19\u4f34-300x139.jpg 300w, https:\/\/vacuz.com\/wp-content\/uploads\/2022\/01\/\u5408\u4f5c\u4f19\u4f34-1024x474.jpg 1024w, https:\/\/vacuz.com\/wp-content\/uploads\/2022\/01\/\u5408\u4f5c\u4f19\u4f34-768x355.jpg 768w, https:\/\/vacuz.com\/wp-content\/uploads\/2022\/01\/\u5408\u4f5c\u4f19\u4f34-18x8.jpg 18w, https:\/\/vacuz.com\/wp-content\/uploads\/2022\/01\/\u5408\u4f5c\u4f19\u4f34-200x93.jpg 200w, https:\/\/vacuz.com\/wp-content\/uploads\/2022\/01\/\u5408\u4f5c\u4f19\u4f34-400x185.jpg 400w, https:\/\/vacuz.com\/wp-content\/uploads\/2022\/01\/\u5408\u4f5c\u4f19\u4f34-600x278.jpg 600w, https:\/\/vacuz.com\/wp-content\/uploads\/2022\/01\/\u5408\u4f5c\u4f19\u4f34-800x370.jpg 800w\" sizes=\"auto, (max-width: 1200px) 100vw, 1200px\" \/><\/p>\n<p><img loading=\"lazy\" decoding=\"async\" class=\"size-full wp-image-4127\" src=\"https:\/\/vacuz.com\/wp-content\/uploads\/2022\/01\/Jeltecn\u8ba4\u8bc1.jpg\" alt=\"Vacuz Sertifikas\u0131\" width=\"1200\" height=\"549\" title=\"Otomatik BLDC Motor Stator Bobin Rotor Dairesel \u015eekil Manyetik Daire \u00c7elik Par\u00e7a Ekleme Montaj Makinesi\" srcset=\"https:\/\/vacuz.com\/wp-content\/uploads\/2022\/01\/Jeltecn\u8ba4\u8bc1.jpg 1200w, https:\/\/vacuz.com\/wp-content\/uploads\/2022\/01\/Jeltecn\u8ba4\u8bc1-500x229.jpg 500w, https:\/\/vacuz.com\/wp-content\/uploads\/2022\/01\/Jeltecn\u8ba4\u8bc1-700x320.jpg 700w, https:\/\/vacuz.com\/wp-content\/uploads\/2022\/01\/Jeltecn\u8ba4\u8bc1-300x137.jpg 300w, https:\/\/vacuz.com\/wp-content\/uploads\/2022\/01\/Jeltecn\u8ba4\u8bc1-1024x468.jpg 1024w, https:\/\/vacuz.com\/wp-content\/uploads\/2022\/01\/Jeltecn\u8ba4\u8bc1-768x351.jpg 768w, https:\/\/vacuz.com\/wp-content\/uploads\/2022\/01\/Jeltecn\u8ba4\u8bc1-18x8.jpg 18w, https:\/\/vacuz.com\/wp-content\/uploads\/2022\/01\/Jeltecn\u8ba4\u8bc1-200x92.jpg 200w, https:\/\/vacuz.com\/wp-content\/uploads\/2022\/01\/Jeltecn\u8ba4\u8bc1-400x183.jpg 400w, https:\/\/vacuz.com\/wp-content\/uploads\/2022\/01\/Jeltecn\u8ba4\u8bc1-600x275.jpg 600w, https:\/\/vacuz.com\/wp-content\/uploads\/2022\/01\/Jeltecn\u8ba4\u8bc1-800x366.jpg 800w\" sizes=\"auto, (max-width: 1200px) 100vw, 1200px\" \/><\/p>\n<h2>Paketleme ve Nakliye<\/h2>\n<p><strong>1. Liman: \u015eangay \/ Shenzhen veya se\u00e7iminiz<\/strong><\/p>\n<p><strong>Paketleme ve ta\u015f\u0131ma<\/strong><br \/>\n<strong>Genel paket (Ka\u011f\u0131t karton veya plastik torba): K\u00fc\u00e7\u00fck mallar i\u00e7in, ta\u015f\u0131ma s\u0131ras\u0131nda k\u0131r\u0131lmamas\u0131n\u0131 garanti etmek i\u00e7in form ve ambalaj ka\u011f\u0131d\u0131 ile paketleyin.<\/strong><br \/>\n<strong>Tahta sand\u0131k paketi: Makine ekipman\u0131 vb. gibi daha b\u00fcy\u00fck \u00f6l\u00e7ekli \u00fcr\u00fcnler i\u00e7in, tam kal\u0131nl\u0131k, yo\u011funluk, uzunluk ile uygun ah\u015fap kasay\u0131 yapacak \u00f6zel yetenekli marangozumuz var. D\u0131\u015f ah\u015fap kasan\u0131n \u00fczerinde yukar\u0131 ok \u2191 i\u015fareti bulunur. \u00c7atlama ve darbeyi \u00f6nlemek i\u00e7in ah\u015fap kasaya tampon malzeme konulacakt\u0131r. Teslimat notunu size bildirece\u011fiz. Sadece telefon g\u00f6r\u00fc\u015fmesini beklemeniz, ard\u0131ndan mallar\u0131 en yak\u0131n lojistik istasyonundan alman\u0131z gerekir (Mallar\u0131 evde almak istiyorsan\u0131z l\u00fctfen \u00f6nceden bana bildirin.)<\/strong><\/p>\n<p><img loading=\"lazy\" decoding=\"async\" class=\"size-full wp-image-4124\" src=\"https:\/\/vacuz.com\/wp-content\/uploads\/2022\/01\/Winding-Machine-Shipping-and-packing-4.jpg\" alt=\"Sarma Makinesi Nakliye ve Paketleme-4\" width=\"1512\" height=\"2016\" title=\"Otomatik BLDC Motor Stator Bobin Rotor Dairesel \u015eekil Manyetik Daire \u00c7elik Par\u00e7a Ekleme Montaj Makinesi\" srcset=\"https:\/\/vacuz.com\/wp-content\/uploads\/2022\/01\/Winding-Machine-Shipping-and-packing-4.jpg 1512w, https:\/\/vacuz.com\/wp-content\/uploads\/2022\/01\/Winding-Machine-Shipping-and-packing-4-500x667.jpg 500w, https:\/\/vacuz.com\/wp-content\/uploads\/2022\/01\/Winding-Machine-Shipping-and-packing-4-700x933.jpg 700w, https:\/\/vacuz.com\/wp-content\/uploads\/2022\/01\/Winding-Machine-Shipping-and-packing-4-225x300.jpg 225w, https:\/\/vacuz.com\/wp-content\/uploads\/2022\/01\/Winding-Machine-Shipping-and-packing-4-768x1024.jpg 768w, https:\/\/vacuz.com\/wp-content\/uploads\/2022\/01\/Winding-Machine-Shipping-and-packing-4-1152x1536.jpg 1152w, https:\/\/vacuz.com\/wp-content\/uploads\/2022\/01\/Winding-Machine-Shipping-and-packing-4-9x12.jpg 9w, https:\/\/vacuz.com\/wp-content\/uploads\/2022\/01\/Winding-Machine-Shipping-and-packing-4-200x267.jpg 200w, https:\/\/vacuz.com\/wp-content\/uploads\/2022\/01\/Winding-Machine-Shipping-and-packing-4-400x533.jpg 400w, https:\/\/vacuz.com\/wp-content\/uploads\/2022\/01\/Winding-Machine-Shipping-and-packing-4-600x800.jpg 600w, https:\/\/vacuz.com\/wp-content\/uploads\/2022\/01\/Winding-Machine-Shipping-and-packing-4-800x1067.jpg 800w, https:\/\/vacuz.com\/wp-content\/uploads\/2022\/01\/Winding-Machine-Shipping-and-packing-4-1200x1600.jpg 1200w\" sizes=\"auto, (max-width: 1512px) 100vw, 1512px\" \/><\/p>\n<p>&nbsp;<\/p>\n<h2>Vacuz Hizmet &amp; G\u00fc\u00e7<\/h2>\n<p><b data-spm-anchor-id=\"a2700.details.0.i31.182f594ewjEnUT\">Hizmet ilkesi<\/b><br \/>\n\"H\u0131zl\u0131 + tatmin edici + g\u00fcvenli\" ile size en iyi hizmeti sunmak.<br \/>\n<b>Garanti s\u00fcresi<\/b><br \/>\nKullan\u0131c\u0131 \u00fcr\u00fcn\u00fc ald\u0131ktan 12 ay sonra.<br \/>\n<b>Garanti kalemleri<\/b><br \/>\nSadece makine tasar\u0131m\u0131ndan veya \u00fcretim hatas\u0131ndan kaynaklanan anormal ar\u0131zalar i\u00e7in,<br \/>\n\u00fccretsiz onar\u0131m ve aksesuar sa\u011flanacakt\u0131r.<br \/>\n<b>Teknoloji hizmet yetene\u011fi<\/b><br \/>\nUzun y\u0131llara dayanan deneyime sahip t\u00fcm servis m\u00fchendisleri, \u00e7e\u015fitli ar\u0131za sorunlar\u0131yla ba\u015fa \u00e7\u0131kabilen \u00f6zel teknoloji e\u011fitimi alm\u0131\u015ft\u0131r.<br \/>\nKullan\u0131c\u0131ya do\u011fru kullan\u0131m ve \u00fcr\u00fcn\u00fcn bak\u0131m\u0131n\u0131n nas\u0131l yap\u0131laca\u011f\u0131 konusunda rehberlik edin.<br \/>\nElektronik \u00fcr\u00fcnlerin \u00fcretim s\u00fcreci teknolojisi hakk\u0131nda \u00fccretsiz dan\u0131\u015fmanl\u0131k sa\u011flamak.<br \/>\n<b>Sat\u0131\u015f sonras\u0131 hizmet<\/b><br \/>\nMakinenin normal \u015fekilde kullan\u0131lmas\u0131n\u0131 garanti etmek i\u00e7in, \u00fcr\u00fcn\u00fcm\u00fcz\u00fcn nas\u0131l \u00e7al\u0131\u015ft\u0131r\u0131laca\u011f\u0131, kullan\u0131laca\u011f\u0131 ve bak\u0131m\u0131n\u0131n nas\u0131l yap\u0131laca\u011f\u0131 konusunda \u0130ngilizce el kitab\u0131, video, \u00e7evrimi\u00e7i rehberlik ile e\u011fitim verece\u011fiz.<br \/>\n<b>Kullan\u0131m talimat\u0131<\/b><br \/>\n\u00dcr\u00fcn\u00fcn do\u011fru tam boyutu i\u00e7in ba\u015fvurun, aksi takdirde yanl\u0131\u015f boyutlar kullan\u0131m etkisini etkileyecektir.<br \/>\n\u00dcr\u00fcn\u00fcn kullan\u0131m talimat\u0131na tamamen uygun olarak kullan\u0131lmas\u0131n\u0131 sa\u011flay\u0131n\u0131z. \u00dcr\u00fcnlerin uygulama alan\u0131n\u0131 a\u015fmay\u0131n\u0131z.<br \/>\nKullan\u0131mdan sonra \u00fcr\u00fcn\u00fcn bak\u0131m\u0131n\u0131 yap\u0131n, Neme dayan\u0131kl\u0131, paslanmaya dayan\u0131kl\u0131, s\u0131zd\u0131rmaz, patlamaya dayan\u0131kl\u0131, d\u00fczenli bak\u0131m ve incelemeye \u00f6zen g\u00f6sterilmelidir. T\u00fcm yap\u0131lanlar kullan\u0131m s\u00fcresini uzatmaya yard\u0131mc\u0131 olur.<br \/>\n<b>Kullan\u0131c\u0131 belge y\u00f6netimi<\/b><br \/>\nEPR sisteminde m\u00fckemmel bir kullan\u0131c\u0131 belge y\u00f6netimi kurulur, her \u00fcr\u00fcn\u00fcn \u00e7al\u0131\u015fma detaylar\u0131 takip edilerek y\u00f6netilir. Kullan\u0131c\u0131lara iyi bak\u0131lacakt\u0131r.<br \/>\n<b>\u00dcr\u00fcn hakk\u0131nda<\/b><br \/>\n1. \u00dcr\u00fcn foto\u011fraf\u0131: T\u00fcm \u00fcr\u00fcn foto\u011fraflar\u0131 ger\u00e7ek \u00fcr\u00fcn taraf\u0131ndan \u00e7ekilmi\u015ftir, \u00dcr\u00fcn ve foto\u011fraf aras\u0131nda \u00e7ekim \u0131\u015f\u0131\u011f\u0131, \u00fcr\u00fcn boyutu, manuel teknoloji ve bilgisayar ekran\u0131 vb. nedenlerden kaynaklanan renk sapmalar\u0131 vard\u0131r. Kalite sorunu de\u011fildir. \u00dcr\u00fcn par\u00e7alar\u0131<br \/>\nteknoloji devrimi ve s\u00fcre\u00e7 iyile\u015ftirme nedeniyle g\u00f6r\u00fcn\u00fcm olarak de\u011fi\u015ftirilir. SanShine, \u00fcr\u00fcn\u00fcn parametresinin de\u011fi\u015fmemesini sa\u011flayacakt\u0131r, \u00dcr\u00fcn kullan\u0131m\u0131 etkileyemez.<br \/>\n2. \u00dcr\u00fcn boyutu: T\u00fcm parametreler sadece referans i\u00e7in manuel olarak \u00f6l\u00e7\u00fclm\u00fc\u015ft\u00fcr. \u00d6l\u00e7\u00fc aletleri, parti \u00fcr\u00fcnleri ve \u00fcretim s\u00fcreci farkl\u0131l\u0131\u011f\u0131ndan dolay\u0131 k\u00fc\u00e7\u00fck bir sapma vard\u0131r. Ger\u00e7ek boyut, nihai teslimat \u00fcr\u00fcn\u00fcne uygun olmal\u0131d\u0131r.<br \/>\n3. Kalite denetimi: T\u00fcm \u00fcr\u00fcnler sevkiyat \u00f6ncesi kesinlikle denetlenmelidir. \u0130yi i\u015flev ve g\u00f6r\u00fcn\u00fcm sa\u011flay\u0131n.<\/p>\n<h2>Vacuz Makinesi Videosu<\/h2>\n<p><iframe loading=\"lazy\" title=\"Vacuz Automatic Magnetic Magnets Steel Motor Stator Rotor Coil Insertion Machine\" width=\"1200\" height=\"900\" src=\"https:\/\/www.youtube.com\/embed\/1o3kA2sOOro?feature=oembed\" frameborder=\"0\" allow=\"accelerometer; autoplay; clipboard-write; encrypted-media; gyroscope; picture-in-picture; web-share\" referrerpolicy=\"strict-origin-when-cross-origin\" allowfullscreen><\/iframe><\/p>\n<\/div>","protected":false},"excerpt":{"rendered":"<p>Automatic BLDC Motor Stator Coil Rotor Circular Shape Magnetic Circle Steel Part Insertion Assembly Machine Machine Feature Multiple magnets can be inserted at the same time Height adjustment function, compatible with different height products Easy to operate, just put the product into the mold and press start Adopt cylinder, linear bearing, copper sleeve, etc., durable [&hellip;]<\/p>\n","protected":false},"featured_media":5331,"template":"","meta":{"_gspb_post_css":"","_joinchat":[]},"product_brand":[],"product_cat":[775],"product_tag":[356,247,250],"class_list":{"0":"post-5330","1":"product","2":"type-product","3":"status-publish","4":"has-post-thumbnail","6":"product_cat-magnet-machine","7":"product_tag-automatic-bldc-stator-motor-coil-rotor-magnetic-steel-insertion-machine","8":"product_tag-automatic-stator-coil-winding-machine","9":"product_tag-magnetic-steel-coil-insertion-machine","11":"first","12":"instock","13":"featured","14":"shipping-taxable","15":"product-type-simple"},"_links":{"self":[{"href":"https:\/\/vacuz.com\/tr\/wp-json\/wp\/v2\/product\/5330","targetHints":{"allow":["GET"]}}],"collection":[{"href":"https:\/\/vacuz.com\/tr\/wp-json\/wp\/v2\/product"}],"about":[{"href":"https:\/\/vacuz.com\/tr\/wp-json\/wp\/v2\/types\/product"}],"wp:featuredmedia":[{"embeddable":true,"href":"https:\/\/vacuz.com\/tr\/wp-json\/wp\/v2\/media\/5331"}],"wp:attachment":[{"href":"https:\/\/vacuz.com\/tr\/wp-json\/wp\/v2\/media?parent=5330"}],"wp:term":[{"taxonomy":"product_brand","embeddable":true,"href":"https:\/\/vacuz.com\/tr\/wp-json\/wp\/v2\/product_brand?post=5330"},{"taxonomy":"product_cat","embeddable":true,"href":"https:\/\/vacuz.com\/tr\/wp-json\/wp\/v2\/product_cat?post=5330"},{"taxonomy":"product_tag","embeddable":true,"href":"https:\/\/vacuz.com\/tr\/wp-json\/wp\/v2\/product_tag?post=5330"}],"curies":[{"name":"wp","href":"https:\/\/api.w.org\/{rel}","templated":true}]}}