{"id":6354,"date":"2022-06-12T09:40:53","date_gmt":"2022-06-12T09:40:53","guid":{"rendered":"https:\/\/vacuz.com\/?post_type=product&#038;p=6354"},"modified":"2025-11-03T06:39:54","modified_gmt":"2025-11-03T06:39:54","slug":"oem-factory-toroidal-core-common-mode-choke-inductor-copper-coil-inductor-manufacturer","status":"publish","type":"product","link":"https:\/\/vacuz.com\/tr\/product\/oem-factory-toroidal-core-common-mode-choke-inductor-copper-coil-inductor-manufacturer\/","title":{"rendered":"OEM Fabrika Toroidal \u00c7ekirdek Ortak Mod \u015eok \u0130nd\u00fckt\u00f6r\u00fc Bak\u0131r Bobin \u0130nd\u00fckt\u00f6r\u00fc \u00dcreticisi"},"content":{"rendered":"<h2>OEM Fabrika Toroidal \u00c7ekirdek Ortak Mod \u015eok \u0130nd\u00fckt\u00f6r\u00fc Bak\u0131r Bobin \u0130nd\u00fckt\u00f6r\u00fc \u00dcreticisi<\/h2>\n<div class=\"magic-2\">\n<div class=\"magic-3\">\n<h3 class=\"magic-4\" data-id=\"title0\">Uygulama<\/h3>\n<\/div>\n<div class=\"magic-5\">\n<div class=\"magic-6\" data-id=\"paragraph0\" data-spm-anchor-id=\"a2700.details.0.i40.3b5b63393IidJ9\">\u00a0Compact fluorescent lamp<br \/>\nTelevision receiver<br \/>\nRadio cassette player<br \/>\nPC power supply<br \/>\nMonitor,audio,VCD,DCD<br \/>\nUPS<br \/>\nThe electronic apparatus<br \/>\nThe noise rejection<br \/>\nInduction cooker,etc.<\/div>\n<\/div>\n<\/div>\n<div class=\"magic-2\">\n<div class=\"magic-3\">\n<h3 class=\"magic-4\" data-id=\"title1\">\u015eartname<\/h3>\n<\/div>\n<div class=\"magic-5\">\n<div class=\"magic-7\" data-id=\"paragraph1\" data-spm-anchor-id=\"a2700.details.0.i42.3b5b63393IidJ9\"><span data-spm-anchor-id=\"a2700.details.0.i35.3b5b63393IidJ9\">\u00a0High current capacity<br \/>\nLow core loss at frequency<br \/>\nHigh reliability, efficiency<br \/>\nSmall packaged size<br \/>\nOperating Temperature: -30\u00b0C to +80\u00b0C<br \/>\nElectrical Specifications at 20\u00b0C<\/span><\/div>\n<div data-id=\"paragraph1\" data-spm-anchor-id=\"a2700.details.0.i42.3b5b63393IidJ9\">\n<p><img loading=\"lazy\" decoding=\"async\" class=\"alignnone wp-image-6357 size-full\" src=\"https:\/\/vacuz.com\/wp-content\/uploads\/2022\/06\/Common-Mode-Choke-Inductor-Copper-Coil-3.jpg\" alt=\"Ortak Mod \u015eok \u0130nd\u00fckt\u00f6r\u00fc Bak\u0131r Bobin\" width=\"800\" height=\"800\" title=\"OEM Fabrika Toroidal \u00c7ekirdek Ortak Mod \u015eok \u0130nd\u00fckt\u00f6r\u00fc Bak\u0131r Bobin \u0130nd\u00fckt\u00f6r\u00fc \u00dcreticisi\" srcset=\"https:\/\/vacuz.com\/wp-content\/uploads\/2022\/06\/Common-Mode-Choke-Inductor-Copper-Coil-3.jpg 800w, https:\/\/vacuz.com\/wp-content\/uploads\/2022\/06\/Common-Mode-Choke-Inductor-Copper-Coil-3-500x500.jpg 500w, https:\/\/vacuz.com\/wp-content\/uploads\/2022\/06\/Common-Mode-Choke-Inductor-Copper-Coil-3-100x100.jpg 100w, https:\/\/vacuz.com\/wp-content\/uploads\/2022\/06\/Common-Mode-Choke-Inductor-Copper-Coil-3-700x700.jpg 700w, https:\/\/vacuz.com\/wp-content\/uploads\/2022\/06\/Common-Mode-Choke-Inductor-Copper-Coil-3-300x300.jpg 300w, https:\/\/vacuz.com\/wp-content\/uploads\/2022\/06\/Common-Mode-Choke-Inductor-Copper-Coil-3-150x150.jpg 150w, https:\/\/vacuz.com\/wp-content\/uploads\/2022\/06\/Common-Mode-Choke-Inductor-Copper-Coil-3-768x768.jpg 768w, https:\/\/vacuz.com\/wp-content\/uploads\/2022\/06\/Common-Mode-Choke-Inductor-Copper-Coil-3-12x12.jpg 12w, https:\/\/vacuz.com\/wp-content\/uploads\/2022\/06\/Common-Mode-Choke-Inductor-Copper-Coil-3-66x66.jpg 66w, https:\/\/vacuz.com\/wp-content\/uploads\/2022\/06\/Common-Mode-Choke-Inductor-Copper-Coil-3-200x200.jpg 200w, https:\/\/vacuz.com\/wp-content\/uploads\/2022\/06\/Common-Mode-Choke-Inductor-Copper-Coil-3-400x400.jpg 400w, https:\/\/vacuz.com\/wp-content\/uploads\/2022\/06\/Common-Mode-Choke-Inductor-Copper-Coil-3-600x600.jpg 600w\" sizes=\"auto, (max-width: 800px) 100vw, 800px\" \/><\/p>\n<p>&nbsp;<\/p>\n<p>&nbsp;<\/p>\n<p>&nbsp;<\/p>\n<p>&nbsp;<\/p>\n<p>&nbsp;<\/p>\n<p><img loading=\"lazy\" decoding=\"async\" class=\"alignnone wp-image-6361 size-full\" src=\"https:\/\/vacuz.com\/wp-content\/uploads\/2022\/06\/Common-Mode-Choke-Inductor-Copper-Coil-7.jpg\" alt=\"Ortak Mod \u015eok \u0130nd\u00fckt\u00f6r\u00fc Bak\u0131r Bobin\" width=\"827\" height=\"512\" title=\"OEM Fabrika Toroidal \u00c7ekirdek Ortak Mod \u015eok \u0130nd\u00fckt\u00f6r\u00fc Bak\u0131r Bobin \u0130nd\u00fckt\u00f6r\u00fc \u00dcreticisi\" srcset=\"https:\/\/vacuz.com\/wp-content\/uploads\/2022\/06\/Common-Mode-Choke-Inductor-Copper-Coil-7.jpg 827w, https:\/\/vacuz.com\/wp-content\/uploads\/2022\/06\/Common-Mode-Choke-Inductor-Copper-Coil-7-500x310.jpg 500w, https:\/\/vacuz.com\/wp-content\/uploads\/2022\/06\/Common-Mode-Choke-Inductor-Copper-Coil-7-700x433.jpg 700w, https:\/\/vacuz.com\/wp-content\/uploads\/2022\/06\/Common-Mode-Choke-Inductor-Copper-Coil-7-300x186.jpg 300w, https:\/\/vacuz.com\/wp-content\/uploads\/2022\/06\/Common-Mode-Choke-Inductor-Copper-Coil-7-768x475.jpg 768w, https:\/\/vacuz.com\/wp-content\/uploads\/2022\/06\/Common-Mode-Choke-Inductor-Copper-Coil-7-18x12.jpg 18w, https:\/\/vacuz.com\/wp-content\/uploads\/2022\/06\/Common-Mode-Choke-Inductor-Copper-Coil-7-200x124.jpg 200w, https:\/\/vacuz.com\/wp-content\/uploads\/2022\/06\/Common-Mode-Choke-Inductor-Copper-Coil-7-400x248.jpg 400w, https:\/\/vacuz.com\/wp-content\/uploads\/2022\/06\/Common-Mode-Choke-Inductor-Copper-Coil-7-600x371.jpg 600w, https:\/\/vacuz.com\/wp-content\/uploads\/2022\/06\/Common-Mode-Choke-Inductor-Copper-Coil-7-800x495.jpg 800w\" sizes=\"auto, (max-width: 827px) 100vw, 827px\" \/><\/p>\n<table class=\"all magic-11\" style=\"height: 158px;\" width=\"1094\">\n<tbody>\n<tr>\n<td colspan=\"1\" rowspan=\"1\">\n<div class=\"magic-12\">\n<div class=\"magic-13\" data-spm-anchor-id=\"a2700.siteadmin.0.i3.6e96ac40QSohKS\">Inductance:<\/div>\n<\/div>\n<\/td>\n<td colspan=\"1\" rowspan=\"1\">\n<div class=\"magic-14\">As required<\/div>\n<\/td>\n<\/tr>\n<tr>\n<td colspan=\"1\" rowspan=\"1\">\n<div class=\"magic-12\">Rate current:<\/div>\n<\/td>\n<td colspan=\"1\" rowspan=\"1\">\n<div class=\"magic-14\"><span class=\"magic-15\" data-spm-anchor-id=\"a2700.details.0.i37.3b5b63393IidJ9\">As required<\/span><\/div>\n<\/td>\n<\/tr>\n<tr>\n<td colspan=\"1\" rowspan=\"1\">\n<div class=\"magic-12\">\n<div class=\"magic-13\" data-spm-anchor-id=\"a2700.siteadmin.0.i3.6e96ac40thObmF\">Core:<\/div>\n<\/div>\n<\/td>\n<td colspan=\"1\" rowspan=\"1\">\n<div class=\"magic-14\"><span class=\"magic-15\">As required<\/span><\/div>\n<\/td>\n<\/tr>\n<tr>\n<td colspan=\"1\" rowspan=\"1\">\n<div class=\"magic-12\">Tel<\/div>\n<\/td>\n<td colspan=\"1\" rowspan=\"1\">\n<div class=\"magic-14\" data-spm-anchor-id=\"a2700.details.0.i38.3b5b63393IidJ9\"><span class=\"magic-15\">As required<\/span><\/div>\n<\/td>\n<\/tr>\n<\/tbody>\n<\/table>\n<\/div>\n<\/div>\n<\/div>\n<p><img loading=\"lazy\" decoding=\"async\" class=\"alignnone wp-image-6341 size-full\" src=\"https:\/\/vacuz.com\/wp-content\/uploads\/2022\/06\/Common-Mode-Choke-Coil-Toroidal-Inductor-8.jpg\" alt=\"Ortak Mod \u015eok Bobini Toroidal \u0130nd\u00fckt\u00f6r\" width=\"750\" height=\"439\" title=\"OEM Fabrika Toroidal \u00c7ekirdek Ortak Mod \u015eok \u0130nd\u00fckt\u00f6r\u00fc Bak\u0131r Bobin \u0130nd\u00fckt\u00f6r\u00fc \u00dcreticisi\" srcset=\"https:\/\/vacuz.com\/wp-content\/uploads\/2022\/06\/Common-Mode-Choke-Coil-Toroidal-Inductor-8.jpg 750w, https:\/\/vacuz.com\/wp-content\/uploads\/2022\/06\/Common-Mode-Choke-Coil-Toroidal-Inductor-8-500x293.jpg 500w, https:\/\/vacuz.com\/wp-content\/uploads\/2022\/06\/Common-Mode-Choke-Coil-Toroidal-Inductor-8-700x410.jpg 700w, https:\/\/vacuz.com\/wp-content\/uploads\/2022\/06\/Common-Mode-Choke-Coil-Toroidal-Inductor-8-300x176.jpg 300w, https:\/\/vacuz.com\/wp-content\/uploads\/2022\/06\/Common-Mode-Choke-Coil-Toroidal-Inductor-8-18x12.jpg 18w, https:\/\/vacuz.com\/wp-content\/uploads\/2022\/06\/Common-Mode-Choke-Coil-Toroidal-Inductor-8-200x117.jpg 200w, https:\/\/vacuz.com\/wp-content\/uploads\/2022\/06\/Common-Mode-Choke-Coil-Toroidal-Inductor-8-400x234.jpg 400w, https:\/\/vacuz.com\/wp-content\/uploads\/2022\/06\/Common-Mode-Choke-Coil-Toroidal-Inductor-8-600x351.jpg 600w\" sizes=\"auto, (max-width: 750px) 100vw, 750px\" \/><\/p>\n<p><img loading=\"lazy\" decoding=\"async\" class=\"alignnone wp-image-6342 size-full\" src=\"https:\/\/vacuz.com\/wp-content\/uploads\/2022\/06\/Common-Mode-Choke-Coil-Toroidal-Inductor-9.jpg\" alt=\"Ortak Mod \u015eok Bobini Toroidal \u0130nd\u00fckt\u00f6r\" width=\"750\" height=\"439\" title=\"OEM Fabrika Toroidal \u00c7ekirdek Ortak Mod \u015eok \u0130nd\u00fckt\u00f6r\u00fc Bak\u0131r Bobin \u0130nd\u00fckt\u00f6r\u00fc \u00dcreticisi\" srcset=\"https:\/\/vacuz.com\/wp-content\/uploads\/2022\/06\/Common-Mode-Choke-Coil-Toroidal-Inductor-9.jpg 750w, https:\/\/vacuz.com\/wp-content\/uploads\/2022\/06\/Common-Mode-Choke-Coil-Toroidal-Inductor-9-500x293.jpg 500w, https:\/\/vacuz.com\/wp-content\/uploads\/2022\/06\/Common-Mode-Choke-Coil-Toroidal-Inductor-9-700x410.jpg 700w, https:\/\/vacuz.com\/wp-content\/uploads\/2022\/06\/Common-Mode-Choke-Coil-Toroidal-Inductor-9-300x176.jpg 300w, https:\/\/vacuz.com\/wp-content\/uploads\/2022\/06\/Common-Mode-Choke-Coil-Toroidal-Inductor-9-18x12.jpg 18w, https:\/\/vacuz.com\/wp-content\/uploads\/2022\/06\/Common-Mode-Choke-Coil-Toroidal-Inductor-9-200x117.jpg 200w, https:\/\/vacuz.com\/wp-content\/uploads\/2022\/06\/Common-Mode-Choke-Coil-Toroidal-Inductor-9-400x234.jpg 400w, https:\/\/vacuz.com\/wp-content\/uploads\/2022\/06\/Common-Mode-Choke-Coil-Toroidal-Inductor-9-600x351.jpg 600w\" sizes=\"auto, (max-width: 750px) 100vw, 750px\" \/><\/p>\n<p><img loading=\"lazy\" decoding=\"async\" class=\"alignnone wp-image-6351 size-full\" src=\"https:\/\/vacuz.com\/wp-content\/uploads\/2022\/06\/Common-Mode-Choke-Coil-Toroidal-Inductor-10-1.jpg\" alt=\"Ortak Mod \u015eok Bobini Toroidal \u0130nd\u00fckt\u00f6r\" width=\"750\" height=\"1000\" title=\"OEM Fabrika Toroidal \u00c7ekirdek Ortak Mod \u015eok \u0130nd\u00fckt\u00f6r\u00fc Bak\u0131r Bobin \u0130nd\u00fckt\u00f6r\u00fc \u00dcreticisi\" srcset=\"https:\/\/vacuz.com\/wp-content\/uploads\/2022\/06\/Common-Mode-Choke-Coil-Toroidal-Inductor-10-1.jpg 750w, https:\/\/vacuz.com\/wp-content\/uploads\/2022\/06\/Common-Mode-Choke-Coil-Toroidal-Inductor-10-1-500x667.jpg 500w, https:\/\/vacuz.com\/wp-content\/uploads\/2022\/06\/Common-Mode-Choke-Coil-Toroidal-Inductor-10-1-700x933.jpg 700w, https:\/\/vacuz.com\/wp-content\/uploads\/2022\/06\/Common-Mode-Choke-Coil-Toroidal-Inductor-10-1-225x300.jpg 225w, https:\/\/vacuz.com\/wp-content\/uploads\/2022\/06\/Common-Mode-Choke-Coil-Toroidal-Inductor-10-1-9x12.jpg 9w, https:\/\/vacuz.com\/wp-content\/uploads\/2022\/06\/Common-Mode-Choke-Coil-Toroidal-Inductor-10-1-200x267.jpg 200w, https:\/\/vacuz.com\/wp-content\/uploads\/2022\/06\/Common-Mode-Choke-Coil-Toroidal-Inductor-10-1-400x533.jpg 400w, https:\/\/vacuz.com\/wp-content\/uploads\/2022\/06\/Common-Mode-Choke-Coil-Toroidal-Inductor-10-1-600x800.jpg 600w\" sizes=\"auto, (max-width: 750px) 100vw, 750px\" \/><\/p>\n<div>\n<table class=\"aliDataTable\" style=\"height: 1260px;\" border=\"1\" width=\"1075\" cellspacing=\"0\" cellpadding=\"0\">\n<tbody>\n<tr>\n<td height=\"33\"><span data-spm-anchor-id=\"a2700.details.0.i69.186d2d19UPlf2X\">Bile\u015fenler<\/span><\/td>\n<td>Ferrit \u00e7ekirdek, Bak\u0131r tel; Taban; Koruyucu k\u0131l\u0131f<\/td>\n<\/tr>\n<tr>\n<td height=\"48\">\u00c7ekirdek<\/td>\n<td>NiZn\/ Demir \/MnZn\/MPP\/Amorf manyetik<\/td>\n<\/tr>\n<tr>\n<td height=\"33\">Tel<\/td>\n<td>Emaye bak\u0131r tel-UEW\/PEW<\/td>\n<\/tr>\n<tr>\n<td height=\"33\">Fonksiyonlar<\/td>\n<td>G\u00fc\u00e7 hatt\u0131 filtresi \/ Sinyal hatt\u0131 filtresi \/ Enerji tasarrufu \/ Voltaj y\u00fckseltme vb \/ \u015eok vb<\/td>\n<\/tr>\n<tr>\n<td height=\"33\">Montaj tipi<\/td>\n<td>Y\u00fczeye montaj; Delikten; Kablo ucu<\/td>\n<\/tr>\n<tr>\n<td height=\"33\">\u015eekil T\u00fcrleri<\/td>\n<td>Dikey; Yatay; tabanl\u0131\/ tabans\u0131z; korumal\u0131\/korumas\u0131z; SMD<\/td>\n<\/tr>\n<tr>\n<td height=\"33\">Bobin Yap\u0131s\u0131<\/td>\n<td>Toroidal<\/td>\n<\/tr>\n<tr>\n<td height=\"33\">\u00c7al\u0131\u015fma Frekans Aral\u0131\u011f\u0131<\/td>\n<td>1KHZ-100MHZ<\/td>\n<\/tr>\n<tr>\n<td height=\"33\">End\u00fcktans Aral\u0131\u011f\u0131<\/td>\n<td>1uH-1H<\/td>\n<\/tr>\n<tr>\n<td height=\"33\">DCR Aral\u0131\u011f\u0131<\/td>\n<td>Bilinmiyor-M\u00fc\u015fterilerin iste\u011fine ba\u011fl\u0131<\/td>\n<\/tr>\n<tr>\n<td height=\"33\">Depolama S\u0131cakl\u0131\u011f\u0131<\/td>\n<td>-20\u2103 ila +85\u2103<\/td>\n<\/tr>\n<tr>\n<td height=\"33\">\u00c7al\u0131\u015fma S\u0131cakl\u0131\u011f\u0131<\/td>\n<td>-20\u2103 ila +105\u2103<\/td>\n<\/tr>\n<tr>\n<td height=\"33\">Depolama Nemi<\/td>\n<td>30% - 95%<\/td>\n<\/tr>\n<tr>\n<td height=\"128\">Test \u00d6\u011feleri<\/td>\n<td>\u00a0Turns Ratio<br \/>\nInductance<br \/>\nDC resistance test<br \/>\nSafety test<br \/>\nCurrent test<br \/>\nHi-POT<\/td>\n<\/tr>\n<tr>\n<td height=\"33\">Sertifikalar<\/td>\n<td>ISO9001:2008, ISO14001:2008, UL, CQC<\/td>\n<\/tr>\n<tr>\n<td height=\"33\">ADEDI<\/td>\n<td>1000 adet<\/td>\n<\/tr>\n<tr>\n<td height=\"33\">OEM<\/td>\n<td>Kabul edilebilir<\/td>\n<\/tr>\n<tr>\n<td height=\"33\">\u00d6rnek<\/td>\n<td>\u00dccretsiz<\/td>\n<\/tr>\n<tr>\n<td height=\"33\">\u00d6rnek Zaman<\/td>\n<td>3-5 i\u015f g\u00fcn\u00fc<\/td>\n<\/tr>\n<tr>\n<td height=\"33\">Paket<\/td>\n<td>EPE foam + export carton, or plastic tray+export carton<\/td>\n<\/tr>\n<tr>\n<td height=\"33\">Teslimat s\u00fcresi<\/td>\n<td>depozito kar\u015f\u0131l\u0131\u011f\u0131 yakla\u015f\u0131k 15 g\u00fcn<\/td>\n<\/tr>\n<tr>\n<td height=\"84\">\u00d6zellik<\/td>\n<td data-spm-anchor-id=\"a2700.details.0.i36.186d2d19UPlf2X\">5 y\u0131l garanti<br \/>\nY\u00fcksek ak\u0131m Y\u00fcksek g\u00fc\u00e7 Y\u00fcksek verimlilik<br \/>\nD\u00fc\u015f\u00fck s\u0131cakl\u0131k art\u0131\u015f\u0131<br \/>\n\u0130stikrarl\u0131 performans<\/td>\n<\/tr>\n<tr>\n<td height=\"107\">Uygulamalar<\/td>\n<td>1. VCRS, Fotokopi makinesi, Ses ekipmanlar\u0131, Oyun makineleri<br \/>\n2. TV setleri, Mikrobilgisayar ekipmanlar\u0131, yaz\u0131c\u0131lar, Terminaller<br \/>\n3. ileti\u015fim kontrol ekipman\u0131<br \/>\n4. Anahtarlama g\u00fc\u00e7 kayna\u011f\u0131, \u015farj cihazlar\u0131, alarm sistemi<br \/>\n5. UPS, VCD\/DVD oynat\u0131c\u0131lar, ses ve g\u00f6r\u00fcnt\u00fc ekipmanlar\u0131<br \/>\n6. OA makineleri, invert\u00f6rler, \u015farj cihazlar\u0131, alarm sistemi<\/td>\n<\/tr>\n<\/tbody>\n<\/table>\n<div>\n<p><img loading=\"lazy\" decoding=\"async\" class=\"alignnone wp-image-6344 size-full\" src=\"https:\/\/vacuz.com\/wp-content\/uploads\/2022\/06\/Common-Mode-Choke-Coil-Toroidal-Inductor-11.jpg\" alt=\"Ortak Mod \u015eok Bobini Toroidal \u0130nd\u00fckt\u00f6r\" width=\"750\" height=\"559\" title=\"OEM Fabrika Toroidal \u00c7ekirdek Ortak Mod \u015eok \u0130nd\u00fckt\u00f6r\u00fc Bak\u0131r Bobin \u0130nd\u00fckt\u00f6r\u00fc \u00dcreticisi\" srcset=\"https:\/\/vacuz.com\/wp-content\/uploads\/2022\/06\/Common-Mode-Choke-Coil-Toroidal-Inductor-11.jpg 750w, https:\/\/vacuz.com\/wp-content\/uploads\/2022\/06\/Common-Mode-Choke-Coil-Toroidal-Inductor-11-500x373.jpg 500w, https:\/\/vacuz.com\/wp-content\/uploads\/2022\/06\/Common-Mode-Choke-Coil-Toroidal-Inductor-11-700x522.jpg 700w, https:\/\/vacuz.com\/wp-content\/uploads\/2022\/06\/Common-Mode-Choke-Coil-Toroidal-Inductor-11-300x224.jpg 300w, https:\/\/vacuz.com\/wp-content\/uploads\/2022\/06\/Common-Mode-Choke-Coil-Toroidal-Inductor-11-16x12.jpg 16w, https:\/\/vacuz.com\/wp-content\/uploads\/2022\/06\/Common-Mode-Choke-Coil-Toroidal-Inductor-11-200x149.jpg 200w, https:\/\/vacuz.com\/wp-content\/uploads\/2022\/06\/Common-Mode-Choke-Coil-Toroidal-Inductor-11-400x298.jpg 400w, https:\/\/vacuz.com\/wp-content\/uploads\/2022\/06\/Common-Mode-Choke-Coil-Toroidal-Inductor-11-600x447.jpg 600w\" sizes=\"auto, (max-width: 750px) 100vw, 750px\" \/><\/p>\n<\/div>\n<\/div>\n<h2><span style=\"font-size: 23.04px;\">\u015eirket Bilgileri<\/span><\/h2>\n<div>\n<p><strong>Vacuz Makine Fabrikas\u0131, Guangdong Eyaletindeki Dongguan \u015eehrinde bulunan May\u0131s 2007'de kuruldu. Otomatik sar\u0131m makineleri, bobin sarma makinesi, trafo sarma makinesi, motor sarma makinesi, kablosuz bobin sarma makinesi, SQ ortak mod \u015fok ind\u00fckt\u00f6r sarma makinesi ve di\u011fer standart d\u0131\u015f\u0131 sar\u0131m makinelerinin ara\u015ft\u0131rma, geli\u015ftirme, \u00fcretim, sat\u0131\u015f ve servisini yapan profesyonel bir \u00fcreticidir. Ayr\u0131ca kendi Ar-Ge otomatik sar\u0131m makinelerimizle Transformat\u00f6r, Toroidal bobin ind\u00fckt\u00f6rleri OEM hizmetleri veriyoruz. \u00c7in'in t\u00fcm \u015fehir ve eyaletlerinde iyi sat\u0131\u015f yapan \u00fcr\u00fcnlerimiz, Orta Do\u011fu, Avrupa, Afrika, Asya ve Kuzey Amerika gibi \u00fclke ve b\u00f6lgelerdeki m\u00fc\u015fterilere de ihra\u00e7 edilmektedir. \u0130ster katalo\u011fumuzdan g\u00fcncel bir \u00fcr\u00fcn se\u00e7in ister uygulaman\u0131z i\u00e7in m\u00fchendislik yard\u0131m\u0131 isteyin, kaynak gereksinimleriniz hakk\u0131nda m\u00fc\u015fteri hizmetleri merkezimizle konu\u015fabilirsiniz. Kalite bizim k\u00fclt\u00fcr\u00fcm\u00fczd\u00fcr! Yak\u0131nda i\u015fbirli\u011finiz i\u00e7in umut!<\/strong><\/p>\n<p><img loading=\"lazy\" decoding=\"async\" class=\"alignnone wp-image-6353 size-full\" src=\"https:\/\/vacuz.com\/wp-content\/uploads\/2022\/06\/Common-Mode-Choke-Coil-Toroidal-Inductor-12-1.jpg\" alt=\"Ortak Mod \u015eok Bobini Toroidal \u0130nd\u00fckt\u00f6r\" width=\"750\" height=\"946\" title=\"OEM Fabrika Toroidal \u00c7ekirdek Ortak Mod \u015eok \u0130nd\u00fckt\u00f6r\u00fc Bak\u0131r Bobin \u0130nd\u00fckt\u00f6r\u00fc \u00dcreticisi\" srcset=\"https:\/\/vacuz.com\/wp-content\/uploads\/2022\/06\/Common-Mode-Choke-Coil-Toroidal-Inductor-12-1.jpg 750w, https:\/\/vacuz.com\/wp-content\/uploads\/2022\/06\/Common-Mode-Choke-Coil-Toroidal-Inductor-12-1-500x631.jpg 500w, https:\/\/vacuz.com\/wp-content\/uploads\/2022\/06\/Common-Mode-Choke-Coil-Toroidal-Inductor-12-1-700x883.jpg 700w, https:\/\/vacuz.com\/wp-content\/uploads\/2022\/06\/Common-Mode-Choke-Coil-Toroidal-Inductor-12-1-238x300.jpg 238w, https:\/\/vacuz.com\/wp-content\/uploads\/2022\/06\/Common-Mode-Choke-Coil-Toroidal-Inductor-12-1-10x12.jpg 10w, https:\/\/vacuz.com\/wp-content\/uploads\/2022\/06\/Common-Mode-Choke-Coil-Toroidal-Inductor-12-1-200x252.jpg 200w, https:\/\/vacuz.com\/wp-content\/uploads\/2022\/06\/Common-Mode-Choke-Coil-Toroidal-Inductor-12-1-400x505.jpg 400w, https:\/\/vacuz.com\/wp-content\/uploads\/2022\/06\/Common-Mode-Choke-Coil-Toroidal-Inductor-12-1-600x757.jpg 600w\" sizes=\"auto, (max-width: 750px) 100vw, 750px\" \/><\/p>\n<p><img loading=\"lazy\" decoding=\"async\" class=\"alignnone wp-image-6346 size-full\" src=\"https:\/\/vacuz.com\/wp-content\/uploads\/2022\/06\/Common-Mode-Choke-Coil-Toroidal-Inductor-13.jpg\" alt=\"Ortak Mod \u015eok Bobini Toroidal \u0130nd\u00fckt\u00f6r\" width=\"750\" height=\"634\" title=\"OEM Fabrika Toroidal \u00c7ekirdek Ortak Mod \u015eok \u0130nd\u00fckt\u00f6r\u00fc Bak\u0131r Bobin \u0130nd\u00fckt\u00f6r\u00fc \u00dcreticisi\" srcset=\"https:\/\/vacuz.com\/wp-content\/uploads\/2022\/06\/Common-Mode-Choke-Coil-Toroidal-Inductor-13.jpg 750w, https:\/\/vacuz.com\/wp-content\/uploads\/2022\/06\/Common-Mode-Choke-Coil-Toroidal-Inductor-13-500x423.jpg 500w, https:\/\/vacuz.com\/wp-content\/uploads\/2022\/06\/Common-Mode-Choke-Coil-Toroidal-Inductor-13-700x592.jpg 700w, https:\/\/vacuz.com\/wp-content\/uploads\/2022\/06\/Common-Mode-Choke-Coil-Toroidal-Inductor-13-300x254.jpg 300w, https:\/\/vacuz.com\/wp-content\/uploads\/2022\/06\/Common-Mode-Choke-Coil-Toroidal-Inductor-13-14x12.jpg 14w, https:\/\/vacuz.com\/wp-content\/uploads\/2022\/06\/Common-Mode-Choke-Coil-Toroidal-Inductor-13-200x169.jpg 200w, https:\/\/vacuz.com\/wp-content\/uploads\/2022\/06\/Common-Mode-Choke-Coil-Toroidal-Inductor-13-400x338.jpg 400w, https:\/\/vacuz.com\/wp-content\/uploads\/2022\/06\/Common-Mode-Choke-Coil-Toroidal-Inductor-13-600x507.jpg 600w\" sizes=\"auto, (max-width: 750px) 100vw, 750px\" \/><\/p>\n<p><img loading=\"lazy\" decoding=\"async\" class=\"alignnone wp-image-6347 size-full\" src=\"https:\/\/vacuz.com\/wp-content\/uploads\/2022\/06\/Common-Mode-Choke-Coil-Toroidal-Inductor-14.jpg\" alt=\"Ortak Mod \u015eok Bobini Toroidal \u0130nd\u00fckt\u00f6r\" width=\"750\" height=\"1071\" title=\"OEM Fabrika Toroidal \u00c7ekirdek Ortak Mod \u015eok \u0130nd\u00fckt\u00f6r\u00fc Bak\u0131r Bobin \u0130nd\u00fckt\u00f6r\u00fc \u00dcreticisi\" srcset=\"https:\/\/vacuz.com\/wp-content\/uploads\/2022\/06\/Common-Mode-Choke-Coil-Toroidal-Inductor-14.jpg 750w, https:\/\/vacuz.com\/wp-content\/uploads\/2022\/06\/Common-Mode-Choke-Coil-Toroidal-Inductor-14-500x714.jpg 500w, https:\/\/vacuz.com\/wp-content\/uploads\/2022\/06\/Common-Mode-Choke-Coil-Toroidal-Inductor-14-700x1000.jpg 700w, https:\/\/vacuz.com\/wp-content\/uploads\/2022\/06\/Common-Mode-Choke-Coil-Toroidal-Inductor-14-210x300.jpg 210w, https:\/\/vacuz.com\/wp-content\/uploads\/2022\/06\/Common-Mode-Choke-Coil-Toroidal-Inductor-14-717x1024.jpg 717w, https:\/\/vacuz.com\/wp-content\/uploads\/2022\/06\/Common-Mode-Choke-Coil-Toroidal-Inductor-14-8x12.jpg 8w, https:\/\/vacuz.com\/wp-content\/uploads\/2022\/06\/Common-Mode-Choke-Coil-Toroidal-Inductor-14-200x286.jpg 200w, https:\/\/vacuz.com\/wp-content\/uploads\/2022\/06\/Common-Mode-Choke-Coil-Toroidal-Inductor-14-400x571.jpg 400w, https:\/\/vacuz.com\/wp-content\/uploads\/2022\/06\/Common-Mode-Choke-Coil-Toroidal-Inductor-14-600x857.jpg 600w\" sizes=\"auto, (max-width: 750px) 100vw, 750px\" \/><\/p>\n<p><img loading=\"lazy\" decoding=\"async\" class=\"alignnone wp-image-6348 size-full\" src=\"https:\/\/vacuz.com\/wp-content\/uploads\/2022\/06\/Common-Mode-Choke-Coil-Toroidal-Inductor-15.jpg\" alt=\"Ortak Mod \u015eok Bobini Toroidal \u0130nd\u00fckt\u00f6r\" width=\"750\" height=\"1040\" title=\"OEM Fabrika Toroidal \u00c7ekirdek Ortak Mod \u015eok \u0130nd\u00fckt\u00f6r\u00fc Bak\u0131r Bobin \u0130nd\u00fckt\u00f6r\u00fc \u00dcreticisi\" srcset=\"https:\/\/vacuz.com\/wp-content\/uploads\/2022\/06\/Common-Mode-Choke-Coil-Toroidal-Inductor-15.jpg 750w, https:\/\/vacuz.com\/wp-content\/uploads\/2022\/06\/Common-Mode-Choke-Coil-Toroidal-Inductor-15-500x693.jpg 500w, https:\/\/vacuz.com\/wp-content\/uploads\/2022\/06\/Common-Mode-Choke-Coil-Toroidal-Inductor-15-700x971.jpg 700w, https:\/\/vacuz.com\/wp-content\/uploads\/2022\/06\/Common-Mode-Choke-Coil-Toroidal-Inductor-15-216x300.jpg 216w, https:\/\/vacuz.com\/wp-content\/uploads\/2022\/06\/Common-Mode-Choke-Coil-Toroidal-Inductor-15-738x1024.jpg 738w, https:\/\/vacuz.com\/wp-content\/uploads\/2022\/06\/Common-Mode-Choke-Coil-Toroidal-Inductor-15-9x12.jpg 9w, https:\/\/vacuz.com\/wp-content\/uploads\/2022\/06\/Common-Mode-Choke-Coil-Toroidal-Inductor-15-200x277.jpg 200w, https:\/\/vacuz.com\/wp-content\/uploads\/2022\/06\/Common-Mode-Choke-Coil-Toroidal-Inductor-15-400x555.jpg 400w, https:\/\/vacuz.com\/wp-content\/uploads\/2022\/06\/Common-Mode-Choke-Coil-Toroidal-Inductor-15-600x832.jpg 600w\" sizes=\"auto, (max-width: 750px) 100vw, 750px\" \/><\/p>\n<h2>Paketleme ve Nakliye<\/h2>\n<p><img loading=\"lazy\" decoding=\"async\" class=\"alignnone wp-image-6349 size-full\" src=\"https:\/\/vacuz.com\/wp-content\/uploads\/2022\/06\/Common-Mode-Choke-Coil-Toroidal-Inductor-16.jpg\" alt=\"Ortak Mod \u015eok Bobini Toroidal \u0130nd\u00fckt\u00f6r\" width=\"750\" height=\"1139\" title=\"OEM Fabrika Toroidal \u00c7ekirdek Ortak Mod \u015eok \u0130nd\u00fckt\u00f6r\u00fc Bak\u0131r Bobin \u0130nd\u00fckt\u00f6r\u00fc \u00dcreticisi\" srcset=\"https:\/\/vacuz.com\/wp-content\/uploads\/2022\/06\/Common-Mode-Choke-Coil-Toroidal-Inductor-16.jpg 750w, https:\/\/vacuz.com\/wp-content\/uploads\/2022\/06\/Common-Mode-Choke-Coil-Toroidal-Inductor-16-500x759.jpg 500w, https:\/\/vacuz.com\/wp-content\/uploads\/2022\/06\/Common-Mode-Choke-Coil-Toroidal-Inductor-16-700x1063.jpg 700w, https:\/\/vacuz.com\/wp-content\/uploads\/2022\/06\/Common-Mode-Choke-Coil-Toroidal-Inductor-16-198x300.jpg 198w, https:\/\/vacuz.com\/wp-content\/uploads\/2022\/06\/Common-Mode-Choke-Coil-Toroidal-Inductor-16-674x1024.jpg 674w, https:\/\/vacuz.com\/wp-content\/uploads\/2022\/06\/Common-Mode-Choke-Coil-Toroidal-Inductor-16-8x12.jpg 8w, https:\/\/vacuz.com\/wp-content\/uploads\/2022\/06\/Common-Mode-Choke-Coil-Toroidal-Inductor-16-200x304.jpg 200w, https:\/\/vacuz.com\/wp-content\/uploads\/2022\/06\/Common-Mode-Choke-Coil-Toroidal-Inductor-16-400x607.jpg 400w, https:\/\/vacuz.com\/wp-content\/uploads\/2022\/06\/Common-Mode-Choke-Coil-Toroidal-Inductor-16-600x911.jpg 600w\" sizes=\"auto, (max-width: 750px) 100vw, 750px\" \/><\/p>\n<h2>Vacuz Fabrika Turu<\/h2>\n<p><iframe loading=\"lazy\" title=\"Vacuz Makine Fabrikas\u0131 Otomatik Sar\u0131m Makineleri Online Tur\" width=\"1200\" height=\"675\" src=\"https:\/\/www.youtube.com\/embed\/lY2VK9YY--E?feature=oembed\" frameborder=\"0\" allow=\"accelerometer; autoplay; clipboard-write; encrypted-media; gyroscope; picture-in-picture; web-share\" referrerpolicy=\"strict-origin-when-cross-origin\" allowfullscreen><\/iframe><\/p>\n<\/div>","protected":false},"excerpt":{"rendered":"<p>OEM Factory Toroidal Core Common Mode Choke Inductor Copper Coil Inductor Manufacturer Application \u00a0Compact fluorescent lamp Television receiver Radio cassette player PC power supply Monitor,audio,VCD,DCD UPS The electronic apparatus The noise rejection Induction cooker,etc. Specification \u00a0High current capacity Low core loss at frequency High reliability, efficiency Small packaged size Operating Temperature: -30\u00b0C to +80\u00b0C Electrical [&hellip;]<\/p>\n","protected":false},"featured_media":6355,"template":"","meta":{"_gspb_post_css":"","_joinchat":[]},"product_brand":[],"product_cat":[794],"product_tag":[344],"class_list":{"0":"post-6354","1":"product","2":"type-product","3":"status-publish","4":"has-post-thumbnail","6":"product_cat-toroidal-coil-oem-service","7":"product_tag-common-mode-choke-coil-toroidal-inductor","9":"first","10":"instock","11":"shipping-taxable","12":"product-type-simple"},"_links":{"self":[{"href":"https:\/\/vacuz.com\/tr\/wp-json\/wp\/v2\/product\/6354","targetHints":{"allow":["GET"]}}],"collection":[{"href":"https:\/\/vacuz.com\/tr\/wp-json\/wp\/v2\/product"}],"about":[{"href":"https:\/\/vacuz.com\/tr\/wp-json\/wp\/v2\/types\/product"}],"wp:featuredmedia":[{"embeddable":true,"href":"https:\/\/vacuz.com\/tr\/wp-json\/wp\/v2\/media\/6355"}],"wp:attachment":[{"href":"https:\/\/vacuz.com\/tr\/wp-json\/wp\/v2\/media?parent=6354"}],"wp:term":[{"taxonomy":"product_brand","embeddable":true,"href":"https:\/\/vacuz.com\/tr\/wp-json\/wp\/v2\/product_brand?post=6354"},{"taxonomy":"product_cat","embeddable":true,"href":"https:\/\/vacuz.com\/tr\/wp-json\/wp\/v2\/product_cat?post=6354"},{"taxonomy":"product_tag","embeddable":true,"href":"https:\/\/vacuz.com\/tr\/wp-json\/wp\/v2\/product_tag?post=6354"}],"curies":[{"name":"wp","href":"https:\/\/api.w.org\/{rel}","templated":true}]}}